{"id":8051,"date":"2019-10-30T16:17:51","date_gmt":"2019-10-30T15:17:51","guid":{"rendered":"https:\/\/mokos.hu\/?post_type=product&#038;p=8051"},"modified":"2020-01-02T08:53:17","modified_gmt":"2020-01-02T07:53:17","slug":"gold-selection-aranyermes-karacsonyi-villanyi-borvalogatas","status":"publish","type":"product","link":"https:\/\/mokos.hu\/de\/termek\/gold-selection-aranyermes-karacsonyi-villanyi-borvalogatas\/","title":{"rendered":"Gold Selection Borcsomag"},"content":{"rendered":"","protected":false},"excerpt":{"rendered":"<p>A kar\u00e1csonyi k\u00e9sz\u00fcl\u0151d\u00e9s ideje az \u00e9v egyik legvar\u00e1zslatosabb id\u0151szaka. Tegye m\u00e9g k\u00fcl\u00f6nlegesebb\u00e9 ezeket a napokat <strong>arany\u00e9rmes vill\u00e1nyi v\u00f6r\u00f6sbor v\u00e1logat\u00e1s<\/strong>unkkal! A d\u00edjnyertes borok mell\u00e9 egy b\u0151rb\u0151l k\u00e9sz\u00fclt, nyakbaakaszthat\u00f3 borospoh\u00e1rtart\u00f3t adunk aj\u00e1nd\u00e9kba, mely minden borim\u00e1d\u00f3nak aj\u00e1nlott! Emelje tov\u00e1bb az \u00fcnnepek f\u00e9ny\u00e9t Gold Selection borv\u00e1logat\u00e1sunkkal!<\/p>\n<p>A kar\u00e1csonyi borcsomag tartalma:<\/p>\n<ul>\n<li>1 palack Mokos REDy 2018<\/li>\n<li>1 palack K\u00e9kfrankos 2016<\/li>\n<li>1 palack Portugieser Selection 2017<\/li>\n<li>1 palack Vill\u00e1nyi Franc 2015 &#8211; SUPER PREMIUM!<\/li>\n<li>+ AJ\u00c1ND\u00c9K BOROSPOH\u00c1RTART\u00d3 (borospoharat nem tartalmaz!)<\/li>\n<\/ul>","protected":false},"featured_media":8048,"template":"","meta":{"_acf_changed":false},"product_brand":[],"product_cat":[72],"product_tag":[],"class_list":{"0":"post-8051","1":"product","2":"type-product","3":"status-publish","4":"has-post-thumbnail","6":"product_cat-borcsomagok","8":"first","9":"outofstock","10":"sale","11":"taxable","12":"shipping-taxable","13":"purchasable","14":"product-type-simple"},"acf":[],"yoast_head":"<!-- This site is optimized with the Yoast SEO plugin v27.1.1 - https:\/\/yoast.com\/product\/yoast-seo-wordpress\/ -->\n<title>Gold Selection Borcsomag - Arany\u00e9rmes Vill\u00e1nyi Borok - Mokos Pinc\u00e9szet<\/title>\n<meta name=\"description\" content=\"Tegye m\u00e9g k\u00fcl\u00f6nlegesebb\u00e9 a kar\u00e1csonyi \u00fcnnepeket arany\u00e9rmes MOKOS vill\u00e1nyi borv\u00e1logat\u00e1sunkkal! A d\u00edjnyertes borok mell\u00e9 b\u0151r borospoh\u00e1rtart\u00f3t adunk aj\u00e1nd\u00e9kba!\" \/>\n<meta name=\"robots\" content=\"index, follow, max-snippet:-1, max-image-preview:large, max-video-preview:-1\" \/>\n<link rel=\"canonical\" href=\"https:\/\/mokos.hu\/de\/produkt\/gold-selection-aranyermes-karacsonyi-villanyi-borvalogatas\/\" \/>\n<meta property=\"og:locale\" content=\"de_DE\" \/>\n<meta property=\"og:type\" content=\"article\" \/>\n<meta property=\"og:title\" content=\"Gold Selection Borcsomag - Arany\u00e9rmes Vill\u00e1nyi Borok - Mokos Pinc\u00e9szet\" \/>\n<meta property=\"og:description\" content=\"Tegye m\u00e9g k\u00fcl\u00f6nlegesebb\u00e9 a kar\u00e1csonyi \u00fcnnepeket arany\u00e9rmes MOKOS vill\u00e1nyi borv\u00e1logat\u00e1sunkkal! A d\u00edjnyertes borok mell\u00e9 b\u0151r borospoh\u00e1rtart\u00f3t adunk aj\u00e1nd\u00e9kba!\" \/>\n<meta property=\"og:url\" content=\"https:\/\/mokos.hu\/de\/produkt\/gold-selection-aranyermes-karacsonyi-villanyi-borvalogatas\/\" \/>\n<meta property=\"og:site_name\" content=\"MOKOS\" \/>\n<meta property=\"article:modified_time\" content=\"2020-01-02T07:53:17+00:00\" \/>\n<meta property=\"og:image\" content=\"https:\/\/mokos.hu\/wp-content\/uploads\/2019\/10\/MOKOS_Gold_Selection-e1600688695718.png\" \/>\n\t<meta property=\"og:image:width\" content=\"500\" \/>\n\t<meta property=\"og:image:height\" content=\"500\" \/>\n\t<meta property=\"og:image:type\" content=\"image\/png\" \/>\n<meta name=\"twitter:card\" content=\"summary_large_image\" \/>\n<script type=\"application\/ld+json\" class=\"yoast-schema-graph\">{\"@context\":\"https:\/\/schema.org\",\"@graph\":[{\"@type\":\"WebPage\",\"@id\":\"https:\/\/mokos.hu\/termek\/gold-selection-aranyermes-karacsonyi-villanyi-borvalogatas\/\",\"url\":\"https:\/\/mokos.hu\/termek\/gold-selection-aranyermes-karacsonyi-villanyi-borvalogatas\/\",\"name\":\"Gold Selection Borcsomag - Arany\u00e9rmes Vill\u00e1nyi Borok - Mokos Pinc\u00e9szet\",\"isPartOf\":{\"@id\":\"https:\/\/mokos.hu\/#website\"},\"primaryImageOfPage\":{\"@id\":\"https:\/\/mokos.hu\/termek\/gold-selection-aranyermes-karacsonyi-villanyi-borvalogatas\/#primaryimage\"},\"image\":{\"@id\":\"https:\/\/mokos.hu\/termek\/gold-selection-aranyermes-karacsonyi-villanyi-borvalogatas\/#primaryimage\"},\"thumbnailUrl\":\"https:\/\/mokos.hu\/wp-content\/uploads\/2019\/10\/MOKOS_Gold_Selection-e1600688695718.png\",\"datePublished\":\"2019-10-30T15:17:51+00:00\",\"dateModified\":\"2020-01-02T07:53:17+00:00\",\"description\":\"Tegye m\u00e9g k\u00fcl\u00f6nlegesebb\u00e9 a kar\u00e1csonyi \u00fcnnepeket arany\u00e9rmes MOKOS vill\u00e1nyi borv\u00e1logat\u00e1sunkkal! A d\u00edjnyertes borok mell\u00e9 b\u0151r borospoh\u00e1rtart\u00f3t adunk aj\u00e1nd\u00e9kba!\",\"breadcrumb\":{\"@id\":\"https:\/\/mokos.hu\/termek\/gold-selection-aranyermes-karacsonyi-villanyi-borvalogatas\/#breadcrumb\"},\"inLanguage\":\"de\",\"potentialAction\":[{\"@type\":\"ReadAction\",\"target\":[\"https:\/\/mokos.hu\/termek\/gold-selection-aranyermes-karacsonyi-villanyi-borvalogatas\/\"]}]},{\"@type\":\"ImageObject\",\"inLanguage\":\"de\",\"@id\":\"https:\/\/mokos.hu\/termek\/gold-selection-aranyermes-karacsonyi-villanyi-borvalogatas\/#primaryimage\",\"url\":\"https:\/\/mokos.hu\/wp-content\/uploads\/2019\/10\/MOKOS_Gold_Selection-e1600688695718.png\",\"contentUrl\":\"https:\/\/mokos.hu\/wp-content\/uploads\/2019\/10\/MOKOS_Gold_Selection-e1600688695718.png\",\"width\":500,\"height\":500},{\"@type\":\"BreadcrumbList\",\"@id\":\"https:\/\/mokos.hu\/termek\/gold-selection-aranyermes-karacsonyi-villanyi-borvalogatas\/#breadcrumb\",\"itemListElement\":[{\"@type\":\"ListItem\",\"position\":1,\"name\":\"Home\",\"item\":\"https:\/\/mokos.hu\/\"},{\"@type\":\"ListItem\",\"position\":2,\"name\":\"Term\u00e9kek\",\"item\":\"https:\/\/mokos.hu\/shop\/\"},{\"@type\":\"ListItem\",\"position\":3,\"name\":\"Gold Selection Borcsomag\"}]},{\"@type\":\"WebSite\",\"@id\":\"https:\/\/mokos.hu\/#website\",\"url\":\"https:\/\/mokos.hu\/\",\"name\":\"MOKOS\",\"description\":\"Csal\u00e1di Pinc\u00e9szet, Palkonya\",\"publisher\":{\"@id\":\"https:\/\/mokos.hu\/#organization\"},\"potentialAction\":[{\"@type\":\"SearchAction\",\"target\":{\"@type\":\"EntryPoint\",\"urlTemplate\":\"https:\/\/mokos.hu\/?s={search_term_string}\"},\"query-input\":{\"@type\":\"PropertyValueSpecification\",\"valueRequired\":true,\"valueName\":\"search_term_string\"}}],\"inLanguage\":\"de\"},{\"@type\":\"Organization\",\"@id\":\"https:\/\/mokos.hu\/#organization\",\"name\":\"MOKOS\",\"url\":\"https:\/\/mokos.hu\/\",\"logo\":{\"@type\":\"ImageObject\",\"inLanguage\":\"de\",\"@id\":\"https:\/\/mokos.hu\/#\/schema\/logo\/image\/\",\"url\":\"https:\/\/mokos.hu\/wp-content\/uploads\/2018\/11\/cropped-Mokos_Villanyi-Borvidek-Palkonya-1.png\",\"contentUrl\":\"https:\/\/mokos.hu\/wp-content\/uploads\/2018\/11\/cropped-Mokos_Villanyi-Borvidek-Palkonya-1.png\",\"width\":1000,\"height\":245,\"caption\":\"MOKOS\"},\"image\":{\"@id\":\"https:\/\/mokos.hu\/#\/schema\/logo\/image\/\"}}]}<\/script>\n<!-- \/ Yoast SEO plugin. -->","yoast_head_json":{"title":"Gold Selection Borcsomag - Arany\u00e9rmes Vill\u00e1nyi Borok - Mokos Pinc\u00e9szet","description":"Tegye m\u00e9g k\u00fcl\u00f6nlegesebb\u00e9 a kar\u00e1csonyi \u00fcnnepeket arany\u00e9rmes MOKOS vill\u00e1nyi borv\u00e1logat\u00e1sunkkal! A d\u00edjnyertes borok mell\u00e9 b\u0151r borospoh\u00e1rtart\u00f3t adunk aj\u00e1nd\u00e9kba!","robots":{"index":"index","follow":"follow","max-snippet":"max-snippet:-1","max-image-preview":"max-image-preview:large","max-video-preview":"max-video-preview:-1"},"canonical":"https:\/\/mokos.hu\/de\/produkt\/gold-selection-aranyermes-karacsonyi-villanyi-borvalogatas\/","og_locale":"de_DE","og_type":"article","og_title":"Gold Selection Borcsomag - Arany\u00e9rmes Vill\u00e1nyi Borok - Mokos Pinc\u00e9szet","og_description":"Tegye m\u00e9g k\u00fcl\u00f6nlegesebb\u00e9 a kar\u00e1csonyi \u00fcnnepeket arany\u00e9rmes MOKOS vill\u00e1nyi borv\u00e1logat\u00e1sunkkal! A d\u00edjnyertes borok mell\u00e9 b\u0151r borospoh\u00e1rtart\u00f3t adunk aj\u00e1nd\u00e9kba!","og_url":"https:\/\/mokos.hu\/de\/produkt\/gold-selection-aranyermes-karacsonyi-villanyi-borvalogatas\/","og_site_name":"MOKOS","article_modified_time":"2020-01-02T07:53:17+00:00","og_image":[{"width":500,"height":500,"url":"https:\/\/mokos.hu\/wp-content\/uploads\/2019\/10\/MOKOS_Gold_Selection-e1600688695718.png","type":"image\/png"}],"twitter_card":"summary_large_image","schema":{"@context":"https:\/\/schema.org","@graph":[{"@type":"WebPage","@id":"https:\/\/mokos.hu\/termek\/gold-selection-aranyermes-karacsonyi-villanyi-borvalogatas\/","url":"https:\/\/mokos.hu\/termek\/gold-selection-aranyermes-karacsonyi-villanyi-borvalogatas\/","name":"Gold Selection Borcsomag - Arany\u00e9rmes Vill\u00e1nyi Borok - Mokos Pinc\u00e9szet","isPartOf":{"@id":"https:\/\/mokos.hu\/#website"},"primaryImageOfPage":{"@id":"https:\/\/mokos.hu\/termek\/gold-selection-aranyermes-karacsonyi-villanyi-borvalogatas\/#primaryimage"},"image":{"@id":"https:\/\/mokos.hu\/termek\/gold-selection-aranyermes-karacsonyi-villanyi-borvalogatas\/#primaryimage"},"thumbnailUrl":"https:\/\/mokos.hu\/wp-content\/uploads\/2019\/10\/MOKOS_Gold_Selection-e1600688695718.png","datePublished":"2019-10-30T15:17:51+00:00","dateModified":"2020-01-02T07:53:17+00:00","description":"Tegye m\u00e9g k\u00fcl\u00f6nlegesebb\u00e9 a kar\u00e1csonyi \u00fcnnepeket arany\u00e9rmes MOKOS vill\u00e1nyi borv\u00e1logat\u00e1sunkkal! A d\u00edjnyertes borok mell\u00e9 b\u0151r borospoh\u00e1rtart\u00f3t adunk aj\u00e1nd\u00e9kba!","breadcrumb":{"@id":"https:\/\/mokos.hu\/termek\/gold-selection-aranyermes-karacsonyi-villanyi-borvalogatas\/#breadcrumb"},"inLanguage":"de","potentialAction":[{"@type":"ReadAction","target":["https:\/\/mokos.hu\/termek\/gold-selection-aranyermes-karacsonyi-villanyi-borvalogatas\/"]}]},{"@type":"ImageObject","inLanguage":"de","@id":"https:\/\/mokos.hu\/termek\/gold-selection-aranyermes-karacsonyi-villanyi-borvalogatas\/#primaryimage","url":"https:\/\/mokos.hu\/wp-content\/uploads\/2019\/10\/MOKOS_Gold_Selection-e1600688695718.png","contentUrl":"https:\/\/mokos.hu\/wp-content\/uploads\/2019\/10\/MOKOS_Gold_Selection-e1600688695718.png","width":500,"height":500},{"@type":"BreadcrumbList","@id":"https:\/\/mokos.hu\/termek\/gold-selection-aranyermes-karacsonyi-villanyi-borvalogatas\/#breadcrumb","itemListElement":[{"@type":"ListItem","position":1,"name":"Home","item":"https:\/\/mokos.hu\/"},{"@type":"ListItem","position":2,"name":"Term\u00e9kek","item":"https:\/\/mokos.hu\/shop\/"},{"@type":"ListItem","position":3,"name":"Gold Selection Borcsomag"}]},{"@type":"WebSite","@id":"https:\/\/mokos.hu\/#website","url":"https:\/\/mokos.hu\/","name":"MOKOS","description":"Familienweingut, Palkonya","publisher":{"@id":"https:\/\/mokos.hu\/#organization"},"potentialAction":[{"@type":"SearchAction","target":{"@type":"EntryPoint","urlTemplate":"https:\/\/mokos.hu\/?s={search_term_string}"},"query-input":{"@type":"PropertyValueSpecification","valueRequired":true,"valueName":"search_term_string"}}],"inLanguage":"de"},{"@type":"Organization","@id":"https:\/\/mokos.hu\/#organization","name":"MOKOS","url":"https:\/\/mokos.hu\/","logo":{"@type":"ImageObject","inLanguage":"de","@id":"https:\/\/mokos.hu\/#\/schema\/logo\/image\/","url":"https:\/\/mokos.hu\/wp-content\/uploads\/2018\/11\/cropped-Mokos_Villanyi-Borvidek-Palkonya-1.png","contentUrl":"https:\/\/mokos.hu\/wp-content\/uploads\/2018\/11\/cropped-Mokos_Villanyi-Borvidek-Palkonya-1.png","width":1000,"height":245,"caption":"MOKOS"},"image":{"@id":"https:\/\/mokos.hu\/#\/schema\/logo\/image\/"}}]}},"_links":{"self":[{"href":"https:\/\/mokos.hu\/de\/wp-json\/wp\/v2\/product\/8051","targetHints":{"allow":["GET"]}}],"collection":[{"href":"https:\/\/mokos.hu\/de\/wp-json\/wp\/v2\/product"}],"about":[{"href":"https:\/\/mokos.hu\/de\/wp-json\/wp\/v2\/types\/product"}],"wp:featuredmedia":[{"embeddable":true,"href":"https:\/\/mokos.hu\/de\/wp-json\/wp\/v2\/media\/8048"}],"wp:attachment":[{"href":"https:\/\/mokos.hu\/de\/wp-json\/wp\/v2\/media?parent=8051"}],"wp:term":[{"taxonomy":"product_brand","embeddable":true,"href":"https:\/\/mokos.hu\/de\/wp-json\/wp\/v2\/product_brand?post=8051"},{"taxonomy":"product_cat","embeddable":true,"href":"https:\/\/mokos.hu\/de\/wp-json\/wp\/v2\/product_cat?post=8051"},{"taxonomy":"product_tag","embeddable":true,"href":"https:\/\/mokos.hu\/de\/wp-json\/wp\/v2\/product_tag?post=8051"}],"curies":[{"name":"wp","href":"https:\/\/api.w.org\/{rel}","templated":true}]}}