{"id":5334,"date":"2017-04-25T12:26:51","date_gmt":"2017-04-25T10:26:51","guid":{"rendered":"http:\/\/dev.vinolin.hu\/?post_type=product&#038;p=5334"},"modified":"2025-11-26T18:06:32","modified_gmt":"2025-11-26T16:06:32","slug":"erdbeerwein-aprikosenwein-pflaumenwein","status":"publish","type":"product","link":"https:\/\/mokos.hu\/de\/termek\/eperbor-oszibarackbor-gyumolcsbor\/","title":{"rendered":"Erdbeerwein und Pfirsichwein"},"content":{"rendered":"<h5>MOKKA-FRUCHTWEIN MIT DEM GESCHMACK DER NATUR<\/h5>\n<p>Neben den traditionellen Rotweinen aus Vill\u00e1ny\u00a0<strong>Obstweinspezialit\u00e4ten<\/strong>\u00a0ist auch an der Herstellung von Wein beteiligt. Unser Ziel ist es, den Verbrauchern diese in Ungarn noch wenig verbreitete Weinspezialit\u00e4t n\u00e4her zu bringen. Wir halten es f\u00fcr wichtig, dass unsere Obstweine\u00a0<strong>ausschlie\u00dflich aus frischem, saftigem, im Inland erzeugtem Obst hergestellt<\/strong>\u00a0ohne Zusatz von Wasser, Farbstoffen oder Aromastoffen.<\/p>\n<p><img fetchpriority=\"high\" decoding=\"async\" class=\"size-large wp-image-10274 aligncenter\" src=\"https:\/\/mokos.hu\/wp-content\/uploads\/2020\/08\/Mokos_Pinceszet_gyumolcsos_2000x645_3-1024x330.jpg\" alt=\"Mokos_Pinceszet_villanyiborvidek_palkonya_villanyiborok_villanyiborok_gyumolcscset_gyumolcsos_perry_eperbor_perry\" width=\"750\" height=\"242\" \/><\/p>\n<h5>DESSERTWEIN AUS SONNENGETROCKNETEN FR\u00dcCHTEN<\/h5>\n<p>Das Rohmaterial wird aus den besten Fr\u00fcchten unserer 45 Hektar gro\u00dfen Obstplantagen ausgew\u00e4hlt. Die Technologie ist der eines klassischen, aus Traubenfr\u00fcchten vergorenen Weins sehr \u00e4hnlich: Die reifen Fr\u00fcchte werden geerntet und sofort zum Verarbeiter transportiert. Die frisch gepfl\u00fcckten Fr\u00fcchte werden kurz nach der Ernte abgebeert und anschlie\u00dfend in einer sauerstofffreien Umgebung vergoren, um die frischen Aromen zu erhalten.<\/p>\n<p>Schmecken Sie den Geschmack der Natur in der Flasche mit Mokos Obstweinspezialit\u00e4ten<span style=\"color: #000000;\">: <a style=\"color: #000000;\" href=\"https:\/\/mokos.hu\/de\/produkt\/kirschwein-obstwein\/\">Meggybor<\/a>, <a style=\"color: #000000;\" href=\"https:\/\/mokos.hu\/de\/produkt\/erdbeerwein-aprikosenwein-pflaumenwein\/\">Eperbor<\/a>, <a style=\"color: #000000;\" href=\"https:\/\/mokos.hu\/de\/produkt\/schwarzer-johannisbeerwein-gummibaumwein\/\">Ribizlibor<\/a>, <a style=\"color: #000000;\" href=\"https:\/\/mokos.hu\/de\/produkt\/malnabor-apfelwein\/\">Himbeer-Apfelwein<\/a>, <a style=\"color: #000000;\" href=\"https:\/\/mokos.hu\/de\/produkt\/cassiswein-weingummiwein\/\">Cajibor <\/a>oder sogar <a href=\"https:\/\/mokos.hu\/de\/produkt\/bodzavirag-apfelwein-bodzabor-premium-gummiwein\/\">Bodzavir\u00e1g Almabor<\/a>\u00a0<\/span>Form auch!<\/p>\n<p>Die meisten unserer Obstweine sind s\u00fc\u00df, aber wenn Sie ein Fan von trockenen Weinen sind, probieren Sie <span style=\"color: #000000;\"><a style=\"color: #000000;\" href=\"https:\/\/mokos.hu\/de\/produkt\/sauerkirschwein-im-barrique\/\">unser in Barriquef\u00e4ssern gereifter Sauerkirschwein<\/a>!<\/span><\/p>","protected":false},"excerpt":{"rendered":"<h3><strong>100% mit frischen, lokalen Erdbeeren<\/strong><\/h3>\n<h4><em>s\u00fc\u00dfer Premium-Obstwein<\/em><\/h4>\n<p>Eine Mischung aus Pfirsich- und Erdbeerwein, wobei der Pfirsich dem Wein einen weichen und die Erdbeere einen dominanten Geschmack verleiht.<\/p>\n<p style=\"text-align: left;\">Geschmack und Geruch sind in perfekter Harmonie, empfohlen f\u00fcr echte Genie\u00dfer.<\/p>\n<p>Hervorragend zu K\u00e4sekuchen und Erdbeert\u00f6rtchen.<\/p>\n<p>Empfohlene Verbrauchstemperatur: 7-10\u00b0C<\/p>\n<p>Fassungsverm\u00f6gen: 500 ml<\/p>\n<p>St\u00fcckpreis: 7.900 Ft\/Liter<\/p>\n<p>Bestell- und Einkaufsrichtlinien <a href=\"https:\/\/mokos.hu\/de\/uzlet\/regeln\/\">HIER<\/a> reicht.<\/p>","protected":false},"featured_media":21354,"template":"","meta":{"_acf_changed":false},"product_brand":[],"product_cat":[71],"product_tag":[176,152,153,173,174,116,117,175],"class_list":{"0":"post-5334","1":"product","2":"type-product","3":"status-publish","4":"has-post-thumbnail","6":"product_cat-mokos_gyumolcsborok","7":"product_tag-cuvee","8":"product_tag-desszertbor","9":"product_tag-edes-bor","10":"product_tag-eper","11":"product_tag-eperbor","12":"product_tag-gyumolcsbor","13":"product_tag-mokos-gyumolcsbor","14":"product_tag-oszibarack","16":"first","17":"instock","18":"taxable","19":"shipping-taxable","20":"purchasable","21":"product-type-simple"},"acf":[],"yoast_head":"<!-- This site is optimized with the Yoast SEO plugin v27.5 - https:\/\/yoast.com\/product\/yoast-seo-wordpress\/ -->\n<title>Eperbor \u00e9s \u0150szibarackbor - MOKOS Pr\u00e9mium Gy\u00fcm\u00f6lcsbor - \u00c9des - 0,5 L<\/title>\n<meta name=\"description\" content=\"Gy\u00fcm\u00f6lcsbor k\u00fcl\u00f6nlegess\u00e9g a Mokos Pinc\u00e9szett\u0151l: az Eper \u00e9s az \u0150szibarack h\u00e1zas\u00edt\u00e1sa, mely val\u00f3di \u00edz\u00e9lm\u00e9nyt ny\u00fajt k\u00f3stol\u00f3j\u00e1nak.\" \/>\n<meta name=\"robots\" content=\"index, follow, max-snippet:-1, max-image-preview:large, max-video-preview:-1\" \/>\n<link rel=\"canonical\" href=\"https:\/\/mokos.hu\/de\/produkt\/erdbeerwein-aprikosenwein-pflaumenwein\/\" \/>\n<meta property=\"og:locale\" content=\"de_DE\" \/>\n<meta property=\"og:type\" content=\"article\" \/>\n<meta property=\"og:title\" content=\"Eperbor \u00e9s \u0150szibarackbor - MOKOS Pr\u00e9mium Gy\u00fcm\u00f6lcsbor - \u00c9des - 0,5 L\" \/>\n<meta property=\"og:description\" content=\"Gy\u00fcm\u00f6lcsbor k\u00fcl\u00f6nlegess\u00e9g a Mokos Pinc\u00e9szett\u0151l: az Eper \u00e9s az \u0150szibarack h\u00e1zas\u00edt\u00e1sa, mely val\u00f3di \u00edz\u00e9lm\u00e9nyt ny\u00fajt k\u00f3stol\u00f3j\u00e1nak.\" \/>\n<meta property=\"og:url\" content=\"https:\/\/mokos.hu\/de\/produkt\/erdbeerwein-aprikosenwein-pflaumenwein\/\" \/>\n<meta property=\"og:site_name\" content=\"MOKOS\" \/>\n<meta property=\"article:modified_time\" content=\"2025-11-26T16:06:32+00:00\" \/>\n<meta property=\"og:image\" content=\"https:\/\/mokos.hu\/wp-content\/uploads\/2017\/04\/Mokos_Pinceszet_gyumolcsbor_eper_eperbor_2-e1600676443723.jpg\" \/>\n\t<meta property=\"og:image:width\" content=\"400\" \/>\n\t<meta property=\"og:image:height\" content=\"400\" \/>\n\t<meta property=\"og:image:type\" content=\"image\/jpeg\" \/>\n<meta name=\"twitter:card\" content=\"summary_large_image\" \/>\n<meta name=\"twitter:label1\" content=\"Gesch\u00e4tzte Lesezeit\" \/>\n\t<meta name=\"twitter:data1\" content=\"2\u00a0Minuten\" \/>\n<script type=\"application\/ld+json\" class=\"yoast-schema-graph\">{\"@context\":\"https:\\\/\\\/schema.org\",\"@graph\":[{\"@type\":\"WebPage\",\"@id\":\"https:\\\/\\\/mokos.hu\\\/termek\\\/eperbor-oszibarackbor-gyumolcsbor\\\/\",\"url\":\"https:\\\/\\\/mokos.hu\\\/termek\\\/eperbor-oszibarackbor-gyumolcsbor\\\/\",\"name\":\"Eperbor \u00e9s \u0150szibarackbor - MOKOS Pr\u00e9mium Gy\u00fcm\u00f6lcsbor - \u00c9des - 0,5 L\",\"isPartOf\":{\"@id\":\"https:\\\/\\\/mokos.hu\\\/#website\"},\"primaryImageOfPage\":{\"@id\":\"https:\\\/\\\/mokos.hu\\\/termek\\\/eperbor-oszibarackbor-gyumolcsbor\\\/#primaryimage\"},\"image\":{\"@id\":\"https:\\\/\\\/mokos.hu\\\/termek\\\/eperbor-oszibarackbor-gyumolcsbor\\\/#primaryimage\"},\"thumbnailUrl\":\"https:\\\/\\\/mokos.hu\\\/wp-content\\\/uploads\\\/2024\\\/08\\\/MOKOS_Eperbor_drs.png\",\"datePublished\":\"2017-04-25T10:26:51+00:00\",\"dateModified\":\"2025-11-26T16:06:32+00:00\",\"description\":\"Gy\u00fcm\u00f6lcsbor k\u00fcl\u00f6nlegess\u00e9g a Mokos Pinc\u00e9szett\u0151l: az Eper \u00e9s az \u0150szibarack h\u00e1zas\u00edt\u00e1sa, mely val\u00f3di \u00edz\u00e9lm\u00e9nyt ny\u00fajt k\u00f3stol\u00f3j\u00e1nak.\",\"breadcrumb\":{\"@id\":\"https:\\\/\\\/mokos.hu\\\/termek\\\/eperbor-oszibarackbor-gyumolcsbor\\\/#breadcrumb\"},\"inLanguage\":\"de\",\"potentialAction\":[{\"@type\":\"ReadAction\",\"target\":[\"https:\\\/\\\/mokos.hu\\\/termek\\\/eperbor-oszibarackbor-gyumolcsbor\\\/\"]}]},{\"@type\":\"ImageObject\",\"inLanguage\":\"de\",\"@id\":\"https:\\\/\\\/mokos.hu\\\/termek\\\/eperbor-oszibarackbor-gyumolcsbor\\\/#primaryimage\",\"url\":\"https:\\\/\\\/mokos.hu\\\/wp-content\\\/uploads\\\/2024\\\/08\\\/MOKOS_Eperbor_drs.png\",\"contentUrl\":\"https:\\\/\\\/mokos.hu\\\/wp-content\\\/uploads\\\/2024\\\/08\\\/MOKOS_Eperbor_drs.png\",\"width\":2686,\"height\":4509},{\"@type\":\"BreadcrumbList\",\"@id\":\"https:\\\/\\\/mokos.hu\\\/termek\\\/eperbor-oszibarackbor-gyumolcsbor\\\/#breadcrumb\",\"itemListElement\":[{\"@type\":\"ListItem\",\"position\":1,\"name\":\"Home\",\"item\":\"https:\\\/\\\/mokos.hu\\\/\"},{\"@type\":\"ListItem\",\"position\":2,\"name\":\"Term\u00e9kek\",\"item\":\"https:\\\/\\\/mokos.hu\\\/shop\\\/\"},{\"@type\":\"ListItem\",\"position\":3,\"name\":\"Eperbor \u00e9s \u0150szibarackbor\"}]},{\"@type\":\"WebSite\",\"@id\":\"https:\\\/\\\/mokos.hu\\\/#website\",\"url\":\"https:\\\/\\\/mokos.hu\\\/\",\"name\":\"MOKOS\",\"description\":\"Csal\u00e1di Pinc\u00e9szet, Palkonya\",\"publisher\":{\"@id\":\"https:\\\/\\\/mokos.hu\\\/#organization\"},\"potentialAction\":[{\"@type\":\"SearchAction\",\"target\":{\"@type\":\"EntryPoint\",\"urlTemplate\":\"https:\\\/\\\/mokos.hu\\\/?s={search_term_string}\"},\"query-input\":{\"@type\":\"PropertyValueSpecification\",\"valueRequired\":true,\"valueName\":\"search_term_string\"}}],\"inLanguage\":\"de\"},{\"@type\":\"Organization\",\"@id\":\"https:\\\/\\\/mokos.hu\\\/#organization\",\"name\":\"MOKOS\",\"url\":\"https:\\\/\\\/mokos.hu\\\/\",\"logo\":{\"@type\":\"ImageObject\",\"inLanguage\":\"de\",\"@id\":\"https:\\\/\\\/mokos.hu\\\/#\\\/schema\\\/logo\\\/image\\\/\",\"url\":\"https:\\\/\\\/mokos.hu\\\/wp-content\\\/uploads\\\/2018\\\/11\\\/cropped-Mokos_Villanyi-Borvidek-Palkonya-1.png\",\"contentUrl\":\"https:\\\/\\\/mokos.hu\\\/wp-content\\\/uploads\\\/2018\\\/11\\\/cropped-Mokos_Villanyi-Borvidek-Palkonya-1.png\",\"width\":1000,\"height\":245,\"caption\":\"MOKOS\"},\"image\":{\"@id\":\"https:\\\/\\\/mokos.hu\\\/#\\\/schema\\\/logo\\\/image\\\/\"}}]}<\/script>\n<!-- \/ Yoast SEO plugin. -->","yoast_head_json":{"title":"Erdbeer- und Pfirsichwein - MOKOS Premium-Fruchtwein - S\u00fc\u00df - 0,5 L","description":"Eine Obstweinspezialit\u00e4t aus dem Weingut Mokos: eine Mischung aus Erdbeeren und Pfirsichen, die Ihren Verkostern ein echtes Geschmackserlebnis beschert.","robots":{"index":"index","follow":"follow","max-snippet":"max-snippet:-1","max-image-preview":"max-image-preview:large","max-video-preview":"max-video-preview:-1"},"canonical":"https:\/\/mokos.hu\/de\/produkt\/erdbeerwein-aprikosenwein-pflaumenwein\/","og_locale":"de_DE","og_type":"article","og_title":"Eperbor \u00e9s \u0150szibarackbor - MOKOS Pr\u00e9mium Gy\u00fcm\u00f6lcsbor - \u00c9des - 0,5 L","og_description":"Gy\u00fcm\u00f6lcsbor k\u00fcl\u00f6nlegess\u00e9g a Mokos Pinc\u00e9szett\u0151l: az Eper \u00e9s az \u0150szibarack h\u00e1zas\u00edt\u00e1sa, mely val\u00f3di \u00edz\u00e9lm\u00e9nyt ny\u00fajt k\u00f3stol\u00f3j\u00e1nak.","og_url":"https:\/\/mokos.hu\/de\/produkt\/erdbeerwein-aprikosenwein-pflaumenwein\/","og_site_name":"MOKOS","article_modified_time":"2025-11-26T16:06:32+00:00","og_image":[{"width":400,"height":400,"url":"https:\/\/mokos.hu\/wp-content\/uploads\/2017\/04\/Mokos_Pinceszet_gyumolcsbor_eper_eperbor_2-e1600676443723.jpg","type":"image\/jpeg"}],"twitter_card":"summary_large_image","twitter_misc":{"Gesch\u00e4tzte Lesezeit":"2\u00a0Minuten"},"schema":{"@context":"https:\/\/schema.org","@graph":[{"@type":"WebPage","@id":"https:\/\/mokos.hu\/termek\/eperbor-oszibarackbor-gyumolcsbor\/","url":"https:\/\/mokos.hu\/termek\/eperbor-oszibarackbor-gyumolcsbor\/","name":"Erdbeer- und Pfirsichwein - MOKOS Premium-Fruchtwein - S\u00fc\u00df - 0,5 L","isPartOf":{"@id":"https:\/\/mokos.hu\/#website"},"primaryImageOfPage":{"@id":"https:\/\/mokos.hu\/termek\/eperbor-oszibarackbor-gyumolcsbor\/#primaryimage"},"image":{"@id":"https:\/\/mokos.hu\/termek\/eperbor-oszibarackbor-gyumolcsbor\/#primaryimage"},"thumbnailUrl":"https:\/\/mokos.hu\/wp-content\/uploads\/2024\/08\/MOKOS_Eperbor_drs.png","datePublished":"2017-04-25T10:26:51+00:00","dateModified":"2025-11-26T16:06:32+00:00","description":"Eine Obstweinspezialit\u00e4t aus dem Weingut Mokos: eine Mischung aus Erdbeeren und Pfirsichen, die Ihren Verkostern ein echtes Geschmackserlebnis beschert.","breadcrumb":{"@id":"https:\/\/mokos.hu\/termek\/eperbor-oszibarackbor-gyumolcsbor\/#breadcrumb"},"inLanguage":"de","potentialAction":[{"@type":"ReadAction","target":["https:\/\/mokos.hu\/termek\/eperbor-oszibarackbor-gyumolcsbor\/"]}]},{"@type":"ImageObject","inLanguage":"de","@id":"https:\/\/mokos.hu\/termek\/eperbor-oszibarackbor-gyumolcsbor\/#primaryimage","url":"https:\/\/mokos.hu\/wp-content\/uploads\/2024\/08\/MOKOS_Eperbor_drs.png","contentUrl":"https:\/\/mokos.hu\/wp-content\/uploads\/2024\/08\/MOKOS_Eperbor_drs.png","width":2686,"height":4509},{"@type":"BreadcrumbList","@id":"https:\/\/mokos.hu\/termek\/eperbor-oszibarackbor-gyumolcsbor\/#breadcrumb","itemListElement":[{"@type":"ListItem","position":1,"name":"Home","item":"https:\/\/mokos.hu\/"},{"@type":"ListItem","position":2,"name":"Term\u00e9kek","item":"https:\/\/mokos.hu\/shop\/"},{"@type":"ListItem","position":3,"name":"Eperbor \u00e9s \u0150szibarackbor"}]},{"@type":"WebSite","@id":"https:\/\/mokos.hu\/#website","url":"https:\/\/mokos.hu\/","name":"MOKOS","description":"Familienweingut, Palkonya","publisher":{"@id":"https:\/\/mokos.hu\/#organization"},"potentialAction":[{"@type":"SearchAction","target":{"@type":"EntryPoint","urlTemplate":"https:\/\/mokos.hu\/?s={search_term_string}"},"query-input":{"@type":"PropertyValueSpecification","valueRequired":true,"valueName":"search_term_string"}}],"inLanguage":"de"},{"@type":"Organization","@id":"https:\/\/mokos.hu\/#organization","name":"MOKOS","url":"https:\/\/mokos.hu\/","logo":{"@type":"ImageObject","inLanguage":"de","@id":"https:\/\/mokos.hu\/#\/schema\/logo\/image\/","url":"https:\/\/mokos.hu\/wp-content\/uploads\/2018\/11\/cropped-Mokos_Villanyi-Borvidek-Palkonya-1.png","contentUrl":"https:\/\/mokos.hu\/wp-content\/uploads\/2018\/11\/cropped-Mokos_Villanyi-Borvidek-Palkonya-1.png","width":1000,"height":245,"caption":"MOKOS"},"image":{"@id":"https:\/\/mokos.hu\/#\/schema\/logo\/image\/"}}]}},"_links":{"self":[{"href":"https:\/\/mokos.hu\/de\/wp-json\/wp\/v2\/product\/5334","targetHints":{"allow":["GET"]}}],"collection":[{"href":"https:\/\/mokos.hu\/de\/wp-json\/wp\/v2\/product"}],"about":[{"href":"https:\/\/mokos.hu\/de\/wp-json\/wp\/v2\/types\/product"}],"wp:featuredmedia":[{"embeddable":true,"href":"https:\/\/mokos.hu\/de\/wp-json\/wp\/v2\/media\/21354"}],"wp:attachment":[{"href":"https:\/\/mokos.hu\/de\/wp-json\/wp\/v2\/media?parent=5334"}],"wp:term":[{"taxonomy":"product_brand","embeddable":true,"href":"https:\/\/mokos.hu\/de\/wp-json\/wp\/v2\/product_brand?post=5334"},{"taxonomy":"product_cat","embeddable":true,"href":"https:\/\/mokos.hu\/de\/wp-json\/wp\/v2\/product_cat?post=5334"},{"taxonomy":"product_tag","embeddable":true,"href":"https:\/\/mokos.hu\/de\/wp-json\/wp\/v2\/product_tag?post=5334"}],"curies":[{"name":"wp","href":"https:\/\/api.w.org\/{rel}","templated":true}]}}