{"id":29742,"date":"2026-02-17T16:21:43","date_gmt":"2026-02-17T14:21:43","guid":{"rendered":"https:\/\/mokos.hu\/?post_type=product&#038;p=29742"},"modified":"2026-04-15T08:51:46","modified_gmt":"2026-04-15T06:51:46","slug":"husveti-csokor-gyumolcsbor-valogatas-2026","status":"publish","type":"product","link":"https:\/\/mokos.hu\/de\/termek\/husveti-csokor-gyumolcsbor-valogatas-2026\/","title":{"rendered":"Ostern Bouquet Obstwein Auswahl"},"content":{"rendered":"<h5>MOKKA-FRUCHTWEIN MIT DEM GESCHMACK DER NATUR<\/h5>\n<p>Neben den traditionellen Rotweinen aus Vill\u00e1ny\u00a0<strong>Obstweinspezialit\u00e4ten<\/strong>\u00a0ist auch an der Herstellung von Wein beteiligt. Unser Ziel ist es, den Verbrauchern diese in Ungarn noch wenig verbreitete Weinspezialit\u00e4t n\u00e4her zu bringen. Wir halten es f\u00fcr wichtig, dass unsere Obstweine\u00a0<strong>ausschlie\u00dflich aus frischem, saftigem, im Inland erzeugtem Obst hergestellt<\/strong>\u00a0ohne Zusatz von Wasser, Farbstoffen oder Aromastoffen.<\/p>\n<p><img fetchpriority=\"high\" decoding=\"async\" class=\"wp-image-6247 size-large aligncenter\" src=\"https:\/\/mokos.hu\/wp-content\/uploads\/2019\/02\/Mokos_Pinceszet_gyumolcsborok_2000x645-1024x330.jpg\" alt=\"Mokos_Pinceszet_Kaugummiwein_Apfelwein_Stroh_Pfefferwein_Apfelwein_malnabor_2000x645\" width=\"750\" height=\"242\" \/><\/p>\n<h5>DESSERTWEIN AUS SONNENGETROCKNETEN FR\u00dcCHTEN<\/h5>\n<p>Das Rohmaterial wird aus den besten Fr\u00fcchten unserer 45 Hektar gro\u00dfen Obstplantagen ausgew\u00e4hlt. Die Technologie ist der eines klassischen, aus Traubenfr\u00fcchten vergorenen Weins sehr \u00e4hnlich: Die reifen Fr\u00fcchte werden geerntet und sofort zur Verarbeitungsanlage transportiert. Die frisch gepfl\u00fcckten Fr\u00fcchte werden innerhalb von 20 Minuten nach der Ernte abgebeert, gefolgt von einer G\u00e4rung in einer sauerstofffreien Umgebung, um die frischen Aromen zu erhalten.<\/p>\n<p>Kosten Sie den Geschmack der Natur in der Flasche mit den Mokos-Fruchtweinspezialit\u00e4ten:\u00a0<a href=\"https:\/\/mokos.hu\/de\/produkt\/kirschwein-obstwein\/\">Meggybor<\/a>,\u00a0<a href=\"https:\/\/mokos.hu\/de\/produkt\/erdbeerwein-aprikosenwein-pflaumenwein\/\">Eperbor<\/a>,\u00a0<a href=\"https:\/\/mokos.hu\/de\/produkt\/schwarzer-johannisbeerwein-gummibaumwein\/\">Ribizlibor<\/a>,\u00a0<a href=\"https:\/\/mokos.hu\/de\/produkt\/malnabor-apfelwein\/\">Himbeer-Apfelwein<\/a>,\u00a0<a href=\"https:\/\/mokos.hu\/de\/produkt\/cassiswein-weingummiwein\/\">Cajibor<\/a>,<a href=\"https:\/\/mokos.hu\/de\/produkt\/bodzavirag-apfelwein-bodzabor-premium-gummiwein\/\"> Strohblume und Apfelwein<\/a>\u00a0Form auch!<\/p>\n<p>Die meisten unserer Obstweine sind s\u00fc\u00df, aber wenn Sie ein Fan von trockenen Weinen sind, probieren Sie\u00a0<a href=\"https:\/\/mokos.hu\/de\/produkt\/sauerkirschwein-im-barrique\/\">unsere im Barriquefass gereifte Kirschweinspezialit\u00e4t<\/a>!<\/p>","protected":false},"excerpt":{"rendered":"<h3>Die besten Geschmacksrichtungen des Fr\u00fchlings in einer Auswahl!<\/h3>\n<h4><em>3 Flaschen Premium-Obstwein jetzt mit kostenlosem Mokos-Korkenzieher<\/em><\/h4>\n<p><strong>Verzaubern Sie dieses Jahr die Festtafel mit den erfrischenden Aromen der Natur!<\/strong> A H\u00fasv\u00e9ti Csokor gy\u00fcm\u00f6lcsbor csomag a tavasz legszebb \u00e1rnyalatait rejti: az \u00f6ssze\u00e1ll\u00edt\u00e1sunkban tal\u00e1lhat\u00f3 100%-ban hazai gy\u00fcm\u00f6lcsb\u0151l k\u00e9sz\u00fclt desszertboraink k\u00f6z\u00f6tt megtal\u00e1lod a harmonikus \u00e9s friss\u00edt\u0151\u00a0 Nektarinbort,\u00a0 a vir\u00e1gos \u00e9s k\u00f6nnyed Bodzavir\u00e1g \u00e9s Almabort, valamint a napf\u00e9nyben \u00e9rlelt b\u00e1rsonyoss\u00e1got, a Kajszibort.<\/p>\n<p>Genie\u00dfen Sie den Fr\u00fchling in jedem Schluck!<\/p>\n<p>Unser sorgf\u00e4ltig ausgew\u00e4hltes, erm\u00e4\u00dfigtes Obstweinpaket macht jeden festlichen Moment zu einem echten Erlebnis.<\/p>\n<p><strong>Inhalt des Osterstrau\u00dfes Obstweinauswahl:<\/strong><\/p>\n<ul>\n<li>1 Flasche <a href=\"https:\/\/mokos.hu\/de\/produkt\/bodzavirag-apfelwein-bodzabor-premium-gummiwein\/\">Holunderbl\u00fcte und Apfelwein (0,5 L) - hochwertiger s\u00fc\u00dfer Obstwein <\/a><em>- Probieren Sie es mit Apfelkuchen!<\/em><\/li>\n<li>1 Flasche <a href=\"https:\/\/mokos.hu\/de\/produkt\/nektarinenwein-premium-obstwein\/\">Nektarinbor (0,5 L) \u2013 pr\u00e9mium \u00e9des gy\u00fcm\u00f6lcsbor<\/a><em> &#8211; barackos s\u00fctem\u00e9nyek mell\u00e9 k\u00edn\u00e1ld!<\/em><\/li>\n<li>1 Flasche <a href=\"https:\/\/mokos.hu\/de\/produkt\/cassiswein-weingummiwein\/\">Kajszibor (0,5 L) - hochwertiger s\u00fc\u00dfer Obstwein<\/a> <em>- H\u00fcttenk\u00e4se mit Krabben ist ein unverzichtbarer Begleiter!<\/em><\/li>\n<li><strong>1 GIFT Mokos-Steckerabzieher<\/strong><\/li>\n<\/ul>\n<ul>\n<li style=\"list-style-type: none;\">\n<ul>\n<li>Gesamtwert des Pakets: 14.990.- Ft<\/li>\n<li>Erm\u00e4\u00dfigter Wert des Pakets: 11.490.- Ft<\/li>\n<\/ul>\n<\/li>\n<\/ul>\n<p>Der Inhalt des Weinpakets kann nicht ver\u00e4ndert werden!<\/p>\n<p><strong>AKCI\u00d3S AJ\u00c1NLATUNK A K\u00c9SZLET EREJ\u00c9IG VAGY 2026. \u00c1PRILIS 10-IG, KIZ\u00c1R\u00d3LAG WEBSHOPUNKBAN \u00c9RV\u00c9NYES.\u00a0<\/strong><\/p>\n<p>Bestell- und Einkaufsrichtlinien\u00a0<a href=\"https:\/\/mokos.hu\/de\/uzlet\/regeln\/\">HIER<\/a>\u00a0reicht.<\/p>\n<h6><\/h6>","protected":false},"featured_media":29741,"template":"","meta":{"_acf_changed":false},"product_brand":[],"product_cat":[72],"product_tag":[125,146,120,281,282,119,249,153,116,275,240,308,309,124,177,221,178,220,117,123,246,248,274],"class_list":{"0":"post-29742","1":"product","2":"type-product","3":"status-publish","4":"has-post-thumbnail","6":"product_cat-borcsomagok","7":"product_tag-mokoselmeny","8":"product_tag-ajandek","9":"product_tag-akcios-termek","10":"product_tag-bodza","11":"product_tag-bodzabor","12":"product_tag-borvalogatas","13":"product_tag-dugohuzo","14":"product_tag-edes-bor","15":"product_tag-gyumolcsbor","16":"product_tag-hazai-termek","17":"product_tag-husvet","18":"product_tag-husveti-borcsomag","19":"product_tag-husveti-gyumolcsbor-valogatas","20":"product_tag-izelmeny","21":"product_tag-kajszi","22":"product_tag-kajszibarack","23":"product_tag-kajszibor","24":"product_tag-meglepetes","25":"product_tag-mokos-gyumolcsbor","26":"product_tag-mokos-pinceszet","27":"product_tag-nektarin","28":"product_tag-nektarinbor","29":"product_tag-premium-termek","31":"first","32":"outofstock","33":"sale","34":"taxable","35":"shipping-taxable","36":"purchasable","37":"product-type-simple"},"acf":[],"yoast_head":"<!-- This site is optimized with the Yoast SEO plugin v27.1.1 - https:\/\/yoast.com\/product\/yoast-seo-wordpress\/ -->\n<title>H\u00fasv\u00e9ti Csokor Gy\u00fcm\u00f6lcsbor V\u00e1logat\u00e1s - MOKOS - T\u00f6k\u00e9letes AJ\u00c1ND\u00c9K<\/title>\n<meta name=\"description\" content=\"H\u00fasv\u00e9ti 3 palackos pr\u00e9mium gy\u00fcm\u00f6lcsbor \u00f6ssze\u00e1ll\u00edt\u00e1s, mely mell\u00e9 Mokos Dug\u00f3h\u00faz\u00f3t csomagolunk! | Borcsomag | Aj\u00e1nd\u00e9k | H\u00fasv\u00e9t\" \/>\n<meta name=\"robots\" content=\"index, follow, max-snippet:-1, max-image-preview:large, max-video-preview:-1\" \/>\n<link rel=\"canonical\" href=\"https:\/\/mokos.hu\/de\/produkt\/husveti-csokor-gyumolcsbor-valogatas-2026\/\" \/>\n<meta property=\"og:locale\" content=\"de_DE\" \/>\n<meta property=\"og:type\" content=\"article\" \/>\n<meta property=\"og:title\" content=\"H\u00fasv\u00e9ti Csokor Gy\u00fcm\u00f6lcsbor V\u00e1logat\u00e1s Dug\u00f3h\u00faz\u00f3val! - Mokos Pinc\u00e9szet\" \/>\n<meta property=\"og:description\" content=\"H\u00fasv\u00e9ti 3 palackos pr\u00e9mium gy\u00fcm\u00f6lcsbor \u00f6ssze\u00e1ll\u00edt\u00e1s, mely mell\u00e9 Mokos Dug\u00f3h\u00faz\u00f3t csomagolunk! | Borcsomag | Aj\u00e1nd\u00e9k\" \/>\n<meta property=\"og:url\" content=\"https:\/\/mokos.hu\/de\/produkt\/husveti-csokor-gyumolcsbor-valogatas-2026\/\" \/>\n<meta property=\"og:site_name\" content=\"MOKOS\" \/>\n<meta property=\"article:modified_time\" content=\"2026-04-15T06:51:46+00:00\" \/>\n<meta property=\"og:image\" content=\"https:\/\/mokos.hu\/wp-content\/uploads\/2025\/04\/HUSVETI_AJANLAT_1200x1200-2025-1-1.jpg\" \/>\n\t<meta property=\"og:image:width\" content=\"1200\" \/>\n\t<meta property=\"og:image:height\" content=\"1200\" \/>\n\t<meta property=\"og:image:type\" content=\"image\/jpeg\" \/>\n<meta name=\"twitter:card\" content=\"summary_large_image\" \/>\n<meta name=\"twitter:label1\" content=\"Gesch\u00e4tzte Lesezeit\" \/>\n\t<meta name=\"twitter:data1\" content=\"2\u00a0Minuten\" \/>\n<script type=\"application\/ld+json\" class=\"yoast-schema-graph\">{\"@context\":\"https:\/\/schema.org\",\"@graph\":[{\"@type\":\"WebPage\",\"@id\":\"https:\/\/mokos.hu\/termek\/husveti-csokor-gyumolcsbor-valogatas-2026\/\",\"url\":\"https:\/\/mokos.hu\/termek\/husveti-csokor-gyumolcsbor-valogatas-2026\/\",\"name\":\"H\u00fasv\u00e9ti Csokor Gy\u00fcm\u00f6lcsbor V\u00e1logat\u00e1s - MOKOS - T\u00f6k\u00e9letes AJ\u00c1ND\u00c9K\",\"isPartOf\":{\"@id\":\"https:\/\/mokos.hu\/#website\"},\"primaryImageOfPage\":{\"@id\":\"https:\/\/mokos.hu\/termek\/husveti-csokor-gyumolcsbor-valogatas-2026\/#primaryimage\"},\"image\":{\"@id\":\"https:\/\/mokos.hu\/termek\/husveti-csokor-gyumolcsbor-valogatas-2026\/#primaryimage\"},\"thumbnailUrl\":\"https:\/\/mokos.hu\/wp-content\/uploads\/2026\/02\/HUSVETI_AJANLAT_2026_sargacsokor.jpg\",\"datePublished\":\"2026-02-17T14:21:43+00:00\",\"dateModified\":\"2026-04-15T06:51:46+00:00\",\"description\":\"H\u00fasv\u00e9ti 3 palackos pr\u00e9mium gy\u00fcm\u00f6lcsbor \u00f6ssze\u00e1ll\u00edt\u00e1s, mely mell\u00e9 Mokos Dug\u00f3h\u00faz\u00f3t csomagolunk! | Borcsomag | Aj\u00e1nd\u00e9k | H\u00fasv\u00e9t\",\"breadcrumb\":{\"@id\":\"https:\/\/mokos.hu\/termek\/husveti-csokor-gyumolcsbor-valogatas-2026\/#breadcrumb\"},\"inLanguage\":\"de\",\"potentialAction\":[{\"@type\":\"ReadAction\",\"target\":[\"https:\/\/mokos.hu\/termek\/husveti-csokor-gyumolcsbor-valogatas-2026\/\"]}]},{\"@type\":\"ImageObject\",\"inLanguage\":\"de\",\"@id\":\"https:\/\/mokos.hu\/termek\/husveti-csokor-gyumolcsbor-valogatas-2026\/#primaryimage\",\"url\":\"https:\/\/mokos.hu\/wp-content\/uploads\/2026\/02\/HUSVETI_AJANLAT_2026_sargacsokor.jpg\",\"contentUrl\":\"https:\/\/mokos.hu\/wp-content\/uploads\/2026\/02\/HUSVETI_AJANLAT_2026_sargacsokor.jpg\",\"width\":1200,\"height\":1200},{\"@type\":\"BreadcrumbList\",\"@id\":\"https:\/\/mokos.hu\/termek\/husveti-csokor-gyumolcsbor-valogatas-2026\/#breadcrumb\",\"itemListElement\":[{\"@type\":\"ListItem\",\"position\":1,\"name\":\"Home\",\"item\":\"https:\/\/mokos.hu\/\"},{\"@type\":\"ListItem\",\"position\":2,\"name\":\"Term\u00e9kek\",\"item\":\"https:\/\/mokos.hu\/shop\/\"},{\"@type\":\"ListItem\",\"position\":3,\"name\":\"H\u00fasv\u00e9ti Csokor Gy\u00fcm\u00f6lcsbor V\u00e1logat\u00e1s\"}]},{\"@type\":\"WebSite\",\"@id\":\"https:\/\/mokos.hu\/#website\",\"url\":\"https:\/\/mokos.hu\/\",\"name\":\"MOKOS\",\"description\":\"Csal\u00e1di Pinc\u00e9szet, Palkonya\",\"publisher\":{\"@id\":\"https:\/\/mokos.hu\/#organization\"},\"potentialAction\":[{\"@type\":\"SearchAction\",\"target\":{\"@type\":\"EntryPoint\",\"urlTemplate\":\"https:\/\/mokos.hu\/?s={search_term_string}\"},\"query-input\":{\"@type\":\"PropertyValueSpecification\",\"valueRequired\":true,\"valueName\":\"search_term_string\"}}],\"inLanguage\":\"de\"},{\"@type\":\"Organization\",\"@id\":\"https:\/\/mokos.hu\/#organization\",\"name\":\"MOKOS\",\"url\":\"https:\/\/mokos.hu\/\",\"logo\":{\"@type\":\"ImageObject\",\"inLanguage\":\"de\",\"@id\":\"https:\/\/mokos.hu\/#\/schema\/logo\/image\/\",\"url\":\"https:\/\/mokos.hu\/wp-content\/uploads\/2018\/11\/cropped-Mokos_Villanyi-Borvidek-Palkonya-1.png\",\"contentUrl\":\"https:\/\/mokos.hu\/wp-content\/uploads\/2018\/11\/cropped-Mokos_Villanyi-Borvidek-Palkonya-1.png\",\"width\":1000,\"height\":245,\"caption\":\"MOKOS\"},\"image\":{\"@id\":\"https:\/\/mokos.hu\/#\/schema\/logo\/image\/\"}}]}<\/script>\n<!-- \/ Yoast SEO plugin. -->","yoast_head_json":{"title":"Osterstrau\u00df Obstweinauswahl - MOKOS - Perfektes GESCHENK","description":"3 Flaschen Premium-Obstwein zu Ostern, begleitet von einem Mokos-Korkenzieher! | Weinpaket | Geschenk | Ostern","robots":{"index":"index","follow":"follow","max-snippet":"max-snippet:-1","max-image-preview":"max-image-preview:large","max-video-preview":"max-video-preview:-1"},"canonical":"https:\/\/mokos.hu\/de\/produkt\/husveti-csokor-gyumolcsbor-valogatas-2026\/","og_locale":"de_DE","og_type":"article","og_title":"H\u00fasv\u00e9ti Csokor Gy\u00fcm\u00f6lcsbor V\u00e1logat\u00e1s Dug\u00f3h\u00faz\u00f3val! - Mokos Pinc\u00e9szet","og_description":"H\u00fasv\u00e9ti 3 palackos pr\u00e9mium gy\u00fcm\u00f6lcsbor \u00f6ssze\u00e1ll\u00edt\u00e1s, mely mell\u00e9 Mokos Dug\u00f3h\u00faz\u00f3t csomagolunk! | Borcsomag | Aj\u00e1nd\u00e9k","og_url":"https:\/\/mokos.hu\/de\/produkt\/husveti-csokor-gyumolcsbor-valogatas-2026\/","og_site_name":"MOKOS","article_modified_time":"2026-04-15T06:51:46+00:00","og_image":[{"width":1200,"height":1200,"url":"https:\/\/mokos.hu\/wp-content\/uploads\/2025\/04\/HUSVETI_AJANLAT_1200x1200-2025-1-1.jpg","type":"image\/jpeg"}],"twitter_card":"summary_large_image","twitter_misc":{"Gesch\u00e4tzte Lesezeit":"2\u00a0Minuten"},"schema":{"@context":"https:\/\/schema.org","@graph":[{"@type":"WebPage","@id":"https:\/\/mokos.hu\/termek\/husveti-csokor-gyumolcsbor-valogatas-2026\/","url":"https:\/\/mokos.hu\/termek\/husveti-csokor-gyumolcsbor-valogatas-2026\/","name":"Osterstrau\u00df Obstweinauswahl - MOKOS - Perfektes GESCHENK","isPartOf":{"@id":"https:\/\/mokos.hu\/#website"},"primaryImageOfPage":{"@id":"https:\/\/mokos.hu\/termek\/husveti-csokor-gyumolcsbor-valogatas-2026\/#primaryimage"},"image":{"@id":"https:\/\/mokos.hu\/termek\/husveti-csokor-gyumolcsbor-valogatas-2026\/#primaryimage"},"thumbnailUrl":"https:\/\/mokos.hu\/wp-content\/uploads\/2026\/02\/HUSVETI_AJANLAT_2026_sargacsokor.jpg","datePublished":"2026-02-17T14:21:43+00:00","dateModified":"2026-04-15T06:51:46+00:00","description":"3 Flaschen Premium-Obstwein zu Ostern, begleitet von einem Mokos-Korkenzieher! | Weinpaket | Geschenk | Ostern","breadcrumb":{"@id":"https:\/\/mokos.hu\/termek\/husveti-csokor-gyumolcsbor-valogatas-2026\/#breadcrumb"},"inLanguage":"de","potentialAction":[{"@type":"ReadAction","target":["https:\/\/mokos.hu\/termek\/husveti-csokor-gyumolcsbor-valogatas-2026\/"]}]},{"@type":"ImageObject","inLanguage":"de","@id":"https:\/\/mokos.hu\/termek\/husveti-csokor-gyumolcsbor-valogatas-2026\/#primaryimage","url":"https:\/\/mokos.hu\/wp-content\/uploads\/2026\/02\/HUSVETI_AJANLAT_2026_sargacsokor.jpg","contentUrl":"https:\/\/mokos.hu\/wp-content\/uploads\/2026\/02\/HUSVETI_AJANLAT_2026_sargacsokor.jpg","width":1200,"height":1200},{"@type":"BreadcrumbList","@id":"https:\/\/mokos.hu\/termek\/husveti-csokor-gyumolcsbor-valogatas-2026\/#breadcrumb","itemListElement":[{"@type":"ListItem","position":1,"name":"Home","item":"https:\/\/mokos.hu\/"},{"@type":"ListItem","position":2,"name":"Term\u00e9kek","item":"https:\/\/mokos.hu\/shop\/"},{"@type":"ListItem","position":3,"name":"H\u00fasv\u00e9ti Csokor Gy\u00fcm\u00f6lcsbor V\u00e1logat\u00e1s"}]},{"@type":"WebSite","@id":"https:\/\/mokos.hu\/#website","url":"https:\/\/mokos.hu\/","name":"MOKOS","description":"Familienweingut, Palkonya","publisher":{"@id":"https:\/\/mokos.hu\/#organization"},"potentialAction":[{"@type":"SearchAction","target":{"@type":"EntryPoint","urlTemplate":"https:\/\/mokos.hu\/?s={search_term_string}"},"query-input":{"@type":"PropertyValueSpecification","valueRequired":true,"valueName":"search_term_string"}}],"inLanguage":"de"},{"@type":"Organization","@id":"https:\/\/mokos.hu\/#organization","name":"MOKOS","url":"https:\/\/mokos.hu\/","logo":{"@type":"ImageObject","inLanguage":"de","@id":"https:\/\/mokos.hu\/#\/schema\/logo\/image\/","url":"https:\/\/mokos.hu\/wp-content\/uploads\/2018\/11\/cropped-Mokos_Villanyi-Borvidek-Palkonya-1.png","contentUrl":"https:\/\/mokos.hu\/wp-content\/uploads\/2018\/11\/cropped-Mokos_Villanyi-Borvidek-Palkonya-1.png","width":1000,"height":245,"caption":"MOKOS"},"image":{"@id":"https:\/\/mokos.hu\/#\/schema\/logo\/image\/"}}]}},"_links":{"self":[{"href":"https:\/\/mokos.hu\/de\/wp-json\/wp\/v2\/product\/29742","targetHints":{"allow":["GET"]}}],"collection":[{"href":"https:\/\/mokos.hu\/de\/wp-json\/wp\/v2\/product"}],"about":[{"href":"https:\/\/mokos.hu\/de\/wp-json\/wp\/v2\/types\/product"}],"wp:featuredmedia":[{"embeddable":true,"href":"https:\/\/mokos.hu\/de\/wp-json\/wp\/v2\/media\/29741"}],"wp:attachment":[{"href":"https:\/\/mokos.hu\/de\/wp-json\/wp\/v2\/media?parent=29742"}],"wp:term":[{"taxonomy":"product_brand","embeddable":true,"href":"https:\/\/mokos.hu\/de\/wp-json\/wp\/v2\/product_brand?post=29742"},{"taxonomy":"product_cat","embeddable":true,"href":"https:\/\/mokos.hu\/de\/wp-json\/wp\/v2\/product_cat?post=29742"},{"taxonomy":"product_tag","embeddable":true,"href":"https:\/\/mokos.hu\/de\/wp-json\/wp\/v2\/product_tag?post=29742"}],"curies":[{"name":"wp","href":"https:\/\/api.w.org\/{rel}","templated":true}]}}