{"id":28334,"date":"2025-04-28T10:42:35","date_gmt":"2025-04-28T08:42:35","guid":{"rendered":"https:\/\/mokos.hu\/?post_type=product&#038;p=28334"},"modified":"2025-11-10T09:28:14","modified_gmt":"2025-11-10T07:28:14","slug":"marton-tagestransfer-ticket-strom-2025","status":"publish","type":"product","link":"https:\/\/mokos.hu\/de\/termek\/marton-nap-busztranszfer-jegy-villany-2025\/","title":{"rendered":"MARCH DAY - Bustransfer-Ticket - MILL - 2025"},"content":{"rendered":"","protected":false},"excerpt":{"rendered":"<p>Bequemer Bustransfer auf der Strecke Vill\u00e1ny-Palkonya-Vill\u00e1ny, damit Sie den G\u00e4nsehautmagen in unserem Weingut genie\u00dfen k\u00f6nnen!<\/p>\n<p>(Der Bus h\u00e4lt an mehreren Haltestellen. Genaue Informationen zu den Haltestellen werden vor der Veranstaltung verschickt!)<\/p>\n<p>Einzelheiten der Veranstaltung:<a href=\"https:\/\/mokos.hu\/de\/marton-ganse-tage-im-mokos-keller\/\">\u00a0<strong>HIER<\/strong><\/a>.<\/p>\n<p>Bestell- und Einkaufsrichtlinien\u00a0<a href=\"https:\/\/mokos.hu\/de\/uzlet\/regeln\/\">HIER<\/a>\u00a0reicht.<\/p>\n<p><em>Der Kauf kann jederzeit ohne Folgen storniert werden, bevor die Schaltfl\u00e4che \"Bezahlen\" oder \"Zahlungspflichtig bestellen\" gedr\u00fcckt wird. Der Kunde kann das R\u00fccktritts- oder K\u00fcndigungsrecht gem\u00e4\u00df Artikel 29 (1) l) der Regierungsverordnung 45\/2014 (II.26.) nicht aus\u00fcben, wenn das Veranstaltungsticket f\u00fcr ein bestimmtes Datum (bestimmter Tag, Stichtag) g\u00fcltig ist oder w\u00e4hrend eines bestimmten Zeitraums genutzt werden kann. In einem solchen Fall ist der Dienstleister nicht berechtigt, das Ticket zur\u00fcckzugeben oder den Wert des Kaufs zu erstatten.<\/em><\/p>","protected":false},"featured_media":7502,"template":"","meta":{"_acf_changed":false},"product_brand":[],"product_cat":[112,73],"product_tag":[],"class_list":{"0":"post-28334","1":"product","2":"type-product","3":"status-publish","4":"has-post-thumbnail","6":"product_cat-transzferjegyek","7":"product_cat-rendezvenyek","9":"first","10":"outofstock","11":"virtual","12":"taxable","13":"purchasable","14":"product-type-simple"},"acf":[],"yoast_head":"<!-- This site is optimized with the Yoast SEO plugin v27.1.1 - https:\/\/yoast.com\/product\/yoast-seo-wordpress\/ -->\n<title>M\u00c1RTON NAP - Busztranszfer Jegy - VILL\u00c1NY - 2025 - MOKOS<\/title>\n<meta name=\"description\" content=\"K\u00e9nyelmes busztranszfer Vill\u00e1ny-Palkonya-Vill\u00e1ny \u00fatvonalra, hogy \u00f6nfeledten \u00e9lvezhesd a Libalakom\u00e1t Pinc\u00e9szet\u00fcnkben!\" \/>\n<meta name=\"robots\" content=\"index, follow, max-snippet:-1, max-image-preview:large, max-video-preview:-1\" \/>\n<link rel=\"canonical\" href=\"https:\/\/mokos.hu\/de\/produkt\/marton-tagestransfer-ticket-strom-2025\/\" \/>\n<meta property=\"og:locale\" content=\"de_DE\" \/>\n<meta property=\"og:type\" content=\"article\" \/>\n<meta property=\"og:title\" content=\"M\u00c1RTON NAP - Busztranszfer Jegy - VILL\u00c1NY - 2025 - MOKOS\" \/>\n<meta property=\"og:description\" content=\"K\u00e9nyelmes busztranszfer Vill\u00e1ny-Palkonya-Vill\u00e1ny \u00fatvonalra, hogy \u00f6nfeledten \u00e9lvezhesd a Libalakom\u00e1t Pinc\u00e9szet\u00fcnkben!\" \/>\n<meta property=\"og:url\" content=\"https:\/\/mokos.hu\/de\/produkt\/marton-tagestransfer-ticket-strom-2025\/\" \/>\n<meta property=\"og:site_name\" content=\"MOKOS\" \/>\n<meta property=\"article:modified_time\" content=\"2025-11-10T07:28:14+00:00\" \/>\n<meta property=\"og:image\" content=\"https:\/\/mokos.hu\/wp-content\/uploads\/2019\/08\/White_Bus_PNG_Clipart-423.png\" \/>\n\t<meta property=\"og:image:width\" content=\"400\" \/>\n\t<meta property=\"og:image:height\" content=\"400\" \/>\n\t<meta property=\"og:image:type\" content=\"image\/png\" \/>\n<meta name=\"twitter:card\" content=\"summary_large_image\" \/>\n<meta name=\"twitter:label1\" content=\"Gesch\u00e4tzte Lesezeit\" \/>\n\t<meta name=\"twitter:data1\" content=\"1\u00a0Minute\" \/>\n<script type=\"application\/ld+json\" class=\"yoast-schema-graph\">{\"@context\":\"https:\/\/schema.org\",\"@graph\":[{\"@type\":\"WebPage\",\"@id\":\"https:\/\/mokos.hu\/termek\/marton-nap-busztranszfer-jegy-villany-2025\/\",\"url\":\"https:\/\/mokos.hu\/termek\/marton-nap-busztranszfer-jegy-villany-2025\/\",\"name\":\"M\u00c1RTON NAP - Busztranszfer Jegy - VILL\u00c1NY - 2025 - MOKOS\",\"isPartOf\":{\"@id\":\"https:\/\/mokos.hu\/#website\"},\"primaryImageOfPage\":{\"@id\":\"https:\/\/mokos.hu\/termek\/marton-nap-busztranszfer-jegy-villany-2025\/#primaryimage\"},\"image\":{\"@id\":\"https:\/\/mokos.hu\/termek\/marton-nap-busztranszfer-jegy-villany-2025\/#primaryimage\"},\"thumbnailUrl\":\"https:\/\/mokos.hu\/wp-content\/uploads\/2019\/08\/White_Bus_PNG_Clipart-423.png\",\"datePublished\":\"2025-04-28T08:42:35+00:00\",\"dateModified\":\"2025-11-10T07:28:14+00:00\",\"description\":\"K\u00e9nyelmes busztranszfer Vill\u00e1ny-Palkonya-Vill\u00e1ny \u00fatvonalra, hogy \u00f6nfeledten \u00e9lvezhesd a Libalakom\u00e1t Pinc\u00e9szet\u00fcnkben!\",\"breadcrumb\":{\"@id\":\"https:\/\/mokos.hu\/termek\/marton-nap-busztranszfer-jegy-villany-2025\/#breadcrumb\"},\"inLanguage\":\"de\",\"potentialAction\":[{\"@type\":\"ReadAction\",\"target\":[\"https:\/\/mokos.hu\/termek\/marton-nap-busztranszfer-jegy-villany-2025\/\"]}]},{\"@type\":\"ImageObject\",\"inLanguage\":\"de\",\"@id\":\"https:\/\/mokos.hu\/termek\/marton-nap-busztranszfer-jegy-villany-2025\/#primaryimage\",\"url\":\"https:\/\/mokos.hu\/wp-content\/uploads\/2019\/08\/White_Bus_PNG_Clipart-423.png\",\"contentUrl\":\"https:\/\/mokos.hu\/wp-content\/uploads\/2019\/08\/White_Bus_PNG_Clipart-423.png\",\"width\":400,\"height\":400},{\"@type\":\"BreadcrumbList\",\"@id\":\"https:\/\/mokos.hu\/termek\/marton-nap-busztranszfer-jegy-villany-2025\/#breadcrumb\",\"itemListElement\":[{\"@type\":\"ListItem\",\"position\":1,\"name\":\"Home\",\"item\":\"https:\/\/mokos.hu\/\"},{\"@type\":\"ListItem\",\"position\":2,\"name\":\"Term\u00e9kek\",\"item\":\"https:\/\/mokos.hu\/shop\/\"},{\"@type\":\"ListItem\",\"position\":3,\"name\":\"M\u00c1RTON NAP &#8211; Busztranszfer Jegy &#8211; VILL\u00c1NY &#8211; 2025\"}]},{\"@type\":\"WebSite\",\"@id\":\"https:\/\/mokos.hu\/#website\",\"url\":\"https:\/\/mokos.hu\/\",\"name\":\"MOKOS\",\"description\":\"Csal\u00e1di Pinc\u00e9szet, Palkonya\",\"publisher\":{\"@id\":\"https:\/\/mokos.hu\/#organization\"},\"potentialAction\":[{\"@type\":\"SearchAction\",\"target\":{\"@type\":\"EntryPoint\",\"urlTemplate\":\"https:\/\/mokos.hu\/?s={search_term_string}\"},\"query-input\":{\"@type\":\"PropertyValueSpecification\",\"valueRequired\":true,\"valueName\":\"search_term_string\"}}],\"inLanguage\":\"de\"},{\"@type\":\"Organization\",\"@id\":\"https:\/\/mokos.hu\/#organization\",\"name\":\"MOKOS\",\"url\":\"https:\/\/mokos.hu\/\",\"logo\":{\"@type\":\"ImageObject\",\"inLanguage\":\"de\",\"@id\":\"https:\/\/mokos.hu\/#\/schema\/logo\/image\/\",\"url\":\"https:\/\/mokos.hu\/wp-content\/uploads\/2018\/11\/cropped-Mokos_Villanyi-Borvidek-Palkonya-1.png\",\"contentUrl\":\"https:\/\/mokos.hu\/wp-content\/uploads\/2018\/11\/cropped-Mokos_Villanyi-Borvidek-Palkonya-1.png\",\"width\":1000,\"height\":245,\"caption\":\"MOKOS\"},\"image\":{\"@id\":\"https:\/\/mokos.hu\/#\/schema\/logo\/image\/\"}}]}<\/script>\n<!-- \/ Yoast SEO plugin. -->","yoast_head_json":{"title":"MARKTTAG - Bustransfer-Ticket - M\u00dcHLE - 2025 - MOKOS","description":"Bequemer Bustransfer auf der Strecke Vill\u00e1ny-Palkonya-Vill\u00e1ny, damit Sie den G\u00e4nsehautmagen in unserem Weingut genie\u00dfen k\u00f6nnen!","robots":{"index":"index","follow":"follow","max-snippet":"max-snippet:-1","max-image-preview":"max-image-preview:large","max-video-preview":"max-video-preview:-1"},"canonical":"https:\/\/mokos.hu\/de\/produkt\/marton-tagestransfer-ticket-strom-2025\/","og_locale":"de_DE","og_type":"article","og_title":"M\u00c1RTON NAP - Busztranszfer Jegy - VILL\u00c1NY - 2025 - MOKOS","og_description":"K\u00e9nyelmes busztranszfer Vill\u00e1ny-Palkonya-Vill\u00e1ny \u00fatvonalra, hogy \u00f6nfeledten \u00e9lvezhesd a Libalakom\u00e1t Pinc\u00e9szet\u00fcnkben!","og_url":"https:\/\/mokos.hu\/de\/produkt\/marton-tagestransfer-ticket-strom-2025\/","og_site_name":"MOKOS","article_modified_time":"2025-11-10T07:28:14+00:00","og_image":[{"width":400,"height":400,"url":"https:\/\/mokos.hu\/wp-content\/uploads\/2019\/08\/White_Bus_PNG_Clipart-423.png","type":"image\/png"}],"twitter_card":"summary_large_image","twitter_misc":{"Gesch\u00e4tzte Lesezeit":"1\u00a0Minute"},"schema":{"@context":"https:\/\/schema.org","@graph":[{"@type":"WebPage","@id":"https:\/\/mokos.hu\/termek\/marton-nap-busztranszfer-jegy-villany-2025\/","url":"https:\/\/mokos.hu\/termek\/marton-nap-busztranszfer-jegy-villany-2025\/","name":"MARKTTAG - Bustransfer-Ticket - M\u00dcHLE - 2025 - MOKOS","isPartOf":{"@id":"https:\/\/mokos.hu\/#website"},"primaryImageOfPage":{"@id":"https:\/\/mokos.hu\/termek\/marton-nap-busztranszfer-jegy-villany-2025\/#primaryimage"},"image":{"@id":"https:\/\/mokos.hu\/termek\/marton-nap-busztranszfer-jegy-villany-2025\/#primaryimage"},"thumbnailUrl":"https:\/\/mokos.hu\/wp-content\/uploads\/2019\/08\/White_Bus_PNG_Clipart-423.png","datePublished":"2025-04-28T08:42:35+00:00","dateModified":"2025-11-10T07:28:14+00:00","description":"Bequemer Bustransfer auf der Strecke Vill\u00e1ny-Palkonya-Vill\u00e1ny, damit Sie den G\u00e4nsehautmagen in unserem Weingut genie\u00dfen k\u00f6nnen!","breadcrumb":{"@id":"https:\/\/mokos.hu\/termek\/marton-nap-busztranszfer-jegy-villany-2025\/#breadcrumb"},"inLanguage":"de","potentialAction":[{"@type":"ReadAction","target":["https:\/\/mokos.hu\/termek\/marton-nap-busztranszfer-jegy-villany-2025\/"]}]},{"@type":"ImageObject","inLanguage":"de","@id":"https:\/\/mokos.hu\/termek\/marton-nap-busztranszfer-jegy-villany-2025\/#primaryimage","url":"https:\/\/mokos.hu\/wp-content\/uploads\/2019\/08\/White_Bus_PNG_Clipart-423.png","contentUrl":"https:\/\/mokos.hu\/wp-content\/uploads\/2019\/08\/White_Bus_PNG_Clipart-423.png","width":400,"height":400},{"@type":"BreadcrumbList","@id":"https:\/\/mokos.hu\/termek\/marton-nap-busztranszfer-jegy-villany-2025\/#breadcrumb","itemListElement":[{"@type":"ListItem","position":1,"name":"Home","item":"https:\/\/mokos.hu\/"},{"@type":"ListItem","position":2,"name":"Term\u00e9kek","item":"https:\/\/mokos.hu\/shop\/"},{"@type":"ListItem","position":3,"name":"M\u00c1RTON NAP &#8211; Busztranszfer Jegy &#8211; VILL\u00c1NY &#8211; 2025"}]},{"@type":"WebSite","@id":"https:\/\/mokos.hu\/#website","url":"https:\/\/mokos.hu\/","name":"MOKOS","description":"Familienweingut, Palkonya","publisher":{"@id":"https:\/\/mokos.hu\/#organization"},"potentialAction":[{"@type":"SearchAction","target":{"@type":"EntryPoint","urlTemplate":"https:\/\/mokos.hu\/?s={search_term_string}"},"query-input":{"@type":"PropertyValueSpecification","valueRequired":true,"valueName":"search_term_string"}}],"inLanguage":"de"},{"@type":"Organization","@id":"https:\/\/mokos.hu\/#organization","name":"MOKOS","url":"https:\/\/mokos.hu\/","logo":{"@type":"ImageObject","inLanguage":"de","@id":"https:\/\/mokos.hu\/#\/schema\/logo\/image\/","url":"https:\/\/mokos.hu\/wp-content\/uploads\/2018\/11\/cropped-Mokos_Villanyi-Borvidek-Palkonya-1.png","contentUrl":"https:\/\/mokos.hu\/wp-content\/uploads\/2018\/11\/cropped-Mokos_Villanyi-Borvidek-Palkonya-1.png","width":1000,"height":245,"caption":"MOKOS"},"image":{"@id":"https:\/\/mokos.hu\/#\/schema\/logo\/image\/"}}]}},"_links":{"self":[{"href":"https:\/\/mokos.hu\/de\/wp-json\/wp\/v2\/product\/28334","targetHints":{"allow":["GET"]}}],"collection":[{"href":"https:\/\/mokos.hu\/de\/wp-json\/wp\/v2\/product"}],"about":[{"href":"https:\/\/mokos.hu\/de\/wp-json\/wp\/v2\/types\/product"}],"wp:featuredmedia":[{"embeddable":true,"href":"https:\/\/mokos.hu\/de\/wp-json\/wp\/v2\/media\/7502"}],"wp:attachment":[{"href":"https:\/\/mokos.hu\/de\/wp-json\/wp\/v2\/media?parent=28334"}],"wp:term":[{"taxonomy":"product_brand","embeddable":true,"href":"https:\/\/mokos.hu\/de\/wp-json\/wp\/v2\/product_brand?post=28334"},{"taxonomy":"product_cat","embeddable":true,"href":"https:\/\/mokos.hu\/de\/wp-json\/wp\/v2\/product_cat?post=28334"},{"taxonomy":"product_tag","embeddable":true,"href":"https:\/\/mokos.hu\/de\/wp-json\/wp\/v2\/product_tag?post=28334"}],"curies":[{"name":"wp","href":"https:\/\/api.w.org\/{rel}","templated":true}]}}