{"id":27392,"date":"2025-03-24T14:08:58","date_gmt":"2025-03-24T12:08:58","guid":{"rendered":"https:\/\/mokos.hu\/?post_type=product&#038;p=27392"},"modified":"2025-04-28T09:39:22","modified_gmt":"2025-04-28T07:39:22","slug":"voll-mit-mokka-bogon","status":"publish","type":"product","link":"https:\/\/mokos.hu\/de\/termek\/mokos-karacsonyi-bogre-teli\/","title":{"rendered":"Mokos Winterbecher"},"content":{"rendered":"","protected":false},"excerpt":{"rendered":"<p>Eine festliche Atmosph\u00e4re mit Mokos Winery! Schl\u00fcrfen Sie Ihren Lieblingsgl\u00fchwein aus unserem Winterbecher!<\/p>\n<p>300ml<\/p>\n<p>Packungsgr\u00f6\u00dfe: 1 St\u00fcck<\/p>\n<p>Bestell- und Einkaufsrichtlinien\u00a0<a href=\"https:\/\/mokos.hu\/de\/uzlet\/regeln\/\">HIER<\/a>\u00a0reicht.<\/p>","protected":false},"featured_media":28297,"template":"","meta":{"_acf_changed":false},"product_brand":[],"product_cat":[103],"product_tag":[125,146,292,124,158,220,238,123,291],"class_list":{"0":"post-27392","1":"product","2":"type-product","3":"status-publish","4":"has-post-thumbnail","6":"product_cat-boros-kiegeszitok","7":"product_tag-mokoselmeny","8":"product_tag-ajandek","9":"product_tag-bogre","10":"product_tag-izelmeny","11":"product_tag-karacsony","12":"product_tag-meglepetes","13":"product_tag-mokos-bogre","14":"product_tag-mokos-pinceszet","15":"product_tag-unnepi-hangulat","17":"first","18":"instock","19":"taxable","20":"shipping-taxable","21":"purchasable","22":"product-type-simple"},"acf":[],"yoast_head":"<!-- This site is optimized with the Yoast SEO plugin v27.1.1 - https:\/\/yoast.com\/product\/yoast-seo-wordpress\/ -->\n<title>Mokos T\u00e9li B\u00f6gre - MOKOS<\/title>\n<meta name=\"description\" content=\"\u00dcnnepi hangulat a Mokos Pinc\u00e9szettel! Kortyold kedvenc forralt boraid kar\u00e1csonyi b\u00f6gr\u00e9nkb\u0151l!\" \/>\n<meta name=\"robots\" content=\"index, follow, max-snippet:-1, max-image-preview:large, max-video-preview:-1\" \/>\n<link rel=\"canonical\" href=\"https:\/\/mokos.hu\/de\/produkt\/voll-mit-mokka-bogon\/\" \/>\n<meta property=\"og:locale\" content=\"de_DE\" \/>\n<meta property=\"og:type\" content=\"article\" \/>\n<meta property=\"og:title\" content=\"Mokos T\u00e9li B\u00f6gre - MOKOS\" \/>\n<meta property=\"og:description\" content=\"\u00dcnnepi hangulat a Mokos Pinc\u00e9szettel! Kortyold kedvenc forralt boraid kar\u00e1csonyi b\u00f6gr\u00e9nkb\u0151l!\" \/>\n<meta property=\"og:url\" content=\"https:\/\/mokos.hu\/de\/produkt\/voll-mit-mokka-bogon\/\" \/>\n<meta property=\"og:site_name\" content=\"MOKOS\" \/>\n<meta property=\"article:modified_time\" content=\"2025-04-28T07:39:22+00:00\" \/>\n<meta property=\"og:image\" content=\"https:\/\/mokos.hu\/wp-content\/uploads\/2025\/03\/DSCF5390-scaled.jpg\" \/>\n\t<meta property=\"og:image:width\" content=\"2560\" \/>\n\t<meta property=\"og:image:height\" content=\"1706\" \/>\n\t<meta property=\"og:image:type\" content=\"image\/jpeg\" \/>\n<meta name=\"twitter:card\" content=\"summary_large_image\" \/>\n<meta name=\"twitter:label1\" content=\"Gesch\u00e4tzte Lesezeit\" \/>\n\t<meta name=\"twitter:data1\" content=\"1\u00a0Minute\" \/>\n<script type=\"application\/ld+json\" class=\"yoast-schema-graph\">{\"@context\":\"https:\/\/schema.org\",\"@graph\":[{\"@type\":\"WebPage\",\"@id\":\"https:\/\/mokos.hu\/termek\/mokos-karacsonyi-bogre-teli\/\",\"url\":\"https:\/\/mokos.hu\/termek\/mokos-karacsonyi-bogre-teli\/\",\"name\":\"Mokos T\u00e9li B\u00f6gre - MOKOS\",\"isPartOf\":{\"@id\":\"https:\/\/mokos.hu\/#website\"},\"primaryImageOfPage\":{\"@id\":\"https:\/\/mokos.hu\/termek\/mokos-karacsonyi-bogre-teli\/#primaryimage\"},\"image\":{\"@id\":\"https:\/\/mokos.hu\/termek\/mokos-karacsonyi-bogre-teli\/#primaryimage\"},\"thumbnailUrl\":\"https:\/\/mokos.hu\/wp-content\/uploads\/2025\/03\/DSCF5390-scaled.jpg\",\"datePublished\":\"2025-03-24T12:08:58+00:00\",\"dateModified\":\"2025-04-28T07:39:22+00:00\",\"description\":\"\u00dcnnepi hangulat a Mokos Pinc\u00e9szettel! Kortyold kedvenc forralt boraid kar\u00e1csonyi b\u00f6gr\u00e9nkb\u0151l!\",\"breadcrumb\":{\"@id\":\"https:\/\/mokos.hu\/termek\/mokos-karacsonyi-bogre-teli\/#breadcrumb\"},\"inLanguage\":\"de\",\"potentialAction\":[{\"@type\":\"ReadAction\",\"target\":[\"https:\/\/mokos.hu\/termek\/mokos-karacsonyi-bogre-teli\/\"]}]},{\"@type\":\"ImageObject\",\"inLanguage\":\"de\",\"@id\":\"https:\/\/mokos.hu\/termek\/mokos-karacsonyi-bogre-teli\/#primaryimage\",\"url\":\"https:\/\/mokos.hu\/wp-content\/uploads\/2025\/03\/DSCF5390-scaled.jpg\",\"contentUrl\":\"https:\/\/mokos.hu\/wp-content\/uploads\/2025\/03\/DSCF5390-scaled.jpg\",\"width\":2560,\"height\":1706},{\"@type\":\"BreadcrumbList\",\"@id\":\"https:\/\/mokos.hu\/termek\/mokos-karacsonyi-bogre-teli\/#breadcrumb\",\"itemListElement\":[{\"@type\":\"ListItem\",\"position\":1,\"name\":\"Home\",\"item\":\"https:\/\/mokos.hu\/\"},{\"@type\":\"ListItem\",\"position\":2,\"name\":\"Term\u00e9kek\",\"item\":\"https:\/\/mokos.hu\/shop\/\"},{\"@type\":\"ListItem\",\"position\":3,\"name\":\"Mokos T\u00e9li B\u00f6gre\"}]},{\"@type\":\"WebSite\",\"@id\":\"https:\/\/mokos.hu\/#website\",\"url\":\"https:\/\/mokos.hu\/\",\"name\":\"MOKOS\",\"description\":\"Csal\u00e1di Pinc\u00e9szet, Palkonya\",\"publisher\":{\"@id\":\"https:\/\/mokos.hu\/#organization\"},\"potentialAction\":[{\"@type\":\"SearchAction\",\"target\":{\"@type\":\"EntryPoint\",\"urlTemplate\":\"https:\/\/mokos.hu\/?s={search_term_string}\"},\"query-input\":{\"@type\":\"PropertyValueSpecification\",\"valueRequired\":true,\"valueName\":\"search_term_string\"}}],\"inLanguage\":\"de\"},{\"@type\":\"Organization\",\"@id\":\"https:\/\/mokos.hu\/#organization\",\"name\":\"MOKOS\",\"url\":\"https:\/\/mokos.hu\/\",\"logo\":{\"@type\":\"ImageObject\",\"inLanguage\":\"de\",\"@id\":\"https:\/\/mokos.hu\/#\/schema\/logo\/image\/\",\"url\":\"https:\/\/mokos.hu\/wp-content\/uploads\/2018\/11\/cropped-Mokos_Villanyi-Borvidek-Palkonya-1.png\",\"contentUrl\":\"https:\/\/mokos.hu\/wp-content\/uploads\/2018\/11\/cropped-Mokos_Villanyi-Borvidek-Palkonya-1.png\",\"width\":1000,\"height\":245,\"caption\":\"MOKOS\"},\"image\":{\"@id\":\"https:\/\/mokos.hu\/#\/schema\/logo\/image\/\"}}]}<\/script>\n<!-- \/ Yoast SEO plugin. -->","yoast_head_json":{"title":"Mokos Winterbecher - MOKOS","description":"Festliche Atmosph\u00e4re mit Mokos Winery! Schl\u00fcrfen Sie Ihren Lieblingsgl\u00fchwein aus unserem Weihnachtsbecher!","robots":{"index":"index","follow":"follow","max-snippet":"max-snippet:-1","max-image-preview":"max-image-preview:large","max-video-preview":"max-video-preview:-1"},"canonical":"https:\/\/mokos.hu\/de\/produkt\/voll-mit-mokka-bogon\/","og_locale":"de_DE","og_type":"article","og_title":"Mokos T\u00e9li B\u00f6gre - MOKOS","og_description":"\u00dcnnepi hangulat a Mokos Pinc\u00e9szettel! Kortyold kedvenc forralt boraid kar\u00e1csonyi b\u00f6gr\u00e9nkb\u0151l!","og_url":"https:\/\/mokos.hu\/de\/produkt\/voll-mit-mokka-bogon\/","og_site_name":"MOKOS","article_modified_time":"2025-04-28T07:39:22+00:00","og_image":[{"width":2560,"height":1706,"url":"https:\/\/mokos.hu\/wp-content\/uploads\/2025\/03\/DSCF5390-scaled.jpg","type":"image\/jpeg"}],"twitter_card":"summary_large_image","twitter_misc":{"Gesch\u00e4tzte Lesezeit":"1\u00a0Minute"},"schema":{"@context":"https:\/\/schema.org","@graph":[{"@type":"WebPage","@id":"https:\/\/mokos.hu\/termek\/mokos-karacsonyi-bogre-teli\/","url":"https:\/\/mokos.hu\/termek\/mokos-karacsonyi-bogre-teli\/","name":"Mokos Winterbecher - MOKOS","isPartOf":{"@id":"https:\/\/mokos.hu\/#website"},"primaryImageOfPage":{"@id":"https:\/\/mokos.hu\/termek\/mokos-karacsonyi-bogre-teli\/#primaryimage"},"image":{"@id":"https:\/\/mokos.hu\/termek\/mokos-karacsonyi-bogre-teli\/#primaryimage"},"thumbnailUrl":"https:\/\/mokos.hu\/wp-content\/uploads\/2025\/03\/DSCF5390-scaled.jpg","datePublished":"2025-03-24T12:08:58+00:00","dateModified":"2025-04-28T07:39:22+00:00","description":"Festliche Atmosph\u00e4re mit Mokos Winery! Schl\u00fcrfen Sie Ihren Lieblingsgl\u00fchwein aus unserem Weihnachtsbecher!","breadcrumb":{"@id":"https:\/\/mokos.hu\/termek\/mokos-karacsonyi-bogre-teli\/#breadcrumb"},"inLanguage":"de","potentialAction":[{"@type":"ReadAction","target":["https:\/\/mokos.hu\/termek\/mokos-karacsonyi-bogre-teli\/"]}]},{"@type":"ImageObject","inLanguage":"de","@id":"https:\/\/mokos.hu\/termek\/mokos-karacsonyi-bogre-teli\/#primaryimage","url":"https:\/\/mokos.hu\/wp-content\/uploads\/2025\/03\/DSCF5390-scaled.jpg","contentUrl":"https:\/\/mokos.hu\/wp-content\/uploads\/2025\/03\/DSCF5390-scaled.jpg","width":2560,"height":1706},{"@type":"BreadcrumbList","@id":"https:\/\/mokos.hu\/termek\/mokos-karacsonyi-bogre-teli\/#breadcrumb","itemListElement":[{"@type":"ListItem","position":1,"name":"Home","item":"https:\/\/mokos.hu\/"},{"@type":"ListItem","position":2,"name":"Term\u00e9kek","item":"https:\/\/mokos.hu\/shop\/"},{"@type":"ListItem","position":3,"name":"Mokos T\u00e9li B\u00f6gre"}]},{"@type":"WebSite","@id":"https:\/\/mokos.hu\/#website","url":"https:\/\/mokos.hu\/","name":"MOKOS","description":"Familienweingut, Palkonya","publisher":{"@id":"https:\/\/mokos.hu\/#organization"},"potentialAction":[{"@type":"SearchAction","target":{"@type":"EntryPoint","urlTemplate":"https:\/\/mokos.hu\/?s={search_term_string}"},"query-input":{"@type":"PropertyValueSpecification","valueRequired":true,"valueName":"search_term_string"}}],"inLanguage":"de"},{"@type":"Organization","@id":"https:\/\/mokos.hu\/#organization","name":"MOKOS","url":"https:\/\/mokos.hu\/","logo":{"@type":"ImageObject","inLanguage":"de","@id":"https:\/\/mokos.hu\/#\/schema\/logo\/image\/","url":"https:\/\/mokos.hu\/wp-content\/uploads\/2018\/11\/cropped-Mokos_Villanyi-Borvidek-Palkonya-1.png","contentUrl":"https:\/\/mokos.hu\/wp-content\/uploads\/2018\/11\/cropped-Mokos_Villanyi-Borvidek-Palkonya-1.png","width":1000,"height":245,"caption":"MOKOS"},"image":{"@id":"https:\/\/mokos.hu\/#\/schema\/logo\/image\/"}}]}},"_links":{"self":[{"href":"https:\/\/mokos.hu\/de\/wp-json\/wp\/v2\/product\/27392","targetHints":{"allow":["GET"]}}],"collection":[{"href":"https:\/\/mokos.hu\/de\/wp-json\/wp\/v2\/product"}],"about":[{"href":"https:\/\/mokos.hu\/de\/wp-json\/wp\/v2\/types\/product"}],"wp:featuredmedia":[{"embeddable":true,"href":"https:\/\/mokos.hu\/de\/wp-json\/wp\/v2\/media\/28297"}],"wp:attachment":[{"href":"https:\/\/mokos.hu\/de\/wp-json\/wp\/v2\/media?parent=27392"}],"wp:term":[{"taxonomy":"product_brand","embeddable":true,"href":"https:\/\/mokos.hu\/de\/wp-json\/wp\/v2\/product_brand?post=27392"},{"taxonomy":"product_cat","embeddable":true,"href":"https:\/\/mokos.hu\/de\/wp-json\/wp\/v2\/product_cat?post=27392"},{"taxonomy":"product_tag","embeddable":true,"href":"https:\/\/mokos.hu\/de\/wp-json\/wp\/v2\/product_tag?post=27392"}],"curies":[{"name":"wp","href":"https:\/\/api.w.org\/{rel}","templated":true}]}}