{"id":27389,"date":"2025-03-24T10:34:56","date_gmt":"2025-03-24T08:34:56","guid":{"rendered":"https:\/\/mokos.hu\/?post_type=product&#038;p=27389"},"modified":"2025-11-26T18:00:20","modified_gmt":"2025-11-26T16:00:20","slug":"kirschwein-auch-premium-gummiwein","status":"publish","type":"product","link":"https:\/\/mokos.hu\/de\/termek\/cseresznyebor-edes-premium-gyumolcsbor\/","title":{"rendered":"Kirschwein - s\u00fc\u00df"},"content":{"rendered":"<h5>MOKKA-FRUCHTWEIN MIT DEM GESCHMACK DER NATUR<\/h5>\n<p>Neben den traditionellen Rotweinen aus Vill\u00e1ny\u00a0<strong>Obstweinspezialit\u00e4ten<\/strong>\u00a0ist auch an der Herstellung von Wein beteiligt. Unser Ziel ist es, den Verbrauchern diese in Ungarn noch wenig verbreitete Weinspezialit\u00e4t n\u00e4her zu bringen. Wir halten es f\u00fcr wichtig, dass unsere Obstweine\u00a0<strong>ausschlie\u00dflich aus frischem, saftigem, im Inland erzeugtem Obst hergestellt<\/strong>\u00a0ohne Zusatz von Wasser, Farbstoffen oder Aromastoffen.<\/p>\n<p><img fetchpriority=\"high\" decoding=\"async\" class=\"aligncenter wp-image-22306 size-full\" src=\"https:\/\/mokos.hu\/wp-content\/uploads\/2019\/02\/Mokos_Pinceszet_villanyiborvidek_palkonya_villanyiborok_gyumolcsbor_gyumolcsos_cseresznye_cseresznyebor_szaraz_1a.jpg\" sizes=\"(max-width: 1000px) 100vw, 1000px\" srcset=\"https:\/\/mokos.hu\/wp-content\/uploads\/2019\/02\/Mokos_Pinceszet_villanyiborvidek_palkonya_villanyiborok_gyumolcsbor_gyumolcsos_cseresznye_cseresznyebor_szaraz_1a.jpg 1000w, https:\/\/mokos.hu\/wp-content\/uploads\/2019\/02\/Mokos_Pinceszet_villanyiborvidek_palkonya_villanyiborok_gyumolcsbor_gyumolcsos_cseresznye_cseresznyebor_szaraz_1a-300x97.jpg 300w, https:\/\/mokos.hu\/wp-content\/uploads\/2019\/02\/Mokos_Pinceszet_villanyiborvidek_palkonya_villanyiborok_gyumolcsbor_gyumolcsos_cseresznye_cseresznyebor_szaraz_1a-600x194.jpg 600w\" alt=\"Mokos_Pinceszet_villanyiborvidek_palkonya_villanyiborok_villanyiborok_gyumolcswein_gyumolcsos_cherries_cherries_wine_szaraz_1a\" width=\"1000\" height=\"323\" \/><\/p>\n<h5>DESSERTWEIN AUS SONNENGETROCKNETEN FR\u00dcCHTEN<\/h5>\n<p>Das Rohmaterial wird aus den besten Fr\u00fcchten unserer 45 Hektar gro\u00dfen Obstplantagen ausgew\u00e4hlt. Die Technologie ist der eines klassischen, aus Traubenfr\u00fcchten vergorenen Weins sehr \u00e4hnlich: Die reifen Fr\u00fcchte werden geerntet und sofort zur Verarbeitungsanlage transportiert. Die frisch gepfl\u00fcckten Fr\u00fcchte werden innerhalb von 20 Minuten nach der Ernte abgebeert, gefolgt von einer G\u00e4rung in einer sauerstofffreien Umgebung, um die frischen Aromen zu erhalten.<\/p>\n<p>Schmecken Sie den Geschmack der Natur in der Flasche mit Mokos Obstweinspezialit\u00e4ten<span style=\"color: #000000;\">: <a style=\"color: #000000;\" href=\"https:\/\/mokos.hu\/de\/produkt\/kirschwein-obstwein\/\">Meggybor<\/a>, <a style=\"color: #000000;\" href=\"https:\/\/mokos.hu\/de\/produkt\/erdbeerwein-aprikosenwein-pflaumenwein\/\">Eperbor<\/a>, <a style=\"color: #000000;\" href=\"https:\/\/mokos.hu\/de\/produkt\/schwarzer-johannisbeerwein-gummibaumwein\/\">Ribizlibor<\/a>, <a style=\"color: #000000;\" href=\"https:\/\/mokos.hu\/de\/produkt\/malnabor-apfelwein\/\">Himbeer-Apfelwein<\/a>, <a style=\"color: #000000;\" href=\"https:\/\/mokos.hu\/de\/produkt\/cassiswein-weingummiwein\/\">Cajibor <\/a>oder sogar <a href=\"https:\/\/mokos.hu\/de\/produkt\/bodzavirag-apfelwein-bodzabor-premium-gummiwein\/\">Bodzavir\u00e1g Almabor<\/a>\u00a0<\/span>Form auch!<\/p>\n<p>Die meisten unserer Obstweine sind s\u00fc\u00df, aber wenn Sie ein Fan von trockenen Weinen sind, probieren Sie\u00a0<a href=\"https:\/\/mokos.hu\/de\/produkt\/sauerkirschwein-im-barrique\/\">unser in Barriquef\u00e4ssern gereifter Sauerkirschwein<\/a>!<\/p>","protected":false},"excerpt":{"rendered":"<h3><b>Intensiver Kirschgeschmack in der Flasche<\/b><\/h3>\n<h4><em>s\u00fc\u00dfer Premium-Obstwein<\/em><\/h4>\n<p>Hergestellt aus sonnengetrockneten schwarzen Palkonya-Kirschen\u00a0<strong>S\u00fc\u00df<\/strong>\u00a0Obstweinspezialit\u00e4t.<\/p>\n<p>Eine ausgezeichnete Wahl zu Kirschkuchen.<\/p>\n<p>Empfohlene Verbrauchstemperatur: 9-12\u00b0C<\/p>\n<p>Fassungsverm\u00f6gen: 500 ml<\/p>\n<p>St\u00fcckpreis: 7.900 Ft\/Liter<\/p>\n<p><img decoding=\"async\" class=\"aligncenter wp-image-15792\" src=\"https:\/\/mokos.hu\/wp-content\/uploads\/2023\/02\/HVT_logo-250x250.png\" alt=\"Mokos_Pinceszet_Villanyi_Borvidek_Palkonyagyumolcswein_premium_desszert_bor_lokale_zimmer_tickets\" width=\"150\" height=\"150\" srcset=\"https:\/\/mokos.hu\/wp-content\/uploads\/2023\/02\/HVT_logo-250x250.png 250w, https:\/\/mokos.hu\/wp-content\/uploads\/2023\/02\/HVT_logo-300x300.png 300w, https:\/\/mokos.hu\/wp-content\/uploads\/2023\/02\/HVT_logo-150x150.png 150w, https:\/\/mokos.hu\/wp-content\/uploads\/2023\/02\/HVT_logo-600x600.png 600w, https:\/\/mokos.hu\/wp-content\/uploads\/2023\/02\/HVT_logo-1024x1024.png 1024w, https:\/\/mokos.hu\/wp-content\/uploads\/2023\/02\/HVT_logo-400x400.png 400w, https:\/\/mokos.hu\/wp-content\/uploads\/2023\/02\/HVT_logo-100x100.png 100w, https:\/\/mokos.hu\/wp-content\/uploads\/2023\/02\/HVT_logo.png 1200w\" sizes=\"(max-width: 150px) 100vw, 150px\" \/><\/p>\n<p>Bestell- und Einkaufsrichtlinien\u00a0<a href=\"https:\/\/mokos.hu\/de\/uzlet\/regeln\/\">HIER<\/a>\u00a0reicht.<\/p>\n<p>&nbsp;<\/p>","protected":false},"featured_media":27391,"template":"","meta":{"_acf_changed":false},"product_brand":[],"product_cat":[71],"product_tag":[346,347,152,353,153,348,349,116,276,122,351],"class_list":{"0":"post-27389","1":"product","2":"type-product","3":"status-publish","4":"has-post-thumbnail","6":"product_cat-mokos_gyumolcsborok","7":"product_tag-cseresznye","8":"product_tag-cseresznyebor","9":"product_tag-desszertbor","10":"product_tag-edes","11":"product_tag-edes-bor","12":"product_tag-feketecseresznye","13":"product_tag-feketecseresznyebor","14":"product_tag-gyumolcsbor","15":"product_tag-hazai-gyumolcsbol","16":"product_tag-palkonya","17":"product_tag-szaraz-gyumolcsbor","19":"first","20":"instock","21":"taxable","22":"shipping-taxable","23":"purchasable","24":"product-type-simple"},"acf":[],"yoast_head":"<!-- This site is optimized with the Yoast SEO plugin v27.1.1 - https:\/\/yoast.com\/product\/yoast-seo-wordpress\/ -->\n<title>Cseresznyebor - \u00e9des - MOKOS<\/title>\n<meta name=\"description\" content=\"Cseresznyebor \u00e9des gy\u00fcm\u00f6lcsbor k\u00fcl\u00f6nlegess\u00e9g. Intenz\u00edv cseresznye zamatok palackba z\u00e1rva. K\u00f3stolja meg \u00d6n is! www.mokos.hu\" \/>\n<meta name=\"robots\" content=\"index, follow, max-snippet:-1, max-image-preview:large, max-video-preview:-1\" \/>\n<link rel=\"canonical\" href=\"https:\/\/mokos.hu\/de\/produkt\/kirschwein-auch-premium-gummiwein\/\" \/>\n<meta property=\"og:locale\" content=\"de_DE\" \/>\n<meta property=\"og:type\" content=\"article\" \/>\n<meta property=\"og:title\" content=\"Cseresznyebor - \u00e9des - MOKOS\" \/>\n<meta property=\"og:description\" content=\"Cseresznyebor \u00e9des gy\u00fcm\u00f6lcsbor k\u00fcl\u00f6nlegess\u00e9g. Intenz\u00edv cseresznye zamatok palackba z\u00e1rva. K\u00f3stolja meg \u00d6n is! www.mokos.hu\" \/>\n<meta property=\"og:url\" content=\"https:\/\/mokos.hu\/de\/produkt\/kirschwein-auch-premium-gummiwein\/\" \/>\n<meta property=\"og:site_name\" content=\"MOKOS\" \/>\n<meta property=\"article:modified_time\" content=\"2025-11-26T16:00:20+00:00\" \/>\n<meta property=\"og:image\" content=\"https:\/\/mokos.hu\/wp-content\/uploads\/2025\/03\/cseri-e_web_drs.png\" \/>\n\t<meta property=\"og:image:width\" content=\"2686\" \/>\n\t<meta property=\"og:image:height\" content=\"4509\" \/>\n\t<meta property=\"og:image:type\" content=\"image\/png\" \/>\n<meta name=\"twitter:card\" content=\"summary_large_image\" \/>\n<meta name=\"twitter:label1\" content=\"Gesch\u00e4tzte Lesezeit\" \/>\n\t<meta name=\"twitter:data1\" content=\"2\u00a0Minuten\" \/>\n<script type=\"application\/ld+json\" class=\"yoast-schema-graph\">{\"@context\":\"https:\/\/schema.org\",\"@graph\":[{\"@type\":\"WebPage\",\"@id\":\"https:\/\/mokos.hu\/termek\/cseresznyebor-edes-premium-gyumolcsbor\/\",\"url\":\"https:\/\/mokos.hu\/termek\/cseresznyebor-edes-premium-gyumolcsbor\/\",\"name\":\"Cseresznyebor - \u00e9des - MOKOS\",\"isPartOf\":{\"@id\":\"https:\/\/mokos.hu\/#website\"},\"primaryImageOfPage\":{\"@id\":\"https:\/\/mokos.hu\/termek\/cseresznyebor-edes-premium-gyumolcsbor\/#primaryimage\"},\"image\":{\"@id\":\"https:\/\/mokos.hu\/termek\/cseresznyebor-edes-premium-gyumolcsbor\/#primaryimage\"},\"thumbnailUrl\":\"https:\/\/mokos.hu\/wp-content\/uploads\/2025\/03\/cseri-e_web_drs.png\",\"datePublished\":\"2025-03-24T08:34:56+00:00\",\"dateModified\":\"2025-11-26T16:00:20+00:00\",\"description\":\"Cseresznyebor \u00e9des gy\u00fcm\u00f6lcsbor k\u00fcl\u00f6nlegess\u00e9g. Intenz\u00edv cseresznye zamatok palackba z\u00e1rva. K\u00f3stolja meg \u00d6n is! www.mokos.hu\",\"breadcrumb\":{\"@id\":\"https:\/\/mokos.hu\/termek\/cseresznyebor-edes-premium-gyumolcsbor\/#breadcrumb\"},\"inLanguage\":\"de\",\"potentialAction\":[{\"@type\":\"ReadAction\",\"target\":[\"https:\/\/mokos.hu\/termek\/cseresznyebor-edes-premium-gyumolcsbor\/\"]}]},{\"@type\":\"ImageObject\",\"inLanguage\":\"de\",\"@id\":\"https:\/\/mokos.hu\/termek\/cseresznyebor-edes-premium-gyumolcsbor\/#primaryimage\",\"url\":\"https:\/\/mokos.hu\/wp-content\/uploads\/2025\/03\/cseri-e_web_drs.png\",\"contentUrl\":\"https:\/\/mokos.hu\/wp-content\/uploads\/2025\/03\/cseri-e_web_drs.png\",\"width\":2686,\"height\":4509},{\"@type\":\"BreadcrumbList\",\"@id\":\"https:\/\/mokos.hu\/termek\/cseresznyebor-edes-premium-gyumolcsbor\/#breadcrumb\",\"itemListElement\":[{\"@type\":\"ListItem\",\"position\":1,\"name\":\"Home\",\"item\":\"https:\/\/mokos.hu\/\"},{\"@type\":\"ListItem\",\"position\":2,\"name\":\"Term\u00e9kek\",\"item\":\"https:\/\/mokos.hu\/shop\/\"},{\"@type\":\"ListItem\",\"position\":3,\"name\":\"Cseresznyebor &#8211; \u00e9des\"}]},{\"@type\":\"WebSite\",\"@id\":\"https:\/\/mokos.hu\/#website\",\"url\":\"https:\/\/mokos.hu\/\",\"name\":\"MOKOS\",\"description\":\"Csal\u00e1di Pinc\u00e9szet, Palkonya\",\"publisher\":{\"@id\":\"https:\/\/mokos.hu\/#organization\"},\"potentialAction\":[{\"@type\":\"SearchAction\",\"target\":{\"@type\":\"EntryPoint\",\"urlTemplate\":\"https:\/\/mokos.hu\/?s={search_term_string}\"},\"query-input\":{\"@type\":\"PropertyValueSpecification\",\"valueRequired\":true,\"valueName\":\"search_term_string\"}}],\"inLanguage\":\"de\"},{\"@type\":\"Organization\",\"@id\":\"https:\/\/mokos.hu\/#organization\",\"name\":\"MOKOS\",\"url\":\"https:\/\/mokos.hu\/\",\"logo\":{\"@type\":\"ImageObject\",\"inLanguage\":\"de\",\"@id\":\"https:\/\/mokos.hu\/#\/schema\/logo\/image\/\",\"url\":\"https:\/\/mokos.hu\/wp-content\/uploads\/2018\/11\/cropped-Mokos_Villanyi-Borvidek-Palkonya-1.png\",\"contentUrl\":\"https:\/\/mokos.hu\/wp-content\/uploads\/2018\/11\/cropped-Mokos_Villanyi-Borvidek-Palkonya-1.png\",\"width\":1000,\"height\":245,\"caption\":\"MOKOS\"},\"image\":{\"@id\":\"https:\/\/mokos.hu\/#\/schema\/logo\/image\/\"}}]}<\/script>\n<!-- \/ Yoast SEO plugin. -->","yoast_head_json":{"title":"Kirschwein - s\u00fc\u00df - MOKOS","description":"Kirschwein s\u00fc\u00dfe Fruchtweinspezialit\u00e4t. Intensiver Kirschgeschmack in der Flasche. Probieren Sie es selbst! www.mokos.hu","robots":{"index":"index","follow":"follow","max-snippet":"max-snippet:-1","max-image-preview":"max-image-preview:large","max-video-preview":"max-video-preview:-1"},"canonical":"https:\/\/mokos.hu\/de\/produkt\/kirschwein-auch-premium-gummiwein\/","og_locale":"de_DE","og_type":"article","og_title":"Cseresznyebor - \u00e9des - MOKOS","og_description":"Cseresznyebor \u00e9des gy\u00fcm\u00f6lcsbor k\u00fcl\u00f6nlegess\u00e9g. Intenz\u00edv cseresznye zamatok palackba z\u00e1rva. K\u00f3stolja meg \u00d6n is! www.mokos.hu","og_url":"https:\/\/mokos.hu\/de\/produkt\/kirschwein-auch-premium-gummiwein\/","og_site_name":"MOKOS","article_modified_time":"2025-11-26T16:00:20+00:00","og_image":[{"width":2686,"height":4509,"url":"https:\/\/mokos.hu\/wp-content\/uploads\/2025\/03\/cseri-e_web_drs.png","type":"image\/png"}],"twitter_card":"summary_large_image","twitter_misc":{"Gesch\u00e4tzte Lesezeit":"2\u00a0Minuten"},"schema":{"@context":"https:\/\/schema.org","@graph":[{"@type":"WebPage","@id":"https:\/\/mokos.hu\/termek\/cseresznyebor-edes-premium-gyumolcsbor\/","url":"https:\/\/mokos.hu\/termek\/cseresznyebor-edes-premium-gyumolcsbor\/","name":"Kirschwein - s\u00fc\u00df - MOKOS","isPartOf":{"@id":"https:\/\/mokos.hu\/#website"},"primaryImageOfPage":{"@id":"https:\/\/mokos.hu\/termek\/cseresznyebor-edes-premium-gyumolcsbor\/#primaryimage"},"image":{"@id":"https:\/\/mokos.hu\/termek\/cseresznyebor-edes-premium-gyumolcsbor\/#primaryimage"},"thumbnailUrl":"https:\/\/mokos.hu\/wp-content\/uploads\/2025\/03\/cseri-e_web_drs.png","datePublished":"2025-03-24T08:34:56+00:00","dateModified":"2025-11-26T16:00:20+00:00","description":"Kirschwein s\u00fc\u00dfe Fruchtweinspezialit\u00e4t. Intensiver Kirschgeschmack in der Flasche. Probieren Sie es selbst! www.mokos.hu","breadcrumb":{"@id":"https:\/\/mokos.hu\/termek\/cseresznyebor-edes-premium-gyumolcsbor\/#breadcrumb"},"inLanguage":"de","potentialAction":[{"@type":"ReadAction","target":["https:\/\/mokos.hu\/termek\/cseresznyebor-edes-premium-gyumolcsbor\/"]}]},{"@type":"ImageObject","inLanguage":"de","@id":"https:\/\/mokos.hu\/termek\/cseresznyebor-edes-premium-gyumolcsbor\/#primaryimage","url":"https:\/\/mokos.hu\/wp-content\/uploads\/2025\/03\/cseri-e_web_drs.png","contentUrl":"https:\/\/mokos.hu\/wp-content\/uploads\/2025\/03\/cseri-e_web_drs.png","width":2686,"height":4509},{"@type":"BreadcrumbList","@id":"https:\/\/mokos.hu\/termek\/cseresznyebor-edes-premium-gyumolcsbor\/#breadcrumb","itemListElement":[{"@type":"ListItem","position":1,"name":"Home","item":"https:\/\/mokos.hu\/"},{"@type":"ListItem","position":2,"name":"Term\u00e9kek","item":"https:\/\/mokos.hu\/shop\/"},{"@type":"ListItem","position":3,"name":"Cseresznyebor &#8211; \u00e9des"}]},{"@type":"WebSite","@id":"https:\/\/mokos.hu\/#website","url":"https:\/\/mokos.hu\/","name":"MOKOS","description":"Familienweingut, Palkonya","publisher":{"@id":"https:\/\/mokos.hu\/#organization"},"potentialAction":[{"@type":"SearchAction","target":{"@type":"EntryPoint","urlTemplate":"https:\/\/mokos.hu\/?s={search_term_string}"},"query-input":{"@type":"PropertyValueSpecification","valueRequired":true,"valueName":"search_term_string"}}],"inLanguage":"de"},{"@type":"Organization","@id":"https:\/\/mokos.hu\/#organization","name":"MOKOS","url":"https:\/\/mokos.hu\/","logo":{"@type":"ImageObject","inLanguage":"de","@id":"https:\/\/mokos.hu\/#\/schema\/logo\/image\/","url":"https:\/\/mokos.hu\/wp-content\/uploads\/2018\/11\/cropped-Mokos_Villanyi-Borvidek-Palkonya-1.png","contentUrl":"https:\/\/mokos.hu\/wp-content\/uploads\/2018\/11\/cropped-Mokos_Villanyi-Borvidek-Palkonya-1.png","width":1000,"height":245,"caption":"MOKOS"},"image":{"@id":"https:\/\/mokos.hu\/#\/schema\/logo\/image\/"}}]}},"_links":{"self":[{"href":"https:\/\/mokos.hu\/de\/wp-json\/wp\/v2\/product\/27389","targetHints":{"allow":["GET"]}}],"collection":[{"href":"https:\/\/mokos.hu\/de\/wp-json\/wp\/v2\/product"}],"about":[{"href":"https:\/\/mokos.hu\/de\/wp-json\/wp\/v2\/types\/product"}],"wp:featuredmedia":[{"embeddable":true,"href":"https:\/\/mokos.hu\/de\/wp-json\/wp\/v2\/media\/27391"}],"wp:attachment":[{"href":"https:\/\/mokos.hu\/de\/wp-json\/wp\/v2\/media?parent=27389"}],"wp:term":[{"taxonomy":"product_brand","embeddable":true,"href":"https:\/\/mokos.hu\/de\/wp-json\/wp\/v2\/product_brand?post=27389"},{"taxonomy":"product_cat","embeddable":true,"href":"https:\/\/mokos.hu\/de\/wp-json\/wp\/v2\/product_cat?post=27389"},{"taxonomy":"product_tag","embeddable":true,"href":"https:\/\/mokos.hu\/de\/wp-json\/wp\/v2\/product_tag?post=27389"}],"curies":[{"name":"wp","href":"https:\/\/api.w.org\/{rel}","templated":true}]}}