{"id":27380,"date":"2025-03-22T18:22:59","date_gmt":"2025-03-22T16:22:59","guid":{"rendered":"https:\/\/mokos.hu\/?post_type=product&#038;p=27380"},"modified":"2025-12-09T09:17:02","modified_gmt":"2025-12-09T07:17:02","slug":"kirschwein-magnum-flasche-premium-kirschwein","status":"publish","type":"product","link":"https:\/\/mokos.hu\/de\/termek\/meggybor-magnum-palack-premium-gyumolcsbor\/","title":{"rendered":"Meggybor Magnum-Flasche"},"content":{"rendered":"<h5>MOKKA-FRUCHTWEIN MIT DEM GESCHMACK DER NATUR<\/h5>\n<p>Neben den traditionellen Rotweinen aus Vill\u00e1ny\u00a0<strong>Obstweinspezialit\u00e4ten<\/strong>\u00a0ist auch an der Herstellung von Wein beteiligt. Unser Ziel ist es, den Verbrauchern diese in Ungarn noch wenig verbreitete Weinspezialit\u00e4t n\u00e4her zu bringen. Wir halten es f\u00fcr wichtig, dass unsere Obstweine\u00a0<strong>ausschlie\u00dflich aus frischem, saftigem, im Inland erzeugtem Obst hergestellt<\/strong>\u00a0ohne Zusatz von Wasser, Farbstoffen oder Aromastoffen.<\/p>\n<p><img fetchpriority=\"high\" decoding=\"async\" class=\"size-large wp-image-10285 aligncenter\" src=\"https:\/\/mokos.hu\/wp-content\/uploads\/2020\/08\/Mokos_Pinceszet_gyumolcsos_2000x645_14-1024x330.jpg\" alt=\"Mokos_Pinceszet_villanyiborvidek_palkonya_villanyiborok_gyumolcswein_gyumolcsos_meggy_meggywein_meggyszemek\" width=\"750\" height=\"242\" \/><\/p>\n<h5>DESSERTWEIN AUS SONNENGETROCKNETEN FR\u00dcCHTEN<\/h5>\n<p>Das Rohmaterial wird aus den besten Fr\u00fcchten unserer 45 Hektar gro\u00dfen Obstplantagen ausgew\u00e4hlt. Die Technologie ist der eines klassischen, aus Traubenfr\u00fcchten vergorenen Weins sehr \u00e4hnlich: Die reifen Fr\u00fcchte werden geerntet und sofort zum Verarbeiter transportiert. Die frisch gepfl\u00fcckten Fr\u00fcchte werden kurz nach der Ernte abgebeert und anschlie\u00dfend in einer sauerstofffreien Umgebung vergoren, um die frischen Aromen zu erhalten.<\/p>\n<p>Schmecken Sie den Geschmack der Natur in der Flasche mit Mokos Obstweinspezialit\u00e4ten<span style=\"color: #000000;\">: <a style=\"color: #000000;\" href=\"https:\/\/mokos.hu\/de\/produkt\/kirschwein-obstwein\/\">Meggybor<\/a>, <a style=\"color: #000000;\" href=\"https:\/\/mokos.hu\/de\/produkt\/erdbeerwein-aprikosenwein-pflaumenwein\/\">Eperbor<\/a>, <a style=\"color: #000000;\" href=\"https:\/\/mokos.hu\/de\/produkt\/schwarzer-johannisbeerwein-gummibaumwein\/\">Ribizlibor<\/a>, <a style=\"color: #000000;\" href=\"https:\/\/mokos.hu\/de\/produkt\/malnabor-apfelwein\/\">Himbeer-Apfelwein<\/a>, <a style=\"color: #000000;\" href=\"https:\/\/mokos.hu\/de\/produkt\/cassiswein-weingummiwein\/\">Cajibor <\/a>oder sogar <a href=\"https:\/\/mokos.hu\/de\/produkt\/bodzavirag-apfelwein-bodzabor-premium-gummiwein\/\">Bodzavir\u00e1g Almabor<\/a>\u00a0<\/span>Form auch!<\/p>\n<p>Die meisten unserer Obstweine sind s\u00fc\u00df, aber wenn Sie ein Fan von trockenen Weinen sind, probieren Sie <span style=\"color: #000000;\"><a style=\"color: #000000;\" href=\"https:\/\/mokos.hu\/de\/produkt\/sauerkirschwein-im-barrique\/\">unsere im Barriquefass gereifte Kirschweinspezialit\u00e4t<\/a>!<\/span><\/p>","protected":false},"excerpt":{"rendered":"<h3><strong>Einzigartige nummerierte, extra gro\u00dfe, signierte Auflage!<\/strong><\/h3>\n<h4><em>S\u00fc\u00dfer Premium-Obstwein - 1,5 L<\/em><\/h4>\n<p><strong>Unsere festliche Magnumflasche mit 1,5 Litern Mokos Meggywein in limitierter Auflage wurde von unserem Chefwinzer P\u00e9ter handnummeriert und signiert.<\/strong>\u00a0<strong>Insgesamt nur 100 Flaschen zum Verkosten!<\/strong><\/p>\n<p>Unsere Meggybor-Spezialit\u00e4t wird sowohl im Aroma als auch im Geschmack von sonnigen, saftigen Sauerkirschen dominiert. Er passt hervorragend zu Strudel, Mohn- und Kirschengeb\u00e4ck.<\/p>\n<p>Empfohlene Verbrauchstemperatur: 7-10\u00b0C | Fassungsverm\u00f6gen: 1500 ml | Einzelpreis: 7,326 Ft\/Liter<\/p>\n<h4>Pers\u00f6nliche Quittung<\/h4>\n<p><strong>Unsere Premium-Meggywein-Magnum-Flaschen sind nur f\u00fcr die pers\u00f6nliche Lieferung erh\u00e4ltlich.<\/strong>\u00a0Aufgrund der begrenzten Anzahl von Flaschen, des Wertes des Produkts und seiner Zerbrechlichkeit kann es nicht per Paketdienst geliefert werden.<\/p>\n<p>Abholung: Weingut Mokos, 7771 Palkonya, Hegyalja u. 1.<\/p>\n<p><img decoding=\"async\" class=\"aligncenter wp-image-15792\" src=\"https:\/\/mokos.hu\/wp-content\/uploads\/2023\/02\/HVT_logo-250x250.png\" alt=\"Mokos_Pinceszet_Villanyi_Borvidek_Palkonyagyumolcswein_premium_desszert_bor_lokale_zimmer_tickets\" width=\"170\" height=\"170\" srcset=\"https:\/\/mokos.hu\/wp-content\/uploads\/2023\/02\/HVT_logo-250x250.png 250w, https:\/\/mokos.hu\/wp-content\/uploads\/2023\/02\/HVT_logo-300x300.png 300w, https:\/\/mokos.hu\/wp-content\/uploads\/2023\/02\/HVT_logo-150x150.png 150w, https:\/\/mokos.hu\/wp-content\/uploads\/2023\/02\/HVT_logo-600x600.png 600w, https:\/\/mokos.hu\/wp-content\/uploads\/2023\/02\/HVT_logo-1024x1024.png 1024w, https:\/\/mokos.hu\/wp-content\/uploads\/2023\/02\/HVT_logo-400x400.png 400w, https:\/\/mokos.hu\/wp-content\/uploads\/2023\/02\/HVT_logo-100x100.png 100w, https:\/\/mokos.hu\/wp-content\/uploads\/2023\/02\/HVT_logo.png 1200w\" sizes=\"(max-width: 170px) 100vw, 170px\" \/><\/p>\n<p>Bestell- und Einkaufsrichtlinien\u00a0<a href=\"https:\/\/mokos.hu\/de\/uzlet\/regeln\/\">HIER<\/a>\u00a0reicht.<\/p>","protected":false},"featured_media":27383,"template":"","meta":{"_acf_changed":false},"product_brand":[],"product_cat":[71],"product_tag":[152,153,116,124,352,154,155,117],"class_list":{"0":"post-27380","1":"product","2":"type-product","3":"status-publish","4":"has-post-thumbnail","6":"product_cat-mokos_gyumolcsborok","7":"product_tag-desszertbor","8":"product_tag-edes-bor","9":"product_tag-gyumolcsbor","10":"product_tag-izelmeny","11":"product_tag-magnum-palack","12":"product_tag-meggy","13":"product_tag-meggybor","14":"product_tag-mokos-gyumolcsbor","16":"first","17":"outofstock","18":"taxable","19":"shipping-taxable","20":"purchasable","21":"product-type-simple"},"acf":[],"yoast_head":"<!-- This site is optimized with the Yoast SEO plugin v27.5 - https:\/\/yoast.com\/product\/yoast-seo-wordpress\/ -->\n<title>Meggybor Magnum Palack - MOKOS Pr\u00e9mium Gy\u00fcm\u00f6lcsbor - \u00c9des - 0,5 L<\/title>\n<meta name=\"description\" content=\"100% palkonyai meggyb\u0151l k\u00e9sz\u00fclt Gy\u00fcm\u00f6lcsbor. Mokos Meggybor k\u00fcl\u00f6nlegess\u00e9g: \u00e9lj \u00e1t val\u00f3di \u00edz\u00e9lm\u00e9nyt \u00e9s \u00e9lvezd a term\u00e9szet zamat\u00e1t!\" \/>\n<meta name=\"robots\" content=\"index, follow, max-snippet:-1, max-image-preview:large, max-video-preview:-1\" \/>\n<link rel=\"canonical\" href=\"https:\/\/mokos.hu\/de\/produkt\/kirschwein-magnum-flasche-premium-kirschwein\/\" \/>\n<meta property=\"og:locale\" content=\"de_DE\" \/>\n<meta property=\"og:type\" content=\"article\" \/>\n<meta property=\"og:title\" content=\"Mokos Meggybor - \u00e9des gy\u00fcm\u00f6lcsbor k\u00fcl\u00f6nlegess\u00e9g\" \/>\n<meta property=\"og:description\" content=\"Meggybor k\u00fcl\u00f6nlegess\u00e9g\u00fcnk illat\u00e1ban \u00e9s \u00edz\u00e9ben egyar\u00e1nt domin\u00e1nsan megjelenik a naps\u00fct\u00f6tte, zamatos meggy. K\u00f3stoljon bele \u00d6n is a term\u00e9szet palackba z\u00e1rt zamat\u00e1ba!\" \/>\n<meta property=\"og:url\" content=\"https:\/\/mokos.hu\/de\/produkt\/kirschwein-magnum-flasche-premium-kirschwein\/\" \/>\n<meta property=\"og:site_name\" content=\"MOKOS\" \/>\n<meta property=\"article:modified_time\" content=\"2025-12-09T07:17:02+00:00\" \/>\n<meta property=\"og:image\" content=\"https:\/\/mokos.hu\/wp-content\/uploads\/2017\/04\/Mokos_Pinceszet_gyumolcsbor_meggy_meggybor-e1600675960972.jpg\" \/>\n\t<meta property=\"og:image:width\" content=\"400\" \/>\n\t<meta property=\"og:image:height\" content=\"400\" \/>\n\t<meta property=\"og:image:type\" content=\"image\/jpeg\" \/>\n<meta name=\"twitter:card\" content=\"summary_large_image\" \/>\n<meta name=\"twitter:label1\" content=\"Gesch\u00e4tzte Lesezeit\" \/>\n\t<meta name=\"twitter:data1\" content=\"2\u00a0Minuten\" \/>\n<script type=\"application\/ld+json\" class=\"yoast-schema-graph\">{\"@context\":\"https:\\\/\\\/schema.org\",\"@graph\":[{\"@type\":\"WebPage\",\"@id\":\"https:\\\/\\\/mokos.hu\\\/termek\\\/meggybor-magnum-palack-premium-gyumolcsbor\\\/\",\"url\":\"https:\\\/\\\/mokos.hu\\\/termek\\\/meggybor-magnum-palack-premium-gyumolcsbor\\\/\",\"name\":\"Meggybor Magnum Palack - MOKOS Pr\u00e9mium Gy\u00fcm\u00f6lcsbor - \u00c9des - 0,5 L\",\"isPartOf\":{\"@id\":\"https:\\\/\\\/mokos.hu\\\/#website\"},\"primaryImageOfPage\":{\"@id\":\"https:\\\/\\\/mokos.hu\\\/termek\\\/meggybor-magnum-palack-premium-gyumolcsbor\\\/#primaryimage\"},\"image\":{\"@id\":\"https:\\\/\\\/mokos.hu\\\/termek\\\/meggybor-magnum-palack-premium-gyumolcsbor\\\/#primaryimage\"},\"thumbnailUrl\":\"https:\\\/\\\/mokos.hu\\\/wp-content\\\/uploads\\\/2025\\\/03\\\/MOKOS_Magnum-Meggybor2-1.png\",\"datePublished\":\"2025-03-22T16:22:59+00:00\",\"dateModified\":\"2025-12-09T07:17:02+00:00\",\"description\":\"100% palkonyai meggyb\u0151l k\u00e9sz\u00fclt Gy\u00fcm\u00f6lcsbor. Mokos Meggybor k\u00fcl\u00f6nlegess\u00e9g: \u00e9lj \u00e1t val\u00f3di \u00edz\u00e9lm\u00e9nyt \u00e9s \u00e9lvezd a term\u00e9szet zamat\u00e1t!\",\"breadcrumb\":{\"@id\":\"https:\\\/\\\/mokos.hu\\\/termek\\\/meggybor-magnum-palack-premium-gyumolcsbor\\\/#breadcrumb\"},\"inLanguage\":\"de\",\"potentialAction\":[{\"@type\":\"ReadAction\",\"target\":[\"https:\\\/\\\/mokos.hu\\\/termek\\\/meggybor-magnum-palack-premium-gyumolcsbor\\\/\"]}]},{\"@type\":\"ImageObject\",\"inLanguage\":\"de\",\"@id\":\"https:\\\/\\\/mokos.hu\\\/termek\\\/meggybor-magnum-palack-premium-gyumolcsbor\\\/#primaryimage\",\"url\":\"https:\\\/\\\/mokos.hu\\\/wp-content\\\/uploads\\\/2025\\\/03\\\/MOKOS_Magnum-Meggybor2-1.png\",\"contentUrl\":\"https:\\\/\\\/mokos.hu\\\/wp-content\\\/uploads\\\/2025\\\/03\\\/MOKOS_Magnum-Meggybor2-1.png\",\"width\":2686,\"height\":4509},{\"@type\":\"BreadcrumbList\",\"@id\":\"https:\\\/\\\/mokos.hu\\\/termek\\\/meggybor-magnum-palack-premium-gyumolcsbor\\\/#breadcrumb\",\"itemListElement\":[{\"@type\":\"ListItem\",\"position\":1,\"name\":\"Home\",\"item\":\"https:\\\/\\\/mokos.hu\\\/\"},{\"@type\":\"ListItem\",\"position\":2,\"name\":\"Term\u00e9kek\",\"item\":\"https:\\\/\\\/mokos.hu\\\/shop\\\/\"},{\"@type\":\"ListItem\",\"position\":3,\"name\":\"Meggybor Magnum Palack\"}]},{\"@type\":\"WebSite\",\"@id\":\"https:\\\/\\\/mokos.hu\\\/#website\",\"url\":\"https:\\\/\\\/mokos.hu\\\/\",\"name\":\"MOKOS\",\"description\":\"Csal\u00e1di Pinc\u00e9szet, Palkonya\",\"publisher\":{\"@id\":\"https:\\\/\\\/mokos.hu\\\/#organization\"},\"potentialAction\":[{\"@type\":\"SearchAction\",\"target\":{\"@type\":\"EntryPoint\",\"urlTemplate\":\"https:\\\/\\\/mokos.hu\\\/?s={search_term_string}\"},\"query-input\":{\"@type\":\"PropertyValueSpecification\",\"valueRequired\":true,\"valueName\":\"search_term_string\"}}],\"inLanguage\":\"de\"},{\"@type\":\"Organization\",\"@id\":\"https:\\\/\\\/mokos.hu\\\/#organization\",\"name\":\"MOKOS\",\"url\":\"https:\\\/\\\/mokos.hu\\\/\",\"logo\":{\"@type\":\"ImageObject\",\"inLanguage\":\"de\",\"@id\":\"https:\\\/\\\/mokos.hu\\\/#\\\/schema\\\/logo\\\/image\\\/\",\"url\":\"https:\\\/\\\/mokos.hu\\\/wp-content\\\/uploads\\\/2018\\\/11\\\/cropped-Mokos_Villanyi-Borvidek-Palkonya-1.png\",\"contentUrl\":\"https:\\\/\\\/mokos.hu\\\/wp-content\\\/uploads\\\/2018\\\/11\\\/cropped-Mokos_Villanyi-Borvidek-Palkonya-1.png\",\"width\":1000,\"height\":245,\"caption\":\"MOKOS\"},\"image\":{\"@id\":\"https:\\\/\\\/mokos.hu\\\/#\\\/schema\\\/logo\\\/image\\\/\"}}]}<\/script>\n<!-- \/ Yoast SEO plugin. -->","yoast_head_json":{"title":"Meggybor Magnumflasche - MOKOS Premium Fruchtwein - S\u00fc\u00df - 0,5 L","description":"100% Obstwein aus Kirschen von Palkonya. Mokos Meggywein-Spezialit\u00e4t: Erleben Sie das echte Geschmackserlebnis und genie\u00dfen Sie den Geschmack der Natur!","robots":{"index":"index","follow":"follow","max-snippet":"max-snippet:-1","max-image-preview":"max-image-preview:large","max-video-preview":"max-video-preview:-1"},"canonical":"https:\/\/mokos.hu\/de\/produkt\/kirschwein-magnum-flasche-premium-kirschwein\/","og_locale":"de_DE","og_type":"article","og_title":"Mokos Meggybor - \u00e9des gy\u00fcm\u00f6lcsbor k\u00fcl\u00f6nlegess\u00e9g","og_description":"Meggybor k\u00fcl\u00f6nlegess\u00e9g\u00fcnk illat\u00e1ban \u00e9s \u00edz\u00e9ben egyar\u00e1nt domin\u00e1nsan megjelenik a naps\u00fct\u00f6tte, zamatos meggy. K\u00f3stoljon bele \u00d6n is a term\u00e9szet palackba z\u00e1rt zamat\u00e1ba!","og_url":"https:\/\/mokos.hu\/de\/produkt\/kirschwein-magnum-flasche-premium-kirschwein\/","og_site_name":"MOKOS","article_modified_time":"2025-12-09T07:17:02+00:00","og_image":[{"width":400,"height":400,"url":"https:\/\/mokos.hu\/wp-content\/uploads\/2017\/04\/Mokos_Pinceszet_gyumolcsbor_meggy_meggybor-e1600675960972.jpg","type":"image\/jpeg"}],"twitter_card":"summary_large_image","twitter_misc":{"Gesch\u00e4tzte Lesezeit":"2\u00a0Minuten"},"schema":{"@context":"https:\/\/schema.org","@graph":[{"@type":"WebPage","@id":"https:\/\/mokos.hu\/termek\/meggybor-magnum-palack-premium-gyumolcsbor\/","url":"https:\/\/mokos.hu\/termek\/meggybor-magnum-palack-premium-gyumolcsbor\/","name":"Meggybor Magnumflasche - MOKOS Premium Fruchtwein - S\u00fc\u00df - 0,5 L","isPartOf":{"@id":"https:\/\/mokos.hu\/#website"},"primaryImageOfPage":{"@id":"https:\/\/mokos.hu\/termek\/meggybor-magnum-palack-premium-gyumolcsbor\/#primaryimage"},"image":{"@id":"https:\/\/mokos.hu\/termek\/meggybor-magnum-palack-premium-gyumolcsbor\/#primaryimage"},"thumbnailUrl":"https:\/\/mokos.hu\/wp-content\/uploads\/2025\/03\/MOKOS_Magnum-Meggybor2-1.png","datePublished":"2025-03-22T16:22:59+00:00","dateModified":"2025-12-09T07:17:02+00:00","description":"100% Obstwein aus Kirschen von Palkonya. Mokos Meggywein-Spezialit\u00e4t: Erleben Sie das echte Geschmackserlebnis und genie\u00dfen Sie den Geschmack der Natur!","breadcrumb":{"@id":"https:\/\/mokos.hu\/termek\/meggybor-magnum-palack-premium-gyumolcsbor\/#breadcrumb"},"inLanguage":"de","potentialAction":[{"@type":"ReadAction","target":["https:\/\/mokos.hu\/termek\/meggybor-magnum-palack-premium-gyumolcsbor\/"]}]},{"@type":"ImageObject","inLanguage":"de","@id":"https:\/\/mokos.hu\/termek\/meggybor-magnum-palack-premium-gyumolcsbor\/#primaryimage","url":"https:\/\/mokos.hu\/wp-content\/uploads\/2025\/03\/MOKOS_Magnum-Meggybor2-1.png","contentUrl":"https:\/\/mokos.hu\/wp-content\/uploads\/2025\/03\/MOKOS_Magnum-Meggybor2-1.png","width":2686,"height":4509},{"@type":"BreadcrumbList","@id":"https:\/\/mokos.hu\/termek\/meggybor-magnum-palack-premium-gyumolcsbor\/#breadcrumb","itemListElement":[{"@type":"ListItem","position":1,"name":"Home","item":"https:\/\/mokos.hu\/"},{"@type":"ListItem","position":2,"name":"Term\u00e9kek","item":"https:\/\/mokos.hu\/shop\/"},{"@type":"ListItem","position":3,"name":"Meggybor Magnum Palack"}]},{"@type":"WebSite","@id":"https:\/\/mokos.hu\/#website","url":"https:\/\/mokos.hu\/","name":"MOKOS","description":"Familienweingut, Palkonya","publisher":{"@id":"https:\/\/mokos.hu\/#organization"},"potentialAction":[{"@type":"SearchAction","target":{"@type":"EntryPoint","urlTemplate":"https:\/\/mokos.hu\/?s={search_term_string}"},"query-input":{"@type":"PropertyValueSpecification","valueRequired":true,"valueName":"search_term_string"}}],"inLanguage":"de"},{"@type":"Organization","@id":"https:\/\/mokos.hu\/#organization","name":"MOKOS","url":"https:\/\/mokos.hu\/","logo":{"@type":"ImageObject","inLanguage":"de","@id":"https:\/\/mokos.hu\/#\/schema\/logo\/image\/","url":"https:\/\/mokos.hu\/wp-content\/uploads\/2018\/11\/cropped-Mokos_Villanyi-Borvidek-Palkonya-1.png","contentUrl":"https:\/\/mokos.hu\/wp-content\/uploads\/2018\/11\/cropped-Mokos_Villanyi-Borvidek-Palkonya-1.png","width":1000,"height":245,"caption":"MOKOS"},"image":{"@id":"https:\/\/mokos.hu\/#\/schema\/logo\/image\/"}}]}},"_links":{"self":[{"href":"https:\/\/mokos.hu\/de\/wp-json\/wp\/v2\/product\/27380","targetHints":{"allow":["GET"]}}],"collection":[{"href":"https:\/\/mokos.hu\/de\/wp-json\/wp\/v2\/product"}],"about":[{"href":"https:\/\/mokos.hu\/de\/wp-json\/wp\/v2\/types\/product"}],"wp:featuredmedia":[{"embeddable":true,"href":"https:\/\/mokos.hu\/de\/wp-json\/wp\/v2\/media\/27383"}],"wp:attachment":[{"href":"https:\/\/mokos.hu\/de\/wp-json\/wp\/v2\/media?parent=27380"}],"wp:term":[{"taxonomy":"product_brand","embeddable":true,"href":"https:\/\/mokos.hu\/de\/wp-json\/wp\/v2\/product_brand?post=27380"},{"taxonomy":"product_cat","embeddable":true,"href":"https:\/\/mokos.hu\/de\/wp-json\/wp\/v2\/product_cat?post=27380"},{"taxonomy":"product_tag","embeddable":true,"href":"https:\/\/mokos.hu\/de\/wp-json\/wp\/v2\/product_tag?post=27380"}],"curies":[{"name":"wp","href":"https:\/\/api.w.org\/{rel}","templated":true}]}}