{"id":21741,"date":"2024-11-14T18:22:32","date_gmt":"2024-11-14T16:22:32","guid":{"rendered":"https:\/\/mokos.hu\/?post_type=product&#038;p=21741"},"modified":"2026-02-17T11:53:16","modified_gmt":"2026-02-17T09:53:16","slug":"cabernet-sauvignon-2021-premium-villanyi-vorosbor","status":"publish","type":"product","link":"https:\/\/mokos.hu\/de\/termek\/cabernet-sauvignon-2021-premium-villanyi-vorosbor\/","title":{"rendered":"Cabernet Sauvignon 2021"},"content":{"rendered":"<h5>PREMIUM-WEIN AUS VILL\u00c1NY MIT GESCH\u00dcTZTER HERKUNFT<\/h5>\n<p>Unsere Weinberge in der Lage Weingarten im n\u00f6rdlichen Teil des Weinbaugebiets Vill\u00e1ny sind die Heimat der typischen<strong>\u00a0nationale und internationale Sorten\u00a0<\/strong>(Portugieser, K\u00e9kfrankos, Pinot noir, Merlot, Cabernet franc, Cabernet sauvignon). Dank der L\u00f6ss- und Rotlehmb\u00f6den, des submediterranen Klimas und der \u00fcberdurchschnittlichen Ertragsbegrenzung ist die Qualit\u00e4t der\u00a0<strong>Vill\u00e1ny classicus und Spitzenweine<\/strong>Seit 2008 produzieren wir rund 100 000 Flaschen pro Jahr.<\/p>\n<h5>DHC MANSION<\/h5>\n<p><img fetchpriority=\"high\" decoding=\"async\" class=\"wp-image-15840 size-full alignright\" src=\"https:\/\/mokos.hu\/wp-content\/uploads\/2023\/03\/villa\u0301ny-dhc.png\" alt=\"DHC Vill\u00e1ny_villanyiborvidek_palkonya_mokos_pinceszet\" width=\"225\" height=\"225\" srcset=\"https:\/\/mokos.hu\/wp-content\/uploads\/2023\/03\/villa\u0301ny-dhc.png 225w, https:\/\/mokos.hu\/wp-content\/uploads\/2023\/03\/villa\u0301ny-dhc-150x150.png 150w, https:\/\/mokos.hu\/wp-content\/uploads\/2023\/03\/villa\u0301ny-dhc-100x100.png 100w\" sizes=\"(max-width: 225px) 100vw, 225px\" \/><\/p>\n<p>Vill\u00e1nyer Wein mit gesch\u00fctzter Herkunft darf nur aus bestimmten Rebsorten hergestellt werden, die in der Weinregion geerntet werden. Die Weine der g.U. Vill\u00e1ny sind an der Aufschrift \"Districtus Hungaricus Controllatus Vill\u00e1ny\" mit dem Kirschbl\u00fctenemblem im Bild zu erkennen.<\/p>\n<p>Erfahren Sie mehr \u00fcber den Schutz der Herkunft der Weine von Vill\u00e1ny\u00a0<a href=\"https:\/\/villanyiborvidek.hu\/hu\/villanyi-borvidek\/eredetvedelem-kikerics-vedjegy\" target=\"_blank\" rel=\"noopener noreferrer\">HIER<\/a>.<\/p>","protected":false},"excerpt":{"rendered":"<h5><span style=\"color: #b0ae6a;\">ARANY\u00c9REM: Winelovers Wine Awards Gold &#8211; 2025<\/span><\/h5>\n<h5><span style=\"color: #b0ae6a;\">ARANY\u00c9REM: 44. Orsz\u00e1gos Borverseny &#8211; 2025<\/span><\/h5>\n<h5><span style=\"color: #b0ae6a;\">ARANY\u00c9REM: Vinagora Nemzetk\u00f6zi Borverseny &#8211; 2025<\/span><\/h5>\n<h5><span style=\"color: #b0ae6a;\">ARANY\u00c9REM: Vill\u00e1nyi Borverseny &#8211; 2025<\/span><\/h5>\n<h5><span style=\"color: #b0ae6a;\">ARANY\u00c9REM: MTA PAB Borverseny 2025<\/span><\/h5>\n<h3><strong>Ein charaktervoller, vollmundiger, maskuliner Rotwein mit eleganten Aromen von schwarzen Beeren und dunkler Schokolade<\/strong><\/h3>\n<h4><span style=\"color: #333300;\"><em>trockener Premium-Rotwein<\/em><\/span><\/h4>\n<p>Tief rubinrote Farbe, m\u00e4\u00dfig intensiver Duft.<\/p>\n<p>Eine vielschichtige Partie mit einer rustikalen Struktur und einem mittellangen Abgang.<\/p>\n<p>Empfohlene Verbrauchstemperatur: 16-18\u00b0C<\/p>\n<p>Passt hervorragend zu Braten, Wild, ger\u00e4uchertem K\u00e4se und Eint\u00f6pfen.<\/p>\n<p>Fassungsverm\u00f6gen: 750 ml<\/p>\n<p>St\u00fcckpreis: 5,933 Ft\/Liter<\/p>\n<p>&nbsp;<\/p>\n<p>Bestell- und Einkaufsrichtlinien\u00a0<span style=\"color: #b0ae6a;\"><a style=\"color: #b0ae6a;\" href=\"https:\/\/mokos.hu\/de\/uzlet\/regeln\/\">HIER<\/a><\/span>\u00a0reicht.<\/p>","protected":false},"featured_media":29738,"template":"","meta":{"_acf_changed":false},"product_brand":[],"product_cat":[70],"product_tag":[139,179,123,194,180,137,129,132],"class_list":{"0":"post-21741","1":"product","2":"type-product","3":"status-publish","4":"has-post-thumbnail","6":"product_cat-villany_mokos_borok","7":"product_tag-cabernet-sauvignon","8":"product_tag-dhc-villany","9":"product_tag-mokos-pinceszet","10":"product_tag-premium-vorosbor","11":"product_tag-szaraz-vorosbor","12":"product_tag-villanyi-borok","13":"product_tag-villanyi-borvidek","14":"product_tag-vorosbor","16":"first","17":"instock","18":"taxable","19":"shipping-taxable","20":"purchasable","21":"product-type-simple"},"acf":[],"yoast_head":"<!-- This site is optimized with the Yoast SEO plugin v27.1.1 - https:\/\/yoast.com\/product\/yoast-seo-wordpress\/ -->\n<title>Cabernet Sauvignon 2021 - MOKOS Pinc\u00e9szet - Vill\u00e1nyi Borvid\u00e9k<\/title>\n<meta name=\"description\" content=\"Karakteres, f\u00e9rfias v\u00f6r\u00f6sbor a feketebogy\u00f3s gy\u00fcm\u00f6lcs\u00f6k j\u00e1t\u00e9kos karaktereivel. K\u00f3stolja meg a Mokos Pinc\u00e9szet vill\u00e1nyi Cabernet Sauvignon v\u00f6r\u00f6sbor\u00e1t!\" \/>\n<meta name=\"robots\" content=\"index, follow, max-snippet:-1, max-image-preview:large, max-video-preview:-1\" \/>\n<link rel=\"canonical\" href=\"https:\/\/mokos.hu\/de\/produkt\/cabernet-sauvignon-2021-premium-villanyi-vorosbor\/\" \/>\n<meta property=\"og:locale\" content=\"de_DE\" \/>\n<meta property=\"og:type\" content=\"article\" \/>\n<meta property=\"og:title\" content=\"Cabernet Sauvignon 2021 - MOKOS Pinc\u00e9szet - Vill\u00e1nyi Borvid\u00e9k\" \/>\n<meta property=\"og:description\" content=\"Karakteres, f\u00e9rfias v\u00f6r\u00f6sbor a feketebogy\u00f3s gy\u00fcm\u00f6lcs\u00f6k j\u00e1t\u00e9kos karaktereivel. K\u00f3stolja meg a Mokos Pinc\u00e9szet vill\u00e1nyi Cabernet Sauvignon v\u00f6r\u00f6sbor\u00e1t!\" \/>\n<meta property=\"og:url\" content=\"https:\/\/mokos.hu\/de\/produkt\/cabernet-sauvignon-2021-premium-villanyi-vorosbor\/\" \/>\n<meta property=\"og:site_name\" content=\"MOKOS\" \/>\n<meta property=\"article:modified_time\" content=\"2026-02-17T09:53:16+00:00\" \/>\n<meta property=\"og:image\" content=\"https:\/\/mokos.hu\/wp-content\/uploads\/2018\/10\/CS_2_web_K.png\" \/>\n\t<meta property=\"og:image:width\" content=\"425\" \/>\n\t<meta property=\"og:image:height\" content=\"714\" \/>\n\t<meta property=\"og:image:type\" content=\"image\/png\" \/>\n<meta name=\"twitter:card\" content=\"summary_large_image\" \/>\n<meta name=\"twitter:label1\" content=\"Gesch\u00e4tzte Lesezeit\" \/>\n\t<meta name=\"twitter:data1\" content=\"1\u00a0Minute\" \/>\n<script type=\"application\/ld+json\" class=\"yoast-schema-graph\">{\"@context\":\"https:\/\/schema.org\",\"@graph\":[{\"@type\":\"WebPage\",\"@id\":\"https:\/\/mokos.hu\/termek\/cabernet-sauvignon-2021-premium-villanyi-vorosbor\/\",\"url\":\"https:\/\/mokos.hu\/termek\/cabernet-sauvignon-2021-premium-villanyi-vorosbor\/\",\"name\":\"Cabernet Sauvignon 2021 - MOKOS Pinc\u00e9szet - Vill\u00e1nyi Borvid\u00e9k\",\"isPartOf\":{\"@id\":\"https:\/\/mokos.hu\/#website\"},\"primaryImageOfPage\":{\"@id\":\"https:\/\/mokos.hu\/termek\/cabernet-sauvignon-2021-premium-villanyi-vorosbor\/#primaryimage\"},\"image\":{\"@id\":\"https:\/\/mokos.hu\/termek\/cabernet-sauvignon-2021-premium-villanyi-vorosbor\/#primaryimage\"},\"thumbnailUrl\":\"https:\/\/mokos.hu\/wp-content\/uploads\/2024\/11\/CABSAU_Dij-scaled.png\",\"datePublished\":\"2024-11-14T16:22:32+00:00\",\"dateModified\":\"2026-02-17T09:53:16+00:00\",\"description\":\"Karakteres, f\u00e9rfias v\u00f6r\u00f6sbor a feketebogy\u00f3s gy\u00fcm\u00f6lcs\u00f6k j\u00e1t\u00e9kos karaktereivel. K\u00f3stolja meg a Mokos Pinc\u00e9szet vill\u00e1nyi Cabernet Sauvignon v\u00f6r\u00f6sbor\u00e1t!\",\"breadcrumb\":{\"@id\":\"https:\/\/mokos.hu\/termek\/cabernet-sauvignon-2021-premium-villanyi-vorosbor\/#breadcrumb\"},\"inLanguage\":\"de\",\"potentialAction\":[{\"@type\":\"ReadAction\",\"target\":[\"https:\/\/mokos.hu\/termek\/cabernet-sauvignon-2021-premium-villanyi-vorosbor\/\"]}]},{\"@type\":\"ImageObject\",\"inLanguage\":\"de\",\"@id\":\"https:\/\/mokos.hu\/termek\/cabernet-sauvignon-2021-premium-villanyi-vorosbor\/#primaryimage\",\"url\":\"https:\/\/mokos.hu\/wp-content\/uploads\/2024\/11\/CABSAU_Dij-scaled.png\",\"contentUrl\":\"https:\/\/mokos.hu\/wp-content\/uploads\/2024\/11\/CABSAU_Dij-scaled.png\",\"width\":1525,\"height\":2560},{\"@type\":\"BreadcrumbList\",\"@id\":\"https:\/\/mokos.hu\/termek\/cabernet-sauvignon-2021-premium-villanyi-vorosbor\/#breadcrumb\",\"itemListElement\":[{\"@type\":\"ListItem\",\"position\":1,\"name\":\"Home\",\"item\":\"https:\/\/mokos.hu\/\"},{\"@type\":\"ListItem\",\"position\":2,\"name\":\"Term\u00e9kek\",\"item\":\"https:\/\/mokos.hu\/shop\/\"},{\"@type\":\"ListItem\",\"position\":3,\"name\":\"Cabernet Sauvignon 2021\"}]},{\"@type\":\"WebSite\",\"@id\":\"https:\/\/mokos.hu\/#website\",\"url\":\"https:\/\/mokos.hu\/\",\"name\":\"MOKOS\",\"description\":\"Csal\u00e1di Pinc\u00e9szet, Palkonya\",\"publisher\":{\"@id\":\"https:\/\/mokos.hu\/#organization\"},\"potentialAction\":[{\"@type\":\"SearchAction\",\"target\":{\"@type\":\"EntryPoint\",\"urlTemplate\":\"https:\/\/mokos.hu\/?s={search_term_string}\"},\"query-input\":{\"@type\":\"PropertyValueSpecification\",\"valueRequired\":true,\"valueName\":\"search_term_string\"}}],\"inLanguage\":\"de\"},{\"@type\":\"Organization\",\"@id\":\"https:\/\/mokos.hu\/#organization\",\"name\":\"MOKOS\",\"url\":\"https:\/\/mokos.hu\/\",\"logo\":{\"@type\":\"ImageObject\",\"inLanguage\":\"de\",\"@id\":\"https:\/\/mokos.hu\/#\/schema\/logo\/image\/\",\"url\":\"https:\/\/mokos.hu\/wp-content\/uploads\/2018\/11\/cropped-Mokos_Villanyi-Borvidek-Palkonya-1.png\",\"contentUrl\":\"https:\/\/mokos.hu\/wp-content\/uploads\/2018\/11\/cropped-Mokos_Villanyi-Borvidek-Palkonya-1.png\",\"width\":1000,\"height\":245,\"caption\":\"MOKOS\"},\"image\":{\"@id\":\"https:\/\/mokos.hu\/#\/schema\/logo\/image\/\"}}]}<\/script>\n<!-- \/ Yoast SEO plugin. -->","yoast_head_json":{"title":"Cabernet Sauvignon 2021 - Weinkellerei MOKOS - Weinregion Vill\u00e1ny","description":"Ein charaktervoller, maskuliner Rotwein mit verspielten schwarzen Beerenfruchtcharakteren. Probieren Sie den Cabernet Sauvignon Rotwein von Mokos Winery in Vill\u00e1ny!","robots":{"index":"index","follow":"follow","max-snippet":"max-snippet:-1","max-image-preview":"max-image-preview:large","max-video-preview":"max-video-preview:-1"},"canonical":"https:\/\/mokos.hu\/de\/produkt\/cabernet-sauvignon-2021-premium-villanyi-vorosbor\/","og_locale":"de_DE","og_type":"article","og_title":"Cabernet Sauvignon 2021 - MOKOS Pinc\u00e9szet - Vill\u00e1nyi Borvid\u00e9k","og_description":"Karakteres, f\u00e9rfias v\u00f6r\u00f6sbor a feketebogy\u00f3s gy\u00fcm\u00f6lcs\u00f6k j\u00e1t\u00e9kos karaktereivel. K\u00f3stolja meg a Mokos Pinc\u00e9szet vill\u00e1nyi Cabernet Sauvignon v\u00f6r\u00f6sbor\u00e1t!","og_url":"https:\/\/mokos.hu\/de\/produkt\/cabernet-sauvignon-2021-premium-villanyi-vorosbor\/","og_site_name":"MOKOS","article_modified_time":"2026-02-17T09:53:16+00:00","og_image":[{"width":425,"height":714,"url":"https:\/\/mokos.hu\/wp-content\/uploads\/2018\/10\/CS_2_web_K.png","type":"image\/png"}],"twitter_card":"summary_large_image","twitter_misc":{"Gesch\u00e4tzte Lesezeit":"1\u00a0Minute"},"schema":{"@context":"https:\/\/schema.org","@graph":[{"@type":"WebPage","@id":"https:\/\/mokos.hu\/termek\/cabernet-sauvignon-2021-premium-villanyi-vorosbor\/","url":"https:\/\/mokos.hu\/termek\/cabernet-sauvignon-2021-premium-villanyi-vorosbor\/","name":"Cabernet Sauvignon 2021 - Weinkellerei MOKOS - Weinregion Vill\u00e1ny","isPartOf":{"@id":"https:\/\/mokos.hu\/#website"},"primaryImageOfPage":{"@id":"https:\/\/mokos.hu\/termek\/cabernet-sauvignon-2021-premium-villanyi-vorosbor\/#primaryimage"},"image":{"@id":"https:\/\/mokos.hu\/termek\/cabernet-sauvignon-2021-premium-villanyi-vorosbor\/#primaryimage"},"thumbnailUrl":"https:\/\/mokos.hu\/wp-content\/uploads\/2024\/11\/CABSAU_Dij-scaled.png","datePublished":"2024-11-14T16:22:32+00:00","dateModified":"2026-02-17T09:53:16+00:00","description":"Ein charaktervoller, maskuliner Rotwein mit verspielten schwarzen Beerenfruchtcharakteren. Probieren Sie den Cabernet Sauvignon Rotwein von Mokos Winery in Vill\u00e1ny!","breadcrumb":{"@id":"https:\/\/mokos.hu\/termek\/cabernet-sauvignon-2021-premium-villanyi-vorosbor\/#breadcrumb"},"inLanguage":"de","potentialAction":[{"@type":"ReadAction","target":["https:\/\/mokos.hu\/termek\/cabernet-sauvignon-2021-premium-villanyi-vorosbor\/"]}]},{"@type":"ImageObject","inLanguage":"de","@id":"https:\/\/mokos.hu\/termek\/cabernet-sauvignon-2021-premium-villanyi-vorosbor\/#primaryimage","url":"https:\/\/mokos.hu\/wp-content\/uploads\/2024\/11\/CABSAU_Dij-scaled.png","contentUrl":"https:\/\/mokos.hu\/wp-content\/uploads\/2024\/11\/CABSAU_Dij-scaled.png","width":1525,"height":2560},{"@type":"BreadcrumbList","@id":"https:\/\/mokos.hu\/termek\/cabernet-sauvignon-2021-premium-villanyi-vorosbor\/#breadcrumb","itemListElement":[{"@type":"ListItem","position":1,"name":"Home","item":"https:\/\/mokos.hu\/"},{"@type":"ListItem","position":2,"name":"Term\u00e9kek","item":"https:\/\/mokos.hu\/shop\/"},{"@type":"ListItem","position":3,"name":"Cabernet Sauvignon 2021"}]},{"@type":"WebSite","@id":"https:\/\/mokos.hu\/#website","url":"https:\/\/mokos.hu\/","name":"MOKOS","description":"Familienweingut, Palkonya","publisher":{"@id":"https:\/\/mokos.hu\/#organization"},"potentialAction":[{"@type":"SearchAction","target":{"@type":"EntryPoint","urlTemplate":"https:\/\/mokos.hu\/?s={search_term_string}"},"query-input":{"@type":"PropertyValueSpecification","valueRequired":true,"valueName":"search_term_string"}}],"inLanguage":"de"},{"@type":"Organization","@id":"https:\/\/mokos.hu\/#organization","name":"MOKOS","url":"https:\/\/mokos.hu\/","logo":{"@type":"ImageObject","inLanguage":"de","@id":"https:\/\/mokos.hu\/#\/schema\/logo\/image\/","url":"https:\/\/mokos.hu\/wp-content\/uploads\/2018\/11\/cropped-Mokos_Villanyi-Borvidek-Palkonya-1.png","contentUrl":"https:\/\/mokos.hu\/wp-content\/uploads\/2018\/11\/cropped-Mokos_Villanyi-Borvidek-Palkonya-1.png","width":1000,"height":245,"caption":"MOKOS"},"image":{"@id":"https:\/\/mokos.hu\/#\/schema\/logo\/image\/"}}]}},"_links":{"self":[{"href":"https:\/\/mokos.hu\/de\/wp-json\/wp\/v2\/product\/21741","targetHints":{"allow":["GET"]}}],"collection":[{"href":"https:\/\/mokos.hu\/de\/wp-json\/wp\/v2\/product"}],"about":[{"href":"https:\/\/mokos.hu\/de\/wp-json\/wp\/v2\/types\/product"}],"wp:featuredmedia":[{"embeddable":true,"href":"https:\/\/mokos.hu\/de\/wp-json\/wp\/v2\/media\/29738"}],"wp:attachment":[{"href":"https:\/\/mokos.hu\/de\/wp-json\/wp\/v2\/media?parent=21741"}],"wp:term":[{"taxonomy":"product_brand","embeddable":true,"href":"https:\/\/mokos.hu\/de\/wp-json\/wp\/v2\/product_brand?post=21741"},{"taxonomy":"product_cat","embeddable":true,"href":"https:\/\/mokos.hu\/de\/wp-json\/wp\/v2\/product_cat?post=21741"},{"taxonomy":"product_tag","embeddable":true,"href":"https:\/\/mokos.hu\/de\/wp-json\/wp\/v2\/product_tag?post=21741"}],"curies":[{"name":"wp","href":"https:\/\/api.w.org\/{rel}","templated":true}]}}