{"id":21740,"date":"2024-11-14T18:01:42","date_gmt":"2024-11-14T16:01:42","guid":{"rendered":"https:\/\/mokos.hu\/?post_type=product&#038;p=21740"},"modified":"2025-04-28T10:01:48","modified_gmt":"2025-04-28T08:01:48","slug":"kiste-mit-weinen-von-der-gabel","status":"publish","type":"product","link":"https:\/\/mokos.hu\/de\/termek\/mokos-diszdoboz-villanyi-borok\/","title":{"rendered":"Mokos Dekorative Schachtel - Vill\u00e1nyer Weine"},"content":{"rendered":"","protected":false},"excerpt":{"rendered":"<p><strong>Verschenken Sie Vill\u00e1ny-Weine in einer Geschenkbox mit Mokos-Pr\u00e4gung!<\/strong> Sie k\u00f6nnen eine Flasche Vill\u00e1ny Wein (0,75L) in unserem Karton mit Fensterausschnitt verpacken. Unser Geschenkkarton wird jeden besonderen Anlass festlicher machen.<\/p>\n<p>Verpackung: 1 Karton mit 1 Flasche (Der Karton enth\u00e4lt keinen Wein!)<\/p>\n<p>Bestell- und Einkaufsrichtlinien\u00a0<a href=\"https:\/\/mokos.hu\/de\/uzlet\/regeln\/\">HIER<\/a>\u00a0reicht.<\/p>","protected":false},"featured_media":28309,"template":"","meta":{"_acf_changed":false},"product_brand":[],"product_cat":[103],"product_tag":[302,305,301,306,303,170],"class_list":{"0":"post-21740","1":"product","2":"type-product","3":"status-publish","4":"has-post-thumbnail","6":"product_cat-boros-kiegeszitok","7":"product_tag-ajandekdoboz","8":"product_tag-borosdoboz","9":"product_tag-diszdoboz","10":"product_tag-egy-palackos","11":"product_tag-elegans","12":"product_tag-mokos","14":"first","15":"instock","16":"taxable","17":"shipping-taxable","18":"purchasable","19":"product-type-simple"},"acf":[],"yoast_head":"<!-- This site is optimized with the Yoast SEO plugin v27.1.1 - https:\/\/yoast.com\/product\/yoast-seo-wordpress\/ -->\n<title>Mokos D\u00edszdoboz - Vill\u00e1nyi borok - MOKOS<\/title>\n<meta name=\"robots\" content=\"index, follow, max-snippet:-1, max-image-preview:large, max-video-preview:-1\" \/>\n<link rel=\"canonical\" href=\"https:\/\/mokos.hu\/de\/produkt\/kiste-mit-weinen-von-der-gabel\/\" \/>\n<meta property=\"og:locale\" content=\"de_DE\" \/>\n<meta property=\"og:type\" content=\"article\" \/>\n<meta property=\"og:title\" content=\"Mokos D\u00edszdoboz - Vill\u00e1nyi borok - MOKOS\" \/>\n<meta property=\"og:description\" content=\"Aj\u00e1nd\u00e9kozz vill\u00e1nyi borokat Mokos embl\u00e9m\u00e1zott d\u00edszdobozban! Ablakos kiv\u00e1g\u00e1ssal ell\u00e1tott kartondobozunkba egy palack vill\u00e1nyi bort (0,75L) tudsz csomagolni. Aj\u00e1nd\u00e9kdobozunk \u00fcnnepibb\u00e9 var\u00e1zsol b\u00e1rmilyen jeles alkalmat.  Kiszerel\u00e9s: 1 db 1 palackos kartondoboz. (A kartondoboz bort nem tartalmaz!)  Rendel\u00e9ssel \u00e9s v\u00e1s\u00e1rl\u00e1ssal kapcsolatos szab\u00e1lyzatokat\u00a0ITT\u00a0\u00e9ri el.\" \/>\n<meta property=\"og:url\" content=\"https:\/\/mokos.hu\/de\/produkt\/kiste-mit-weinen-von-der-gabel\/\" \/>\n<meta property=\"og:site_name\" content=\"MOKOS\" \/>\n<meta property=\"article:modified_time\" content=\"2025-04-28T08:01:48+00:00\" \/>\n<meta property=\"og:image\" content=\"https:\/\/mokos.hu\/wp-content\/uploads\/2024\/02\/DSCF5384-scaled.jpg\" \/>\n\t<meta property=\"og:image:width\" content=\"1707\" \/>\n\t<meta property=\"og:image:height\" content=\"2560\" \/>\n\t<meta property=\"og:image:type\" content=\"image\/jpeg\" \/>\n<meta name=\"twitter:card\" content=\"summary_large_image\" \/>\n<meta name=\"twitter:label1\" content=\"Gesch\u00e4tzte Lesezeit\" \/>\n\t<meta name=\"twitter:data1\" content=\"1\u00a0Minute\" \/>\n<script type=\"application\/ld+json\" class=\"yoast-schema-graph\">{\"@context\":\"https:\/\/schema.org\",\"@graph\":[{\"@type\":\"WebPage\",\"@id\":\"https:\/\/mokos.hu\/termek\/mokos-diszdoboz-villanyi-borok\/\",\"url\":\"https:\/\/mokos.hu\/termek\/mokos-diszdoboz-villanyi-borok\/\",\"name\":\"Mokos D\u00edszdoboz - Vill\u00e1nyi borok - MOKOS\",\"isPartOf\":{\"@id\":\"https:\/\/mokos.hu\/#website\"},\"primaryImageOfPage\":{\"@id\":\"https:\/\/mokos.hu\/termek\/mokos-diszdoboz-villanyi-borok\/#primaryimage\"},\"image\":{\"@id\":\"https:\/\/mokos.hu\/termek\/mokos-diszdoboz-villanyi-borok\/#primaryimage\"},\"thumbnailUrl\":\"https:\/\/mokos.hu\/wp-content\/uploads\/2024\/02\/DSCF5384-scaled.jpg\",\"datePublished\":\"2024-11-14T16:01:42+00:00\",\"dateModified\":\"2025-04-28T08:01:48+00:00\",\"breadcrumb\":{\"@id\":\"https:\/\/mokos.hu\/termek\/mokos-diszdoboz-villanyi-borok\/#breadcrumb\"},\"inLanguage\":\"de\",\"potentialAction\":[{\"@type\":\"ReadAction\",\"target\":[\"https:\/\/mokos.hu\/termek\/mokos-diszdoboz-villanyi-borok\/\"]}]},{\"@type\":\"ImageObject\",\"inLanguage\":\"de\",\"@id\":\"https:\/\/mokos.hu\/termek\/mokos-diszdoboz-villanyi-borok\/#primaryimage\",\"url\":\"https:\/\/mokos.hu\/wp-content\/uploads\/2024\/02\/DSCF5384-scaled.jpg\",\"contentUrl\":\"https:\/\/mokos.hu\/wp-content\/uploads\/2024\/02\/DSCF5384-scaled.jpg\",\"width\":1707,\"height\":2560},{\"@type\":\"BreadcrumbList\",\"@id\":\"https:\/\/mokos.hu\/termek\/mokos-diszdoboz-villanyi-borok\/#breadcrumb\",\"itemListElement\":[{\"@type\":\"ListItem\",\"position\":1,\"name\":\"Home\",\"item\":\"https:\/\/mokos.hu\/\"},{\"@type\":\"ListItem\",\"position\":2,\"name\":\"Term\u00e9kek\",\"item\":\"https:\/\/mokos.hu\/shop\/\"},{\"@type\":\"ListItem\",\"position\":3,\"name\":\"Mokos D\u00edszdoboz &#8211; Vill\u00e1nyi borok\"}]},{\"@type\":\"WebSite\",\"@id\":\"https:\/\/mokos.hu\/#website\",\"url\":\"https:\/\/mokos.hu\/\",\"name\":\"MOKOS\",\"description\":\"Csal\u00e1di Pinc\u00e9szet, Palkonya\",\"publisher\":{\"@id\":\"https:\/\/mokos.hu\/#organization\"},\"potentialAction\":[{\"@type\":\"SearchAction\",\"target\":{\"@type\":\"EntryPoint\",\"urlTemplate\":\"https:\/\/mokos.hu\/?s={search_term_string}\"},\"query-input\":{\"@type\":\"PropertyValueSpecification\",\"valueRequired\":true,\"valueName\":\"search_term_string\"}}],\"inLanguage\":\"de\"},{\"@type\":\"Organization\",\"@id\":\"https:\/\/mokos.hu\/#organization\",\"name\":\"MOKOS\",\"url\":\"https:\/\/mokos.hu\/\",\"logo\":{\"@type\":\"ImageObject\",\"inLanguage\":\"de\",\"@id\":\"https:\/\/mokos.hu\/#\/schema\/logo\/image\/\",\"url\":\"https:\/\/mokos.hu\/wp-content\/uploads\/2018\/11\/cropped-Mokos_Villanyi-Borvidek-Palkonya-1.png\",\"contentUrl\":\"https:\/\/mokos.hu\/wp-content\/uploads\/2018\/11\/cropped-Mokos_Villanyi-Borvidek-Palkonya-1.png\",\"width\":1000,\"height\":245,\"caption\":\"MOKOS\"},\"image\":{\"@id\":\"https:\/\/mokos.hu\/#\/schema\/logo\/image\/\"}}]}<\/script>\n<!-- \/ Yoast SEO plugin. -->","yoast_head_json":{"title":"Mokos Dekorative Schachtel - Vill\u00e1ny Weine - MOKOS","robots":{"index":"index","follow":"follow","max-snippet":"max-snippet:-1","max-image-preview":"max-image-preview:large","max-video-preview":"max-video-preview:-1"},"canonical":"https:\/\/mokos.hu\/de\/produkt\/kiste-mit-weinen-von-der-gabel\/","og_locale":"de_DE","og_type":"article","og_title":"Mokos D\u00edszdoboz - Vill\u00e1nyi borok - MOKOS","og_description":"Aj\u00e1nd\u00e9kozz vill\u00e1nyi borokat Mokos embl\u00e9m\u00e1zott d\u00edszdobozban! Ablakos kiv\u00e1g\u00e1ssal ell\u00e1tott kartondobozunkba egy palack vill\u00e1nyi bort (0,75L) tudsz csomagolni. Aj\u00e1nd\u00e9kdobozunk \u00fcnnepibb\u00e9 var\u00e1zsol b\u00e1rmilyen jeles alkalmat.  Kiszerel\u00e9s: 1 db 1 palackos kartondoboz. (A kartondoboz bort nem tartalmaz!)  Rendel\u00e9ssel \u00e9s v\u00e1s\u00e1rl\u00e1ssal kapcsolatos szab\u00e1lyzatokat\u00a0ITT\u00a0\u00e9ri el.","og_url":"https:\/\/mokos.hu\/de\/produkt\/kiste-mit-weinen-von-der-gabel\/","og_site_name":"MOKOS","article_modified_time":"2025-04-28T08:01:48+00:00","og_image":[{"width":1707,"height":2560,"url":"https:\/\/mokos.hu\/wp-content\/uploads\/2024\/02\/DSCF5384-scaled.jpg","type":"image\/jpeg"}],"twitter_card":"summary_large_image","twitter_misc":{"Gesch\u00e4tzte Lesezeit":"1\u00a0Minute"},"schema":{"@context":"https:\/\/schema.org","@graph":[{"@type":"WebPage","@id":"https:\/\/mokos.hu\/termek\/mokos-diszdoboz-villanyi-borok\/","url":"https:\/\/mokos.hu\/termek\/mokos-diszdoboz-villanyi-borok\/","name":"Mokos Dekorative Schachtel - Vill\u00e1ny Weine - MOKOS","isPartOf":{"@id":"https:\/\/mokos.hu\/#website"},"primaryImageOfPage":{"@id":"https:\/\/mokos.hu\/termek\/mokos-diszdoboz-villanyi-borok\/#primaryimage"},"image":{"@id":"https:\/\/mokos.hu\/termek\/mokos-diszdoboz-villanyi-borok\/#primaryimage"},"thumbnailUrl":"https:\/\/mokos.hu\/wp-content\/uploads\/2024\/02\/DSCF5384-scaled.jpg","datePublished":"2024-11-14T16:01:42+00:00","dateModified":"2025-04-28T08:01:48+00:00","breadcrumb":{"@id":"https:\/\/mokos.hu\/termek\/mokos-diszdoboz-villanyi-borok\/#breadcrumb"},"inLanguage":"de","potentialAction":[{"@type":"ReadAction","target":["https:\/\/mokos.hu\/termek\/mokos-diszdoboz-villanyi-borok\/"]}]},{"@type":"ImageObject","inLanguage":"de","@id":"https:\/\/mokos.hu\/termek\/mokos-diszdoboz-villanyi-borok\/#primaryimage","url":"https:\/\/mokos.hu\/wp-content\/uploads\/2024\/02\/DSCF5384-scaled.jpg","contentUrl":"https:\/\/mokos.hu\/wp-content\/uploads\/2024\/02\/DSCF5384-scaled.jpg","width":1707,"height":2560},{"@type":"BreadcrumbList","@id":"https:\/\/mokos.hu\/termek\/mokos-diszdoboz-villanyi-borok\/#breadcrumb","itemListElement":[{"@type":"ListItem","position":1,"name":"Home","item":"https:\/\/mokos.hu\/"},{"@type":"ListItem","position":2,"name":"Term\u00e9kek","item":"https:\/\/mokos.hu\/shop\/"},{"@type":"ListItem","position":3,"name":"Mokos D\u00edszdoboz &#8211; Vill\u00e1nyi borok"}]},{"@type":"WebSite","@id":"https:\/\/mokos.hu\/#website","url":"https:\/\/mokos.hu\/","name":"MOKOS","description":"Familienweingut, Palkonya","publisher":{"@id":"https:\/\/mokos.hu\/#organization"},"potentialAction":[{"@type":"SearchAction","target":{"@type":"EntryPoint","urlTemplate":"https:\/\/mokos.hu\/?s={search_term_string}"},"query-input":{"@type":"PropertyValueSpecification","valueRequired":true,"valueName":"search_term_string"}}],"inLanguage":"de"},{"@type":"Organization","@id":"https:\/\/mokos.hu\/#organization","name":"MOKOS","url":"https:\/\/mokos.hu\/","logo":{"@type":"ImageObject","inLanguage":"de","@id":"https:\/\/mokos.hu\/#\/schema\/logo\/image\/","url":"https:\/\/mokos.hu\/wp-content\/uploads\/2018\/11\/cropped-Mokos_Villanyi-Borvidek-Palkonya-1.png","contentUrl":"https:\/\/mokos.hu\/wp-content\/uploads\/2018\/11\/cropped-Mokos_Villanyi-Borvidek-Palkonya-1.png","width":1000,"height":245,"caption":"MOKOS"},"image":{"@id":"https:\/\/mokos.hu\/#\/schema\/logo\/image\/"}}]}},"_links":{"self":[{"href":"https:\/\/mokos.hu\/de\/wp-json\/wp\/v2\/product\/21740","targetHints":{"allow":["GET"]}}],"collection":[{"href":"https:\/\/mokos.hu\/de\/wp-json\/wp\/v2\/product"}],"about":[{"href":"https:\/\/mokos.hu\/de\/wp-json\/wp\/v2\/types\/product"}],"wp:featuredmedia":[{"embeddable":true,"href":"https:\/\/mokos.hu\/de\/wp-json\/wp\/v2\/media\/28309"}],"wp:attachment":[{"href":"https:\/\/mokos.hu\/de\/wp-json\/wp\/v2\/media?parent=21740"}],"wp:term":[{"taxonomy":"product_brand","embeddable":true,"href":"https:\/\/mokos.hu\/de\/wp-json\/wp\/v2\/product_brand?post=21740"},{"taxonomy":"product_cat","embeddable":true,"href":"https:\/\/mokos.hu\/de\/wp-json\/wp\/v2\/product_cat?post=21740"},{"taxonomy":"product_tag","embeddable":true,"href":"https:\/\/mokos.hu\/de\/wp-json\/wp\/v2\/product_tag?post=21740"}],"curies":[{"name":"wp","href":"https:\/\/api.w.org\/{rel}","templated":true}]}}