{"id":21696,"date":"2024-10-30T11:35:30","date_gmt":"2024-10-30T09:35:30","guid":{"rendered":"https:\/\/mokos.hu\/?post_type=product&#038;p=21696"},"modified":"2025-03-24T13:34:16","modified_gmt":"2025-03-24T11:34:16","slug":"kekfrankos-karton-ajanlat-premium-angereicherter-voros-wein","status":"publish","type":"product","link":"https:\/\/mokos.hu\/de\/termek\/kekfrankos-karton-ajanlat-premium-villanyi-vorosbor\/","title":{"rendered":"Angebot von Blue Franc Cardboard"},"content":{"rendered":"<h5>BLOODIED FRUIT premium VILL\u00c1NYI WINE<\/h5>\n<p>Unsere Weinberge in der Lage Weingarten im n\u00f6rdlichen Teil des Weinbaugebiets Vill\u00e1ny sind die Heimat der typischen<strong>\u00a0nationale und internationale Sorten\u00a0<\/strong>(Portugieser, K\u00e9kfrankos, Pinot noir, Merlot, Cabernet franc, Cabernet sauvignon). Dank der L\u00f6ss- und Rotlehmb\u00f6den, des submediterranen Klimas und der \u00fcberdurchschnittlichen Ertragsbegrenzung ist die Qualit\u00e4t der\u00a0<strong>Vill\u00e1ny classicus und Spitzenweine<\/strong>Seit 2008 produzieren wir rund 100 000 Flaschen pro Jahr.<\/p>\n<h5>DHC MANSION<\/h5>\n<p><img fetchpriority=\"high\" decoding=\"async\" class=\"wp-image-15840 size-full alignright\" src=\"https:\/\/mokos.hu\/wp-content\/uploads\/2023\/03\/villa%CC%81ny-dhc.png\" sizes=\"(max-width: 225px) 100vw, 225px\" srcset=\"https:\/\/mokos.hu\/wp-content\/uploads\/2023\/03\/villa\u0301ny-dhc.png 225w, https:\/\/mokos.hu\/wp-content\/uploads\/2023\/03\/villa\u0301ny-dhc-100x100.png 100w\" alt=\"DHC Vill\u00e1ny_villanyiborvidek_palkonya_mokos_pinceszet\" width=\"225\" height=\"225\" \/><\/p>\n<p>Vill\u00e1nyer Wein mit gesch\u00fctzter Herkunft darf nur aus bestimmten Rebsorten hergestellt werden, die in der Weinregion geerntet werden. Die Weine der g.U. Vill\u00e1ny sind an der Aufschrift \"Districtus Hungaricus Controllatus Vill\u00e1ny\" mit dem Kirschbl\u00fctenemblem im Bild zu erkennen.<\/p>\n<p>Erfahren Sie mehr \u00fcber den Schutz der Herkunft der Weine von Vill\u00e1ny\u00a0<a href=\"https:\/\/villanyiborvidek.hu\/hu\/villanyi-borvidek\/eredetvedelem-kikerics-vedjegy\" target=\"_blank\" rel=\"noopener noreferrer\">HIER<\/a>.<\/p>","protected":false},"excerpt":{"rendered":"<h5>Zu den festlichen Gerichten<\/h5>\n<h4><em><strong>6 Flaschen Premium Vill\u00e1nyi k\u00e9kfrankos jetzt zum Preis von 4 Flaschen<\/strong><\/em><\/h4>\n<p><strong>Genie\u00dfen Sie unseren erstklassigen K\u00e9kfrankos im 6er-Paket! <\/strong>Dank der schonenden Weinbereitung steht die s\u00fc\u00dfe Fruchtigkeit in perfekter Harmonie mit der angenehmen Herbheit und der sortentypischen Sch\u00e4rfe. Er ist ein hervorragender Begleiter zu Blauschimmelk\u00e4se, Fischsuppe und w\u00fcrzigen Gerichten.<\/p>\n<p><strong>Inhalt des Blue Franc Kartons Angebot:<\/strong><\/p>\n<ul>\n<li>6 Flasche <a href=\"https:\/\/mokos.hu\/de\/produkt\/kekfrankos-2019-premium-angereicherter-voros-wein\/\">K\u00e9kfrankos 2019 - Premium-Rotwein aus Vill\u00e1ny<\/a><\/li>\n<\/ul>\n<ul>\n<li style=\"list-style-type: none;\">\n<ul>\n<li>Gesamtwert des Pakets: 16.740.- Ft<\/li>\n<li>Erm\u00e4\u00dfigter Wert des Pakets: 11.160.- Ft<\/li>\n<\/ul>\n<\/li>\n<\/ul>\n<p>Der Inhalt des Weinpakets kann nicht ver\u00e4ndert werden!<\/p>\n<p><strong>SONDERANGEBOT G\u00dcLTIG SOLANGE DER VORRAT REICHT ODER BIS ZUM 31. DEZEMBER 2024, NUR IN UNSEREM WEBSHOP.\u00a0<\/strong><\/p>\n<p>Bestell- und Einkaufsrichtlinien\u00a0<a href=\"https:\/\/mokos.hu\/de\/uzlet\/regeln\/\">HIER<\/a>\u00a0reicht.<\/p>\n<h6><\/h6>","protected":false},"featured_media":21686,"template":"","meta":{"_acf_changed":false},"product_brand":[],"product_cat":[72],"product_tag":[125,120,119,275,158,293,265,134,123,194,204,131],"class_list":{"0":"post-21696","1":"product","2":"type-product","3":"status-publish","4":"has-post-thumbnail","6":"product_cat-borcsomagok","7":"product_tag-mokoselmeny","8":"product_tag-akcios-termek","9":"product_tag-borvalogatas","10":"product_tag-hazai-termek","11":"product_tag-karacsony","12":"product_tag-karton-ajanlat","13":"product_tag-kedvezmeny","14":"product_tag-kekfrankos","15":"product_tag-mokos-pinceszet","16":"product_tag-premium-vorosbor","17":"product_tag-villanyi-bor","18":"product_tag-villanyi-vorosbor","20":"first","21":"outofstock","22":"sale","23":"taxable","24":"shipping-taxable","25":"purchasable","26":"product-type-simple"},"acf":[],"yoast_head":"<!-- This site is optimized with the Yoast SEO plugin v27.5 - https:\/\/yoast.com\/product\/yoast-seo-wordpress\/ -->\n<title>K\u00e9kfrankos Karton Aj\u00e1nlat - MOKOS Pinc\u00e9szet - Borcsomag<\/title>\n<meta name=\"description\" content=\"6 palack pr\u00e9mium Mokos Vill\u00e1nyi K\u00e9kfrankos, most 4 palack \u00e1r\u00e1\u00e9rt! | Kedvezm\u00e9nyes V\u00f6r\u00f6sbor Borcsomag Aj\u00e1nlat\" \/>\n<meta name=\"robots\" content=\"index, follow, max-snippet:-1, max-image-preview:large, max-video-preview:-1\" \/>\n<link rel=\"canonical\" href=\"https:\/\/mokos.hu\/de\/produkt\/kekfrankos-karton-ajanlat-premium-angereicherter-voros-wein\/\" \/>\n<meta property=\"og:locale\" content=\"de_DE\" \/>\n<meta property=\"og:type\" content=\"article\" \/>\n<meta property=\"og:title\" content=\"6 palack Vill\u00e1nyi K\u00e9kfrankos 4 palack \u00e1r\u00e1\u00e9rt - Mokos Pinc\u00e9szet\" \/>\n<meta property=\"og:description\" content=\"6 palack pr\u00e9mium Vill\u00e1nyi K\u00e9kfrankos, most 4 palack \u00e1r\u00e1\u00e9rt! | Kedvezm\u00e9nyes Aj\u00e1nlat\" \/>\n<meta property=\"og:url\" content=\"https:\/\/mokos.hu\/de\/produkt\/kekfrankos-karton-ajanlat-premium-angereicherter-voros-wein\/\" \/>\n<meta property=\"og:site_name\" content=\"MOKOS\" \/>\n<meta property=\"article:modified_time\" content=\"2025-03-24T11:34:16+00:00\" \/>\n<meta property=\"og:image\" content=\"https:\/\/mokos.hu\/wp-content\/uploads\/2024\/10\/KARI_AJANLATOK_KEKFRANKOS_KARTON_1200x1200_2024-masolat.jpg\" \/>\n\t<meta property=\"og:image:width\" content=\"1200\" \/>\n\t<meta property=\"og:image:height\" content=\"1200\" \/>\n\t<meta property=\"og:image:type\" content=\"image\/jpeg\" \/>\n<meta name=\"twitter:card\" content=\"summary_large_image\" \/>\n<meta name=\"twitter:label1\" content=\"Gesch\u00e4tzte Lesezeit\" \/>\n\t<meta name=\"twitter:data1\" content=\"1\u00a0Minute\" \/>\n<script type=\"application\/ld+json\" class=\"yoast-schema-graph\">{\"@context\":\"https:\\\/\\\/schema.org\",\"@graph\":[{\"@type\":\"WebPage\",\"@id\":\"https:\\\/\\\/mokos.hu\\\/termek\\\/kekfrankos-karton-ajanlat-premium-villanyi-vorosbor\\\/\",\"url\":\"https:\\\/\\\/mokos.hu\\\/termek\\\/kekfrankos-karton-ajanlat-premium-villanyi-vorosbor\\\/\",\"name\":\"K\u00e9kfrankos Karton Aj\u00e1nlat - MOKOS Pinc\u00e9szet - Borcsomag\",\"isPartOf\":{\"@id\":\"https:\\\/\\\/mokos.hu\\\/#website\"},\"primaryImageOfPage\":{\"@id\":\"https:\\\/\\\/mokos.hu\\\/termek\\\/kekfrankos-karton-ajanlat-premium-villanyi-vorosbor\\\/#primaryimage\"},\"image\":{\"@id\":\"https:\\\/\\\/mokos.hu\\\/termek\\\/kekfrankos-karton-ajanlat-premium-villanyi-vorosbor\\\/#primaryimage\"},\"thumbnailUrl\":\"https:\\\/\\\/mokos.hu\\\/wp-content\\\/uploads\\\/2024\\\/10\\\/KARI_AJANLATOK_KEKFRANKOS_KARTON_1200x1200_2024-masolat.jpg\",\"datePublished\":\"2024-10-30T09:35:30+00:00\",\"dateModified\":\"2025-03-24T11:34:16+00:00\",\"description\":\"6 palack pr\u00e9mium Mokos Vill\u00e1nyi K\u00e9kfrankos, most 4 palack \u00e1r\u00e1\u00e9rt! | Kedvezm\u00e9nyes V\u00f6r\u00f6sbor Borcsomag Aj\u00e1nlat\",\"breadcrumb\":{\"@id\":\"https:\\\/\\\/mokos.hu\\\/termek\\\/kekfrankos-karton-ajanlat-premium-villanyi-vorosbor\\\/#breadcrumb\"},\"inLanguage\":\"de\",\"potentialAction\":[{\"@type\":\"ReadAction\",\"target\":[\"https:\\\/\\\/mokos.hu\\\/termek\\\/kekfrankos-karton-ajanlat-premium-villanyi-vorosbor\\\/\"]}]},{\"@type\":\"ImageObject\",\"inLanguage\":\"de\",\"@id\":\"https:\\\/\\\/mokos.hu\\\/termek\\\/kekfrankos-karton-ajanlat-premium-villanyi-vorosbor\\\/#primaryimage\",\"url\":\"https:\\\/\\\/mokos.hu\\\/wp-content\\\/uploads\\\/2024\\\/10\\\/KARI_AJANLATOK_KEKFRANKOS_KARTON_1200x1200_2024-masolat.jpg\",\"contentUrl\":\"https:\\\/\\\/mokos.hu\\\/wp-content\\\/uploads\\\/2024\\\/10\\\/KARI_AJANLATOK_KEKFRANKOS_KARTON_1200x1200_2024-masolat.jpg\",\"width\":1200,\"height\":1200},{\"@type\":\"BreadcrumbList\",\"@id\":\"https:\\\/\\\/mokos.hu\\\/termek\\\/kekfrankos-karton-ajanlat-premium-villanyi-vorosbor\\\/#breadcrumb\",\"itemListElement\":[{\"@type\":\"ListItem\",\"position\":1,\"name\":\"Home\",\"item\":\"https:\\\/\\\/mokos.hu\\\/\"},{\"@type\":\"ListItem\",\"position\":2,\"name\":\"Term\u00e9kek\",\"item\":\"https:\\\/\\\/mokos.hu\\\/shop\\\/\"},{\"@type\":\"ListItem\",\"position\":3,\"name\":\"K\u00e9kfrankos Karton Aj\u00e1nlat\"}]},{\"@type\":\"WebSite\",\"@id\":\"https:\\\/\\\/mokos.hu\\\/#website\",\"url\":\"https:\\\/\\\/mokos.hu\\\/\",\"name\":\"MOKOS\",\"description\":\"Csal\u00e1di Pinc\u00e9szet, Palkonya\",\"publisher\":{\"@id\":\"https:\\\/\\\/mokos.hu\\\/#organization\"},\"potentialAction\":[{\"@type\":\"SearchAction\",\"target\":{\"@type\":\"EntryPoint\",\"urlTemplate\":\"https:\\\/\\\/mokos.hu\\\/?s={search_term_string}\"},\"query-input\":{\"@type\":\"PropertyValueSpecification\",\"valueRequired\":true,\"valueName\":\"search_term_string\"}}],\"inLanguage\":\"de\"},{\"@type\":\"Organization\",\"@id\":\"https:\\\/\\\/mokos.hu\\\/#organization\",\"name\":\"MOKOS\",\"url\":\"https:\\\/\\\/mokos.hu\\\/\",\"logo\":{\"@type\":\"ImageObject\",\"inLanguage\":\"de\",\"@id\":\"https:\\\/\\\/mokos.hu\\\/#\\\/schema\\\/logo\\\/image\\\/\",\"url\":\"https:\\\/\\\/mokos.hu\\\/wp-content\\\/uploads\\\/2018\\\/11\\\/cropped-Mokos_Villanyi-Borvidek-Palkonya-1.png\",\"contentUrl\":\"https:\\\/\\\/mokos.hu\\\/wp-content\\\/uploads\\\/2018\\\/11\\\/cropped-Mokos_Villanyi-Borvidek-Palkonya-1.png\",\"width\":1000,\"height\":245,\"caption\":\"MOKOS\"},\"image\":{\"@id\":\"https:\\\/\\\/mokos.hu\\\/#\\\/schema\\\/logo\\\/image\\\/\"}}]}<\/script>\n<!-- \/ Yoast SEO plugin. -->","yoast_head_json":{"title":"K\u00e9kfrankos Cardboard Angebot - MOKOS Weinkellerei - Weinpaket","description":"6 Flaschen Premium Mokos Vill\u00e1nyi K\u00e9kfrankos, jetzt zum Preis von 4 Flaschen! | Erm\u00e4\u00dfigtes Rotwein Weinpaket Angebot","robots":{"index":"index","follow":"follow","max-snippet":"max-snippet:-1","max-image-preview":"max-image-preview:large","max-video-preview":"max-video-preview:-1"},"canonical":"https:\/\/mokos.hu\/de\/produkt\/kekfrankos-karton-ajanlat-premium-angereicherter-voros-wein\/","og_locale":"de_DE","og_type":"article","og_title":"6 palack Vill\u00e1nyi K\u00e9kfrankos 4 palack \u00e1r\u00e1\u00e9rt - Mokos Pinc\u00e9szet","og_description":"6 palack pr\u00e9mium Vill\u00e1nyi K\u00e9kfrankos, most 4 palack \u00e1r\u00e1\u00e9rt! | Kedvezm\u00e9nyes Aj\u00e1nlat","og_url":"https:\/\/mokos.hu\/de\/produkt\/kekfrankos-karton-ajanlat-premium-angereicherter-voros-wein\/","og_site_name":"MOKOS","article_modified_time":"2025-03-24T11:34:16+00:00","og_image":[{"width":1200,"height":1200,"url":"https:\/\/mokos.hu\/wp-content\/uploads\/2024\/10\/KARI_AJANLATOK_KEKFRANKOS_KARTON_1200x1200_2024-masolat.jpg","type":"image\/jpeg"}],"twitter_card":"summary_large_image","twitter_misc":{"Gesch\u00e4tzte Lesezeit":"1\u00a0Minute"},"schema":{"@context":"https:\/\/schema.org","@graph":[{"@type":"WebPage","@id":"https:\/\/mokos.hu\/termek\/kekfrankos-karton-ajanlat-premium-villanyi-vorosbor\/","url":"https:\/\/mokos.hu\/termek\/kekfrankos-karton-ajanlat-premium-villanyi-vorosbor\/","name":"K\u00e9kfrankos Cardboard Angebot - MOKOS Weinkellerei - Weinpaket","isPartOf":{"@id":"https:\/\/mokos.hu\/#website"},"primaryImageOfPage":{"@id":"https:\/\/mokos.hu\/termek\/kekfrankos-karton-ajanlat-premium-villanyi-vorosbor\/#primaryimage"},"image":{"@id":"https:\/\/mokos.hu\/termek\/kekfrankos-karton-ajanlat-premium-villanyi-vorosbor\/#primaryimage"},"thumbnailUrl":"https:\/\/mokos.hu\/wp-content\/uploads\/2024\/10\/KARI_AJANLATOK_KEKFRANKOS_KARTON_1200x1200_2024-masolat.jpg","datePublished":"2024-10-30T09:35:30+00:00","dateModified":"2025-03-24T11:34:16+00:00","description":"6 Flaschen Premium Mokos Vill\u00e1nyi K\u00e9kfrankos, jetzt zum Preis von 4 Flaschen! | Erm\u00e4\u00dfigtes Rotwein Weinpaket Angebot","breadcrumb":{"@id":"https:\/\/mokos.hu\/termek\/kekfrankos-karton-ajanlat-premium-villanyi-vorosbor\/#breadcrumb"},"inLanguage":"de","potentialAction":[{"@type":"ReadAction","target":["https:\/\/mokos.hu\/termek\/kekfrankos-karton-ajanlat-premium-villanyi-vorosbor\/"]}]},{"@type":"ImageObject","inLanguage":"de","@id":"https:\/\/mokos.hu\/termek\/kekfrankos-karton-ajanlat-premium-villanyi-vorosbor\/#primaryimage","url":"https:\/\/mokos.hu\/wp-content\/uploads\/2024\/10\/KARI_AJANLATOK_KEKFRANKOS_KARTON_1200x1200_2024-masolat.jpg","contentUrl":"https:\/\/mokos.hu\/wp-content\/uploads\/2024\/10\/KARI_AJANLATOK_KEKFRANKOS_KARTON_1200x1200_2024-masolat.jpg","width":1200,"height":1200},{"@type":"BreadcrumbList","@id":"https:\/\/mokos.hu\/termek\/kekfrankos-karton-ajanlat-premium-villanyi-vorosbor\/#breadcrumb","itemListElement":[{"@type":"ListItem","position":1,"name":"Home","item":"https:\/\/mokos.hu\/"},{"@type":"ListItem","position":2,"name":"Term\u00e9kek","item":"https:\/\/mokos.hu\/shop\/"},{"@type":"ListItem","position":3,"name":"K\u00e9kfrankos Karton Aj\u00e1nlat"}]},{"@type":"WebSite","@id":"https:\/\/mokos.hu\/#website","url":"https:\/\/mokos.hu\/","name":"MOKOS","description":"Familienweingut, Palkonya","publisher":{"@id":"https:\/\/mokos.hu\/#organization"},"potentialAction":[{"@type":"SearchAction","target":{"@type":"EntryPoint","urlTemplate":"https:\/\/mokos.hu\/?s={search_term_string}"},"query-input":{"@type":"PropertyValueSpecification","valueRequired":true,"valueName":"search_term_string"}}],"inLanguage":"de"},{"@type":"Organization","@id":"https:\/\/mokos.hu\/#organization","name":"MOKOS","url":"https:\/\/mokos.hu\/","logo":{"@type":"ImageObject","inLanguage":"de","@id":"https:\/\/mokos.hu\/#\/schema\/logo\/image\/","url":"https:\/\/mokos.hu\/wp-content\/uploads\/2018\/11\/cropped-Mokos_Villanyi-Borvidek-Palkonya-1.png","contentUrl":"https:\/\/mokos.hu\/wp-content\/uploads\/2018\/11\/cropped-Mokos_Villanyi-Borvidek-Palkonya-1.png","width":1000,"height":245,"caption":"MOKOS"},"image":{"@id":"https:\/\/mokos.hu\/#\/schema\/logo\/image\/"}}]}},"_links":{"self":[{"href":"https:\/\/mokos.hu\/de\/wp-json\/wp\/v2\/product\/21696","targetHints":{"allow":["GET"]}}],"collection":[{"href":"https:\/\/mokos.hu\/de\/wp-json\/wp\/v2\/product"}],"about":[{"href":"https:\/\/mokos.hu\/de\/wp-json\/wp\/v2\/types\/product"}],"wp:featuredmedia":[{"embeddable":true,"href":"https:\/\/mokos.hu\/de\/wp-json\/wp\/v2\/media\/21686"}],"wp:attachment":[{"href":"https:\/\/mokos.hu\/de\/wp-json\/wp\/v2\/media?parent=21696"}],"wp:term":[{"taxonomy":"product_brand","embeddable":true,"href":"https:\/\/mokos.hu\/de\/wp-json\/wp\/v2\/product_brand?post=21696"},{"taxonomy":"product_cat","embeddable":true,"href":"https:\/\/mokos.hu\/de\/wp-json\/wp\/v2\/product_cat?post=21696"},{"taxonomy":"product_tag","embeddable":true,"href":"https:\/\/mokos.hu\/de\/wp-json\/wp\/v2\/product_tag?post=21696"}],"curies":[{"name":"wp","href":"https:\/\/api.w.org\/{rel}","templated":true}]}}