{"id":21460,"date":"2024-09-09T16:18:06","date_gmt":"2024-09-09T14:18:06","guid":{"rendered":"https:\/\/mokos.hu\/?post_type=product&#038;p=21460"},"modified":"2025-03-24T13:54:07","modified_gmt":"2025-03-24T11:54:07","slug":"libalakoma-a-mokos-pinceszetben-20241116-elovet","status":"publish","type":"product","link":"https:\/\/mokos.hu\/de\/termek\/libalakoma-a-mokos-pinceszetben-20241116-elovet\/","title":{"rendered":"Libalakoma a Mokos Pinc\u00e9szetben | 2024.11.16. | EL\u0150V\u00c9TELES JEGY"},"content":{"rendered":"","protected":false},"excerpt":{"rendered":"<h4>Genie\u00dfen Sie die k\u00f6stlichen Gerichte und haben Sie Spa\u00df mit uns in der Weinregion Vill\u00e1ny!<\/h4>\n<p><strong>Im Weingut MOKOS stehen am Martinstag traditionell die neuen Weine und die G\u00e4nseverkostung im Mittelpunkt.<\/strong> In unserem Weingut erwarten wir die Liebhaber von Wein und Musik auch dieses Jahr wieder mit einer Martinsgansnacht: eine echte Gansnacht mit klassischen Geschmacksrichtungen, unbegrenztem neuen Wein und erstklassigem Meggywein!<\/p>\n<p><em>Der Kauf kann jederzeit ohne Folgen storniert werden, bevor die Schaltfl\u00e4che \"Bezahlen\" oder \"Zahlungspflichtig bestellen\" gedr\u00fcckt wird. Der Kunde kann das R\u00fccktritts- oder K\u00fcndigungsrecht gem\u00e4\u00df Artikel 29 (1) l) der Regierungsverordnung 45\/2014 (II.26.) nicht aus\u00fcben, wenn das Veranstaltungsticket f\u00fcr ein bestimmtes Datum (bestimmter Tag, Stichtag) g\u00fcltig ist oder w\u00e4hrend eines bestimmten Zeitraums genutzt werden kann. In einem solchen Fall ist der Dienstleister nicht berechtigt, das Ticket zur\u00fcckzugeben oder den Wert des Kaufs zu erstatten.<\/em><\/p>\n<p>Einzelheiten der Veranstaltung:\u00a0<a href=\"https:\/\/mokos.hu\/de\/marton-ganse-tage-im-mokos-keller\/\"><strong>HIER<\/strong><\/a>.<\/p>\n<p>Bestell- und Einkaufsrichtlinien\u00a0<a href=\"https:\/\/mokos.hu\/de\/uzlet\/regeln\/\">HIER<\/a>\u00a0reicht.<\/p>\n<p>&nbsp;<\/p>","protected":false},"featured_media":10162,"template":"","meta":{"_acf_changed":false},"product_brand":[],"product_cat":[110,73],"product_tag":[211,216,215,208,217,209,210,214,212,137],"class_list":{"0":"post-21460","1":"product","2":"type-product","3":"status-publish","4":"has-post-thumbnail","6":"product_cat-belepojegyek","7":"product_cat-rendezvenyek","8":"product_tag-belepojegy","9":"product_tag-libalakoma","10":"product_tag-libavacsora","11":"product_tag-marton-nap","12":"product_tag-mokos-gasztro","13":"product_tag-program","14":"product_tag-rendezveny","15":"product_tag-ujbor","16":"product_tag-vacsora","17":"product_tag-villanyi-borok","19":"first","20":"outofstock","21":"virtual","22":"taxable","23":"purchasable","24":"product-type-simple"},"acf":[],"yoast_head":"<!-- This site is optimized with the Yoast SEO plugin v27.1.1 - https:\/\/yoast.com\/product\/yoast-seo-wordpress\/ -->\n<title>Libalakoma a Mokos Pinc\u00e9szetben | 2024.11.16. | EL\u0150V\u00c9TELES JEGY<\/title>\n<meta name=\"description\" content=\"A hagyom\u00e1nynak megfelel\u0151en M\u00e1rton Nap idej\u00e9n a MOKOS Pinc\u00e9szetn\u00e9l is az \u00fajborok\u00e9 \u00e9s a libalakom\u00e1k\u00e9 a f\u0151szerep. Tartson vel\u00fcnk \u00d6n is!\" \/>\n<meta name=\"robots\" content=\"index, follow, max-snippet:-1, max-image-preview:large, max-video-preview:-1\" \/>\n<link rel=\"canonical\" href=\"https:\/\/mokos.hu\/de\/produkt\/libalakoma-a-mokos-pinceszetben-20241116-elovet\/\" \/>\n<meta property=\"og:locale\" content=\"de_DE\" \/>\n<meta property=\"og:type\" content=\"article\" \/>\n<meta property=\"og:title\" content=\"Libalakoma a Mokos Pinc\u00e9szetben | 2024.11.16. | EL\u0150V\u00c9TELES JEGY\" \/>\n<meta property=\"og:description\" content=\"A hagyom\u00e1nynak megfelel\u0151en M\u00e1rton Nap idej\u00e9n a MOKOS Pinc\u00e9szetn\u00e9l is az \u00fajborok\u00e9 \u00e9s a libalakom\u00e1k\u00e9 a f\u0151szerep. Tartson vel\u00fcnk \u00d6n is!\" \/>\n<meta property=\"og:url\" content=\"https:\/\/mokos.hu\/de\/produkt\/libalakoma-a-mokos-pinceszetben-20241116-elovet\/\" \/>\n<meta property=\"og:site_name\" content=\"MOKOS\" \/>\n<meta property=\"article:modified_time\" content=\"2025-03-24T11:54:07+00:00\" \/>\n<meta property=\"og:image\" content=\"https:\/\/mokos.hu\/wp-content\/uploads\/2020\/01\/WEB_MOKOS_Marton_nap_2020_Jegy_LAKOMA_E-scaled-e1600678299765.jpg\" \/>\n\t<meta property=\"og:image:width\" content=\"500\" \/>\n\t<meta property=\"og:image:height\" content=\"500\" \/>\n\t<meta property=\"og:image:type\" content=\"image\/jpeg\" \/>\n<meta name=\"twitter:card\" content=\"summary_large_image\" \/>\n<meta name=\"twitter:label1\" content=\"Gesch\u00e4tzte Lesezeit\" \/>\n\t<meta name=\"twitter:data1\" content=\"1\u00a0Minute\" \/>\n<script type=\"application\/ld+json\" class=\"yoast-schema-graph\">{\"@context\":\"https:\/\/schema.org\",\"@graph\":[{\"@type\":\"WebPage\",\"@id\":\"https:\/\/mokos.hu\/termek\/libalakoma-a-mokos-pinceszetben-20241116-elovet\/\",\"url\":\"https:\/\/mokos.hu\/termek\/libalakoma-a-mokos-pinceszetben-20241116-elovet\/\",\"name\":\"Libalakoma a Mokos Pinc\u00e9szetben | 2024.11.16. | EL\u0150V\u00c9TELES JEGY\",\"isPartOf\":{\"@id\":\"https:\/\/mokos.hu\/#website\"},\"primaryImageOfPage\":{\"@id\":\"https:\/\/mokos.hu\/termek\/libalakoma-a-mokos-pinceszetben-20241116-elovet\/#primaryimage\"},\"image\":{\"@id\":\"https:\/\/mokos.hu\/termek\/libalakoma-a-mokos-pinceszetben-20241116-elovet\/#primaryimage\"},\"thumbnailUrl\":\"https:\/\/mokos.hu\/wp-content\/uploads\/2020\/01\/WEB_MOKOS_Marton_nap_2020_Jegy_LAKOMA_E-scaled-e1600678299765.jpg\",\"datePublished\":\"2024-09-09T14:18:06+00:00\",\"dateModified\":\"2025-03-24T11:54:07+00:00\",\"description\":\"A hagyom\u00e1nynak megfelel\u0151en M\u00e1rton Nap idej\u00e9n a MOKOS Pinc\u00e9szetn\u00e9l is az \u00fajborok\u00e9 \u00e9s a libalakom\u00e1k\u00e9 a f\u0151szerep. Tartson vel\u00fcnk \u00d6n is!\",\"breadcrumb\":{\"@id\":\"https:\/\/mokos.hu\/termek\/libalakoma-a-mokos-pinceszetben-20241116-elovet\/#breadcrumb\"},\"inLanguage\":\"de\",\"potentialAction\":[{\"@type\":\"ReadAction\",\"target\":[\"https:\/\/mokos.hu\/termek\/libalakoma-a-mokos-pinceszetben-20241116-elovet\/\"]}]},{\"@type\":\"ImageObject\",\"inLanguage\":\"de\",\"@id\":\"https:\/\/mokos.hu\/termek\/libalakoma-a-mokos-pinceszetben-20241116-elovet\/#primaryimage\",\"url\":\"https:\/\/mokos.hu\/wp-content\/uploads\/2020\/01\/WEB_MOKOS_Marton_nap_2020_Jegy_LAKOMA_E-scaled-e1600678299765.jpg\",\"contentUrl\":\"https:\/\/mokos.hu\/wp-content\/uploads\/2020\/01\/WEB_MOKOS_Marton_nap_2020_Jegy_LAKOMA_E-scaled-e1600678299765.jpg\",\"width\":500,\"height\":500,\"caption\":\"Mokos_Pinceszet_Villanyi_borvidek_program_esemeny_marton_nap_vacsora_lakoma_liba_borvacsora\"},{\"@type\":\"BreadcrumbList\",\"@id\":\"https:\/\/mokos.hu\/termek\/libalakoma-a-mokos-pinceszetben-20241116-elovet\/#breadcrumb\",\"itemListElement\":[{\"@type\":\"ListItem\",\"position\":1,\"name\":\"Home\",\"item\":\"https:\/\/mokos.hu\/\"},{\"@type\":\"ListItem\",\"position\":2,\"name\":\"Term\u00e9kek\",\"item\":\"https:\/\/mokos.hu\/shop\/\"},{\"@type\":\"ListItem\",\"position\":3,\"name\":\"Libalakoma a Mokos Pinc\u00e9szetben | 2024.11.16. | EL\u0150V\u00c9TELES JEGY\"}]},{\"@type\":\"WebSite\",\"@id\":\"https:\/\/mokos.hu\/#website\",\"url\":\"https:\/\/mokos.hu\/\",\"name\":\"MOKOS\",\"description\":\"Csal\u00e1di Pinc\u00e9szet, Palkonya\",\"publisher\":{\"@id\":\"https:\/\/mokos.hu\/#organization\"},\"potentialAction\":[{\"@type\":\"SearchAction\",\"target\":{\"@type\":\"EntryPoint\",\"urlTemplate\":\"https:\/\/mokos.hu\/?s={search_term_string}\"},\"query-input\":{\"@type\":\"PropertyValueSpecification\",\"valueRequired\":true,\"valueName\":\"search_term_string\"}}],\"inLanguage\":\"de\"},{\"@type\":\"Organization\",\"@id\":\"https:\/\/mokos.hu\/#organization\",\"name\":\"MOKOS\",\"url\":\"https:\/\/mokos.hu\/\",\"logo\":{\"@type\":\"ImageObject\",\"inLanguage\":\"de\",\"@id\":\"https:\/\/mokos.hu\/#\/schema\/logo\/image\/\",\"url\":\"https:\/\/mokos.hu\/wp-content\/uploads\/2018\/11\/cropped-Mokos_Villanyi-Borvidek-Palkonya-1.png\",\"contentUrl\":\"https:\/\/mokos.hu\/wp-content\/uploads\/2018\/11\/cropped-Mokos_Villanyi-Borvidek-Palkonya-1.png\",\"width\":1000,\"height\":245,\"caption\":\"MOKOS\"},\"image\":{\"@id\":\"https:\/\/mokos.hu\/#\/schema\/logo\/image\/\"}}]}<\/script>\n<!-- \/ Yoast SEO plugin. -->","yoast_head_json":{"title":"Libalakoma a Mokos Pinc\u00e9szetben | 2024.11.16. | EL\u0150V\u00c9TELES JEGY","description":"In der Kellerei MOKOS stehen am Martinstag traditionell neue Weine und G\u00e4nsegeschm\u00e4cker im Mittelpunkt. Seien Sie dabei!","robots":{"index":"index","follow":"follow","max-snippet":"max-snippet:-1","max-image-preview":"max-image-preview:large","max-video-preview":"max-video-preview:-1"},"canonical":"https:\/\/mokos.hu\/de\/produkt\/libalakoma-a-mokos-pinceszetben-20241116-elovet\/","og_locale":"de_DE","og_type":"article","og_title":"Libalakoma a Mokos Pinc\u00e9szetben | 2024.11.16. | EL\u0150V\u00c9TELES JEGY","og_description":"A hagyom\u00e1nynak megfelel\u0151en M\u00e1rton Nap idej\u00e9n a MOKOS Pinc\u00e9szetn\u00e9l is az \u00fajborok\u00e9 \u00e9s a libalakom\u00e1k\u00e9 a f\u0151szerep. Tartson vel\u00fcnk \u00d6n is!","og_url":"https:\/\/mokos.hu\/de\/produkt\/libalakoma-a-mokos-pinceszetben-20241116-elovet\/","og_site_name":"MOKOS","article_modified_time":"2025-03-24T11:54:07+00:00","og_image":[{"width":500,"height":500,"url":"https:\/\/mokos.hu\/wp-content\/uploads\/2020\/01\/WEB_MOKOS_Marton_nap_2020_Jegy_LAKOMA_E-scaled-e1600678299765.jpg","type":"image\/jpeg"}],"twitter_card":"summary_large_image","twitter_misc":{"Gesch\u00e4tzte Lesezeit":"1\u00a0Minute"},"schema":{"@context":"https:\/\/schema.org","@graph":[{"@type":"WebPage","@id":"https:\/\/mokos.hu\/termek\/libalakoma-a-mokos-pinceszetben-20241116-elovet\/","url":"https:\/\/mokos.hu\/termek\/libalakoma-a-mokos-pinceszetben-20241116-elovet\/","name":"Libalakoma a Mokos Pinc\u00e9szetben | 2024.11.16. | EL\u0150V\u00c9TELES JEGY","isPartOf":{"@id":"https:\/\/mokos.hu\/#website"},"primaryImageOfPage":{"@id":"https:\/\/mokos.hu\/termek\/libalakoma-a-mokos-pinceszetben-20241116-elovet\/#primaryimage"},"image":{"@id":"https:\/\/mokos.hu\/termek\/libalakoma-a-mokos-pinceszetben-20241116-elovet\/#primaryimage"},"thumbnailUrl":"https:\/\/mokos.hu\/wp-content\/uploads\/2020\/01\/WEB_MOKOS_Marton_nap_2020_Jegy_LAKOMA_E-scaled-e1600678299765.jpg","datePublished":"2024-09-09T14:18:06+00:00","dateModified":"2025-03-24T11:54:07+00:00","description":"In der Kellerei MOKOS stehen am Martinstag traditionell neue Weine und G\u00e4nsegeschm\u00e4cker im Mittelpunkt. Seien Sie dabei!","breadcrumb":{"@id":"https:\/\/mokos.hu\/termek\/libalakoma-a-mokos-pinceszetben-20241116-elovet\/#breadcrumb"},"inLanguage":"de","potentialAction":[{"@type":"ReadAction","target":["https:\/\/mokos.hu\/termek\/libalakoma-a-mokos-pinceszetben-20241116-elovet\/"]}]},{"@type":"ImageObject","inLanguage":"de","@id":"https:\/\/mokos.hu\/termek\/libalakoma-a-mokos-pinceszetben-20241116-elovet\/#primaryimage","url":"https:\/\/mokos.hu\/wp-content\/uploads\/2020\/01\/WEB_MOKOS_Marton_nap_2020_Jegy_LAKOMA_E-scaled-e1600678299765.jpg","contentUrl":"https:\/\/mokos.hu\/wp-content\/uploads\/2020\/01\/WEB_MOKOS_Marton_nap_2020_Jegy_LAKOMA_E-scaled-e1600678299765.jpg","width":500,"height":500,"caption":"Mokos_Pinceszet_Villanyi_borvidek_program_esemeny_marton_nap_vacsora_lakoma_liba_borvacsora"},{"@type":"BreadcrumbList","@id":"https:\/\/mokos.hu\/termek\/libalakoma-a-mokos-pinceszetben-20241116-elovet\/#breadcrumb","itemListElement":[{"@type":"ListItem","position":1,"name":"Home","item":"https:\/\/mokos.hu\/"},{"@type":"ListItem","position":2,"name":"Term\u00e9kek","item":"https:\/\/mokos.hu\/shop\/"},{"@type":"ListItem","position":3,"name":"Libalakoma a Mokos Pinc\u00e9szetben | 2024.11.16. | EL\u0150V\u00c9TELES JEGY"}]},{"@type":"WebSite","@id":"https:\/\/mokos.hu\/#website","url":"https:\/\/mokos.hu\/","name":"MOKOS","description":"Familienweingut, Palkonya","publisher":{"@id":"https:\/\/mokos.hu\/#organization"},"potentialAction":[{"@type":"SearchAction","target":{"@type":"EntryPoint","urlTemplate":"https:\/\/mokos.hu\/?s={search_term_string}"},"query-input":{"@type":"PropertyValueSpecification","valueRequired":true,"valueName":"search_term_string"}}],"inLanguage":"de"},{"@type":"Organization","@id":"https:\/\/mokos.hu\/#organization","name":"MOKOS","url":"https:\/\/mokos.hu\/","logo":{"@type":"ImageObject","inLanguage":"de","@id":"https:\/\/mokos.hu\/#\/schema\/logo\/image\/","url":"https:\/\/mokos.hu\/wp-content\/uploads\/2018\/11\/cropped-Mokos_Villanyi-Borvidek-Palkonya-1.png","contentUrl":"https:\/\/mokos.hu\/wp-content\/uploads\/2018\/11\/cropped-Mokos_Villanyi-Borvidek-Palkonya-1.png","width":1000,"height":245,"caption":"MOKOS"},"image":{"@id":"https:\/\/mokos.hu\/#\/schema\/logo\/image\/"}}]}},"_links":{"self":[{"href":"https:\/\/mokos.hu\/de\/wp-json\/wp\/v2\/product\/21460","targetHints":{"allow":["GET"]}}],"collection":[{"href":"https:\/\/mokos.hu\/de\/wp-json\/wp\/v2\/product"}],"about":[{"href":"https:\/\/mokos.hu\/de\/wp-json\/wp\/v2\/types\/product"}],"wp:featuredmedia":[{"embeddable":true,"href":"https:\/\/mokos.hu\/de\/wp-json\/wp\/v2\/media\/10162"}],"wp:attachment":[{"href":"https:\/\/mokos.hu\/de\/wp-json\/wp\/v2\/media?parent=21460"}],"wp:term":[{"taxonomy":"product_brand","embeddable":true,"href":"https:\/\/mokos.hu\/de\/wp-json\/wp\/v2\/product_brand?post=21460"},{"taxonomy":"product_cat","embeddable":true,"href":"https:\/\/mokos.hu\/de\/wp-json\/wp\/v2\/product_cat?post=21460"},{"taxonomy":"product_tag","embeddable":true,"href":"https:\/\/mokos.hu\/de\/wp-json\/wp\/v2\/product_tag?post=21460"}],"curies":[{"name":"wp","href":"https:\/\/api.w.org\/{rel}","templated":true}]}}