{"id":21318,"date":"2024-08-05T15:06:51","date_gmt":"2024-08-05T13:06:51","guid":{"rendered":"https:\/\/mokos.hu\/?post_type=product&#038;p=21318"},"modified":"2024-11-18T15:04:50","modified_gmt":"2024-11-18T13:04:50","slug":"betetdij-drs-gehause-ruckrufsystem","status":"publish","type":"product","link":"https:\/\/mokos.hu\/de\/termek\/betetdij-drs-kotelezo-visszavaltasi-rendszer\/","title":{"rendered":"Einzahlungsgeb\u00fchr (DRS-Zwangsr\u00fccknahmesystem)"},"content":{"rendered":"","protected":false},"excerpt":{"rendered":"<p><strong>Bitte beachten Sie, dass die in unserem Webshop angegebenen Preise die DRS-Geb\u00fchr nicht enthalten!<\/strong><\/p>\n<p>Die Pfandgeb\u00fchr betr\u00e4gt 50 HUF\/Flasche.<\/p>\n<p><img decoding=\"async\" class=\"wp-image-21333 alignleft\" src=\"https:\/\/mokos.hu\/wp-content\/uploads\/2024\/08\/DRS_LOGO2-250x250.png\" alt=\"\" width=\"203\" height=\"203\" srcset=\"https:\/\/mokos.hu\/wp-content\/uploads\/2024\/08\/DRS_LOGO2-250x250.png 250w, https:\/\/mokos.hu\/wp-content\/uploads\/2024\/08\/DRS_LOGO2-1000x1000.png 1000w, https:\/\/mokos.hu\/wp-content\/uploads\/2024\/08\/DRS_LOGO2-150x150.png 150w, https:\/\/mokos.hu\/wp-content\/uploads\/2024\/08\/DRS_LOGO2-600x600.png 600w, https:\/\/mokos.hu\/wp-content\/uploads\/2024\/08\/DRS_LOGO2-300x300.png 300w, https:\/\/mokos.hu\/wp-content\/uploads\/2024\/08\/DRS_LOGO2-1024x1024.png 1024w, https:\/\/mokos.hu\/wp-content\/uploads\/2024\/08\/DRS_LOGO2-400x400.png 400w, https:\/\/mokos.hu\/wp-content\/uploads\/2024\/08\/DRS_LOGO2.png 1181w\" sizes=\"(max-width: 203px) 100vw, 203px\" \/><\/p>\n<p>Der Wert der Pfandgeb\u00fchr f\u00fcr Produkte mit dem Logo der Pfandgeb\u00fchr (DRS) wird bei Eink\u00e4ufen in unserem Webshop entsprechend der betreffenden Flaschennummern nachtr\u00e4glich verrechnet.<\/p>\n<p>&nbsp;<\/p>\n<p>&nbsp;<\/p>","protected":false},"featured_media":21333,"template":"","meta":{"_acf_changed":false},"product_brand":[],"product_cat":[86],"product_tag":[324,325,326],"class_list":{"0":"post-21318","1":"product","2":"type-product","3":"status-publish","4":"has-post-thumbnail","6":"product_cat-egyeb-termekek","7":"product_tag-betetdij","8":"product_tag-drs","9":"product_tag-drs-kotelezo-visszavaltasi-rendszer","11":"first","12":"instock","13":"virtual","14":"taxable","15":"purchasable","16":"product-type-simple"},"acf":[],"yoast_head":"<!-- This site is optimized with the Yoast SEO plugin v27.5 - https:\/\/yoast.com\/product\/yoast-seo-wordpress\/ -->\n<title>Bet\u00e9td\u00edj (DRS k\u00f6telez\u0151 visszav\u00e1lt\u00e1si rendszer) - MOKOS<\/title>\n<meta name=\"robots\" content=\"index, follow, max-snippet:-1, max-image-preview:large, max-video-preview:-1\" \/>\n<link rel=\"canonical\" href=\"https:\/\/mokos.hu\/de\/produkt\/betetdij-drs-gehause-ruckrufsystem\/\" \/>\n<meta property=\"og:locale\" content=\"de_DE\" \/>\n<meta property=\"og:type\" content=\"article\" \/>\n<meta property=\"og:title\" content=\"Bet\u00e9td\u00edj (DRS k\u00f6telez\u0151 visszav\u00e1lt\u00e1si rendszer) - MOKOS\" \/>\n<meta property=\"og:description\" content=\"Felh\u00edvjuk sz\u00edves figyelm\u00fcket, hogy a webshopunkban felt\u00fcntetett \u00e1raink nem tartalmazz\u00e1k a bet\u00e9td\u00edjat (DRS d\u00edj)!  A bet\u00e9td\u00edj \u00e1ra 50 Ft\/ palack.    A bet\u00e9td\u00edj \u00e9rt\u00e9k\u00e9t a bet\u00e9td\u00edj (DRS) embl\u00e9m\u00e1val ell\u00e1tott term\u00e9kek eset\u00e9ben ut\u00f3lag rendelj\u00fck hozz\u00e1 a webshopunkonban leadott v\u00e1s\u00e1rl\u00e1sokhoz az \u00e9rintett palacksz\u00e1moknak megfelel\u0151en.  &nbsp;  &nbsp;\" \/>\n<meta property=\"og:url\" content=\"https:\/\/mokos.hu\/de\/produkt\/betetdij-drs-gehause-ruckrufsystem\/\" \/>\n<meta property=\"og:site_name\" content=\"MOKOS\" \/>\n<meta property=\"article:modified_time\" content=\"2024-11-18T13:04:50+00:00\" \/>\n<meta property=\"og:image\" content=\"https:\/\/mokos.hu\/wp-content\/uploads\/2024\/08\/DRS_LOGO2.png\" \/>\n\t<meta property=\"og:image:width\" content=\"1181\" \/>\n\t<meta property=\"og:image:height\" content=\"1181\" \/>\n\t<meta property=\"og:image:type\" content=\"image\/png\" \/>\n<meta name=\"twitter:card\" content=\"summary_large_image\" \/>\n<meta name=\"twitter:label1\" content=\"Gesch\u00e4tzte Lesezeit\" \/>\n\t<meta name=\"twitter:data1\" content=\"1\u00a0Minute\" \/>\n<script type=\"application\/ld+json\" class=\"yoast-schema-graph\">{\"@context\":\"https:\\\/\\\/schema.org\",\"@graph\":[{\"@type\":\"WebPage\",\"@id\":\"https:\\\/\\\/mokos.hu\\\/termek\\\/betetdij-drs-kotelezo-visszavaltasi-rendszer\\\/\",\"url\":\"https:\\\/\\\/mokos.hu\\\/termek\\\/betetdij-drs-kotelezo-visszavaltasi-rendszer\\\/\",\"name\":\"Bet\u00e9td\u00edj (DRS k\u00f6telez\u0151 visszav\u00e1lt\u00e1si rendszer) - MOKOS\",\"isPartOf\":{\"@id\":\"https:\\\/\\\/mokos.hu\\\/#website\"},\"primaryImageOfPage\":{\"@id\":\"https:\\\/\\\/mokos.hu\\\/termek\\\/betetdij-drs-kotelezo-visszavaltasi-rendszer\\\/#primaryimage\"},\"image\":{\"@id\":\"https:\\\/\\\/mokos.hu\\\/termek\\\/betetdij-drs-kotelezo-visszavaltasi-rendszer\\\/#primaryimage\"},\"thumbnailUrl\":\"https:\\\/\\\/mokos.hu\\\/wp-content\\\/uploads\\\/2024\\\/08\\\/DRS_LOGO2.png\",\"datePublished\":\"2024-08-05T13:06:51+00:00\",\"dateModified\":\"2024-11-18T13:04:50+00:00\",\"breadcrumb\":{\"@id\":\"https:\\\/\\\/mokos.hu\\\/termek\\\/betetdij-drs-kotelezo-visszavaltasi-rendszer\\\/#breadcrumb\"},\"inLanguage\":\"de\",\"potentialAction\":[{\"@type\":\"ReadAction\",\"target\":[\"https:\\\/\\\/mokos.hu\\\/termek\\\/betetdij-drs-kotelezo-visszavaltasi-rendszer\\\/\"]}]},{\"@type\":\"ImageObject\",\"inLanguage\":\"de\",\"@id\":\"https:\\\/\\\/mokos.hu\\\/termek\\\/betetdij-drs-kotelezo-visszavaltasi-rendszer\\\/#primaryimage\",\"url\":\"https:\\\/\\\/mokos.hu\\\/wp-content\\\/uploads\\\/2024\\\/08\\\/DRS_LOGO2.png\",\"contentUrl\":\"https:\\\/\\\/mokos.hu\\\/wp-content\\\/uploads\\\/2024\\\/08\\\/DRS_LOGO2.png\",\"width\":1181,\"height\":1181},{\"@type\":\"BreadcrumbList\",\"@id\":\"https:\\\/\\\/mokos.hu\\\/termek\\\/betetdij-drs-kotelezo-visszavaltasi-rendszer\\\/#breadcrumb\",\"itemListElement\":[{\"@type\":\"ListItem\",\"position\":1,\"name\":\"Home\",\"item\":\"https:\\\/\\\/mokos.hu\\\/\"},{\"@type\":\"ListItem\",\"position\":2,\"name\":\"Term\u00e9kek\",\"item\":\"https:\\\/\\\/mokos.hu\\\/shop\\\/\"},{\"@type\":\"ListItem\",\"position\":3,\"name\":\"Bet\u00e9td\u00edj (DRS k\u00f6telez\u0151 visszav\u00e1lt\u00e1si rendszer)\"}]},{\"@type\":\"WebSite\",\"@id\":\"https:\\\/\\\/mokos.hu\\\/#website\",\"url\":\"https:\\\/\\\/mokos.hu\\\/\",\"name\":\"MOKOS\",\"description\":\"Csal\u00e1di Pinc\u00e9szet, Palkonya\",\"publisher\":{\"@id\":\"https:\\\/\\\/mokos.hu\\\/#organization\"},\"potentialAction\":[{\"@type\":\"SearchAction\",\"target\":{\"@type\":\"EntryPoint\",\"urlTemplate\":\"https:\\\/\\\/mokos.hu\\\/?s={search_term_string}\"},\"query-input\":{\"@type\":\"PropertyValueSpecification\",\"valueRequired\":true,\"valueName\":\"search_term_string\"}}],\"inLanguage\":\"de\"},{\"@type\":\"Organization\",\"@id\":\"https:\\\/\\\/mokos.hu\\\/#organization\",\"name\":\"MOKOS\",\"url\":\"https:\\\/\\\/mokos.hu\\\/\",\"logo\":{\"@type\":\"ImageObject\",\"inLanguage\":\"de\",\"@id\":\"https:\\\/\\\/mokos.hu\\\/#\\\/schema\\\/logo\\\/image\\\/\",\"url\":\"https:\\\/\\\/mokos.hu\\\/wp-content\\\/uploads\\\/2018\\\/11\\\/cropped-Mokos_Villanyi-Borvidek-Palkonya-1.png\",\"contentUrl\":\"https:\\\/\\\/mokos.hu\\\/wp-content\\\/uploads\\\/2018\\\/11\\\/cropped-Mokos_Villanyi-Borvidek-Palkonya-1.png\",\"width\":1000,\"height\":245,\"caption\":\"MOKOS\"},\"image\":{\"@id\":\"https:\\\/\\\/mokos.hu\\\/#\\\/schema\\\/logo\\\/image\\\/\"}}]}<\/script>\n<!-- \/ Yoast SEO plugin. -->","yoast_head_json":{"title":"Einzahlungsgeb\u00fchr (DRS-Zwangsr\u00fccknahmesystem) - MOKOS","robots":{"index":"index","follow":"follow","max-snippet":"max-snippet:-1","max-image-preview":"max-image-preview:large","max-video-preview":"max-video-preview:-1"},"canonical":"https:\/\/mokos.hu\/de\/produkt\/betetdij-drs-gehause-ruckrufsystem\/","og_locale":"de_DE","og_type":"article","og_title":"Bet\u00e9td\u00edj (DRS k\u00f6telez\u0151 visszav\u00e1lt\u00e1si rendszer) - MOKOS","og_description":"Felh\u00edvjuk sz\u00edves figyelm\u00fcket, hogy a webshopunkban felt\u00fcntetett \u00e1raink nem tartalmazz\u00e1k a bet\u00e9td\u00edjat (DRS d\u00edj)!  A bet\u00e9td\u00edj \u00e1ra 50 Ft\/ palack.    A bet\u00e9td\u00edj \u00e9rt\u00e9k\u00e9t a bet\u00e9td\u00edj (DRS) embl\u00e9m\u00e1val ell\u00e1tott term\u00e9kek eset\u00e9ben ut\u00f3lag rendelj\u00fck hozz\u00e1 a webshopunkonban leadott v\u00e1s\u00e1rl\u00e1sokhoz az \u00e9rintett palacksz\u00e1moknak megfelel\u0151en.  &nbsp;  &nbsp;","og_url":"https:\/\/mokos.hu\/de\/produkt\/betetdij-drs-gehause-ruckrufsystem\/","og_site_name":"MOKOS","article_modified_time":"2024-11-18T13:04:50+00:00","og_image":[{"width":1181,"height":1181,"url":"https:\/\/mokos.hu\/wp-content\/uploads\/2024\/08\/DRS_LOGO2.png","type":"image\/png"}],"twitter_card":"summary_large_image","twitter_misc":{"Gesch\u00e4tzte Lesezeit":"1\u00a0Minute"},"schema":{"@context":"https:\/\/schema.org","@graph":[{"@type":"WebPage","@id":"https:\/\/mokos.hu\/termek\/betetdij-drs-kotelezo-visszavaltasi-rendszer\/","url":"https:\/\/mokos.hu\/termek\/betetdij-drs-kotelezo-visszavaltasi-rendszer\/","name":"Einzahlungsgeb\u00fchr (DRS-Zwangsr\u00fccknahmesystem) - MOKOS","isPartOf":{"@id":"https:\/\/mokos.hu\/#website"},"primaryImageOfPage":{"@id":"https:\/\/mokos.hu\/termek\/betetdij-drs-kotelezo-visszavaltasi-rendszer\/#primaryimage"},"image":{"@id":"https:\/\/mokos.hu\/termek\/betetdij-drs-kotelezo-visszavaltasi-rendszer\/#primaryimage"},"thumbnailUrl":"https:\/\/mokos.hu\/wp-content\/uploads\/2024\/08\/DRS_LOGO2.png","datePublished":"2024-08-05T13:06:51+00:00","dateModified":"2024-11-18T13:04:50+00:00","breadcrumb":{"@id":"https:\/\/mokos.hu\/termek\/betetdij-drs-kotelezo-visszavaltasi-rendszer\/#breadcrumb"},"inLanguage":"de","potentialAction":[{"@type":"ReadAction","target":["https:\/\/mokos.hu\/termek\/betetdij-drs-kotelezo-visszavaltasi-rendszer\/"]}]},{"@type":"ImageObject","inLanguage":"de","@id":"https:\/\/mokos.hu\/termek\/betetdij-drs-kotelezo-visszavaltasi-rendszer\/#primaryimage","url":"https:\/\/mokos.hu\/wp-content\/uploads\/2024\/08\/DRS_LOGO2.png","contentUrl":"https:\/\/mokos.hu\/wp-content\/uploads\/2024\/08\/DRS_LOGO2.png","width":1181,"height":1181},{"@type":"BreadcrumbList","@id":"https:\/\/mokos.hu\/termek\/betetdij-drs-kotelezo-visszavaltasi-rendszer\/#breadcrumb","itemListElement":[{"@type":"ListItem","position":1,"name":"Home","item":"https:\/\/mokos.hu\/"},{"@type":"ListItem","position":2,"name":"Term\u00e9kek","item":"https:\/\/mokos.hu\/shop\/"},{"@type":"ListItem","position":3,"name":"Bet\u00e9td\u00edj (DRS k\u00f6telez\u0151 visszav\u00e1lt\u00e1si rendszer)"}]},{"@type":"WebSite","@id":"https:\/\/mokos.hu\/#website","url":"https:\/\/mokos.hu\/","name":"MOKOS","description":"Familienweingut, Palkonya","publisher":{"@id":"https:\/\/mokos.hu\/#organization"},"potentialAction":[{"@type":"SearchAction","target":{"@type":"EntryPoint","urlTemplate":"https:\/\/mokos.hu\/?s={search_term_string}"},"query-input":{"@type":"PropertyValueSpecification","valueRequired":true,"valueName":"search_term_string"}}],"inLanguage":"de"},{"@type":"Organization","@id":"https:\/\/mokos.hu\/#organization","name":"MOKOS","url":"https:\/\/mokos.hu\/","logo":{"@type":"ImageObject","inLanguage":"de","@id":"https:\/\/mokos.hu\/#\/schema\/logo\/image\/","url":"https:\/\/mokos.hu\/wp-content\/uploads\/2018\/11\/cropped-Mokos_Villanyi-Borvidek-Palkonya-1.png","contentUrl":"https:\/\/mokos.hu\/wp-content\/uploads\/2018\/11\/cropped-Mokos_Villanyi-Borvidek-Palkonya-1.png","width":1000,"height":245,"caption":"MOKOS"},"image":{"@id":"https:\/\/mokos.hu\/#\/schema\/logo\/image\/"}}]}},"_links":{"self":[{"href":"https:\/\/mokos.hu\/de\/wp-json\/wp\/v2\/product\/21318","targetHints":{"allow":["GET"]}}],"collection":[{"href":"https:\/\/mokos.hu\/de\/wp-json\/wp\/v2\/product"}],"about":[{"href":"https:\/\/mokos.hu\/de\/wp-json\/wp\/v2\/types\/product"}],"wp:featuredmedia":[{"embeddable":true,"href":"https:\/\/mokos.hu\/de\/wp-json\/wp\/v2\/media\/21333"}],"wp:attachment":[{"href":"https:\/\/mokos.hu\/de\/wp-json\/wp\/v2\/media?parent=21318"}],"wp:term":[{"taxonomy":"product_brand","embeddable":true,"href":"https:\/\/mokos.hu\/de\/wp-json\/wp\/v2\/product_brand?post=21318"},{"taxonomy":"product_cat","embeddable":true,"href":"https:\/\/mokos.hu\/de\/wp-json\/wp\/v2\/product_cat?post=21318"},{"taxonomy":"product_tag","embeddable":true,"href":"https:\/\/mokos.hu\/de\/wp-json\/wp\/v2\/product_tag?post=21318"}],"curies":[{"name":"wp","href":"https:\/\/api.w.org\/{rel}","templated":true}]}}