{"id":21288,"date":"2024-07-19T14:37:10","date_gmt":"2024-07-19T12:37:10","guid":{"rendered":"https:\/\/mokos.hu\/?post_type=product&#038;p=21288"},"modified":"2025-04-07T09:50:52","modified_gmt":"2025-04-07T07:50:52","slug":"portugieser-2023-classicus-villanyi-vorosbor","status":"publish","type":"product","link":"https:\/\/mokos.hu\/de\/termek\/portugieser-2023-classicus-villanyi-vorosbor\/","title":{"rendered":"Portugieser 2023"},"content":{"rendered":"<h5>Vill\u00e1ny classicus Wein mit gesch\u00fctzter Herkunft<\/h5>\n<p>Unsere Weinberge in der Lage Weingarten im n\u00f6rdlichen Teil des Weinbaugebiets Vill\u00e1ny sind die Heimat der typischen<strong> nationale und internationale Sorten <\/strong>(Portugieser, K\u00e9kfrankos, Pinot noir, Merlot, Cabernet franc, Cabernet sauvignon). Dank der L\u00f6ss- und Rotlehmb\u00f6den, des submediterranen Klimas und der \u00fcberdurchschnittlichen Ertragsbegrenzung ist die Qualit\u00e4t der\u00a0<strong>Vill\u00e1ny classicus und Spitzenweine<\/strong>Seit 2008 produzieren wir rund 100 000 Flaschen pro Jahr.<\/p>\n<h5>DHC Vill\u00e1ny<\/h5>\n<p><img fetchpriority=\"high\" decoding=\"async\" class=\"wp-image-15840 size-full alignright\" src=\"https:\/\/mokos.hu\/wp-content\/uploads\/2023\/03\/villa\u0301ny-dhc.png\" alt=\"DHC Vill\u00e1ny_villanyiborvidek_palkonya_mokos_pinceszet\" width=\"225\" height=\"225\" srcset=\"https:\/\/mokos.hu\/wp-content\/uploads\/2023\/03\/villa\u0301ny-dhc.png 225w, https:\/\/mokos.hu\/wp-content\/uploads\/2023\/03\/villa\u0301ny-dhc-150x150.png 150w, https:\/\/mokos.hu\/wp-content\/uploads\/2023\/03\/villa\u0301ny-dhc-100x100.png 100w\" sizes=\"(max-width: 225px) 100vw, 225px\" \/><\/p>\n<p>V\u00e9dett eredet\u0171 vill\u00e1nyi bort kiz\u00e1r\u00f3lag a borvid\u00e9k ter\u00fclet\u00e9n sz\u00fcretelt, meghat\u00e1rozott sz\u0151l\u0151fajt\u00e1kb\u00f3l lehet k\u00e9sz\u00edteni. Az eredetv\u00e9dett vill\u00e1nyi borokat a k\u00e9pen l\u00e1that\u00f3 kikericses embl\u00e9m\u00e1val kieg\u00e9sz\u00edtett \u201eDistrictus Hungaricus Controllatus Vill\u00e1ny\u201d feliratr\u00f3l ismerheted fel.<\/p>\n<p>Erfahren Sie mehr \u00fcber den Schutz der Herkunft der Weine von Vill\u00e1ny <a href=\"https:\/\/villanyiborvidek.hu\/hu\/villanyi-borvidek\/eredetvedelem-kikerics-vedjegy\" target=\"_blank\" rel=\"noopener noreferrer\">HIER<\/a>.<\/p>\n<p>\u00a0<\/p>","protected":false},"excerpt":{"rendered":"<h5>NAGYARANY\u00c9REM az 55. Vill\u00e1nyi Borversenyen &#8211; 2024<\/h5>\n<h3><strong>Friss, rubinv\u00f6r\u00f6s sz\u00edn, intenz\u00edv gy\u00fcm\u00f6lcs\u00f6s \u00edzvil\u00e1g\u00a0<\/strong><\/h3>\n<h4><em>classicus trockener Rotwein<\/em><\/h4>\n<p>Pinc\u00e9szet\u00fcnk els\u0151 2023-as \u00e9vj\u00e1rat\u00fa k\u00f6nnyed v\u00f6r\u00f6sbora. A K\u00e9koport\u00f3k\u00e9nt is emlegetett Portugieser a Vill\u00e1nyi borvid\u00e9k egyik jellemz\u0151, k\u00fcl\u00f6n\u00f6sen kedvelt sz\u0151l\u0151fajt\u00e1ja.<\/p>\n<p>100% Portugieser fajt\u00e1b\u00f3l.<\/p>\n<p>Aj\u00e1nlott fogyaszt\u00e1si h\u0151m\u00e9rs\u00e9klet: 14-15\u00b0C<\/p>\n<p>Remek v\u00e1laszt\u00e1s csirke, t\u00e9szta \u00e9telek \u00e9s borj\u00fapaprik\u00e1s mell\u00e9.<\/p>\n<p>Fassungsverm\u00f6gen: 750 ml<\/p>\n<p>St\u00fcckpreis: 2.920 Ft\/Liter<\/p>\n<p>&nbsp;<\/p>\n<p>Bestell- und Einkaufsrichtlinien <a href=\"https:\/\/mokos.hu\/de\/uzlet\/regeln\/\">HIER<\/a> reicht.<\/p>","protected":false},"featured_media":16212,"template":"","meta":{"_acf_changed":false},"product_brand":[],"product_cat":[70],"product_tag":[179,123,133,156,180,214,137,129,132],"class_list":{"0":"post-21288","1":"product","2":"type-product","3":"status-publish","4":"has-post-thumbnail","6":"product_cat-villany_mokos_borok","7":"product_tag-dhc-villany","8":"product_tag-mokos-pinceszet","9":"product_tag-portugieser","10":"product_tag-szaraz-bor","11":"product_tag-szaraz-vorosbor","12":"product_tag-ujbor","13":"product_tag-villanyi-borok","14":"product_tag-villanyi-borvidek","15":"product_tag-vorosbor","17":"first","18":"outofstock","19":"taxable","20":"shipping-taxable","21":"purchasable","22":"product-type-simple"},"acf":[],"yoast_head":"<!-- This site is optimized with the Yoast SEO plugin v27.5 - https:\/\/yoast.com\/product\/yoast-seo-wordpress\/ -->\n<title>Portugieser 2023 - MOKOS Pinc\u00e9szet - Vill\u00e1nyi Borvid\u00e9k<\/title>\n<meta name=\"description\" content=\"A Portugieser a Vill\u00e1nyi borvid\u00e9k egyik jellemz\u0151, \u00e9s kedvelt sz\u0151l\u0151fajt\u00e1ja. K\u00f3stold meg a Mokos Pinc\u00e9szet 2023-as \u00e9vj\u00e1rat\u00fa, k\u00f6nnyed Portugieser v\u00f6r\u00f6sbor\u00e1t!\" \/>\n<meta name=\"robots\" content=\"index, follow, max-snippet:-1, max-image-preview:large, max-video-preview:-1\" \/>\n<link rel=\"canonical\" href=\"https:\/\/mokos.hu\/de\/produkt\/portugieser-2023-classicus-villanyi-vorosbor\/\" \/>\n<meta property=\"og:locale\" content=\"de_DE\" \/>\n<meta property=\"og:type\" content=\"article\" \/>\n<meta property=\"og:title\" content=\"Portugieser 2023 - MOKOS Pinc\u00e9szet - Vill\u00e1nyi Borvid\u00e9k\" \/>\n<meta property=\"og:description\" content=\"A Portugieser a Vill\u00e1nyi borvid\u00e9k egyik jellemz\u0151, \u00e9s kedvelt sz\u0151l\u0151fajt\u00e1ja. K\u00f3stold meg a Mokos Pinc\u00e9szet 2023-as \u00e9vj\u00e1rat\u00fa, k\u00f6nnyed Portugieser v\u00f6r\u00f6sbor\u00e1t!\" \/>\n<meta property=\"og:url\" content=\"https:\/\/mokos.hu\/de\/produkt\/portugieser-2023-classicus-villanyi-vorosbor\/\" \/>\n<meta property=\"og:site_name\" content=\"MOKOS\" \/>\n<meta property=\"article:modified_time\" content=\"2025-04-07T07:50:52+00:00\" \/>\n<meta property=\"og:image\" content=\"https:\/\/mokos.hu\/wp-content\/uploads\/2018\/10\/Port_cs_web_K.png\" \/>\n\t<meta property=\"og:image:width\" content=\"425\" \/>\n\t<meta property=\"og:image:height\" content=\"714\" \/>\n\t<meta property=\"og:image:type\" content=\"image\/png\" \/>\n<meta name=\"twitter:card\" content=\"summary_large_image\" \/>\n<meta name=\"twitter:label1\" content=\"Gesch\u00e4tzte Lesezeit\" \/>\n\t<meta name=\"twitter:data1\" content=\"1\u00a0Minute\" \/>\n<script type=\"application\/ld+json\" class=\"yoast-schema-graph\">{\"@context\":\"https:\\\/\\\/schema.org\",\"@graph\":[{\"@type\":\"WebPage\",\"@id\":\"https:\\\/\\\/mokos.hu\\\/termek\\\/portugieser-2023-classicus-villanyi-vorosbor\\\/\",\"url\":\"https:\\\/\\\/mokos.hu\\\/termek\\\/portugieser-2023-classicus-villanyi-vorosbor\\\/\",\"name\":\"Portugieser 2023 - MOKOS Pinc\u00e9szet - Vill\u00e1nyi Borvid\u00e9k\",\"isPartOf\":{\"@id\":\"https:\\\/\\\/mokos.hu\\\/#website\"},\"primaryImageOfPage\":{\"@id\":\"https:\\\/\\\/mokos.hu\\\/termek\\\/portugieser-2023-classicus-villanyi-vorosbor\\\/#primaryimage\"},\"image\":{\"@id\":\"https:\\\/\\\/mokos.hu\\\/termek\\\/portugieser-2023-classicus-villanyi-vorosbor\\\/#primaryimage\"},\"thumbnailUrl\":\"https:\\\/\\\/mokos.hu\\\/wp-content\\\/uploads\\\/2022\\\/02\\\/PORTU_web.png\",\"datePublished\":\"2024-07-19T12:37:10+00:00\",\"dateModified\":\"2025-04-07T07:50:52+00:00\",\"description\":\"A Portugieser a Vill\u00e1nyi borvid\u00e9k egyik jellemz\u0151, \u00e9s kedvelt sz\u0151l\u0151fajt\u00e1ja. K\u00f3stold meg a Mokos Pinc\u00e9szet 2023-as \u00e9vj\u00e1rat\u00fa, k\u00f6nnyed Portugieser v\u00f6r\u00f6sbor\u00e1t!\",\"breadcrumb\":{\"@id\":\"https:\\\/\\\/mokos.hu\\\/termek\\\/portugieser-2023-classicus-villanyi-vorosbor\\\/#breadcrumb\"},\"inLanguage\":\"de\",\"potentialAction\":[{\"@type\":\"ReadAction\",\"target\":[\"https:\\\/\\\/mokos.hu\\\/termek\\\/portugieser-2023-classicus-villanyi-vorosbor\\\/\"]}]},{\"@type\":\"ImageObject\",\"inLanguage\":\"de\",\"@id\":\"https:\\\/\\\/mokos.hu\\\/termek\\\/portugieser-2023-classicus-villanyi-vorosbor\\\/#primaryimage\",\"url\":\"https:\\\/\\\/mokos.hu\\\/wp-content\\\/uploads\\\/2022\\\/02\\\/PORTU_web.png\",\"contentUrl\":\"https:\\\/\\\/mokos.hu\\\/wp-content\\\/uploads\\\/2022\\\/02\\\/PORTU_web.png\",\"width\":700,\"height\":1175},{\"@type\":\"BreadcrumbList\",\"@id\":\"https:\\\/\\\/mokos.hu\\\/termek\\\/portugieser-2023-classicus-villanyi-vorosbor\\\/#breadcrumb\",\"itemListElement\":[{\"@type\":\"ListItem\",\"position\":1,\"name\":\"Home\",\"item\":\"https:\\\/\\\/mokos.hu\\\/\"},{\"@type\":\"ListItem\",\"position\":2,\"name\":\"Term\u00e9kek\",\"item\":\"https:\\\/\\\/mokos.hu\\\/shop\\\/\"},{\"@type\":\"ListItem\",\"position\":3,\"name\":\"Portugieser 2023\"}]},{\"@type\":\"WebSite\",\"@id\":\"https:\\\/\\\/mokos.hu\\\/#website\",\"url\":\"https:\\\/\\\/mokos.hu\\\/\",\"name\":\"MOKOS\",\"description\":\"Csal\u00e1di Pinc\u00e9szet, Palkonya\",\"publisher\":{\"@id\":\"https:\\\/\\\/mokos.hu\\\/#organization\"},\"potentialAction\":[{\"@type\":\"SearchAction\",\"target\":{\"@type\":\"EntryPoint\",\"urlTemplate\":\"https:\\\/\\\/mokos.hu\\\/?s={search_term_string}\"},\"query-input\":{\"@type\":\"PropertyValueSpecification\",\"valueRequired\":true,\"valueName\":\"search_term_string\"}}],\"inLanguage\":\"de\"},{\"@type\":\"Organization\",\"@id\":\"https:\\\/\\\/mokos.hu\\\/#organization\",\"name\":\"MOKOS\",\"url\":\"https:\\\/\\\/mokos.hu\\\/\",\"logo\":{\"@type\":\"ImageObject\",\"inLanguage\":\"de\",\"@id\":\"https:\\\/\\\/mokos.hu\\\/#\\\/schema\\\/logo\\\/image\\\/\",\"url\":\"https:\\\/\\\/mokos.hu\\\/wp-content\\\/uploads\\\/2018\\\/11\\\/cropped-Mokos_Villanyi-Borvidek-Palkonya-1.png\",\"contentUrl\":\"https:\\\/\\\/mokos.hu\\\/wp-content\\\/uploads\\\/2018\\\/11\\\/cropped-Mokos_Villanyi-Borvidek-Palkonya-1.png\",\"width\":1000,\"height\":245,\"caption\":\"MOKOS\"},\"image\":{\"@id\":\"https:\\\/\\\/mokos.hu\\\/#\\\/schema\\\/logo\\\/image\\\/\"}}]}<\/script>\n<!-- \/ Yoast SEO plugin. -->","yoast_head_json":{"title":"Portugieser 2023 - MOKOS Pinc\u00e9szet - Vill\u00e1nyi Borvid\u00e9k","description":"A Portugieser a Vill\u00e1nyi borvid\u00e9k egyik jellemz\u0151, \u00e9s kedvelt sz\u0151l\u0151fajt\u00e1ja. K\u00f3stold meg a Mokos Pinc\u00e9szet 2023-as \u00e9vj\u00e1rat\u00fa, k\u00f6nnyed Portugieser v\u00f6r\u00f6sbor\u00e1t!","robots":{"index":"index","follow":"follow","max-snippet":"max-snippet:-1","max-image-preview":"max-image-preview:large","max-video-preview":"max-video-preview:-1"},"canonical":"https:\/\/mokos.hu\/de\/produkt\/portugieser-2023-classicus-villanyi-vorosbor\/","og_locale":"de_DE","og_type":"article","og_title":"Portugieser 2023 - MOKOS Pinc\u00e9szet - Vill\u00e1nyi Borvid\u00e9k","og_description":"A Portugieser a Vill\u00e1nyi borvid\u00e9k egyik jellemz\u0151, \u00e9s kedvelt sz\u0151l\u0151fajt\u00e1ja. K\u00f3stold meg a Mokos Pinc\u00e9szet 2023-as \u00e9vj\u00e1rat\u00fa, k\u00f6nnyed Portugieser v\u00f6r\u00f6sbor\u00e1t!","og_url":"https:\/\/mokos.hu\/de\/produkt\/portugieser-2023-classicus-villanyi-vorosbor\/","og_site_name":"MOKOS","article_modified_time":"2025-04-07T07:50:52+00:00","og_image":[{"width":425,"height":714,"url":"https:\/\/mokos.hu\/wp-content\/uploads\/2018\/10\/Port_cs_web_K.png","type":"image\/png"}],"twitter_card":"summary_large_image","twitter_misc":{"Gesch\u00e4tzte Lesezeit":"1\u00a0Minute"},"schema":{"@context":"https:\/\/schema.org","@graph":[{"@type":"WebPage","@id":"https:\/\/mokos.hu\/termek\/portugieser-2023-classicus-villanyi-vorosbor\/","url":"https:\/\/mokos.hu\/termek\/portugieser-2023-classicus-villanyi-vorosbor\/","name":"Portugieser 2023 - MOKOS Pinc\u00e9szet - Vill\u00e1nyi Borvid\u00e9k","isPartOf":{"@id":"https:\/\/mokos.hu\/#website"},"primaryImageOfPage":{"@id":"https:\/\/mokos.hu\/termek\/portugieser-2023-classicus-villanyi-vorosbor\/#primaryimage"},"image":{"@id":"https:\/\/mokos.hu\/termek\/portugieser-2023-classicus-villanyi-vorosbor\/#primaryimage"},"thumbnailUrl":"https:\/\/mokos.hu\/wp-content\/uploads\/2022\/02\/PORTU_web.png","datePublished":"2024-07-19T12:37:10+00:00","dateModified":"2025-04-07T07:50:52+00:00","description":"A Portugieser a Vill\u00e1nyi borvid\u00e9k egyik jellemz\u0151, \u00e9s kedvelt sz\u0151l\u0151fajt\u00e1ja. K\u00f3stold meg a Mokos Pinc\u00e9szet 2023-as \u00e9vj\u00e1rat\u00fa, k\u00f6nnyed Portugieser v\u00f6r\u00f6sbor\u00e1t!","breadcrumb":{"@id":"https:\/\/mokos.hu\/termek\/portugieser-2023-classicus-villanyi-vorosbor\/#breadcrumb"},"inLanguage":"de","potentialAction":[{"@type":"ReadAction","target":["https:\/\/mokos.hu\/termek\/portugieser-2023-classicus-villanyi-vorosbor\/"]}]},{"@type":"ImageObject","inLanguage":"de","@id":"https:\/\/mokos.hu\/termek\/portugieser-2023-classicus-villanyi-vorosbor\/#primaryimage","url":"https:\/\/mokos.hu\/wp-content\/uploads\/2022\/02\/PORTU_web.png","contentUrl":"https:\/\/mokos.hu\/wp-content\/uploads\/2022\/02\/PORTU_web.png","width":700,"height":1175},{"@type":"BreadcrumbList","@id":"https:\/\/mokos.hu\/termek\/portugieser-2023-classicus-villanyi-vorosbor\/#breadcrumb","itemListElement":[{"@type":"ListItem","position":1,"name":"Home","item":"https:\/\/mokos.hu\/"},{"@type":"ListItem","position":2,"name":"Term\u00e9kek","item":"https:\/\/mokos.hu\/shop\/"},{"@type":"ListItem","position":3,"name":"Portugieser 2023"}]},{"@type":"WebSite","@id":"https:\/\/mokos.hu\/#website","url":"https:\/\/mokos.hu\/","name":"MOKOS","description":"Familienweingut, Palkonya","publisher":{"@id":"https:\/\/mokos.hu\/#organization"},"potentialAction":[{"@type":"SearchAction","target":{"@type":"EntryPoint","urlTemplate":"https:\/\/mokos.hu\/?s={search_term_string}"},"query-input":{"@type":"PropertyValueSpecification","valueRequired":true,"valueName":"search_term_string"}}],"inLanguage":"de"},{"@type":"Organization","@id":"https:\/\/mokos.hu\/#organization","name":"MOKOS","url":"https:\/\/mokos.hu\/","logo":{"@type":"ImageObject","inLanguage":"de","@id":"https:\/\/mokos.hu\/#\/schema\/logo\/image\/","url":"https:\/\/mokos.hu\/wp-content\/uploads\/2018\/11\/cropped-Mokos_Villanyi-Borvidek-Palkonya-1.png","contentUrl":"https:\/\/mokos.hu\/wp-content\/uploads\/2018\/11\/cropped-Mokos_Villanyi-Borvidek-Palkonya-1.png","width":1000,"height":245,"caption":"MOKOS"},"image":{"@id":"https:\/\/mokos.hu\/#\/schema\/logo\/image\/"}}]}},"_links":{"self":[{"href":"https:\/\/mokos.hu\/de\/wp-json\/wp\/v2\/product\/21288","targetHints":{"allow":["GET"]}}],"collection":[{"href":"https:\/\/mokos.hu\/de\/wp-json\/wp\/v2\/product"}],"about":[{"href":"https:\/\/mokos.hu\/de\/wp-json\/wp\/v2\/types\/product"}],"wp:featuredmedia":[{"embeddable":true,"href":"https:\/\/mokos.hu\/de\/wp-json\/wp\/v2\/media\/16212"}],"wp:attachment":[{"href":"https:\/\/mokos.hu\/de\/wp-json\/wp\/v2\/media?parent=21288"}],"wp:term":[{"taxonomy":"product_brand","embeddable":true,"href":"https:\/\/mokos.hu\/de\/wp-json\/wp\/v2\/product_brand?post=21288"},{"taxonomy":"product_cat","embeddable":true,"href":"https:\/\/mokos.hu\/de\/wp-json\/wp\/v2\/product_cat?post=21288"},{"taxonomy":"product_tag","embeddable":true,"href":"https:\/\/mokos.hu\/de\/wp-json\/wp\/v2\/product_tag?post=21288"}],"curies":[{"name":"wp","href":"https:\/\/api.w.org\/{rel}","templated":true}]}}