{"id":17717,"date":"2024-05-24T13:01:16","date_gmt":"2024-05-24T11:01:16","guid":{"rendered":"https:\/\/mokos.hu\/?post_type=product&#038;p=17717"},"modified":"2026-01-10T13:44:26","modified_gmt":"2026-01-10T11:44:26","slug":"villanyi-franc-super-premium-2019","status":"publish","type":"product","link":"https:\/\/mokos.hu\/de\/termek\/villanyi-franc-super-premium-2019\/","title":{"rendered":"Vill\u00e1nyi Franc Super Premium 2019"},"content":{"rendered":"<h5>VILL\u00c1NYER WEIN MIT GESCH\u00dcTZTER HERKUNFT, SUPER PREMIUM<\/h5>\n<p>Unsere Weinberge in der Lage Weingarten im n\u00f6rdlichen Teil des Weinbaugebiets Vill\u00e1ny sind die Heimat der typischen<strong>\u00a0nationale und internationale Sorten\u00a0<\/strong>(Portugieser, K\u00e9kfrankos, Pinot noir, Merlot, Cabernet franc, Cabernet sauvignon). Dank der L\u00f6ss- und Rotlehmb\u00f6den, des submediterranen Klimas und der \u00fcberdurchschnittlichen Ertragsbegrenzung ist die Qualit\u00e4t der\u00a0<strong>Vill\u00e1ny classicus und Spitzenweine<\/strong>Seit 2008 produzieren wir rund 100 000 Flaschen pro Jahr.<\/p>\n<h5>DHC MANSION<\/h5>\n<p><img fetchpriority=\"high\" decoding=\"async\" class=\"wp-image-15840 size-full alignright\" src=\"https:\/\/mokos.hu\/wp-content\/uploads\/2023\/03\/villa\u0301ny-dhc.png\" alt=\"DHC Vill\u00e1ny_villanyiborvidek_palkonya_mokos_pinceszet\" width=\"225\" height=\"225\" srcset=\"https:\/\/mokos.hu\/wp-content\/uploads\/2023\/03\/villa\u0301ny-dhc.png 225w, https:\/\/mokos.hu\/wp-content\/uploads\/2023\/03\/villa\u0301ny-dhc-150x150.png 150w, https:\/\/mokos.hu\/wp-content\/uploads\/2023\/03\/villa\u0301ny-dhc-100x100.png 100w\" sizes=\"(max-width: 225px) 100vw, 225px\" \/><\/p>\n<p>Vill\u00e1nyer Wein mit gesch\u00fctzter Herkunft darf nur aus bestimmten Rebsorten hergestellt werden, die in der Weinregion geerntet werden. Die Weine der g.U. Vill\u00e1ny sind an der Aufschrift \"Districtus Hungaricus Controllatus Vill\u00e1ny\" mit dem Kirschbl\u00fctenemblem im Bild zu erkennen.<\/p>\n<p>Erfahren Sie mehr \u00fcber den Schutz der Herkunft der Weine von Vill\u00e1ny\u00a0<a href=\"https:\/\/villanyiborvidek.hu\/hu\/villanyi-borvidek\/eredetvedelem-kikerics-vedjegy\" target=\"_blank\" rel=\"noopener noreferrer\">HIER<\/a>.<\/p>","protected":false},"excerpt":{"rendered":"<h5><strong>Goldmedaille - 2024 Berliner WeinTrophy Weinwettbewerb<\/strong><\/h5>\n<h5><strong>Arany\u00e9rem &#8211; Figyel\u0151 Top100 Magyar Bor<\/strong><\/h5>\n<h5><strong>Arany\u00e9rem &#8211;\u00a0 Vill\u00e1nyi Borverseny 2023<\/strong><\/h5>\n<h5><strong>Goldmedaille - XXXIX St. George's Day Weinwettbewerb<\/strong><\/h5>\n<h5><\/h5>\n<h3><strong>Ein vollmundiger Rotwein von hoher Komplexit\u00e4t, mit fruchtigen Noten, die durch Fassgew\u00fcrze erg\u00e4nzt werden<\/strong><\/h3>\n<h4><em>Super-Premium-Rotwein<\/em><\/h4>\n<p>A vill\u00e1nyi borvid\u00e9k Super Premium kateg\u00f3ri\u00e1j\u00fa z\u00e1szl\u00f3sbora a Vill\u00e1nyi Franc. Fajt\u00e1ra jellemz\u0151 fekete bogy\u00f3s gy\u00fcm\u00f6lcs\u00f6k domin\u00e1lnak a borban, melyet a 22 h\u00f3napos t\u00f6lgyfahord\u00f3s \u00e9rlel\u00e9s \u00edzjegyei eg\u00e9sz\u00edtenek ki. A pinc\u00e9szet fajta cs\u00facsbora csup\u00e1n k\u00fcl\u00f6nleges \u00e9vj\u00e1ratokban k\u00e9sz\u00fcl, \u00edgy garant\u00e1lva az egyedi \u00e9s komplex k\u00f3stol\u00e1si \u00e9lm\u00e9nyt.<\/p>\n<p>Die besten Teile unserer Cabernet-Franc-Weinberge in der Lage Weingarten sind vom Rebschnitt an auf niedrigen Druck im Weinberg geeicht, um konzentrierte Aromen zu erzielen. Je nach Jahrgang produzieren wir auch Premium und Super Premium Franc, die in separaten Tanks vergoren werden. W\u00e4hrend des Ausbaus in F\u00e4ssern werden die besten F\u00e4sser ausgew\u00e4hlt, und diese Partien bilden unseren Vill\u00e1nyi Franc der Kategorie Super Premium.<\/p>\n<p>Empfohlene Verbrauchstemperatur: 16-18\u00b0C.<\/p>\n<p>Eine gute Wahl f\u00fcr Braten, Wild und ger\u00e4ucherte K\u00e4sesorten.<\/p>\n<p>Fassungsverm\u00f6gen: 750 ml<\/p>\n<p>St\u00fcckpreis: 12.653 Ft\/L<\/p>\n<p>&nbsp;<\/p>\n<p>Bestell- und Einkaufsrichtlinien <a href=\"https:\/\/mokos.hu\/de\/uzlet\/regeln\/\">HIER<\/a> reicht.<\/p>","protected":false},"featured_media":29596,"template":"","meta":{"_acf_changed":false},"product_brand":[],"product_cat":[70],"product_tag":[136,179,123,142,200,180,137,129,138,132],"class_list":{"0":"post-17717","1":"product","2":"type-product","3":"status-publish","4":"has-post-thumbnail","6":"product_cat-villany_mokos_borok","7":"product_tag-cabernet-franc","8":"product_tag-dhc-villany","9":"product_tag-mokos-pinceszet","10":"product_tag-super-premium","11":"product_tag-super-premium-vorosbor","12":"product_tag-szaraz-vorosbor","13":"product_tag-villanyi-borok","14":"product_tag-villanyi-borvidek","15":"product_tag-villanyi-franc","16":"product_tag-vorosbor","18":"first","19":"instock","20":"taxable","21":"shipping-taxable","22":"purchasable","23":"product-type-simple"},"acf":[],"yoast_head":"<!-- This site is optimized with the Yoast SEO plugin v27.1.1 - https:\/\/yoast.com\/product\/yoast-seo-wordpress\/ -->\n<title>Vill\u00e1nyi Franc Super Premium 2019 - MOKOS Pinc\u00e9szet - Vill\u00e1nyi Borvid\u00e9k<\/title>\n<meta name=\"description\" content=\"SUPER PREMIUM Vill\u00e1nyi Franc a Mokos Pinc\u00e9szett\u0151l: 100% Cabernet Franc fajt\u00e1b\u00f3l k\u00e9sz\u00fclt, karakteres, testes, f\u00e9rfias vill\u00e1nyi v\u00f6r\u00f6sbor.\" \/>\n<meta name=\"robots\" content=\"index, follow, max-snippet:-1, max-image-preview:large, max-video-preview:-1\" \/>\n<link rel=\"canonical\" href=\"https:\/\/mokos.hu\/de\/produkt\/villanyi-franc-super-premium-2019\/\" \/>\n<meta property=\"og:locale\" content=\"de_DE\" \/>\n<meta property=\"og:type\" content=\"article\" \/>\n<meta property=\"og:title\" content=\"Vill\u00e1nyi Franc Super Premium 2019 - MOKOS Pinc\u00e9szet - Vill\u00e1nyi Borvid\u00e9k\" \/>\n<meta property=\"og:description\" content=\"SUPER PREMIUM Vill\u00e1nyi Franc a Mokos Pinc\u00e9szett\u0151l: 100% Cabernet Franc fajt\u00e1b\u00f3l k\u00e9sz\u00fclt, karakteres, testes, f\u00e9rfias vill\u00e1nyi v\u00f6r\u00f6sbor.\" \/>\n<meta property=\"og:url\" content=\"https:\/\/mokos.hu\/de\/produkt\/villanyi-franc-super-premium-2019\/\" \/>\n<meta property=\"og:site_name\" content=\"MOKOS\" \/>\n<meta property=\"article:modified_time\" content=\"2026-01-10T11:44:26+00:00\" \/>\n<meta property=\"og:image\" content=\"https:\/\/mokos.hu\/wp-content\/uploads\/2020\/04\/IMG_3042-scaled-e1600681870302.jpg\" \/>\n\t<meta property=\"og:image:width\" content=\"800\" \/>\n\t<meta property=\"og:image:height\" content=\"1200\" \/>\n\t<meta property=\"og:image:type\" content=\"image\/jpeg\" \/>\n<meta name=\"twitter:card\" content=\"summary_large_image\" \/>\n<meta name=\"twitter:label1\" content=\"Gesch\u00e4tzte Lesezeit\" \/>\n\t<meta name=\"twitter:data1\" content=\"1\u00a0Minute\" \/>\n<script type=\"application\/ld+json\" class=\"yoast-schema-graph\">{\"@context\":\"https:\/\/schema.org\",\"@graph\":[{\"@type\":\"WebPage\",\"@id\":\"https:\/\/mokos.hu\/termek\/villanyi-franc-super-premium-2019\/\",\"url\":\"https:\/\/mokos.hu\/termek\/villanyi-franc-super-premium-2019\/\",\"name\":\"Vill\u00e1nyi Franc Super Premium 2019 - MOKOS Pinc\u00e9szet - Vill\u00e1nyi Borvid\u00e9k\",\"isPartOf\":{\"@id\":\"https:\/\/mokos.hu\/#website\"},\"primaryImageOfPage\":{\"@id\":\"https:\/\/mokos.hu\/termek\/villanyi-franc-super-premium-2019\/#primaryimage\"},\"image\":{\"@id\":\"https:\/\/mokos.hu\/termek\/villanyi-franc-super-premium-2019\/#primaryimage\"},\"thumbnailUrl\":\"https:\/\/mokos.hu\/wp-content\/uploads\/2026\/01\/Villanyi_Franc_2019-scaled.png\",\"datePublished\":\"2024-05-24T11:01:16+00:00\",\"dateModified\":\"2026-01-10T11:44:26+00:00\",\"description\":\"SUPER PREMIUM Vill\u00e1nyi Franc a Mokos Pinc\u00e9szett\u0151l: 100% Cabernet Franc fajt\u00e1b\u00f3l k\u00e9sz\u00fclt, karakteres, testes, f\u00e9rfias vill\u00e1nyi v\u00f6r\u00f6sbor.\",\"breadcrumb\":{\"@id\":\"https:\/\/mokos.hu\/termek\/villanyi-franc-super-premium-2019\/#breadcrumb\"},\"inLanguage\":\"de\",\"potentialAction\":[{\"@type\":\"ReadAction\",\"target\":[\"https:\/\/mokos.hu\/termek\/villanyi-franc-super-premium-2019\/\"]}]},{\"@type\":\"ImageObject\",\"inLanguage\":\"de\",\"@id\":\"https:\/\/mokos.hu\/termek\/villanyi-franc-super-premium-2019\/#primaryimage\",\"url\":\"https:\/\/mokos.hu\/wp-content\/uploads\/2026\/01\/Villanyi_Franc_2019-scaled.png\",\"contentUrl\":\"https:\/\/mokos.hu\/wp-content\/uploads\/2026\/01\/Villanyi_Franc_2019-scaled.png\",\"width\":1525,\"height\":2560},{\"@type\":\"BreadcrumbList\",\"@id\":\"https:\/\/mokos.hu\/termek\/villanyi-franc-super-premium-2019\/#breadcrumb\",\"itemListElement\":[{\"@type\":\"ListItem\",\"position\":1,\"name\":\"Home\",\"item\":\"https:\/\/mokos.hu\/\"},{\"@type\":\"ListItem\",\"position\":2,\"name\":\"Term\u00e9kek\",\"item\":\"https:\/\/mokos.hu\/shop\/\"},{\"@type\":\"ListItem\",\"position\":3,\"name\":\"Vill\u00e1nyi Franc Super Premium 2019\"}]},{\"@type\":\"WebSite\",\"@id\":\"https:\/\/mokos.hu\/#website\",\"url\":\"https:\/\/mokos.hu\/\",\"name\":\"MOKOS\",\"description\":\"Csal\u00e1di Pinc\u00e9szet, Palkonya\",\"publisher\":{\"@id\":\"https:\/\/mokos.hu\/#organization\"},\"potentialAction\":[{\"@type\":\"SearchAction\",\"target\":{\"@type\":\"EntryPoint\",\"urlTemplate\":\"https:\/\/mokos.hu\/?s={search_term_string}\"},\"query-input\":{\"@type\":\"PropertyValueSpecification\",\"valueRequired\":true,\"valueName\":\"search_term_string\"}}],\"inLanguage\":\"de\"},{\"@type\":\"Organization\",\"@id\":\"https:\/\/mokos.hu\/#organization\",\"name\":\"MOKOS\",\"url\":\"https:\/\/mokos.hu\/\",\"logo\":{\"@type\":\"ImageObject\",\"inLanguage\":\"de\",\"@id\":\"https:\/\/mokos.hu\/#\/schema\/logo\/image\/\",\"url\":\"https:\/\/mokos.hu\/wp-content\/uploads\/2018\/11\/cropped-Mokos_Villanyi-Borvidek-Palkonya-1.png\",\"contentUrl\":\"https:\/\/mokos.hu\/wp-content\/uploads\/2018\/11\/cropped-Mokos_Villanyi-Borvidek-Palkonya-1.png\",\"width\":1000,\"height\":245,\"caption\":\"MOKOS\"},\"image\":{\"@id\":\"https:\/\/mokos.hu\/#\/schema\/logo\/image\/\"}}]}<\/script>\n<!-- \/ Yoast SEO plugin. -->","yoast_head_json":{"title":"Vill\u00e1nyi Franc Super Premium 2019 - MOKOS Weingut - Weinregion Vill\u00e1ny","description":"SUPER PREMIUM Vill\u00e1nyi Franc von Mokos Winery: hergestellt aus 100% Cabernet Franc, ein charaktervoller, vollmundiger, maskuliner Vill\u00e1nyi-Rotwein.","robots":{"index":"index","follow":"follow","max-snippet":"max-snippet:-1","max-image-preview":"max-image-preview:large","max-video-preview":"max-video-preview:-1"},"canonical":"https:\/\/mokos.hu\/de\/produkt\/villanyi-franc-super-premium-2019\/","og_locale":"de_DE","og_type":"article","og_title":"Vill\u00e1nyi Franc Super Premium 2019 - MOKOS Pinc\u00e9szet - Vill\u00e1nyi Borvid\u00e9k","og_description":"SUPER PREMIUM Vill\u00e1nyi Franc a Mokos Pinc\u00e9szett\u0151l: 100% Cabernet Franc fajt\u00e1b\u00f3l k\u00e9sz\u00fclt, karakteres, testes, f\u00e9rfias vill\u00e1nyi v\u00f6r\u00f6sbor.","og_url":"https:\/\/mokos.hu\/de\/produkt\/villanyi-franc-super-premium-2019\/","og_site_name":"MOKOS","article_modified_time":"2026-01-10T11:44:26+00:00","og_image":[{"width":800,"height":1200,"url":"https:\/\/mokos.hu\/wp-content\/uploads\/2020\/04\/IMG_3042-scaled-e1600681870302.jpg","type":"image\/jpeg"}],"twitter_card":"summary_large_image","twitter_misc":{"Gesch\u00e4tzte Lesezeit":"1\u00a0Minute"},"schema":{"@context":"https:\/\/schema.org","@graph":[{"@type":"WebPage","@id":"https:\/\/mokos.hu\/termek\/villanyi-franc-super-premium-2019\/","url":"https:\/\/mokos.hu\/termek\/villanyi-franc-super-premium-2019\/","name":"Vill\u00e1nyi Franc Super Premium 2019 - MOKOS Weingut - Weinregion Vill\u00e1ny","isPartOf":{"@id":"https:\/\/mokos.hu\/#website"},"primaryImageOfPage":{"@id":"https:\/\/mokos.hu\/termek\/villanyi-franc-super-premium-2019\/#primaryimage"},"image":{"@id":"https:\/\/mokos.hu\/termek\/villanyi-franc-super-premium-2019\/#primaryimage"},"thumbnailUrl":"https:\/\/mokos.hu\/wp-content\/uploads\/2026\/01\/Villanyi_Franc_2019-scaled.png","datePublished":"2024-05-24T11:01:16+00:00","dateModified":"2026-01-10T11:44:26+00:00","description":"SUPER PREMIUM Vill\u00e1nyi Franc von Mokos Winery: hergestellt aus 100% Cabernet Franc, ein charaktervoller, vollmundiger, maskuliner Vill\u00e1nyi-Rotwein.","breadcrumb":{"@id":"https:\/\/mokos.hu\/termek\/villanyi-franc-super-premium-2019\/#breadcrumb"},"inLanguage":"de","potentialAction":[{"@type":"ReadAction","target":["https:\/\/mokos.hu\/termek\/villanyi-franc-super-premium-2019\/"]}]},{"@type":"ImageObject","inLanguage":"de","@id":"https:\/\/mokos.hu\/termek\/villanyi-franc-super-premium-2019\/#primaryimage","url":"https:\/\/mokos.hu\/wp-content\/uploads\/2026\/01\/Villanyi_Franc_2019-scaled.png","contentUrl":"https:\/\/mokos.hu\/wp-content\/uploads\/2026\/01\/Villanyi_Franc_2019-scaled.png","width":1525,"height":2560},{"@type":"BreadcrumbList","@id":"https:\/\/mokos.hu\/termek\/villanyi-franc-super-premium-2019\/#breadcrumb","itemListElement":[{"@type":"ListItem","position":1,"name":"Home","item":"https:\/\/mokos.hu\/"},{"@type":"ListItem","position":2,"name":"Term\u00e9kek","item":"https:\/\/mokos.hu\/shop\/"},{"@type":"ListItem","position":3,"name":"Vill\u00e1nyi Franc Super Premium 2019"}]},{"@type":"WebSite","@id":"https:\/\/mokos.hu\/#website","url":"https:\/\/mokos.hu\/","name":"MOKOS","description":"Familienweingut, Palkonya","publisher":{"@id":"https:\/\/mokos.hu\/#organization"},"potentialAction":[{"@type":"SearchAction","target":{"@type":"EntryPoint","urlTemplate":"https:\/\/mokos.hu\/?s={search_term_string}"},"query-input":{"@type":"PropertyValueSpecification","valueRequired":true,"valueName":"search_term_string"}}],"inLanguage":"de"},{"@type":"Organization","@id":"https:\/\/mokos.hu\/#organization","name":"MOKOS","url":"https:\/\/mokos.hu\/","logo":{"@type":"ImageObject","inLanguage":"de","@id":"https:\/\/mokos.hu\/#\/schema\/logo\/image\/","url":"https:\/\/mokos.hu\/wp-content\/uploads\/2018\/11\/cropped-Mokos_Villanyi-Borvidek-Palkonya-1.png","contentUrl":"https:\/\/mokos.hu\/wp-content\/uploads\/2018\/11\/cropped-Mokos_Villanyi-Borvidek-Palkonya-1.png","width":1000,"height":245,"caption":"MOKOS"},"image":{"@id":"https:\/\/mokos.hu\/#\/schema\/logo\/image\/"}}]}},"_links":{"self":[{"href":"https:\/\/mokos.hu\/de\/wp-json\/wp\/v2\/product\/17717","targetHints":{"allow":["GET"]}}],"collection":[{"href":"https:\/\/mokos.hu\/de\/wp-json\/wp\/v2\/product"}],"about":[{"href":"https:\/\/mokos.hu\/de\/wp-json\/wp\/v2\/types\/product"}],"wp:featuredmedia":[{"embeddable":true,"href":"https:\/\/mokos.hu\/de\/wp-json\/wp\/v2\/media\/29596"}],"wp:attachment":[{"href":"https:\/\/mokos.hu\/de\/wp-json\/wp\/v2\/media?parent=17717"}],"wp:term":[{"taxonomy":"product_brand","embeddable":true,"href":"https:\/\/mokos.hu\/de\/wp-json\/wp\/v2\/product_brand?post=17717"},{"taxonomy":"product_cat","embeddable":true,"href":"https:\/\/mokos.hu\/de\/wp-json\/wp\/v2\/product_cat?post=17717"},{"taxonomy":"product_tag","embeddable":true,"href":"https:\/\/mokos.hu\/de\/wp-json\/wp\/v2\/product_tag?post=17717"}],"curies":[{"name":"wp","href":"https:\/\/api.w.org\/{rel}","templated":true}]}}