{"id":16576,"date":"2023-09-21T20:17:40","date_gmt":"2023-09-21T18:17:40","guid":{"rendered":"https:\/\/mokos.hu\/?post_type=product&#038;p=16576"},"modified":"2023-09-21T20:28:10","modified_gmt":"2023-09-21T18:28:10","slug":"szilveszteri-mulatsag-paholy-jegy-2023","status":"publish","type":"product","link":"https:\/\/mokos.hu\/de\/termek\/szilveszteri-mulatsag-paholy-jegy-2023\/","title":{"rendered":"Szilveszteri Mulats\u00e1g |P\u00e1holy jegy| 2023"},"content":{"rendered":"","protected":false},"excerpt":{"rendered":"<h3>BEGR\u00dcSSEN SIE DAS NEUE JAHR MIT DER WEINKELLEREI MOKOS!<\/h3>\n<div class=\"wpb_text_column wpb_content_element\">\n<div class=\"wpb_wrapper\">\n<p><strong style=\"font-size: 1.5rem;\">VERBRINGEN SIE SILVESTER IN DER WEINREGION VILL\u00c1NY!\u00a0<\/strong>Wundersch\u00f6nes Ambiente, Weinverkostungsatmosph\u00e4re, Live-Musik, ausgezeichnetes Essen und edle Weine... was braucht man mehr f\u00fcr einen fantastischen Abend zum Jahresausklang?<\/p>\n<p>Feiern Sie Ihren Silvesterabend im gem\u00fctlichen Theater unserer Weinkellerei, in einem eleganten Rahmen! Gute Weine und gute Laune garantiert!<\/p>\n<p><em>Der Kauf kann jederzeit ohne Folgen storniert werden, bevor die Schaltfl\u00e4che \"Bezahlen\" oder \"Zahlungspflichtig bestellen\" gedr\u00fcckt wird. Der Kunde kann das R\u00fccktritts- oder K\u00fcndigungsrecht gem\u00e4\u00df Artikel 29 (1) l) der Regierungsverordnung 45\/2014 (II.26.) nicht aus\u00fcben, wenn das Veranstaltungsticket f\u00fcr ein bestimmtes Datum (bestimmter Tag, Stichtag) g\u00fcltig ist oder w\u00e4hrend eines bestimmten Zeitraums genutzt werden kann. In einem solchen Fall ist der Dienstleister nicht berechtigt, das Ticket zur\u00fcckzugeben oder den Wert des Kaufs zu erstatten.<\/em><\/p>\n<\/div>\n<\/div>\n<p>Einzelheiten der Veranstaltung:\u00a0<a href=\"https:\/\/mokos.hu\/de\/silvesterparty-im-mokos-keller-buek\/\"><strong>HIER<\/strong>.<\/a><\/p>\n<p>Bestell- und Einkaufsrichtlinien\u00a0<a href=\"https:\/\/mokos.hu\/de\/uzlet\/regeln\/\">HIER<\/a>\u00a0reicht.<\/p>\n<p>&nbsp;<\/p>\n<p>&nbsp;<\/p>","protected":false},"featured_media":7713,"template":"","meta":{"_acf_changed":false},"product_brand":[],"product_cat":[110,73],"product_tag":[],"class_list":{"0":"post-16576","1":"product","2":"type-product","3":"status-publish","4":"has-post-thumbnail","6":"product_cat-belepojegyek","7":"product_cat-rendezvenyek","9":"first","10":"outofstock","11":"virtual","12":"taxable","13":"purchasable","14":"product-type-simple"},"acf":[],"yoast_head":"<!-- This site is optimized with the Yoast SEO plugin v27.1.1 - https:\/\/yoast.com\/product\/yoast-seo-wordpress\/ -->\n<title>Szilveszteri Mulats\u00e1g |P\u00e1holy jegy| 2023 - MOKOS<\/title>\n<meta name=\"description\" content=\"T\u00d6LTSE A SZILVESZTERT A VILL\u00c1NYI BORVID\u00c9KEN!\u00a0Csod\u00e1s k\u00f6rnyezet, borm\u00e1moros hangulat,\u00a0 \u00e9l\u0151zene, kit\u0171n\u0151 fog\u00e1sok \u00e9s finom borok\u2026mi m\u00e1s kell m\u00e9g egy fantasztikus \u00f3\u00e9vet b\u00facs\u00faztat\u00f3 est\u00e9hez?\" \/>\n<meta name=\"robots\" content=\"index, follow, max-snippet:-1, max-image-preview:large, max-video-preview:-1\" \/>\n<link rel=\"canonical\" href=\"https:\/\/mokos.hu\/de\/produkt\/szilveszteri-mulatsag-paholy-jegy-2023\/\" \/>\n<meta property=\"og:locale\" content=\"de_DE\" \/>\n<meta property=\"og:type\" content=\"article\" \/>\n<meta property=\"og:title\" content=\"Szilveszteri Mulats\u00e1g |P\u00e1holy jegy| 2023 - MOKOS\" \/>\n<meta property=\"og:description\" content=\"T\u00d6LTSE A SZILVESZTERT A VILL\u00c1NYI BORVID\u00c9KEN!\u00a0Csod\u00e1s k\u00f6rnyezet, borm\u00e1moros hangulat,\u00a0 \u00e9l\u0151zene, kit\u0171n\u0151 fog\u00e1sok \u00e9s finom borok\u2026mi m\u00e1s kell m\u00e9g egy fantasztikus \u00f3\u00e9vet b\u00facs\u00faztat\u00f3 est\u00e9hez?\" \/>\n<meta property=\"og:url\" content=\"https:\/\/mokos.hu\/de\/produkt\/szilveszteri-mulatsag-paholy-jegy-2023\/\" \/>\n<meta property=\"og:site_name\" content=\"MOKOS\" \/>\n<meta property=\"article:modified_time\" content=\"2023-09-21T18:28:10+00:00\" \/>\n<meta property=\"og:image\" content=\"https:\/\/mokos.hu\/wp-content\/uploads\/2019\/09\/SZILVESZTER_Pinceszet_sSZH-P-e1600689236680.jpg\" \/>\n\t<meta property=\"og:image:width\" content=\"500\" \/>\n\t<meta property=\"og:image:height\" content=\"500\" \/>\n\t<meta property=\"og:image:type\" content=\"image\/jpeg\" \/>\n<meta name=\"twitter:card\" content=\"summary_large_image\" \/>\n<script type=\"application\/ld+json\" class=\"yoast-schema-graph\">{\"@context\":\"https:\/\/schema.org\",\"@graph\":[{\"@type\":\"WebPage\",\"@id\":\"https:\/\/mokos.hu\/termek\/szilveszteri-mulatsag-paholy-jegy-2023\/\",\"url\":\"https:\/\/mokos.hu\/termek\/szilveszteri-mulatsag-paholy-jegy-2023\/\",\"name\":\"Szilveszteri Mulats\u00e1g |P\u00e1holy jegy| 2023 - MOKOS\",\"isPartOf\":{\"@id\":\"https:\/\/mokos.hu\/#website\"},\"primaryImageOfPage\":{\"@id\":\"https:\/\/mokos.hu\/termek\/szilveszteri-mulatsag-paholy-jegy-2023\/#primaryimage\"},\"image\":{\"@id\":\"https:\/\/mokos.hu\/termek\/szilveszteri-mulatsag-paholy-jegy-2023\/#primaryimage\"},\"thumbnailUrl\":\"https:\/\/mokos.hu\/wp-content\/uploads\/2019\/09\/SZILVESZTER_Pinceszet_sSZH-P-e1600689236680.jpg\",\"datePublished\":\"2023-09-21T18:17:40+00:00\",\"dateModified\":\"2023-09-21T18:28:10+00:00\",\"description\":\"T\u00d6LTSE A SZILVESZTERT A VILL\u00c1NYI BORVID\u00c9KEN!\u00a0Csod\u00e1s k\u00f6rnyezet, borm\u00e1moros hangulat,\u00a0 \u00e9l\u0151zene, kit\u0171n\u0151 fog\u00e1sok \u00e9s finom borok\u2026mi m\u00e1s kell m\u00e9g egy fantasztikus \u00f3\u00e9vet b\u00facs\u00faztat\u00f3 est\u00e9hez?\",\"breadcrumb\":{\"@id\":\"https:\/\/mokos.hu\/termek\/szilveszteri-mulatsag-paholy-jegy-2023\/#breadcrumb\"},\"inLanguage\":\"de\",\"potentialAction\":[{\"@type\":\"ReadAction\",\"target\":[\"https:\/\/mokos.hu\/termek\/szilveszteri-mulatsag-paholy-jegy-2023\/\"]}]},{\"@type\":\"ImageObject\",\"inLanguage\":\"de\",\"@id\":\"https:\/\/mokos.hu\/termek\/szilveszteri-mulatsag-paholy-jegy-2023\/#primaryimage\",\"url\":\"https:\/\/mokos.hu\/wp-content\/uploads\/2019\/09\/SZILVESZTER_Pinceszet_sSZH-P-e1600689236680.jpg\",\"contentUrl\":\"https:\/\/mokos.hu\/wp-content\/uploads\/2019\/09\/SZILVESZTER_Pinceszet_sSZH-P-e1600689236680.jpg\",\"width\":500,\"height\":500},{\"@type\":\"BreadcrumbList\",\"@id\":\"https:\/\/mokos.hu\/termek\/szilveszteri-mulatsag-paholy-jegy-2023\/#breadcrumb\",\"itemListElement\":[{\"@type\":\"ListItem\",\"position\":1,\"name\":\"Home\",\"item\":\"https:\/\/mokos.hu\/\"},{\"@type\":\"ListItem\",\"position\":2,\"name\":\"Term\u00e9kek\",\"item\":\"https:\/\/mokos.hu\/shop\/\"},{\"@type\":\"ListItem\",\"position\":3,\"name\":\"Szilveszteri Mulats\u00e1g |P\u00e1holy jegy| 2023\"}]},{\"@type\":\"WebSite\",\"@id\":\"https:\/\/mokos.hu\/#website\",\"url\":\"https:\/\/mokos.hu\/\",\"name\":\"MOKOS\",\"description\":\"Csal\u00e1di Pinc\u00e9szet, Palkonya\",\"publisher\":{\"@id\":\"https:\/\/mokos.hu\/#organization\"},\"potentialAction\":[{\"@type\":\"SearchAction\",\"target\":{\"@type\":\"EntryPoint\",\"urlTemplate\":\"https:\/\/mokos.hu\/?s={search_term_string}\"},\"query-input\":{\"@type\":\"PropertyValueSpecification\",\"valueRequired\":true,\"valueName\":\"search_term_string\"}}],\"inLanguage\":\"de\"},{\"@type\":\"Organization\",\"@id\":\"https:\/\/mokos.hu\/#organization\",\"name\":\"MOKOS\",\"url\":\"https:\/\/mokos.hu\/\",\"logo\":{\"@type\":\"ImageObject\",\"inLanguage\":\"de\",\"@id\":\"https:\/\/mokos.hu\/#\/schema\/logo\/image\/\",\"url\":\"https:\/\/mokos.hu\/wp-content\/uploads\/2018\/11\/cropped-Mokos_Villanyi-Borvidek-Palkonya-1.png\",\"contentUrl\":\"https:\/\/mokos.hu\/wp-content\/uploads\/2018\/11\/cropped-Mokos_Villanyi-Borvidek-Palkonya-1.png\",\"width\":1000,\"height\":245,\"caption\":\"MOKOS\"},\"image\":{\"@id\":\"https:\/\/mokos.hu\/#\/schema\/logo\/image\/\"}}]}<\/script>\n<!-- \/ Yoast SEO plugin. -->","yoast_head_json":{"title":"Szilveszteri Mulats\u00e1g |P\u00e1holy jegy| 2023 - MOKOS","description":"VERBRINGEN SIE DEN SILVESTERABEND IN DER WEINREGION VILL\u00c1NY! Wundersch\u00f6ne Umgebung, Weinverkostungsatmosph\u00e4re, Live-Musik, ausgezeichnetes Essen und edle Weine... was braucht man mehr f\u00fcr eine fantastische Nacht, um das neue Jahr zu verabschieden?","robots":{"index":"index","follow":"follow","max-snippet":"max-snippet:-1","max-image-preview":"max-image-preview:large","max-video-preview":"max-video-preview:-1"},"canonical":"https:\/\/mokos.hu\/de\/produkt\/szilveszteri-mulatsag-paholy-jegy-2023\/","og_locale":"de_DE","og_type":"article","og_title":"Szilveszteri Mulats\u00e1g |P\u00e1holy jegy| 2023 - MOKOS","og_description":"T\u00d6LTSE A SZILVESZTERT A VILL\u00c1NYI BORVID\u00c9KEN!\u00a0Csod\u00e1s k\u00f6rnyezet, borm\u00e1moros hangulat,\u00a0 \u00e9l\u0151zene, kit\u0171n\u0151 fog\u00e1sok \u00e9s finom borok\u2026mi m\u00e1s kell m\u00e9g egy fantasztikus \u00f3\u00e9vet b\u00facs\u00faztat\u00f3 est\u00e9hez?","og_url":"https:\/\/mokos.hu\/de\/produkt\/szilveszteri-mulatsag-paholy-jegy-2023\/","og_site_name":"MOKOS","article_modified_time":"2023-09-21T18:28:10+00:00","og_image":[{"width":500,"height":500,"url":"https:\/\/mokos.hu\/wp-content\/uploads\/2019\/09\/SZILVESZTER_Pinceszet_sSZH-P-e1600689236680.jpg","type":"image\/jpeg"}],"twitter_card":"summary_large_image","schema":{"@context":"https:\/\/schema.org","@graph":[{"@type":"WebPage","@id":"https:\/\/mokos.hu\/termek\/szilveszteri-mulatsag-paholy-jegy-2023\/","url":"https:\/\/mokos.hu\/termek\/szilveszteri-mulatsag-paholy-jegy-2023\/","name":"Szilveszteri Mulats\u00e1g |P\u00e1holy jegy| 2023 - MOKOS","isPartOf":{"@id":"https:\/\/mokos.hu\/#website"},"primaryImageOfPage":{"@id":"https:\/\/mokos.hu\/termek\/szilveszteri-mulatsag-paholy-jegy-2023\/#primaryimage"},"image":{"@id":"https:\/\/mokos.hu\/termek\/szilveszteri-mulatsag-paholy-jegy-2023\/#primaryimage"},"thumbnailUrl":"https:\/\/mokos.hu\/wp-content\/uploads\/2019\/09\/SZILVESZTER_Pinceszet_sSZH-P-e1600689236680.jpg","datePublished":"2023-09-21T18:17:40+00:00","dateModified":"2023-09-21T18:28:10+00:00","description":"VERBRINGEN SIE DEN SILVESTERABEND IN DER WEINREGION VILL\u00c1NY! Wundersch\u00f6ne Umgebung, Weinverkostungsatmosph\u00e4re, Live-Musik, ausgezeichnetes Essen und edle Weine... was braucht man mehr f\u00fcr eine fantastische Nacht, um das neue Jahr zu verabschieden?","breadcrumb":{"@id":"https:\/\/mokos.hu\/termek\/szilveszteri-mulatsag-paholy-jegy-2023\/#breadcrumb"},"inLanguage":"de","potentialAction":[{"@type":"ReadAction","target":["https:\/\/mokos.hu\/termek\/szilveszteri-mulatsag-paholy-jegy-2023\/"]}]},{"@type":"ImageObject","inLanguage":"de","@id":"https:\/\/mokos.hu\/termek\/szilveszteri-mulatsag-paholy-jegy-2023\/#primaryimage","url":"https:\/\/mokos.hu\/wp-content\/uploads\/2019\/09\/SZILVESZTER_Pinceszet_sSZH-P-e1600689236680.jpg","contentUrl":"https:\/\/mokos.hu\/wp-content\/uploads\/2019\/09\/SZILVESZTER_Pinceszet_sSZH-P-e1600689236680.jpg","width":500,"height":500},{"@type":"BreadcrumbList","@id":"https:\/\/mokos.hu\/termek\/szilveszteri-mulatsag-paholy-jegy-2023\/#breadcrumb","itemListElement":[{"@type":"ListItem","position":1,"name":"Home","item":"https:\/\/mokos.hu\/"},{"@type":"ListItem","position":2,"name":"Term\u00e9kek","item":"https:\/\/mokos.hu\/shop\/"},{"@type":"ListItem","position":3,"name":"Szilveszteri Mulats\u00e1g |P\u00e1holy jegy| 2023"}]},{"@type":"WebSite","@id":"https:\/\/mokos.hu\/#website","url":"https:\/\/mokos.hu\/","name":"MOKOS","description":"Familienweingut, Palkonya","publisher":{"@id":"https:\/\/mokos.hu\/#organization"},"potentialAction":[{"@type":"SearchAction","target":{"@type":"EntryPoint","urlTemplate":"https:\/\/mokos.hu\/?s={search_term_string}"},"query-input":{"@type":"PropertyValueSpecification","valueRequired":true,"valueName":"search_term_string"}}],"inLanguage":"de"},{"@type":"Organization","@id":"https:\/\/mokos.hu\/#organization","name":"MOKOS","url":"https:\/\/mokos.hu\/","logo":{"@type":"ImageObject","inLanguage":"de","@id":"https:\/\/mokos.hu\/#\/schema\/logo\/image\/","url":"https:\/\/mokos.hu\/wp-content\/uploads\/2018\/11\/cropped-Mokos_Villanyi-Borvidek-Palkonya-1.png","contentUrl":"https:\/\/mokos.hu\/wp-content\/uploads\/2018\/11\/cropped-Mokos_Villanyi-Borvidek-Palkonya-1.png","width":1000,"height":245,"caption":"MOKOS"},"image":{"@id":"https:\/\/mokos.hu\/#\/schema\/logo\/image\/"}}]}},"_links":{"self":[{"href":"https:\/\/mokos.hu\/de\/wp-json\/wp\/v2\/product\/16576","targetHints":{"allow":["GET"]}}],"collection":[{"href":"https:\/\/mokos.hu\/de\/wp-json\/wp\/v2\/product"}],"about":[{"href":"https:\/\/mokos.hu\/de\/wp-json\/wp\/v2\/types\/product"}],"wp:featuredmedia":[{"embeddable":true,"href":"https:\/\/mokos.hu\/de\/wp-json\/wp\/v2\/media\/7713"}],"wp:attachment":[{"href":"https:\/\/mokos.hu\/de\/wp-json\/wp\/v2\/media?parent=16576"}],"wp:term":[{"taxonomy":"product_brand","embeddable":true,"href":"https:\/\/mokos.hu\/de\/wp-json\/wp\/v2\/product_brand?post=16576"},{"taxonomy":"product_cat","embeddable":true,"href":"https:\/\/mokos.hu\/de\/wp-json\/wp\/v2\/product_cat?post=16576"},{"taxonomy":"product_tag","embeddable":true,"href":"https:\/\/mokos.hu\/de\/wp-json\/wp\/v2\/product_tag?post=16576"}],"curies":[{"name":"wp","href":"https:\/\/api.w.org\/{rel}","templated":true}]}}