{"id":13906,"date":"2022-02-01T11:13:12","date_gmt":"2022-02-01T09:13:12","guid":{"rendered":"https:\/\/mokos.hu\/?post_type=product&#038;p=13906"},"modified":"2024-08-22T09:48:23","modified_gmt":"2024-08-22T07:48:23","slug":"m-cuvee-2015","status":"publish","type":"product","link":"https:\/\/mokos.hu\/de\/termek\/m-cuvee-2015\/","title":{"rendered":"Cuv\u00e9e \"M\" 2015"},"content":{"rendered":"<h5>PREMIUM-WEIN AUS VILL\u00c1NY MIT GESCH\u00dcTZTER HERKUNFT<\/h5>\n<p>Unsere Weinberge in der Lage Weingarten im n\u00f6rdlichen Teil des Weinbaugebiets Vill\u00e1ny sind die Heimat der typischen<strong>\u00a0nationale und internationale Sorten\u00a0<\/strong>(Portugieser, K\u00e9kfrankos, Pinot noir, Merlot, Cabernet franc, Cabernet sauvignon). Dank der L\u00f6ss- und Rotlehmb\u00f6den, des submediterranen Klimas und der \u00fcberdurchschnittlichen Ertragsbegrenzung ist die Qualit\u00e4t der\u00a0<strong>Vill\u00e1ny classicus und Spitzenweine<\/strong>Seit 2008 produzieren wir rund 100 000 Flaschen pro Jahr.<\/p>\n<h5>DHC MANSION<\/h5>\n<p><img fetchpriority=\"high\" decoding=\"async\" class=\"wp-image-15840 size-full alignright\" src=\"https:\/\/mokos.hu\/wp-content\/uploads\/2023\/03\/villa\u0301ny-dhc.png\" alt=\"DHC Vill\u00e1ny_villanyiborvidek_palkonya_mokos_pinceszet\" width=\"225\" height=\"225\" srcset=\"https:\/\/mokos.hu\/wp-content\/uploads\/2023\/03\/villa\u0301ny-dhc.png 225w, https:\/\/mokos.hu\/wp-content\/uploads\/2023\/03\/villa\u0301ny-dhc-150x150.png 150w, https:\/\/mokos.hu\/wp-content\/uploads\/2023\/03\/villa\u0301ny-dhc-100x100.png 100w\" sizes=\"(max-width: 225px) 100vw, 225px\" \/><\/p>\n<p>Vill\u00e1nyer Wein mit gesch\u00fctzter Herkunft darf nur aus bestimmten Rebsorten hergestellt werden, die in der Weinregion geerntet werden. Die Weine der g.U. Vill\u00e1ny sind an der Aufschrift \"Districtus Hungaricus Controllatus Vill\u00e1ny\" mit dem Kirschbl\u00fctenemblem im Bild zu erkennen.<\/p>\n<p>Erfahren Sie mehr \u00fcber den Schutz der Herkunft der Weine von Vill\u00e1ny\u00a0<a href=\"https:\/\/villanyiborvidek.hu\/hu\/villanyi-borvidek\/eredetvedelem-kikerics-vedjegy\" target=\"_blank\" rel=\"noopener noreferrer\">HIER<\/a>.<\/p>\n<p>&nbsp;<\/p>","protected":false},"excerpt":{"rendered":"<h5><strong>ARANY\u00e9rem az 54. vill\u00e1nyi borversenyen!<\/strong><\/h5>\n<h5><strong>ez\u00fcst\u00e9rem a 2022-es VinAgora nemzetk\u00f6zi Borversenyen!<\/strong><\/h5>\n<h5><strong>arany\u00e9rem az 53. vill\u00e1nyi Borversenyen!<\/strong><\/h5>\n<h4><strong>Charaktersorten in einer Flasche<\/strong><\/h4>\n<h4>trockener Premium-Rotwein<\/h4>\n<p>\u201cM\u201d Cuv\u00e9e fant\u00e1zia n\u00e9vre hallgat\u00f3, testes v\u00f6r\u00f6sbor h\u00e1zas\u00edt\u00e1sunk Pinc\u00e9szet\u00fcnk z\u00e1szl\u00f3sbor\u00e1nak tekinthet\u0151, mely limit\u00e1lt palacksz\u00e1mmal ker\u00fcl forgalomba. Neve a Mokos csal\u00e1dra utal (Mokos Cuv\u00e9e), \u00e9s legnagyobb r\u00f3mai sz\u00e1mk\u00e9nt (M &#8211; 1000) \u00faj Cuv\u00e9e sorozatunk cs\u00facsbora. A <span style=\"font-size: 1.5rem;\">Cabernet Sauvignon-t, Cabernet Franc-t \u00e9s Merlot-t tartalmaz\u00f3, tipikus <\/span><span style=\"font-size: 1.5rem;\">bordeaux-i h\u00e1zas\u00edt\u00e1sunkat kiz\u00e1r\u00f3lag kiemelked\u0151 \u00e9vj\u00e1ratokban k\u00e9sz\u00edtj\u00fck, a 2015-\u00f6s \u00e9vj\u00e1ratban kevesebb, mint 1000 palack k\u00e9sz\u00fclt bel\u0151le.<\/span><\/p>\n<p>Empfohlene Verbrauchstemperatur: 16-18\u00b0C<\/p>\n<p>Fassungsverm\u00f6gen: 750 ml<\/p>\n<p>Egys\u00e9g\u00e1r: 9.986 Ft\/liter<\/p>\n<p>Bestell- und Einkaufsrichtlinien <a href=\"https:\/\/mokos.hu\/de\/uzlet\/regeln\/\">HIER<\/a> reicht.<\/p>","protected":false},"featured_media":16204,"template":"","meta":{"_acf_changed":false},"product_brand":[],"product_cat":[70],"product_tag":[123,141,194,156,180,260,137,129,132],"class_list":{"0":"post-13906","1":"product","2":"type-product","3":"status-publish","4":"has-post-thumbnail","6":"product_cat-villany_mokos_borok","7":"product_tag-mokos-pinceszet","8":"product_tag-premium","9":"product_tag-premium-vorosbor","10":"product_tag-szaraz-bor","11":"product_tag-szaraz-vorosbor","12":"product_tag-villany","13":"product_tag-villanyi-borok","14":"product_tag-villanyi-borvidek","15":"product_tag-vorosbor","17":"first","18":"outofstock","19":"taxable","20":"shipping-taxable","21":"purchasable","22":"product-type-simple"},"acf":[],"yoast_head":"<!-- This site is optimized with the Yoast SEO plugin v27.1.1 - https:\/\/yoast.com\/product\/yoast-seo-wordpress\/ -->\n<title>&quot;M&quot; Cuv\u00e9e 2015 - MOKOS<\/title>\n<meta name=\"description\" content=\"\u201cM\u201d Cuv\u00e9e fant\u00e1zia n\u00e9vre hallgat\u00f3, testes, pr\u00e9mium v\u00f6r\u00f6sbor h\u00e1zas\u00edt\u00e1sunkban \u00f6tv\u00f6zt\u00fck a klasszikus bordoux-i cuv\u00e9e-k alapj\u00e1t ny\u00fajt\u00f3 h\u00e1rom n\u00e9pszer\u0171 fajt\u00e1t, a Cabernet Sauvignon-t, a Cabernet Franc-t \u00e9s a Merlot-t.\" \/>\n<meta name=\"robots\" content=\"index, follow, max-snippet:-1, max-image-preview:large, max-video-preview:-1\" \/>\n<link rel=\"canonical\" href=\"https:\/\/mokos.hu\/de\/produkt\/m-cuvee-2015\/\" \/>\n<meta property=\"og:locale\" content=\"de_DE\" \/>\n<meta property=\"og:type\" content=\"article\" \/>\n<meta property=\"og:title\" content=\"&quot;M&quot; Cuv\u00e9e 2015 - MOKOS\" \/>\n<meta property=\"og:description\" content=\"\u201cM\u201d Cuv\u00e9e fant\u00e1zia n\u00e9vre hallgat\u00f3, testes, pr\u00e9mium v\u00f6r\u00f6sbor h\u00e1zas\u00edt\u00e1sunkban \u00f6tv\u00f6zt\u00fck a klasszikus bordoux-i cuv\u00e9e-k alapj\u00e1t ny\u00fajt\u00f3 h\u00e1rom n\u00e9pszer\u0171 fajt\u00e1t, a Cabernet Sauvignon-t, a Cabernet Franc-t \u00e9s a Merlot-t.\" \/>\n<meta property=\"og:url\" content=\"https:\/\/mokos.hu\/de\/produkt\/m-cuvee-2015\/\" \/>\n<meta property=\"og:site_name\" content=\"MOKOS\" \/>\n<meta property=\"article:modified_time\" content=\"2024-08-22T07:48:23+00:00\" \/>\n<meta property=\"og:image\" content=\"https:\/\/mokos.hu\/wp-content\/uploads\/2022\/02\/MCUVEE_web-ma\u0301solat.png\" \/>\n\t<meta property=\"og:image:width\" content=\"700\" \/>\n\t<meta property=\"og:image:height\" content=\"1175\" \/>\n\t<meta property=\"og:image:type\" content=\"image\/png\" \/>\n<meta name=\"twitter:card\" content=\"summary_large_image\" \/>\n<meta name=\"twitter:label1\" content=\"Gesch\u00e4tzte Lesezeit\" \/>\n\t<meta name=\"twitter:data1\" content=\"1\u00a0Minute\" \/>\n<script type=\"application\/ld+json\" class=\"yoast-schema-graph\">{\"@context\":\"https:\/\/schema.org\",\"@graph\":[{\"@type\":\"WebPage\",\"@id\":\"https:\/\/mokos.hu\/termek\/m-cuvee-2015\/\",\"url\":\"https:\/\/mokos.hu\/termek\/m-cuvee-2015\/\",\"name\":\"\\\"M\\\" Cuv\u00e9e 2015 - MOKOS\",\"isPartOf\":{\"@id\":\"https:\/\/mokos.hu\/#website\"},\"primaryImageOfPage\":{\"@id\":\"https:\/\/mokos.hu\/termek\/m-cuvee-2015\/#primaryimage\"},\"image\":{\"@id\":\"https:\/\/mokos.hu\/termek\/m-cuvee-2015\/#primaryimage\"},\"thumbnailUrl\":\"https:\/\/mokos.hu\/wp-content\/uploads\/2022\/02\/MCUVEE_web-ma\u0301solat.png\",\"datePublished\":\"2022-02-01T09:13:12+00:00\",\"dateModified\":\"2024-08-22T07:48:23+00:00\",\"description\":\"\u201cM\u201d Cuv\u00e9e fant\u00e1zia n\u00e9vre hallgat\u00f3, testes, pr\u00e9mium v\u00f6r\u00f6sbor h\u00e1zas\u00edt\u00e1sunkban \u00f6tv\u00f6zt\u00fck a klasszikus bordoux-i cuv\u00e9e-k alapj\u00e1t ny\u00fajt\u00f3 h\u00e1rom n\u00e9pszer\u0171 fajt\u00e1t, a Cabernet Sauvignon-t, a Cabernet Franc-t \u00e9s a Merlot-t.\",\"breadcrumb\":{\"@id\":\"https:\/\/mokos.hu\/termek\/m-cuvee-2015\/#breadcrumb\"},\"inLanguage\":\"de\",\"potentialAction\":[{\"@type\":\"ReadAction\",\"target\":[\"https:\/\/mokos.hu\/termek\/m-cuvee-2015\/\"]}]},{\"@type\":\"ImageObject\",\"inLanguage\":\"de\",\"@id\":\"https:\/\/mokos.hu\/termek\/m-cuvee-2015\/#primaryimage\",\"url\":\"https:\/\/mokos.hu\/wp-content\/uploads\/2022\/02\/MCUVEE_web-ma\u0301solat.png\",\"contentUrl\":\"https:\/\/mokos.hu\/wp-content\/uploads\/2022\/02\/MCUVEE_web-ma\u0301solat.png\",\"width\":700,\"height\":1175},{\"@type\":\"BreadcrumbList\",\"@id\":\"https:\/\/mokos.hu\/termek\/m-cuvee-2015\/#breadcrumb\",\"itemListElement\":[{\"@type\":\"ListItem\",\"position\":1,\"name\":\"Home\",\"item\":\"https:\/\/mokos.hu\/\"},{\"@type\":\"ListItem\",\"position\":2,\"name\":\"Term\u00e9kek\",\"item\":\"https:\/\/mokos.hu\/shop\/\"},{\"@type\":\"ListItem\",\"position\":3,\"name\":\"&#8220;M&#8221; Cuv\u00e9e 2015\"}]},{\"@type\":\"WebSite\",\"@id\":\"https:\/\/mokos.hu\/#website\",\"url\":\"https:\/\/mokos.hu\/\",\"name\":\"MOKOS\",\"description\":\"Csal\u00e1di Pinc\u00e9szet, Palkonya\",\"publisher\":{\"@id\":\"https:\/\/mokos.hu\/#organization\"},\"potentialAction\":[{\"@type\":\"SearchAction\",\"target\":{\"@type\":\"EntryPoint\",\"urlTemplate\":\"https:\/\/mokos.hu\/?s={search_term_string}\"},\"query-input\":{\"@type\":\"PropertyValueSpecification\",\"valueRequired\":true,\"valueName\":\"search_term_string\"}}],\"inLanguage\":\"de\"},{\"@type\":\"Organization\",\"@id\":\"https:\/\/mokos.hu\/#organization\",\"name\":\"MOKOS\",\"url\":\"https:\/\/mokos.hu\/\",\"logo\":{\"@type\":\"ImageObject\",\"inLanguage\":\"de\",\"@id\":\"https:\/\/mokos.hu\/#\/schema\/logo\/image\/\",\"url\":\"https:\/\/mokos.hu\/wp-content\/uploads\/2018\/11\/cropped-Mokos_Villanyi-Borvidek-Palkonya-1.png\",\"contentUrl\":\"https:\/\/mokos.hu\/wp-content\/uploads\/2018\/11\/cropped-Mokos_Villanyi-Borvidek-Palkonya-1.png\",\"width\":1000,\"height\":245,\"caption\":\"MOKOS\"},\"image\":{\"@id\":\"https:\/\/mokos.hu\/#\/schema\/logo\/image\/\"}}]}<\/script>\n<!-- \/ Yoast SEO plugin. -->","yoast_head_json":{"title":"\"M\" Cuv\u00e9e 2015 - MOKOS","description":"Unsere vollmundige Premium-Rotweinmischung \"M\" Cuv\u00e9e Fantasy vereint die drei beliebten Rebsorten Cabernet Sauvignon, Cabernet Franc und Merlot, die die Grundlage der klassischen Bordoux-Cuv\u00e9es bilden.","robots":{"index":"index","follow":"follow","max-snippet":"max-snippet:-1","max-image-preview":"max-image-preview:large","max-video-preview":"max-video-preview:-1"},"canonical":"https:\/\/mokos.hu\/de\/produkt\/m-cuvee-2015\/","og_locale":"de_DE","og_type":"article","og_title":"\"M\" Cuv\u00e9e 2015 - MOKOS","og_description":"\u201cM\u201d Cuv\u00e9e fant\u00e1zia n\u00e9vre hallgat\u00f3, testes, pr\u00e9mium v\u00f6r\u00f6sbor h\u00e1zas\u00edt\u00e1sunkban \u00f6tv\u00f6zt\u00fck a klasszikus bordoux-i cuv\u00e9e-k alapj\u00e1t ny\u00fajt\u00f3 h\u00e1rom n\u00e9pszer\u0171 fajt\u00e1t, a Cabernet Sauvignon-t, a Cabernet Franc-t \u00e9s a Merlot-t.","og_url":"https:\/\/mokos.hu\/de\/produkt\/m-cuvee-2015\/","og_site_name":"MOKOS","article_modified_time":"2024-08-22T07:48:23+00:00","og_image":[{"width":700,"height":1175,"url":"https:\/\/mokos.hu\/wp-content\/uploads\/2022\/02\/MCUVEE_web-ma\u0301solat.png","type":"image\/png"}],"twitter_card":"summary_large_image","twitter_misc":{"Gesch\u00e4tzte Lesezeit":"1\u00a0Minute"},"schema":{"@context":"https:\/\/schema.org","@graph":[{"@type":"WebPage","@id":"https:\/\/mokos.hu\/termek\/m-cuvee-2015\/","url":"https:\/\/mokos.hu\/termek\/m-cuvee-2015\/","name":"\"M\" Cuv\u00e9e 2015 - MOKOS","isPartOf":{"@id":"https:\/\/mokos.hu\/#website"},"primaryImageOfPage":{"@id":"https:\/\/mokos.hu\/termek\/m-cuvee-2015\/#primaryimage"},"image":{"@id":"https:\/\/mokos.hu\/termek\/m-cuvee-2015\/#primaryimage"},"thumbnailUrl":"https:\/\/mokos.hu\/wp-content\/uploads\/2022\/02\/MCUVEE_web-ma\u0301solat.png","datePublished":"2022-02-01T09:13:12+00:00","dateModified":"2024-08-22T07:48:23+00:00","description":"Unsere vollmundige Premium-Rotweinmischung \"M\" Cuv\u00e9e Fantasy vereint die drei beliebten Rebsorten Cabernet Sauvignon, Cabernet Franc und Merlot, die die Grundlage der klassischen Bordoux-Cuv\u00e9es bilden.","breadcrumb":{"@id":"https:\/\/mokos.hu\/termek\/m-cuvee-2015\/#breadcrumb"},"inLanguage":"de","potentialAction":[{"@type":"ReadAction","target":["https:\/\/mokos.hu\/termek\/m-cuvee-2015\/"]}]},{"@type":"ImageObject","inLanguage":"de","@id":"https:\/\/mokos.hu\/termek\/m-cuvee-2015\/#primaryimage","url":"https:\/\/mokos.hu\/wp-content\/uploads\/2022\/02\/MCUVEE_web-ma\u0301solat.png","contentUrl":"https:\/\/mokos.hu\/wp-content\/uploads\/2022\/02\/MCUVEE_web-ma\u0301solat.png","width":700,"height":1175},{"@type":"BreadcrumbList","@id":"https:\/\/mokos.hu\/termek\/m-cuvee-2015\/#breadcrumb","itemListElement":[{"@type":"ListItem","position":1,"name":"Home","item":"https:\/\/mokos.hu\/"},{"@type":"ListItem","position":2,"name":"Term\u00e9kek","item":"https:\/\/mokos.hu\/shop\/"},{"@type":"ListItem","position":3,"name":"&#8220;M&#8221; Cuv\u00e9e 2015"}]},{"@type":"WebSite","@id":"https:\/\/mokos.hu\/#website","url":"https:\/\/mokos.hu\/","name":"MOKOS","description":"Familienweingut, Palkonya","publisher":{"@id":"https:\/\/mokos.hu\/#organization"},"potentialAction":[{"@type":"SearchAction","target":{"@type":"EntryPoint","urlTemplate":"https:\/\/mokos.hu\/?s={search_term_string}"},"query-input":{"@type":"PropertyValueSpecification","valueRequired":true,"valueName":"search_term_string"}}],"inLanguage":"de"},{"@type":"Organization","@id":"https:\/\/mokos.hu\/#organization","name":"MOKOS","url":"https:\/\/mokos.hu\/","logo":{"@type":"ImageObject","inLanguage":"de","@id":"https:\/\/mokos.hu\/#\/schema\/logo\/image\/","url":"https:\/\/mokos.hu\/wp-content\/uploads\/2018\/11\/cropped-Mokos_Villanyi-Borvidek-Palkonya-1.png","contentUrl":"https:\/\/mokos.hu\/wp-content\/uploads\/2018\/11\/cropped-Mokos_Villanyi-Borvidek-Palkonya-1.png","width":1000,"height":245,"caption":"MOKOS"},"image":{"@id":"https:\/\/mokos.hu\/#\/schema\/logo\/image\/"}}]}},"_links":{"self":[{"href":"https:\/\/mokos.hu\/de\/wp-json\/wp\/v2\/product\/13906","targetHints":{"allow":["GET"]}}],"collection":[{"href":"https:\/\/mokos.hu\/de\/wp-json\/wp\/v2\/product"}],"about":[{"href":"https:\/\/mokos.hu\/de\/wp-json\/wp\/v2\/types\/product"}],"wp:featuredmedia":[{"embeddable":true,"href":"https:\/\/mokos.hu\/de\/wp-json\/wp\/v2\/media\/16204"}],"wp:attachment":[{"href":"https:\/\/mokos.hu\/de\/wp-json\/wp\/v2\/media?parent=13906"}],"wp:term":[{"taxonomy":"product_brand","embeddable":true,"href":"https:\/\/mokos.hu\/de\/wp-json\/wp\/v2\/product_brand?post=13906"},{"taxonomy":"product_cat","embeddable":true,"href":"https:\/\/mokos.hu\/de\/wp-json\/wp\/v2\/product_cat?post=13906"},{"taxonomy":"product_tag","embeddable":true,"href":"https:\/\/mokos.hu\/de\/wp-json\/wp\/v2\/product_tag?post=13906"}],"curies":[{"name":"wp","href":"https:\/\/api.w.org\/{rel}","templated":true}]}}