{"id":13776,"date":"2022-01-13T09:44:18","date_gmt":"2022-01-13T07:44:18","guid":{"rendered":"https:\/\/mokos.hu\/?post_type=product&#038;p=13776"},"modified":"2025-04-28T09:53:03","modified_gmt":"2025-04-28T07:53:03","slug":"mokos-froccstura-hatizsak","status":"publish","type":"product","link":"https:\/\/mokos.hu\/de\/termek\/mokos-froccstura-hatizsak\/","title":{"rendered":"Mokos Fr\u00f6ccst\u00fara h\u00e1tizs\u00e1k"},"content":{"rendered":"","protected":false},"excerpt":{"rendered":"<p>Optionale Farben:<\/p>\n<ul>\n<li>s\u00e1rga<\/li>\n<li>neonz\u00f6ld<\/li>\n<li>rosa<\/li>\n<li>Schwarz<\/li>\n<li>Blau<\/li>\n<\/ul>\n<p>Bitte geben Sie bei der Bestellung im Kommentarfeld Ihre Wunschfarbe an!<\/p>\n<p>Packungsgr\u00f6\u00dfe: 1 St\u00fcck<\/p>\n<p>Bestell- und Einkaufsrichtlinien <a href=\"https:\/\/mokos.hu\/de\/uzlet\/regeln\/\">HIER<\/a> reicht.<\/p>","protected":false},"featured_media":28305,"template":"","meta":{"_acf_changed":false},"product_brand":[],"product_cat":[103],"product_tag":[],"class_list":{"0":"post-13776","1":"product","2":"type-product","3":"status-publish","4":"has-post-thumbnail","6":"product_cat-boros-kiegeszitok","8":"first","9":"outofstock","10":"taxable","11":"shipping-taxable","12":"purchasable","13":"product-type-simple"},"acf":[],"yoast_head":"<!-- This site is optimized with the Yoast SEO plugin v27.1.1 - https:\/\/yoast.com\/product\/yoast-seo-wordpress\/ -->\n<title>Mokos Fr\u00f6ccst\u00fara h\u00e1tizs\u00e1k - MOKOS<\/title>\n<meta name=\"robots\" content=\"index, follow, max-snippet:-1, max-image-preview:large, max-video-preview:-1\" \/>\n<link rel=\"canonical\" href=\"https:\/\/mokos.hu\/de\/produkt\/mokos-froccstura-hatizsak\/\" \/>\n<meta property=\"og:locale\" content=\"de_DE\" \/>\n<meta property=\"og:type\" content=\"article\" \/>\n<meta property=\"og:title\" content=\"Mokos Fr\u00f6ccst\u00fara h\u00e1tizs\u00e1k - MOKOS\" \/>\n<meta property=\"og:description\" content=\"V\u00e1laszthat\u00f3 sz\u00ednek:   s\u00e1rga  neonz\u00f6ld  r\u00f3zsasz\u00edn  fekete  k\u00e9k  A kiv\u00e1lasztott sz\u00ednt k\u00e9rj\u00fck, t\u00fcntesd fel rendel\u00e9s sor\u00e1n a megjegyz\u00e9s rovatban!  Kiszerel\u00e9s: 1 db  Rendel\u00e9ssel \u00e9s v\u00e1s\u00e1rl\u00e1ssal kapcsolatos szab\u00e1lyzatokat ITT \u00e9ri el.\" \/>\n<meta property=\"og:url\" content=\"https:\/\/mokos.hu\/de\/produkt\/mokos-froccstura-hatizsak\/\" \/>\n<meta property=\"og:site_name\" content=\"MOKOS\" \/>\n<meta property=\"article:modified_time\" content=\"2025-04-28T07:53:03+00:00\" \/>\n<meta property=\"og:image\" content=\"https:\/\/mokos.hu\/wp-content\/uploads\/2024\/02\/DSCF5372-scaled.jpg\" \/>\n\t<meta property=\"og:image:width\" content=\"2560\" \/>\n\t<meta property=\"og:image:height\" content=\"1707\" \/>\n\t<meta property=\"og:image:type\" content=\"image\/jpeg\" \/>\n<meta name=\"twitter:card\" content=\"summary_large_image\" \/>\n<meta name=\"twitter:label1\" content=\"Gesch\u00e4tzte Lesezeit\" \/>\n\t<meta name=\"twitter:data1\" content=\"1\u00a0Minute\" \/>\n<script type=\"application\/ld+json\" class=\"yoast-schema-graph\">{\"@context\":\"https:\/\/schema.org\",\"@graph\":[{\"@type\":\"WebPage\",\"@id\":\"https:\/\/mokos.hu\/termek\/mokos-froccstura-hatizsak\/\",\"url\":\"https:\/\/mokos.hu\/termek\/mokos-froccstura-hatizsak\/\",\"name\":\"Mokos Fr\u00f6ccst\u00fara h\u00e1tizs\u00e1k - MOKOS\",\"isPartOf\":{\"@id\":\"https:\/\/mokos.hu\/#website\"},\"primaryImageOfPage\":{\"@id\":\"https:\/\/mokos.hu\/termek\/mokos-froccstura-hatizsak\/#primaryimage\"},\"image\":{\"@id\":\"https:\/\/mokos.hu\/termek\/mokos-froccstura-hatizsak\/#primaryimage\"},\"thumbnailUrl\":\"https:\/\/mokos.hu\/wp-content\/uploads\/2024\/02\/DSCF5372-scaled.jpg\",\"datePublished\":\"2022-01-13T07:44:18+00:00\",\"dateModified\":\"2025-04-28T07:53:03+00:00\",\"breadcrumb\":{\"@id\":\"https:\/\/mokos.hu\/termek\/mokos-froccstura-hatizsak\/#breadcrumb\"},\"inLanguage\":\"de\",\"potentialAction\":[{\"@type\":\"ReadAction\",\"target\":[\"https:\/\/mokos.hu\/termek\/mokos-froccstura-hatizsak\/\"]}]},{\"@type\":\"ImageObject\",\"inLanguage\":\"de\",\"@id\":\"https:\/\/mokos.hu\/termek\/mokos-froccstura-hatizsak\/#primaryimage\",\"url\":\"https:\/\/mokos.hu\/wp-content\/uploads\/2024\/02\/DSCF5372-scaled.jpg\",\"contentUrl\":\"https:\/\/mokos.hu\/wp-content\/uploads\/2024\/02\/DSCF5372-scaled.jpg\",\"width\":2560,\"height\":1707},{\"@type\":\"BreadcrumbList\",\"@id\":\"https:\/\/mokos.hu\/termek\/mokos-froccstura-hatizsak\/#breadcrumb\",\"itemListElement\":[{\"@type\":\"ListItem\",\"position\":1,\"name\":\"Home\",\"item\":\"https:\/\/mokos.hu\/\"},{\"@type\":\"ListItem\",\"position\":2,\"name\":\"Term\u00e9kek\",\"item\":\"https:\/\/mokos.hu\/shop\/\"},{\"@type\":\"ListItem\",\"position\":3,\"name\":\"Mokos Fr\u00f6ccst\u00fara h\u00e1tizs\u00e1k\"}]},{\"@type\":\"WebSite\",\"@id\":\"https:\/\/mokos.hu\/#website\",\"url\":\"https:\/\/mokos.hu\/\",\"name\":\"MOKOS\",\"description\":\"Csal\u00e1di Pinc\u00e9szet, Palkonya\",\"publisher\":{\"@id\":\"https:\/\/mokos.hu\/#organization\"},\"potentialAction\":[{\"@type\":\"SearchAction\",\"target\":{\"@type\":\"EntryPoint\",\"urlTemplate\":\"https:\/\/mokos.hu\/?s={search_term_string}\"},\"query-input\":{\"@type\":\"PropertyValueSpecification\",\"valueRequired\":true,\"valueName\":\"search_term_string\"}}],\"inLanguage\":\"de\"},{\"@type\":\"Organization\",\"@id\":\"https:\/\/mokos.hu\/#organization\",\"name\":\"MOKOS\",\"url\":\"https:\/\/mokos.hu\/\",\"logo\":{\"@type\":\"ImageObject\",\"inLanguage\":\"de\",\"@id\":\"https:\/\/mokos.hu\/#\/schema\/logo\/image\/\",\"url\":\"https:\/\/mokos.hu\/wp-content\/uploads\/2018\/11\/cropped-Mokos_Villanyi-Borvidek-Palkonya-1.png\",\"contentUrl\":\"https:\/\/mokos.hu\/wp-content\/uploads\/2018\/11\/cropped-Mokos_Villanyi-Borvidek-Palkonya-1.png\",\"width\":1000,\"height\":245,\"caption\":\"MOKOS\"},\"image\":{\"@id\":\"https:\/\/mokos.hu\/#\/schema\/logo\/image\/\"}}]}<\/script>\n<!-- \/ Yoast SEO plugin. -->","yoast_head_json":{"title":"Mokos Fr\u00f6ccst\u00fara h\u00e1tizs\u00e1k - MOKOS","robots":{"index":"index","follow":"follow","max-snippet":"max-snippet:-1","max-image-preview":"max-image-preview:large","max-video-preview":"max-video-preview:-1"},"canonical":"https:\/\/mokos.hu\/de\/produkt\/mokos-froccstura-hatizsak\/","og_locale":"de_DE","og_type":"article","og_title":"Mokos Fr\u00f6ccst\u00fara h\u00e1tizs\u00e1k - MOKOS","og_description":"V\u00e1laszthat\u00f3 sz\u00ednek:   s\u00e1rga  neonz\u00f6ld  r\u00f3zsasz\u00edn  fekete  k\u00e9k  A kiv\u00e1lasztott sz\u00ednt k\u00e9rj\u00fck, t\u00fcntesd fel rendel\u00e9s sor\u00e1n a megjegyz\u00e9s rovatban!  Kiszerel\u00e9s: 1 db  Rendel\u00e9ssel \u00e9s v\u00e1s\u00e1rl\u00e1ssal kapcsolatos szab\u00e1lyzatokat ITT \u00e9ri el.","og_url":"https:\/\/mokos.hu\/de\/produkt\/mokos-froccstura-hatizsak\/","og_site_name":"MOKOS","article_modified_time":"2025-04-28T07:53:03+00:00","og_image":[{"width":2560,"height":1707,"url":"https:\/\/mokos.hu\/wp-content\/uploads\/2024\/02\/DSCF5372-scaled.jpg","type":"image\/jpeg"}],"twitter_card":"summary_large_image","twitter_misc":{"Gesch\u00e4tzte Lesezeit":"1\u00a0Minute"},"schema":{"@context":"https:\/\/schema.org","@graph":[{"@type":"WebPage","@id":"https:\/\/mokos.hu\/termek\/mokos-froccstura-hatizsak\/","url":"https:\/\/mokos.hu\/termek\/mokos-froccstura-hatizsak\/","name":"Mokos Fr\u00f6ccst\u00fara h\u00e1tizs\u00e1k - MOKOS","isPartOf":{"@id":"https:\/\/mokos.hu\/#website"},"primaryImageOfPage":{"@id":"https:\/\/mokos.hu\/termek\/mokos-froccstura-hatizsak\/#primaryimage"},"image":{"@id":"https:\/\/mokos.hu\/termek\/mokos-froccstura-hatizsak\/#primaryimage"},"thumbnailUrl":"https:\/\/mokos.hu\/wp-content\/uploads\/2024\/02\/DSCF5372-scaled.jpg","datePublished":"2022-01-13T07:44:18+00:00","dateModified":"2025-04-28T07:53:03+00:00","breadcrumb":{"@id":"https:\/\/mokos.hu\/termek\/mokos-froccstura-hatizsak\/#breadcrumb"},"inLanguage":"de","potentialAction":[{"@type":"ReadAction","target":["https:\/\/mokos.hu\/termek\/mokos-froccstura-hatizsak\/"]}]},{"@type":"ImageObject","inLanguage":"de","@id":"https:\/\/mokos.hu\/termek\/mokos-froccstura-hatizsak\/#primaryimage","url":"https:\/\/mokos.hu\/wp-content\/uploads\/2024\/02\/DSCF5372-scaled.jpg","contentUrl":"https:\/\/mokos.hu\/wp-content\/uploads\/2024\/02\/DSCF5372-scaled.jpg","width":2560,"height":1707},{"@type":"BreadcrumbList","@id":"https:\/\/mokos.hu\/termek\/mokos-froccstura-hatizsak\/#breadcrumb","itemListElement":[{"@type":"ListItem","position":1,"name":"Home","item":"https:\/\/mokos.hu\/"},{"@type":"ListItem","position":2,"name":"Term\u00e9kek","item":"https:\/\/mokos.hu\/shop\/"},{"@type":"ListItem","position":3,"name":"Mokos Fr\u00f6ccst\u00fara h\u00e1tizs\u00e1k"}]},{"@type":"WebSite","@id":"https:\/\/mokos.hu\/#website","url":"https:\/\/mokos.hu\/","name":"MOKOS","description":"Familienweingut, Palkonya","publisher":{"@id":"https:\/\/mokos.hu\/#organization"},"potentialAction":[{"@type":"SearchAction","target":{"@type":"EntryPoint","urlTemplate":"https:\/\/mokos.hu\/?s={search_term_string}"},"query-input":{"@type":"PropertyValueSpecification","valueRequired":true,"valueName":"search_term_string"}}],"inLanguage":"de"},{"@type":"Organization","@id":"https:\/\/mokos.hu\/#organization","name":"MOKOS","url":"https:\/\/mokos.hu\/","logo":{"@type":"ImageObject","inLanguage":"de","@id":"https:\/\/mokos.hu\/#\/schema\/logo\/image\/","url":"https:\/\/mokos.hu\/wp-content\/uploads\/2018\/11\/cropped-Mokos_Villanyi-Borvidek-Palkonya-1.png","contentUrl":"https:\/\/mokos.hu\/wp-content\/uploads\/2018\/11\/cropped-Mokos_Villanyi-Borvidek-Palkonya-1.png","width":1000,"height":245,"caption":"MOKOS"},"image":{"@id":"https:\/\/mokos.hu\/#\/schema\/logo\/image\/"}}]}},"_links":{"self":[{"href":"https:\/\/mokos.hu\/de\/wp-json\/wp\/v2\/product\/13776","targetHints":{"allow":["GET"]}}],"collection":[{"href":"https:\/\/mokos.hu\/de\/wp-json\/wp\/v2\/product"}],"about":[{"href":"https:\/\/mokos.hu\/de\/wp-json\/wp\/v2\/types\/product"}],"wp:featuredmedia":[{"embeddable":true,"href":"https:\/\/mokos.hu\/de\/wp-json\/wp\/v2\/media\/28305"}],"wp:attachment":[{"href":"https:\/\/mokos.hu\/de\/wp-json\/wp\/v2\/media?parent=13776"}],"wp:term":[{"taxonomy":"product_brand","embeddable":true,"href":"https:\/\/mokos.hu\/de\/wp-json\/wp\/v2\/product_brand?post=13776"},{"taxonomy":"product_cat","embeddable":true,"href":"https:\/\/mokos.hu\/de\/wp-json\/wp\/v2\/product_cat?post=13776"},{"taxonomy":"product_tag","embeddable":true,"href":"https:\/\/mokos.hu\/de\/wp-json\/wp\/v2\/product_tag?post=13776"}],"curies":[{"name":"wp","href":"https:\/\/api.w.org\/{rel}","templated":true}]}}