{"id":13248,"date":"2021-11-19T12:15:46","date_gmt":"2021-11-19T10:15:46","guid":{"rendered":"https:\/\/mokos.hu\/?post_type=product&#038;p=13248"},"modified":"2022-04-26T13:50:00","modified_gmt":"2022-04-26T11:50:00","slug":"friss-villanyi-feher-cuvee-2021","status":"publish","type":"product","link":"https:\/\/mokos.hu\/de\/termek\/friss-villanyi-feher-cuvee-2021\/","title":{"rendered":"FRISS Feh\u00e9r Cuv\u00e9e 2021"},"content":{"rendered":"<h5>CLASSICUS VILL\u00c1NY WEIN MIT GESCH\u00dcTZTER HERKUNFT<\/h5>\n<p>Unsere Weinberge in der Lage Weingarten im n\u00f6rdlichen Teil des Weinbaugebiets Vill\u00e1ny sind die Heimat der typischen<strong>\u00a0nationale und internationale Sorten\u00a0<\/strong>(Portugieser, K\u00e9kfrankos, Pinot noir, Merlot, Cabernet franc, Cabernet sauvignon). Dank der L\u00f6ss- und Rotlehmb\u00f6den, des submediterranen Klimas und der \u00fcberdurchschnittlichen Ertragsbegrenzung ist die Qualit\u00e4t der\u00a0<strong>Vill\u00e1ny classicus und Spitzenweine<\/strong>Seit 2008 produzieren wir rund 100 000 Flaschen pro Jahr.<\/p>\n<h5>DHC MANSION<\/h5>\n<p><img fetchpriority=\"high\" decoding=\"async\" class=\"alignright wp-image-9383 size-thumbnail\" src=\"https:\/\/mokos.hu\/wp-content\/uploads\/2020\/03\/DHC-Vill%C3%A1ny-250x250.jpg\" sizes=\"(max-width: 250px) 100vw, 250px\" srcset=\"https:\/\/mokos.hu\/wp-content\/uploads\/2020\/03\/DHC-Vill\u00e1ny-250x250.jpg 250w, https:\/\/mokos.hu\/wp-content\/uploads\/2020\/03\/DHC-Vill\u00e1ny-300x300.jpg 300w, https:\/\/mokos.hu\/wp-content\/uploads\/2020\/03\/DHC-Vill\u00e1ny-400x400.jpg 400w, https:\/\/mokos.hu\/wp-content\/uploads\/2020\/03\/DHC-Vill\u00e1ny-100x100.jpg 100w, https:\/\/mokos.hu\/wp-content\/uploads\/2020\/03\/DHC-Vill\u00e1ny.jpg 522w\" alt=\"DHC Vill\u00e1ny_villanyiborvidek_palkonya_mokos_pinceszet\" width=\"250\" height=\"250\" \/><\/p>\n<p>Vill\u00e1nyer Wein mit gesch\u00fctzter Herkunft darf nur aus bestimmten Rebsorten hergestellt werden, die in der Weinregion geerntet werden. Die Weine der g.U. Vill\u00e1ny sind an der Aufschrift \"Districtus Hungaricus Controllatus Vill\u00e1ny\" mit dem Kirschbl\u00fctenemblem im Bild zu erkennen.<\/p>\n<p>Erfahren Sie mehr \u00fcber den Schutz der Herkunft der Weine von Vill\u00e1ny\u00a0<a href=\"https:\/\/villanyiborvidek.hu\/hu\/villanyi-borvidek\/eredetvedelem-kikerics-vedjegy\" target=\"_blank\" rel=\"noopener noreferrer\">HIER<\/a>.<\/p>","protected":false},"excerpt":{"rendered":"<h5><strong>nagyarany\u00e9rem a &#8222;magyarorsz\u00e1g 2021. \u00e9vj\u00e1rat legjobb bora&#8221; Borversenyen!<\/strong><\/h5>\n<h4><strong>frisch, wohlriechend, leicht und \u00fcppig\u00a0<\/strong><\/h4>\n<h4>classicus SZ\u00c1RAZ wei\u00dfWein<\/h4>\n<p>Friss Feh\u00e9r Cuv\u00e9e h\u00e1zas\u00edt\u00e1sunk alapj\u00e1t k\u00e9t feh\u00e9r sz\u0151l\u0151fajt\u00e1nk, a S\u00e1rga Muskot\u00e1ly \u00e9s a Tramini adta, melyek jellegzetesen illatos \u00e9s igaz\u00e1n intenz\u00edv karakterekkel b\u00edrnak. Ennek k\u00f6sz\u00f6nhet\u0151en Pinc\u00e9szet\u00fcnk els\u0151 2021-es feh\u00e9rbora m\u00e1r az els\u0151 korty alkalm\u00e1val beh\u00edzelgi mag\u00e1t k\u00f3stol\u00f3j\u00e1n\u00e1l.<\/p>\n<p>70% S\u00e1rga Muskot\u00e1ly \u00e9s 30% Tramini h\u00e1zas\u00edt\u00e1sa.<\/p>\n<p>Empfohlene Verbrauchstemperatur: 6-8\u00b0C<\/p>\n<p>Passt hervorragend zu Gem\u00fcse, gegrillten Gerichten und Fisch.<\/p>\n<p>Fassungsverm\u00f6gen: 750 ml<\/p>\n<p>Egys\u00e9g\u00e1r: 2787 Ft\/l<\/p>\n<p>Bestell- und Einkaufsrichtlinien <a href=\"https:\/\/mokos.hu\/de\/uzlet\/regeln\/\">HIER<\/a> reicht.<\/p>","protected":false},"featured_media":12404,"template":"","meta":{"_acf_changed":false},"product_brand":[],"product_cat":[70],"product_tag":[179,185,123,243,156,188,245,214,137,129],"class_list":{"0":"post-13248","1":"product","2":"type-product","3":"status-publish","4":"has-post-thumbnail","6":"product_cat-villany_mokos_borok","7":"product_tag-dhc-villany","8":"product_tag-feherbor","9":"product_tag-mokos-pinceszet","10":"product_tag-sarga-muskotaly","11":"product_tag-szaraz-bor","12":"product_tag-szaraz-feherbor","13":"product_tag-tramini","14":"product_tag-ujbor","15":"product_tag-villanyi-borok","16":"product_tag-villanyi-borvidek","18":"first","19":"outofstock","20":"taxable","21":"shipping-taxable","22":"purchasable","23":"product-type-simple"},"acf":[],"yoast_head":"<!-- This site is optimized with the Yoast SEO plugin v27.5 - https:\/\/yoast.com\/product\/yoast-seo-wordpress\/ -->\n<title>FRISS Feh\u00e9r Cuv\u00e9e 2021 - MOKOS Pinc\u00e9szet - Vill\u00e1nyi Borvid\u00e9k<\/title>\n<meta name=\"description\" content=\"Friss Feh\u00e9r Cuv\u00e9e: K\u00f6nnyed, classicus feh\u00e9rbor, illatos fajt\u00e1k h\u00e1zas\u00edt\u00e1s\u00e1b\u00f3l. K\u00f3stolj r\u00e1 a friss \u00e9s \u00fcde \u00fajborra a Mokos Pinc\u00e9szett\u0151l.\" \/>\n<meta name=\"robots\" content=\"index, follow, max-snippet:-1, max-image-preview:large, max-video-preview:-1\" \/>\n<link rel=\"canonical\" href=\"https:\/\/mokos.hu\/de\/produkt\/friss-villanyi-feher-cuvee-2021\/\" \/>\n<meta property=\"og:locale\" content=\"de_DE\" \/>\n<meta property=\"og:type\" content=\"article\" \/>\n<meta property=\"og:title\" content=\"FRISS Feh\u00e9r Cuv\u00e9e 2021 - MOKOS Pinc\u00e9szet - Vill\u00e1nyi Borvid\u00e9k\" \/>\n<meta property=\"og:description\" content=\"Friss Feh\u00e9r Cuv\u00e9e: K\u00f6nnyed, classicus feh\u00e9rbor, illatos fajt\u00e1k h\u00e1zas\u00edt\u00e1s\u00e1b\u00f3l. K\u00f3stolj r\u00e1 a friss \u00e9s \u00fcde \u00fajborra a Mokos Pinc\u00e9szett\u0151l.\" \/>\n<meta property=\"og:url\" content=\"https:\/\/mokos.hu\/de\/produkt\/friss-villanyi-feher-cuvee-2021\/\" \/>\n<meta property=\"og:site_name\" content=\"MOKOS\" \/>\n<meta property=\"article:modified_time\" content=\"2022-04-26T11:50:00+00:00\" \/>\n<meta property=\"og:image\" content=\"https:\/\/mokos.hu\/wp-content\/uploads\/2020\/04\/IMG_2535-scaled-e1600685487998.jpg\" \/>\n\t<meta property=\"og:image:width\" content=\"800\" \/>\n\t<meta property=\"og:image:height\" content=\"1200\" \/>\n\t<meta property=\"og:image:type\" content=\"image\/jpeg\" \/>\n<meta name=\"twitter:card\" content=\"summary_large_image\" \/>\n<meta name=\"twitter:label1\" content=\"Gesch\u00e4tzte Lesezeit\" \/>\n\t<meta name=\"twitter:data1\" content=\"1\u00a0Minute\" \/>\n<script type=\"application\/ld+json\" class=\"yoast-schema-graph\">{\"@context\":\"https:\\\/\\\/schema.org\",\"@graph\":[{\"@type\":\"WebPage\",\"@id\":\"https:\\\/\\\/mokos.hu\\\/termek\\\/friss-villanyi-feher-cuvee-2021\\\/\",\"url\":\"https:\\\/\\\/mokos.hu\\\/termek\\\/friss-villanyi-feher-cuvee-2021\\\/\",\"name\":\"FRISS Feh\u00e9r Cuv\u00e9e 2021 - MOKOS Pinc\u00e9szet - Vill\u00e1nyi Borvid\u00e9k\",\"isPartOf\":{\"@id\":\"https:\\\/\\\/mokos.hu\\\/#website\"},\"primaryImageOfPage\":{\"@id\":\"https:\\\/\\\/mokos.hu\\\/termek\\\/friss-villanyi-feher-cuvee-2021\\\/#primaryimage\"},\"image\":{\"@id\":\"https:\\\/\\\/mokos.hu\\\/termek\\\/friss-villanyi-feher-cuvee-2021\\\/#primaryimage\"},\"thumbnailUrl\":\"https:\\\/\\\/mokos.hu\\\/wp-content\\\/uploads\\\/2021\\\/04\\\/I_Cuvee_web_K2.png\",\"datePublished\":\"2021-11-19T10:15:46+00:00\",\"dateModified\":\"2022-04-26T11:50:00+00:00\",\"description\":\"Friss Feh\u00e9r Cuv\u00e9e: K\u00f6nnyed, classicus feh\u00e9rbor, illatos fajt\u00e1k h\u00e1zas\u00edt\u00e1s\u00e1b\u00f3l. K\u00f3stolj r\u00e1 a friss \u00e9s \u00fcde \u00fajborra a Mokos Pinc\u00e9szett\u0151l.\",\"breadcrumb\":{\"@id\":\"https:\\\/\\\/mokos.hu\\\/termek\\\/friss-villanyi-feher-cuvee-2021\\\/#breadcrumb\"},\"inLanguage\":\"de\",\"potentialAction\":[{\"@type\":\"ReadAction\",\"target\":[\"https:\\\/\\\/mokos.hu\\\/termek\\\/friss-villanyi-feher-cuvee-2021\\\/\"]}]},{\"@type\":\"ImageObject\",\"inLanguage\":\"de\",\"@id\":\"https:\\\/\\\/mokos.hu\\\/termek\\\/friss-villanyi-feher-cuvee-2021\\\/#primaryimage\",\"url\":\"https:\\\/\\\/mokos.hu\\\/wp-content\\\/uploads\\\/2021\\\/04\\\/I_Cuvee_web_K2.png\",\"contentUrl\":\"https:\\\/\\\/mokos.hu\\\/wp-content\\\/uploads\\\/2021\\\/04\\\/I_Cuvee_web_K2.png\",\"width\":425,\"height\":714,\"caption\":\"Mokos_Pinceszet_ICuvee_feherbor_villanyi_borvidek_palkonya\"},{\"@type\":\"BreadcrumbList\",\"@id\":\"https:\\\/\\\/mokos.hu\\\/termek\\\/friss-villanyi-feher-cuvee-2021\\\/#breadcrumb\",\"itemListElement\":[{\"@type\":\"ListItem\",\"position\":1,\"name\":\"Home\",\"item\":\"https:\\\/\\\/mokos.hu\\\/\"},{\"@type\":\"ListItem\",\"position\":2,\"name\":\"Term\u00e9kek\",\"item\":\"https:\\\/\\\/mokos.hu\\\/shop\\\/\"},{\"@type\":\"ListItem\",\"position\":3,\"name\":\"FRISS Feh\u00e9r Cuv\u00e9e 2021\"}]},{\"@type\":\"WebSite\",\"@id\":\"https:\\\/\\\/mokos.hu\\\/#website\",\"url\":\"https:\\\/\\\/mokos.hu\\\/\",\"name\":\"MOKOS\",\"description\":\"Csal\u00e1di Pinc\u00e9szet, Palkonya\",\"publisher\":{\"@id\":\"https:\\\/\\\/mokos.hu\\\/#organization\"},\"potentialAction\":[{\"@type\":\"SearchAction\",\"target\":{\"@type\":\"EntryPoint\",\"urlTemplate\":\"https:\\\/\\\/mokos.hu\\\/?s={search_term_string}\"},\"query-input\":{\"@type\":\"PropertyValueSpecification\",\"valueRequired\":true,\"valueName\":\"search_term_string\"}}],\"inLanguage\":\"de\"},{\"@type\":\"Organization\",\"@id\":\"https:\\\/\\\/mokos.hu\\\/#organization\",\"name\":\"MOKOS\",\"url\":\"https:\\\/\\\/mokos.hu\\\/\",\"logo\":{\"@type\":\"ImageObject\",\"inLanguage\":\"de\",\"@id\":\"https:\\\/\\\/mokos.hu\\\/#\\\/schema\\\/logo\\\/image\\\/\",\"url\":\"https:\\\/\\\/mokos.hu\\\/wp-content\\\/uploads\\\/2018\\\/11\\\/cropped-Mokos_Villanyi-Borvidek-Palkonya-1.png\",\"contentUrl\":\"https:\\\/\\\/mokos.hu\\\/wp-content\\\/uploads\\\/2018\\\/11\\\/cropped-Mokos_Villanyi-Borvidek-Palkonya-1.png\",\"width\":1000,\"height\":245,\"caption\":\"MOKOS\"},\"image\":{\"@id\":\"https:\\\/\\\/mokos.hu\\\/#\\\/schema\\\/logo\\\/image\\\/\"}}]}<\/script>\n<!-- \/ Yoast SEO plugin. -->","yoast_head_json":{"title":"FRISS Feh\u00e9r Cuv\u00e9e 2021 - MOKOS Pinc\u00e9szet - Vill\u00e1nyi Borvid\u00e9k","description":"Friss Feh\u00e9r Cuv\u00e9e: K\u00f6nnyed, classicus feh\u00e9rbor, illatos fajt\u00e1k h\u00e1zas\u00edt\u00e1s\u00e1b\u00f3l. K\u00f3stolj r\u00e1 a friss \u00e9s \u00fcde \u00fajborra a Mokos Pinc\u00e9szett\u0151l.","robots":{"index":"index","follow":"follow","max-snippet":"max-snippet:-1","max-image-preview":"max-image-preview:large","max-video-preview":"max-video-preview:-1"},"canonical":"https:\/\/mokos.hu\/de\/produkt\/friss-villanyi-feher-cuvee-2021\/","og_locale":"de_DE","og_type":"article","og_title":"FRISS Feh\u00e9r Cuv\u00e9e 2021 - MOKOS Pinc\u00e9szet - Vill\u00e1nyi Borvid\u00e9k","og_description":"Friss Feh\u00e9r Cuv\u00e9e: K\u00f6nnyed, classicus feh\u00e9rbor, illatos fajt\u00e1k h\u00e1zas\u00edt\u00e1s\u00e1b\u00f3l. K\u00f3stolj r\u00e1 a friss \u00e9s \u00fcde \u00fajborra a Mokos Pinc\u00e9szett\u0151l.","og_url":"https:\/\/mokos.hu\/de\/produkt\/friss-villanyi-feher-cuvee-2021\/","og_site_name":"MOKOS","article_modified_time":"2022-04-26T11:50:00+00:00","og_image":[{"width":800,"height":1200,"url":"https:\/\/mokos.hu\/wp-content\/uploads\/2020\/04\/IMG_2535-scaled-e1600685487998.jpg","type":"image\/jpeg"}],"twitter_card":"summary_large_image","twitter_misc":{"Gesch\u00e4tzte Lesezeit":"1\u00a0Minute"},"schema":{"@context":"https:\/\/schema.org","@graph":[{"@type":"WebPage","@id":"https:\/\/mokos.hu\/termek\/friss-villanyi-feher-cuvee-2021\/","url":"https:\/\/mokos.hu\/termek\/friss-villanyi-feher-cuvee-2021\/","name":"FRISS Feh\u00e9r Cuv\u00e9e 2021 - MOKOS Pinc\u00e9szet - Vill\u00e1nyi Borvid\u00e9k","isPartOf":{"@id":"https:\/\/mokos.hu\/#website"},"primaryImageOfPage":{"@id":"https:\/\/mokos.hu\/termek\/friss-villanyi-feher-cuvee-2021\/#primaryimage"},"image":{"@id":"https:\/\/mokos.hu\/termek\/friss-villanyi-feher-cuvee-2021\/#primaryimage"},"thumbnailUrl":"https:\/\/mokos.hu\/wp-content\/uploads\/2021\/04\/I_Cuvee_web_K2.png","datePublished":"2021-11-19T10:15:46+00:00","dateModified":"2022-04-26T11:50:00+00:00","description":"Friss Feh\u00e9r Cuv\u00e9e: K\u00f6nnyed, classicus feh\u00e9rbor, illatos fajt\u00e1k h\u00e1zas\u00edt\u00e1s\u00e1b\u00f3l. K\u00f3stolj r\u00e1 a friss \u00e9s \u00fcde \u00fajborra a Mokos Pinc\u00e9szett\u0151l.","breadcrumb":{"@id":"https:\/\/mokos.hu\/termek\/friss-villanyi-feher-cuvee-2021\/#breadcrumb"},"inLanguage":"de","potentialAction":[{"@type":"ReadAction","target":["https:\/\/mokos.hu\/termek\/friss-villanyi-feher-cuvee-2021\/"]}]},{"@type":"ImageObject","inLanguage":"de","@id":"https:\/\/mokos.hu\/termek\/friss-villanyi-feher-cuvee-2021\/#primaryimage","url":"https:\/\/mokos.hu\/wp-content\/uploads\/2021\/04\/I_Cuvee_web_K2.png","contentUrl":"https:\/\/mokos.hu\/wp-content\/uploads\/2021\/04\/I_Cuvee_web_K2.png","width":425,"height":714,"caption":"Mokos_Pinceszet_ICuvee_feherbor_villanyi_borvidek_palkonya"},{"@type":"BreadcrumbList","@id":"https:\/\/mokos.hu\/termek\/friss-villanyi-feher-cuvee-2021\/#breadcrumb","itemListElement":[{"@type":"ListItem","position":1,"name":"Home","item":"https:\/\/mokos.hu\/"},{"@type":"ListItem","position":2,"name":"Term\u00e9kek","item":"https:\/\/mokos.hu\/shop\/"},{"@type":"ListItem","position":3,"name":"FRISS Feh\u00e9r Cuv\u00e9e 2021"}]},{"@type":"WebSite","@id":"https:\/\/mokos.hu\/#website","url":"https:\/\/mokos.hu\/","name":"MOKOS","description":"Familienweingut, Palkonya","publisher":{"@id":"https:\/\/mokos.hu\/#organization"},"potentialAction":[{"@type":"SearchAction","target":{"@type":"EntryPoint","urlTemplate":"https:\/\/mokos.hu\/?s={search_term_string}"},"query-input":{"@type":"PropertyValueSpecification","valueRequired":true,"valueName":"search_term_string"}}],"inLanguage":"de"},{"@type":"Organization","@id":"https:\/\/mokos.hu\/#organization","name":"MOKOS","url":"https:\/\/mokos.hu\/","logo":{"@type":"ImageObject","inLanguage":"de","@id":"https:\/\/mokos.hu\/#\/schema\/logo\/image\/","url":"https:\/\/mokos.hu\/wp-content\/uploads\/2018\/11\/cropped-Mokos_Villanyi-Borvidek-Palkonya-1.png","contentUrl":"https:\/\/mokos.hu\/wp-content\/uploads\/2018\/11\/cropped-Mokos_Villanyi-Borvidek-Palkonya-1.png","width":1000,"height":245,"caption":"MOKOS"},"image":{"@id":"https:\/\/mokos.hu\/#\/schema\/logo\/image\/"}}]}},"_links":{"self":[{"href":"https:\/\/mokos.hu\/de\/wp-json\/wp\/v2\/product\/13248","targetHints":{"allow":["GET"]}}],"collection":[{"href":"https:\/\/mokos.hu\/de\/wp-json\/wp\/v2\/product"}],"about":[{"href":"https:\/\/mokos.hu\/de\/wp-json\/wp\/v2\/types\/product"}],"wp:featuredmedia":[{"embeddable":true,"href":"https:\/\/mokos.hu\/de\/wp-json\/wp\/v2\/media\/12404"}],"wp:attachment":[{"href":"https:\/\/mokos.hu\/de\/wp-json\/wp\/v2\/media?parent=13248"}],"wp:term":[{"taxonomy":"product_brand","embeddable":true,"href":"https:\/\/mokos.hu\/de\/wp-json\/wp\/v2\/product_brand?post=13248"},{"taxonomy":"product_cat","embeddable":true,"href":"https:\/\/mokos.hu\/de\/wp-json\/wp\/v2\/product_cat?post=13248"},{"taxonomy":"product_tag","embeddable":true,"href":"https:\/\/mokos.hu\/de\/wp-json\/wp\/v2\/product_tag?post=13248"}],"curies":[{"name":"wp","href":"https:\/\/api.w.org\/{rel}","templated":true}]}}