{"id":12830,"date":"2021-07-29T09:17:28","date_gmt":"2021-07-29T07:17:28","guid":{"rendered":"https:\/\/mokos.hu\/?post_type=product&#038;p=12830"},"modified":"2021-10-15T10:10:48","modified_gmt":"2021-10-15T08:10:48","slug":"marton-napi-inyenc-borvacsora-2021-11-13-eloveteles-jegy","status":"publish","type":"product","link":"https:\/\/mokos.hu\/de\/termek\/marton-napi-inyenc-borvacsora-2021-11-13-eloveteles-jegy\/","title":{"rendered":"M\u00e1rton Napi \u00cdnyenc Borvacsora | 2021.11.13. | EL\u0150V\u00c9TELES JEGY"},"content":{"rendered":"","protected":false},"excerpt":{"rendered":"<h4>Gasztrokaland az \u00edzek szerelmeseinek!<\/h4>\n<p><strong>\u00c9LVEZZE AZ \u00cdNYENC\u00a0FOG\u00c1SOKAT \u00c9S LEGYEN R\u00c9SZESE EGY KULIN\u00c1RIS \u00c9LM\u00c9NYNEK A VILL\u00c1NYI BORVID\u00c9KEN EGY ZEN\u00c9S-T\u00c1NCOS MULATS\u00c1G KERETEIN BEL\u00dcL!<\/strong><\/p>\n<p>A hagyom\u00e1nynak megfelel\u0151en M\u00e1rton Nap idej\u00e9n a MOKOS Pinc\u00e9szetn\u00e9l is az \u00fajborok\u00e9 \u00e9s a libalakom\u00e1k\u00e9 a f\u0151szerep. Az idei esztend\u0151ben k\u00e9t k\u00fcl\u00f6nleges M\u00e1rton Napi Libaesttel v\u00e1rjuk a bor \u00e9s a zene szerelmeseit: egy p\u00e1ratlan gasztron\u00f3mia \u00e9lm\u00e9nyt ny\u00fajt\u00f3 M\u00e1rton Napi \u00cdnyenc Borvacsor\u00e1val, valamint egy klasszikus \u00edzeket id\u00e9z\u0151 val\u00f3di Libalakom\u00e1val\u00a0 v\u00e1rjuk\u00a0 Pinc\u00e9szet\u00fcnkben!<\/p>\n<p><em>Bel\u00e9p\u0151jegyeink megv\u00e1s\u00e1rl\u00e1s\u00e1val \u00d6n tudom\u00e1sul veszi, hogy amennyiben a rendezv\u00e9ny a fenn\u00e1ll\u00f3 v\u00edrushelyzet \u00f3vint\u00e9zked\u00e9seinek szigor\u00edt\u00e1s\u00e1b\u00f3l ad\u00f3d\u00f3an esetlegesen nem ker\u00fclne megtart\u00e1sra, \u00fagy a bel\u00e9p\u0151jegyek teljes \u00e9rt\u00e9ke Pinc\u00e9szet\u00fcnkben vagy webshopunkban lev\u00e1s\u00e1rolhat\u00f3 utalv\u00e1ny form\u00e1j\u00e1ban ker\u00fcl visszat\u00e9r\u00edt\u00e9sre. Az utalv\u00e1ny 2022. december 31-ig felhaszn\u00e1lhat\u00f3 lesz b\u00e1rmely, saj\u00e1t szervez\u00e9s\u0171 rendezv\u00e9ny\u00fcnk bel\u00e9p\u0151jegy\u00e9re, illetve Pinc\u00e9szet\u00fcnk term\u00e9keire egyar\u00e1nt.<\/em><\/p>\n<p>Einzelheiten der Veranstaltung:\u00a0<a href=\"https:\/\/mokos.hu\/de\/marton-napi-inyenc-borvacsora-marton-napok-a-mokos-pinceszetben\/\"><strong>HIER<\/strong><\/a>.<\/p>\n<p>&nbsp;<\/p>","protected":false},"featured_media":10164,"template":"","meta":{"_acf_changed":false},"product_brand":[],"product_cat":[110,73],"product_tag":[211,213,216,215,208,217,209,210,214,212,137],"class_list":{"0":"post-12830","1":"product","2":"type-product","3":"status-publish","4":"has-post-thumbnail","6":"product_cat-belepojegyek","7":"product_cat-rendezvenyek","8":"product_tag-belepojegy","9":"product_tag-borvacsora","10":"product_tag-libalakoma","11":"product_tag-libavacsora","12":"product_tag-marton-nap","13":"product_tag-mokos-gasztro","14":"product_tag-program","15":"product_tag-rendezveny","16":"product_tag-ujbor","17":"product_tag-vacsora","18":"product_tag-villanyi-borok","20":"first","21":"outofstock","22":"virtual","23":"taxable","24":"purchasable","25":"product-type-simple"},"acf":[],"yoast_head":"<!-- This site is optimized with the Yoast SEO plugin v27.1.1 - https:\/\/yoast.com\/product\/yoast-seo-wordpress\/ -->\n<title>M\u00e1rton Napi \u00cdnyenc Borvacsora | 2021.11.13. | EL\u0150V\u00c9TELES JEGY<\/title>\n<meta name=\"description\" content=\"A hagyom\u00e1nynak megfelel\u0151en M\u00e1rton Nap idej\u00e9n a MOKOS Pinc\u00e9szetn\u00e9l is az \u00fajborok\u00e9 \u00e9s a libalakom\u00e1k\u00e9 a f\u0151szerep. Tartson vel\u00fcnk \u00ednyenc borvacsora est\u00fcnk\u00f6n!\" \/>\n<meta name=\"robots\" content=\"index, follow, max-snippet:-1, max-image-preview:large, max-video-preview:-1\" \/>\n<link rel=\"canonical\" href=\"https:\/\/mokos.hu\/de\/produkt\/marton-napi-inyenc-borvacsora-2021-11-13-eloveteles-jegy\/\" \/>\n<meta property=\"og:locale\" content=\"de_DE\" \/>\n<meta property=\"og:type\" content=\"article\" \/>\n<meta property=\"og:title\" content=\"M\u00e1rton Napi \u00cdnyenc Borvacsora | 2021.11.13. | EL\u0150V\u00c9TELES JEGY\" \/>\n<meta property=\"og:description\" content=\"A hagyom\u00e1nynak megfelel\u0151en M\u00e1rton Nap idej\u00e9n a MOKOS Pinc\u00e9szetn\u00e9l is az \u00fajborok\u00e9 \u00e9s a libalakom\u00e1k\u00e9 a f\u0151szerep. Tartson vel\u00fcnk \u00ednyenc borvacsora est\u00fcnk\u00f6n!\" \/>\n<meta property=\"og:url\" content=\"https:\/\/mokos.hu\/de\/produkt\/marton-napi-inyenc-borvacsora-2021-11-13-eloveteles-jegy\/\" \/>\n<meta property=\"og:site_name\" content=\"MOKOS\" \/>\n<meta property=\"article:modified_time\" content=\"2021-10-15T08:10:48+00:00\" \/>\n<meta property=\"og:image\" content=\"https:\/\/mokos.hu\/wp-content\/uploads\/2020\/01\/WEB_MOKOS_Marton_nap_2020_Jegy_VACSORA_E-scaled-e1600678228830.jpg\" \/>\n\t<meta property=\"og:image:width\" content=\"500\" \/>\n\t<meta property=\"og:image:height\" content=\"500\" \/>\n\t<meta property=\"og:image:type\" content=\"image\/jpeg\" \/>\n<meta name=\"twitter:card\" content=\"summary_large_image\" \/>\n<script type=\"application\/ld+json\" class=\"yoast-schema-graph\">{\"@context\":\"https:\/\/schema.org\",\"@graph\":[{\"@type\":\"WebPage\",\"@id\":\"https:\/\/mokos.hu\/termek\/marton-napi-inyenc-borvacsora-2021-11-13-eloveteles-jegy\/\",\"url\":\"https:\/\/mokos.hu\/termek\/marton-napi-inyenc-borvacsora-2021-11-13-eloveteles-jegy\/\",\"name\":\"M\u00e1rton Napi \u00cdnyenc Borvacsora | 2021.11.13. | EL\u0150V\u00c9TELES JEGY\",\"isPartOf\":{\"@id\":\"https:\/\/mokos.hu\/#website\"},\"primaryImageOfPage\":{\"@id\":\"https:\/\/mokos.hu\/termek\/marton-napi-inyenc-borvacsora-2021-11-13-eloveteles-jegy\/#primaryimage\"},\"image\":{\"@id\":\"https:\/\/mokos.hu\/termek\/marton-napi-inyenc-borvacsora-2021-11-13-eloveteles-jegy\/#primaryimage\"},\"thumbnailUrl\":\"https:\/\/mokos.hu\/wp-content\/uploads\/2020\/01\/WEB_MOKOS_Marton_nap_2020_Jegy_VACSORA_E-scaled-e1600678228830.jpg\",\"datePublished\":\"2021-07-29T07:17:28+00:00\",\"dateModified\":\"2021-10-15T08:10:48+00:00\",\"description\":\"A hagyom\u00e1nynak megfelel\u0151en M\u00e1rton Nap idej\u00e9n a MOKOS Pinc\u00e9szetn\u00e9l is az \u00fajborok\u00e9 \u00e9s a libalakom\u00e1k\u00e9 a f\u0151szerep. Tartson vel\u00fcnk \u00ednyenc borvacsora est\u00fcnk\u00f6n!\",\"breadcrumb\":{\"@id\":\"https:\/\/mokos.hu\/termek\/marton-napi-inyenc-borvacsora-2021-11-13-eloveteles-jegy\/#breadcrumb\"},\"inLanguage\":\"de\",\"potentialAction\":[{\"@type\":\"ReadAction\",\"target\":[\"https:\/\/mokos.hu\/termek\/marton-napi-inyenc-borvacsora-2021-11-13-eloveteles-jegy\/\"]}]},{\"@type\":\"ImageObject\",\"inLanguage\":\"de\",\"@id\":\"https:\/\/mokos.hu\/termek\/marton-napi-inyenc-borvacsora-2021-11-13-eloveteles-jegy\/#primaryimage\",\"url\":\"https:\/\/mokos.hu\/wp-content\/uploads\/2020\/01\/WEB_MOKOS_Marton_nap_2020_Jegy_VACSORA_E-scaled-e1600678228830.jpg\",\"contentUrl\":\"https:\/\/mokos.hu\/wp-content\/uploads\/2020\/01\/WEB_MOKOS_Marton_nap_2020_Jegy_VACSORA_E-scaled-e1600678228830.jpg\",\"width\":500,\"height\":500,\"caption\":\"Mokos_Pinceszet_Villanyi_borvidek_program_esemeny_marton_nap_vacsora_gourmet_inyenc_borvacsora\"},{\"@type\":\"BreadcrumbList\",\"@id\":\"https:\/\/mokos.hu\/termek\/marton-napi-inyenc-borvacsora-2021-11-13-eloveteles-jegy\/#breadcrumb\",\"itemListElement\":[{\"@type\":\"ListItem\",\"position\":1,\"name\":\"Home\",\"item\":\"https:\/\/mokos.hu\/\"},{\"@type\":\"ListItem\",\"position\":2,\"name\":\"Term\u00e9kek\",\"item\":\"https:\/\/mokos.hu\/shop\/\"},{\"@type\":\"ListItem\",\"position\":3,\"name\":\"M\u00e1rton Napi \u00cdnyenc Borvacsora | 2021.11.13. | EL\u0150V\u00c9TELES JEGY\"}]},{\"@type\":\"WebSite\",\"@id\":\"https:\/\/mokos.hu\/#website\",\"url\":\"https:\/\/mokos.hu\/\",\"name\":\"MOKOS\",\"description\":\"Csal\u00e1di Pinc\u00e9szet, Palkonya\",\"publisher\":{\"@id\":\"https:\/\/mokos.hu\/#organization\"},\"potentialAction\":[{\"@type\":\"SearchAction\",\"target\":{\"@type\":\"EntryPoint\",\"urlTemplate\":\"https:\/\/mokos.hu\/?s={search_term_string}\"},\"query-input\":{\"@type\":\"PropertyValueSpecification\",\"valueRequired\":true,\"valueName\":\"search_term_string\"}}],\"inLanguage\":\"de\"},{\"@type\":\"Organization\",\"@id\":\"https:\/\/mokos.hu\/#organization\",\"name\":\"MOKOS\",\"url\":\"https:\/\/mokos.hu\/\",\"logo\":{\"@type\":\"ImageObject\",\"inLanguage\":\"de\",\"@id\":\"https:\/\/mokos.hu\/#\/schema\/logo\/image\/\",\"url\":\"https:\/\/mokos.hu\/wp-content\/uploads\/2018\/11\/cropped-Mokos_Villanyi-Borvidek-Palkonya-1.png\",\"contentUrl\":\"https:\/\/mokos.hu\/wp-content\/uploads\/2018\/11\/cropped-Mokos_Villanyi-Borvidek-Palkonya-1.png\",\"width\":1000,\"height\":245,\"caption\":\"MOKOS\"},\"image\":{\"@id\":\"https:\/\/mokos.hu\/#\/schema\/logo\/image\/\"}}]}<\/script>\n<!-- \/ Yoast SEO plugin. -->","yoast_head_json":{"title":"M\u00e1rton Napi \u00cdnyenc Borvacsora | 2021.11.13. | EL\u0150V\u00c9TELES JEGY","description":"A hagyom\u00e1nynak megfelel\u0151en M\u00e1rton Nap idej\u00e9n a MOKOS Pinc\u00e9szetn\u00e9l is az \u00fajborok\u00e9 \u00e9s a libalakom\u00e1k\u00e9 a f\u0151szerep. Tartson vel\u00fcnk \u00ednyenc borvacsora est\u00fcnk\u00f6n!","robots":{"index":"index","follow":"follow","max-snippet":"max-snippet:-1","max-image-preview":"max-image-preview:large","max-video-preview":"max-video-preview:-1"},"canonical":"https:\/\/mokos.hu\/de\/produkt\/marton-napi-inyenc-borvacsora-2021-11-13-eloveteles-jegy\/","og_locale":"de_DE","og_type":"article","og_title":"M\u00e1rton Napi \u00cdnyenc Borvacsora | 2021.11.13. | EL\u0150V\u00c9TELES JEGY","og_description":"A hagyom\u00e1nynak megfelel\u0151en M\u00e1rton Nap idej\u00e9n a MOKOS Pinc\u00e9szetn\u00e9l is az \u00fajborok\u00e9 \u00e9s a libalakom\u00e1k\u00e9 a f\u0151szerep. Tartson vel\u00fcnk \u00ednyenc borvacsora est\u00fcnk\u00f6n!","og_url":"https:\/\/mokos.hu\/de\/produkt\/marton-napi-inyenc-borvacsora-2021-11-13-eloveteles-jegy\/","og_site_name":"MOKOS","article_modified_time":"2021-10-15T08:10:48+00:00","og_image":[{"width":500,"height":500,"url":"https:\/\/mokos.hu\/wp-content\/uploads\/2020\/01\/WEB_MOKOS_Marton_nap_2020_Jegy_VACSORA_E-scaled-e1600678228830.jpg","type":"image\/jpeg"}],"twitter_card":"summary_large_image","schema":{"@context":"https:\/\/schema.org","@graph":[{"@type":"WebPage","@id":"https:\/\/mokos.hu\/termek\/marton-napi-inyenc-borvacsora-2021-11-13-eloveteles-jegy\/","url":"https:\/\/mokos.hu\/termek\/marton-napi-inyenc-borvacsora-2021-11-13-eloveteles-jegy\/","name":"M\u00e1rton Napi \u00cdnyenc Borvacsora | 2021.11.13. | EL\u0150V\u00c9TELES JEGY","isPartOf":{"@id":"https:\/\/mokos.hu\/#website"},"primaryImageOfPage":{"@id":"https:\/\/mokos.hu\/termek\/marton-napi-inyenc-borvacsora-2021-11-13-eloveteles-jegy\/#primaryimage"},"image":{"@id":"https:\/\/mokos.hu\/termek\/marton-napi-inyenc-borvacsora-2021-11-13-eloveteles-jegy\/#primaryimage"},"thumbnailUrl":"https:\/\/mokos.hu\/wp-content\/uploads\/2020\/01\/WEB_MOKOS_Marton_nap_2020_Jegy_VACSORA_E-scaled-e1600678228830.jpg","datePublished":"2021-07-29T07:17:28+00:00","dateModified":"2021-10-15T08:10:48+00:00","description":"A hagyom\u00e1nynak megfelel\u0151en M\u00e1rton Nap idej\u00e9n a MOKOS Pinc\u00e9szetn\u00e9l is az \u00fajborok\u00e9 \u00e9s a libalakom\u00e1k\u00e9 a f\u0151szerep. Tartson vel\u00fcnk \u00ednyenc borvacsora est\u00fcnk\u00f6n!","breadcrumb":{"@id":"https:\/\/mokos.hu\/termek\/marton-napi-inyenc-borvacsora-2021-11-13-eloveteles-jegy\/#breadcrumb"},"inLanguage":"de","potentialAction":[{"@type":"ReadAction","target":["https:\/\/mokos.hu\/termek\/marton-napi-inyenc-borvacsora-2021-11-13-eloveteles-jegy\/"]}]},{"@type":"ImageObject","inLanguage":"de","@id":"https:\/\/mokos.hu\/termek\/marton-napi-inyenc-borvacsora-2021-11-13-eloveteles-jegy\/#primaryimage","url":"https:\/\/mokos.hu\/wp-content\/uploads\/2020\/01\/WEB_MOKOS_Marton_nap_2020_Jegy_VACSORA_E-scaled-e1600678228830.jpg","contentUrl":"https:\/\/mokos.hu\/wp-content\/uploads\/2020\/01\/WEB_MOKOS_Marton_nap_2020_Jegy_VACSORA_E-scaled-e1600678228830.jpg","width":500,"height":500,"caption":"Mokos_Pinceszet_Villanyi_borvidek_program_esemeny_marton_nap_vacsora_gourmet_inyenc_borvacsora"},{"@type":"BreadcrumbList","@id":"https:\/\/mokos.hu\/termek\/marton-napi-inyenc-borvacsora-2021-11-13-eloveteles-jegy\/#breadcrumb","itemListElement":[{"@type":"ListItem","position":1,"name":"Home","item":"https:\/\/mokos.hu\/"},{"@type":"ListItem","position":2,"name":"Term\u00e9kek","item":"https:\/\/mokos.hu\/shop\/"},{"@type":"ListItem","position":3,"name":"M\u00e1rton Napi \u00cdnyenc Borvacsora | 2021.11.13. | EL\u0150V\u00c9TELES JEGY"}]},{"@type":"WebSite","@id":"https:\/\/mokos.hu\/#website","url":"https:\/\/mokos.hu\/","name":"MOKOS","description":"Familienweingut, Palkonya","publisher":{"@id":"https:\/\/mokos.hu\/#organization"},"potentialAction":[{"@type":"SearchAction","target":{"@type":"EntryPoint","urlTemplate":"https:\/\/mokos.hu\/?s={search_term_string}"},"query-input":{"@type":"PropertyValueSpecification","valueRequired":true,"valueName":"search_term_string"}}],"inLanguage":"de"},{"@type":"Organization","@id":"https:\/\/mokos.hu\/#organization","name":"MOKOS","url":"https:\/\/mokos.hu\/","logo":{"@type":"ImageObject","inLanguage":"de","@id":"https:\/\/mokos.hu\/#\/schema\/logo\/image\/","url":"https:\/\/mokos.hu\/wp-content\/uploads\/2018\/11\/cropped-Mokos_Villanyi-Borvidek-Palkonya-1.png","contentUrl":"https:\/\/mokos.hu\/wp-content\/uploads\/2018\/11\/cropped-Mokos_Villanyi-Borvidek-Palkonya-1.png","width":1000,"height":245,"caption":"MOKOS"},"image":{"@id":"https:\/\/mokos.hu\/#\/schema\/logo\/image\/"}}]}},"_links":{"self":[{"href":"https:\/\/mokos.hu\/de\/wp-json\/wp\/v2\/product\/12830","targetHints":{"allow":["GET"]}}],"collection":[{"href":"https:\/\/mokos.hu\/de\/wp-json\/wp\/v2\/product"}],"about":[{"href":"https:\/\/mokos.hu\/de\/wp-json\/wp\/v2\/types\/product"}],"wp:featuredmedia":[{"embeddable":true,"href":"https:\/\/mokos.hu\/de\/wp-json\/wp\/v2\/media\/10164"}],"wp:attachment":[{"href":"https:\/\/mokos.hu\/de\/wp-json\/wp\/v2\/media?parent=12830"}],"wp:term":[{"taxonomy":"product_brand","embeddable":true,"href":"https:\/\/mokos.hu\/de\/wp-json\/wp\/v2\/product_brand?post=12830"},{"taxonomy":"product_cat","embeddable":true,"href":"https:\/\/mokos.hu\/de\/wp-json\/wp\/v2\/product_cat?post=12830"},{"taxonomy":"product_tag","embeddable":true,"href":"https:\/\/mokos.hu\/de\/wp-json\/wp\/v2\/product_tag?post=12830"}],"curies":[{"name":"wp","href":"https:\/\/api.w.org\/{rel}","templated":true}]}}