{"id":10997,"date":"2020-12-02T17:29:38","date_gmt":"2020-12-02T15:29:38","guid":{"rendered":"https:\/\/mokos.hu\/?post_type=product&#038;p=10997"},"modified":"2021-11-09T13:12:34","modified_gmt":"2021-11-09T11:12:34","slug":"mokos-weinkeller-weinpaket","status":"publish","type":"product","link":"https:\/\/mokos.hu\/de\/termek\/mokos-borkonyha-borcsomag\/","title":{"rendered":"Mokos Wein K\u00fcche Wein Paket"},"content":{"rendered":"<h1>MOKOS WEINKELLER<\/h1>\n<h3>29. NOVEMBER - 20. DEZEMBER 2020.<\/h3>\n<h4>4-G\u00c4NGE-WEIHNACHTSMEN\u00dc F\u00dcR DIE FESTLICHE TAFEL<\/h4>\n<p><strong>Mit dem Herannahen der Feiertage hat in unserem Weingut die echte Weihnachtsstimmung begonnen. Da wir nicht in der Lage sind, das Erlebnis des #mokosadvents mit Ihnen auf unseren geliebten, intimen Adventsm\u00e4rkten oder in unserem Weingut in Palkonya zu teilen, dachten wir, wir w\u00fcrden uns f\u00fcr eine kurze Zeit in den Cyberspace zur\u00fcckziehen. Also haben wir beschlossen, Sie mit einer weiteren Miniserie zu \u00fcberraschen, und zwar nicht irgendeiner Miniserie!<\/strong><\/p>\n<p>In unserer 4-teiligen Videoserie werden wir in Zusammenarbeit mit unserem K\u00fcchenchef Bal\u00e1zs Mokos und Attila Kurucsai 1-1 Gerichte zubereiten, wobei Attila f\u00fcr die k\u00f6stlichsten Gerichte verantwortlich ist, w\u00e4hrend Bal\u00e1zs f\u00fcr die Mokos-Weine zust\u00e4ndig ist, die f\u00fcr die Gerichte unerl\u00e4sslich sind. Die Episoden werden an den Adventssonntagen ver\u00f6ffentlicht, so dass wir am Ende der Serie ein vierg\u00e4ngiges Festtagsmen\u00fc mit einer Vorspeise, einer Suppe, einem Hauptgericht und einem Dessert haben werden.<\/p>\n<p><img fetchpriority=\"high\" decoding=\"async\" class=\"aligncenter wp-image-10853 size-large\" src=\"https:\/\/mokos.hu\/wp-content\/uploads\/2020\/11\/MOKOS_Borkonyha_fejlec-1024x576.jpg\" alt=\"MOKOS_Koch_K\u00fcche_Kopf\" width=\"750\" height=\"422\" srcset=\"https:\/\/mokos.hu\/wp-content\/uploads\/2020\/11\/MOKOS_Borkonyha_fejlec-1024x576.jpg 1024w, https:\/\/mokos.hu\/wp-content\/uploads\/2020\/11\/MOKOS_Borkonyha_fejlec-300x169.jpg 300w, https:\/\/mokos.hu\/wp-content\/uploads\/2020\/11\/MOKOS_Borkonyha_fejlec-600x338.jpg 600w, https:\/\/mokos.hu\/wp-content\/uploads\/2020\/11\/MOKOS_Borkonyha_fejlec-1536x864.jpg 1536w, https:\/\/mokos.hu\/wp-content\/uploads\/2020\/11\/MOKOS_Borkonyha_fejlec.jpg 1920w\" sizes=\"(max-width: 750px) 100vw, 750px\" \/><\/p>\n<p>&nbsp;<\/p>\n<p>&nbsp;<\/p>","protected":false},"excerpt":{"rendered":"<h4>Weinpaket mit den festlichen Gerichten des Mokos Weinkellers<\/h4>\n<h4><em><strong>Gastronomisches Mokka-Erlebnis: 4 Weine zu 4 G\u00e4ngen - ein Geschenk mit einem Tropfer!<\/strong><\/em><\/h4>\n<p><b>Ein echtes gastronomisches Abenteuer: Lassen Sie sich von Geschmack, Aromen, Farben und D\u00fcften verw\u00f6hnen! <\/b><em><a href=\"https:\/\/mokos.hu\/de\/mokos-weinkeller\/\">Mokos Weink\u00fcche<\/a><\/em> Unsere Weinpaket-Zusammenstellung umfasst Vill\u00e1nyer Weine und Obstweinspezialit\u00e4ten, gepaart mit dem in unserer neuen Online-Miniserie vorgestellten 4-G\u00e4nge-Festtagsmen\u00fc. Probieren Sie die himmlischen Rezepte unseres K\u00fcchenchefs, die Sie ebenfalls Woche f\u00fcr Woche auf unserer Website finden, bis zum letzten Adventssonntag, an dem wir unser Weihnachtsmen\u00fc mit Vorspeisen, Suppen, Hauptgerichten und Desserts zusammenstellen werden.<\/p>\n<p>Bereiten wir uns gemeinsam auf Weihnachten vor!<\/p>\n<p><strong>Inhalt des Adventswein-Pakets:<\/strong><\/p>\n<ul>\n<li>1 Flasche <a href=\"https:\/\/mokos.hu\/de\/produkt\/villanyi-roze-2020-ujbor\/\">Vill\u00e1ny Roz\u00e9 2020<\/a> - Vorspeise mit unserem Angebot<\/li>\n<li>1 Flasche <a href=\"https:\/\/mokos.hu\/de\/produkt\/holziger-pflaumenwein-mit-pflaumen\/\">Zimt-Pflaumen-Apfelwein<\/a> - mit unserem Suppenangebot<\/li>\n<li>1 Flasche\u00a0 <a href=\"https:\/\/mokos.hu\/de\/produkt\/redy-2019\/\">REDy 2019<\/a> - mit unserem Hauptgericht-Angebot<\/li>\n<li>1 Flasche <a href=\"https:\/\/mokos.hu\/de\/produkt\/cassiswein-weingummiwein\/\">Cajibor<\/a> - mit unserem Dessertangebot<\/li>\n<li><strong><strong>+ GIFT <\/strong><\/strong><strong>Mokos Tropfer<\/strong><\/li>\n<\/ul>\n<p>Der Inhalt des Weinpakets kann nicht ver\u00e4ndert werden!<\/p>\n<p><strong>UNSER SONDERANGEBOT GILT NUR SOLANGE DER VORRAT REICHT, NUR IN UNSEREM WEBSHOP.\u00a0<\/strong><\/p>\n<p><strong><a href=\"https:\/\/mokos.hu\/de\/mokos-weinkeller\/\">Gehen Sie zu Mokos Wine Kitchen!<\/a><\/strong><\/p>\n<p><img decoding=\"async\" class=\"wp-image-10999 size-large aligncenter\" src=\"https:\/\/mokos.hu\/wp-content\/uploads\/2020\/12\/MOKOS_Karacsonyi_Borcsomagok_2020_Mokos_borkonyha-1024x576.jpg\" alt=\"\" width=\"750\" height=\"422\" srcset=\"https:\/\/mokos.hu\/wp-content\/uploads\/2020\/12\/MOKOS_Karacsonyi_Borcsomagok_2020_Mokos_borkonyha-1024x576.jpg 1024w, https:\/\/mokos.hu\/wp-content\/uploads\/2020\/12\/MOKOS_Karacsonyi_Borcsomagok_2020_Mokos_borkonyha-300x169.jpg 300w, https:\/\/mokos.hu\/wp-content\/uploads\/2020\/12\/MOKOS_Karacsonyi_Borcsomagok_2020_Mokos_borkonyha-600x338.jpg 600w, https:\/\/mokos.hu\/wp-content\/uploads\/2020\/12\/MOKOS_Karacsonyi_Borcsomagok_2020_Mokos_borkonyha-1536x864.jpg 1536w, https:\/\/mokos.hu\/wp-content\/uploads\/2020\/12\/MOKOS_Karacsonyi_Borcsomagok_2020_Mokos_borkonyha.jpg 1920w\" sizes=\"(max-width: 750px) 100vw, 750px\" \/><\/p>","protected":false},"featured_media":11001,"template":"","meta":{"_acf_changed":false},"product_brand":[],"product_cat":[72],"product_tag":[125,146,120,118,119,237,162,178,236,217,123,126,137,129,144,131],"class_list":{"0":"post-10997","1":"product","2":"type-product","3":"status-publish","4":"has-post-thumbnail","6":"product_cat-borcsomagok","7":"product_tag-mokoselmeny","8":"product_tag-ajandek","9":"product_tag-akcios-termek","10":"product_tag-borcsomag","11":"product_tag-borvalogatas","12":"product_tag-cseppor","13":"product_tag-fahejas-szilvabor","14":"product_tag-kajszibor","15":"product_tag-mokos-borkonyha","16":"product_tag-mokos-gasztro","17":"product_tag-mokos-pinceszet","18":"product_tag-redy","19":"product_tag-villanyi-borok","20":"product_tag-villanyi-borvidek","21":"product_tag-villanyi-roze","22":"product_tag-villanyi-vorosbor","24":"first","25":"outofstock","26":"sale","27":"featured","28":"taxable","29":"shipping-taxable","30":"purchasable","31":"product-type-simple"},"acf":[],"yoast_head":"<!-- This site is optimized with the Yoast SEO plugin v27.5 - https:\/\/yoast.com\/product\/yoast-seo-wordpress\/ -->\n<title>Mokos Borkonyha Borcsomag - Aj\u00e1nd\u00e9k Dropstoppal!<\/title>\n<meta name=\"description\" content=\"Kedvezm\u00e9nyes kar\u00e1csonyi borcsomag Mokos borokb\u00f3l az \u00fcnnepi men\u00fc mell\u00e9! | Vill\u00e1nyi V\u00f6r\u00f6sbor | Gy\u00fcm\u00f6lcsbor | EXTRA AJ\u00c1ND\u00c9K\" \/>\n<meta name=\"robots\" content=\"index, follow, max-snippet:-1, max-image-preview:large, max-video-preview:-1\" \/>\n<link rel=\"canonical\" href=\"https:\/\/mokos.hu\/de\/produkt\/mokos-weinkeller-weinpaket\/\" \/>\n<meta property=\"og:locale\" content=\"de_DE\" \/>\n<meta property=\"og:type\" content=\"article\" \/>\n<meta property=\"og:title\" content=\"Mokos Borkonyha Borcsomag - Aj\u00e1nd\u00e9k Dropstoppal!\" \/>\n<meta property=\"og:description\" content=\"Kedvezm\u00e9nyes kar\u00e1csonyi borcsomag Mokos borokb\u00f3l az \u00fcnnepi men\u00fc mell\u00e9! | Vill\u00e1nyi V\u00f6r\u00f6sbor | Gy\u00fcm\u00f6lcsbor | EXTRA AJ\u00c1ND\u00c9K\" \/>\n<meta property=\"og:url\" content=\"https:\/\/mokos.hu\/de\/produkt\/mokos-weinkeller-weinpaket\/\" \/>\n<meta property=\"og:site_name\" content=\"MOKOS\" \/>\n<meta property=\"article:modified_time\" content=\"2021-11-09T11:12:34+00:00\" \/>\n<meta property=\"og:image\" content=\"https:\/\/mokos.hu\/wp-content\/uploads\/2020\/12\/MOKOS_Karacsonyi_Borcsomagok_2020_negyzet_Mokos_borkonyha-1.jpg\" \/>\n\t<meta property=\"og:image:width\" content=\"1080\" \/>\n\t<meta property=\"og:image:height\" content=\"1080\" \/>\n\t<meta property=\"og:image:type\" content=\"image\/jpeg\" \/>\n<meta name=\"twitter:card\" content=\"summary_large_image\" \/>\n<meta name=\"twitter:label1\" content=\"Gesch\u00e4tzte Lesezeit\" \/>\n\t<meta name=\"twitter:data1\" content=\"1\u00a0Minute\" \/>\n<script type=\"application\/ld+json\" class=\"yoast-schema-graph\">{\"@context\":\"https:\\\/\\\/schema.org\",\"@graph\":[{\"@type\":\"WebPage\",\"@id\":\"https:\\\/\\\/mokos.hu\\\/termek\\\/mokos-borkonyha-borcsomag\\\/\",\"url\":\"https:\\\/\\\/mokos.hu\\\/termek\\\/mokos-borkonyha-borcsomag\\\/\",\"name\":\"Mokos Borkonyha Borcsomag - Aj\u00e1nd\u00e9k Dropstoppal!\",\"isPartOf\":{\"@id\":\"https:\\\/\\\/mokos.hu\\\/#website\"},\"primaryImageOfPage\":{\"@id\":\"https:\\\/\\\/mokos.hu\\\/termek\\\/mokos-borkonyha-borcsomag\\\/#primaryimage\"},\"image\":{\"@id\":\"https:\\\/\\\/mokos.hu\\\/termek\\\/mokos-borkonyha-borcsomag\\\/#primaryimage\"},\"thumbnailUrl\":\"https:\\\/\\\/mokos.hu\\\/wp-content\\\/uploads\\\/2020\\\/12\\\/MOKOS_Karacsonyi_Borcsomagok_2020_negyzet_Mokos_borkonyha-1.jpg\",\"datePublished\":\"2020-12-02T15:29:38+00:00\",\"dateModified\":\"2021-11-09T11:12:34+00:00\",\"description\":\"Kedvezm\u00e9nyes kar\u00e1csonyi borcsomag Mokos borokb\u00f3l az \u00fcnnepi men\u00fc mell\u00e9! | Vill\u00e1nyi V\u00f6r\u00f6sbor | Gy\u00fcm\u00f6lcsbor | EXTRA AJ\u00c1ND\u00c9K\",\"breadcrumb\":{\"@id\":\"https:\\\/\\\/mokos.hu\\\/termek\\\/mokos-borkonyha-borcsomag\\\/#breadcrumb\"},\"inLanguage\":\"de\",\"potentialAction\":[{\"@type\":\"ReadAction\",\"target\":[\"https:\\\/\\\/mokos.hu\\\/termek\\\/mokos-borkonyha-borcsomag\\\/\"]}]},{\"@type\":\"ImageObject\",\"inLanguage\":\"de\",\"@id\":\"https:\\\/\\\/mokos.hu\\\/termek\\\/mokos-borkonyha-borcsomag\\\/#primaryimage\",\"url\":\"https:\\\/\\\/mokos.hu\\\/wp-content\\\/uploads\\\/2020\\\/12\\\/MOKOS_Karacsonyi_Borcsomagok_2020_negyzet_Mokos_borkonyha-1.jpg\",\"contentUrl\":\"https:\\\/\\\/mokos.hu\\\/wp-content\\\/uploads\\\/2020\\\/12\\\/MOKOS_Karacsonyi_Borcsomagok_2020_negyzet_Mokos_borkonyha-1.jpg\",\"width\":1080,\"height\":1080,\"caption\":\"MOKOS_Kar\u00e1csonyi_Borcsomagok_2020_negyzet_Mokos_borkonyha\"},{\"@type\":\"BreadcrumbList\",\"@id\":\"https:\\\/\\\/mokos.hu\\\/termek\\\/mokos-borkonyha-borcsomag\\\/#breadcrumb\",\"itemListElement\":[{\"@type\":\"ListItem\",\"position\":1,\"name\":\"Home\",\"item\":\"https:\\\/\\\/mokos.hu\\\/\"},{\"@type\":\"ListItem\",\"position\":2,\"name\":\"Term\u00e9kek\",\"item\":\"https:\\\/\\\/mokos.hu\\\/shop\\\/\"},{\"@type\":\"ListItem\",\"position\":3,\"name\":\"Mokos Borkonyha Borcsomag\"}]},{\"@type\":\"WebSite\",\"@id\":\"https:\\\/\\\/mokos.hu\\\/#website\",\"url\":\"https:\\\/\\\/mokos.hu\\\/\",\"name\":\"MOKOS\",\"description\":\"Csal\u00e1di Pinc\u00e9szet, Palkonya\",\"publisher\":{\"@id\":\"https:\\\/\\\/mokos.hu\\\/#organization\"},\"potentialAction\":[{\"@type\":\"SearchAction\",\"target\":{\"@type\":\"EntryPoint\",\"urlTemplate\":\"https:\\\/\\\/mokos.hu\\\/?s={search_term_string}\"},\"query-input\":{\"@type\":\"PropertyValueSpecification\",\"valueRequired\":true,\"valueName\":\"search_term_string\"}}],\"inLanguage\":\"de\"},{\"@type\":\"Organization\",\"@id\":\"https:\\\/\\\/mokos.hu\\\/#organization\",\"name\":\"MOKOS\",\"url\":\"https:\\\/\\\/mokos.hu\\\/\",\"logo\":{\"@type\":\"ImageObject\",\"inLanguage\":\"de\",\"@id\":\"https:\\\/\\\/mokos.hu\\\/#\\\/schema\\\/logo\\\/image\\\/\",\"url\":\"https:\\\/\\\/mokos.hu\\\/wp-content\\\/uploads\\\/2018\\\/11\\\/cropped-Mokos_Villanyi-Borvidek-Palkonya-1.png\",\"contentUrl\":\"https:\\\/\\\/mokos.hu\\\/wp-content\\\/uploads\\\/2018\\\/11\\\/cropped-Mokos_Villanyi-Borvidek-Palkonya-1.png\",\"width\":1000,\"height\":245,\"caption\":\"MOKOS\"},\"image\":{\"@id\":\"https:\\\/\\\/mokos.hu\\\/#\\\/schema\\\/logo\\\/image\\\/\"}}]}<\/script>\n<!-- \/ Yoast SEO plugin. -->","yoast_head_json":{"title":"Mokos Wine Kitchen Weinpaket - Geschenk mit Dropstop!","description":"Ein verg\u00fcnstigtes Weihnachtsweinpaket mit Mokos-Weinen zu Ihrem Festtagsmen\u00fc! | Vill\u00e1ny Rotwein | Obstwein | EXTRA ANGEBOT","robots":{"index":"index","follow":"follow","max-snippet":"max-snippet:-1","max-image-preview":"max-image-preview:large","max-video-preview":"max-video-preview:-1"},"canonical":"https:\/\/mokos.hu\/de\/produkt\/mokos-weinkeller-weinpaket\/","og_locale":"de_DE","og_type":"article","og_title":"Mokos Borkonyha Borcsomag - Aj\u00e1nd\u00e9k Dropstoppal!","og_description":"Kedvezm\u00e9nyes kar\u00e1csonyi borcsomag Mokos borokb\u00f3l az \u00fcnnepi men\u00fc mell\u00e9! | Vill\u00e1nyi V\u00f6r\u00f6sbor | Gy\u00fcm\u00f6lcsbor | EXTRA AJ\u00c1ND\u00c9K","og_url":"https:\/\/mokos.hu\/de\/produkt\/mokos-weinkeller-weinpaket\/","og_site_name":"MOKOS","article_modified_time":"2021-11-09T11:12:34+00:00","og_image":[{"width":1080,"height":1080,"url":"https:\/\/mokos.hu\/wp-content\/uploads\/2020\/12\/MOKOS_Karacsonyi_Borcsomagok_2020_negyzet_Mokos_borkonyha-1.jpg","type":"image\/jpeg"}],"twitter_card":"summary_large_image","twitter_misc":{"Gesch\u00e4tzte Lesezeit":"1\u00a0Minute"},"schema":{"@context":"https:\/\/schema.org","@graph":[{"@type":"WebPage","@id":"https:\/\/mokos.hu\/termek\/mokos-borkonyha-borcsomag\/","url":"https:\/\/mokos.hu\/termek\/mokos-borkonyha-borcsomag\/","name":"Mokos Wine Kitchen Weinpaket - Geschenk mit Dropstop!","isPartOf":{"@id":"https:\/\/mokos.hu\/#website"},"primaryImageOfPage":{"@id":"https:\/\/mokos.hu\/termek\/mokos-borkonyha-borcsomag\/#primaryimage"},"image":{"@id":"https:\/\/mokos.hu\/termek\/mokos-borkonyha-borcsomag\/#primaryimage"},"thumbnailUrl":"https:\/\/mokos.hu\/wp-content\/uploads\/2020\/12\/MOKOS_Karacsonyi_Borcsomagok_2020_negyzet_Mokos_borkonyha-1.jpg","datePublished":"2020-12-02T15:29:38+00:00","dateModified":"2021-11-09T11:12:34+00:00","description":"Ein verg\u00fcnstigtes Weihnachtsweinpaket mit Mokos-Weinen zu Ihrem Festtagsmen\u00fc! | Vill\u00e1ny Rotwein | Obstwein | EXTRA ANGEBOT","breadcrumb":{"@id":"https:\/\/mokos.hu\/termek\/mokos-borkonyha-borcsomag\/#breadcrumb"},"inLanguage":"de","potentialAction":[{"@type":"ReadAction","target":["https:\/\/mokos.hu\/termek\/mokos-borkonyha-borcsomag\/"]}]},{"@type":"ImageObject","inLanguage":"de","@id":"https:\/\/mokos.hu\/termek\/mokos-borkonyha-borcsomag\/#primaryimage","url":"https:\/\/mokos.hu\/wp-content\/uploads\/2020\/12\/MOKOS_Karacsonyi_Borcsomagok_2020_negyzet_Mokos_borkonyha-1.jpg","contentUrl":"https:\/\/mokos.hu\/wp-content\/uploads\/2020\/12\/MOKOS_Karacsonyi_Borcsomagok_2020_negyzet_Mokos_borkonyha-1.jpg","width":1080,"height":1080,"caption":"MOKOS_Kar\u00e1csonyi_Borcsomagok_2020_negyzet_Mokos_borkonyha"},{"@type":"BreadcrumbList","@id":"https:\/\/mokos.hu\/termek\/mokos-borkonyha-borcsomag\/#breadcrumb","itemListElement":[{"@type":"ListItem","position":1,"name":"Home","item":"https:\/\/mokos.hu\/"},{"@type":"ListItem","position":2,"name":"Term\u00e9kek","item":"https:\/\/mokos.hu\/shop\/"},{"@type":"ListItem","position":3,"name":"Mokos Borkonyha Borcsomag"}]},{"@type":"WebSite","@id":"https:\/\/mokos.hu\/#website","url":"https:\/\/mokos.hu\/","name":"MOKOS","description":"Familienweingut, Palkonya","publisher":{"@id":"https:\/\/mokos.hu\/#organization"},"potentialAction":[{"@type":"SearchAction","target":{"@type":"EntryPoint","urlTemplate":"https:\/\/mokos.hu\/?s={search_term_string}"},"query-input":{"@type":"PropertyValueSpecification","valueRequired":true,"valueName":"search_term_string"}}],"inLanguage":"de"},{"@type":"Organization","@id":"https:\/\/mokos.hu\/#organization","name":"MOKOS","url":"https:\/\/mokos.hu\/","logo":{"@type":"ImageObject","inLanguage":"de","@id":"https:\/\/mokos.hu\/#\/schema\/logo\/image\/","url":"https:\/\/mokos.hu\/wp-content\/uploads\/2018\/11\/cropped-Mokos_Villanyi-Borvidek-Palkonya-1.png","contentUrl":"https:\/\/mokos.hu\/wp-content\/uploads\/2018\/11\/cropped-Mokos_Villanyi-Borvidek-Palkonya-1.png","width":1000,"height":245,"caption":"MOKOS"},"image":{"@id":"https:\/\/mokos.hu\/#\/schema\/logo\/image\/"}}]}},"_links":{"self":[{"href":"https:\/\/mokos.hu\/de\/wp-json\/wp\/v2\/product\/10997","targetHints":{"allow":["GET"]}}],"collection":[{"href":"https:\/\/mokos.hu\/de\/wp-json\/wp\/v2\/product"}],"about":[{"href":"https:\/\/mokos.hu\/de\/wp-json\/wp\/v2\/types\/product"}],"wp:featuredmedia":[{"embeddable":true,"href":"https:\/\/mokos.hu\/de\/wp-json\/wp\/v2\/media\/11001"}],"wp:attachment":[{"href":"https:\/\/mokos.hu\/de\/wp-json\/wp\/v2\/media?parent=10997"}],"wp:term":[{"taxonomy":"product_brand","embeddable":true,"href":"https:\/\/mokos.hu\/de\/wp-json\/wp\/v2\/product_brand?post=10997"},{"taxonomy":"product_cat","embeddable":true,"href":"https:\/\/mokos.hu\/de\/wp-json\/wp\/v2\/product_cat?post=10997"},{"taxonomy":"product_tag","embeddable":true,"href":"https:\/\/mokos.hu\/de\/wp-json\/wp\/v2\/product_tag?post=10997"}],"curies":[{"name":"wp","href":"https:\/\/api.w.org\/{rel}","templated":true}]}}