{"id":10415,"date":"2020-09-10T11:42:50","date_gmt":"2020-09-10T09:42:50","guid":{"rendered":"https:\/\/mokos.hu\/?post_type=product&#038;p=10415"},"modified":"2020-10-16T06:07:28","modified_gmt":"2020-10-16T04:07:28","slug":"schwarze-johannisbeere-johannisbeerwein-pappgummiwein","status":"publish","type":"product","link":"https:\/\/mokos.hu\/de\/termek\/feketeribizlibor-ribizlibor-karton-gyumolcsbor\/","title":{"rendered":"Johannisbeere 6db"},"content":{"rendered":"<h5>MOKKA-FRUCHTWEIN MIT DEM GESCHMACK DER NATUR<\/h5>\n<p>Neben den traditionellen Rotweinen aus Vill\u00e1ny\u00a0<strong>Obstweinspezialit\u00e4ten<\/strong>\u00a0ist auch an der Herstellung von Wein beteiligt. Unser Ziel ist es, den Verbrauchern diese in Ungarn noch wenig verbreitete Weinspezialit\u00e4t n\u00e4her zu bringen. Wir halten es f\u00fcr wichtig, dass unsere Obstweine\u00a0<strong>ausschlie\u00dflich aus frischem, saftigem, im Inland erzeugtem Obst hergestellt<\/strong>\u00a0ohne Zusatz von Wasser, Farbstoffen oder Aromastoffen.<\/p>\n<p><img fetchpriority=\"high\" decoding=\"async\" class=\"wp-image-10288 size-large aligncenter\" src=\"https:\/\/mokos.hu\/wp-content\/uploads\/2020\/08\/Mokos_Pinceszet_gyumolcsos_2000x645_17-1024x330.jpg\" alt=\"Mokos_Pinceszet_villanyiborvidek_palkonya_villanyiborok_villanyiborv_gyumolcswein_feketeribizli_ribizlibor_feketeribizlibor_ribizli\" width=\"750\" height=\"242\" \/><\/p>\n<h5>DESSERTWEIN AUS SONNENGETROCKNETEN FR\u00dcCHTEN<\/h5>\n<p>Das Rohmaterial wird aus den besten Fr\u00fcchten unserer 45 Hektar gro\u00dfen Obstplantagen ausgew\u00e4hlt. Die Technologie ist der eines klassischen, aus Traubenfr\u00fcchten vergorenen Weins sehr \u00e4hnlich: Die reifen Fr\u00fcchte werden geerntet und sofort zur Verarbeitungsanlage transportiert. Die frisch gepfl\u00fcckten Fr\u00fcchte werden innerhalb von 20 Minuten nach der Ernte abgebeert, gefolgt von einer G\u00e4rung in einer sauerstofffreien Umgebung, um die frischen Aromen zu erhalten.<\/p>\n<p>Kosten Sie den Geschmack der Natur in der Flasche mit den Mokos-Fruchtweinspezialit\u00e4ten:\u00a0<a href=\"https:\/\/mokos.hu\/de\/produkt\/kirschwein-obstwein\/\">Meggybor<\/a>,\u00a0<a href=\"https:\/\/mokos.hu\/de\/produkt\/erdbeerwein-aprikosenwein-pflaumenwein\/\">Eperbor<\/a>,\u00a0<a href=\"https:\/\/mokos.hu\/de\/produkt\/schwarzer-johannisbeerwein-gummibaumwein\/\">Ribizlibor<\/a>,\u00a0<a href=\"https:\/\/mokos.hu\/de\/produkt\/malnabor-apfelwein\/\">Himbeer-Apfelwein<\/a>,\u00a0<a href=\"https:\/\/mokos.hu\/de\/produkt\/cassiswein-weingummiwein\/\">Cajibor<\/a>,\u00a0<a href=\"https:\/\/mokos.hu\/de\/produkt\/brombeerwein-gummibaumwein\/\">Brombeerwein<\/a>,\u00a0 <a href=\"https:\/\/mokos.hu\/de\/produkt\/pflaumen-apfelwein-apfelwein\/\">Silvab<\/a>,\u00a0<a href=\"https:\/\/mokos.hu\/de\/produkt\/fuszeres-apfelwein-apfelwein\/\">Almabor<\/a>\u00a0oder sogar\u00a0<a href=\"https:\/\/mokos.hu\/de\/produkt\/quittenkleie-apfelwein-apfelwein\/\">Quitte-Apfel-Birne-Hybridisierung<\/a>\u00a0Form auch!<\/p>\n<p>Die meisten unserer Obstweine sind s\u00fc\u00df, aber wenn Sie ein Fan von trockenen Weinen sind, probieren Sie\u00a0<a href=\"https:\/\/mokos.hu\/de\/produkt\/sauerkirschwein-im-barrique\/\">unsere im Barriquefass gereifte Kirschweinspezialit\u00e4t<\/a>!<\/p>","protected":false},"excerpt":{"rendered":"<h4>echter Johannisbeergeschmack in jedem Tropfen<\/h4>\n<h4><strong><em>6er-Pack JETZT 20% mit Rabatt!<\/em><\/strong><\/h4>\n<p><b>Genie\u00dfen Sie den Altweibersommer mit den Aromen der schwarzen Johannisbeere in der Flasche:<\/b> Decken Sie sich mit unserem s\u00fc\u00dfen Johannisbeerwein-Special ein, das Sie jetzt mit -20% Rabatt beim Kauf unserer 6er-Packung erhalten!<\/p>\n<p><strong>Inhalt der Packung Johannisbeerwein:<\/strong><\/p>\n<ul>\n<li>6 Flasche <a href=\"https:\/\/mokos.hu\/de\/produkt\/schwarzer-johannisbeerwein-gummibaumwein\/\">Schwarzer Johannisbeerlik\u00f6r<\/a><\/li>\n<\/ul>\n<p><strong>UNSER SONDERANGEBOT IST G\u00dcLTIG BIS ZUM 15. OKTOBER UND NUR IN UNSEREM WEBSHOP.\u00a0<\/strong><\/p>\n<p><img decoding=\"async\" class=\"wp-image-10412 size-large aligncenter\" src=\"https:\/\/mokos.hu\/wp-content\/uploads\/2020\/09\/Mokos_Gyumolcsbor_kartonajanlatok_ribizlibor_feketeribizlibor-1024x527.jpg\" alt=\"Mokos_Gyumolcswein_kartonajanlatok_ribizlibor_feketeribizlibor\" width=\"750\" height=\"386\" \/><\/p>","protected":false},"featured_media":10409,"template":"","meta":{"_acf_changed":false},"product_brand":[],"product_cat":[72],"product_tag":[125,120,118,119,153,163,164,116,124,117,123,165,166],"class_list":{"0":"post-10415","1":"product","2":"type-product","3":"status-publish","4":"has-post-thumbnail","6":"product_cat-borcsomagok","7":"product_tag-mokoselmeny","8":"product_tag-akcios-termek","9":"product_tag-borcsomag","10":"product_tag-borvalogatas","11":"product_tag-edes-bor","12":"product_tag-feketeribizli","13":"product_tag-feketeribizli-bor","14":"product_tag-gyumolcsbor","15":"product_tag-izelmeny","16":"product_tag-mokos-gyumolcsbor","17":"product_tag-mokos-pinceszet","18":"product_tag-ribizli","19":"product_tag-ribizlibor","21":"first","22":"outofstock","23":"sale","24":"featured","25":"taxable","26":"shipping-taxable","27":"purchasable","28":"product-type-simple"},"acf":[],"yoast_head":"<!-- This site is optimized with the Yoast SEO plugin v27.5 - https:\/\/yoast.com\/product\/yoast-seo-wordpress\/ -->\n<title>Ribizlibor 6db - MOKOS Gy\u00fcm\u00f6lcsbor -Most -20% kedvezm\u00e9ny!<\/title>\n<meta name=\"description\" content=\"Mokos Ribizlibor k\u00fcl\u00f6nlegess\u00e9g\u00fcnk 6 db-os kiszerel\u00e9sben jobban meg\u00e9ri: V\u00e1lassza \u00d6n is hat palackos gy\u00fcm\u00f6lcsbor csomagunkat! -20% KEDVEZM\u00c9NY\" \/>\n<meta name=\"robots\" content=\"index, follow, max-snippet:-1, max-image-preview:large, max-video-preview:-1\" \/>\n<link rel=\"canonical\" href=\"https:\/\/mokos.hu\/de\/produkt\/schwarze-johannisbeere-johannisbeerwein-pappgummiwein\/\" \/>\n<meta property=\"og:locale\" content=\"de_DE\" \/>\n<meta property=\"og:type\" content=\"article\" \/>\n<meta property=\"og:title\" content=\"Mokos Ribizlibor csomag most -20% KEDVEZM\u00c9NNYEL!\" \/>\n<meta property=\"og:description\" content=\"Mokos Ribizlibor k\u00fcl\u00f6nlegess\u00e9g\u00fcnk 6 db-os kiszerel\u00e9sben jobban meg\u00e9ri: V\u00e1lassza \u00d6n is hat palackos gy\u00fcm\u00f6lcsbor csomagunkat! -20% KEDVEZM\u00c9NY\" \/>\n<meta property=\"og:url\" content=\"https:\/\/mokos.hu\/de\/produkt\/schwarze-johannisbeere-johannisbeerwein-pappgummiwein\/\" \/>\n<meta property=\"og:site_name\" content=\"MOKOS\" \/>\n<meta property=\"article:modified_time\" content=\"2020-10-16T04:07:28+00:00\" \/>\n<meta property=\"og:image\" content=\"https:\/\/mokos.hu\/wp-content\/uploads\/2020\/09\/Mokos_Gyumolcsbor_kartonajanlatok_ribizlibor_feketeribizlibor-scaled-e1600674285734.jpg\" \/>\n\t<meta property=\"og:image:width\" content=\"1000\" \/>\n\t<meta property=\"og:image:height\" content=\"515\" \/>\n\t<meta property=\"og:image:type\" content=\"image\/jpeg\" \/>\n<meta name=\"twitter:card\" content=\"summary_large_image\" \/>\n<meta name=\"twitter:label1\" content=\"Gesch\u00e4tzte Lesezeit\" \/>\n\t<meta name=\"twitter:data1\" content=\"1\u00a0Minute\" \/>\n<script type=\"application\/ld+json\" class=\"yoast-schema-graph\">{\"@context\":\"https:\\\/\\\/schema.org\",\"@graph\":[{\"@type\":\"WebPage\",\"@id\":\"https:\\\/\\\/mokos.hu\\\/termek\\\/feketeribizlibor-ribizlibor-karton-gyumolcsbor\\\/\",\"url\":\"https:\\\/\\\/mokos.hu\\\/termek\\\/feketeribizlibor-ribizlibor-karton-gyumolcsbor\\\/\",\"name\":\"Ribizlibor 6db - MOKOS Gy\u00fcm\u00f6lcsbor -Most -20% kedvezm\u00e9ny!\",\"isPartOf\":{\"@id\":\"https:\\\/\\\/mokos.hu\\\/#website\"},\"primaryImageOfPage\":{\"@id\":\"https:\\\/\\\/mokos.hu\\\/termek\\\/feketeribizlibor-ribizlibor-karton-gyumolcsbor\\\/#primaryimage\"},\"image\":{\"@id\":\"https:\\\/\\\/mokos.hu\\\/termek\\\/feketeribizlibor-ribizlibor-karton-gyumolcsbor\\\/#primaryimage\"},\"thumbnailUrl\":\"https:\\\/\\\/mokos.hu\\\/wp-content\\\/uploads\\\/2020\\\/09\\\/Mokos_feketeribizlibor_ribizlibor_gyumolcsbor_edes_karton.png\",\"datePublished\":\"2020-09-10T09:42:50+00:00\",\"dateModified\":\"2020-10-16T04:07:28+00:00\",\"description\":\"Mokos Ribizlibor k\u00fcl\u00f6nlegess\u00e9g\u00fcnk 6 db-os kiszerel\u00e9sben jobban meg\u00e9ri: V\u00e1lassza \u00d6n is hat palackos gy\u00fcm\u00f6lcsbor csomagunkat! -20% KEDVEZM\u00c9NY\",\"breadcrumb\":{\"@id\":\"https:\\\/\\\/mokos.hu\\\/termek\\\/feketeribizlibor-ribizlibor-karton-gyumolcsbor\\\/#breadcrumb\"},\"inLanguage\":\"de\",\"potentialAction\":[{\"@type\":\"ReadAction\",\"target\":[\"https:\\\/\\\/mokos.hu\\\/termek\\\/feketeribizlibor-ribizlibor-karton-gyumolcsbor\\\/\"]}]},{\"@type\":\"ImageObject\",\"inLanguage\":\"de\",\"@id\":\"https:\\\/\\\/mokos.hu\\\/termek\\\/feketeribizlibor-ribizlibor-karton-gyumolcsbor\\\/#primaryimage\",\"url\":\"https:\\\/\\\/mokos.hu\\\/wp-content\\\/uploads\\\/2020\\\/09\\\/Mokos_feketeribizlibor_ribizlibor_gyumolcsbor_edes_karton.png\",\"contentUrl\":\"https:\\\/\\\/mokos.hu\\\/wp-content\\\/uploads\\\/2020\\\/09\\\/Mokos_feketeribizlibor_ribizlibor_gyumolcsbor_edes_karton.png\",\"width\":591,\"height\":591,\"caption\":\"Mokos_feketeribizlibor_ribizlibor_gy\u00fcm\u00f6lcsbor_\u00e9des_karton\"},{\"@type\":\"BreadcrumbList\",\"@id\":\"https:\\\/\\\/mokos.hu\\\/termek\\\/feketeribizlibor-ribizlibor-karton-gyumolcsbor\\\/#breadcrumb\",\"itemListElement\":[{\"@type\":\"ListItem\",\"position\":1,\"name\":\"Home\",\"item\":\"https:\\\/\\\/mokos.hu\\\/\"},{\"@type\":\"ListItem\",\"position\":2,\"name\":\"Term\u00e9kek\",\"item\":\"https:\\\/\\\/mokos.hu\\\/shop\\\/\"},{\"@type\":\"ListItem\",\"position\":3,\"name\":\"Ribizlibor 6db\"}]},{\"@type\":\"WebSite\",\"@id\":\"https:\\\/\\\/mokos.hu\\\/#website\",\"url\":\"https:\\\/\\\/mokos.hu\\\/\",\"name\":\"MOKOS\",\"description\":\"Csal\u00e1di Pinc\u00e9szet, Palkonya\",\"publisher\":{\"@id\":\"https:\\\/\\\/mokos.hu\\\/#organization\"},\"potentialAction\":[{\"@type\":\"SearchAction\",\"target\":{\"@type\":\"EntryPoint\",\"urlTemplate\":\"https:\\\/\\\/mokos.hu\\\/?s={search_term_string}\"},\"query-input\":{\"@type\":\"PropertyValueSpecification\",\"valueRequired\":true,\"valueName\":\"search_term_string\"}}],\"inLanguage\":\"de\"},{\"@type\":\"Organization\",\"@id\":\"https:\\\/\\\/mokos.hu\\\/#organization\",\"name\":\"MOKOS\",\"url\":\"https:\\\/\\\/mokos.hu\\\/\",\"logo\":{\"@type\":\"ImageObject\",\"inLanguage\":\"de\",\"@id\":\"https:\\\/\\\/mokos.hu\\\/#\\\/schema\\\/logo\\\/image\\\/\",\"url\":\"https:\\\/\\\/mokos.hu\\\/wp-content\\\/uploads\\\/2018\\\/11\\\/cropped-Mokos_Villanyi-Borvidek-Palkonya-1.png\",\"contentUrl\":\"https:\\\/\\\/mokos.hu\\\/wp-content\\\/uploads\\\/2018\\\/11\\\/cropped-Mokos_Villanyi-Borvidek-Palkonya-1.png\",\"width\":1000,\"height\":245,\"caption\":\"MOKOS\"},\"image\":{\"@id\":\"https:\\\/\\\/mokos.hu\\\/#\\\/schema\\\/logo\\\/image\\\/\"}}]}<\/script>\n<!-- \/ Yoast SEO plugin. -->","yoast_head_json":{"title":"Johannisbeere Wein 6pcs - MOKOS Fruit Wine -Most -20% Rabatt!","description":"Unser Mokos-Johannisbeerwein-Special im 6er-Pack ist mehr wert: W\u00e4hlen Sie unser Sechs-Flaschen-Fruchtwein-Paket! -20%-RABATT","robots":{"index":"index","follow":"follow","max-snippet":"max-snippet:-1","max-image-preview":"max-image-preview:large","max-video-preview":"max-video-preview:-1"},"canonical":"https:\/\/mokos.hu\/de\/produkt\/schwarze-johannisbeere-johannisbeerwein-pappgummiwein\/","og_locale":"de_DE","og_type":"article","og_title":"Mokos Ribizlibor csomag most -20% KEDVEZM\u00c9NNYEL!","og_description":"Mokos Ribizlibor k\u00fcl\u00f6nlegess\u00e9g\u00fcnk 6 db-os kiszerel\u00e9sben jobban meg\u00e9ri: V\u00e1lassza \u00d6n is hat palackos gy\u00fcm\u00f6lcsbor csomagunkat! -20% KEDVEZM\u00c9NY","og_url":"https:\/\/mokos.hu\/de\/produkt\/schwarze-johannisbeere-johannisbeerwein-pappgummiwein\/","og_site_name":"MOKOS","article_modified_time":"2020-10-16T04:07:28+00:00","og_image":[{"width":1000,"height":515,"url":"https:\/\/mokos.hu\/wp-content\/uploads\/2020\/09\/Mokos_Gyumolcsbor_kartonajanlatok_ribizlibor_feketeribizlibor-scaled-e1600674285734.jpg","type":"image\/jpeg"}],"twitter_card":"summary_large_image","twitter_misc":{"Gesch\u00e4tzte Lesezeit":"1\u00a0Minute"},"schema":{"@context":"https:\/\/schema.org","@graph":[{"@type":"WebPage","@id":"https:\/\/mokos.hu\/termek\/feketeribizlibor-ribizlibor-karton-gyumolcsbor\/","url":"https:\/\/mokos.hu\/termek\/feketeribizlibor-ribizlibor-karton-gyumolcsbor\/","name":"Johannisbeere Wein 6pcs - MOKOS Fruit Wine -Most -20% Rabatt!","isPartOf":{"@id":"https:\/\/mokos.hu\/#website"},"primaryImageOfPage":{"@id":"https:\/\/mokos.hu\/termek\/feketeribizlibor-ribizlibor-karton-gyumolcsbor\/#primaryimage"},"image":{"@id":"https:\/\/mokos.hu\/termek\/feketeribizlibor-ribizlibor-karton-gyumolcsbor\/#primaryimage"},"thumbnailUrl":"https:\/\/mokos.hu\/wp-content\/uploads\/2020\/09\/Mokos_feketeribizlibor_ribizlibor_gyumolcsbor_edes_karton.png","datePublished":"2020-09-10T09:42:50+00:00","dateModified":"2020-10-16T04:07:28+00:00","description":"Unser Mokos-Johannisbeerwein-Special im 6er-Pack ist mehr wert: W\u00e4hlen Sie unser Sechs-Flaschen-Fruchtwein-Paket! -20%-RABATT","breadcrumb":{"@id":"https:\/\/mokos.hu\/termek\/feketeribizlibor-ribizlibor-karton-gyumolcsbor\/#breadcrumb"},"inLanguage":"de","potentialAction":[{"@type":"ReadAction","target":["https:\/\/mokos.hu\/termek\/feketeribizlibor-ribizlibor-karton-gyumolcsbor\/"]}]},{"@type":"ImageObject","inLanguage":"de","@id":"https:\/\/mokos.hu\/termek\/feketeribizlibor-ribizlibor-karton-gyumolcsbor\/#primaryimage","url":"https:\/\/mokos.hu\/wp-content\/uploads\/2020\/09\/Mokos_feketeribizlibor_ribizlibor_gyumolcsbor_edes_karton.png","contentUrl":"https:\/\/mokos.hu\/wp-content\/uploads\/2020\/09\/Mokos_feketeribizlibor_ribizlibor_gyumolcsbor_edes_karton.png","width":591,"height":591,"caption":"Mokos_feketeribizlibor_ribizlibor_gy\u00fcm\u00f6lcsbor_\u00e9des_karton"},{"@type":"BreadcrumbList","@id":"https:\/\/mokos.hu\/termek\/feketeribizlibor-ribizlibor-karton-gyumolcsbor\/#breadcrumb","itemListElement":[{"@type":"ListItem","position":1,"name":"Home","item":"https:\/\/mokos.hu\/"},{"@type":"ListItem","position":2,"name":"Term\u00e9kek","item":"https:\/\/mokos.hu\/shop\/"},{"@type":"ListItem","position":3,"name":"Ribizlibor 6db"}]},{"@type":"WebSite","@id":"https:\/\/mokos.hu\/#website","url":"https:\/\/mokos.hu\/","name":"MOKOS","description":"Familienweingut, Palkonya","publisher":{"@id":"https:\/\/mokos.hu\/#organization"},"potentialAction":[{"@type":"SearchAction","target":{"@type":"EntryPoint","urlTemplate":"https:\/\/mokos.hu\/?s={search_term_string}"},"query-input":{"@type":"PropertyValueSpecification","valueRequired":true,"valueName":"search_term_string"}}],"inLanguage":"de"},{"@type":"Organization","@id":"https:\/\/mokos.hu\/#organization","name":"MOKOS","url":"https:\/\/mokos.hu\/","logo":{"@type":"ImageObject","inLanguage":"de","@id":"https:\/\/mokos.hu\/#\/schema\/logo\/image\/","url":"https:\/\/mokos.hu\/wp-content\/uploads\/2018\/11\/cropped-Mokos_Villanyi-Borvidek-Palkonya-1.png","contentUrl":"https:\/\/mokos.hu\/wp-content\/uploads\/2018\/11\/cropped-Mokos_Villanyi-Borvidek-Palkonya-1.png","width":1000,"height":245,"caption":"MOKOS"},"image":{"@id":"https:\/\/mokos.hu\/#\/schema\/logo\/image\/"}}]}},"_links":{"self":[{"href":"https:\/\/mokos.hu\/de\/wp-json\/wp\/v2\/product\/10415","targetHints":{"allow":["GET"]}}],"collection":[{"href":"https:\/\/mokos.hu\/de\/wp-json\/wp\/v2\/product"}],"about":[{"href":"https:\/\/mokos.hu\/de\/wp-json\/wp\/v2\/types\/product"}],"wp:featuredmedia":[{"embeddable":true,"href":"https:\/\/mokos.hu\/de\/wp-json\/wp\/v2\/media\/10409"}],"wp:attachment":[{"href":"https:\/\/mokos.hu\/de\/wp-json\/wp\/v2\/media?parent=10415"}],"wp:term":[{"taxonomy":"product_brand","embeddable":true,"href":"https:\/\/mokos.hu\/de\/wp-json\/wp\/v2\/product_brand?post=10415"},{"taxonomy":"product_cat","embeddable":true,"href":"https:\/\/mokos.hu\/de\/wp-json\/wp\/v2\/product_cat?post=10415"},{"taxonomy":"product_tag","embeddable":true,"href":"https:\/\/mokos.hu\/de\/wp-json\/wp\/v2\/product_tag?post=10415"}],"curies":[{"name":"wp","href":"https:\/\/api.w.org\/{rel}","templated":true}]}}