{"id":10113,"date":"2020-07-22T09:33:58","date_gmt":"2020-07-22T07:33:58","guid":{"rendered":"https:\/\/mokos.hu\/?post_type=product&#038;p=10113"},"modified":"2020-09-01T09:11:51","modified_gmt":"2020-09-01T07:11:51","slug":"festival-box-weinpaket-gespritete-weine-schaumwein","status":"publish","type":"product","link":"https:\/\/mokos.hu\/de\/termek\/feszt-box-borcsomag-villanyi-borok-gyumolcsbor\/","title":{"rendered":"Fest-Box Weinpaket"},"content":{"rendered":"<p>In unseren Weinbergen finden Sie die typischen<strong>\u00a0nationale und internationale Sorten<\/strong>\u00a0(Portugieser, K\u00e9kfrankos, Pinot noir, Merlot, Cabernet franc, Cabernet sauvignon). Dank der L\u00f6ss- und Rotlehmb\u00f6den, des submediterranen Klimas und der \u00fcberdurchschnittlichen Ertragsbegrenzung ist die Qualit\u00e4t der\u00a0<strong>Vill\u00e1ny classicus und Spitzenweine<\/strong>Seit 2008 produzieren wir rund 100 000 Flaschen pro Jahr.<\/p>\n<p>Neben den traditionellen Rotweinen aus Vill\u00e1ny\u00a0<strong>Obstweine<\/strong> auch an der Produktion von beteiligt ist. Jetzt <strong>mehr als ein Jahrzehnt an Erfahrung<\/strong> bei der Herstellung dieser Dessertweinspezialit\u00e4ten, deren Rohstoffe heute <strong>10 verschiedene Fr\u00fcchte<\/strong> bietet. Wir halten es f\u00fcr wichtig, dass unsere Obstweine <strong>ausschlie\u00dflich aus frischem, saftigem, im Inland erzeugtem Obst hergestellt<\/strong>\u00a0ohne Zusatz von Wasser, Farbstoffen oder Aromastoffen.<\/p>","protected":false},"excerpt":{"rendered":"<h4>Vermissen Sie das Festivalerlebnis?<\/h4>\n<h4><strong><em>jetzt bringen wir das Feeling zu Ihnen nach Hause!<\/em><\/strong><\/h4>\n<p><b>In unserer Drei-Flaschen-Weinauswahl haben wir Ihre Sommerfest-Favoriten in einem Paket zusammengestellt:<\/b> eine leichte, duftende Cuv\u00e9e \"I\", ein spritzig-fruchtiger Vill\u00e1nyi Roz\u00e9 und ein echter Favorit, der Feketeribizli Wein, warten auf Sie! F\u00fcr garantierte Stimmung verschenken wir jetzt 2 Mokos-Festgl\u00e4ser zu unserem Fest-Box-Weinpaket, damit Sie Ihre Lieblingsveranstaltungen in der n\u00e4chsten Saison unbesorgt genie\u00dfen k\u00f6nnen!<\/p>\n<p><strong>Inhalt des Fest-Box-Pakets:<\/strong><\/p>\n<ul>\n<li>1 Flasche <a href=\"https:\/\/mokos.hu\/de\/produkt\/i-cuvee-2019\/\">I Cuv\u00e9e 2019<\/a><\/li>\n<li>1 Flasche <a href=\"https:\/\/mokos.hu\/de\/produkt\/villanyiroze2019\/\">Vill\u00e1nyi Roz\u00e9 2019<\/a><\/li>\n<li>1 Flasche <a href=\"https:\/\/mokos.hu\/de\/produkt\/schwarzer-johannisbeerwein\/\">Schwarzer Johannisbeerwein<\/a><\/li>\n<li><strong>GIFT 2 St\u00fcck <a href=\"https:\/\/mokos.hu\/de\/produkt\/festliches-glas-mit-mokassins\/\">Mokos Festival Cup<\/a><\/strong><\/li>\n<\/ul>\n<p><strong>SONDERANGEBOT G\u00dcLTIG BIS 31. AUGUST UND NUR IN UNSEREM WEBSHOP!<\/strong><\/p>","protected":false},"featured_media":10106,"template":"","meta":{"_acf_changed":false},"product_brand":[],"product_cat":[72],"product_tag":[125,120,118,119,163,207,206,145,116,205,124,123,181,204,144],"class_list":{"0":"post-10113","1":"product","2":"type-product","3":"status-publish","4":"has-post-thumbnail","6":"product_cat-borcsomagok","7":"product_tag-mokoselmeny","8":"product_tag-akcios-termek","9":"product_tag-borcsomag","10":"product_tag-borvalogatas","11":"product_tag-feketeribizli","12":"product_tag-feketeribizlibor","13":"product_tag-fesztival","14":"product_tag-fesztivalpohar","15":"product_tag-gyumolcsbor","16":"product_tag-icuvee","17":"product_tag-izelmeny","18":"product_tag-mokos-pinceszet","19":"product_tag-roze","20":"product_tag-villanyi-bor","21":"product_tag-villanyi-roze","23":"first","24":"outofstock","25":"sale","26":"featured","27":"taxable","28":"shipping-taxable","29":"purchasable","30":"product-type-simple"},"acf":[],"yoast_head":"<!-- This site is optimized with the Yoast SEO plugin v27.1.1 - https:\/\/yoast.com\/product\/yoast-seo-wordpress\/ -->\n<title>Feszt-Box Borcsomag Borcsomag - MOKOS - Fesztiv\u00e1l \u00e9lm\u00e9ny egy v\u00e1logat\u00e1sban!<\/title>\n<meta name=\"description\" content=\"H\u00e1rom palackos fesztiv\u00e1l borcsomag AJ\u00c1ND\u00c9K Mokos Fesztiv\u00e1lpoharakkal! Egy Vill\u00e1nyi Roz\u00e9, egy &quot;I&quot; Cuv\u00e9e, egy Feketeribizlibor \u00e9s 2 db egyedi grafik\u00e1s repoh\u00e1r\" \/>\n<meta name=\"robots\" content=\"index, follow, max-snippet:-1, max-image-preview:large, max-video-preview:-1\" \/>\n<link rel=\"canonical\" href=\"https:\/\/mokos.hu\/de\/produkt\/festival-box-weinpaket-gespritete-weine-schaumwein\/\" \/>\n<meta property=\"og:locale\" content=\"de_DE\" \/>\n<meta property=\"og:type\" content=\"article\" \/>\n<meta property=\"og:title\" content=\"Feszt-Box Borcsomag Borcsomag - MOKOS - Fesztiv\u00e1l \u00e9lm\u00e9ny egy v\u00e1logat\u00e1sban!\" \/>\n<meta property=\"og:description\" content=\"H\u00e1rom palackos fesztiv\u00e1l borcsomag AJ\u00c1ND\u00c9K Mokos Fesztiv\u00e1lpoharakkal! Egy Vill\u00e1nyi Roz\u00e9, egy &quot;I&quot; Cuv\u00e9e, egy Feketeribizlibor \u00e9s 2 db egyedi grafik\u00e1s repoh\u00e1r\" \/>\n<meta property=\"og:url\" content=\"https:\/\/mokos.hu\/de\/produkt\/festival-box-weinpaket-gespritete-weine-schaumwein\/\" \/>\n<meta property=\"og:site_name\" content=\"MOKOS\" \/>\n<meta property=\"article:modified_time\" content=\"2020-09-01T07:11:51+00:00\" \/>\n<meta property=\"og:image\" content=\"https:\/\/mokos.hu\/wp-content\/uploads\/2020\/07\/FESZT_BOX_MOKOS-e1600678368771.png\" \/>\n\t<meta property=\"og:image:width\" content=\"500\" \/>\n\t<meta property=\"og:image:height\" content=\"500\" \/>\n\t<meta property=\"og:image:type\" content=\"image\/png\" \/>\n<meta name=\"twitter:card\" content=\"summary_large_image\" \/>\n<meta name=\"twitter:label1\" content=\"Gesch\u00e4tzte Lesezeit\" \/>\n\t<meta name=\"twitter:data1\" content=\"1\u00a0Minute\" \/>\n<script type=\"application\/ld+json\" class=\"yoast-schema-graph\">{\"@context\":\"https:\/\/schema.org\",\"@graph\":[{\"@type\":\"WebPage\",\"@id\":\"https:\/\/mokos.hu\/de\/termek\/feszt-box-borcsomag-villanyi-borok-gyumolcsbor\/\",\"url\":\"https:\/\/mokos.hu\/de\/termek\/feszt-box-borcsomag-villanyi-borok-gyumolcsbor\/\",\"name\":\"Feszt-Box Borcsomag Borcsomag - MOKOS - Fesztiv\u00e1l \u00e9lm\u00e9ny egy v\u00e1logat\u00e1sban!\",\"isPartOf\":{\"@id\":\"https:\/\/mokos.hu\/#website\"},\"primaryImageOfPage\":{\"@id\":\"https:\/\/mokos.hu\/de\/termek\/feszt-box-borcsomag-villanyi-borok-gyumolcsbor\/#primaryimage\"},\"image\":{\"@id\":\"https:\/\/mokos.hu\/de\/termek\/feszt-box-borcsomag-villanyi-borok-gyumolcsbor\/#primaryimage\"},\"thumbnailUrl\":\"https:\/\/mokos.hu\/wp-content\/uploads\/2020\/07\/FESZT_BOX_MOKOS-e1600678368771.png\",\"datePublished\":\"2020-07-22T07:33:58+00:00\",\"dateModified\":\"2020-09-01T07:11:51+00:00\",\"description\":\"H\u00e1rom palackos fesztiv\u00e1l borcsomag AJ\u00c1ND\u00c9K Mokos Fesztiv\u00e1lpoharakkal! Egy Vill\u00e1nyi Roz\u00e9, egy \\\"I\\\" Cuv\u00e9e, egy Feketeribizlibor \u00e9s 2 db egyedi grafik\u00e1s repoh\u00e1r\",\"breadcrumb\":{\"@id\":\"https:\/\/mokos.hu\/de\/termek\/feszt-box-borcsomag-villanyi-borok-gyumolcsbor\/#breadcrumb\"},\"inLanguage\":\"de\",\"potentialAction\":[{\"@type\":\"ReadAction\",\"target\":[\"https:\/\/mokos.hu\/de\/termek\/feszt-box-borcsomag-villanyi-borok-gyumolcsbor\/\"]}]},{\"@type\":\"ImageObject\",\"inLanguage\":\"de\",\"@id\":\"https:\/\/mokos.hu\/de\/termek\/feszt-box-borcsomag-villanyi-borok-gyumolcsbor\/#primaryimage\",\"url\":\"https:\/\/mokos.hu\/wp-content\/uploads\/2020\/07\/FESZT_BOX_MOKOS-e1600678368771.png\",\"contentUrl\":\"https:\/\/mokos.hu\/wp-content\/uploads\/2020\/07\/FESZT_BOX_MOKOS-e1600678368771.png\",\"width\":500,\"height\":500,\"caption\":\"feszt box roz\u00e9 icuv\u00e9e feketeribizlibor feketeribizli vill\u00e1nyi bor fesztiv\u00e1l poh\u00e1r gy\u00fcm\u00f6lcsbor mokos gy\u00fcm\u00f6lcs\"},{\"@type\":\"BreadcrumbList\",\"@id\":\"https:\/\/mokos.hu\/de\/termek\/feszt-box-borcsomag-villanyi-borok-gyumolcsbor\/#breadcrumb\",\"itemListElement\":[{\"@type\":\"ListItem\",\"position\":1,\"name\":\"Home\",\"item\":\"https:\/\/mokos.hu\/\"},{\"@type\":\"ListItem\",\"position\":2,\"name\":\"Term\u00e9kek\",\"item\":\"https:\/\/mokos.hu\/shop\/\"},{\"@type\":\"ListItem\",\"position\":3,\"name\":\"Feszt-Box Borcsomag\"}]},{\"@type\":\"WebSite\",\"@id\":\"https:\/\/mokos.hu\/#website\",\"url\":\"https:\/\/mokos.hu\/\",\"name\":\"MOKOS\",\"description\":\"Csal\u00e1di Pinc\u00e9szet, Palkonya\",\"publisher\":{\"@id\":\"https:\/\/mokos.hu\/#organization\"},\"potentialAction\":[{\"@type\":\"SearchAction\",\"target\":{\"@type\":\"EntryPoint\",\"urlTemplate\":\"https:\/\/mokos.hu\/?s={search_term_string}\"},\"query-input\":{\"@type\":\"PropertyValueSpecification\",\"valueRequired\":true,\"valueName\":\"search_term_string\"}}],\"inLanguage\":\"de\"},{\"@type\":\"Organization\",\"@id\":\"https:\/\/mokos.hu\/#organization\",\"name\":\"MOKOS\",\"url\":\"https:\/\/mokos.hu\/\",\"logo\":{\"@type\":\"ImageObject\",\"inLanguage\":\"de\",\"@id\":\"https:\/\/mokos.hu\/#\/schema\/logo\/image\/\",\"url\":\"https:\/\/mokos.hu\/wp-content\/uploads\/2018\/11\/cropped-Mokos_Villanyi-Borvidek-Palkonya-1.png\",\"contentUrl\":\"https:\/\/mokos.hu\/wp-content\/uploads\/2018\/11\/cropped-Mokos_Villanyi-Borvidek-Palkonya-1.png\",\"width\":1000,\"height\":245,\"caption\":\"MOKOS\"},\"image\":{\"@id\":\"https:\/\/mokos.hu\/#\/schema\/logo\/image\/\"}}]}<\/script>\n<!-- \/ Yoast SEO plugin. -->","yoast_head_json":{"title":"Fest-Box Weinpaket Weinpaket - MOKOS - Festspielerlebnis in Auswahl!","description":"Drei Flaschen Festival Wein Paket mit GIFT GIFT Mokos Festival Gl\u00e4ser! Ein Vill\u00e1nyi Roz\u00e9, eine \"I\" Cuv\u00e9e, ein Schwarzer Johannisbeerwein und 2 Gl\u00e4ser mit einzigartiger Grafik","robots":{"index":"index","follow":"follow","max-snippet":"max-snippet:-1","max-image-preview":"max-image-preview:large","max-video-preview":"max-video-preview:-1"},"canonical":"https:\/\/mokos.hu\/de\/produkt\/festival-box-weinpaket-gespritete-weine-schaumwein\/","og_locale":"de_DE","og_type":"article","og_title":"Feszt-Box Borcsomag Borcsomag - MOKOS - Fesztiv\u00e1l \u00e9lm\u00e9ny egy v\u00e1logat\u00e1sban!","og_description":"H\u00e1rom palackos fesztiv\u00e1l borcsomag AJ\u00c1ND\u00c9K Mokos Fesztiv\u00e1lpoharakkal! Egy Vill\u00e1nyi Roz\u00e9, egy \"I\" Cuv\u00e9e, egy Feketeribizlibor \u00e9s 2 db egyedi grafik\u00e1s repoh\u00e1r","og_url":"https:\/\/mokos.hu\/de\/produkt\/festival-box-weinpaket-gespritete-weine-schaumwein\/","og_site_name":"MOKOS","article_modified_time":"2020-09-01T07:11:51+00:00","og_image":[{"width":500,"height":500,"url":"https:\/\/mokos.hu\/wp-content\/uploads\/2020\/07\/FESZT_BOX_MOKOS-e1600678368771.png","type":"image\/png"}],"twitter_card":"summary_large_image","twitter_misc":{"Gesch\u00e4tzte Lesezeit":"1\u00a0Minute"},"schema":{"@context":"https:\/\/schema.org","@graph":[{"@type":"WebPage","@id":"https:\/\/mokos.hu\/de\/termek\/feszt-box-borcsomag-villanyi-borok-gyumolcsbor\/","url":"https:\/\/mokos.hu\/de\/termek\/feszt-box-borcsomag-villanyi-borok-gyumolcsbor\/","name":"Fest-Box Weinpaket Weinpaket - MOKOS - Festspielerlebnis in Auswahl!","isPartOf":{"@id":"https:\/\/mokos.hu\/#website"},"primaryImageOfPage":{"@id":"https:\/\/mokos.hu\/de\/termek\/feszt-box-borcsomag-villanyi-borok-gyumolcsbor\/#primaryimage"},"image":{"@id":"https:\/\/mokos.hu\/de\/termek\/feszt-box-borcsomag-villanyi-borok-gyumolcsbor\/#primaryimage"},"thumbnailUrl":"https:\/\/mokos.hu\/wp-content\/uploads\/2020\/07\/FESZT_BOX_MOKOS-e1600678368771.png","datePublished":"2020-07-22T07:33:58+00:00","dateModified":"2020-09-01T07:11:51+00:00","description":"Drei Flaschen Festival Wein Paket mit GIFT GIFT Mokos Festival Gl\u00e4ser! Ein Vill\u00e1nyi Roz\u00e9, eine \"I\" Cuv\u00e9e, ein Schwarzer Johannisbeerwein und 2 Gl\u00e4ser mit einzigartiger Grafik","breadcrumb":{"@id":"https:\/\/mokos.hu\/de\/termek\/feszt-box-borcsomag-villanyi-borok-gyumolcsbor\/#breadcrumb"},"inLanguage":"de","potentialAction":[{"@type":"ReadAction","target":["https:\/\/mokos.hu\/de\/termek\/feszt-box-borcsomag-villanyi-borok-gyumolcsbor\/"]}]},{"@type":"ImageObject","inLanguage":"de","@id":"https:\/\/mokos.hu\/de\/termek\/feszt-box-borcsomag-villanyi-borok-gyumolcsbor\/#primaryimage","url":"https:\/\/mokos.hu\/wp-content\/uploads\/2020\/07\/FESZT_BOX_MOKOS-e1600678368771.png","contentUrl":"https:\/\/mokos.hu\/wp-content\/uploads\/2020\/07\/FESZT_BOX_MOKOS-e1600678368771.png","width":500,"height":500,"caption":"feszt box roz\u00e9 icuv\u00e9e feketeribizlibor feketeribizli vill\u00e1nyi bor fesztiv\u00e1l poh\u00e1r gy\u00fcm\u00f6lcsbor mokos gy\u00fcm\u00f6lcs"},{"@type":"BreadcrumbList","@id":"https:\/\/mokos.hu\/de\/termek\/feszt-box-borcsomag-villanyi-borok-gyumolcsbor\/#breadcrumb","itemListElement":[{"@type":"ListItem","position":1,"name":"Home","item":"https:\/\/mokos.hu\/"},{"@type":"ListItem","position":2,"name":"Term\u00e9kek","item":"https:\/\/mokos.hu\/shop\/"},{"@type":"ListItem","position":3,"name":"Feszt-Box Borcsomag"}]},{"@type":"WebSite","@id":"https:\/\/mokos.hu\/#website","url":"https:\/\/mokos.hu\/","name":"MOKOS","description":"Familienweingut, Palkonya","publisher":{"@id":"https:\/\/mokos.hu\/#organization"},"potentialAction":[{"@type":"SearchAction","target":{"@type":"EntryPoint","urlTemplate":"https:\/\/mokos.hu\/?s={search_term_string}"},"query-input":{"@type":"PropertyValueSpecification","valueRequired":true,"valueName":"search_term_string"}}],"inLanguage":"de"},{"@type":"Organization","@id":"https:\/\/mokos.hu\/#organization","name":"MOKOS","url":"https:\/\/mokos.hu\/","logo":{"@type":"ImageObject","inLanguage":"de","@id":"https:\/\/mokos.hu\/#\/schema\/logo\/image\/","url":"https:\/\/mokos.hu\/wp-content\/uploads\/2018\/11\/cropped-Mokos_Villanyi-Borvidek-Palkonya-1.png","contentUrl":"https:\/\/mokos.hu\/wp-content\/uploads\/2018\/11\/cropped-Mokos_Villanyi-Borvidek-Palkonya-1.png","width":1000,"height":245,"caption":"MOKOS"},"image":{"@id":"https:\/\/mokos.hu\/#\/schema\/logo\/image\/"}}]}},"_links":{"self":[{"href":"https:\/\/mokos.hu\/de\/wp-json\/wp\/v2\/product\/10113","targetHints":{"allow":["GET"]}}],"collection":[{"href":"https:\/\/mokos.hu\/de\/wp-json\/wp\/v2\/product"}],"about":[{"href":"https:\/\/mokos.hu\/de\/wp-json\/wp\/v2\/types\/product"}],"wp:featuredmedia":[{"embeddable":true,"href":"https:\/\/mokos.hu\/de\/wp-json\/wp\/v2\/media\/10106"}],"wp:attachment":[{"href":"https:\/\/mokos.hu\/de\/wp-json\/wp\/v2\/media?parent=10113"}],"wp:term":[{"taxonomy":"product_brand","embeddable":true,"href":"https:\/\/mokos.hu\/de\/wp-json\/wp\/v2\/product_brand?post=10113"},{"taxonomy":"product_cat","embeddable":true,"href":"https:\/\/mokos.hu\/de\/wp-json\/wp\/v2\/product_cat?post=10113"},{"taxonomy":"product_tag","embeddable":true,"href":"https:\/\/mokos.hu\/de\/wp-json\/wp\/v2\/product_tag?post=10113"}],"curies":[{"name":"wp","href":"https:\/\/api.w.org\/{rel}","templated":true}]}}