{"id":8318,"date":"2019-12-04T16:11:45","date_gmt":"2019-12-04T15:11:45","guid":{"rendered":"https:\/\/mokos.hu\/?page_id=8318\/"},"modified":"2025-01-21T14:25:11","modified_gmt":"2025-01-21T12:25:11","slug":"alomeskuvo-2021","status":"publish","type":"page","link":"https:\/\/mokos.hu\/de\/alomeskuvo-2021\/","title":{"rendered":"\u00c1lomesk\u00fcv\u0151 2021"},"content":{"rendered":"<div class=\"wpb-content-wrapper\"><div class=\"vc_row wpb_row vc_row-fluid\"><div class=\"wpb_column vc_column_container vc_col-sm-12\"><div class=\"vc_column-inner\"><div class=\"wpb_wrapper\">\n\t<div class=\"wpb_text_column wpb_content_element\" >\n\t\t<div class=\"wpb_wrapper\">\n\t\t\t<h5 style=\"text-align: center;\">\u00c1lomesk\u00fcv\u0151 a mokos Pinc\u00e9szetben<\/h5>\n<p style=\"text-align: center;\"><strong>\u00a0&#8211; 2021 &#8211;<\/strong><\/p>\n<p><strong>\u00c1lmaid esk\u00fcv\u0151j\u00e9nek t\u00f6k\u00e9letes helysz\u00edn\u00e9t keresed? Mondj Igent a Mokos Pinc\u00e9szetre! <\/strong>Mag\u00e1val ragad\u00f3 k\u00f6rnyezet, egy exkluz\u00edv rendezv\u00e9nyterem, egy leny\u0171g\u00f6z\u0151 kil\u00e1t\u00e1ssal b\u00edr\u00f3 Panor\u00e1ma Borterasz, mes\u00e9s dekor\u00e1ci\u00f3s megold\u00e1sok, \u00edzletes fog\u00e1sok, melyek mell\u00e9 vill\u00e1nyi borok vagy gy\u00fcm\u00f6lcsbor k\u00fcl\u00f6nlegess\u00e9gek t\u00e1rsulnak, \u00e9s egy \u00f6sszeszokott profi csapat, akik garant\u00e1lj\u00e1k sz\u00e1motokra, hogy \u00e9letetek Nagy Napj\u00e1nak minden pillanata felejthetetlen, \u00e9letre sz\u00f3l\u00f3 \u00e9lm\u00e9ny legyen! Ne habozz, foglald le m\u00e1r most a kit\u0171z\u00f6tt id\u0151pontot!<\/p>\n<p>K\u00e9rd aj\u00e1nlatunkat m\u00e9g ma a 2021-es \u00e9vre \u00e9s t\u00fcntesd fel a k\u00e9pen l\u00e1that\u00f3 kuponk\u00f3dot a megjegyz\u00e9s rovatban, mi pedig <strong>megaj\u00e1nd\u00e9kozunk Titeket<\/strong>! Foglalj most a 2021-es \u00e9vre \u00e9s mi aj\u00e1nd\u00e9kba adjuk sz\u00e1motokra a <strong>n\u00e1szn\u00e9pnek sz\u00e1nt welcome drink<\/strong>et vagy a <strong>szertart\u00e1st k\u00f6vet\u0151 koccint\u00e1shoz sz\u00fcks\u00e9ges pezsg\u0151<\/strong>t!<\/p>\n<p><strong>EXTRA -10% KEDVEZM\u00c9NY!<\/strong><\/p>\n<p>A j\u00f3 h\u00edrek itt nem \u00e9rtek v\u00e9get! \u00c1lmodj\u00e1tok meg a Nagy Nap st\u00edlus\u00e1t \u00e9s engedj\u00e9tek meg nek\u00fcnk, hogy val\u00f3ra v\u00e1ltsuk az elk\u00e9pzel\u00e9seiteket! K\u00e9rd a teljesk\u00f6r\u0171 d\u00edsz\u00edt\u00e9st Pinc\u00e9szet\u00fcnk szakavatott st\u00e1bj\u00e1t\u00f3l \u00e9s a <strong>dekor\u00e1ci\u00f3 v\u00e9g\u00f6sszeg\u00e9b\u0151l elenged\u00fcnk 10%-ot! <\/strong>A dekor\u00e1ci\u00f3ra vonatkoz\u00f3 kedvezm\u00e9ny aj\u00e1nlatot abban az esetben tudj\u00e1tok \u00e9rv\u00e9nyes\u00edteni, amennyiben az esk\u00fcv\u0151t\u00f6k teljesk\u00f6r\u0171 dekor\u00e1ci\u00f3j\u00e1nak elk\u00e9sz\u00edt\u00e9s\u00e9t (t\u00e9rdekor, vir\u00e1gdekor, asztald\u00edszek, \u00fcltet\u0151t\u00e1bl\u00e1k, men\u00fck\u00e1rty\u00e1k, n\u00e9vt\u00e1bl\u00e1k, szertart\u00e1s dekor\u00e1ci\u00f3) koll\u00e9g\u00e1inkra b\u00edzz\u00e1tok!<\/p>\n<p><img fetchpriority=\"high\" decoding=\"async\" class=\"size-large wp-image-5756 aligncenter\" src=\"https:\/\/mokos.hu\/wp-content\/uploads\/2017\/05\/Mokos_Pinceszet_eskuvo__4_2000x645-1024x330.jpg\" alt=\"mokos_pinceszet_alomeskuvo_eskuvohelyszin_\" width=\"750\" height=\"242\" \/><\/p>\n<p>Fenti aj\u00e1nlataink a 2021-es \u00e9vre tett foglal\u00e1sok eset\u00e9n \u00e9rv\u00e9nyes\u00edthet\u0151ek, abban az esetben, ha a foglal\u00e1s 2020. janu\u00e1r 01. \u00e9s m\u00e1jus 31. k\u00f6z\u00f6tt megt\u00f6rt\u00e9nik.<\/p>\n<h4><strong>KERESS MINKET B\u00c1TRAN AZ AL\u00c1BBI EL\u00c9RHET\u0150S\u00c9GEINKEN!<\/strong><\/h4>\n<p><strong>Mokos Vikt\u00f3ria<em><br \/>\n<\/em>Telefon: +36 70\/ 425-0334<\/strong><\/p>\n<p><strong>Menr\u00e1th Dalma<em><br \/>\n<\/em>Telefon: +36 70\/ 509-8779<\/strong><\/p>\n<p><strong>E-mail:\u00a0<a href=\"mailto:szervezes@mokos.hu\">szervezes@mokos.hu<\/a><\/strong><br \/>\n<strong>7771, Palkonya, Hegyalja \u00fat 1.<\/strong><\/p>\n\n\t\t<\/div>\n\t<\/div>\n\n\t<div  class=\"wpb_single_image wpb_content_element vc_align_center wpb_content_element\">\n\t\t\n\t\t<figure class=\"wpb_wrapper vc_figure\">\n\t\t\t<div class=\"vc_single_image-wrapper   vc_box_border_grey\"><img decoding=\"async\" width=\"1024\" height=\"612\" src=\"https:\/\/mokos.hu\/wp-content\/uploads\/2019\/12\/Mokos_Pinceszet_Alomeskuvo_Facebook_hirdetes_MP-1024x612.jpg\" class=\"vc_single_image-img attachment-large\" alt=\"Alomeskuvo_2021_eskuvohelyszin_mokos_pinceszet_villanyi_borvidek_\" title=\"Mokos_Pinceszet_Alomeskuvo_Facebook_hirdetes_MP\" srcset=\"https:\/\/mokos.hu\/wp-content\/uploads\/2019\/12\/Mokos_Pinceszet_Alomeskuvo_Facebook_hirdetes_MP-1024x612.jpg 1024w, https:\/\/mokos.hu\/wp-content\/uploads\/2019\/12\/Mokos_Pinceszet_Alomeskuvo_Facebook_hirdetes_MP-300x179.jpg 300w, https:\/\/mokos.hu\/wp-content\/uploads\/2019\/12\/Mokos_Pinceszet_Alomeskuvo_Facebook_hirdetes_MP-600x359.jpg 600w, https:\/\/mokos.hu\/wp-content\/uploads\/2019\/12\/Mokos_Pinceszet_Alomeskuvo_Facebook_hirdetes_MP-e1575469433109.jpg 1200w\" sizes=\"(max-width: 1024px) 100vw, 1024px\" \/><\/div>\n\t\t<\/figure>\n\t<\/div>\n<noscript class=\"ninja-forms-noscript-message\">\n\tHinweis: F\u00fcr diesen Inhalt ist JavaScript erforderlich.<\/noscript>\nKeine Felder gefunden.<div id=\"nf-form-32-cont\" class=\"nf-form-cont\" aria-live=\"polite\" aria-labelledby=\"nf-form-title-32\" aria-describedby=\"nf-form-errors-32\" role=\"form\">\n\n    <div class=\"nf-loading-spinner\"><\/div>\n\n<\/div>\n        <!-- That data is being printed as a workaround to page builders reordering the order of the scripts loaded-->\n        <script>var formDisplay=1;var nfForms=nfForms||[];var form=[];form.id='32';form.settings={\"ninjaForms\":\"Ninja Forms\",\"changeEmailErrorMsg\":\"Bitte gib eine g\\u00fcltige E-Mail-Adresse ein.\",\"changeDateErrorMsg\":\"Bitte gib ein g\\u00fcltiges Datum ein!\",\"confirmFieldErrorMsg\":\"Diese Felder m\\u00fcssen \\u00fcbereinstimmen!\",\"fieldNumberNumMinError\":\"Die eingegebene Zahl ist zu klein.\",\"fieldNumberNumMaxError\":\"Die eingegebene Zahl ist zu gross.\",\"fieldNumberIncrementBy\":\"Bitte erh\\u00f6hen in Schritten von\",\"fieldTextareaRTEInsertLink\":\"Link einf\\u00fcgen\",\"fieldTextareaRTEInsertMedia\":\"Medien einf\\u00fcgen\",\"fieldTextareaRTESelectAFile\":\"Eine Datei ausw\\u00e4hlen\",\"formErrorsCorrectErrors\":\"Bitte korrigiere die Fehler, bevor du das Formular sendest.\",\"formHoneypot\":\"Falls du ein Mensch bist und dieses Feld siehst, dann lasse es bitte leer.\",\"validateRequiredField\":\"Dies ist ein Pflichtfeld.\",\"honeypotHoneypotError\":\"Honeypot-Fehler\",\"fileUploadOldCodeFileUploadInProgress\":\"Datei-Upload l\\u00e4uft.\",\"fileUploadOldCodeFileUpload\":\"DATEI-UPLOAD\",\"currencySymbol\":\"Ft\",\"fieldsMarkedRequired\":\"Felder mit einem <span class=\\\"ninja-forms-req-symbol\\\">*<\\\/span> sind Pflichtfelder\",\"thousands_sep\":\".\",\"decimal_point\":\",\",\"siteLocale\":\"de_DE\",\"dateFormat\":\"Y. m. d.\",\"startOfWeek\":\"1\",\"of\":\"von\",\"previousMonth\":\"Vorheriger Monat\",\"nextMonth\":\"N\\u00e4chster Monat\",\"months\":[\"Januar\",\"Februar\",\"M\\u00e4rz\",\"April\",\"Mai\",\"Juni\",\"Juli\",\"August\",\"September\",\"Oktober\",\"November\",\"Dezember\"],\"monthsShort\":[\"Jan.\",\"Feb.\",\"M\\u00e4rz\",\"Apr.\",\"Mai\",\"Juni\",\"Juli\",\"Aug\",\"Sep.\",\"Okt.\",\"Nov.\",\"Dez.\"],\"weekdays\":[\"Sonntag\",\"Montag\",\"Dienstag\",\"Mittwoch\",\"Donnerstag\",\"Freitag\",\"Samstag\"],\"weekdaysShort\":[\"So.\",\"Mo.\",\"Di.\",\"Mi.\",\"Do.\",\"Fr.\",\"Sa.\"],\"weekdaysMin\":[\"So.\",\"Mo.\",\"Di.\",\"Mi.\",\"Do.\",\"Fr.\",\"Sa.\"],\"recaptchaConsentMissing\":\"reCaptcha validation couldn&#039;t load.\",\"recaptchaMissingCookie\":\"reCaptcha v3 validation couldn&#039;t load the cookie needed to submit the form.\",\"recaptchaConsentEvent\":\"Accept reCaptcha cookies before sending the form.\",\"embed_form\":\"\",\"currency_symbol\":\"\",\"title\":\"\",\"beforeForm\":\"\",\"beforeFields\":\"\",\"afterFields\":\"\",\"afterForm\":\"\"};form.fields=[];nfForms.push(form);<\/script>\n        <div class=\"vc_empty_space\"   style=\"height: 32px\"><span class=\"vc_empty_space_inner\"><\/span><\/div><div class=\"vc_row wpb_row vc_inner vc_row-fluid\"><div class=\"wpb_column vc_column_container vc_col-sm-4\"><div class=\"vc_column-inner\"><div class=\"wpb_wrapper\">\n\t<div class=\"wpb_text_column wpb_content_element vc_custom_1575621632435\" >\n\t\t<div class=\"wpb_wrapper\">\n\t\t\t<p style=\"text-align: center;\"><span style=\"color: #ffffff;\"><a style=\"color: #ffffff;\" href=\"https:\/\/mokos.hu\/dekoracio\/\">Tov\u00e1bb a dekor\u00e1ci\u00f3khoz!<\/a><\/span><\/p>\n\n\t\t<\/div>\n\t<\/div>\n<\/div><\/div><\/div><div class=\"wpb_column vc_column_container vc_col-sm-4\"><div class=\"vc_column-inner\"><div class=\"wpb_wrapper\">\n\t<div class=\"wpb_text_column wpb_content_element vc_custom_1575621559578\" >\n\t\t<div class=\"wpb_wrapper\">\n\t\t\t<p style=\"text-align: center;\"><a href=\"https:\/\/mokos.hu\/eskuvo-hasznos-tippek\/\"><span style=\"color: #ffffff;\">Tov\u00e1bb az esk\u00fcv\u0151i tippekhez!<\/span><\/a><\/p>\n\n\t\t<\/div>\n\t<\/div>\n<\/div><\/div><\/div><div class=\"wpb_column vc_column_container vc_col-sm-4\"><div class=\"vc_column-inner\"><div class=\"wpb_wrapper\">\n\t<div class=\"wpb_text_column wpb_content_element vc_custom_1575621734805\" >\n\t\t<div class=\"wpb_wrapper\">\n\t\t\t<p style=\"text-align: center;\"><a href=\"https:\/\/mokos.hu\/galeria\/eskuvo\/\"><span style=\"color: #ffffff;\">Tov\u00e1bb a k\u00e9pgal\u00e9ri\u00e1hoz!<\/span><\/a><\/p>\n\n\t\t<\/div>\n\t<\/div>\n<\/div><\/div><\/div><\/div><\/div><\/div><\/div><\/div>\n<\/div>","protected":false},"excerpt":{"rendered":"\u00c1lomesk\u00fcv\u0151 a mokos Pinc\u00e9szetben \u00a0- 2021 - \u00c1lmaid esk\u00fcv\u0151j\u00e9nek t\u00f6k\u00e9letes helysz\u00edn\u00e9t keresed? Mondj Igent a Mokos Pinc\u00e9szetre! Mag\u00e1val ragad\u00f3 k\u00f6rnyezet, egy exkluz\u00edv rendezv\u00e9nyterem, egy leny\u0171g\u00f6z\u0151 kil\u00e1t\u00e1ssal b\u00edr\u00f3 Panor\u00e1ma Borterasz, mes\u00e9s&hellip;","protected":false},"author":6,"featured_media":8319,"parent":0,"menu_order":0,"comment_status":"closed","ping_status":"closed","template":"","meta":{"_acf_changed":false,"footnotes":""},"class_list":["post-8318","page","type-page","status-publish","has-post-thumbnail","hentry"],"acf":[],"yoast_head":"<!-- This site is optimized with the Yoast SEO plugin v27.1.1 - https:\/\/yoast.com\/product\/yoast-seo-wordpress\/ -->\n<title>\u00c1lomesk\u00fcv\u0151 - A t\u00f6k\u00e9letes Esk\u00fcv\u0151helysz\u00edn - MOKOS Pinc\u00e9szet<\/title>\n<meta name=\"description\" content=\"\u00c1lomesk\u00fcv\u0151? Igen! T\u00f6k\u00e9letes esk\u00fcv\u0151helysz\u00edn a Vill\u00e1nyi borvid\u00e9k \u00f6lel\u00e9s\u00e9ben: mondj Igent a Mokos Pinc\u00e9szet exkluz\u00edv helysz\u00edn\u00e9re! Extra -10% kedvezm\u00e9ny!\" \/>\n<meta name=\"robots\" content=\"index, follow, max-snippet:-1, max-image-preview:large, max-video-preview:-1\" \/>\n<link rel=\"canonical\" href=\"https:\/\/mokos.hu\/de\/alomeskuvo-2021\/\" \/>\n<meta property=\"og:locale\" content=\"de_DE\" \/>\n<meta property=\"og:type\" content=\"article\" \/>\n<meta property=\"og:title\" content=\"\u00c1lomesk\u00fcv\u0151 - A t\u00f6k\u00e9letes Esk\u00fcv\u0151helysz\u00edn - MOKOS Pinc\u00e9szet\" \/>\n<meta property=\"og:description\" content=\"\u00c1lomesk\u00fcv\u0151? Igen! T\u00f6k\u00e9letes esk\u00fcv\u0151helysz\u00edn a Vill\u00e1nyi borvid\u00e9k \u00f6lel\u00e9s\u00e9ben: mondj Igent a Mokos Pinc\u00e9szet exkluz\u00edv helysz\u00edn\u00e9re! Extra -10% kedvezm\u00e9ny!\" \/>\n<meta property=\"og:url\" content=\"https:\/\/mokos.hu\/de\/alomeskuvo-2021\/\" \/>\n<meta property=\"og:site_name\" content=\"MOKOS\" \/>\n<meta property=\"article:modified_time\" content=\"2025-01-21T12:25:11+00:00\" \/>\n<meta property=\"og:image\" content=\"https:\/\/mokos.hu\/wp-content\/uploads\/2019\/12\/Mokos_Pinceszet_Alomeskuvo_Facebook_hirdetes_MP-e1575469433109.jpg\" \/>\n\t<meta property=\"og:image:width\" content=\"1200\" \/>\n\t<meta property=\"og:image:height\" content=\"717\" \/>\n\t<meta property=\"og:image:type\" content=\"image\/jpeg\" \/>\n<meta name=\"twitter:card\" content=\"summary_large_image\" \/>\n<meta name=\"twitter:label1\" content=\"Gesch\u00e4tzte Lesezeit\" \/>\n\t<meta name=\"twitter:data1\" content=\"3\u00a0Minuten\" \/>\n<script type=\"application\/ld+json\" class=\"yoast-schema-graph\">{\"@context\":\"https:\/\/schema.org\",\"@graph\":[{\"@type\":\"WebPage\",\"@id\":\"https:\/\/mokos.hu\/alomeskuvo-2021\/\",\"url\":\"https:\/\/mokos.hu\/alomeskuvo-2021\/\",\"name\":\"\u00c1lomesk\u00fcv\u0151 - A t\u00f6k\u00e9letes Esk\u00fcv\u0151helysz\u00edn - MOKOS Pinc\u00e9szet\",\"isPartOf\":{\"@id\":\"https:\/\/mokos.hu\/#website\"},\"primaryImageOfPage\":{\"@id\":\"https:\/\/mokos.hu\/alomeskuvo-2021\/#primaryimage\"},\"image\":{\"@id\":\"https:\/\/mokos.hu\/alomeskuvo-2021\/#primaryimage\"},\"thumbnailUrl\":\"https:\/\/mokos.hu\/wp-content\/uploads\/2019\/12\/Mokos_Pinceszet_Alomeskuvo_Facebook_hirdetes_MP-e1575469433109.jpg\",\"datePublished\":\"2019-12-04T15:11:45+00:00\",\"dateModified\":\"2025-01-21T12:25:11+00:00\",\"description\":\"\u00c1lomesk\u00fcv\u0151? Igen! T\u00f6k\u00e9letes esk\u00fcv\u0151helysz\u00edn a Vill\u00e1nyi borvid\u00e9k \u00f6lel\u00e9s\u00e9ben: mondj Igent a Mokos Pinc\u00e9szet exkluz\u00edv helysz\u00edn\u00e9re! Extra -10% kedvezm\u00e9ny!\",\"breadcrumb\":{\"@id\":\"https:\/\/mokos.hu\/alomeskuvo-2021\/#breadcrumb\"},\"inLanguage\":\"de\",\"potentialAction\":[{\"@type\":\"ReadAction\",\"target\":[\"https:\/\/mokos.hu\/alomeskuvo-2021\/\"]}]},{\"@type\":\"ImageObject\",\"inLanguage\":\"de\",\"@id\":\"https:\/\/mokos.hu\/alomeskuvo-2021\/#primaryimage\",\"url\":\"https:\/\/mokos.hu\/wp-content\/uploads\/2019\/12\/Mokos_Pinceszet_Alomeskuvo_Facebook_hirdetes_MP-e1575469433109.jpg\",\"contentUrl\":\"https:\/\/mokos.hu\/wp-content\/uploads\/2019\/12\/Mokos_Pinceszet_Alomeskuvo_Facebook_hirdetes_MP-e1575469433109.jpg\",\"width\":1200,\"height\":717,\"caption\":\"Alomeskuvo_2021_eskuvohelyszin_mokos_pinceszet_villanyi_borvidek_\"},{\"@type\":\"BreadcrumbList\",\"@id\":\"https:\/\/mokos.hu\/alomeskuvo-2021\/#breadcrumb\",\"itemListElement\":[{\"@type\":\"ListItem\",\"position\":1,\"name\":\"Home\",\"item\":\"https:\/\/mokos.hu\/\"},{\"@type\":\"ListItem\",\"position\":2,\"name\":\"\u00c1lomesk\u00fcv\u0151 2021\"}]},{\"@type\":\"WebSite\",\"@id\":\"https:\/\/mokos.hu\/#website\",\"url\":\"https:\/\/mokos.hu\/\",\"name\":\"MOKOS\",\"description\":\"Csal\u00e1di Pinc\u00e9szet, Palkonya\",\"publisher\":{\"@id\":\"https:\/\/mokos.hu\/#organization\"},\"potentialAction\":[{\"@type\":\"SearchAction\",\"target\":{\"@type\":\"EntryPoint\",\"urlTemplate\":\"https:\/\/mokos.hu\/?s={search_term_string}\"},\"query-input\":{\"@type\":\"PropertyValueSpecification\",\"valueRequired\":true,\"valueName\":\"search_term_string\"}}],\"inLanguage\":\"de\"},{\"@type\":\"Organization\",\"@id\":\"https:\/\/mokos.hu\/#organization\",\"name\":\"MOKOS\",\"url\":\"https:\/\/mokos.hu\/\",\"logo\":{\"@type\":\"ImageObject\",\"inLanguage\":\"de\",\"@id\":\"https:\/\/mokos.hu\/#\/schema\/logo\/image\/\",\"url\":\"https:\/\/mokos.hu\/wp-content\/uploads\/2018\/11\/cropped-Mokos_Villanyi-Borvidek-Palkonya-1.png\",\"contentUrl\":\"https:\/\/mokos.hu\/wp-content\/uploads\/2018\/11\/cropped-Mokos_Villanyi-Borvidek-Palkonya-1.png\",\"width\":1000,\"height\":245,\"caption\":\"MOKOS\"},\"image\":{\"@id\":\"https:\/\/mokos.hu\/#\/schema\/logo\/image\/\"}}]}<\/script>\n<!-- \/ Yoast SEO plugin. -->","yoast_head_json":{"title":"\u00c1lomesk\u00fcv\u0151 - A t\u00f6k\u00e9letes Esk\u00fcv\u0151helysz\u00edn - MOKOS Pinc\u00e9szet","description":"\u00c1lomesk\u00fcv\u0151? Igen! T\u00f6k\u00e9letes esk\u00fcv\u0151helysz\u00edn a Vill\u00e1nyi borvid\u00e9k \u00f6lel\u00e9s\u00e9ben: mondj Igent a Mokos Pinc\u00e9szet exkluz\u00edv helysz\u00edn\u00e9re! Extra -10% kedvezm\u00e9ny!","robots":{"index":"index","follow":"follow","max-snippet":"max-snippet:-1","max-image-preview":"max-image-preview:large","max-video-preview":"max-video-preview:-1"},"canonical":"https:\/\/mokos.hu\/de\/alomeskuvo-2021\/","og_locale":"de_DE","og_type":"article","og_title":"\u00c1lomesk\u00fcv\u0151 - A t\u00f6k\u00e9letes Esk\u00fcv\u0151helysz\u00edn - MOKOS Pinc\u00e9szet","og_description":"\u00c1lomesk\u00fcv\u0151? Igen! T\u00f6k\u00e9letes esk\u00fcv\u0151helysz\u00edn a Vill\u00e1nyi borvid\u00e9k \u00f6lel\u00e9s\u00e9ben: mondj Igent a Mokos Pinc\u00e9szet exkluz\u00edv helysz\u00edn\u00e9re! Extra -10% kedvezm\u00e9ny!","og_url":"https:\/\/mokos.hu\/de\/alomeskuvo-2021\/","og_site_name":"MOKOS","article_modified_time":"2025-01-21T12:25:11+00:00","og_image":[{"width":1200,"height":717,"url":"https:\/\/mokos.hu\/wp-content\/uploads\/2019\/12\/Mokos_Pinceszet_Alomeskuvo_Facebook_hirdetes_MP-e1575469433109.jpg","type":"image\/jpeg"}],"twitter_card":"summary_large_image","twitter_misc":{"Gesch\u00e4tzte Lesezeit":"3\u00a0Minuten"},"schema":{"@context":"https:\/\/schema.org","@graph":[{"@type":"WebPage","@id":"https:\/\/mokos.hu\/alomeskuvo-2021\/","url":"https:\/\/mokos.hu\/alomeskuvo-2021\/","name":"\u00c1lomesk\u00fcv\u0151 - A t\u00f6k\u00e9letes Esk\u00fcv\u0151helysz\u00edn - MOKOS Pinc\u00e9szet","isPartOf":{"@id":"https:\/\/mokos.hu\/#website"},"primaryImageOfPage":{"@id":"https:\/\/mokos.hu\/alomeskuvo-2021\/#primaryimage"},"image":{"@id":"https:\/\/mokos.hu\/alomeskuvo-2021\/#primaryimage"},"thumbnailUrl":"https:\/\/mokos.hu\/wp-content\/uploads\/2019\/12\/Mokos_Pinceszet_Alomeskuvo_Facebook_hirdetes_MP-e1575469433109.jpg","datePublished":"2019-12-04T15:11:45+00:00","dateModified":"2025-01-21T12:25:11+00:00","description":"\u00c1lomesk\u00fcv\u0151? Igen! T\u00f6k\u00e9letes esk\u00fcv\u0151helysz\u00edn a Vill\u00e1nyi borvid\u00e9k \u00f6lel\u00e9s\u00e9ben: mondj Igent a Mokos Pinc\u00e9szet exkluz\u00edv helysz\u00edn\u00e9re! Extra -10% kedvezm\u00e9ny!","breadcrumb":{"@id":"https:\/\/mokos.hu\/alomeskuvo-2021\/#breadcrumb"},"inLanguage":"de","potentialAction":[{"@type":"ReadAction","target":["https:\/\/mokos.hu\/alomeskuvo-2021\/"]}]},{"@type":"ImageObject","inLanguage":"de","@id":"https:\/\/mokos.hu\/alomeskuvo-2021\/#primaryimage","url":"https:\/\/mokos.hu\/wp-content\/uploads\/2019\/12\/Mokos_Pinceszet_Alomeskuvo_Facebook_hirdetes_MP-e1575469433109.jpg","contentUrl":"https:\/\/mokos.hu\/wp-content\/uploads\/2019\/12\/Mokos_Pinceszet_Alomeskuvo_Facebook_hirdetes_MP-e1575469433109.jpg","width":1200,"height":717,"caption":"Alomeskuvo_2021_eskuvohelyszin_mokos_pinceszet_villanyi_borvidek_"},{"@type":"BreadcrumbList","@id":"https:\/\/mokos.hu\/alomeskuvo-2021\/#breadcrumb","itemListElement":[{"@type":"ListItem","position":1,"name":"Home","item":"https:\/\/mokos.hu\/"},{"@type":"ListItem","position":2,"name":"\u00c1lomesk\u00fcv\u0151 2021"}]},{"@type":"WebSite","@id":"https:\/\/mokos.hu\/#website","url":"https:\/\/mokos.hu\/","name":"MOKOS","description":"Familienweingut, Palkonya","publisher":{"@id":"https:\/\/mokos.hu\/#organization"},"potentialAction":[{"@type":"SearchAction","target":{"@type":"EntryPoint","urlTemplate":"https:\/\/mokos.hu\/?s={search_term_string}"},"query-input":{"@type":"PropertyValueSpecification","valueRequired":true,"valueName":"search_term_string"}}],"inLanguage":"de"},{"@type":"Organization","@id":"https:\/\/mokos.hu\/#organization","name":"MOKOS","url":"https:\/\/mokos.hu\/","logo":{"@type":"ImageObject","inLanguage":"de","@id":"https:\/\/mokos.hu\/#\/schema\/logo\/image\/","url":"https:\/\/mokos.hu\/wp-content\/uploads\/2018\/11\/cropped-Mokos_Villanyi-Borvidek-Palkonya-1.png","contentUrl":"https:\/\/mokos.hu\/wp-content\/uploads\/2018\/11\/cropped-Mokos_Villanyi-Borvidek-Palkonya-1.png","width":1000,"height":245,"caption":"MOKOS"},"image":{"@id":"https:\/\/mokos.hu\/#\/schema\/logo\/image\/"}}]}},"_links":{"self":[{"href":"https:\/\/mokos.hu\/de\/wp-json\/wp\/v2\/pages\/8318","targetHints":{"allow":["GET"]}}],"collection":[{"href":"https:\/\/mokos.hu\/de\/wp-json\/wp\/v2\/pages"}],"about":[{"href":"https:\/\/mokos.hu\/de\/wp-json\/wp\/v2\/types\/page"}],"author":[{"embeddable":true,"href":"https:\/\/mokos.hu\/de\/wp-json\/wp\/v2\/users\/6"}],"replies":[{"embeddable":true,"href":"https:\/\/mokos.hu\/de\/wp-json\/wp\/v2\/comments?post=8318"}],"version-history":[{"count":0,"href":"https:\/\/mokos.hu\/de\/wp-json\/wp\/v2\/pages\/8318\/revisions"}],"wp:featuredmedia":[{"embeddable":true,"href":"https:\/\/mokos.hu\/de\/wp-json\/wp\/v2\/media\/8319"}],"wp:attachment":[{"href":"https:\/\/mokos.hu\/de\/wp-json\/wp\/v2\/media?parent=8318"}],"curies":[{"name":"wp","href":"https:\/\/api.w.org\/{rel}","templated":true}]}}