{"id":7182,"date":"2019-04-10T13:41:05","date_gmt":"2019-04-10T12:41:05","guid":{"rendered":"http:\/\/dev.vinolin.hu\/?page_id=7182\/"},"modified":"2025-01-21T14:25:11","modified_gmt":"2025-01-21T12:25:11","slug":"dulofutas-palkonya-galeria","status":"publish","type":"page","link":"https:\/\/mokos.hu\/de\/galeria\/dulofutas-palkonya-galeria\/","title":{"rendered":"Palkonyai D\u0171l\u0151fut\u00e1s- gal\u00e9ria"},"content":{"rendered":"<div class=\"wpb-content-wrapper\"><div class=\"vc_row wpb_row vc_row-fluid\"><div class=\"wpb_column vc_column_container vc_col-sm-12\"><div class=\"vc_column-inner\"><div class=\"wpb_wrapper\">\n\t<div  class=\"wpb_single_image wpb_content_element vc_align_center wpb_content_element\">\n\t\t\n\t\t<figure class=\"wpb_wrapper vc_figure\">\n\t\t\t<div class=\"vc_single_image-wrapper   vc_box_border_grey\"><img fetchpriority=\"high\" decoding=\"async\" width=\"1024\" height=\"330\" src=\"https:\/\/mokos.hu\/wp-content\/uploads\/2019\/02\/Mokos_Pinceszet_szoloultetveny_X_2000x645-1024x330.jpg\" class=\"vc_single_image-img attachment-large\" alt=\"\" title=\"Mokos_Pinceszet_szoloultetveny_4_2000x645\" srcset=\"https:\/\/mokos.hu\/wp-content\/uploads\/2019\/02\/Mokos_Pinceszet_szoloultetveny_X_2000x645-1024x330.jpg 1024w, https:\/\/mokos.hu\/wp-content\/uploads\/2019\/02\/Mokos_Pinceszet_szoloultetveny_X_2000x645-300x97.jpg 300w, https:\/\/mokos.hu\/wp-content\/uploads\/2019\/02\/Mokos_Pinceszet_szoloultetveny_X_2000x645-600x194.jpg 600w, https:\/\/mokos.hu\/wp-content\/uploads\/2019\/02\/Mokos_Pinceszet_szoloultetveny_X_2000x645-e1600694544329.jpg 1200w\" sizes=\"(max-width: 1024px) 100vw, 1024px\" \/><\/div>\n\t\t<\/figure>\n\t<\/div>\n\n\t<div class=\"wpb_text_column wpb_content_element\" >\n\t\t<div class=\"wpb_wrapper\">\n\t\t\t<h3 style=\"text-align: center;\">Palkonyai D\u0171l\u0151fut\u00e1s<\/h3>\n\n\t\t<\/div>\n\t<\/div>\n<div class=\"vc_empty_space\"   style=\"height: 32px\"><span class=\"vc_empty_space_inner\"><\/span><\/div><div class=\"wpb_gallery wpb_content_element vc_clearfix wpb_content_element\" ><div class=\"wpb_wrapper\"><div class=\"wpb_gallery_slides wpb_flexslider flexslider_fade flexslider\" data-interval=\"3\" data-flex_fx=\"fade\"><ul class=\"slides\"><li><a class=\"\" href=\"https:\/\/mokos.hu\/wp-content\/uploads\/2019\/04\/Mokos_Pinceszet_Dulofutas_galeria_0.jpg\" data-lightbox=\"lightbox[rel-7182-819019131]\"><img decoding=\"async\" width=\"250\" height=\"250\" src=\"https:\/\/mokos.hu\/wp-content\/uploads\/2019\/04\/Mokos_Pinceszet_Dulofutas_galeria_0-250x250.jpg\" class=\"attachment-thumbnail\" alt=\"\" title=\"Mokos_Pinceszet_Dulofutas_galeria_0\" srcset=\"https:\/\/mokos.hu\/wp-content\/uploads\/2019\/04\/Mokos_Pinceszet_Dulofutas_galeria_0-250x250.jpg 250w, https:\/\/mokos.hu\/wp-content\/uploads\/2019\/04\/Mokos_Pinceszet_Dulofutas_galeria_0-150x150.jpg 150w, https:\/\/mokos.hu\/wp-content\/uploads\/2019\/04\/Mokos_Pinceszet_Dulofutas_galeria_0-400x400.jpg 400w, https:\/\/mokos.hu\/wp-content\/uploads\/2019\/04\/Mokos_Pinceszet_Dulofutas_galeria_0-100x100.jpg 100w\" sizes=\"(max-width: 250px) 100vw, 250px\" \/><\/a><\/li><li><a class=\"\" href=\"https:\/\/mokos.hu\/wp-content\/uploads\/2019\/04\/Mokos_Pinceszet_Dulofutas_galeria_6.jpg\" data-lightbox=\"lightbox[rel-7182-819019131]\"><img decoding=\"async\" width=\"250\" height=\"250\" src=\"https:\/\/mokos.hu\/wp-content\/uploads\/2019\/04\/Mokos_Pinceszet_Dulofutas_galeria_6-250x250.jpg\" class=\"attachment-thumbnail\" alt=\"\" title=\"Mokos_Pinceszet_Dulofutas_galeria_6\" srcset=\"https:\/\/mokos.hu\/wp-content\/uploads\/2019\/04\/Mokos_Pinceszet_Dulofutas_galeria_6-250x250.jpg 250w, https:\/\/mokos.hu\/wp-content\/uploads\/2019\/04\/Mokos_Pinceszet_Dulofutas_galeria_6-150x150.jpg 150w, https:\/\/mokos.hu\/wp-content\/uploads\/2019\/04\/Mokos_Pinceszet_Dulofutas_galeria_6-400x400.jpg 400w, https:\/\/mokos.hu\/wp-content\/uploads\/2019\/04\/Mokos_Pinceszet_Dulofutas_galeria_6-100x100.jpg 100w\" sizes=\"(max-width: 250px) 100vw, 250px\" \/><\/a><\/li><li><a class=\"\" href=\"https:\/\/mokos.hu\/wp-content\/uploads\/2019\/04\/Mokos_Pinceszet_Dulofutas_galeria_4.jpg\" data-lightbox=\"lightbox[rel-7182-819019131]\"><img loading=\"lazy\" decoding=\"async\" width=\"250\" height=\"250\" src=\"https:\/\/mokos.hu\/wp-content\/uploads\/2019\/04\/Mokos_Pinceszet_Dulofutas_galeria_4-250x250.jpg\" class=\"attachment-thumbnail\" alt=\"\" title=\"Mokos_Pinceszet_Dulofutas_galeria_4\" srcset=\"https:\/\/mokos.hu\/wp-content\/uploads\/2019\/04\/Mokos_Pinceszet_Dulofutas_galeria_4-250x250.jpg 250w, https:\/\/mokos.hu\/wp-content\/uploads\/2019\/04\/Mokos_Pinceszet_Dulofutas_galeria_4-150x150.jpg 150w, https:\/\/mokos.hu\/wp-content\/uploads\/2019\/04\/Mokos_Pinceszet_Dulofutas_galeria_4-400x400.jpg 400w, https:\/\/mokos.hu\/wp-content\/uploads\/2019\/04\/Mokos_Pinceszet_Dulofutas_galeria_4-100x100.jpg 100w\" sizes=\"(max-width: 250px) 100vw, 250px\" \/><\/a><\/li><li><a class=\"\" href=\"https:\/\/mokos.hu\/wp-content\/uploads\/2019\/04\/Mokos_Pinceszet_Dulofutas_galeria_3.jpg\" data-lightbox=\"lightbox[rel-7182-819019131]\"><img loading=\"lazy\" decoding=\"async\" width=\"250\" height=\"250\" src=\"https:\/\/mokos.hu\/wp-content\/uploads\/2019\/04\/Mokos_Pinceszet_Dulofutas_galeria_3-250x250.jpg\" class=\"attachment-thumbnail\" alt=\"\" title=\"Mokos_Pinceszet_Dulofutas_galeria_3\" srcset=\"https:\/\/mokos.hu\/wp-content\/uploads\/2019\/04\/Mokos_Pinceszet_Dulofutas_galeria_3-250x250.jpg 250w, https:\/\/mokos.hu\/wp-content\/uploads\/2019\/04\/Mokos_Pinceszet_Dulofutas_galeria_3-150x150.jpg 150w, https:\/\/mokos.hu\/wp-content\/uploads\/2019\/04\/Mokos_Pinceszet_Dulofutas_galeria_3-400x400.jpg 400w, https:\/\/mokos.hu\/wp-content\/uploads\/2019\/04\/Mokos_Pinceszet_Dulofutas_galeria_3-100x100.jpg 100w\" sizes=\"(max-width: 250px) 100vw, 250px\" \/><\/a><\/li><li><a class=\"\" href=\"https:\/\/mokos.hu\/wp-content\/uploads\/2019\/04\/Mokos_Pinceszet_Dulofutas_galeria_1.jpg\" data-lightbox=\"lightbox[rel-7182-819019131]\"><img loading=\"lazy\" decoding=\"async\" width=\"250\" height=\"250\" src=\"https:\/\/mokos.hu\/wp-content\/uploads\/2019\/04\/Mokos_Pinceszet_Dulofutas_galeria_1-250x250.jpg\" class=\"attachment-thumbnail\" alt=\"\" title=\"Mokos_Pinceszet_Dulofutas_galeria_1\" srcset=\"https:\/\/mokos.hu\/wp-content\/uploads\/2019\/04\/Mokos_Pinceszet_Dulofutas_galeria_1-250x250.jpg 250w, https:\/\/mokos.hu\/wp-content\/uploads\/2019\/04\/Mokos_Pinceszet_Dulofutas_galeria_1-150x150.jpg 150w, https:\/\/mokos.hu\/wp-content\/uploads\/2019\/04\/Mokos_Pinceszet_Dulofutas_galeria_1-400x400.jpg 400w, https:\/\/mokos.hu\/wp-content\/uploads\/2019\/04\/Mokos_Pinceszet_Dulofutas_galeria_1-100x100.jpg 100w\" sizes=\"(max-width: 250px) 100vw, 250px\" \/><\/a><\/li><li><a class=\"\" href=\"https:\/\/mokos.hu\/wp-content\/uploads\/2019\/04\/Mokos_Pinceszet_Dulofutas_galeria_5.jpg\" data-lightbox=\"lightbox[rel-7182-819019131]\"><img loading=\"lazy\" decoding=\"async\" width=\"250\" height=\"250\" src=\"https:\/\/mokos.hu\/wp-content\/uploads\/2019\/04\/Mokos_Pinceszet_Dulofutas_galeria_5-250x250.jpg\" class=\"attachment-thumbnail\" alt=\"\" title=\"Mokos_Pinceszet_Dulofutas_galeria_5\" srcset=\"https:\/\/mokos.hu\/wp-content\/uploads\/2019\/04\/Mokos_Pinceszet_Dulofutas_galeria_5-250x250.jpg 250w, https:\/\/mokos.hu\/wp-content\/uploads\/2019\/04\/Mokos_Pinceszet_Dulofutas_galeria_5-150x150.jpg 150w, https:\/\/mokos.hu\/wp-content\/uploads\/2019\/04\/Mokos_Pinceszet_Dulofutas_galeria_5-400x400.jpg 400w, https:\/\/mokos.hu\/wp-content\/uploads\/2019\/04\/Mokos_Pinceszet_Dulofutas_galeria_5-100x100.jpg 100w\" sizes=\"(max-width: 250px) 100vw, 250px\" \/><\/a><\/li><li><a class=\"\" href=\"https:\/\/mokos.hu\/wp-content\/uploads\/2019\/04\/Mokos_Pinceszet_Dulofutas_galeria_2.jpg\" data-lightbox=\"lightbox[rel-7182-819019131]\"><img loading=\"lazy\" decoding=\"async\" width=\"250\" height=\"250\" src=\"https:\/\/mokos.hu\/wp-content\/uploads\/2019\/04\/Mokos_Pinceszet_Dulofutas_galeria_2-250x250.jpg\" class=\"attachment-thumbnail\" alt=\"\" title=\"Mokos_Pinceszet_Dulofutas_galeria_2\" srcset=\"https:\/\/mokos.hu\/wp-content\/uploads\/2019\/04\/Mokos_Pinceszet_Dulofutas_galeria_2-250x250.jpg 250w, https:\/\/mokos.hu\/wp-content\/uploads\/2019\/04\/Mokos_Pinceszet_Dulofutas_galeria_2-150x150.jpg 150w, https:\/\/mokos.hu\/wp-content\/uploads\/2019\/04\/Mokos_Pinceszet_Dulofutas_galeria_2-400x400.jpg 400w, https:\/\/mokos.hu\/wp-content\/uploads\/2019\/04\/Mokos_Pinceszet_Dulofutas_galeria_2-100x100.jpg 100w\" sizes=\"(max-width: 250px) 100vw, 250px\" \/><\/a><\/li><li><a class=\"\" href=\"https:\/\/mokos.hu\/wp-content\/uploads\/2019\/04\/Mokos_Pinceszet_Dulofutas_galeria_8.jpg\" data-lightbox=\"lightbox[rel-7182-819019131]\"><img loading=\"lazy\" decoding=\"async\" width=\"250\" height=\"250\" src=\"https:\/\/mokos.hu\/wp-content\/uploads\/2019\/04\/Mokos_Pinceszet_Dulofutas_galeria_8-250x250.jpg\" class=\"attachment-thumbnail\" alt=\"\" title=\"Mokos_Pinceszet_Dulofutas_galeria_8\" srcset=\"https:\/\/mokos.hu\/wp-content\/uploads\/2019\/04\/Mokos_Pinceszet_Dulofutas_galeria_8-250x250.jpg 250w, https:\/\/mokos.hu\/wp-content\/uploads\/2019\/04\/Mokos_Pinceszet_Dulofutas_galeria_8-150x150.jpg 150w, https:\/\/mokos.hu\/wp-content\/uploads\/2019\/04\/Mokos_Pinceszet_Dulofutas_galeria_8-400x400.jpg 400w, https:\/\/mokos.hu\/wp-content\/uploads\/2019\/04\/Mokos_Pinceszet_Dulofutas_galeria_8-100x100.jpg 100w\" sizes=\"(max-width: 250px) 100vw, 250px\" \/><\/a><\/li><li><a class=\"\" href=\"https:\/\/mokos.hu\/wp-content\/uploads\/2019\/04\/Mokos_Pinceszet_Dulofutas_galeria_7.jpg\" data-lightbox=\"lightbox[rel-7182-819019131]\"><img loading=\"lazy\" decoding=\"async\" width=\"250\" height=\"250\" src=\"https:\/\/mokos.hu\/wp-content\/uploads\/2019\/04\/Mokos_Pinceszet_Dulofutas_galeria_7-250x250.jpg\" class=\"attachment-thumbnail\" alt=\"\" title=\"Mokos_Pinceszet_Dulofutas_galeria_7\" srcset=\"https:\/\/mokos.hu\/wp-content\/uploads\/2019\/04\/Mokos_Pinceszet_Dulofutas_galeria_7-250x250.jpg 250w, https:\/\/mokos.hu\/wp-content\/uploads\/2019\/04\/Mokos_Pinceszet_Dulofutas_galeria_7-150x150.jpg 150w, https:\/\/mokos.hu\/wp-content\/uploads\/2019\/04\/Mokos_Pinceszet_Dulofutas_galeria_7-400x400.jpg 400w, https:\/\/mokos.hu\/wp-content\/uploads\/2019\/04\/Mokos_Pinceszet_Dulofutas_galeria_7-100x100.jpg 100w\" sizes=\"(max-width: 250px) 100vw, 250px\" \/><\/a><\/li><li><a class=\"\" href=\"https:\/\/mokos.hu\/wp-content\/uploads\/2019\/04\/Mokos_Pinceszet_Dulofutas_galeria_9.jpg\" data-lightbox=\"lightbox[rel-7182-819019131]\"><img loading=\"lazy\" decoding=\"async\" width=\"250\" height=\"250\" src=\"https:\/\/mokos.hu\/wp-content\/uploads\/2019\/04\/Mokos_Pinceszet_Dulofutas_galeria_9-250x250.jpg\" class=\"attachment-thumbnail\" alt=\"\" title=\"Mokos_Pinceszet_Dulofutas_galeria_9\" srcset=\"https:\/\/mokos.hu\/wp-content\/uploads\/2019\/04\/Mokos_Pinceszet_Dulofutas_galeria_9-250x250.jpg 250w, https:\/\/mokos.hu\/wp-content\/uploads\/2019\/04\/Mokos_Pinceszet_Dulofutas_galeria_9-150x150.jpg 150w, https:\/\/mokos.hu\/wp-content\/uploads\/2019\/04\/Mokos_Pinceszet_Dulofutas_galeria_9-400x400.jpg 400w, https:\/\/mokos.hu\/wp-content\/uploads\/2019\/04\/Mokos_Pinceszet_Dulofutas_galeria_9-100x100.jpg 100w\" sizes=\"(max-width: 250px) 100vw, 250px\" \/><\/a><\/li><\/ul><\/div><\/div><\/div><\/div><\/div><\/div><\/div>\n<\/div>","protected":false},"excerpt":{"rendered":"Palkonyai D\u0171l\u0151fut\u00e1s","protected":false},"author":6,"featured_media":0,"parent":85,"menu_order":0,"comment_status":"closed","ping_status":"closed","template":"","meta":{"_acf_changed":false,"footnotes":""},"class_list":["post-7182","page","type-page","status-publish","hentry"],"acf":[],"yoast_head":"<!-- This site is optimized with the Yoast SEO plugin v27.1.1 - https:\/\/yoast.com\/product\/yoast-seo-wordpress\/ -->\n<title>Palkonyai D\u0171l\u0151fut\u00e1s- gal\u00e9ria - MOKOS<\/title>\n<meta name=\"robots\" content=\"index, follow, max-snippet:-1, max-image-preview:large, max-video-preview:-1\" \/>\n<link rel=\"canonical\" href=\"https:\/\/mokos.hu\/de\/galerie-2\/dulofutas-palkonya-galeria\/\" \/>\n<meta property=\"og:locale\" content=\"de_DE\" \/>\n<meta property=\"og:type\" content=\"article\" \/>\n<meta property=\"og:title\" content=\"Palkonyai D\u0171l\u0151fut\u00e1s- gal\u00e9ria - MOKOS\" \/>\n<meta property=\"og:url\" content=\"https:\/\/mokos.hu\/de\/galerie-2\/dulofutas-palkonya-galeria\/\" \/>\n<meta property=\"og:site_name\" content=\"MOKOS\" \/>\n<meta property=\"article:modified_time\" content=\"2025-01-21T12:25:11+00:00\" \/>\n<meta name=\"twitter:card\" content=\"summary_large_image\" \/>\n<script type=\"application\/ld+json\" class=\"yoast-schema-graph\">{\"@context\":\"https:\/\/schema.org\",\"@graph\":[{\"@type\":\"WebPage\",\"@id\":\"https:\/\/mokos.hu\/galeria\/dulofutas-palkonya-galeria\/\",\"url\":\"https:\/\/mokos.hu\/galeria\/dulofutas-palkonya-galeria\/\",\"name\":\"Palkonyai D\u0171l\u0151fut\u00e1s- gal\u00e9ria - MOKOS\",\"isPartOf\":{\"@id\":\"https:\/\/mokos.hu\/#website\"},\"datePublished\":\"2019-04-10T12:41:05+00:00\",\"dateModified\":\"2025-01-21T12:25:11+00:00\",\"breadcrumb\":{\"@id\":\"https:\/\/mokos.hu\/galeria\/dulofutas-palkonya-galeria\/#breadcrumb\"},\"inLanguage\":\"de\",\"potentialAction\":[{\"@type\":\"ReadAction\",\"target\":[\"https:\/\/mokos.hu\/galeria\/dulofutas-palkonya-galeria\/\"]}]},{\"@type\":\"BreadcrumbList\",\"@id\":\"https:\/\/mokos.hu\/galeria\/dulofutas-palkonya-galeria\/#breadcrumb\",\"itemListElement\":[{\"@type\":\"ListItem\",\"position\":1,\"name\":\"Home\",\"item\":\"https:\/\/mokos.hu\/\"},{\"@type\":\"ListItem\",\"position\":2,\"name\":\"Gal\u00e9ria\",\"item\":\"https:\/\/mokos.hu\/galeria\/\"},{\"@type\":\"ListItem\",\"position\":3,\"name\":\"Palkonyai D\u0171l\u0151fut\u00e1s- gal\u00e9ria\"}]},{\"@type\":\"WebSite\",\"@id\":\"https:\/\/mokos.hu\/#website\",\"url\":\"https:\/\/mokos.hu\/\",\"name\":\"MOKOS\",\"description\":\"Csal\u00e1di Pinc\u00e9szet, Palkonya\",\"publisher\":{\"@id\":\"https:\/\/mokos.hu\/#organization\"},\"potentialAction\":[{\"@type\":\"SearchAction\",\"target\":{\"@type\":\"EntryPoint\",\"urlTemplate\":\"https:\/\/mokos.hu\/?s={search_term_string}\"},\"query-input\":{\"@type\":\"PropertyValueSpecification\",\"valueRequired\":true,\"valueName\":\"search_term_string\"}}],\"inLanguage\":\"de\"},{\"@type\":\"Organization\",\"@id\":\"https:\/\/mokos.hu\/#organization\",\"name\":\"MOKOS\",\"url\":\"https:\/\/mokos.hu\/\",\"logo\":{\"@type\":\"ImageObject\",\"inLanguage\":\"de\",\"@id\":\"https:\/\/mokos.hu\/#\/schema\/logo\/image\/\",\"url\":\"https:\/\/mokos.hu\/wp-content\/uploads\/2018\/11\/cropped-Mokos_Villanyi-Borvidek-Palkonya-1.png\",\"contentUrl\":\"https:\/\/mokos.hu\/wp-content\/uploads\/2018\/11\/cropped-Mokos_Villanyi-Borvidek-Palkonya-1.png\",\"width\":1000,\"height\":245,\"caption\":\"MOKOS\"},\"image\":{\"@id\":\"https:\/\/mokos.hu\/#\/schema\/logo\/image\/\"}}]}<\/script>\n<!-- \/ Yoast SEO plugin. -->","yoast_head_json":{"title":"Palkonyai D\u0171l\u0151fut\u00e1s- gal\u00e9ria - MOKOS","robots":{"index":"index","follow":"follow","max-snippet":"max-snippet:-1","max-image-preview":"max-image-preview:large","max-video-preview":"max-video-preview:-1"},"canonical":"https:\/\/mokos.hu\/de\/galerie-2\/dulofutas-palkonya-galeria\/","og_locale":"de_DE","og_type":"article","og_title":"Palkonyai D\u0171l\u0151fut\u00e1s- gal\u00e9ria - MOKOS","og_url":"https:\/\/mokos.hu\/de\/galerie-2\/dulofutas-palkonya-galeria\/","og_site_name":"MOKOS","article_modified_time":"2025-01-21T12:25:11+00:00","twitter_card":"summary_large_image","schema":{"@context":"https:\/\/schema.org","@graph":[{"@type":"WebPage","@id":"https:\/\/mokos.hu\/galeria\/dulofutas-palkonya-galeria\/","url":"https:\/\/mokos.hu\/galeria\/dulofutas-palkonya-galeria\/","name":"Palkonyai D\u0171l\u0151fut\u00e1s- gal\u00e9ria - MOKOS","isPartOf":{"@id":"https:\/\/mokos.hu\/#website"},"datePublished":"2019-04-10T12:41:05+00:00","dateModified":"2025-01-21T12:25:11+00:00","breadcrumb":{"@id":"https:\/\/mokos.hu\/galeria\/dulofutas-palkonya-galeria\/#breadcrumb"},"inLanguage":"de","potentialAction":[{"@type":"ReadAction","target":["https:\/\/mokos.hu\/galeria\/dulofutas-palkonya-galeria\/"]}]},{"@type":"BreadcrumbList","@id":"https:\/\/mokos.hu\/galeria\/dulofutas-palkonya-galeria\/#breadcrumb","itemListElement":[{"@type":"ListItem","position":1,"name":"Home","item":"https:\/\/mokos.hu\/"},{"@type":"ListItem","position":2,"name":"Gal\u00e9ria","item":"https:\/\/mokos.hu\/galeria\/"},{"@type":"ListItem","position":3,"name":"Palkonyai D\u0171l\u0151fut\u00e1s- gal\u00e9ria"}]},{"@type":"WebSite","@id":"https:\/\/mokos.hu\/#website","url":"https:\/\/mokos.hu\/","name":"MOKOS","description":"Familienweingut, Palkonya","publisher":{"@id":"https:\/\/mokos.hu\/#organization"},"potentialAction":[{"@type":"SearchAction","target":{"@type":"EntryPoint","urlTemplate":"https:\/\/mokos.hu\/?s={search_term_string}"},"query-input":{"@type":"PropertyValueSpecification","valueRequired":true,"valueName":"search_term_string"}}],"inLanguage":"de"},{"@type":"Organization","@id":"https:\/\/mokos.hu\/#organization","name":"MOKOS","url":"https:\/\/mokos.hu\/","logo":{"@type":"ImageObject","inLanguage":"de","@id":"https:\/\/mokos.hu\/#\/schema\/logo\/image\/","url":"https:\/\/mokos.hu\/wp-content\/uploads\/2018\/11\/cropped-Mokos_Villanyi-Borvidek-Palkonya-1.png","contentUrl":"https:\/\/mokos.hu\/wp-content\/uploads\/2018\/11\/cropped-Mokos_Villanyi-Borvidek-Palkonya-1.png","width":1000,"height":245,"caption":"MOKOS"},"image":{"@id":"https:\/\/mokos.hu\/#\/schema\/logo\/image\/"}}]}},"_links":{"self":[{"href":"https:\/\/mokos.hu\/de\/wp-json\/wp\/v2\/pages\/7182","targetHints":{"allow":["GET"]}}],"collection":[{"href":"https:\/\/mokos.hu\/de\/wp-json\/wp\/v2\/pages"}],"about":[{"href":"https:\/\/mokos.hu\/de\/wp-json\/wp\/v2\/types\/page"}],"author":[{"embeddable":true,"href":"https:\/\/mokos.hu\/de\/wp-json\/wp\/v2\/users\/6"}],"replies":[{"embeddable":true,"href":"https:\/\/mokos.hu\/de\/wp-json\/wp\/v2\/comments?post=7182"}],"version-history":[{"count":0,"href":"https:\/\/mokos.hu\/de\/wp-json\/wp\/v2\/pages\/7182\/revisions"}],"up":[{"embeddable":true,"href":"https:\/\/mokos.hu\/de\/wp-json\/wp\/v2\/pages\/85"}],"wp:attachment":[{"href":"https:\/\/mokos.hu\/de\/wp-json\/wp\/v2\/media?parent=7182"}],"curies":[{"name":"wp","href":"https:\/\/api.w.org\/{rel}","templated":true}]}}