{"id":7043,"date":"2019-04-08T12:10:31","date_gmt":"2019-04-08T11:10:31","guid":{"rendered":"http:\/\/dev.vinolin.hu\/?page_id=7043\/"},"modified":"2025-02-20T11:04:25","modified_gmt":"2025-02-20T09:04:25","slug":"wein-dinner","status":"publish","type":"page","link":"https:\/\/mokos.hu\/de\/borvacsorak\/","title":{"rendered":"Wein-Dinner"},"content":{"rendered":"<div class=\"wpb-content-wrapper\"><div class=\"vc_row wpb_row vc_row-fluid\"><div class=\"wpb_column vc_column_container vc_col-sm-12\"><div class=\"vc_column-inner\"><div class=\"wpb_wrapper\">\n\t<div  class=\"wpb_single_image wpb_content_element vc_align_left wpb_content_element\">\n\t\t\n\t\t<figure class=\"wpb_wrapper vc_figure\">\n\t\t\t<div class=\"vc_single_image-wrapper   vc_box_border_grey\"><img fetchpriority=\"high\" decoding=\"async\" width=\"1024\" height=\"330\" src=\"https:\/\/mokos.hu\/wp-content\/uploads\/2019\/02\/Mokos_Pinceszet_rendezvenyek_2000x645-1024x330.jpg\" class=\"vc_single_image-img attachment-large\" alt=\"\" title=\"Mokos_Pinceszet_rendezvenyek_2000x645\" srcset=\"https:\/\/mokos.hu\/wp-content\/uploads\/2019\/02\/Mokos_Pinceszet_rendezvenyek_2000x645-1024x330.jpg 1024w, https:\/\/mokos.hu\/wp-content\/uploads\/2019\/02\/Mokos_Pinceszet_rendezvenyek_2000x645-300x97.jpg 300w, https:\/\/mokos.hu\/wp-content\/uploads\/2019\/02\/Mokos_Pinceszet_rendezvenyek_2000x645-600x194.jpg 600w, https:\/\/mokos.hu\/wp-content\/uploads\/2019\/02\/Mokos_Pinceszet_rendezvenyek_2000x645-e1600693793280.jpg 1200w\" sizes=\"(max-width: 1024px) 100vw, 1024px\" \/><\/div>\n\t\t<\/figure>\n\t<\/div>\n\n\t<div class=\"wpb_text_column wpb_content_element\" >\n\t\t<div class=\"wpb_wrapper\">\n\t\t\t<h3>Thematische Weindinner auf dem Weingut Mokos<\/h3>\n\n\t\t<\/div>\n\t<\/div>\n<div class=\"vc_row wpb_row vc_inner vc_row-fluid\"><div class=\"wpb_column vc_column_container vc_col-sm-6\"><div class=\"vc_column-inner\"><div class=\"wpb_wrapper\">\n\t<div class=\"wpb_text_column wpb_content_element\" >\n\t\t<div class=\"wpb_wrapper\">\n\t\t\t<h5><span style=\"color: #333333;\">Thematische Weindinner f\u00fcr Liebhaber des Geschmacks<\/span><\/h5>\n<p>Nehmen Sie teil an den gastronomischen Abenteuern des Weinguts Mokos, probieren Sie unsere Gourmetgerichte und genie\u00dfen Sie die einzigartigen Aromen unserer feurigen Rotweine und Obstweinspezialit\u00e4ten!<\/p>\n<p>W\u00e4hrend der thematischen Weindinner bereiten wir eine Reihe von G\u00e4ngen vor, die mit Vill\u00e1nyer Weinen und erstklassigen Obstweinen kombiniert werden, um ein komplexes Geschmackserlebnis zu erreichen.<\/p>\n<p>\u00a0<\/p>\n<h5>Einzelheiten zum diesj\u00e4hrigen Programm des Weindinners in K\u00fcrze!<\/h5>\n<p>In der Zwischenzeit k\u00f6nnen Sie die Welt der festlichen Aromen erkunden mit <a href=\"https:\/\/mokos.hu\/de\/mokos-weinkeller\/\">Mokos Weink\u00fcche<\/a> begleitet von unserer Online-Miniserie.<\/p>\n\n\t\t<\/div>\n\t<\/div>\n<\/div><\/div><\/div><div class=\"wpb_column vc_column_container vc_col-sm-6\"><div class=\"vc_column-inner\"><div class=\"wpb_wrapper\">\n\t<div  class=\"wpb_single_image wpb_content_element vc_align_left wpb_content_element\">\n\t\t\n\t\t<figure class=\"wpb_wrapper vc_figure\">\n\t\t\t<div class=\"vc_single_image-wrapper   vc_box_border_grey\"><img decoding=\"async\" width=\"683\" height=\"1024\" src=\"https:\/\/mokos.hu\/wp-content\/uploads\/2021\/01\/IMG_1220-683x1024.jpg\" class=\"vc_single_image-img attachment-large\" alt=\"Mokos_Pinceszet_villanyi_borvides_palkonya_gastronomie_wine_dinner_dinner_gourmet_inyenc\" title=\"Mokos_Pinceszet_villanyi_borvides_palkonya_gastronomie_wine_dinner_dinner_gourmet_inyenc\" srcset=\"https:\/\/mokos.hu\/wp-content\/uploads\/2021\/01\/IMG_1220-683x1024.jpg 683w, https:\/\/mokos.hu\/wp-content\/uploads\/2021\/01\/IMG_1220-300x450.jpg 300w, https:\/\/mokos.hu\/wp-content\/uploads\/2021\/01\/IMG_1220-600x900.jpg 600w, https:\/\/mokos.hu\/wp-content\/uploads\/2021\/01\/IMG_1220-200x300.jpg 200w, https:\/\/mokos.hu\/wp-content\/uploads\/2021\/01\/IMG_1220-1024x1536.jpg 1024w, https:\/\/mokos.hu\/wp-content\/uploads\/2021\/01\/IMG_1220-1365x2048.jpg 1365w, https:\/\/mokos.hu\/wp-content\/uploads\/2021\/01\/IMG_1220-scaled.jpg 1707w\" sizes=\"(max-width: 683px) 100vw, 683px\" \/><\/div>\n\t\t<\/figure>\n\t<\/div>\n<\/div><\/div><\/div><\/div><div class=\"vc_empty_space\"   style=\"height: 32px\"><span class=\"vc_empty_space_inner\"><\/span><\/div><div class=\"vc_separator wpb_content_element vc_separator_align_center vc_sep_width_100 vc_sep_pos_align_center vc_separator_no_text vc_sep_color_grey wpb_content_element  wpb_content_element\" ><span class=\"vc_sep_holder vc_sep_holder_l\"><span class=\"vc_sep_line\"><\/span><\/span><span class=\"vc_sep_holder vc_sep_holder_r\"><span class=\"vc_sep_line\"><\/span><\/span>\n<\/div><div class=\"vc_empty_space\"   style=\"height: 32px\"><span class=\"vc_empty_space_inner\"><\/span><\/div>\n\t<div class=\"wpb_text_column wpb_content_element\" >\n\t\t<div class=\"wpb_wrapper\">\n\t\t\t<p><em>Begleiten Sie uns auf ein Abenteuer durch die Welt der Aromen!<\/em><\/p>\n\n\t\t<\/div>\n\t<\/div>\n<\/div><\/div><\/div><\/div>\n<\/div>","protected":false},"excerpt":{"rendered":"Tematikus borvacsora estek a mokos pinc\u00e9szetben tematikus borvacsora estek az \u00edzek szerelmeseinek Legyen r\u00e9szese \u00d6n is a Mokos Pinc\u00e9szet gasztrokalandjainak, k\u00f3stoljon bele \u00ednyenc fog\u00e1sainkba \u00e9s \u00e9lvezze a mell\u00e9j\u00fck t\u00e1rs\u00edtott t\u00fczes&hellip;","protected":false},"author":6,"featured_media":8376,"parent":0,"menu_order":0,"comment_status":"closed","ping_status":"closed","template":"","meta":{"_acf_changed":false,"footnotes":""},"class_list":["post-7043","page","type-page","status-publish","has-post-thumbnail","hentry"],"acf":[],"yoast_head":"<!-- This site is optimized with the Yoast SEO plugin v27.5 - https:\/\/yoast.com\/product\/yoast-seo-wordpress\/ -->\n<title>Borvacsor\u00e1k - MOKOS Pinc\u00e9szet - Vill\u00e1nyi borvid\u00e9k - Palkonya<\/title>\n<meta name=\"description\" content=\"Borvacsora estjeink sor\u00e1n \u00ednyenc fog\u00e1sokkal, vill\u00e1nyi borok \u00e9s gy\u00fcm\u00f6lcsborok k\u00f3stol\u00f3j\u00e1val egybek\u00f6tve k\u00f3stolhat bele a borvid\u00e9ki \u00e9let\u00e9rz\u00e9sbe!\" \/>\n<meta name=\"robots\" content=\"index, follow, max-snippet:-1, max-image-preview:large, max-video-preview:-1\" \/>\n<link rel=\"canonical\" href=\"https:\/\/mokos.hu\/de\/wein-dinner\/\" \/>\n<meta property=\"og:locale\" content=\"de_DE\" \/>\n<meta property=\"og:type\" content=\"article\" \/>\n<meta property=\"og:title\" content=\"Borvacsor\u00e1k - MOKOS Pinc\u00e9szet - Vill\u00e1nyi borvid\u00e9k - Palkonya\" \/>\n<meta property=\"og:description\" content=\"Borvacsora estjeink sor\u00e1n \u00ednyenc fog\u00e1sokkal, vill\u00e1nyi borok \u00e9s gy\u00fcm\u00f6lcsborok k\u00f3stol\u00f3j\u00e1val egybek\u00f6tve k\u00f3stolhat bele a borvid\u00e9ki \u00e9let\u00e9rz\u00e9sbe!\" \/>\n<meta property=\"og:url\" content=\"https:\/\/mokos.hu\/de\/wein-dinner\/\" \/>\n<meta property=\"og:site_name\" content=\"MOKOS\" \/>\n<meta property=\"article:modified_time\" content=\"2025-02-20T09:04:25+00:00\" \/>\n<meta property=\"og:image\" content=\"https:\/\/mokos.hu\/wp-content\/uploads\/2019\/12\/mokos_bor_etel_palkonya-e1575883421294.jpg\" \/>\n\t<meta property=\"og:image:width\" content=\"1200\" \/>\n\t<meta property=\"og:image:height\" content=\"795\" \/>\n\t<meta property=\"og:image:type\" content=\"image\/jpeg\" \/>\n<meta name=\"twitter:card\" content=\"summary_large_image\" \/>\n<meta name=\"twitter:label1\" content=\"Gesch\u00e4tzte Lesezeit\" \/>\n\t<meta name=\"twitter:data1\" content=\"1\u00a0Minute\" \/>\n<script type=\"application\/ld+json\" class=\"yoast-schema-graph\">{\"@context\":\"https:\\\/\\\/schema.org\",\"@graph\":[{\"@type\":\"WebPage\",\"@id\":\"https:\\\/\\\/mokos.hu\\\/borvacsorak\\\/\",\"url\":\"https:\\\/\\\/mokos.hu\\\/borvacsorak\\\/\",\"name\":\"Borvacsor\u00e1k - MOKOS Pinc\u00e9szet - Vill\u00e1nyi borvid\u00e9k - Palkonya\",\"isPartOf\":{\"@id\":\"https:\\\/\\\/mokos.hu\\\/#website\"},\"primaryImageOfPage\":{\"@id\":\"https:\\\/\\\/mokos.hu\\\/borvacsorak\\\/#primaryimage\"},\"image\":{\"@id\":\"https:\\\/\\\/mokos.hu\\\/borvacsorak\\\/#primaryimage\"},\"thumbnailUrl\":\"https:\\\/\\\/mokos.hu\\\/wp-content\\\/uploads\\\/2019\\\/12\\\/mokos_bor_etel_palkonya-e1575883421294.jpg\",\"datePublished\":\"2019-04-08T11:10:31+00:00\",\"dateModified\":\"2025-02-20T09:04:25+00:00\",\"description\":\"Borvacsora estjeink sor\u00e1n \u00ednyenc fog\u00e1sokkal, vill\u00e1nyi borok \u00e9s gy\u00fcm\u00f6lcsborok k\u00f3stol\u00f3j\u00e1val egybek\u00f6tve k\u00f3stolhat bele a borvid\u00e9ki \u00e9let\u00e9rz\u00e9sbe!\",\"breadcrumb\":{\"@id\":\"https:\\\/\\\/mokos.hu\\\/borvacsorak\\\/#breadcrumb\"},\"inLanguage\":\"de\",\"potentialAction\":[{\"@type\":\"ReadAction\",\"target\":[\"https:\\\/\\\/mokos.hu\\\/borvacsorak\\\/\"]}]},{\"@type\":\"ImageObject\",\"inLanguage\":\"de\",\"@id\":\"https:\\\/\\\/mokos.hu\\\/borvacsorak\\\/#primaryimage\",\"url\":\"https:\\\/\\\/mokos.hu\\\/wp-content\\\/uploads\\\/2019\\\/12\\\/mokos_bor_etel_palkonya-e1575883421294.jpg\",\"contentUrl\":\"https:\\\/\\\/mokos.hu\\\/wp-content\\\/uploads\\\/2019\\\/12\\\/mokos_bor_etel_palkonya-e1575883421294.jpg\",\"width\":1200,\"height\":795,\"caption\":\"Mokos_Pinceszet_palkonya_gasztro_gyumolcsbor_kajszi_kajszibor\"},{\"@type\":\"BreadcrumbList\",\"@id\":\"https:\\\/\\\/mokos.hu\\\/borvacsorak\\\/#breadcrumb\",\"itemListElement\":[{\"@type\":\"ListItem\",\"position\":1,\"name\":\"Home\",\"item\":\"https:\\\/\\\/mokos.hu\\\/\"},{\"@type\":\"ListItem\",\"position\":2,\"name\":\"Borvacsor\u00e1k\"}]},{\"@type\":\"WebSite\",\"@id\":\"https:\\\/\\\/mokos.hu\\\/#website\",\"url\":\"https:\\\/\\\/mokos.hu\\\/\",\"name\":\"MOKOS\",\"description\":\"Csal\u00e1di Pinc\u00e9szet, Palkonya\",\"publisher\":{\"@id\":\"https:\\\/\\\/mokos.hu\\\/#organization\"},\"potentialAction\":[{\"@type\":\"SearchAction\",\"target\":{\"@type\":\"EntryPoint\",\"urlTemplate\":\"https:\\\/\\\/mokos.hu\\\/?s={search_term_string}\"},\"query-input\":{\"@type\":\"PropertyValueSpecification\",\"valueRequired\":true,\"valueName\":\"search_term_string\"}}],\"inLanguage\":\"de\"},{\"@type\":\"Organization\",\"@id\":\"https:\\\/\\\/mokos.hu\\\/#organization\",\"name\":\"MOKOS\",\"url\":\"https:\\\/\\\/mokos.hu\\\/\",\"logo\":{\"@type\":\"ImageObject\",\"inLanguage\":\"de\",\"@id\":\"https:\\\/\\\/mokos.hu\\\/#\\\/schema\\\/logo\\\/image\\\/\",\"url\":\"https:\\\/\\\/mokos.hu\\\/wp-content\\\/uploads\\\/2018\\\/11\\\/cropped-Mokos_Villanyi-Borvidek-Palkonya-1.png\",\"contentUrl\":\"https:\\\/\\\/mokos.hu\\\/wp-content\\\/uploads\\\/2018\\\/11\\\/cropped-Mokos_Villanyi-Borvidek-Palkonya-1.png\",\"width\":1000,\"height\":245,\"caption\":\"MOKOS\"},\"image\":{\"@id\":\"https:\\\/\\\/mokos.hu\\\/#\\\/schema\\\/logo\\\/image\\\/\"}}]}<\/script>\n<!-- \/ Yoast SEO plugin. -->","yoast_head_json":{"title":"Wein-Dinner - MOKOS Weinkellerei - Weinregion Vill\u00e1ny - Palkonya","description":"Bei unseren Wein-Dinner-Abenden k\u00f6nnen Sie die Lebensart des Weinlandes mit Gourmet-Gerichten, Vill\u00e1nyer Weinen und Obstweinen genie\u00dfen!","robots":{"index":"index","follow":"follow","max-snippet":"max-snippet:-1","max-image-preview":"max-image-preview:large","max-video-preview":"max-video-preview:-1"},"canonical":"https:\/\/mokos.hu\/de\/wein-dinner\/","og_locale":"de_DE","og_type":"article","og_title":"Borvacsor\u00e1k - MOKOS Pinc\u00e9szet - Vill\u00e1nyi borvid\u00e9k - Palkonya","og_description":"Borvacsora estjeink sor\u00e1n \u00ednyenc fog\u00e1sokkal, vill\u00e1nyi borok \u00e9s gy\u00fcm\u00f6lcsborok k\u00f3stol\u00f3j\u00e1val egybek\u00f6tve k\u00f3stolhat bele a borvid\u00e9ki \u00e9let\u00e9rz\u00e9sbe!","og_url":"https:\/\/mokos.hu\/de\/wein-dinner\/","og_site_name":"MOKOS","article_modified_time":"2025-02-20T09:04:25+00:00","og_image":[{"width":1200,"height":795,"url":"https:\/\/mokos.hu\/wp-content\/uploads\/2019\/12\/mokos_bor_etel_palkonya-e1575883421294.jpg","type":"image\/jpeg"}],"twitter_card":"summary_large_image","twitter_misc":{"Gesch\u00e4tzte Lesezeit":"1\u00a0Minute"},"schema":{"@context":"https:\/\/schema.org","@graph":[{"@type":"WebPage","@id":"https:\/\/mokos.hu\/borvacsorak\/","url":"https:\/\/mokos.hu\/borvacsorak\/","name":"Wein-Dinner - MOKOS Weinkellerei - Weinregion Vill\u00e1ny - Palkonya","isPartOf":{"@id":"https:\/\/mokos.hu\/#website"},"primaryImageOfPage":{"@id":"https:\/\/mokos.hu\/borvacsorak\/#primaryimage"},"image":{"@id":"https:\/\/mokos.hu\/borvacsorak\/#primaryimage"},"thumbnailUrl":"https:\/\/mokos.hu\/wp-content\/uploads\/2019\/12\/mokos_bor_etel_palkonya-e1575883421294.jpg","datePublished":"2019-04-08T11:10:31+00:00","dateModified":"2025-02-20T09:04:25+00:00","description":"Bei unseren Wein-Dinner-Abenden k\u00f6nnen Sie die Lebensart des Weinlandes mit Gourmet-Gerichten, Vill\u00e1nyer Weinen und Obstweinen genie\u00dfen!","breadcrumb":{"@id":"https:\/\/mokos.hu\/borvacsorak\/#breadcrumb"},"inLanguage":"de","potentialAction":[{"@type":"ReadAction","target":["https:\/\/mokos.hu\/borvacsorak\/"]}]},{"@type":"ImageObject","inLanguage":"de","@id":"https:\/\/mokos.hu\/borvacsorak\/#primaryimage","url":"https:\/\/mokos.hu\/wp-content\/uploads\/2019\/12\/mokos_bor_etel_palkonya-e1575883421294.jpg","contentUrl":"https:\/\/mokos.hu\/wp-content\/uploads\/2019\/12\/mokos_bor_etel_palkonya-e1575883421294.jpg","width":1200,"height":795,"caption":"Mokos_Pinceszet_palkonya_gasztro_gyumolcsbor_kajszi_kajszibor"},{"@type":"BreadcrumbList","@id":"https:\/\/mokos.hu\/borvacsorak\/#breadcrumb","itemListElement":[{"@type":"ListItem","position":1,"name":"Home","item":"https:\/\/mokos.hu\/"},{"@type":"ListItem","position":2,"name":"Borvacsor\u00e1k"}]},{"@type":"WebSite","@id":"https:\/\/mokos.hu\/#website","url":"https:\/\/mokos.hu\/","name":"MOKOS","description":"Familienweingut, Palkonya","publisher":{"@id":"https:\/\/mokos.hu\/#organization"},"potentialAction":[{"@type":"SearchAction","target":{"@type":"EntryPoint","urlTemplate":"https:\/\/mokos.hu\/?s={search_term_string}"},"query-input":{"@type":"PropertyValueSpecification","valueRequired":true,"valueName":"search_term_string"}}],"inLanguage":"de"},{"@type":"Organization","@id":"https:\/\/mokos.hu\/#organization","name":"MOKOS","url":"https:\/\/mokos.hu\/","logo":{"@type":"ImageObject","inLanguage":"de","@id":"https:\/\/mokos.hu\/#\/schema\/logo\/image\/","url":"https:\/\/mokos.hu\/wp-content\/uploads\/2018\/11\/cropped-Mokos_Villanyi-Borvidek-Palkonya-1.png","contentUrl":"https:\/\/mokos.hu\/wp-content\/uploads\/2018\/11\/cropped-Mokos_Villanyi-Borvidek-Palkonya-1.png","width":1000,"height":245,"caption":"MOKOS"},"image":{"@id":"https:\/\/mokos.hu\/#\/schema\/logo\/image\/"}}]}},"_links":{"self":[{"href":"https:\/\/mokos.hu\/de\/wp-json\/wp\/v2\/pages\/7043","targetHints":{"allow":["GET"]}}],"collection":[{"href":"https:\/\/mokos.hu\/de\/wp-json\/wp\/v2\/pages"}],"about":[{"href":"https:\/\/mokos.hu\/de\/wp-json\/wp\/v2\/types\/page"}],"author":[{"embeddable":true,"href":"https:\/\/mokos.hu\/de\/wp-json\/wp\/v2\/users\/6"}],"replies":[{"embeddable":true,"href":"https:\/\/mokos.hu\/de\/wp-json\/wp\/v2\/comments?post=7043"}],"version-history":[{"count":0,"href":"https:\/\/mokos.hu\/de\/wp-json\/wp\/v2\/pages\/7043\/revisions"}],"wp:featuredmedia":[{"embeddable":true,"href":"https:\/\/mokos.hu\/de\/wp-json\/wp\/v2\/media\/8376"}],"wp:attachment":[{"href":"https:\/\/mokos.hu\/de\/wp-json\/wp\/v2\/media?parent=7043"}],"curies":[{"name":"wp","href":"https:\/\/api.w.org\/{rel}","templated":true}]}}