{"id":59,"date":"2016-02-16T08:51:24","date_gmt":"2016-02-16T07:51:24","guid":{"rendered":"http:\/\/dev.vinolin.hu\/?page_id=59"},"modified":"2025-04-03T08:52:28","modified_gmt":"2025-04-03T06:52:28","slug":"mokospinceszet","status":"publish","type":"page","link":"https:\/\/mokos.hu\/de\/mokospinceszet\/","title":{"rendered":"Weingut Mokos"},"content":{"rendered":"<div class=\"wpb-content-wrapper\"><div class=\"vc_row wpb_row vc_row-fluid\"><div class=\"wpb_column vc_column_container vc_col-sm-12\"><div class=\"vc_column-inner\"><div class=\"wpb_wrapper\">\n\t<div class=\"wpb_text_column wpb_content_element\" >\n\t\t<div class=\"wpb_wrapper\">\n\t\t\t<h4><b>Unser Familienweingut<\/b><\/h4>\n<h5><em>Die Tradition der drei Generationen<\/em><\/h5>\n<p><span style=\"font-weight: 400;\">Seit drei Generationen ist unser Familienweingut ein wichtiger Akteur im Bereich der <\/span><b>Weinregion Vill\u00e1ny<\/b><span style=\"font-weight: 400;\">, wir sind anwesend <\/span><b>Palkonya und Vill\u00e1nyk\u00f6ves<\/b><span style=\"font-weight: 400;\"> gleicherma\u00dfen. Das Jahr 2003 war f\u00fcr uns ein Wendepunkt: Damals hat G\u00e1bor Mokos <\/span><b>die Anpflanzung von 15 Hektar Weinbergen<\/b><span style=\"font-weight: 400;\"> Palkonya, im Weinberg Weingarten, erg\u00e4nzt durch das Familienerbst\u00fcck <\/span><b>Anpflanzungen in Vill\u00e1nyk\u00f6vesd<\/b><span style=\"font-weight: 400;\">. im Jahr 2018 haben wir unsere Bereiche weiter ausgebaut, <\/span><b>2 Hektar wei\u00dfe Trauben<\/b><span style=\"font-weight: 400;\">Dies erm\u00f6glicht es uns, eine noch vielf\u00e4ltigere Weinkarte zu erstellen.<\/span><\/p>\n<h3><\/h3>\n<h4><b>Erfahrungen und Entwicklung <\/b><\/h4>\n<h5><em>More Than Winery<\/em><\/h5>\n<p><span style=\"font-weight: 400;\">Unser Ziel ist es, magische Weind\u00f6rfer wie <\/span><b>Palkonya und Vill\u00e1nyk\u00f6vesd<\/b><span style=\"font-weight: 400;\">, um sprudelnder zu werden. Im Mittelpunkt unserer Entwicklung steht immer die <\/span><b>erlebbare Gastfreundschaft<\/b><span style=\"font-weight: 400;\"> bieten wir nicht nur hervorragende Weine, sondern auch <\/span><b>gastronomische, kulturelle und Freizeitaktivit\u00e4ten<\/b><span style=\"font-weight: 400;\"> ist.<\/span><\/p>\n<p><b>Im Jahr 2013 begann eine neue \u00c4ra im Leben unseres Weinguts:<\/b><span style=\"font-weight: 400;\"> am Hang oberhalb der Fischteiche, gegen\u00fcber der Palkonya-Kellerreihe <\/span><b>unser Kellertheater mit 360 Pl\u00e4tzen<\/b><span style=\"font-weight: 400;\">, wobei die <\/span><b>Wein und Kultur<\/b><span style=\"font-weight: 400;\"> in einer besonderen Umgebung treffen.<\/span><\/p>\n<h3><\/h3>\n<h4><b>Moderne Technik, traditionelles Weingut<\/b><\/h4>\n<h5><em>Weingut Gravitational\u00a0<\/em><\/h5>\n<p><span style=\"font-weight: 400;\">Palkonya ist eine ehemalige, verlassene <strong>tief im Steinbruch, unsere Schwerkraftkellerei<\/strong> Geb\u00e4ude ist nicht nur die <\/span><b>mit modernster \u00f6nologischer Technologie<\/b><span style=\"font-weight: 400;\"> ausgestattet ist, sondern beherbergt auch eine <\/span><b>Barrique-Ausbau, ein Verkostungsraum mit 90 Sitzpl\u00e4tzen und eine atemberaubende Panoramaterrasse<\/b><span style=\"font-weight: 400;\">.<\/span><\/p>\n<p><span style=\"font-weight: 400;\">A <\/span><b>Weinkeller von 4500 Quadratmetern<\/b><span style=\"font-weight: 400;\"> ist heute eine der herausragenden Attraktionen von Palkonya und der gesamten Weinregion Vill\u00e1ny.<\/span><\/p>\n\n\t\t<\/div>\n\t<\/div>\n\n\t<div class=\"wpb_text_column wpb_content_element\" >\n\t\t<div class=\"wpb_wrapper\">\n\t\t\t<h4><strong>Vill\u00e1nyer Spitzenweine<\/strong><\/h4>\n\n\t\t<\/div>\n\t<\/div>\n<div class=\"vc_empty_space\"   style=\"height: 20px\"><span class=\"vc_empty_space_inner\"><\/span><\/div><div class=\"vc_row wpb_row vc_inner vc_row-fluid\"><div class=\"wpb_column vc_column_container vc_col-sm-6\"><div class=\"vc_column-inner\"><div class=\"wpb_wrapper\"><div class=\"vc-hoverbox-wrapper  wpb_animate_when_almost_visible wpb_fadeIn fadeIn vc-hoverbox-shape--rounded vc-hoverbox-align--center vc-hoverbox-direction--default vc-hoverbox-width--100\"  ontouchstart=\"\">\n  <div class=\"vc-hoverbox\">\n    <div class=\"vc-hoverbox-inner\">\n      <div class=\"vc-hoverbox-block vc-hoverbox-front\" style=\"background-image: url(https:\/\/mokos.hu\/wp-content\/uploads\/2025\/03\/247A0778-1024x682.jpg);\">\n        <div class=\"vc-hoverbox-block-inner vc-hoverbox-front-inner\">\n            \n        <\/div>\n      <\/div>\n      <div class=\"vc-hoverbox-block vc-hoverbox-back\" style=\"background-color: #ffffff;\">\n        <div class=\"vc-hoverbox-block-inner vc-hoverbox-back-inner\">\n            <h2 style=\"text-align:center\">Probieren Sie die Aromen der Weinregion!<\/h2>\n            \n            <div class=\"vc_btn3-container  wpb_animate_when_almost_visible wpb_fadeIn fadeIn vc_btn3-inline vc_do_btn\" ><a class=\"vc_general vc_btn3 vc_btn3-size-md vc_btn3-shape-rounded vc_btn3-style-modern vc_btn3-icon-left vc_btn3-color-grey\" href=\"https:\/\/mokos.hu\/de\/produkt-kategorie\/strom_mokos_borok\/\" title=\"\"><i class=\"vc_btn3-icon fas fa-shopping-basket\"><\/i> Kaufen Sie direkt in unserem Webshop!<\/a><\/div>\n        <\/div>\n      <\/div>\n    <\/div>\n  <\/div>\n<\/div><\/div><\/div><\/div><div class=\"wpb_column vc_column_container vc_col-sm-6\"><div class=\"vc_column-inner\"><div class=\"wpb_wrapper\">\n\t<div class=\"wpb_text_column wpb_content_element\" >\n\t\t<div class=\"wpb_wrapper\">\n\t\t\t<p><span style=\"font-weight: 400;\">A <\/span><b>Weinregion Vill\u00e1ny<\/b><span style=\"font-weight: 400;\"> Das mediterrane Klima bietet uns jedes Jahr die M\u00f6glichkeit <\/span><b>mit einer sch\u00f6nen Ernte<\/b><span style=\"font-weight: 400;\"> reicher werden. Unsere Weinberge liefern uns also jedes Jahr hervorragende Rohstoffe, aus denen wir <\/span><b>hohes Ma\u00df an Fachwissen<\/b><span style=\"font-weight: 400;\"> und die <\/span><b>moderne technische Hilfsmittel<\/b><span style=\"font-weight: 400;\"> \u00fcber <\/span><b>gute Weine<\/b><span style=\"font-weight: 400;\"> die wir herstellen k\u00f6nnen. Auf diese Weise werden unsere Weine <\/span><b>internationale Anerkennung<\/b><span style=\"font-weight: 400;\"> sie gewinnen.<\/span><\/p>\n<p><span style=\"font-weight: 400;\">In unseren Weinbergen finden Sie die typischen <\/span><b>nationale und internationale Rebsorten<\/b><span style=\"font-weight: 400;\">wie in <\/span><b>blueport<\/b><span style=\"font-weight: 400;\">, <\/span><b>blauer Franken<\/b><span style=\"font-weight: 400;\">, <\/span><b>Pinot Noir<\/b><span style=\"font-weight: 400;\">, <\/span><b>merlot<\/b><span style=\"font-weight: 400;\">, <\/span><b>Cabernet franc<\/b><span style=\"font-weight: 400;\"> und die <\/span><b>Cabernet Sauvignon<\/b><span style=\"font-weight: 400;\">die alle zum einzigartigen Charakter unserer Weine beitragen.<\/span><\/p>\n\n\t\t<\/div>\n\t<\/div>\n<\/div><\/div><\/div><\/div><div class=\"vc_empty_space\"   style=\"height: 45px\"><span class=\"vc_empty_space_inner\"><\/span><\/div>\n\t<div class=\"wpb_text_column wpb_content_element\" >\n\t\t<div class=\"wpb_wrapper\">\n\t\t\t<h4><strong>Obstwein-Spezialit\u00e4ten<\/strong><\/h4>\n\n\t\t<\/div>\n\t<\/div>\n<div class=\"vc_empty_space\"   style=\"height: 20px\"><span class=\"vc_empty_space_inner\"><\/span><\/div><div class=\"vc_row wpb_row vc_inner vc_row-fluid\"><div class=\"wpb_column vc_column_container vc_col-sm-6\"><div class=\"vc_column-inner\"><div class=\"wpb_wrapper\"><div class=\"vc-hoverbox-wrapper  wpb_animate_when_almost_visible wpb_fadeIn fadeIn vc-hoverbox-shape--rounded vc-hoverbox-align--center vc-hoverbox-direction--default vc-hoverbox-width--100\"  ontouchstart=\"\">\n  <div class=\"vc-hoverbox\">\n    <div class=\"vc-hoverbox-inner\">\n      <div class=\"vc-hoverbox-block vc-hoverbox-front\" style=\"background-image: url(https:\/\/mokos.hu\/wp-content\/uploads\/2025\/03\/247A0754-1024x683.jpg);\">\n        <div class=\"vc-hoverbox-block-inner vc-hoverbox-front-inner\">\n            \n        <\/div>\n      <\/div>\n      <div class=\"vc-hoverbox-block vc-hoverbox-back\" style=\"background-color: #ffffff;\">\n        <div class=\"vc-hoverbox-block-inner vc-hoverbox-back-inner\">\n            <h2 style=\"text-align:center\">Werden Sie Teil des Geschmackserlebnisses!<\/h2>\n            \n            <div class=\"vc_btn3-container  wpb_animate_when_almost_visible wpb_fadeIn fadeIn vc_btn3-inline vc_do_btn\" ><a class=\"vc_general vc_btn3 vc_btn3-size-md vc_btn3-shape-rounded vc_btn3-style-modern vc_btn3-icon-left vc_btn3-color-grey\" href=\"https:\/\/mokos.hu\/de\/produkt-kategorie\/mokos_gyumolcscs-weine\/\" title=\"\"><i class=\"vc_btn3-icon fas fa-shopping-basket\"><\/i> Kaufen Sie direkt in unserem Webshop!<\/a><\/div>\n        <\/div>\n      <\/div>\n    <\/div>\n  <\/div>\n<\/div><\/div><\/div><\/div><div class=\"wpb_column vc_column_container vc_col-sm-6\"><div class=\"vc_column-inner\"><div class=\"wpb_wrapper\">\n\t<div class=\"wpb_text_column wpb_content_element\" >\n\t\t<div class=\"wpb_wrapper\">\n\t\t\t<p><span style=\"font-weight: 400;\">Unser Weingut produziert seit fast zwei Jahrzehnten Spitzenweine <\/span><b>Obstweine<\/b><span style=\"font-weight: 400;\"> auf eine in unserem Land einzigartige Weise. F\u00fcr uns ist es wichtig, dass unsere Obstweine ausschlie\u00dflich <\/span><b>frisches, saftiges Obst aus der Region<\/b><span style=\"font-weight: 400;\"> produzieren, <\/span><b>ohne Wasser, Farb- und Aromastoffe<\/b><span style=\"font-weight: 400;\">. Und das alles mit einem H\u00f6chstma\u00df an Sorgfalt und Aufmerksamkeit.<\/span><\/p>\n<p><span style=\"font-weight: 400;\">Das Rohmaterial f\u00fcr unsere Obstweine <\/span><b>Die besten Fr\u00fcchte aus unseren 45 Hektar Obstplantagen<\/b><span style=\"font-weight: 400;\">die unmittelbar nach der Ernte an den Verarbeiter geliefert werden. Die Fr\u00fcchte werden gewaschen und entkernt in der <\/span><b>innerhalb von 30 Minuten nach der Ernte<\/b><span style=\"font-weight: 400;\"> durchgef\u00fchrt wird, wodurch sichergestellt wird, dass die <\/span><b>Konservierung von frischen Aromen<\/b><span style=\"font-weight: 400;\">. Der Fermentationsprozess ist sauerstoffdicht, <\/span><b>findet in einer gek\u00fchlten Umgebung statt<\/b><span style=\"font-weight: 400;\">dass die <\/span><b>intensive, nat\u00fcrliche Fruchtaromen<\/b><span style=\"font-weight: 400;\"> bewahrt werden.<\/span><\/p>\n\n\t\t<\/div>\n\t<\/div>\n<\/div><\/div><\/div><\/div><div class=\"vc_empty_space\"   style=\"height: 45px\"><span class=\"vc_empty_space_inner\"><\/span><\/div>\n\t<div class=\"wpb_text_column wpb_content_element\" >\n\t\t<div class=\"wpb_wrapper\">\n\t\t\t<h4><strong>Hochzeit im Weingut Mokos<\/strong><\/h4>\n\n\t\t<\/div>\n\t<\/div>\n<div class=\"vc_empty_space\"   style=\"height: 20px\"><span class=\"vc_empty_space_inner\"><\/span><\/div><div class=\"vc_row wpb_row vc_inner vc_row-fluid\"><div class=\"wpb_column vc_column_container vc_col-sm-6\"><div class=\"vc_column-inner\"><div class=\"wpb_wrapper\"><div class=\"vc-hoverbox-wrapper  wpb_animate_when_almost_visible wpb_fadeIn fadeIn vc-hoverbox-shape--rounded vc-hoverbox-align--center vc-hoverbox-direction--default vc-hoverbox-width--100\"  ontouchstart=\"\">\n  <div class=\"vc-hoverbox\">\n    <div class=\"vc-hoverbox-inner\">\n      <div class=\"vc-hoverbox-block vc-hoverbox-front\" style=\"background-image: url(https:\/\/mokos.hu\/wp-content\/uploads\/2025\/03\/Mokos_Pincesze_Eskuvo_Eskuvohelyszin_szabadter_topart_termeszetkozeli_modern_exkluziv_boraszat_rendezvenyterem-1-1024x683.jpeg);\">\n        <div class=\"vc-hoverbox-block-inner vc-hoverbox-front-inner\">\n            \n        <\/div>\n      <\/div>\n      <div class=\"vc-hoverbox-block vc-hoverbox-back\" style=\"background-color: #ffffff;\">\n        <div class=\"vc-hoverbox-block-inner vc-hoverbox-back-inner\">\n            <h2 style=\"text-align:center\">Lebenslange Erfahrungen in der Weinregion<\/h2>\n            \n            <div class=\"vc_btn3-container  wpb_animate_when_almost_visible wpb_fadeIn fadeIn vc_btn3-inline vc_do_btn\" ><a class=\"vc_general vc_btn3 vc_btn3-size-md vc_btn3-shape-rounded vc_btn3-style-modern vc_btn3-icon-left vc_btn3-color-grey\" href=\"https:\/\/mokos.hu\/de\/eskuvo-standort\/\" title=\"\"><i class=\"vc_btn3-icon fas fa-glass-cheers\"><\/i> Gehen Sie zum Ort der Hochzeit!<\/a><\/div>\n        <\/div>\n      <\/div>\n    <\/div>\n  <\/div>\n<\/div><\/div><\/div><\/div><div class=\"wpb_column vc_column_container vc_col-sm-6\"><div class=\"vc_column-inner\"><div class=\"wpb_wrapper\">\n\t<div class=\"wpb_text_column wpb_content_element\" >\n\t\t<div class=\"wpb_wrapper\">\n\t\t\t<p><span style=\"font-weight: 400;\">Es gibt kein sch\u00f6neres Erlebnis als <\/span><b>vor einem malerischen Hintergrund<\/b><span style=\"font-weight: 400;\">f\u00fcr das Leben <\/span><b>\u201eIgen\u201d<\/b><span style=\"font-weight: 400;\"> zu sagen. Unser Weingut und <\/span><b>unser Familienbesitz<\/b><span style=\"font-weight: 400;\"> zauberhafte Hochzeitslocation, die <\/span><b>In der m\u00e4rchenhaften Umarmung der Weinregion Vill\u00e1ny<\/b><span style=\"font-weight: 400;\"> befindet sich in. Das Beeindruckende, <\/span><b>Theater und Veranstaltungssaal mit 360 Pl\u00e4tzen<\/b><span style=\"font-weight: 400;\"> professionellen technischen Hintergrund, um sicherzustellen <\/span><b>kleine und gro\u00dfe Hochzeiten<\/b><span style=\"font-weight: 400;\"> der ideale Standort f\u00fcr.<\/span><\/p>\n<p><span style=\"font-weight: 400;\">A <\/span><b>romantische Kulisse<\/b><span style=\"font-weight: 400;\"> und die <\/span><b>Qualit\u00e4tsleistungen<\/b><span style=\"font-weight: 400;\"> garantieren Ihnen einen unvergesslichen Tag und Momente, die ein Leben lang halten werden. Stellen Sie sich die Hochzeit Ihrer Tr\u00e4ume mit uns vor - <\/span><b>ein magischer Ort, einzigartige Erlebnisse und die sch\u00f6nsten Erinnerungen erwarten Sie!<\/b><\/p>\n\n\t\t<\/div>\n\t<\/div>\n<\/div><\/div><\/div><\/div><div class=\"vc_empty_space\"   style=\"height: 45px\"><span class=\"vc_empty_space_inner\"><\/span><\/div>\n\t<div class=\"wpb_text_column wpb_content_element\" >\n\t\t<div class=\"wpb_wrapper\">\n\t\t\t<h4><strong>Programme zur Teambildung<\/strong><\/h4>\n\n\t\t<\/div>\n\t<\/div>\n<div class=\"vc_empty_space\"   style=\"height: 20px\"><span class=\"vc_empty_space_inner\"><\/span><\/div><div class=\"vc_row wpb_row vc_inner vc_row-fluid\"><div class=\"wpb_column vc_column_container vc_col-sm-6\"><div class=\"vc_column-inner\"><div class=\"wpb_wrapper\"><div class=\"vc-hoverbox-wrapper  wpb_animate_when_almost_visible wpb_fadeIn fadeIn vc-hoverbox-shape--rounded vc-hoverbox-align--center vc-hoverbox-direction--default vc-hoverbox-width--100\"  ontouchstart=\"\">\n  <div class=\"vc-hoverbox\">\n    <div class=\"vc-hoverbox-inner\">\n      <div class=\"vc-hoverbox-block vc-hoverbox-front\" style=\"background-image: url(https:\/\/mokos.hu\/wp-content\/uploads\/2025\/03\/247A0813-1024x682.jpg);\">\n        <div class=\"vc-hoverbox-block-inner vc-hoverbox-front-inner\">\n            \n        <\/div>\n      <\/div>\n      <div class=\"vc-hoverbox-block vc-hoverbox-back\" style=\"background-color: #ffffff;\">\n        <div class=\"vc-hoverbox-block-inner vc-hoverbox-back-inner\">\n            <h2 style=\"text-align:center\">Spannende Programme zur Teambildung<\/h2>\n            \n            <div class=\"vc_btn3-container  wpb_animate_when_almost_visible wpb_fadeIn fadeIn vc_btn3-inline vc_do_btn\" ><a class=\"vc_general vc_btn3 vc_btn3-size-md vc_btn3-shape-rounded vc_btn3-style-modern vc_btn3-icon-left vc_btn3-color-grey\" href=\"https:\/\/mokos.hu\/de\/mannschaftsaufstellungen\/\" title=\"\"><i class=\"vc_btn3-icon fas fa-users\"><\/i> Einzelheiten zu den teambildenden Spielen<\/a><\/div>\n        <\/div>\n      <\/div>\n    <\/div>\n  <\/div>\n<\/div><\/div><\/div><\/div><div class=\"wpb_column vc_column_container vc_col-sm-6\"><div class=\"vc_column-inner\"><div class=\"wpb_wrapper\">\n\t<div class=\"wpb_text_column wpb_content_element\" >\n\t\t<div class=\"wpb_wrapper\">\n\t\t\t<p><span style=\"font-weight: 400;\">\u00a0<\/span><b>Weingut Mokos<\/b><span style=\"font-weight: 400;\"> und die <\/span><b>Hotel Cabernet<\/b><span style=\"font-weight: 400;\"> Teambuilding-Events bieten nicht nur Dienstleistungen, sondern auch <\/span><b>einzigartige Erlebnisse<\/b><span style=\"font-weight: 400;\"> geben sie auch! Kein Bedarf an teuren Veranstaltern oder Trainern, denn <\/span><b>unsere kreativen Teambildungsprogramme<\/b><span style=\"font-weight: 400;\"> werden Sie garantiert <\/span><b>wir machen Ihre gemeinsame Zeit unvergesslich<\/b><span style=\"font-weight: 400;\">.<\/span><\/p>\n<p><span style=\"font-weight: 400;\">Unser Weingut und Hotel <\/span><b>Programmteam<\/b><span style=\"font-weight: 400;\"> komplex <\/span><b>Programmpakete<\/b><span style=\"font-weight: 400;\"> wurden entwickelt, die ideal sind f\u00fcr <\/span><b>Unternehmen<\/b><span style=\"font-weight: 400;\"> und <\/span><b>Freundeskreise<\/b><span style=\"font-weight: 400;\"> f\u00fcr. Bis zu <\/span><b>Teambildung<\/b><span style=\"font-weight: 400;\">, bis zu <\/span><b>Unternehmensveranstaltungen<\/b><span style=\"font-weight: 400;\"> (z. B. Partnertreffen), haben wir f\u00fcr beides ausgezeichnete M\u00f6glichkeiten.<\/span><\/p>\n\n\t\t<\/div>\n\t<\/div>\n<\/div><\/div><\/div><\/div><\/div><\/div><\/div><\/div><div class=\"vc_row wpb_row vc_row-fluid\"><div class=\"wpb_column vc_column_container vc_col-sm-12\"><div class=\"vc_column-inner\"><div class=\"wpb_wrapper\"><div class=\"vc_empty_space\"   style=\"height: 32px\"><span class=\"vc_empty_space_inner\"><\/span><\/div><\/div><\/div><\/div><\/div>\n<\/div>","protected":false},"excerpt":{"rendered":"Csal\u00e1di Pinc\u00e9szet\u00fcnk H\u00e1rom Gener\u00e1ci\u00f3 Hagyom\u00e1nya Csal\u00e1di pinc\u00e9szet\u00fcnk imm\u00e1r h\u00e1rom gener\u00e1ci\u00f3 \u00f3ta meghat\u00e1roz\u00f3 szerepl\u0151je a Vill\u00e1nyi Borvid\u00e9knek, jelen vagyunk Palkony\u00e1n \u00e9s Vill\u00e1nyk\u00f6vesden egyar\u00e1nt. A 2003-as \u00e9v fordul\u00f3pontot jelentett sz\u00e1munkra: ekkor kezdte&hellip;","protected":false},"author":6,"featured_media":0,"parent":0,"menu_order":0,"comment_status":"closed","ping_status":"closed","template":"","meta":{"_acf_changed":false,"footnotes":""},"class_list":["post-59","page","type-page","status-publish","hentry"],"acf":[],"yoast_head":"<!-- This site is optimized with the Yoast SEO plugin v27.5 - https:\/\/yoast.com\/product\/yoast-seo-wordpress\/ -->\n<title>Mokos Mokos Pinc\u00e9szet - Vill\u00e1nyi borvid\u00e9k - \u00c9lm\u00e9nyekkel t\u00f6ltve<\/title>\n<meta name=\"description\" content=\"K\u00e1pr\u00e1zatos pince-sz\u00ednh\u00e1z a Vill\u00e1nyi borvid\u00e9k sz\u00edv\u00e9ben, Palkony\u00e1n. Exkluz\u00edv rendezv\u00e9ny- \u00e9s esk\u00fcv\u0151helysz\u00edn. Vill\u00e1nyi borok, Gy\u00fcm\u00f6lcsborok, Mokos \u00e9lm\u00e9nyek.\" \/>\n<meta name=\"robots\" content=\"index, follow, max-snippet:-1, max-image-preview:large, max-video-preview:-1\" \/>\n<link rel=\"canonical\" href=\"https:\/\/mokos.hu\/de\/mokospinceszet\/\" \/>\n<meta property=\"og:locale\" content=\"de_DE\" \/>\n<meta property=\"og:type\" content=\"article\" \/>\n<meta property=\"og:title\" content=\"Mokos Mokos Pinc\u00e9szet - Vill\u00e1nyi borvid\u00e9k - \u00c9lm\u00e9nyekkel t\u00f6ltve\" \/>\n<meta property=\"og:description\" content=\"K\u00e1pr\u00e1zatos pince-sz\u00ednh\u00e1z a Vill\u00e1nyi borvid\u00e9k sz\u00edv\u00e9ben, Palkony\u00e1n. Exkluz\u00edv rendezv\u00e9ny- \u00e9s esk\u00fcv\u0151helysz\u00edn. Vill\u00e1nyi borok, Gy\u00fcm\u00f6lcsborok, Mokos \u00e9lm\u00e9nyek.\" \/>\n<meta property=\"og:url\" content=\"https:\/\/mokos.hu\/de\/mokospinceszet\/\" \/>\n<meta property=\"og:site_name\" content=\"MOKOS\" \/>\n<meta property=\"article:modified_time\" content=\"2025-04-03T06:52:28+00:00\" \/>\n<meta name=\"twitter:card\" content=\"summary_large_image\" \/>\n<meta name=\"twitter:label1\" content=\"Gesch\u00e4tzte Lesezeit\" \/>\n\t<meta name=\"twitter:data1\" content=\"5\u00a0Minuten\" \/>\n<script type=\"application\/ld+json\" class=\"yoast-schema-graph\">{\"@context\":\"https:\\\/\\\/schema.org\",\"@graph\":[{\"@type\":\"WebPage\",\"@id\":\"https:\\\/\\\/mokos.hu\\\/mokospinceszet\\\/\",\"url\":\"https:\\\/\\\/mokos.hu\\\/mokospinceszet\\\/\",\"name\":\"Mokos Mokos Pinc\u00e9szet - Vill\u00e1nyi borvid\u00e9k - \u00c9lm\u00e9nyekkel t\u00f6ltve\",\"isPartOf\":{\"@id\":\"https:\\\/\\\/mokos.hu\\\/#website\"},\"datePublished\":\"2016-02-16T07:51:24+00:00\",\"dateModified\":\"2025-04-03T06:52:28+00:00\",\"description\":\"K\u00e1pr\u00e1zatos pince-sz\u00ednh\u00e1z a Vill\u00e1nyi borvid\u00e9k sz\u00edv\u00e9ben, Palkony\u00e1n. Exkluz\u00edv rendezv\u00e9ny- \u00e9s esk\u00fcv\u0151helysz\u00edn. Vill\u00e1nyi borok, Gy\u00fcm\u00f6lcsborok, Mokos \u00e9lm\u00e9nyek.\",\"breadcrumb\":{\"@id\":\"https:\\\/\\\/mokos.hu\\\/mokospinceszet\\\/#breadcrumb\"},\"inLanguage\":\"de\",\"potentialAction\":[{\"@type\":\"ReadAction\",\"target\":[\"https:\\\/\\\/mokos.hu\\\/mokospinceszet\\\/\"]}]},{\"@type\":\"BreadcrumbList\",\"@id\":\"https:\\\/\\\/mokos.hu\\\/mokospinceszet\\\/#breadcrumb\",\"itemListElement\":[{\"@type\":\"ListItem\",\"position\":1,\"name\":\"Home\",\"item\":\"https:\\\/\\\/mokos.hu\\\/\"},{\"@type\":\"ListItem\",\"position\":2,\"name\":\"Mokos Pinc\u00e9szet\"}]},{\"@type\":\"WebSite\",\"@id\":\"https:\\\/\\\/mokos.hu\\\/#website\",\"url\":\"https:\\\/\\\/mokos.hu\\\/\",\"name\":\"MOKOS\",\"description\":\"Csal\u00e1di Pinc\u00e9szet, Palkonya\",\"publisher\":{\"@id\":\"https:\\\/\\\/mokos.hu\\\/#organization\"},\"potentialAction\":[{\"@type\":\"SearchAction\",\"target\":{\"@type\":\"EntryPoint\",\"urlTemplate\":\"https:\\\/\\\/mokos.hu\\\/?s={search_term_string}\"},\"query-input\":{\"@type\":\"PropertyValueSpecification\",\"valueRequired\":true,\"valueName\":\"search_term_string\"}}],\"inLanguage\":\"de\"},{\"@type\":\"Organization\",\"@id\":\"https:\\\/\\\/mokos.hu\\\/#organization\",\"name\":\"MOKOS\",\"url\":\"https:\\\/\\\/mokos.hu\\\/\",\"logo\":{\"@type\":\"ImageObject\",\"inLanguage\":\"de\",\"@id\":\"https:\\\/\\\/mokos.hu\\\/#\\\/schema\\\/logo\\\/image\\\/\",\"url\":\"https:\\\/\\\/mokos.hu\\\/wp-content\\\/uploads\\\/2018\\\/11\\\/cropped-Mokos_Villanyi-Borvidek-Palkonya-1.png\",\"contentUrl\":\"https:\\\/\\\/mokos.hu\\\/wp-content\\\/uploads\\\/2018\\\/11\\\/cropped-Mokos_Villanyi-Borvidek-Palkonya-1.png\",\"width\":1000,\"height\":245,\"caption\":\"MOKOS\"},\"image\":{\"@id\":\"https:\\\/\\\/mokos.hu\\\/#\\\/schema\\\/logo\\\/image\\\/\"}}]}<\/script>\n<!-- \/ Yoast SEO plugin. -->","yoast_head_json":{"title":"Mokos Mokos Winery - Weinregion Vill\u00e1ny - Voller Erlebnisse","description":"Schillerndes Kellertheater im Herzen der Weinregion Vill\u00e1ny, Palkonya. Exklusiver Ort f\u00fcr Veranstaltungen und Hochzeiten. Vill\u00e1nyer Weine, Obstweine, Mokos-Erlebnisse.","robots":{"index":"index","follow":"follow","max-snippet":"max-snippet:-1","max-image-preview":"max-image-preview:large","max-video-preview":"max-video-preview:-1"},"canonical":"https:\/\/mokos.hu\/de\/mokospinceszet\/","og_locale":"de_DE","og_type":"article","og_title":"Mokos Mokos Pinc\u00e9szet - Vill\u00e1nyi borvid\u00e9k - \u00c9lm\u00e9nyekkel t\u00f6ltve","og_description":"K\u00e1pr\u00e1zatos pince-sz\u00ednh\u00e1z a Vill\u00e1nyi borvid\u00e9k sz\u00edv\u00e9ben, Palkony\u00e1n. Exkluz\u00edv rendezv\u00e9ny- \u00e9s esk\u00fcv\u0151helysz\u00edn. Vill\u00e1nyi borok, Gy\u00fcm\u00f6lcsborok, Mokos \u00e9lm\u00e9nyek.","og_url":"https:\/\/mokos.hu\/de\/mokospinceszet\/","og_site_name":"MOKOS","article_modified_time":"2025-04-03T06:52:28+00:00","twitter_card":"summary_large_image","twitter_misc":{"Gesch\u00e4tzte Lesezeit":"5\u00a0Minuten"},"schema":{"@context":"https:\/\/schema.org","@graph":[{"@type":"WebPage","@id":"https:\/\/mokos.hu\/mokospinceszet\/","url":"https:\/\/mokos.hu\/mokospinceszet\/","name":"Mokos Mokos Winery - Weinregion Vill\u00e1ny - Voller Erlebnisse","isPartOf":{"@id":"https:\/\/mokos.hu\/#website"},"datePublished":"2016-02-16T07:51:24+00:00","dateModified":"2025-04-03T06:52:28+00:00","description":"Schillerndes Kellertheater im Herzen der Weinregion Vill\u00e1ny, Palkonya. Exklusiver Ort f\u00fcr Veranstaltungen und Hochzeiten. Vill\u00e1nyer Weine, Obstweine, Mokos-Erlebnisse.","breadcrumb":{"@id":"https:\/\/mokos.hu\/mokospinceszet\/#breadcrumb"},"inLanguage":"de","potentialAction":[{"@type":"ReadAction","target":["https:\/\/mokos.hu\/mokospinceszet\/"]}]},{"@type":"BreadcrumbList","@id":"https:\/\/mokos.hu\/mokospinceszet\/#breadcrumb","itemListElement":[{"@type":"ListItem","position":1,"name":"Home","item":"https:\/\/mokos.hu\/"},{"@type":"ListItem","position":2,"name":"Mokos Pinc\u00e9szet"}]},{"@type":"WebSite","@id":"https:\/\/mokos.hu\/#website","url":"https:\/\/mokos.hu\/","name":"MOKOS","description":"Familienweingut, Palkonya","publisher":{"@id":"https:\/\/mokos.hu\/#organization"},"potentialAction":[{"@type":"SearchAction","target":{"@type":"EntryPoint","urlTemplate":"https:\/\/mokos.hu\/?s={search_term_string}"},"query-input":{"@type":"PropertyValueSpecification","valueRequired":true,"valueName":"search_term_string"}}],"inLanguage":"de"},{"@type":"Organization","@id":"https:\/\/mokos.hu\/#organization","name":"MOKOS","url":"https:\/\/mokos.hu\/","logo":{"@type":"ImageObject","inLanguage":"de","@id":"https:\/\/mokos.hu\/#\/schema\/logo\/image\/","url":"https:\/\/mokos.hu\/wp-content\/uploads\/2018\/11\/cropped-Mokos_Villanyi-Borvidek-Palkonya-1.png","contentUrl":"https:\/\/mokos.hu\/wp-content\/uploads\/2018\/11\/cropped-Mokos_Villanyi-Borvidek-Palkonya-1.png","width":1000,"height":245,"caption":"MOKOS"},"image":{"@id":"https:\/\/mokos.hu\/#\/schema\/logo\/image\/"}}]}},"_links":{"self":[{"href":"https:\/\/mokos.hu\/de\/wp-json\/wp\/v2\/pages\/59","targetHints":{"allow":["GET"]}}],"collection":[{"href":"https:\/\/mokos.hu\/de\/wp-json\/wp\/v2\/pages"}],"about":[{"href":"https:\/\/mokos.hu\/de\/wp-json\/wp\/v2\/types\/page"}],"author":[{"embeddable":true,"href":"https:\/\/mokos.hu\/de\/wp-json\/wp\/v2\/users\/6"}],"replies":[{"embeddable":true,"href":"https:\/\/mokos.hu\/de\/wp-json\/wp\/v2\/comments?post=59"}],"version-history":[{"count":2,"href":"https:\/\/mokos.hu\/de\/wp-json\/wp\/v2\/pages\/59\/revisions"}],"predecessor-version":[{"id":28127,"href":"https:\/\/mokos.hu\/de\/wp-json\/wp\/v2\/pages\/59\/revisions\/28127"}],"wp:attachment":[{"href":"https:\/\/mokos.hu\/de\/wp-json\/wp\/v2\/media?parent=59"}],"curies":[{"name":"wp","href":"https:\/\/api.w.org\/{rel}","templated":true}]}}