{"id":5480,"date":"2017-05-05T12:54:00","date_gmt":"2017-05-05T11:54:00","guid":{"rendered":"http:\/\/dev.vinolin.hu\/?page_id=5480"},"modified":"2025-04-03T09:41:48","modified_gmt":"2025-04-03T07:41:48","slug":"pods-fork-weinregionen","status":"publish","type":"page","link":"https:\/\/mokos.hu\/de\/mokospinceszet\/palkonya-villany-borvidek\/","title":{"rendered":"Palkonya und die Weinregion Vill\u00e1ny"},"content":{"rendered":"<div class=\"wpb-content-wrapper\"><div class=\"vc_row wpb_row vc_row-fluid\"><div class=\"wpb_column vc_column_container vc_col-sm-12\"><div class=\"vc_column-inner\"><div class=\"wpb_wrapper\">\n\t<div class=\"wpb_text_column wpb_content_element\" >\n\t\t<div class=\"wpb_wrapper\">\n\t\t\t<h3><strong>Die Weinregion Vill\u00e1ny<\/strong><\/h3>\n<p><strong>Das Weinbaugebiet Vill\u00e1ny hat sich zum bekanntesten Rotweinanbaugebiet des Landes entwickelt.<\/strong><\/p>\n<p>Was ist wissenswert \u00fcber die Weinregion?<\/p>\n<p>\u00a0<\/p>\n<ul class=\"wp-block-list\">\n<li style=\"list-style-type: none;\">\n<ul class=\"wp-block-list\">\n<li>von <strong>dem s\u00fcdlichsten Punkt des Landes<\/strong> Weinregion,<\/li>\n<li><strong>submediterranes Klima<\/strong> und hat eine sehr hohe Anzahl von Sonnenstunden, was sie zur lichtreichsten Weinregion macht,<\/li>\n<li>der Boden ist meist lehmig und kalkhaltig,<\/li>\n<li>wurde hier das erste vollwertige Herkunftsschutzsystem des Landes eingerichtet,<\/li>\n<li>Vill\u00e1nyer Stadtteile Kishars\u00e1ny, Nagyhars\u00e1ny, Palkonya, Vill\u00e1ny, Vill\u00e1nyk\u00f6vesd,<\/li>\n<li><strong>Die Rotweine von Vill\u00e1ny haben eine dunkle, rubinrote Farbe, sind k\u00f6rperreich, reich an Aromen und Geschmack, haben einen hohen Alkohol- und Gerbstoffgehalt,<\/strong><\/li>\n<li>Die typischsten Rebsorten der Weinregion sind: Blauer Portwein, Merlot, Cabernet Franc, Cabernet Sauvignon.<\/li>\n<\/ul>\n<\/li>\n<\/ul>\n<p>\u00a0<\/p>\n<p>Erfahren Sie mehr \u00fcber die fabelhafte Weinregion Vill\u00e1ny und die Arbeit des Vereins Vill\u00e1ny-Sikl\u00f3s Weinstra\u00dfe, erfahren Sie mehr<span style=\"color: #b0ae6a;\"> <a style=\"color: #b0ae6a;\" href=\"https:\/\/villanyiborvidek.hu\/hu\/rolunk\/borut-egyesulet\" target=\"_blank\" rel=\"noopener\"><strong>HIER<\/strong><\/a>.<\/span><\/p>\n<p>\u00a0<\/p>\n<figure class=\"wp-block-image alignfull size-large\"><img fetchpriority=\"high\" decoding=\"async\" class=\"aligncenter wp-image-6500\" src=\"https:\/\/mokos.hu\/wp-content\/uploads\/2019\/02\/Mokos_Pinceszet_Palkonya_VB_17-e1742640068727.jpg\" alt=\"\" width=\"1001\" height=\"412\" srcset=\"https:\/\/mokos.hu\/wp-content\/uploads\/2019\/02\/Mokos_Pinceszet_Palkonya_VB_17-e1742640068727.jpg 955w, https:\/\/mokos.hu\/wp-content\/uploads\/2019\/02\/Mokos_Pinceszet_Palkonya_VB_17-e1742640068727-300x123.jpg 300w, https:\/\/mokos.hu\/wp-content\/uploads\/2019\/02\/Mokos_Pinceszet_Palkonya_VB_17-e1742640068727-600x247.jpg 600w, https:\/\/mokos.hu\/wp-content\/uploads\/2019\/02\/Mokos_Pinceszet_Palkonya_VB_17-e1742640068727-18x7.jpg 18w\" sizes=\"(max-width: 1001px) 100vw, 1001px\" \/><\/figure>\n<p>\u00a0<\/p>\n<p>\u00a0<\/p>\n<h3 class=\"wp-block-heading\"><span style=\"color: #333333;\"><strong>Das Juwel der Weinregion Vill\u00e1ny: Palkonya<\/strong><\/span><\/h3>\n<p>Palkonya ist ein Einstra\u00dfendorf am nord\u00f6stlichen Ende des Vill\u00e1nyi-Gebirges, das unz\u00e4hlige Sch\u00e4tze f\u00fcr Touristen verbirgt!<\/p>\n<p>\u00a0<\/p>\n<figure class=\"wp-block-image alignfull\"><img decoding=\"async\" width=\"1024\" height=\"330\" class=\"wp-image-11427 aligncenter\" src=\"https:\/\/mokos.hu\/wp-content\/uploads\/2021\/01\/Mokos_Pinceszet_programok_villanyi_borvidek_palkonya_2000x645_2-1024x330.jpg\" alt=\"Mokos_Pinceszet_Programme_villanyi_Grenzgebiete_palkonya_2000x645_2\" srcset=\"https:\/\/mokos.hu\/wp-content\/uploads\/2021\/01\/Mokos_Pinceszet_programok_villanyi_borvidek_palkonya_2000x645_2-1024x330.jpg 1024w, https:\/\/mokos.hu\/wp-content\/uploads\/2021\/01\/Mokos_Pinceszet_programok_villanyi_borvidek_palkonya_2000x645_2-300x97.jpg 300w, https:\/\/mokos.hu\/wp-content\/uploads\/2021\/01\/Mokos_Pinceszet_programok_villanyi_borvidek_palkonya_2000x645_2-600x194.jpg 600w, https:\/\/mokos.hu\/wp-content\/uploads\/2021\/01\/Mokos_Pinceszet_programok_villanyi_borvidek_palkonya_2000x645_2-1536x495.jpg 1536w, https:\/\/mokos.hu\/wp-content\/uploads\/2021\/01\/Mokos_Pinceszet_programok_villanyi_borvidek_palkonya_2000x645_2.jpg 2000w\" sizes=\"(max-width: 1024px) 100vw, 1024px\" \/><\/figure>\n<p><strong>LISTINGS<\/strong><br \/>Die historische Kellerzeile, bestehend aus 53 Pressh\u00e4usern am Hang, bietet den Besuchern einen sch\u00f6nen Ausblick. Ber\u00fchmt ist au\u00dferdem die ebenfalls denkmalgesch\u00fctzte rote Kuppel der St.-Elisabeth-Kirche: Die katholische Kirche wurde von der Familie Batthy\u00e1ny erbaut und 1816 zu Ehren der Heiligen Elisabeth geweiht. Dar\u00fcber hinaus steht die H\u00e4lfte der H\u00e4user des Dorfes unter Denkmalschutz.<\/p>\n<p>Die Fischteiche von Palkonya bringen die Sch\u00f6nheit der Landschaft noch n\u00e4her, und ihre Ruhe ist eine erfrischende Erfahrung f\u00fcr diejenigen, die zum Angeln und Wandern kommen. In der Gegend gibt es eine Reihe von ausgeschilderten <strong>Wanderweg<\/strong>Es ist der Kreuzungspunkt der internationalen \"Drei Fl\u00fcsse\". <strong>Radtourenroute<\/strong> ist.<\/p>\n<p><strong>ERGEBNISSE<br \/><\/strong>Die Gemeinde war die erste in Ungarn, die den <strong>Europ\u00e4isches Kulturdorf<\/strong> Titel.<br \/>Dementsprechend bietet die Weinregion Vill\u00e1ny, zu der auch Palkonya geh\u00f6rt, ein breites Spektrum an kulturellen und gastronomischen Veranstaltungen.<\/p>\n<ul class=\"wp-block-list\">\n<li style=\"list-style-type: none;\">\n<ul class=\"wp-block-list\">\n<li>Die meistbesuchte und bekannteste Veranstaltung des Dorfes ist das <strong>Palkonya Pfingsten Offene Weinkeller<\/strong>. Das kleine Dorf verwandelt sich dann in ein Festzentrum mit ausgezeichneten Weinen, einem historischen Weinkeller, stimmungsvollen kulturellen Veranstaltungen und Konzerten mit volkst\u00fcmlicher Musik, die die Feierlichkeiten zu einem echten Erlebnis machen.<\/li>\n<li>Mit dem Beginn des Herbstes wird die <strong>Weinlese Offene Weinkeller<\/strong> bietet ein buntes, vom Fr\u00fchlingsfest inspiriertes Veranstaltungsprogramm.<\/li>\n<li>Palkonya ist einer der Veranstaltungsorte der zunehmend beliebten <strong>Devil's Den Festival<\/strong>zu.<\/li>\n<\/ul>\n<\/li>\n<\/ul>\n<p>\u00a0<\/p>\n<p><!-- \/wp:post-content --><\/p>\n<p><!-- wp:paragraph -->A falu \u00e9rdekess\u00e9g\u00e9hez tartozik m\u00e9g, hogy sz\u00e1mos k\u00e9pz\u0151m\u0171v\u00e9sz \u00e9s alkot\u00f3 ember k\u00f6lt\u00f6z\u00f6tt ide az elm\u00falt t\u00edz \u00e9vben, mint p\u00e9ld\u00e1ul Major Judit, Kiss Gy\u00f6rgy,\u00a0Gerald Kaske\u2026<\/p>\n<p><!-- \/wp:paragraph --><\/p>\n<p>\u00a0<\/p>\n<p><!-- wp:paragraph {\"align\":\"left\"} --><\/p>\n<p class=\"has-text-align-left\"><em><span style=\"color: #b0ae6a;\"><a style=\"color: #b0ae6a;\" href=\"https:\/\/mokos.hu\/de\/veranstaltungen\/\">Tov\u00e1bb az idei rendezv\u00e9nyekhez >><\/a><\/span><\/em><\/p>\n<p><!-- \/wp:paragraph --><\/p>\n<p>\u00a0<\/p>\n\n\t\t<\/div>\n\t<\/div>\n<\/div><\/div><\/div><\/div><\/div>","protected":false},"excerpt":{"rendered":"A Vill\u00e1nyi Borvid\u00e9k A Vill\u00e1nyi borvid\u00e9k m\u00e9lt\u00e1n v\u00e1lt az orsz\u00e1g legh\u00edresebb v\u00f6r\u00f6sborterm\u0151 vid\u00e9k\u00e9v\u00e9. Mit \u00e9rdemes tudni a borvid\u00e9kr\u0151l? &nbsp; az orsz\u00e1g legd\u00e9lebben fekv\u0151 borvid\u00e9ke, szubmediterr\u00e1n \u00e9ghajlat jellemzi, rendk\u00edv\u00fcl magas a&hellip;","protected":false},"author":6,"featured_media":27324,"parent":59,"menu_order":0,"comment_status":"closed","ping_status":"closed","template":"","meta":{"_acf_changed":false,"footnotes":""},"class_list":["post-5480","page","type-page","status-publish","has-post-thumbnail","hentry"],"acf":[],"yoast_head":"<!-- This site is optimized with the Yoast SEO plugin v27.5 - https:\/\/yoast.com\/product\/yoast-seo-wordpress\/ -->\n<title>Palkonya \u00e9s a Vill\u00e1nyi Borvid\u00e9k - MOKOS Pinc\u00e9szet<\/title>\n<meta name=\"description\" content=\"Palkonya \u00e9s a Vill\u00e1nyi borvid\u00e9k a testes v\u00f6r\u00f6sborok mellett izgalmas gasztrokultur\u00e1lis rendezv\u00e9nyek sor\u00e1val v\u00e1rja \u00d6nt is eg\u00e9sz \u00e9vben!\" \/>\n<meta name=\"robots\" content=\"index, follow, max-snippet:-1, max-image-preview:large, max-video-preview:-1\" \/>\n<link rel=\"canonical\" href=\"https:\/\/mokos.hu\/de\/mokospinceszet\/pods-fork-weinregionen\/\" \/>\n<meta property=\"og:locale\" content=\"de_DE\" \/>\n<meta property=\"og:type\" content=\"article\" \/>\n<meta property=\"og:title\" content=\"Palkonya \u00e9s a Vill\u00e1nyi Borvid\u00e9k - MOKOS Pinc\u00e9szet\" \/>\n<meta property=\"og:description\" content=\"Palkonya \u00e9s a Vill\u00e1nyi borvid\u00e9k a testes v\u00f6r\u00f6sborok mellett izgalmas gasztrokultur\u00e1lis rendezv\u00e9nyek sor\u00e1val v\u00e1rja \u00d6nt is eg\u00e9sz \u00e9vben!\" \/>\n<meta property=\"og:url\" content=\"https:\/\/mokos.hu\/de\/mokospinceszet\/pods-fork-weinregionen\/\" \/>\n<meta property=\"og:site_name\" content=\"MOKOS\" \/>\n<meta property=\"article:modified_time\" content=\"2025-04-03T07:41:48+00:00\" \/>\n<meta property=\"og:image\" content=\"https:\/\/mokos.hu\/wp-content\/uploads\/2025\/03\/MOKOS_Pinceszet_Szolobirtok-2-scaled.jpg\" \/>\n\t<meta property=\"og:image:width\" content=\"2560\" \/>\n\t<meta property=\"og:image:height\" content=\"1706\" \/>\n\t<meta property=\"og:image:type\" content=\"image\/jpeg\" \/>\n<meta name=\"twitter:card\" content=\"summary_large_image\" \/>\n<meta name=\"twitter:label1\" content=\"Gesch\u00e4tzte Lesezeit\" \/>\n\t<meta name=\"twitter:data1\" content=\"3\u00a0Minuten\" \/>\n<script type=\"application\/ld+json\" class=\"yoast-schema-graph\">{\"@context\":\"https:\\\/\\\/schema.org\",\"@graph\":[{\"@type\":\"WebPage\",\"@id\":\"https:\\\/\\\/mokos.hu\\\/mokospinceszet\\\/palkonya-villany-borvidek\\\/\",\"url\":\"https:\\\/\\\/mokos.hu\\\/mokospinceszet\\\/palkonya-villany-borvidek\\\/\",\"name\":\"Palkonya \u00e9s a Vill\u00e1nyi Borvid\u00e9k - MOKOS Pinc\u00e9szet\",\"isPartOf\":{\"@id\":\"https:\\\/\\\/mokos.hu\\\/#website\"},\"primaryImageOfPage\":{\"@id\":\"https:\\\/\\\/mokos.hu\\\/mokospinceszet\\\/palkonya-villany-borvidek\\\/#primaryimage\"},\"image\":{\"@id\":\"https:\\\/\\\/mokos.hu\\\/mokospinceszet\\\/palkonya-villany-borvidek\\\/#primaryimage\"},\"thumbnailUrl\":\"https:\\\/\\\/mokos.hu\\\/wp-content\\\/uploads\\\/2025\\\/03\\\/MOKOS_Pinceszet_Szolobirtok-2-scaled.jpg\",\"datePublished\":\"2017-05-05T11:54:00+00:00\",\"dateModified\":\"2025-04-03T07:41:48+00:00\",\"description\":\"Palkonya \u00e9s a Vill\u00e1nyi borvid\u00e9k a testes v\u00f6r\u00f6sborok mellett izgalmas gasztrokultur\u00e1lis rendezv\u00e9nyek sor\u00e1val v\u00e1rja \u00d6nt is eg\u00e9sz \u00e9vben!\",\"breadcrumb\":{\"@id\":\"https:\\\/\\\/mokos.hu\\\/mokospinceszet\\\/palkonya-villany-borvidek\\\/#breadcrumb\"},\"inLanguage\":\"de\",\"potentialAction\":[{\"@type\":\"ReadAction\",\"target\":[\"https:\\\/\\\/mokos.hu\\\/mokospinceszet\\\/palkonya-villany-borvidek\\\/\"]}]},{\"@type\":\"ImageObject\",\"inLanguage\":\"de\",\"@id\":\"https:\\\/\\\/mokos.hu\\\/mokospinceszet\\\/palkonya-villany-borvidek\\\/#primaryimage\",\"url\":\"https:\\\/\\\/mokos.hu\\\/wp-content\\\/uploads\\\/2025\\\/03\\\/MOKOS_Pinceszet_Szolobirtok-2-scaled.jpg\",\"contentUrl\":\"https:\\\/\\\/mokos.hu\\\/wp-content\\\/uploads\\\/2025\\\/03\\\/MOKOS_Pinceszet_Szolobirtok-2-scaled.jpg\",\"width\":2560,\"height\":1706},{\"@type\":\"BreadcrumbList\",\"@id\":\"https:\\\/\\\/mokos.hu\\\/mokospinceszet\\\/palkonya-villany-borvidek\\\/#breadcrumb\",\"itemListElement\":[{\"@type\":\"ListItem\",\"position\":1,\"name\":\"Home\",\"item\":\"https:\\\/\\\/mokos.hu\\\/\"},{\"@type\":\"ListItem\",\"position\":2,\"name\":\"Mokos Pinc\u00e9szet\",\"item\":\"https:\\\/\\\/mokos.hu\\\/mokospinceszet\\\/\"},{\"@type\":\"ListItem\",\"position\":3,\"name\":\"Palkonya \u00e9s a Vill\u00e1nyi Borvid\u00e9k\"}]},{\"@type\":\"WebSite\",\"@id\":\"https:\\\/\\\/mokos.hu\\\/#website\",\"url\":\"https:\\\/\\\/mokos.hu\\\/\",\"name\":\"MOKOS\",\"description\":\"Csal\u00e1di Pinc\u00e9szet, Palkonya\",\"publisher\":{\"@id\":\"https:\\\/\\\/mokos.hu\\\/#organization\"},\"potentialAction\":[{\"@type\":\"SearchAction\",\"target\":{\"@type\":\"EntryPoint\",\"urlTemplate\":\"https:\\\/\\\/mokos.hu\\\/?s={search_term_string}\"},\"query-input\":{\"@type\":\"PropertyValueSpecification\",\"valueRequired\":true,\"valueName\":\"search_term_string\"}}],\"inLanguage\":\"de\"},{\"@type\":\"Organization\",\"@id\":\"https:\\\/\\\/mokos.hu\\\/#organization\",\"name\":\"MOKOS\",\"url\":\"https:\\\/\\\/mokos.hu\\\/\",\"logo\":{\"@type\":\"ImageObject\",\"inLanguage\":\"de\",\"@id\":\"https:\\\/\\\/mokos.hu\\\/#\\\/schema\\\/logo\\\/image\\\/\",\"url\":\"https:\\\/\\\/mokos.hu\\\/wp-content\\\/uploads\\\/2018\\\/11\\\/cropped-Mokos_Villanyi-Borvidek-Palkonya-1.png\",\"contentUrl\":\"https:\\\/\\\/mokos.hu\\\/wp-content\\\/uploads\\\/2018\\\/11\\\/cropped-Mokos_Villanyi-Borvidek-Palkonya-1.png\",\"width\":1000,\"height\":245,\"caption\":\"MOKOS\"},\"image\":{\"@id\":\"https:\\\/\\\/mokos.hu\\\/#\\\/schema\\\/logo\\\/image\\\/\"}}]}<\/script>\n<!-- \/ Yoast SEO plugin. -->","yoast_head_json":{"title":"Palkonya und die Weinregion Vill\u00e1ny - MOKOS Weinkellerei","description":"Palkonya und die Weinregion Vill\u00e1ny bieten Ihnen das ganze Jahr \u00fcber neben vollmundigen Rotweinen auch eine Reihe spannender gastronomischer und kultureller Veranstaltungen!","robots":{"index":"index","follow":"follow","max-snippet":"max-snippet:-1","max-image-preview":"max-image-preview:large","max-video-preview":"max-video-preview:-1"},"canonical":"https:\/\/mokos.hu\/de\/mokospinceszet\/pods-fork-weinregionen\/","og_locale":"de_DE","og_type":"article","og_title":"Palkonya \u00e9s a Vill\u00e1nyi Borvid\u00e9k - MOKOS Pinc\u00e9szet","og_description":"Palkonya \u00e9s a Vill\u00e1nyi borvid\u00e9k a testes v\u00f6r\u00f6sborok mellett izgalmas gasztrokultur\u00e1lis rendezv\u00e9nyek sor\u00e1val v\u00e1rja \u00d6nt is eg\u00e9sz \u00e9vben!","og_url":"https:\/\/mokos.hu\/de\/mokospinceszet\/pods-fork-weinregionen\/","og_site_name":"MOKOS","article_modified_time":"2025-04-03T07:41:48+00:00","og_image":[{"width":2560,"height":1706,"url":"https:\/\/mokos.hu\/wp-content\/uploads\/2025\/03\/MOKOS_Pinceszet_Szolobirtok-2-scaled.jpg","type":"image\/jpeg"}],"twitter_card":"summary_large_image","twitter_misc":{"Gesch\u00e4tzte Lesezeit":"3\u00a0Minuten"},"schema":{"@context":"https:\/\/schema.org","@graph":[{"@type":"WebPage","@id":"https:\/\/mokos.hu\/mokospinceszet\/palkonya-villany-borvidek\/","url":"https:\/\/mokos.hu\/mokospinceszet\/palkonya-villany-borvidek\/","name":"Palkonya und die Weinregion Vill\u00e1ny - MOKOS Weinkellerei","isPartOf":{"@id":"https:\/\/mokos.hu\/#website"},"primaryImageOfPage":{"@id":"https:\/\/mokos.hu\/mokospinceszet\/palkonya-villany-borvidek\/#primaryimage"},"image":{"@id":"https:\/\/mokos.hu\/mokospinceszet\/palkonya-villany-borvidek\/#primaryimage"},"thumbnailUrl":"https:\/\/mokos.hu\/wp-content\/uploads\/2025\/03\/MOKOS_Pinceszet_Szolobirtok-2-scaled.jpg","datePublished":"2017-05-05T11:54:00+00:00","dateModified":"2025-04-03T07:41:48+00:00","description":"Palkonya und die Weinregion Vill\u00e1ny bieten Ihnen das ganze Jahr \u00fcber neben vollmundigen Rotweinen auch eine Reihe spannender gastronomischer und kultureller Veranstaltungen!","breadcrumb":{"@id":"https:\/\/mokos.hu\/mokospinceszet\/palkonya-villany-borvidek\/#breadcrumb"},"inLanguage":"de","potentialAction":[{"@type":"ReadAction","target":["https:\/\/mokos.hu\/mokospinceszet\/palkonya-villany-borvidek\/"]}]},{"@type":"ImageObject","inLanguage":"de","@id":"https:\/\/mokos.hu\/mokospinceszet\/palkonya-villany-borvidek\/#primaryimage","url":"https:\/\/mokos.hu\/wp-content\/uploads\/2025\/03\/MOKOS_Pinceszet_Szolobirtok-2-scaled.jpg","contentUrl":"https:\/\/mokos.hu\/wp-content\/uploads\/2025\/03\/MOKOS_Pinceszet_Szolobirtok-2-scaled.jpg","width":2560,"height":1706},{"@type":"BreadcrumbList","@id":"https:\/\/mokos.hu\/mokospinceszet\/palkonya-villany-borvidek\/#breadcrumb","itemListElement":[{"@type":"ListItem","position":1,"name":"Home","item":"https:\/\/mokos.hu\/"},{"@type":"ListItem","position":2,"name":"Mokos Pinc\u00e9szet","item":"https:\/\/mokos.hu\/mokospinceszet\/"},{"@type":"ListItem","position":3,"name":"Palkonya \u00e9s a Vill\u00e1nyi Borvid\u00e9k"}]},{"@type":"WebSite","@id":"https:\/\/mokos.hu\/#website","url":"https:\/\/mokos.hu\/","name":"MOKOS","description":"Familienweingut, Palkonya","publisher":{"@id":"https:\/\/mokos.hu\/#organization"},"potentialAction":[{"@type":"SearchAction","target":{"@type":"EntryPoint","urlTemplate":"https:\/\/mokos.hu\/?s={search_term_string}"},"query-input":{"@type":"PropertyValueSpecification","valueRequired":true,"valueName":"search_term_string"}}],"inLanguage":"de"},{"@type":"Organization","@id":"https:\/\/mokos.hu\/#organization","name":"MOKOS","url":"https:\/\/mokos.hu\/","logo":{"@type":"ImageObject","inLanguage":"de","@id":"https:\/\/mokos.hu\/#\/schema\/logo\/image\/","url":"https:\/\/mokos.hu\/wp-content\/uploads\/2018\/11\/cropped-Mokos_Villanyi-Borvidek-Palkonya-1.png","contentUrl":"https:\/\/mokos.hu\/wp-content\/uploads\/2018\/11\/cropped-Mokos_Villanyi-Borvidek-Palkonya-1.png","width":1000,"height":245,"caption":"MOKOS"},"image":{"@id":"https:\/\/mokos.hu\/#\/schema\/logo\/image\/"}}]}},"_links":{"self":[{"href":"https:\/\/mokos.hu\/de\/wp-json\/wp\/v2\/pages\/5480","targetHints":{"allow":["GET"]}}],"collection":[{"href":"https:\/\/mokos.hu\/de\/wp-json\/wp\/v2\/pages"}],"about":[{"href":"https:\/\/mokos.hu\/de\/wp-json\/wp\/v2\/types\/page"}],"author":[{"embeddable":true,"href":"https:\/\/mokos.hu\/de\/wp-json\/wp\/v2\/users\/6"}],"replies":[{"embeddable":true,"href":"https:\/\/mokos.hu\/de\/wp-json\/wp\/v2\/comments?post=5480"}],"version-history":[{"count":1,"href":"https:\/\/mokos.hu\/de\/wp-json\/wp\/v2\/pages\/5480\/revisions"}],"predecessor-version":[{"id":28142,"href":"https:\/\/mokos.hu\/de\/wp-json\/wp\/v2\/pages\/5480\/revisions\/28142"}],"up":[{"embeddable":true,"href":"https:\/\/mokos.hu\/de\/wp-json\/wp\/v2\/pages\/59"}],"wp:featuredmedia":[{"embeddable":true,"href":"https:\/\/mokos.hu\/de\/wp-json\/wp\/v2\/media\/27324"}],"wp:attachment":[{"href":"https:\/\/mokos.hu\/de\/wp-json\/wp\/v2\/media?parent=5480"}],"curies":[{"name":"wp","href":"https:\/\/api.w.org\/{rel}","templated":true}]}}