{"id":5253,"date":"2017-04-20T16:31:30","date_gmt":"2017-04-20T15:31:30","guid":{"rendered":"http:\/\/dev.vinolin.hu\/?page_id=5253"},"modified":"2025-03-28T10:39:48","modified_gmt":"2025-03-28T08:39:48","slug":"stromprogramm","status":"publish","type":"page","link":"https:\/\/mokos.hu\/de\/villany-program\/","title":{"rendered":"Veranstaltungen in Vill\u00e1ny"},"content":{"rendered":"<div class=\"wpb-content-wrapper\"><div class=\"vc_row wpb_row vc_row-fluid\"><div class=\"wpb_column vc_column_container vc_col-sm-3\"><div class=\"vc_column-inner\"><div class=\"wpb_wrapper\">\n\t<div  class=\"wpb_single_image wpb_content_element vc_align_center wpb_content_element\">\n\t\t\n\t\t<figure class=\"wpb_wrapper vc_figure\">\n\t\t\t<a href=\"https:\/\/mokos.hu\/de\/pincerol-pincere-variaciok-vincere-2022\/\" target=\"_self\" class=\"vc_single_image-wrapper   vc_box_border_grey\"><img fetchpriority=\"high\" decoding=\"async\" width=\"1024\" height=\"512\" src=\"https:\/\/mokos.hu\/wp-content\/uploads\/2020\/06\/Vince_nap_Villany-1024x512.jpg\" class=\"vc_single_image-img attachment-large\" alt=\"Vince_day_Villany_Villany_borderlands_Mokos_Pinceszet_program_event\" title=\"Vince_day_Villany_Villany_borderlands_Mokos_Pinceszet_program_event\" srcset=\"https:\/\/mokos.hu\/wp-content\/uploads\/2020\/06\/Vince_nap_Villany-1024x512.jpg 1024w, https:\/\/mokos.hu\/wp-content\/uploads\/2020\/06\/Vince_nap_Villany-1536x768.jpg 1536w\" sizes=\"(max-width: 1024px) 100vw, 1024px\" \/><\/a>\n\t\t<\/figure>\n\t<\/div>\n<\/div><\/div><\/div><div class=\"wpb_column vc_column_container vc_col-sm-9\"><div class=\"vc_column-inner\"><div class=\"wpb_wrapper\">\n\t<div class=\"wpb_text_column wpb_content_element\" >\n\t\t<div class=\"wpb_wrapper\">\n\t\t\t<h4><strong>Von Weinkeller zu Weinkeller - Variationen \u00fcber Vinc\u00e9\u00a0<\/strong><\/h4>\n<p>A r\u00e9gi szok\u00e1s szerint a sz\u0151l\u0151sgazd\u00e1k Szent Vince napj\u00e1n pinc\u00e9r\u0151l-pinc\u00e9re j\u00e1rva k\u00f3stolt\u00e1k meg egym\u00e1s borait, valamint az aznapi id\u0151j\u00e1r\u00e1sb\u00f3l \u00e9s a metszett \u201eVince vessz\u0151k\u201d \u00e1llapot\u00e1b\u00f3l j\u00f3solt\u00e1k meg a k\u00f6vetkez\u0151 sz\u00fcret gazdags\u00e1g\u00e1t. \u201eHa szent Vintze napja f\u00e9nylik, megtelik a pintze, \u00e9s sok j\u00f3 bort v\u00e1rhatni\u201d, vagyis a k\u00f6zismert id\u0151j\u00e1r\u00e1si regula szerint a j\u00f3 id\u0151 j\u00f3 term\u00e9st hoz. A Vince napi hagyom\u00e1nyoknak k\u00f6sz\u00f6nhet\u0151en a Vill\u00e1ny-Sikl\u00f3s bor\u00fat szervez\u00e9s\u00e9ben a\u00a0<strong>In den D\u00f6rfern des Weinbaugebiets Vill\u00e1ny finden jedes Jahr im Januar die Fass-, Weinberg- und Abendessenprogramme statt.<\/strong>, melynek \u00e1lland\u00f3 r\u00e9sztvev\u0151je a Mokos Pinc\u00e9szet is. Az esem\u00e9nyen r\u00e9sztvev\u0151 bor\u00e1szatok pincej\u00e1r\u00e1sra invit\u00e1lj\u00e1k a bor kedvel\u0151ket, melyhez hagyom\u00e1ny\u0151rz\u0151 bork\u00f3stol\u00f3, vessz\u0151fakaszt\u00e1s, j\u00e1t\u00e9kos vet\u00e9lked\u0151k \u00e9s isteni lakom\u00e1k is j\u00e1rulnak. Egy nap alatt ak\u00e1r 4-5 n\u00e9pszer\u0171 bor\u00e1szat is bej\u00e1rhat\u00f3, megismerhet\u0151 \u00e9s \u201cmegk\u00f3stolhat\u00f3\u201d. Buszos kir\u00e1ndul\u00e1s a borvid\u00e9ken, sz\u00f3rakoztat\u00f3 programok \u2013 mint pl. \u00e1sott borra vad\u00e1sz\u00e1s, \u00e1ldott term\u0151f\u00f6ld borral val\u00f3 locsol\u00e1sa, verseny dug\u00f3z\u00e1s, Vince vessz\u0151metsz\u00e9s \u2013 hord\u00f3s bork\u00f3stol\u00f3k, pincekoncertek \u00e9s a nap z\u00e1r\u00e1sak\u00e9nt remek borvacsora var\u00e1zsolja eml\u00e9kezetess\u00e9 a hagyom\u00e1nyos rendezv\u00e9nyt. <strong><em>Wir sehen uns 2026 wieder!\u00a0<\/em><em><a href=\"https:\/\/mokos.hu\/de\/stromprogramm\/pincerol-pincere-variaciok-vincere\/\">Tov\u00e1bbi r\u00e9szletek >><\/a><\/em><\/strong><\/p>\n\n\t\t<\/div>\n\t<\/div>\n<\/div><\/div><\/div><\/div><div class=\"vc_row wpb_row vc_row-fluid\"><div class=\"wpb_column vc_column_container vc_col-sm-3\"><div class=\"vc_column-inner\"><div class=\"wpb_wrapper\">\n\t<div  class=\"wpb_single_image wpb_content_element vc_align_center wpb_content_element\">\n\t\t\n\t\t<figure class=\"wpb_wrapper vc_figure\">\n\t\t\t<div class=\"vc_single_image-wrapper   vc_box_border_grey\"><img decoding=\"async\" width=\"567\" height=\"482\" src=\"https:\/\/mokos.hu\/wp-content\/uploads\/2017\/04\/borzsongas-logo-kicsi.jpg\" class=\"vc_single_image-img attachment-large\" alt=\"\" title=\"borzsongas-logo-kicsi\" srcset=\"https:\/\/mokos.hu\/wp-content\/uploads\/2017\/04\/borzsongas-logo-kicsi.jpg 567w, https:\/\/mokos.hu\/wp-content\/uploads\/2017\/04\/borzsongas-logo-kicsi-300x255.jpg 300w\" sizes=\"(max-width: 567px) 100vw, 567px\" \/><\/div>\n\t\t<\/figure>\n\t<\/div>\n<\/div><\/div><\/div><div class=\"wpb_column vc_column_container vc_col-sm-9\"><div class=\"vc_column-inner\"><div class=\"wpb_wrapper\">\n\t<div class=\"wpb_text_column wpb_content_element\" >\n\t\t<div class=\"wpb_wrapper\">\n\t\t\t<h4 dir=\"ltr\"><strong>Weinrausch in Vill\u00e1ny\u00a0<\/strong><\/h4>\n<p dir=\"ltr\"><strong>Vill\u00e1nyer Weinregion 4 Tage lang ein lebendiges Fr\u00fchlingsfest<\/strong>die ein breites Spektrum an Aktivit\u00e4ten bietet:<br \/>\nM\u00e1jusfa\u00e1ll\u00edt\u00e1s, Bor-\u00c1sz futball m\u00e9rk\u0151z\u00e9s, k\u00e9zm\u0171ves foglalkoz\u00e1sok, gyermekprogramok, d\u0171l\u0151- \u00e9s pincet\u00far\u00e1k. E mellett a m\u0171v\u00e9szeti \u00e9s kultur\u00e1lis programok is szerepet kapnak blues, jazz \u00e9s rock\u2019n\u2019roll koncertek, valamint a magyar t\u00e1nch\u00e1z el\u0151ad\u00e1sai r\u00e9v\u00e9n. A gasztron\u00f3mia kedvel\u0151it grill party, stifolderverseny, \u00e9telk\u00fcl\u00f6nlegess\u00e9gek sokas\u00e1ga \u00e9s term\u00e9szetesen a j\u00f3l megszokott vill\u00e1nyi borok v\u00e1rj\u00e1k. <strong><em><a href=\"https:\/\/villanyiborvidek.hu\/\" target=\"_blank\" rel=\"noopener\">Tov\u00e1bbi r\u00e9szletek >><\/a><\/em><\/strong><\/p>\n<h4 dir=\"ltr\"><\/h4>\n\n\t\t<\/div>\n\t<\/div>\n<\/div><\/div><\/div><\/div><div class=\"vc_row wpb_row vc_row-fluid\"><div class=\"wpb_column vc_column_container vc_col-sm-3\"><div class=\"vc_column-inner\"><div class=\"wpb_wrapper\">\n\t<div  class=\"wpb_single_image wpb_content_element vc_align_center wpb_content_element\">\n\t\t\n\t\t<figure class=\"wpb_wrapper vc_figure\">\n\t\t\t<div class=\"vc_single_image-wrapper   vc_box_border_grey\"><img decoding=\"async\" width=\"567\" height=\"154\" src=\"https:\/\/mokos.hu\/wp-content\/uploads\/2017\/04\/pentek-akkor-villany.jpg\" class=\"vc_single_image-img attachment-large\" alt=\"\" title=\"pentek-you-gold\" srcset=\"https:\/\/mokos.hu\/wp-content\/uploads\/2017\/04\/pentek-akkor-villany.jpg 567w, https:\/\/mokos.hu\/wp-content\/uploads\/2017\/04\/pentek-akkor-villany-300x81.jpg 300w\" sizes=\"(max-width: 567px) 100vw, 567px\" \/><\/div>\n\t\t<\/figure>\n\t<\/div>\n<\/div><\/div><\/div><div class=\"wpb_column vc_column_container vc_col-sm-9\"><div class=\"vc_column-inner\"><div class=\"wpb_wrapper\">\n\t<div class=\"wpb_text_column wpb_content_element\" >\n\t\t<div class=\"wpb_wrapper\">\n\t\t\t<h4><strong>Wenn Freitag, dann Vill\u00e1ny!<\/strong><\/h4>\n<p dir=\"ltr\">\u00dajra megrendez\u00e9sre ker\u00fcl a \u201eHa P\u00e9ntek akkor Vill\u00e1ny\u201d rendezv\u00e9nysorozat. P\u00e9ntekenk\u00e9nt k\u00fcl\u00f6nb\u00f6z\u0151 t\u00edpus\u00fa <strong>Open-Air-Konzerte der Volksmusik<\/strong> wird die Besucher nach Vill\u00e1ny locken, gefolgt von einem Stra\u00dfenfest bis zum Morgengrauen. Die Weinkellereien der Weinregion werden auf dem Veranstaltungsgel\u00e4nde vertreten sein, so dass die Weine von Vill\u00e1ny zur guten Stimmung beitragen werden. <em><strong><a href=\"https:\/\/www.villanyiborfesztivalok.com\/ha-p%C3%A9ntek-akkor-vill%C3%A1ny\" target=\"_blank\" rel=\"noopener\">Tov\u00e1bbi r\u00e9szletek >><\/a><\/strong><\/em><\/p>\n\n\t\t<\/div>\n\t<\/div>\n<\/div><\/div><\/div><\/div><div class=\"vc_row wpb_row vc_row-fluid\"><div class=\"wpb_column vc_column_container vc_col-sm-3\"><div class=\"vc_column-inner\"><div class=\"wpb_wrapper\">\n\t<div  class=\"wpb_single_image wpb_content_element vc_align_center wpb_content_element\">\n\t\t\n\t\t<figure class=\"wpb_wrapper vc_figure\">\n\t\t\t<div class=\"vc_single_image-wrapper   vc_box_border_grey\"><img loading=\"lazy\" decoding=\"async\" width=\"180\" height=\"149\" src=\"https:\/\/mokos.hu\/wp-content\/uploads\/2019\/02\/rozefesztival_evnelkul.png\" class=\"vc_single_image-img attachment-large\" alt=\"\" title=\"rozefesztival_evnelkul\" \/><\/div>\n\t\t<\/figure>\n\t<\/div>\n<\/div><\/div><\/div><div class=\"wpb_column vc_column_container vc_col-sm-9\"><div class=\"vc_column-inner\"><div class=\"wpb_wrapper\">\n\t<div class=\"wpb_text_column wpb_content_element\" >\n\t\t<div class=\"wpb_wrapper\">\n\t\t\t<h4><strong>Roz\u00e9-Festival<\/strong><\/h4>\n<p>Was gibt es in der Sommerhitze Besseres als einen eiskalten Ros\u00e9 nach einer sch\u00f6nen Joggingrunde? Das Roz\u00e9-Festival\u00a0<strong>eine der gr\u00f6\u00dften und stimmungsvollsten Veranstaltungen in der Weinregion<\/strong>, dessen\u00a0<strong>mit Schwerpunkt auf dem gro\u00dfen Sommerfavoriten, dem Ros\u00e9<\/strong>\u00a0verf\u00fcgbar. Das Rye Festival ist Teil des\u00a0<strong>Roz\u00e9Marathon-Lauf<\/strong> bei dem die Teilnehmer den Parcours in Karnevalsatmosph\u00e4re absolvieren, begleitet von Ros\u00e9-Schorlen und Himbeerschnaps. Neben der Geschwindigkeit geht es bei dem Rennen auch um Kreativit\u00e4t, denn die fantasievollsten Kost\u00fcme gewinnen eine Auswahl an Vill\u00e1nyer Roggen. Das Vill\u00e1nyer Roz\u00e9-Festival bietet eine rosa Kavalkade, eine lustige und sportliche Atmosph\u00e4re, Unterhaltungsmusik, ein Kost\u00fcmrennen und den Sommerfavoriten, die leichten Vill\u00e1nyer Roz\u00e9s. <em><a href=\"https:\/\/www.villanyiborfesztivalok.com\/roz%C3%A9-fesztiv%C3%A1l\" target=\"_blank\" rel=\"noopener\"><strong>Tov\u00e1bbi r\u00e9szletek>><\/strong><\/a><\/em><\/p>\n\n\t\t<\/div>\n\t<\/div>\n<\/div><\/div><\/div><\/div><div class=\"vc_row wpb_row vc_row-fluid\"><div class=\"wpb_column vc_column_container vc_col-sm-3\"><div class=\"vc_column-inner\"><div class=\"wpb_wrapper\">\n\t<div  class=\"wpb_single_image wpb_content_element vc_align_center wpb_content_element\">\n\t\t\n\t\t<figure class=\"wpb_wrapper vc_figure\">\n\t\t\t<div class=\"vc_single_image-wrapper   vc_box_border_grey\"><img loading=\"lazy\" decoding=\"async\" width=\"459\" height=\"440\" src=\"https:\/\/mokos.hu\/wp-content\/uploads\/2017\/04\/villanyi-vorosbor-fesztival.jpg\" class=\"vc_single_image-img attachment-large\" alt=\"\" title=\"Gabelf\u00fcrstliches Weinfest\" srcset=\"https:\/\/mokos.hu\/wp-content\/uploads\/2017\/04\/villanyi-vorosbor-fesztival.jpg 459w, https:\/\/mokos.hu\/wp-content\/uploads\/2017\/04\/villanyi-vorosbor-fesztival-300x288.jpg 300w\" sizes=\"(max-width: 459px) 100vw, 459px\" \/><\/div>\n\t\t<\/figure>\n\t<\/div>\n<\/div><\/div><\/div><div class=\"wpb_column vc_column_container vc_col-sm-9\"><div class=\"vc_column-inner\"><div class=\"wpb_wrapper\">\n\t<div class=\"wpb_text_column wpb_content_element\" >\n\t\t<div class=\"wpb_wrapper\">\n\t\t\t<h4><strong>Rotweinfest Vill\u00e1ny\u00a0<\/strong><\/h4>\n<p dir=\"ltr\"><strong>Das gr\u00f6\u00dfte und bekannteste Fest der Weinregion, bei dem die besten Rotweine von Vill\u00e1ny im Mittelpunkt stehen<\/strong>. Drei Tage lang erwarten die Besucher am ersten Oktoberwochenende, der Erntezeit, ein gro\u00dfer Ernteumzug, Konzerte, gastronomische und Kinderaktivit\u00e4ten. Die Weinkellereien, Brennereien und Handwerker von Vill\u00e1ny werden auf dem Vill\u00e1nyer Marktplatz und in den Stra\u00dfen von Vill\u00e1ny vertreten sein. Neben beliebten Volksmusikkapellen werden bekannte Volksmusiker, lokale Folklorevorf\u00fchrungen und Stra\u00dfentheaterauff\u00fchrungen ein tolles Kulturprogramm bieten. Das Vormittagsprogramm richtet sich an Familien, und ab dem fr\u00fchen Nachmittag ist f\u00fcr jeden etwas dabei. Und nat\u00fcrlich fehlen auch die gewohnt k\u00f6stlichen, vollmundigen Vill\u00e1nyer Weine nicht. Gute Stimmung ist an diesem langen Herbstwochenende mit abwechslungsreichem Programm garantiert!<strong><em> <a href=\"https:\/\/www.villanyiborfesztivalok.com\/v%C3%B6r%C3%B6sbor-fesztiv%C3%A1l\" target=\"_blank\" rel=\"noopener\">Tov\u00e1bbi r\u00e9szletek >><\/a><\/em><\/strong><\/p>\n\n\t\t<\/div>\n\t<\/div>\n<\/div><\/div><\/div><\/div><div class=\"vc_row wpb_row vc_row-fluid\"><div class=\"wpb_column vc_column_container vc_col-sm-3\"><div class=\"vc_column-inner\"><div class=\"wpb_wrapper\">\n\t<div  class=\"wpb_single_image wpb_content_element vc_align_center wpb_content_element\">\n\t\t\n\t\t<figure class=\"wpb_wrapper vc_figure\">\n\t\t\t<div class=\"vc_single_image-wrapper   vc_box_border_grey\"><img loading=\"lazy\" decoding=\"async\" width=\"1024\" height=\"683\" src=\"https:\/\/mokos.hu\/wp-content\/uploads\/2020\/01\/IMG_2218_1-1024x683.jpg\" class=\"vc_single_image-img attachment-large\" alt=\"strom_franc_und_franc\" title=\"\" srcset=\"https:\/\/mokos.hu\/wp-content\/uploads\/2020\/01\/IMG_2218_1-1024x683.jpg 1024w, https:\/\/mokos.hu\/wp-content\/uploads\/2020\/01\/IMG_2218_1-300x200.jpg 300w, https:\/\/mokos.hu\/wp-content\/uploads\/2020\/01\/IMG_2218_1-600x400.jpg 600w, https:\/\/mokos.hu\/wp-content\/uploads\/2020\/01\/IMG_2218_1-e1600687628816.jpg 1200w\" sizes=\"(max-width: 1024px) 100vw, 1024px\" \/><\/div>\n\t\t<\/figure>\n\t<\/div>\n<\/div><\/div><\/div><div class=\"wpb_column vc_column_container vc_col-sm-9\"><div class=\"vc_column-inner\"><div class=\"wpb_wrapper\">\n\t<div class=\"wpb_text_column wpb_content_element\" >\n\t\t<div class=\"wpb_wrapper\">\n\t\t\t<h4><strong>Franc & Franc F\u00f3rum \u00e9s K\u00f3stol\u00f3nap\u00a0<\/strong><\/h4>\n<p dir=\"ltr\"><strong>Das Weinbaugebiet Vill\u00e1ny ist erneut Gastgeber des Cabernet Franc-Gipfels in Vill\u00e1ny.<\/strong> Ein Fachforum mit Vortr\u00e4gen von renommierten nationalen und internationalen Experten. Die Veranstaltung wird nat\u00fcrlich auch die \u00fcblichen <strong>Pr\u00e4sentation Top12<\/strong> noch die Classicus-, Premium- und Super-Premium-Cabernet-Franc-Weine von Vill\u00e1ny. <strong><em><a href=\"https:\/\/villanyiborvidek.hu\/\" target=\"_blank\" rel=\"noopener\">Tov\u00e1bbi r\u00e9szletek >><\/a><\/em><\/strong><\/p>\n\n\t\t<\/div>\n\t<\/div>\n<\/div><\/div><\/div><\/div>\n<\/div>","protected":false},"excerpt":{"rendered":"Pinc\u00e9r\u0151l Pinc\u00e9re \u2013 Vari\u00e1ci\u00f3k Vinc\u00e9re\u00a0 A r\u00e9gi szok\u00e1s szerint a sz\u0151l\u0151sgazd\u00e1k Szent Vince napj\u00e1n pinc\u00e9r\u0151l-pinc\u00e9re j\u00e1rva k\u00f3stolt\u00e1k meg egym\u00e1s borait, valamint az aznapi id\u0151j\u00e1r\u00e1sb\u00f3l \u00e9s a metszett \"Vince vessz\u0151k\" \u00e1llapot\u00e1b\u00f3l&hellip;","protected":false},"author":6,"featured_media":0,"parent":0,"menu_order":0,"comment_status":"closed","ping_status":"closed","template":"","meta":{"_acf_changed":false,"footnotes":""},"class_list":["post-5253","page","type-page","status-publish","hentry"],"acf":[],"yoast_head":"<!-- This site is optimized with the Yoast SEO plugin v27.5 - https:\/\/yoast.com\/product\/yoast-seo-wordpress\/ -->\n<title>Vill\u00e1nyi Rendezv\u00e9nyek - MOKOS Pinc\u00e9szet - \u00c9lm\u00e9nyekkel t\u00f6ltve<\/title>\n<meta name=\"description\" content=\"V\u00f6r\u00f6sbor Fesztiv\u00e1l vagy Roz\u00e9 Maraton? Tal\u00e1lkozzunk a vill\u00e1nyi rendezv\u00e9nyek alatt is! Keresd a Mokost \u00e9s koccints vel\u00fcnk egy Vill\u00e1nyi Franc k\u00eds\u00e9ret\u00e9ben!\" \/>\n<meta name=\"robots\" content=\"index, follow, max-snippet:-1, max-image-preview:large, max-video-preview:-1\" \/>\n<link rel=\"canonical\" href=\"https:\/\/mokos.hu\/de\/stromprogramm\/\" \/>\n<meta property=\"og:locale\" content=\"de_DE\" \/>\n<meta property=\"og:type\" content=\"article\" \/>\n<meta property=\"og:title\" content=\"Vill\u00e1nyi Rendezv\u00e9nyek - MOKOS Pinc\u00e9szet - \u00c9lm\u00e9nyekkel t\u00f6ltve\" \/>\n<meta property=\"og:description\" content=\"V\u00f6r\u00f6sbor Fesztiv\u00e1l vagy Roz\u00e9 Maraton? Tal\u00e1lkozzunk a vill\u00e1nyi rendezv\u00e9nyek alatt is! Keresd a Mokost \u00e9s koccints vel\u00fcnk egy Vill\u00e1nyi Franc k\u00eds\u00e9ret\u00e9ben!\" \/>\n<meta property=\"og:url\" content=\"https:\/\/mokos.hu\/de\/stromprogramm\/\" \/>\n<meta property=\"og:site_name\" content=\"MOKOS\" \/>\n<meta property=\"article:modified_time\" content=\"2025-03-28T08:39:48+00:00\" \/>\n<meta name=\"twitter:card\" content=\"summary_large_image\" \/>\n<meta name=\"twitter:label1\" content=\"Gesch\u00e4tzte Lesezeit\" \/>\n\t<meta name=\"twitter:data1\" content=\"4\u00a0Minuten\" \/>\n<script type=\"application\/ld+json\" class=\"yoast-schema-graph\">{\"@context\":\"https:\\\/\\\/schema.org\",\"@graph\":[{\"@type\":\"WebPage\",\"@id\":\"https:\\\/\\\/mokos.hu\\\/villany-program\\\/\",\"url\":\"https:\\\/\\\/mokos.hu\\\/villany-program\\\/\",\"name\":\"Vill\u00e1nyi Rendezv\u00e9nyek - MOKOS Pinc\u00e9szet - \u00c9lm\u00e9nyekkel t\u00f6ltve\",\"isPartOf\":{\"@id\":\"https:\\\/\\\/mokos.hu\\\/#website\"},\"datePublished\":\"2017-04-20T15:31:30+00:00\",\"dateModified\":\"2025-03-28T08:39:48+00:00\",\"description\":\"V\u00f6r\u00f6sbor Fesztiv\u00e1l vagy Roz\u00e9 Maraton? Tal\u00e1lkozzunk a vill\u00e1nyi rendezv\u00e9nyek alatt is! Keresd a Mokost \u00e9s koccints vel\u00fcnk egy Vill\u00e1nyi Franc k\u00eds\u00e9ret\u00e9ben!\",\"breadcrumb\":{\"@id\":\"https:\\\/\\\/mokos.hu\\\/villany-program\\\/#breadcrumb\"},\"inLanguage\":\"de\",\"potentialAction\":[{\"@type\":\"ReadAction\",\"target\":[\"https:\\\/\\\/mokos.hu\\\/villany-program\\\/\"]}]},{\"@type\":\"BreadcrumbList\",\"@id\":\"https:\\\/\\\/mokos.hu\\\/villany-program\\\/#breadcrumb\",\"itemListElement\":[{\"@type\":\"ListItem\",\"position\":1,\"name\":\"Home\",\"item\":\"https:\\\/\\\/mokos.hu\\\/\"},{\"@type\":\"ListItem\",\"position\":2,\"name\":\"Vill\u00e1nyi Rendezv\u00e9nyek\"}]},{\"@type\":\"WebSite\",\"@id\":\"https:\\\/\\\/mokos.hu\\\/#website\",\"url\":\"https:\\\/\\\/mokos.hu\\\/\",\"name\":\"MOKOS\",\"description\":\"Csal\u00e1di Pinc\u00e9szet, Palkonya\",\"publisher\":{\"@id\":\"https:\\\/\\\/mokos.hu\\\/#organization\"},\"potentialAction\":[{\"@type\":\"SearchAction\",\"target\":{\"@type\":\"EntryPoint\",\"urlTemplate\":\"https:\\\/\\\/mokos.hu\\\/?s={search_term_string}\"},\"query-input\":{\"@type\":\"PropertyValueSpecification\",\"valueRequired\":true,\"valueName\":\"search_term_string\"}}],\"inLanguage\":\"de\"},{\"@type\":\"Organization\",\"@id\":\"https:\\\/\\\/mokos.hu\\\/#organization\",\"name\":\"MOKOS\",\"url\":\"https:\\\/\\\/mokos.hu\\\/\",\"logo\":{\"@type\":\"ImageObject\",\"inLanguage\":\"de\",\"@id\":\"https:\\\/\\\/mokos.hu\\\/#\\\/schema\\\/logo\\\/image\\\/\",\"url\":\"https:\\\/\\\/mokos.hu\\\/wp-content\\\/uploads\\\/2018\\\/11\\\/cropped-Mokos_Villanyi-Borvidek-Palkonya-1.png\",\"contentUrl\":\"https:\\\/\\\/mokos.hu\\\/wp-content\\\/uploads\\\/2018\\\/11\\\/cropped-Mokos_Villanyi-Borvidek-Palkonya-1.png\",\"width\":1000,\"height\":245,\"caption\":\"MOKOS\"},\"image\":{\"@id\":\"https:\\\/\\\/mokos.hu\\\/#\\\/schema\\\/logo\\\/image\\\/\"}}]}<\/script>\n<!-- \/ Yoast SEO plugin. -->","yoast_head_json":{"title":"Vill\u00e1ny Events - MOKOS Weinkellerei - Gef\u00fcllt mit Erlebnissen","description":"Rotweinfestival oder Roggenmarathon? Treffen wir uns w\u00e4hrend der Veranstaltungen in Vill\u00e1ny! Finden Sie Mokos und sto\u00dfen Sie mit uns mit einem Vill\u00e1nyer Franc an!","robots":{"index":"index","follow":"follow","max-snippet":"max-snippet:-1","max-image-preview":"max-image-preview:large","max-video-preview":"max-video-preview:-1"},"canonical":"https:\/\/mokos.hu\/de\/stromprogramm\/","og_locale":"de_DE","og_type":"article","og_title":"Vill\u00e1nyi Rendezv\u00e9nyek - MOKOS Pinc\u00e9szet - \u00c9lm\u00e9nyekkel t\u00f6ltve","og_description":"V\u00f6r\u00f6sbor Fesztiv\u00e1l vagy Roz\u00e9 Maraton? Tal\u00e1lkozzunk a vill\u00e1nyi rendezv\u00e9nyek alatt is! Keresd a Mokost \u00e9s koccints vel\u00fcnk egy Vill\u00e1nyi Franc k\u00eds\u00e9ret\u00e9ben!","og_url":"https:\/\/mokos.hu\/de\/stromprogramm\/","og_site_name":"MOKOS","article_modified_time":"2025-03-28T08:39:48+00:00","twitter_card":"summary_large_image","twitter_misc":{"Gesch\u00e4tzte Lesezeit":"4\u00a0Minuten"},"schema":{"@context":"https:\/\/schema.org","@graph":[{"@type":"WebPage","@id":"https:\/\/mokos.hu\/villany-program\/","url":"https:\/\/mokos.hu\/villany-program\/","name":"Vill\u00e1ny Events - MOKOS Weinkellerei - Gef\u00fcllt mit Erlebnissen","isPartOf":{"@id":"https:\/\/mokos.hu\/#website"},"datePublished":"2017-04-20T15:31:30+00:00","dateModified":"2025-03-28T08:39:48+00:00","description":"Rotweinfestival oder Roggenmarathon? Treffen wir uns w\u00e4hrend der Veranstaltungen in Vill\u00e1ny! Finden Sie Mokos und sto\u00dfen Sie mit uns mit einem Vill\u00e1nyer Franc an!","breadcrumb":{"@id":"https:\/\/mokos.hu\/villany-program\/#breadcrumb"},"inLanguage":"de","potentialAction":[{"@type":"ReadAction","target":["https:\/\/mokos.hu\/villany-program\/"]}]},{"@type":"BreadcrumbList","@id":"https:\/\/mokos.hu\/villany-program\/#breadcrumb","itemListElement":[{"@type":"ListItem","position":1,"name":"Home","item":"https:\/\/mokos.hu\/"},{"@type":"ListItem","position":2,"name":"Vill\u00e1nyi Rendezv\u00e9nyek"}]},{"@type":"WebSite","@id":"https:\/\/mokos.hu\/#website","url":"https:\/\/mokos.hu\/","name":"MOKOS","description":"Familienweingut, Palkonya","publisher":{"@id":"https:\/\/mokos.hu\/#organization"},"potentialAction":[{"@type":"SearchAction","target":{"@type":"EntryPoint","urlTemplate":"https:\/\/mokos.hu\/?s={search_term_string}"},"query-input":{"@type":"PropertyValueSpecification","valueRequired":true,"valueName":"search_term_string"}}],"inLanguage":"de"},{"@type":"Organization","@id":"https:\/\/mokos.hu\/#organization","name":"MOKOS","url":"https:\/\/mokos.hu\/","logo":{"@type":"ImageObject","inLanguage":"de","@id":"https:\/\/mokos.hu\/#\/schema\/logo\/image\/","url":"https:\/\/mokos.hu\/wp-content\/uploads\/2018\/11\/cropped-Mokos_Villanyi-Borvidek-Palkonya-1.png","contentUrl":"https:\/\/mokos.hu\/wp-content\/uploads\/2018\/11\/cropped-Mokos_Villanyi-Borvidek-Palkonya-1.png","width":1000,"height":245,"caption":"MOKOS"},"image":{"@id":"https:\/\/mokos.hu\/#\/schema\/logo\/image\/"}}]}},"_links":{"self":[{"href":"https:\/\/mokos.hu\/de\/wp-json\/wp\/v2\/pages\/5253","targetHints":{"allow":["GET"]}}],"collection":[{"href":"https:\/\/mokos.hu\/de\/wp-json\/wp\/v2\/pages"}],"about":[{"href":"https:\/\/mokos.hu\/de\/wp-json\/wp\/v2\/types\/page"}],"author":[{"embeddable":true,"href":"https:\/\/mokos.hu\/de\/wp-json\/wp\/v2\/users\/6"}],"replies":[{"embeddable":true,"href":"https:\/\/mokos.hu\/de\/wp-json\/wp\/v2\/comments?post=5253"}],"version-history":[{"count":0,"href":"https:\/\/mokos.hu\/de\/wp-json\/wp\/v2\/pages\/5253\/revisions"}],"wp:attachment":[{"href":"https:\/\/mokos.hu\/de\/wp-json\/wp\/v2\/media?parent=5253"}],"curies":[{"name":"wp","href":"https:\/\/api.w.org\/{rel}","templated":true}]}}