{"id":5246,"date":"2017-04-20T15:15:53","date_gmt":"2017-04-20T14:15:53","guid":{"rendered":"http:\/\/dev.vinolin.hu\/?page_id=5246"},"modified":"2025-01-21T14:25:12","modified_gmt":"2025-01-21T12:25:12","slug":"marton-tag-spas","status":"publish","type":"page","link":"https:\/\/mokos.hu\/de\/marton-napi-mulatsag\/","title":{"rendered":"Martinstag"},"content":{"rendered":"<div class=\"wpb-content-wrapper\"><div class=\"vc_row wpb_row vc_row-fluid\"><div class=\"wpb_column vc_column_container vc_col-sm-12\"><div class=\"vc_column-inner\"><div class=\"wpb_wrapper\">\n\t<div class=\"wpb_text_column wpb_content_element\" >\n\t\t<div class=\"wpb_wrapper\">\n\t\t\t<p><strong><img fetchpriority=\"high\" decoding=\"async\" class=\"aligncenter size-large wp-image-6941\" src=\"https:\/\/mokos.hu\/wp-content\/uploads\/2019\/02\/COV_Marton_nap_FB_ALTALANOS-1024x581.jpg\" alt=\"\" width=\"750\" height=\"426\" \/><\/strong><\/p>\n<p><strong>Der Martinstag ist der letzte Tag vor dem 40-t\u00e4gigen Adventsfasten, an dem gutes und reichhaltiges Essen und Fr\u00f6hlichkeit erlaubt sind.<\/strong> Das Martinsfest markierte das Ende des b\u00e4uerlichen Jahres, als die j\u00e4hrliche Arbeit auf dem Hof beendet war und die Winterruhe begann. Man glaubte, dass man das ganze Jahr \u00fcber hungern w\u00fcrde, wenn man am Martinstag keine Gans a\u00df. Und nach dem G\u00e4nseessen war es \u00fcblich, mit einem \"Martinsglas\", d. h. dem neuen, gerade gereiften Wein, anzusto\u00dfen.<\/p>\n<p><strong>Die Feier des neuen Weins am Martinstag ist eine langj\u00e4hrige Tradition im Weingut Mokos, und auch hier sind die neuen Weine und G\u00e4nsegeschm\u00e4cker die Hauptattraktion!<\/strong>\u00a0In unserem Weingut bieten wir ein einzigartiges gastronomisches Erlebnis mit einem G\u00e4nseessen am St. Martinstag und einer Ballparty f\u00fcr G\u00e4ste, die sich am\u00fcsieren wollen.<\/p>\n<h4><a href=\"https:\/\/mokos.hu\/de\/marton-ganse-tage-im-mokos-keller\/\"><strong><img decoding=\"async\" class=\"alignleft wp-image-8783\" src=\"https:\/\/mokos.hu\/wp-content\/uploads\/2020\/01\/COV_Marton_nap_Lakoma_d\u00e1tumn\u00e9lk\u00fcl-1024x581.jpg\" alt=\"COV_Marton_day_Lakoma_mokos_pinenceszet\" width=\"150\" height=\"85\" \/><\/strong><\/a><\/h4>\n<h4><a href=\"https:\/\/mokos.hu\/de\/marton-ganse-tage-im-mokos-keller\/\">Gehen Sie zu den Details des G\u00e4nseregals!<\/a><\/h4>\n<p>&nbsp;<\/p>\n<h4><\/h4>\n<p>&nbsp;<\/p>\n<h4><\/h4>\n\n\t\t<\/div>\n\t<\/div>\n<div class=\"vc_empty_space\"   style=\"height: 32px\"><span class=\"vc_empty_space_inner\"><\/span><\/div><div class=\"vc_row wpb_row vc_inner vc_row-fluid\"><div class=\"wpb_column vc_column_container vc_col-sm-2\"><div class=\"vc_column-inner\"><div class=\"wpb_wrapper\"><\/div><\/div><\/div><div class=\"wpb_column vc_column_container vc_col-sm-8\"><div class=\"vc_column-inner\"><div class=\"wpb_wrapper\">\n\t<div class=\"wpb_video_widget wpb_content_element vc_clearfix   vc_video-aspect-ratio-169 vc_video-el-width-100 vc_video-align-left\" >\n\t\t<div class=\"wpb_wrapper\">\n\t\t\t\n\t\t\t<div class=\"wpb_video_wrapper\"><iframe title=\"Martinstag im Weingut Mokos - Weinregion Vill\u00e1ny, Palkonya\" width=\"500\" height=\"281\" src=\"https:\/\/www.youtube.com\/embed\/ObWtIvFiCKo?feature=oembed\" frameborder=\"0\" allow=\"accelerometer; autoplay; clipboard-write; encrypted-media; gyroscope; picture-in-picture; web-share\" referrerpolicy=\"strict-origin-when-cross-origin\" allowfullscreen><\/iframe><\/div>\n\t\t<\/div>\n\t<\/div>\n<\/div><\/div><\/div><div class=\"wpb_column vc_column_container vc_col-sm-2\"><div class=\"vc_column-inner\"><div class=\"wpb_wrapper\"><\/div><\/div><\/div><\/div><div class=\"vc_empty_space\"   style=\"height: 32px\"><span class=\"vc_empty_space_inner\"><\/span><\/div>\n\t<div class=\"wpb_text_column wpb_content_element\" >\n\t\t<div class=\"wpb_wrapper\">\n\t\t\t<h4><strong>F\u00dcR WEITERE INFORMATIONEN WENDEN SIE SICH BITTE AN DIE FOLGENDEN KONTAKTADRESSEN:<\/strong><\/h4>\n<p><strong>Vikt\u00f3ria Mokos<em><br \/>\n<\/em>Telefon: +36 70\/ 425-0334<\/strong><\/p>\n<p><strong>Dalma Menr\u00e1th<em><br \/>\n<\/em>Telefon: +36 70\/ 509-8779<\/strong><\/p>\n<p><strong>E-Mail:\u00a0\u00a0<a href=\"mailto:szervezes@mokos.hu\">szervezes@mokos.hu<br \/>\n<\/a>7771, Palkonya, Hegyalja \u00fat 1.<\/strong><\/p>\n\n\t\t<\/div>\n\t<\/div>\n<\/div><\/div><\/div><\/div><div class=\"vc_row wpb_row vc_row-fluid\"><div class=\"wpb_column vc_column_container vc_col-sm-12\"><div class=\"vc_column-inner\"><div class=\"wpb_wrapper\"><\/div><\/div><\/div><\/div>\n<\/div>","protected":false},"excerpt":{"rendered":"M\u00e1rton nap a 40 napos adventi b\u00f6jt\u00f6t megel\u0151z\u0151 utols\u00f3 nap, amikor a j\u00f3\u00edz\u0171 \u00e9s gazdag falatoz\u00e1s, vigass\u00e1g megengedett. Szent M\u00e1rton napja jelentette a paraszti \u00e9v v\u00e9g\u00e9t, ilyenkor v\u00e9geztek az \u00e9ves&hellip;","protected":false},"author":6,"featured_media":6941,"parent":0,"menu_order":0,"comment_status":"closed","ping_status":"closed","template":"","meta":{"_acf_changed":false,"footnotes":""},"class_list":["post-5246","page","type-page","status-publish","has-post-thumbnail","hentry"],"acf":[],"yoast_head":"<!-- This site is optimized with the Yoast SEO plugin v27.1.1 - https:\/\/yoast.com\/product\/yoast-seo-wordpress\/ -->\n<title>M\u00e1rton Nap - Libalakoma a MOKOS Mokos Pinc\u00e9szetben<\/title>\n<meta name=\"description\" content=\"A M\u00e1rton-napi \u00fajbor\u00fcnnep t\u00f6bb \u00e9ves trad\u00edci\u00f3 a Mokos\u00a0Pinc\u00e9szetben, ekkor n\u00e1lunk is\u00a0 vill\u00e1nyi \u00fajborok \u00e9s a libalakoma kapja a f\u0151szerepet!\" \/>\n<meta name=\"robots\" content=\"index, follow, max-snippet:-1, max-image-preview:large, max-video-preview:-1\" \/>\n<link rel=\"canonical\" href=\"https:\/\/mokos.hu\/de\/marton-tag-spas\/\" \/>\n<meta property=\"og:locale\" content=\"de_DE\" \/>\n<meta property=\"og:type\" content=\"article\" \/>\n<meta property=\"og:title\" content=\"M\u00e1rton Nap - Libalakoma a MOKOS Mokos Pinc\u00e9szetben\" \/>\n<meta property=\"og:description\" content=\"A M\u00e1rton-napi \u00fajbor\u00fcnnep t\u00f6bb \u00e9ves trad\u00edci\u00f3 a Mokos\u00a0Pinc\u00e9szetben, ekkor n\u00e1lunk is\u00a0 vill\u00e1nyi \u00fajborok \u00e9s a libalakoma kapja a f\u0151szerepet!\" \/>\n<meta property=\"og:url\" content=\"https:\/\/mokos.hu\/de\/marton-tag-spas\/\" \/>\n<meta property=\"og:site_name\" content=\"MOKOS\" \/>\n<meta property=\"article:modified_time\" content=\"2025-01-21T12:25:12+00:00\" \/>\n<meta property=\"og:image\" content=\"https:\/\/mokos.hu\/wp-content\/uploads\/2019\/02\/COV_Marton_nap_FB_ALTALANOS-e1600692886174.jpg\" \/>\n\t<meta property=\"og:image:width\" content=\"1200\" \/>\n\t<meta property=\"og:image:height\" content=\"680\" \/>\n\t<meta property=\"og:image:type\" content=\"image\/jpeg\" \/>\n<meta name=\"twitter:card\" content=\"summary_large_image\" \/>\n<meta name=\"twitter:label1\" content=\"Gesch\u00e4tzte Lesezeit\" \/>\n\t<meta name=\"twitter:data1\" content=\"1\u00a0Minute\" \/>\n<script type=\"application\/ld+json\" class=\"yoast-schema-graph\">{\"@context\":\"https:\/\/schema.org\",\"@graph\":[{\"@type\":\"WebPage\",\"@id\":\"https:\/\/mokos.hu\/marton-napi-mulatsag\/\",\"url\":\"https:\/\/mokos.hu\/marton-napi-mulatsag\/\",\"name\":\"M\u00e1rton Nap - Libalakoma a MOKOS Mokos Pinc\u00e9szetben\",\"isPartOf\":{\"@id\":\"https:\/\/mokos.hu\/#website\"},\"primaryImageOfPage\":{\"@id\":\"https:\/\/mokos.hu\/marton-napi-mulatsag\/#primaryimage\"},\"image\":{\"@id\":\"https:\/\/mokos.hu\/marton-napi-mulatsag\/#primaryimage\"},\"thumbnailUrl\":\"https:\/\/mokos.hu\/wp-content\/uploads\/2019\/02\/COV_Marton_nap_FB_ALTALANOS-e1743242142698.jpg\",\"datePublished\":\"2017-04-20T14:15:53+00:00\",\"dateModified\":\"2025-01-21T12:25:12+00:00\",\"description\":\"A M\u00e1rton-napi \u00fajbor\u00fcnnep t\u00f6bb \u00e9ves trad\u00edci\u00f3 a Mokos\u00a0Pinc\u00e9szetben, ekkor n\u00e1lunk is\u00a0 vill\u00e1nyi \u00fajborok \u00e9s a libalakoma kapja a f\u0151szerepet!\",\"breadcrumb\":{\"@id\":\"https:\/\/mokos.hu\/marton-napi-mulatsag\/#breadcrumb\"},\"inLanguage\":\"de\",\"potentialAction\":[{\"@type\":\"ReadAction\",\"target\":[\"https:\/\/mokos.hu\/marton-napi-mulatsag\/\"]}]},{\"@type\":\"ImageObject\",\"inLanguage\":\"de\",\"@id\":\"https:\/\/mokos.hu\/marton-napi-mulatsag\/#primaryimage\",\"url\":\"https:\/\/mokos.hu\/wp-content\/uploads\/2019\/02\/COV_Marton_nap_FB_ALTALANOS-e1743242142698.jpg\",\"contentUrl\":\"https:\/\/mokos.hu\/wp-content\/uploads\/2019\/02\/COV_Marton_nap_FB_ALTALANOS-e1743242142698.jpg\",\"width\":1200,\"height\":424},{\"@type\":\"BreadcrumbList\",\"@id\":\"https:\/\/mokos.hu\/marton-napi-mulatsag\/#breadcrumb\",\"itemListElement\":[{\"@type\":\"ListItem\",\"position\":1,\"name\":\"Home\",\"item\":\"https:\/\/mokos.hu\/\"},{\"@type\":\"ListItem\",\"position\":2,\"name\":\"M\u00e1rton Nap\"}]},{\"@type\":\"WebSite\",\"@id\":\"https:\/\/mokos.hu\/#website\",\"url\":\"https:\/\/mokos.hu\/\",\"name\":\"MOKOS\",\"description\":\"Csal\u00e1di Pinc\u00e9szet, Palkonya\",\"publisher\":{\"@id\":\"https:\/\/mokos.hu\/#organization\"},\"potentialAction\":[{\"@type\":\"SearchAction\",\"target\":{\"@type\":\"EntryPoint\",\"urlTemplate\":\"https:\/\/mokos.hu\/?s={search_term_string}\"},\"query-input\":{\"@type\":\"PropertyValueSpecification\",\"valueRequired\":true,\"valueName\":\"search_term_string\"}}],\"inLanguage\":\"de\"},{\"@type\":\"Organization\",\"@id\":\"https:\/\/mokos.hu\/#organization\",\"name\":\"MOKOS\",\"url\":\"https:\/\/mokos.hu\/\",\"logo\":{\"@type\":\"ImageObject\",\"inLanguage\":\"de\",\"@id\":\"https:\/\/mokos.hu\/#\/schema\/logo\/image\/\",\"url\":\"https:\/\/mokos.hu\/wp-content\/uploads\/2018\/11\/cropped-Mokos_Villanyi-Borvidek-Palkonya-1.png\",\"contentUrl\":\"https:\/\/mokos.hu\/wp-content\/uploads\/2018\/11\/cropped-Mokos_Villanyi-Borvidek-Palkonya-1.png\",\"width\":1000,\"height\":245,\"caption\":\"MOKOS\"},\"image\":{\"@id\":\"https:\/\/mokos.hu\/#\/schema\/logo\/image\/\"}}]}<\/script>\n<!-- \/ Yoast SEO plugin. -->","yoast_head_json":{"title":"Martinstag - G\u00e4nsetag im Weingut MOKOS Mokos","description":"Die Feier der neuen Weine am Martinstag ist eine langj\u00e4hrige Tradition im Weingut Mokos, und auch hier gibt es neue Weine und G\u00e4nsegeschm\u00e4cker von Vill\u00e1ny!","robots":{"index":"index","follow":"follow","max-snippet":"max-snippet:-1","max-image-preview":"max-image-preview:large","max-video-preview":"max-video-preview:-1"},"canonical":"https:\/\/mokos.hu\/de\/marton-tag-spas\/","og_locale":"de_DE","og_type":"article","og_title":"M\u00e1rton Nap - Libalakoma a MOKOS Mokos Pinc\u00e9szetben","og_description":"A M\u00e1rton-napi \u00fajbor\u00fcnnep t\u00f6bb \u00e9ves trad\u00edci\u00f3 a Mokos\u00a0Pinc\u00e9szetben, ekkor n\u00e1lunk is\u00a0 vill\u00e1nyi \u00fajborok \u00e9s a libalakoma kapja a f\u0151szerepet!","og_url":"https:\/\/mokos.hu\/de\/marton-tag-spas\/","og_site_name":"MOKOS","article_modified_time":"2025-01-21T12:25:12+00:00","og_image":[{"width":1200,"height":680,"url":"https:\/\/mokos.hu\/wp-content\/uploads\/2019\/02\/COV_Marton_nap_FB_ALTALANOS-e1600692886174.jpg","type":"image\/jpeg"}],"twitter_card":"summary_large_image","twitter_misc":{"Gesch\u00e4tzte Lesezeit":"1\u00a0Minute"},"schema":{"@context":"https:\/\/schema.org","@graph":[{"@type":"WebPage","@id":"https:\/\/mokos.hu\/marton-napi-mulatsag\/","url":"https:\/\/mokos.hu\/marton-napi-mulatsag\/","name":"Martinstag - G\u00e4nsetag im Weingut MOKOS Mokos","isPartOf":{"@id":"https:\/\/mokos.hu\/#website"},"primaryImageOfPage":{"@id":"https:\/\/mokos.hu\/marton-napi-mulatsag\/#primaryimage"},"image":{"@id":"https:\/\/mokos.hu\/marton-napi-mulatsag\/#primaryimage"},"thumbnailUrl":"https:\/\/mokos.hu\/wp-content\/uploads\/2019\/02\/COV_Marton_nap_FB_ALTALANOS-e1743242142698.jpg","datePublished":"2017-04-20T14:15:53+00:00","dateModified":"2025-01-21T12:25:12+00:00","description":"Die Feier der neuen Weine am Martinstag ist eine langj\u00e4hrige Tradition im Weingut Mokos, und auch hier gibt es neue Weine und G\u00e4nsegeschm\u00e4cker von Vill\u00e1ny!","breadcrumb":{"@id":"https:\/\/mokos.hu\/marton-napi-mulatsag\/#breadcrumb"},"inLanguage":"de","potentialAction":[{"@type":"ReadAction","target":["https:\/\/mokos.hu\/marton-napi-mulatsag\/"]}]},{"@type":"ImageObject","inLanguage":"de","@id":"https:\/\/mokos.hu\/marton-napi-mulatsag\/#primaryimage","url":"https:\/\/mokos.hu\/wp-content\/uploads\/2019\/02\/COV_Marton_nap_FB_ALTALANOS-e1743242142698.jpg","contentUrl":"https:\/\/mokos.hu\/wp-content\/uploads\/2019\/02\/COV_Marton_nap_FB_ALTALANOS-e1743242142698.jpg","width":1200,"height":424},{"@type":"BreadcrumbList","@id":"https:\/\/mokos.hu\/marton-napi-mulatsag\/#breadcrumb","itemListElement":[{"@type":"ListItem","position":1,"name":"Home","item":"https:\/\/mokos.hu\/"},{"@type":"ListItem","position":2,"name":"M\u00e1rton Nap"}]},{"@type":"WebSite","@id":"https:\/\/mokos.hu\/#website","url":"https:\/\/mokos.hu\/","name":"MOKOS","description":"Familienweingut, Palkonya","publisher":{"@id":"https:\/\/mokos.hu\/#organization"},"potentialAction":[{"@type":"SearchAction","target":{"@type":"EntryPoint","urlTemplate":"https:\/\/mokos.hu\/?s={search_term_string}"},"query-input":{"@type":"PropertyValueSpecification","valueRequired":true,"valueName":"search_term_string"}}],"inLanguage":"de"},{"@type":"Organization","@id":"https:\/\/mokos.hu\/#organization","name":"MOKOS","url":"https:\/\/mokos.hu\/","logo":{"@type":"ImageObject","inLanguage":"de","@id":"https:\/\/mokos.hu\/#\/schema\/logo\/image\/","url":"https:\/\/mokos.hu\/wp-content\/uploads\/2018\/11\/cropped-Mokos_Villanyi-Borvidek-Palkonya-1.png","contentUrl":"https:\/\/mokos.hu\/wp-content\/uploads\/2018\/11\/cropped-Mokos_Villanyi-Borvidek-Palkonya-1.png","width":1000,"height":245,"caption":"MOKOS"},"image":{"@id":"https:\/\/mokos.hu\/#\/schema\/logo\/image\/"}}]}},"_links":{"self":[{"href":"https:\/\/mokos.hu\/de\/wp-json\/wp\/v2\/pages\/5246","targetHints":{"allow":["GET"]}}],"collection":[{"href":"https:\/\/mokos.hu\/de\/wp-json\/wp\/v2\/pages"}],"about":[{"href":"https:\/\/mokos.hu\/de\/wp-json\/wp\/v2\/types\/page"}],"author":[{"embeddable":true,"href":"https:\/\/mokos.hu\/de\/wp-json\/wp\/v2\/users\/6"}],"replies":[{"embeddable":true,"href":"https:\/\/mokos.hu\/de\/wp-json\/wp\/v2\/comments?post=5246"}],"version-history":[{"count":0,"href":"https:\/\/mokos.hu\/de\/wp-json\/wp\/v2\/pages\/5246\/revisions"}],"wp:featuredmedia":[{"embeddable":true,"href":"https:\/\/mokos.hu\/de\/wp-json\/wp\/v2\/media\/6941"}],"wp:attachment":[{"href":"https:\/\/mokos.hu\/de\/wp-json\/wp\/v2\/media?parent=5246"}],"curies":[{"name":"wp","href":"https:\/\/api.w.org\/{rel}","templated":true}]}}