{"id":5160,"date":"2017-04-19T13:40:11","date_gmt":"2017-04-19T12:40:11","guid":{"rendered":"http:\/\/dev.vinolin.hu\/?page_id=5160"},"modified":"2025-01-21T14:25:13","modified_gmt":"2025-01-21T12:25:13","slug":"borvegas","status":"publish","type":"page","link":"https:\/\/mokos.hu\/de\/rendezvenyek\/csapatepito-programok\/borvegas\/","title":{"rendered":"BorVegas"},"content":{"rendered":"<h3><\/h3>\n<h3>Borvegas<\/h3>\n<h4><strong>Suchen Sie nach einem spannenden, unterhaltsamen und informellen Teambuilding-Programm? <\/strong><\/h4>\n<p><strong>Dann entscheiden Sie sich f\u00fcr unser Teambuilding-Angebot BorVegas, bei dem Sie nicht nur Gl\u00fcck, sondern auch ausgezeichnete Wein- und Schnaps-Kenntnisse sowie eine gute Nase und einen guten Gaumen brauchen!<\/strong><\/p>\n<p><strong><img fetchpriority=\"high\" decoding=\"async\" class=\"aligncenter wp-image-6285 size-full\" src=\"https:\/\/mokos.hu\/wp-content\/uploads\/2019\/02\/SIDEBAR_KIEMELT_1000x557_BORVEGAS-e1600673535200.png\" alt=\"\" width=\"600\" height=\"355\" srcset=\"https:\/\/mokos.hu\/wp-content\/uploads\/2019\/02\/SIDEBAR_KIEMELT_1000x557_BORVEGAS-e1600673535200.png 600w, https:\/\/mokos.hu\/wp-content\/uploads\/2019\/02\/SIDEBAR_KIEMELT_1000x557_BORVEGAS-e1600673535200-300x178.png 300w\" sizes=\"(max-width: 600px) 100vw, 600px\" \/><\/strong><\/p>\n<p>&nbsp;<\/p>\n<p><strong>Unser BorVegas-Teambuilding-Programm umfasst 3 \u00dcbungen<\/strong>das von bis zu 2-6 Teams gleichzeitig gespielt werden kann.<\/p>\n<ul>\n<li>Beim ersten Weinspiel \u00fcberhaupt ist der Roulettetisch keine Zahlentabelle, sondern eine Tabelle mit den ungarischen Weinregionen sowie verschiedenen Rebsorten, Alkoholgehalten und anderen Weinmerkmalen, f\u00fcr die die Spieler mit Chips stimmen k\u00f6nnen. Das Spiel beginnt mit einer Blindverkostung von Weinen aus verschiedenen Weinregionen und Weing\u00fctern. Nach der Verkostung wetten die Mitspieler auf die Eigenschaften des Weins (Weinregion, Rebsorte, Alkoholgehalt, Reifungsmethode usw.). Ziel ist es, die meisten Chips zu sammeln! In einer Runde sind 5 verschiedene Weine zu verkosten.<\/li>\n<li>Beim zweiten Weinverkostungsspiel k\u00f6nnen die Teams ihr Gl\u00fcck bei WineJack versuchen. Bei unserem WineJack-Spiel m\u00fcssen die Teams versuchen, mit ihren Karten so nah wie m\u00f6glich an 21 Punkte heranzukommen und dann anhand ihrer Ergebnisse Mokos-Weine zu verkosten.<\/li>\n<li>Bei unserem dritten Spiel (Weinregions-Memory) m\u00fcssen die Teammitglieder ihr gutes Ged\u00e4chtnis trainieren, w\u00e4hrend sie durch Spielen und Weintrinken etwas \u00fcber die Weinregion Vill\u00e1ny lernen.<\/li>\n<\/ul>\n<p>Das Spiel ist ab einer Mindestteilnehmerzahl von 10 Personen oder gegen Zahlung des Preises f\u00fcr 10 Personen erh\u00e4ltlich.<\/p>\n<p><span style=\"color: #000000;\"><b>Das Gl\u00fcck ist wankelm\u00fctig, aber der Appetit ist best\u00e4ndig. <\/b><\/span><\/p>\n<h4><span style=\"color: #000000;\"><b>Vereinbaren Sie im Voraus einen Termin mit unserem Personal und erhalten Sie unsere personalisierten Angebote im Weingut Mokos!<\/b><\/span><\/h4>\n<p>&nbsp;<\/p>\n<h5>Personalisierte <a href=\"https:\/\/mokos.hu\/de\/arajanlatkeres\/#1549628038713-ce557502-38e5\"><strong>Fordern Sie hier ein Angebot an!<\/strong><\/a><\/h5>\n<h5><span style=\"color: #000000;\"><strong>Weitere Informationen und Anmeldung<\/strong><\/span><\/h5>\n<p>Die Teilnahme ist von einer Vorabregistrierung und Anmeldung abh\u00e4ngig.<strong><br \/>\n<\/strong><\/p>\n<p>Vikt\u00f3ria Mokos | +36 70 425 0334<\/p>\n<p>Dalma Menr\u00e1th | +36 70 509 8779<\/p>\n<p>E-Mail:\u00a0 <a href=\"mailto:szervezes@mokos.hu\">szervezes@mokos.hu |\u00a0<\/a><strong>Ort: das Weingut der Familie Mokos<\/strong>, 7771 Palkonya, Hegyalja u. 1.<\/p>\n<p>Bestell- und Buchungsrichtlinien <a href=\"https:\/\/mokos.hu\/de\/uzlet\/regeln\/\">HIER<\/a> reicht.<\/p>\n<p><span style=\"color: #000000;\"><strong>Das Weingut MOKOS ist ein hervorragender Ort und eine hervorragende Gelegenheit, um Teambuilding-Veranstaltungen f\u00fcr Unternehmen zu organisieren. Wir freuen uns \u00fcber Bewerbungen von kleinen und gro\u00dfen Gruppen mit Erfahrung in der Weinlese und teambildenden Spielen. F\u00fcr individuelle Angebote kontaktieren Sie uns bitte unter <a style=\"color: #000000;\" href=\"mailto:szervezes@mokos.hu\">szervezes@mokos.hu<\/a>\u00a0per E-Mail.<\/strong><\/span><\/p>\n<hr \/>\n<h4><strong>Unterkunft:<\/strong><\/h4>\n<div><strong>G\u00f6nnen Sie sich eine Pause vom actiongeladenen Programm<\/strong> verkehrsg\u00fcnstig gelegen in Vill\u00e1nyk\u00f6ves<a href=\"http:\/\/hotelcabernet.hu\/csomag\/csapatepito_program_villany_nyomozos_borozos\/\"><strong> Hotel Cabernet*** <\/strong><\/a>-in.<\/div>\n<div><a href=\"https:\/\/hotelcabernet.hu\/csomag\/elmeny-csapatepites-program-villany-borvegas\/\" target=\"_blank\" rel=\"noopener\"><b>Teambuilding-Paketangebot mit Unterkunft hier!<\/b><\/a><\/div>\n<div><\/div>\n<div>\n<hr \/>\n<\/div>","protected":false},"excerpt":{"rendered":"<p>Borvegas Izgalmas, sz\u00f3rakoztat\u00f3 \u00e9s k\u00f6tetlen csapat\u00e9p\u00edt\u0151 programot keresel? Akkor v\u00e1laszd BorVegas csapat\u00e9p\u00edt\u0151 aj\u00e1nlatunkat, ahol\u00a0\u00a0a szerencse mellett sz\u00fcks\u00e9g lesz a csapattagok kiv\u00e1l\u00f3 bor- \u00e9s p\u00e1linka ismeret\u00e9re, valamint j\u00f3 orr\u00e1ra-\u00edzlel\u00e9s\u00e9re is! &nbsp;&hellip;<\/p>","protected":false},"author":6,"featured_media":0,"parent":21,"menu_order":0,"comment_status":"closed","ping_status":"closed","template":"","meta":{"_acf_changed":false,"footnotes":""},"class_list":["post-5160","page","type-page","status-publish","hentry"],"acf":[],"yoast_head":"<!-- This site is optimized with the Yoast SEO plugin v27.1.1 - https:\/\/yoast.com\/product\/yoast-seo-wordpress\/ -->\n<title>BorVegas - MOKOS<\/title>\n<meta name=\"robots\" content=\"index, follow, max-snippet:-1, max-image-preview:large, max-video-preview:-1\" \/>\n<link rel=\"canonical\" href=\"https:\/\/mokos.hu\/de\/veranstaltungen\/teamforderungsprogramme\/borvegas\/\" \/>\n<meta property=\"og:locale\" content=\"de_DE\" \/>\n<meta property=\"og:type\" content=\"article\" \/>\n<meta property=\"og:title\" content=\"BorVegas - MOKOS\" \/>\n<meta property=\"og:description\" content=\"Borvegas Izgalmas, sz\u00f3rakoztat\u00f3 \u00e9s k\u00f6tetlen csapat\u00e9p\u00edt\u0151 programot keresel? Akkor v\u00e1laszd BorVegas csapat\u00e9p\u00edt\u0151 aj\u00e1nlatunkat, ahol\u00a0\u00a0a szerencse mellett sz\u00fcks\u00e9g lesz a csapattagok kiv\u00e1l\u00f3 bor- \u00e9s p\u00e1linka ismeret\u00e9re, valamint j\u00f3 orr\u00e1ra-\u00edzlel\u00e9s\u00e9re is! &nbsp;&hellip;\" \/>\n<meta property=\"og:url\" content=\"https:\/\/mokos.hu\/de\/veranstaltungen\/teamforderungsprogramme\/borvegas\/\" \/>\n<meta property=\"og:site_name\" content=\"MOKOS\" \/>\n<meta property=\"article:modified_time\" content=\"2025-01-21T12:25:13+00:00\" \/>\n<meta property=\"og:image\" content=\"https:\/\/mokos.hu\/wp-content\/uploads\/2019\/02\/SIDEBAR_KIEMELT_1000x557_BORVEGAS-e1600673535200.png\" \/>\n\t<meta property=\"og:image:width\" content=\"600\" \/>\n\t<meta property=\"og:image:height\" content=\"355\" \/>\n\t<meta property=\"og:image:type\" content=\"image\/png\" \/>\n<meta name=\"twitter:card\" content=\"summary_large_image\" \/>\n<meta name=\"twitter:label1\" content=\"Gesch\u00e4tzte Lesezeit\" \/>\n\t<meta name=\"twitter:data1\" content=\"2\u00a0Minuten\" \/>\n<script type=\"application\/ld+json\" class=\"yoast-schema-graph\">{\"@context\":\"https:\/\/schema.org\",\"@graph\":[{\"@type\":\"WebPage\",\"@id\":\"https:\/\/mokos.hu\/rendezvenyek\/csapatepito-programok\/borvegas\/\",\"url\":\"https:\/\/mokos.hu\/rendezvenyek\/csapatepito-programok\/borvegas\/\",\"name\":\"BorVegas - MOKOS\",\"isPartOf\":{\"@id\":\"https:\/\/mokos.hu\/#website\"},\"primaryImageOfPage\":{\"@id\":\"https:\/\/mokos.hu\/rendezvenyek\/csapatepito-programok\/borvegas\/#primaryimage\"},\"image\":{\"@id\":\"https:\/\/mokos.hu\/rendezvenyek\/csapatepito-programok\/borvegas\/#primaryimage\"},\"thumbnailUrl\":\"https:\/\/mokos.hu\/wp-content\/uploads\/2019\/02\/SIDEBAR_KIEMELT_1000x557_BORVEGAS-e1600673535200.png\",\"datePublished\":\"2017-04-19T12:40:11+00:00\",\"dateModified\":\"2025-01-21T12:25:13+00:00\",\"breadcrumb\":{\"@id\":\"https:\/\/mokos.hu\/rendezvenyek\/csapatepito-programok\/borvegas\/#breadcrumb\"},\"inLanguage\":\"de\",\"potentialAction\":[{\"@type\":\"ReadAction\",\"target\":[\"https:\/\/mokos.hu\/rendezvenyek\/csapatepito-programok\/borvegas\/\"]}]},{\"@type\":\"ImageObject\",\"inLanguage\":\"de\",\"@id\":\"https:\/\/mokos.hu\/rendezvenyek\/csapatepito-programok\/borvegas\/#primaryimage\",\"url\":\"https:\/\/mokos.hu\/wp-content\/uploads\/2019\/02\/SIDEBAR_KIEMELT_1000x557_BORVEGAS-e1600673535200.png\",\"contentUrl\":\"https:\/\/mokos.hu\/wp-content\/uploads\/2019\/02\/SIDEBAR_KIEMELT_1000x557_BORVEGAS-e1600673535200.png\"},{\"@type\":\"BreadcrumbList\",\"@id\":\"https:\/\/mokos.hu\/rendezvenyek\/csapatepito-programok\/borvegas\/#breadcrumb\",\"itemListElement\":[{\"@type\":\"ListItem\",\"position\":1,\"name\":\"Home\",\"item\":\"https:\/\/mokos.hu\/\"},{\"@type\":\"ListItem\",\"position\":2,\"name\":\"Rendezv\u00e9nyek\",\"item\":\"https:\/\/mokos.hu\/rendezvenyek\/\"},{\"@type\":\"ListItem\",\"position\":3,\"name\":\"Csapat\u00e9p\u00edt\u0151k\",\"item\":\"https:\/\/mokos.hu\/rendezvenyek\/csapatepito-programok\/\"},{\"@type\":\"ListItem\",\"position\":4,\"name\":\"BorVegas\"}]},{\"@type\":\"WebSite\",\"@id\":\"https:\/\/mokos.hu\/#website\",\"url\":\"https:\/\/mokos.hu\/\",\"name\":\"MOKOS\",\"description\":\"Csal\u00e1di Pinc\u00e9szet, Palkonya\",\"publisher\":{\"@id\":\"https:\/\/mokos.hu\/#organization\"},\"potentialAction\":[{\"@type\":\"SearchAction\",\"target\":{\"@type\":\"EntryPoint\",\"urlTemplate\":\"https:\/\/mokos.hu\/?s={search_term_string}\"},\"query-input\":{\"@type\":\"PropertyValueSpecification\",\"valueRequired\":true,\"valueName\":\"search_term_string\"}}],\"inLanguage\":\"de\"},{\"@type\":\"Organization\",\"@id\":\"https:\/\/mokos.hu\/#organization\",\"name\":\"MOKOS\",\"url\":\"https:\/\/mokos.hu\/\",\"logo\":{\"@type\":\"ImageObject\",\"inLanguage\":\"de\",\"@id\":\"https:\/\/mokos.hu\/#\/schema\/logo\/image\/\",\"url\":\"https:\/\/mokos.hu\/wp-content\/uploads\/2018\/11\/cropped-Mokos_Villanyi-Borvidek-Palkonya-1.png\",\"contentUrl\":\"https:\/\/mokos.hu\/wp-content\/uploads\/2018\/11\/cropped-Mokos_Villanyi-Borvidek-Palkonya-1.png\",\"width\":1000,\"height\":245,\"caption\":\"MOKOS\"},\"image\":{\"@id\":\"https:\/\/mokos.hu\/#\/schema\/logo\/image\/\"}}]}<\/script>\n<!-- \/ Yoast SEO plugin. -->","yoast_head_json":{"title":"BorVegas - MOKOS","robots":{"index":"index","follow":"follow","max-snippet":"max-snippet:-1","max-image-preview":"max-image-preview:large","max-video-preview":"max-video-preview:-1"},"canonical":"https:\/\/mokos.hu\/de\/veranstaltungen\/teamforderungsprogramme\/borvegas\/","og_locale":"de_DE","og_type":"article","og_title":"BorVegas - MOKOS","og_description":"Borvegas Izgalmas, sz\u00f3rakoztat\u00f3 \u00e9s k\u00f6tetlen csapat\u00e9p\u00edt\u0151 programot keresel? Akkor v\u00e1laszd BorVegas csapat\u00e9p\u00edt\u0151 aj\u00e1nlatunkat, ahol\u00a0\u00a0a szerencse mellett sz\u00fcks\u00e9g lesz a csapattagok kiv\u00e1l\u00f3 bor- \u00e9s p\u00e1linka ismeret\u00e9re, valamint j\u00f3 orr\u00e1ra-\u00edzlel\u00e9s\u00e9re is! &nbsp;&hellip;","og_url":"https:\/\/mokos.hu\/de\/veranstaltungen\/teamforderungsprogramme\/borvegas\/","og_site_name":"MOKOS","article_modified_time":"2025-01-21T12:25:13+00:00","og_image":[{"width":600,"height":355,"url":"https:\/\/mokos.hu\/wp-content\/uploads\/2019\/02\/SIDEBAR_KIEMELT_1000x557_BORVEGAS-e1600673535200.png","type":"image\/png"}],"twitter_card":"summary_large_image","twitter_misc":{"Gesch\u00e4tzte Lesezeit":"2\u00a0Minuten"},"schema":{"@context":"https:\/\/schema.org","@graph":[{"@type":"WebPage","@id":"https:\/\/mokos.hu\/rendezvenyek\/csapatepito-programok\/borvegas\/","url":"https:\/\/mokos.hu\/rendezvenyek\/csapatepito-programok\/borvegas\/","name":"BorVegas - MOKOS","isPartOf":{"@id":"https:\/\/mokos.hu\/#website"},"primaryImageOfPage":{"@id":"https:\/\/mokos.hu\/rendezvenyek\/csapatepito-programok\/borvegas\/#primaryimage"},"image":{"@id":"https:\/\/mokos.hu\/rendezvenyek\/csapatepito-programok\/borvegas\/#primaryimage"},"thumbnailUrl":"https:\/\/mokos.hu\/wp-content\/uploads\/2019\/02\/SIDEBAR_KIEMELT_1000x557_BORVEGAS-e1600673535200.png","datePublished":"2017-04-19T12:40:11+00:00","dateModified":"2025-01-21T12:25:13+00:00","breadcrumb":{"@id":"https:\/\/mokos.hu\/rendezvenyek\/csapatepito-programok\/borvegas\/#breadcrumb"},"inLanguage":"de","potentialAction":[{"@type":"ReadAction","target":["https:\/\/mokos.hu\/rendezvenyek\/csapatepito-programok\/borvegas\/"]}]},{"@type":"ImageObject","inLanguage":"de","@id":"https:\/\/mokos.hu\/rendezvenyek\/csapatepito-programok\/borvegas\/#primaryimage","url":"https:\/\/mokos.hu\/wp-content\/uploads\/2019\/02\/SIDEBAR_KIEMELT_1000x557_BORVEGAS-e1600673535200.png","contentUrl":"https:\/\/mokos.hu\/wp-content\/uploads\/2019\/02\/SIDEBAR_KIEMELT_1000x557_BORVEGAS-e1600673535200.png"},{"@type":"BreadcrumbList","@id":"https:\/\/mokos.hu\/rendezvenyek\/csapatepito-programok\/borvegas\/#breadcrumb","itemListElement":[{"@type":"ListItem","position":1,"name":"Home","item":"https:\/\/mokos.hu\/"},{"@type":"ListItem","position":2,"name":"Rendezv\u00e9nyek","item":"https:\/\/mokos.hu\/rendezvenyek\/"},{"@type":"ListItem","position":3,"name":"Csapat\u00e9p\u00edt\u0151k","item":"https:\/\/mokos.hu\/rendezvenyek\/csapatepito-programok\/"},{"@type":"ListItem","position":4,"name":"BorVegas"}]},{"@type":"WebSite","@id":"https:\/\/mokos.hu\/#website","url":"https:\/\/mokos.hu\/","name":"MOKOS","description":"Familienweingut, Palkonya","publisher":{"@id":"https:\/\/mokos.hu\/#organization"},"potentialAction":[{"@type":"SearchAction","target":{"@type":"EntryPoint","urlTemplate":"https:\/\/mokos.hu\/?s={search_term_string}"},"query-input":{"@type":"PropertyValueSpecification","valueRequired":true,"valueName":"search_term_string"}}],"inLanguage":"de"},{"@type":"Organization","@id":"https:\/\/mokos.hu\/#organization","name":"MOKOS","url":"https:\/\/mokos.hu\/","logo":{"@type":"ImageObject","inLanguage":"de","@id":"https:\/\/mokos.hu\/#\/schema\/logo\/image\/","url":"https:\/\/mokos.hu\/wp-content\/uploads\/2018\/11\/cropped-Mokos_Villanyi-Borvidek-Palkonya-1.png","contentUrl":"https:\/\/mokos.hu\/wp-content\/uploads\/2018\/11\/cropped-Mokos_Villanyi-Borvidek-Palkonya-1.png","width":1000,"height":245,"caption":"MOKOS"},"image":{"@id":"https:\/\/mokos.hu\/#\/schema\/logo\/image\/"}}]}},"_links":{"self":[{"href":"https:\/\/mokos.hu\/de\/wp-json\/wp\/v2\/pages\/5160","targetHints":{"allow":["GET"]}}],"collection":[{"href":"https:\/\/mokos.hu\/de\/wp-json\/wp\/v2\/pages"}],"about":[{"href":"https:\/\/mokos.hu\/de\/wp-json\/wp\/v2\/types\/page"}],"author":[{"embeddable":true,"href":"https:\/\/mokos.hu\/de\/wp-json\/wp\/v2\/users\/6"}],"replies":[{"embeddable":true,"href":"https:\/\/mokos.hu\/de\/wp-json\/wp\/v2\/comments?post=5160"}],"version-history":[{"count":0,"href":"https:\/\/mokos.hu\/de\/wp-json\/wp\/v2\/pages\/5160\/revisions"}],"up":[{"embeddable":true,"href":"https:\/\/mokos.hu\/de\/wp-json\/wp\/v2\/pages\/21"}],"wp:attachment":[{"href":"https:\/\/mokos.hu\/de\/wp-json\/wp\/v2\/media?parent=5160"}],"curies":[{"name":"wp","href":"https:\/\/api.w.org\/{rel}","templated":true}]}}