{"id":50,"date":"2016-02-09T22:45:16","date_gmt":"2016-02-09T21:45:16","guid":{"rendered":"http:\/\/dev.vinolin.hu\/?page_id=50"},"modified":"2026-01-06T14:11:19","modified_gmt":"2026-01-06T12:11:19","slug":"veranstaltungen","status":"publish","type":"page","link":"https:\/\/mokos.hu\/de\/rendezvenyek\/","title":{"rendered":"Veranstaltungen"},"content":{"rendered":"<div class=\"wpb-content-wrapper\"><div class=\"vc_row wpb_row vc_row-fluid\"><div class=\"wpb_column vc_column_container vc_col-sm-12\"><div class=\"vc_column-inner\"><div class=\"wpb_wrapper\">\n\t<div class=\"wpb_text_column wpb_content_element\" >\n\t\t<div class=\"wpb_wrapper\">\n\t\t\t<figure class=\"wp-block-image alignfull size-large\"><img decoding=\"async\" src=\"https:\/\/mokos.hu\/wp-content\/uploads\/2019\/02\/Mokos_Pinceszet_programok_2000x645-e1600695028628.jpg\" alt=\"\" \/><\/figure>\n<p>\u00a0<\/p>\n<h3 class=\"wp-block-heading\"><strong>Auch in diesem Jahr erwarten das Weinbaugebiet Vill\u00e1ny und das Weingut Mokos Sie, Ihre Familie und Freunde mit spannenden Programmen!<\/strong><\/h3>\n<p>\u00a0<\/p>\n<h4 class=\"wp-block-heading\"><a href=\"https:\/\/mokos.hu\/de\/stromprogramm\/pincerol-pincere-variaciok-vincere\/\">Von Weinkeller zu Weinkeller - Variationen \u00fcber Vinc\u00e9<\/a><\/h4>\n<p>A r\u00e9gi szok\u00e1s szerint a sz\u0151l\u0151sgazd\u00e1k Szent Vince napj\u00e1n pinc\u00e9r\u0151l-pinc\u00e9re j\u00e1rva k\u00f3stolt\u00e1k meg egym\u00e1s borait, valamint az aznapi id\u0151j\u00e1r\u00e1sb\u00f3l \u00e9s a metszett \u201eVince vessz\u0151k\u201d \u00e1llapot\u00e1b\u00f3l j\u00f3solt\u00e1k meg a k\u00f6vetkez\u0151 sz\u00fcret gazdags\u00e1g\u00e1t. \u201eHa szent Vintze napja f\u00e9nylik, megtelik a pintze, \u00e9s sok j\u00f3 bort v\u00e1rhatni\u201d, vagyis a k\u00f6zismert id\u0151j\u00e1r\u00e1si regula szerint a j\u00f3 id\u0151 j\u00f3 term\u00e9st hoz. A Vince napi hagyom\u00e1nyoknak k\u00f6sz\u00f6nhet\u0151en a Vill\u00e1ny-Sikl\u00f3s bor\u00fat szervez\u00e9s\u00e9ben a Vill\u00e1nyi borvid\u00e9k telep\u00fcl\u00e9sein Hord\u00f3s-, D\u0171l\u0151j\u00e1r\u00f3- \u00e9s Vacsor\u00e1z\u00f3 Vince programokat tartanak minden \u00e9v janu\u00e1rj\u00e1ban, melynek \u00e1lland\u00f3 r\u00e9sztvev\u0151je a Mokos Pinc\u00e9szet is. Az esem\u00e9nyen r\u00e9sztvev\u0151 bor\u00e1szatok pincej\u00e1r\u00e1sra invit\u00e1lj\u00e1k a bor kedvel\u0151ket, melyhez hagyom\u00e1ny\u0151rz\u0151 bork\u00f3stol\u00f3, vessz\u0151fakaszt\u00e1s, j\u00e1t\u00e9kos vet\u00e9lked\u0151k \u00e9s finom vacsora is t\u00e1rsul. <strong><em><a href=\"https:\/\/mokos.hu\/de\/stromprogramm\/pincerol-pincere-variaciok-vincere\/\">Tov\u00e1bb az esem\u00e9nyhez >><\/a><\/em><\/strong><\/p>\n<p>\u00a0<\/p>\n<h4 class=\"wp-block-heading\"><a href=\"https:\/\/mokos.hu\/de\/pod-programm\/vince-taglich-kellerbewohner\/\">Palkonyai Nyitott Vince \u2013 pincet\u00fara a palkonyai bor\u00e1szokkal<\/a><\/h4>\n<p>Die Winzer von Palkonya laden Weinliebhaber auch zu einer Kellerf\u00fchrung w\u00e4hrend des ganzt\u00e4gigen Tags der offenen Weinkeller in Palkonya ein. Die Besucher sind zu einer traditionellen Weinverkostung, einer Korbaufh\u00e4ngung und einem k\u00f6stlichen Festmahl eingeladen. Die Weintour am Vince-Tag \u00f6ffnet auch die T\u00fcren der MOKOS-Weinkellerei. <em><strong><a href=\"https:\/\/mokos.hu\/de\/pod-programm\/vince-taglich-kellerbewohner\/\">Tov\u00e1bb az esem\u00e9nyhez >><\/a><\/strong><\/em><\/p>\n<p>\u00a0<\/p>\n<p>\u00a0<\/p>\n<h4 class=\"wp-block-heading\">Weinrausch in Vill\u00e1ny<\/h4>\n<p>A vill\u00e1nyi borvid\u00e9k 3 napos zsong\u00f3 tavaszi fesztiv\u00e1lja, mely rengeteg programot k\u00edn\u00e1l az \u00e9rdekl\u0151d\u0151knek. M\u00e1jusfa\u00e1ll\u00edt\u00e1s, Bor-\u00c1sz futball g\u00e1lam\u00e9rk\u0151z\u00e9s, k\u00e9zm\u0171ves foglalkoz\u00e1sok, lovas kocsik\u00e1z\u00e1s vagy \u00e9pp gyalog- \u00e9s ker\u00e9kp\u00e1rt\u00far\u00e1k a borvid\u00e9k d\u0171l\u0151i k\u00f6z\u00f6tt. E mellett a m\u0171v\u00e9szeti \u00e9s kultur\u00e1lis programok is szerepet kapnak blues, jazz \u00e9s rock\u2019n\u2019roll koncertek, valamint a magyar t\u00e1nch\u00e1z el\u0151ad\u00e1sai r\u00e9v\u00e9n. A gasztron\u00f3mia kedvel\u0151it grill party, stifolderverseny, \u00e9telk\u00fcl\u00f6nlegess\u00e9gek \u00e9s term\u00e9szetesen a j\u00f3l megszokott vill\u00e1nyi borok v\u00e1rj\u00e1k. Fantasztikus hossz\u00fa h\u00e9tv\u00e9ge maj\u00e1lisi hangulatban. <em><a href=\"https:\/\/villanyiborvidek.hu\/\" target=\"_blank\" rel=\"noopener\"><strong>Tov\u00e1bb az esem\u00e9nyhez >><\/strong><\/a><\/em><\/p>\n<p>\u00a0<\/p>\n<h4 class=\"wp-block-heading\">Geruch von Brot und Kaffee<\/h4>\n<p>Liebhaber von neuen Kaffeespezialit\u00e4ten und Sauerteigbrot sind am 3. Mai zu einem ganzt\u00e4gigen Familienfest nach Palkonya eingeladen, bei dem sie handwerklich hergestellte Kaffees, die besten B\u00e4cker, traditionelles Geb\u00e4ck, gro\u00dfartige Restaurants und die besten Weine von Palkonya entdecken k\u00f6nnen. <strong><a href=\"https:\/\/palkonya.hu\/kenyer-es-kave-illata-2025\/\"><em>Tov\u00e1bbi inform\u00e1ci\u00f3k >>><\/em><\/a><\/strong><\/p>\n<p>\u00a0<\/p>\n<p>\u00a0<\/p>\n<figure class=\"wp-block-image size-large\"><img decoding=\"async\" src=\"https:\/\/mokos.hu\/wp-content\/uploads\/2020\/12\/Mokos_Pinceszet_cspat_borozos_2_2000x645-1536x495.jpg\" alt=\"\" \/><\/figure>\n<p>\u00a0<\/p>\n<h4 class=\"wp-block-heading\">Palkonya Pfingsten Offene Weinkeller<\/h4>\n<p>Pfingsten ist f\u00fcr die Besucher von Palkonya ein wahres Fest der Ereignisse: ausgezeichnete Weine, ein historischer Weinkeller und stimmungsvolle kulturelle Veranstaltungen sowie Konzerte mit volkst\u00fcmlicher Musik machen das Fest zu einem echten Erlebnis. Die Weine von Palkonya stehen im Mittelpunkt, und bei den offenen Weinkellern kann man mit den \u00f6rtlichen Winzern ein Glas Wein trinken und die Geschichte der Weing\u00fcter kennenlernen. Zwei Tage unverf\u00e4lschte Palkonya-Festivalatmosph\u00e4re! <a href=\"https:\/\/palkonya.hu\/palkonyai-punkosdi-nyitott-pincek-2026\/\" target=\"_blank\" rel=\"noopener\"><strong><em>Tov\u00e1bb az esem\u00e9nyhez >><\/em><\/strong><\/a><\/p>\n<p>\u00a0<\/p>\n<h4 class=\"wp-block-heading\">\"Wenn Freitag, dann Vill\u00e1ny!\"<\/h4>\n<p>M\u00e1just\u00f3l augusztusig havonta jelentkez\u0151 rendezv\u00e9nysorozat. P\u00e9ntekenk\u00e9nt k\u00fcl\u00f6nb\u00f6z\u0151 t\u00edpus\u00fa szabadt\u00e9ri k\u00f6nny\u0171zenei koncertek \u2013 mint a Halott P\u00e9nz, Supernem, Margaret Island, Paso \u2013 cs\u00e1b\u00edtj\u00e1k Vill\u00e1nyba az \u00e9rdekl\u0151d\u0151ket, melyet hajnalig tart\u00f3 utcab\u00e1l k\u00f6vet. A rendezv\u00e9nyt\u00e9ren a borvid\u00e9k pinc\u00e9szetei is k\u00e9pviseltetik magukat, \u00edgy a j\u00f3 hangulathoz a vill\u00e1nyi borok is nagyban hozz\u00e1rj\u00e1rulnak. <a href=\"https:\/\/villany.hu\/programok\/\"><em><strong>Tov\u00e1bb az esem\u00e9nyhez >><\/strong><\/em><\/a><\/p>\n<p>\u00a0<\/p>\n<h4 class=\"wp-block-heading\">Vill\u00e1nyi Roz\u00e9Marathon<\/h4>\n<p class=\"font_8 wixui-rich-text__text\"><span class=\"wixui-rich-text__text\">A k\u00e9tnapos rendezv\u00e9ny tematik\u00e1j\u00e1t a roz\u00e9 bor frissess\u00e9ge \u00e9s lend\u00fclete ihlette, \u00edgy a programok is ehhez igazodnak: fiatalosak, vid\u00e1mak \u00e9s sz\u00f3rakoztat\u00f3ak. A Vill\u00e1nyi Roz\u00e9 Fesztiv\u00e1l 2026-ban is sz\u00e1mos koncerttel, zenekarral \u00e9s el\u0151ad\u00f3val v\u00e1r, akik minden este garant\u00e1lj\u00e1k a kiv\u00e1l\u00f3 hangulatot.<\/span><\/p>\n<p class=\"font_8 wixui-rich-text__text\"><span class=\"wixui-rich-text__text\">Emellett a gasztron\u00f3miai \u00e9lm\u00e9nyek sem maradnak el: helyi termel\u0151k, bor\u00e1szatok \u00e9s \u00e9ttermek k\u00edn\u00e1lj\u00e1k a roz\u00e9khoz ill\u0151 \u00ednycsikland\u00f3 \u00e9teleket, hogy a bor \u00e9s \u00e9tel p\u00e1ros\u00edt\u00e1s val\u00f3di \u00e9lm\u00e9nny\u00e9 v\u00e1ljon.<\/span><\/p>\n<p><em><a href=\"https:\/\/www.villanyiborfesztivalok.com\/roz%C3%A9-fesztiv%C3%A1l\" target=\"_blank\" rel=\"noopener\"><strong>Tov\u00e1bb az esem\u00e9nyhez >><\/strong><\/a><\/em><\/p>\n<p><!-- \/wp:post-content --><\/p>\n<p>\u00a0<\/p>\n<p><!-- wp:heading {\"level\":5} --><\/p>\n<h4 class=\"wp-block-heading\">Devil's Den Festival<\/h4>\n<p><!-- \/wp:heading --><\/p>\n<p><!-- wp:paragraph -->Das Festival findet seit 2008 jedes Jahr im August statt und wird immer erfolgreicher. Ziel der Veranstaltung ist es, den k\u00fcnstlerischen Reichtum des ungarischen Volkes in der Region zu pr\u00e4sentieren. Deshalb gibt es Theater- und Tanzauff\u00fchrungen, eine Vielzahl von Konzerten mit popul\u00e4rer Musik, Filmvorf\u00fchrungen, Familien- und Literaturprogramme, Ausstellungen und viele andere kulturelle Erlebnisse. Nicht nur die Programme, sondern auch die Veranstaltungsorte sind vielf\u00e4ltig. Die verschiedenen Auff\u00fchrungen finden in Beremend, Kishars\u00e1ny, Nagyhars\u00e1ny, Vylyan und Mokos Winery statt.<\/p>\n<p><!-- \/wp:paragraph --><\/p>\n<p><!-- wp:paragraph -->\u00a0A fesztiv\u00e1l ideje alatt a palkonyai pinc\u00e9k ajtajai is nyitva \u00e1llnak, ha egy finom borra vagy hideg fr\u00f6ccsre v\u00e1gysz. \u00a0Sz\u00e1mos izgalmas program v\u00e1r az \u00d6rd\u00f6gkatlan Fesztiv\u00e1l ideje alatt a MOKOS Pinc\u00e9szetben is! Jobbn\u00e1l-jobb programokkal k\u00e9sz\u00fcl\u00fcnk a Katlanlak\u00f3knak: sz\u00ednh\u00e1zi el\u0151ad\u00e1sok, k\u00f6nny\u0171zenei koncertek, birtok \u2013 \u00e9s pincel\u00e1togat\u00f3 t\u00far\u00e1k v\u00e1rnak az ide l\u00e1togat\u00f3kra. Pinc\u00e9szet\u00fcnk vend\u00e9gei sz\u00e1mos csapat\u00e9p\u00edt\u0151 j\u00e1t\u00e9kban r\u00e9sz vehetnek, t\u00f6bbek k\u00f6z\u00f6tt a nagysiker\u0171 MOKOS Boroz\u00f3s-Nyomoz\u00f3s j\u00e1t\u00e9kban is. <em><a href=\"https:\/\/mokos.hu\/de\/veranstaltungen\/ordogkatlan-festival-palkonya\/\"><strong>Tov\u00e1bb az esem\u00e9nyhez >><\/strong><\/a><\/em><\/p>\n<p><!-- \/wp:paragraph --><\/p>\n<p>\u00a0<\/p>\n<p><!-- wp:image {\"sizeSlug\":\"large\",\"align\":\"full\"} \/--><\/p>\n<p>\u00a0<\/p>\n<p><!-- wp:heading {\"level\":5} --><\/p>\n<h4><span style=\"font-size: 1rem; font-weight: revert; background-color: #ffffff;\"><img fetchpriority=\"high\" decoding=\"async\" class=\"aligncenter wp-image-27629 size-full\" src=\"https:\/\/mokos.hu\/wp-content\/uploads\/2025\/03\/PALKONYA_WEB_COver_hangulat2.jpg\" alt=\"\" width=\"1700\" height=\"594\" srcset=\"https:\/\/mokos.hu\/wp-content\/uploads\/2025\/03\/PALKONYA_WEB_COver_hangulat2.jpg 1700w, https:\/\/mokos.hu\/wp-content\/uploads\/2025\/03\/PALKONYA_WEB_COver_hangulat2-300x105.jpg 300w, https:\/\/mokos.hu\/wp-content\/uploads\/2025\/03\/PALKONYA_WEB_COver_hangulat2-1024x358.jpg 1024w, https:\/\/mokos.hu\/wp-content\/uploads\/2025\/03\/PALKONYA_WEB_COver_hangulat2-1536x537.jpg 1536w, https:\/\/mokos.hu\/wp-content\/uploads\/2025\/03\/PALKONYA_WEB_COver_hangulat2-18x6.jpg 18w, https:\/\/mokos.hu\/wp-content\/uploads\/2025\/03\/PALKONYA_WEB_COver_hangulat2-1000x349.jpg 1000w, https:\/\/mokos.hu\/wp-content\/uploads\/2025\/03\/PALKONYA_WEB_COver_hangulat2-1200x419.jpg 1200w\" sizes=\"(max-width: 1700px) 100vw, 1700px\" \/><\/span><\/h4>\n<h4>\u00a0<\/h4>\n<h4>Ernte Offene Weinkeller in Palkonya<\/h4>\n<p><!-- \/wp:heading --><\/p>\n<p>Ein fr\u00f6hliches Erntefest mit einem bunten Programm! Die Winzer empfangen die Besucher mit weit ge\u00f6ffneten Kellert\u00fcren, um gemeinsam das Ende der Weinlese zu feiern. Neben den Weinverkostungen erwartet Sie Palkonya mit gastronomischen Erlebnissen und einer echten Festivalatmosph\u00e4re! <a href=\"https:\/\/palkonya.hu\/palkonyai-szureti-nyitott-pincek-2025\/\" target=\"_blank\" rel=\"noopener\"><strong><em>Tov\u00e1bb a r\u00e9szletekhez >><\/em><\/strong><\/a><\/p>\n<p><!-- \/wp:paragraph --><\/p>\n<p><!-- wp:heading {\"level\":5} --><!-- \/wp:paragraph --><\/p>\n<p>\u00a0<\/p>\n<p><!-- wp:heading {\"level\":5} --><\/p>\n<h4 class=\"wp-block-heading\">Rotweinfest Vill\u00e1ny<\/h4>\n<p><!-- \/wp:heading --><\/p>\n<p><!-- wp:paragraph -->Das gr\u00f6\u00dfte und bekannteste Fest der Weinregion, bei dem die besten Rotweine von Vill\u00e1ny im Mittelpunkt stehen. Drei Tage lang erwarten die Besucher der Veranstaltung, die am ersten Oktoberwochenende stattfindet, ein gro\u00dfer Ernteumzug, Konzerte, Folklorevorf\u00fchrungen, gastronomische und Kinderprogramme. Die Weinkellereien und Brennereien von Vill\u00e1ny werden auf dem Weinhof und in den Stra\u00dfen von Vill\u00e1ny vertreten sein. <em><a href=\"https:\/\/www.villanyiborfesztivalok.com\/v%C3%B6r%C3%B6sbor-fesztiv%C3%A1l\" target=\"_blank\" rel=\"noopener\"><strong>Tov\u00e1bb az esem\u00e9nyhez >><\/strong><\/a><\/em><\/p>\n<p><!-- \/wp:paragraph --><\/p>\n<p>\u00a0<\/p>\n<p><!-- wp:heading {\"level\":5} --><\/p>\n<h4 class=\"wp-block-heading\">Feierlichkeiten zum Martinstag<\/h4>\n<p><!-- \/wp:heading --><\/p>\n<p><!-- wp:paragraph -->Der Martinstag ist der letzte Tag vor der 40-t\u00e4gigen Adventsfastenzeit, an dem gutes und reichhaltiges Essen und Fr\u00f6hlichkeit erlaubt sind. Nach der Tradition sind die Feste des neuen Weins und der Gans die wichtigsten Ereignisse am Martinstag. Das Weingut MOKOS bietet jedes Jahr ein Martinsessen und einen Martinsball an. <em><a href=\"https:\/\/mokos.hu\/de\/martinstag\/\"><strong>Tov\u00e1bb az esem\u00e9nyhez >><\/strong><\/a><\/em><\/p>\n<p><!-- \/wp:paragraph --><\/p>\n<p>\u00a0<\/p>\n<p><!-- wp:heading {\"level\":5} --><\/p>\n<h4 class=\"wp-block-heading\">Adventszauber in Palkonya<\/h4>\n<p><!-- \/wp:heading --><\/p>\n<p><!-- wp:paragraph -->Das Palkonya Gastro Village erwartet Sie mit einer zauberhaften Weihnachtsatmosph\u00e4re, in der Weing\u00fcter, Restaurants und Bistros ihre G\u00e4ste mit einem aufregenden Adventswirbel empfangen! Eine echte festliche Entschleunigung, bei der die Kleinen ein weihnachtliches Spielhaus besuchen k\u00f6nnen, w\u00e4hrend die Erwachsenen weihnachtliche Weinverkostungen und w\u00e4rmende Gl\u00fchweine von lokalen Weing\u00fctern, k\u00f6stliche Gerichte von Restaurants und farbenfrohe Kunsthandwerksaussteller genie\u00dfen k\u00f6nnen. <em><strong>Details demn\u00e4chst...<\/strong><\/em><\/p>\n<p><!-- \/wp:paragraph --><\/p>\n<p>\u00a0<\/p>\n<p><!-- wp:heading {\"level\":5} --><\/p>\n<h4 class=\"wp-block-heading\">Silvester Kellertour in Palkonya<\/h4>\n<p><!-- \/wp:heading --><\/p>\n<p><!-- wp:paragraph -->Beenden Sie das Jahr in dem kleinen Schmuckk\u00e4stchen der Weinregion Vill\u00e1ny, Palkonya, wo die \u00f6rtlichen Winzer Sie am vorletzten Tag des Jahres empfangen! <a href=\"https:\/\/mokos.hu\/de\/szilveszteri-pincejaras-palkonyan-villanyi-borvidek-program\/\"><em><strong>Tov\u00e1bb az esem\u00e9nyhez >>><\/strong><\/em><\/a><\/p>\n<p><!-- \/wp:paragraph --><\/p>\n<p>\u00a0<\/p>\n<p><!-- wp:heading {\"level\":5} --><\/p>\n<h4 class=\"wp-block-heading\">Silvesterspa\u00df auf dem Weingut Mokos<\/h4>\n<p><!-- \/wp:heading --><\/p>\n<p><!-- wp:paragraph -->Die beliebte Neujahrsveranstaltung des Weinguts MOKOS. Ein k\u00f6stliches Abendessen und eine Weinverkostung, spezielle Programme und K\u00fcnstler sorgen f\u00fcr Unterhaltung im Theatersaal des Weinguts. F\u00fcr den Transport stehen Shuttlebusse zur Verf\u00fcgung.<br \/>Feiern Sie mit uns das neue Jahr! <em><a href=\"https:\/\/mokos.hu\/de\/silvester-mokos-basement-pods\/\"><strong>Tov\u00e1bb az esem\u00e9nyhez >><\/strong><\/a><\/em><\/p>\n<p><!-- \/wp:paragraph --><\/p>\n<p><!-- wp:paragraph -->Bestell- und Buchungsrichtlinien <a href=\"https:\/\/mokos.hu\/de\/uzlet\/regeln\/\">HIER<\/a> reicht.<\/p>\n<p><!-- \/wp:paragraph --><\/p>\n<p>\u00a0<\/p>\n\n\t\t<\/div>\n\t<\/div>\n<\/div><\/div><\/div><\/div><\/div>","protected":false},"excerpt":{"rendered":"&nbsp; Id\u00e9n is izgalmas programokkal v\u00e1r T\u00e9ged \u00e9s csal\u00e1dodat, bar\u00e1taidat a Vill\u00e1nyi Borvid\u00e9k \u00e9s a Mokos Pinc\u00e9szet! &nbsp; Pinc\u00e9r\u0151l Pinc\u00e9re \u2013 Vari\u00e1ci\u00f3k Vinc\u00e9re A r\u00e9gi szok\u00e1s szerint a sz\u0151l\u0151sgazd\u00e1k Szent&hellip;","protected":false},"author":1,"featured_media":11439,"parent":0,"menu_order":0,"comment_status":"closed","ping_status":"closed","template":"","meta":{"_acf_changed":false,"footnotes":""},"class_list":["post-50","page","type-page","status-publish","has-post-thumbnail","hentry"],"acf":[],"yoast_head":"<!-- This site is optimized with the Yoast SEO plugin v27.5 - https:\/\/yoast.com\/product\/yoast-seo-wordpress\/ -->\n<title>Rendezv\u00e9nyek - MOKOS Pinc\u00e9szet - Vill\u00e1nyi borvid\u00e9k<\/title>\n<meta name=\"description\" content=\"Tartson vel\u00fcnk sz\u00ednes gasztron\u00f3miai \u00e9s kultur\u00e1lis programjainkon \u00e9s \u00e9lje \u00e1t a Vill\u00e1nyi borvid\u00e9k \u00e9let\u00e9rz\u00e9s\u00e9t a palkonyai \u00e9s a Mokos rendezv\u00e9nyek alatt!\" \/>\n<meta name=\"robots\" content=\"index, follow, max-snippet:-1, max-image-preview:large, max-video-preview:-1\" \/>\n<link rel=\"canonical\" href=\"https:\/\/mokos.hu\/de\/veranstaltungen\/\" \/>\n<meta property=\"og:locale\" content=\"de_DE\" \/>\n<meta property=\"og:type\" content=\"article\" \/>\n<meta property=\"og:title\" content=\"Rendezv\u00e9nyek - MOKOS Pinc\u00e9szet - Vill\u00e1nyi borvid\u00e9k\" \/>\n<meta property=\"og:description\" content=\"Tartson vel\u00fcnk sz\u00ednes gasztron\u00f3miai \u00e9s kultur\u00e1lis programjainkon \u00e9s \u00e9lje \u00e1t a Vill\u00e1nyi borvid\u00e9k \u00e9let\u00e9rz\u00e9s\u00e9t a palkonyai \u00e9s a Mokos rendezv\u00e9nyek alatt!\" \/>\n<meta property=\"og:url\" content=\"https:\/\/mokos.hu\/de\/veranstaltungen\/\" \/>\n<meta property=\"og:site_name\" content=\"MOKOS\" \/>\n<meta property=\"article:modified_time\" content=\"2026-01-06T12:11:19+00:00\" \/>\n<meta property=\"og:image\" content=\"https:\/\/mokos.hu\/wp-content\/uploads\/2021\/01\/IMG_3105-scaled-e1610541275489.jpg\" \/>\n\t<meta property=\"og:image:width\" content=\"980\" \/>\n\t<meta property=\"og:image:height\" content=\"653\" \/>\n\t<meta property=\"og:image:type\" content=\"image\/jpeg\" \/>\n<meta name=\"twitter:card\" content=\"summary_large_image\" \/>\n<meta name=\"twitter:label1\" content=\"Gesch\u00e4tzte Lesezeit\" \/>\n\t<meta name=\"twitter:data1\" content=\"6\u00a0Minuten\" \/>\n<script type=\"application\/ld+json\" class=\"yoast-schema-graph\">{\"@context\":\"https:\\\/\\\/schema.org\",\"@graph\":[{\"@type\":\"WebPage\",\"@id\":\"https:\\\/\\\/mokos.hu\\\/rendezvenyek\\\/\",\"url\":\"https:\\\/\\\/mokos.hu\\\/rendezvenyek\\\/\",\"name\":\"Rendezv\u00e9nyek - MOKOS Pinc\u00e9szet - Vill\u00e1nyi borvid\u00e9k\",\"isPartOf\":{\"@id\":\"https:\\\/\\\/mokos.hu\\\/#website\"},\"primaryImageOfPage\":{\"@id\":\"https:\\\/\\\/mokos.hu\\\/rendezvenyek\\\/#primaryimage\"},\"image\":{\"@id\":\"https:\\\/\\\/mokos.hu\\\/rendezvenyek\\\/#primaryimage\"},\"thumbnailUrl\":\"https:\\\/\\\/mokos.hu\\\/wp-content\\\/uploads\\\/2021\\\/01\\\/IMG_3105-scaled-e1610541275489.jpg\",\"datePublished\":\"2016-02-09T21:45:16+00:00\",\"dateModified\":\"2026-01-06T12:11:19+00:00\",\"description\":\"Tartson vel\u00fcnk sz\u00ednes gasztron\u00f3miai \u00e9s kultur\u00e1lis programjainkon \u00e9s \u00e9lje \u00e1t a Vill\u00e1nyi borvid\u00e9k \u00e9let\u00e9rz\u00e9s\u00e9t a palkonyai \u00e9s a Mokos rendezv\u00e9nyek alatt!\",\"breadcrumb\":{\"@id\":\"https:\\\/\\\/mokos.hu\\\/rendezvenyek\\\/#breadcrumb\"},\"inLanguage\":\"de\",\"potentialAction\":[{\"@type\":\"ReadAction\",\"target\":[\"https:\\\/\\\/mokos.hu\\\/rendezvenyek\\\/\"]}]},{\"@type\":\"ImageObject\",\"inLanguage\":\"de\",\"@id\":\"https:\\\/\\\/mokos.hu\\\/rendezvenyek\\\/#primaryimage\",\"url\":\"https:\\\/\\\/mokos.hu\\\/wp-content\\\/uploads\\\/2021\\\/01\\\/IMG_3105-scaled-e1610541275489.jpg\",\"contentUrl\":\"https:\\\/\\\/mokos.hu\\\/wp-content\\\/uploads\\\/2021\\\/01\\\/IMG_3105-scaled-e1610541275489.jpg\",\"width\":980,\"height\":653,\"caption\":\"Mokos_Pinceszet_villanyi_borvidek_palkonya_programok_programnaptar_esemenyek_rendezvenyek_villany_boros_bor\"},{\"@type\":\"BreadcrumbList\",\"@id\":\"https:\\\/\\\/mokos.hu\\\/rendezvenyek\\\/#breadcrumb\",\"itemListElement\":[{\"@type\":\"ListItem\",\"position\":1,\"name\":\"Home\",\"item\":\"https:\\\/\\\/mokos.hu\\\/\"},{\"@type\":\"ListItem\",\"position\":2,\"name\":\"Rendezv\u00e9nyek\"}]},{\"@type\":\"WebSite\",\"@id\":\"https:\\\/\\\/mokos.hu\\\/#website\",\"url\":\"https:\\\/\\\/mokos.hu\\\/\",\"name\":\"MOKOS\",\"description\":\"Csal\u00e1di Pinc\u00e9szet, Palkonya\",\"publisher\":{\"@id\":\"https:\\\/\\\/mokos.hu\\\/#organization\"},\"potentialAction\":[{\"@type\":\"SearchAction\",\"target\":{\"@type\":\"EntryPoint\",\"urlTemplate\":\"https:\\\/\\\/mokos.hu\\\/?s={search_term_string}\"},\"query-input\":{\"@type\":\"PropertyValueSpecification\",\"valueRequired\":true,\"valueName\":\"search_term_string\"}}],\"inLanguage\":\"de\"},{\"@type\":\"Organization\",\"@id\":\"https:\\\/\\\/mokos.hu\\\/#organization\",\"name\":\"MOKOS\",\"url\":\"https:\\\/\\\/mokos.hu\\\/\",\"logo\":{\"@type\":\"ImageObject\",\"inLanguage\":\"de\",\"@id\":\"https:\\\/\\\/mokos.hu\\\/#\\\/schema\\\/logo\\\/image\\\/\",\"url\":\"https:\\\/\\\/mokos.hu\\\/wp-content\\\/uploads\\\/2018\\\/11\\\/cropped-Mokos_Villanyi-Borvidek-Palkonya-1.png\",\"contentUrl\":\"https:\\\/\\\/mokos.hu\\\/wp-content\\\/uploads\\\/2018\\\/11\\\/cropped-Mokos_Villanyi-Borvidek-Palkonya-1.png\",\"width\":1000,\"height\":245,\"caption\":\"MOKOS\"},\"image\":{\"@id\":\"https:\\\/\\\/mokos.hu\\\/#\\\/schema\\\/logo\\\/image\\\/\"}}]}<\/script>\n<!-- \/ Yoast SEO plugin. -->","yoast_head_json":{"title":"Veranstaltungen - Weinkellerei MOKOS - Weinregion Vill\u00e1ny","description":"Nehmen Sie an unseren bunten gastronomischen und kulturellen Programmen teil und erleben Sie die Weinregion Vill\u00e1ny w\u00e4hrend der Palkonyai- und Mokos-Veranstaltungen!","robots":{"index":"index","follow":"follow","max-snippet":"max-snippet:-1","max-image-preview":"max-image-preview:large","max-video-preview":"max-video-preview:-1"},"canonical":"https:\/\/mokos.hu\/de\/veranstaltungen\/","og_locale":"de_DE","og_type":"article","og_title":"Rendezv\u00e9nyek - MOKOS Pinc\u00e9szet - Vill\u00e1nyi borvid\u00e9k","og_description":"Tartson vel\u00fcnk sz\u00ednes gasztron\u00f3miai \u00e9s kultur\u00e1lis programjainkon \u00e9s \u00e9lje \u00e1t a Vill\u00e1nyi borvid\u00e9k \u00e9let\u00e9rz\u00e9s\u00e9t a palkonyai \u00e9s a Mokos rendezv\u00e9nyek alatt!","og_url":"https:\/\/mokos.hu\/de\/veranstaltungen\/","og_site_name":"MOKOS","article_modified_time":"2026-01-06T12:11:19+00:00","og_image":[{"width":980,"height":653,"url":"https:\/\/mokos.hu\/wp-content\/uploads\/2021\/01\/IMG_3105-scaled-e1610541275489.jpg","type":"image\/jpeg"}],"twitter_card":"summary_large_image","twitter_misc":{"Gesch\u00e4tzte Lesezeit":"6\u00a0Minuten"},"schema":{"@context":"https:\/\/schema.org","@graph":[{"@type":"WebPage","@id":"https:\/\/mokos.hu\/rendezvenyek\/","url":"https:\/\/mokos.hu\/rendezvenyek\/","name":"Veranstaltungen - Weinkellerei MOKOS - Weinregion Vill\u00e1ny","isPartOf":{"@id":"https:\/\/mokos.hu\/#website"},"primaryImageOfPage":{"@id":"https:\/\/mokos.hu\/rendezvenyek\/#primaryimage"},"image":{"@id":"https:\/\/mokos.hu\/rendezvenyek\/#primaryimage"},"thumbnailUrl":"https:\/\/mokos.hu\/wp-content\/uploads\/2021\/01\/IMG_3105-scaled-e1610541275489.jpg","datePublished":"2016-02-09T21:45:16+00:00","dateModified":"2026-01-06T12:11:19+00:00","description":"Nehmen Sie an unseren bunten gastronomischen und kulturellen Programmen teil und erleben Sie die Weinregion Vill\u00e1ny w\u00e4hrend der Palkonyai- und Mokos-Veranstaltungen!","breadcrumb":{"@id":"https:\/\/mokos.hu\/rendezvenyek\/#breadcrumb"},"inLanguage":"de","potentialAction":[{"@type":"ReadAction","target":["https:\/\/mokos.hu\/rendezvenyek\/"]}]},{"@type":"ImageObject","inLanguage":"de","@id":"https:\/\/mokos.hu\/rendezvenyek\/#primaryimage","url":"https:\/\/mokos.hu\/wp-content\/uploads\/2021\/01\/IMG_3105-scaled-e1610541275489.jpg","contentUrl":"https:\/\/mokos.hu\/wp-content\/uploads\/2021\/01\/IMG_3105-scaled-e1610541275489.jpg","width":980,"height":653,"caption":"Mokos_Pinceszet_villanyi_borvidek_palkonya_programok_programnaptar_esemenyek_rendezvenyek_villany_boros_bor"},{"@type":"BreadcrumbList","@id":"https:\/\/mokos.hu\/rendezvenyek\/#breadcrumb","itemListElement":[{"@type":"ListItem","position":1,"name":"Home","item":"https:\/\/mokos.hu\/"},{"@type":"ListItem","position":2,"name":"Rendezv\u00e9nyek"}]},{"@type":"WebSite","@id":"https:\/\/mokos.hu\/#website","url":"https:\/\/mokos.hu\/","name":"MOKOS","description":"Familienweingut, Palkonya","publisher":{"@id":"https:\/\/mokos.hu\/#organization"},"potentialAction":[{"@type":"SearchAction","target":{"@type":"EntryPoint","urlTemplate":"https:\/\/mokos.hu\/?s={search_term_string}"},"query-input":{"@type":"PropertyValueSpecification","valueRequired":true,"valueName":"search_term_string"}}],"inLanguage":"de"},{"@type":"Organization","@id":"https:\/\/mokos.hu\/#organization","name":"MOKOS","url":"https:\/\/mokos.hu\/","logo":{"@type":"ImageObject","inLanguage":"de","@id":"https:\/\/mokos.hu\/#\/schema\/logo\/image\/","url":"https:\/\/mokos.hu\/wp-content\/uploads\/2018\/11\/cropped-Mokos_Villanyi-Borvidek-Palkonya-1.png","contentUrl":"https:\/\/mokos.hu\/wp-content\/uploads\/2018\/11\/cropped-Mokos_Villanyi-Borvidek-Palkonya-1.png","width":1000,"height":245,"caption":"MOKOS"},"image":{"@id":"https:\/\/mokos.hu\/#\/schema\/logo\/image\/"}}]}},"_links":{"self":[{"href":"https:\/\/mokos.hu\/de\/wp-json\/wp\/v2\/pages\/50","targetHints":{"allow":["GET"]}}],"collection":[{"href":"https:\/\/mokos.hu\/de\/wp-json\/wp\/v2\/pages"}],"about":[{"href":"https:\/\/mokos.hu\/de\/wp-json\/wp\/v2\/types\/page"}],"author":[{"embeddable":true,"href":"https:\/\/mokos.hu\/de\/wp-json\/wp\/v2\/users\/1"}],"replies":[{"embeddable":true,"href":"https:\/\/mokos.hu\/de\/wp-json\/wp\/v2\/comments?post=50"}],"version-history":[{"count":3,"href":"https:\/\/mokos.hu\/de\/wp-json\/wp\/v2\/pages\/50\/revisions"}],"predecessor-version":[{"id":29554,"href":"https:\/\/mokos.hu\/de\/wp-json\/wp\/v2\/pages\/50\/revisions\/29554"}],"wp:featuredmedia":[{"embeddable":true,"href":"https:\/\/mokos.hu\/de\/wp-json\/wp\/v2\/media\/11439"}],"wp:attachment":[{"href":"https:\/\/mokos.hu\/de\/wp-json\/wp\/v2\/media?parent=50"}],"curies":[{"name":"wp","href":"https:\/\/api.w.org\/{rel}","templated":true}]}}