{"id":4983,"date":"2017-02-24T13:44:46","date_gmt":"2017-02-24T12:44:46","guid":{"rendered":"http:\/\/dev.vinolin.hu\/fiokom\/"},"modified":"2025-01-21T14:25:11","modified_gmt":"2025-01-21T12:25:11","slug":"fiokom","status":"publish","type":"page","link":"https:\/\/mokos.hu\/de\/fiokom\/","title":{"rendered":"Mein Konto"},"content":{"rendered":"<div class=\"woocommerce\"><\/div>\n\n\n\n<h4 class=\"wp-block-heading\">Brauchen Sie Hilfe?<\/h4>\n\n\n\n<p>Kontaktieren Sie uns! Kontaktieren Sie uns <strong><a href=\"https:\/\/mokos.hu\/de\/kontakt\/\">kontaktieren Sie uns unter<\/a><\/strong>.<\/p>","protected":false},"excerpt":{"rendered":"<p>Seg\u00edts\u00e9gre van sz\u00fcks\u00e9ge? L\u00e9pjen vel\u00fcnk kapcsolatba! Keressen minket el\u00e9rhet\u0151s\u00e9geinken.<\/p>","protected":false},"author":1,"featured_media":0,"parent":0,"menu_order":0,"comment_status":"closed","ping_status":"closed","template":"","meta":{"_acf_changed":false,"footnotes":""},"class_list":["post-4983","page","type-page","status-publish","hentry"],"acf":[],"yoast_head":"<!-- This site is optimized with the Yoast SEO plugin v27.5 - https:\/\/yoast.com\/product\/yoast-seo-wordpress\/ -->\n<title>Fi\u00f3kom - Profil - MOKOS Pinc\u00e9szet - \u00c9lm\u00e9nyekkel t\u00f6ltve<\/title>\n<meta name=\"description\" content=\"L\u00e9pjen be Fi\u00f3kom men\u00fcponton saj\u00e1t profil oldal\u00e1ra \u00e9s k\u00f6vesse nyomon rendel\u00e9seit, melyeket a Mokos Pinc\u00e9szet webshopj\u00e1ban adott le!\" \/>\n<meta name=\"robots\" content=\"index, follow, max-snippet:-1, max-image-preview:large, max-video-preview:-1\" \/>\n<link rel=\"canonical\" href=\"https:\/\/mokos.hu\/de\/fiokom\/\" \/>\n<meta property=\"og:locale\" content=\"de_DE\" \/>\n<meta property=\"og:type\" content=\"article\" \/>\n<meta property=\"og:title\" content=\"Fi\u00f3kom - Profil - MOKOS Pinc\u00e9szet - \u00c9lm\u00e9nyekkel t\u00f6ltve\" \/>\n<meta property=\"og:description\" content=\"L\u00e9pjen be Fi\u00f3kom men\u00fcponton saj\u00e1t profil oldal\u00e1ra \u00e9s k\u00f6vesse nyomon rendel\u00e9seit, melyeket a Mokos Pinc\u00e9szet webshopj\u00e1ban adott le!\" \/>\n<meta property=\"og:url\" content=\"https:\/\/mokos.hu\/de\/fiokom\/\" \/>\n<meta property=\"og:site_name\" content=\"MOKOS\" \/>\n<meta property=\"article:modified_time\" content=\"2025-01-21T12:25:11+00:00\" \/>\n<meta name=\"twitter:card\" content=\"summary_large_image\" \/>\n<meta name=\"twitter:label1\" content=\"Gesch\u00e4tzte Lesezeit\" \/>\n\t<meta name=\"twitter:data1\" content=\"1\u00a0Minute\" \/>\n<script type=\"application\/ld+json\" class=\"yoast-schema-graph\">{\"@context\":\"https:\\\/\\\/schema.org\",\"@graph\":[{\"@type\":\"WebPage\",\"@id\":\"https:\\\/\\\/mokos.hu\\\/fiokom\\\/\",\"url\":\"https:\\\/\\\/mokos.hu\\\/fiokom\\\/\",\"name\":\"Fi\u00f3kom - Profil - MOKOS Pinc\u00e9szet - \u00c9lm\u00e9nyekkel t\u00f6ltve\",\"isPartOf\":{\"@id\":\"https:\\\/\\\/mokos.hu\\\/#website\"},\"datePublished\":\"2017-02-24T12:44:46+00:00\",\"dateModified\":\"2025-01-21T12:25:11+00:00\",\"description\":\"L\u00e9pjen be Fi\u00f3kom men\u00fcponton saj\u00e1t profil oldal\u00e1ra \u00e9s k\u00f6vesse nyomon rendel\u00e9seit, melyeket a Mokos Pinc\u00e9szet webshopj\u00e1ban adott le!\",\"breadcrumb\":{\"@id\":\"https:\\\/\\\/mokos.hu\\\/fiokom\\\/#breadcrumb\"},\"inLanguage\":\"de\",\"potentialAction\":[{\"@type\":\"ReadAction\",\"target\":[\"https:\\\/\\\/mokos.hu\\\/fiokom\\\/\"]}]},{\"@type\":\"BreadcrumbList\",\"@id\":\"https:\\\/\\\/mokos.hu\\\/fiokom\\\/#breadcrumb\",\"itemListElement\":[{\"@type\":\"ListItem\",\"position\":1,\"name\":\"Home\",\"item\":\"https:\\\/\\\/mokos.hu\\\/\"},{\"@type\":\"ListItem\",\"position\":2,\"name\":\"Fi\u00f3kom\"}]},{\"@type\":\"WebSite\",\"@id\":\"https:\\\/\\\/mokos.hu\\\/#website\",\"url\":\"https:\\\/\\\/mokos.hu\\\/\",\"name\":\"MOKOS\",\"description\":\"Csal\u00e1di Pinc\u00e9szet, Palkonya\",\"publisher\":{\"@id\":\"https:\\\/\\\/mokos.hu\\\/#organization\"},\"potentialAction\":[{\"@type\":\"SearchAction\",\"target\":{\"@type\":\"EntryPoint\",\"urlTemplate\":\"https:\\\/\\\/mokos.hu\\\/?s={search_term_string}\"},\"query-input\":{\"@type\":\"PropertyValueSpecification\",\"valueRequired\":true,\"valueName\":\"search_term_string\"}}],\"inLanguage\":\"de\"},{\"@type\":\"Organization\",\"@id\":\"https:\\\/\\\/mokos.hu\\\/#organization\",\"name\":\"MOKOS\",\"url\":\"https:\\\/\\\/mokos.hu\\\/\",\"logo\":{\"@type\":\"ImageObject\",\"inLanguage\":\"de\",\"@id\":\"https:\\\/\\\/mokos.hu\\\/#\\\/schema\\\/logo\\\/image\\\/\",\"url\":\"https:\\\/\\\/mokos.hu\\\/wp-content\\\/uploads\\\/2018\\\/11\\\/cropped-Mokos_Villanyi-Borvidek-Palkonya-1.png\",\"contentUrl\":\"https:\\\/\\\/mokos.hu\\\/wp-content\\\/uploads\\\/2018\\\/11\\\/cropped-Mokos_Villanyi-Borvidek-Palkonya-1.png\",\"width\":1000,\"height\":245,\"caption\":\"MOKOS\"},\"image\":{\"@id\":\"https:\\\/\\\/mokos.hu\\\/#\\\/schema\\\/logo\\\/image\\\/\"}}]}<\/script>\n<!-- \/ Yoast SEO plugin. -->","yoast_head_json":{"title":"Mein Konto - Profil - Weingut MOKOS - Voller Erfahrungen","description":"Besuchen Sie Ihre Profilseite unter Mein Konto und verfolgen Sie Ihre Bestellungen im Webshop der Mokos Winery!","robots":{"index":"index","follow":"follow","max-snippet":"max-snippet:-1","max-image-preview":"max-image-preview:large","max-video-preview":"max-video-preview:-1"},"canonical":"https:\/\/mokos.hu\/de\/fiokom\/","og_locale":"de_DE","og_type":"article","og_title":"Fi\u00f3kom - Profil - MOKOS Pinc\u00e9szet - \u00c9lm\u00e9nyekkel t\u00f6ltve","og_description":"L\u00e9pjen be Fi\u00f3kom men\u00fcponton saj\u00e1t profil oldal\u00e1ra \u00e9s k\u00f6vesse nyomon rendel\u00e9seit, melyeket a Mokos Pinc\u00e9szet webshopj\u00e1ban adott le!","og_url":"https:\/\/mokos.hu\/de\/fiokom\/","og_site_name":"MOKOS","article_modified_time":"2025-01-21T12:25:11+00:00","twitter_card":"summary_large_image","twitter_misc":{"Gesch\u00e4tzte Lesezeit":"1\u00a0Minute"},"schema":{"@context":"https:\/\/schema.org","@graph":[{"@type":"WebPage","@id":"https:\/\/mokos.hu\/fiokom\/","url":"https:\/\/mokos.hu\/fiokom\/","name":"Mein Konto - Profil - Weingut MOKOS - Voller Erfahrungen","isPartOf":{"@id":"https:\/\/mokos.hu\/#website"},"datePublished":"2017-02-24T12:44:46+00:00","dateModified":"2025-01-21T12:25:11+00:00","description":"Besuchen Sie Ihre Profilseite unter Mein Konto und verfolgen Sie Ihre Bestellungen im Webshop der Mokos Winery!","breadcrumb":{"@id":"https:\/\/mokos.hu\/fiokom\/#breadcrumb"},"inLanguage":"de","potentialAction":[{"@type":"ReadAction","target":["https:\/\/mokos.hu\/fiokom\/"]}]},{"@type":"BreadcrumbList","@id":"https:\/\/mokos.hu\/fiokom\/#breadcrumb","itemListElement":[{"@type":"ListItem","position":1,"name":"Home","item":"https:\/\/mokos.hu\/"},{"@type":"ListItem","position":2,"name":"Fi\u00f3kom"}]},{"@type":"WebSite","@id":"https:\/\/mokos.hu\/#website","url":"https:\/\/mokos.hu\/","name":"MOKOS","description":"Familienweingut, Palkonya","publisher":{"@id":"https:\/\/mokos.hu\/#organization"},"potentialAction":[{"@type":"SearchAction","target":{"@type":"EntryPoint","urlTemplate":"https:\/\/mokos.hu\/?s={search_term_string}"},"query-input":{"@type":"PropertyValueSpecification","valueRequired":true,"valueName":"search_term_string"}}],"inLanguage":"de"},{"@type":"Organization","@id":"https:\/\/mokos.hu\/#organization","name":"MOKOS","url":"https:\/\/mokos.hu\/","logo":{"@type":"ImageObject","inLanguage":"de","@id":"https:\/\/mokos.hu\/#\/schema\/logo\/image\/","url":"https:\/\/mokos.hu\/wp-content\/uploads\/2018\/11\/cropped-Mokos_Villanyi-Borvidek-Palkonya-1.png","contentUrl":"https:\/\/mokos.hu\/wp-content\/uploads\/2018\/11\/cropped-Mokos_Villanyi-Borvidek-Palkonya-1.png","width":1000,"height":245,"caption":"MOKOS"},"image":{"@id":"https:\/\/mokos.hu\/#\/schema\/logo\/image\/"}}]}},"_links":{"self":[{"href":"https:\/\/mokos.hu\/de\/wp-json\/wp\/v2\/pages\/4983","targetHints":{"allow":["GET"]}}],"collection":[{"href":"https:\/\/mokos.hu\/de\/wp-json\/wp\/v2\/pages"}],"about":[{"href":"https:\/\/mokos.hu\/de\/wp-json\/wp\/v2\/types\/page"}],"author":[{"embeddable":true,"href":"https:\/\/mokos.hu\/de\/wp-json\/wp\/v2\/users\/1"}],"replies":[{"embeddable":true,"href":"https:\/\/mokos.hu\/de\/wp-json\/wp\/v2\/comments?post=4983"}],"version-history":[{"count":0,"href":"https:\/\/mokos.hu\/de\/wp-json\/wp\/v2\/pages\/4983\/revisions"}],"wp:attachment":[{"href":"https:\/\/mokos.hu\/de\/wp-json\/wp\/v2\/media?parent=4983"}],"curies":[{"name":"wp","href":"https:\/\/api.w.org\/{rel}","templated":true}]}}