{"id":4980,"date":"2017-02-24T13:44:46","date_gmt":"2017-02-24T12:44:46","guid":{"rendered":"http:\/\/dev.vinolin.hu\/uzlet\/"},"modified":"2025-03-25T15:56:45","modified_gmt":"2025-03-25T13:56:45","slug":"uzlet","status":"publish","type":"page","link":"https:\/\/mokos.hu\/de\/uzlet\/","title":{"rendered":"Webshop"},"content":{"rendered":"<div class=\"wpb-content-wrapper\"><div class=\"vc_row wpb_row vc_row-fluid\"><div class=\"wpb_column vc_column_container vc_col-sm-12\"><div class=\"vc_column-inner\"><div class=\"wpb_wrapper\">\n\t<div class=\"wpb_text_column wpb_content_element\" >\n\t\t<div class=\"wpb_wrapper\">\n\t\t\t<p>Leichter, klassischer Ros\u00e9 oder vollmundige, hochwertige Rotweine von den H\u00e4ngen des Vill\u00e1nyer Weinbaugebiets? Vielleicht ein Meggybor oder ein Eperwein mit den bet\u00f6renden Aromen der Natur?<\/p>\n<p>Siehe auch<span style=\"color: #b0ae6a;\"><strong><a style=\"color: #b0ae6a;\" href=\"https:\/\/mokos.hu\/de\/produkt-kategorie\/strom_mokos_borok\/\">\u00a0unsere Vill\u00e1nyer Weinkarte<\/a><\/strong><\/span>und\u00a0<span style=\"color: #b0ae6a;\"><a style=\"color: #b0ae6a;\" href=\"https:\/\/mokos.hu\/de\/produkt-kategorie\/mokos_gyumolcscs-weine\/\"><strong>unsere Obstweinspezialit\u00e4ten<\/strong><\/a>,<\/span> dann w\u00e4hlen Sie Ihre Favoriten und genie\u00dfen Sie das Geschmackserlebnis der Mokos-Weine zu Hause!<\/p>\n\n\t\t<\/div>\n\t<\/div>\n<div class=\"vc_empty_space\"   style=\"height: 32px\"><span class=\"vc_empty_space_inner\"><\/span><\/div><div class=\"woocommerce columns-3\"><ul class=\"products columns-3\">\n<li class=\"product-category product first\">\n\t<a aria-label=\"Produktkategorie Vill\u00e1nyi borok besuchen\" href=\"https:\/\/mokos.hu\/de\/termekkategoria\/villany_mokos_borok\/\" data-no-translation-aria-label=\"\"><img decoding=\"async\" src=\"https:\/\/mokos.hu\/wp-content\/uploads\/2019\/02\/Mokos_Pinceszet_villanyiborok_2000x645-e1742643060339.jpg\" alt=\"Vill\u00e1ny-Weine\" width=\"1000\" height=\"\" srcset=\"https:\/\/mokos.hu\/wp-content\/uploads\/2019\/02\/Mokos_Pinceszet_villanyiborok_2000x645-e1742643060339.jpg 388w, https:\/\/mokos.hu\/wp-content\/uploads\/2019\/02\/Mokos_Pinceszet_villanyiborok_2000x645-e1742643060339-300x300.jpg 300w, https:\/\/mokos.hu\/wp-content\/uploads\/2019\/02\/Mokos_Pinceszet_villanyiborok_2000x645-e1742643060339-150x150.jpg 150w, https:\/\/mokos.hu\/wp-content\/uploads\/2019\/02\/Mokos_Pinceszet_villanyiborok_2000x645-e1742643060339-250x250.jpg 250w, https:\/\/mokos.hu\/wp-content\/uploads\/2019\/02\/Mokos_Pinceszet_villanyiborok_2000x645-e1742643060339-12x12.jpg 12w\" sizes=\"(max-width: 388px) 100vw, 388px\" \/>\t\t<h2 class=\"woocommerce-loop-category__title\">\n\t\t\tVill\u00e1ny-Weine<span class=\"count\">11 products<\/span>\t\t<\/h2>\n\t\t<\/a><\/li>\n<li class=\"product-category product\">\n\t<a aria-label=\"Produktkategorie Gy\u00fcm\u00f6lcsborok besuchen\" href=\"https:\/\/mokos.hu\/de\/termekkategoria\/mokos_gyumolcsborok\/\" data-no-translation-aria-label=\"\"><img decoding=\"async\" src=\"https:\/\/mokos.hu\/wp-content\/uploads\/2019\/02\/Mokos_Pinceszet_borcsomagok_2000x645-e1742643355715.jpg\" alt=\"Obstweine\" width=\"1000\" height=\"\" srcset=\"https:\/\/mokos.hu\/wp-content\/uploads\/2019\/02\/Mokos_Pinceszet_borcsomagok_2000x645-e1742643355715.jpg 388w, https:\/\/mokos.hu\/wp-content\/uploads\/2019\/02\/Mokos_Pinceszet_borcsomagok_2000x645-e1742643355715-300x300.jpg 300w, https:\/\/mokos.hu\/wp-content\/uploads\/2019\/02\/Mokos_Pinceszet_borcsomagok_2000x645-e1742643355715-150x150.jpg 150w, https:\/\/mokos.hu\/wp-content\/uploads\/2019\/02\/Mokos_Pinceszet_borcsomagok_2000x645-e1742643355715-250x250.jpg 250w, https:\/\/mokos.hu\/wp-content\/uploads\/2019\/02\/Mokos_Pinceszet_borcsomagok_2000x645-e1742643355715-12x12.jpg 12w\" sizes=\"(max-width: 388px) 100vw, 388px\" \/>\t\t<h2 class=\"woocommerce-loop-category__title\">\n\t\t\tObstweine<span class=\"count\">13 products<\/span>\t\t<\/h2>\n\t\t<\/a><\/li>\n<li class=\"product-category product last\">\n\t<a aria-label=\"Produktkategorie Borcsomagok besuchen\" href=\"https:\/\/mokos.hu\/de\/termekkategoria\/borcsomagok\/\" data-no-translation-aria-label=\"\"><img decoding=\"async\" src=\"https:\/\/mokos.hu\/wp-content\/uploads\/2019\/02\/Mokos_Pinceszet_borcsomagok_2000x645-e1742643557518.jpg\" alt=\"Wein-Pakete\" width=\"1000\" height=\"\" srcset=\"https:\/\/mokos.hu\/wp-content\/uploads\/2019\/02\/Mokos_Pinceszet_borcsomagok_2000x645-e1742643557518.jpg 388w, https:\/\/mokos.hu\/wp-content\/uploads\/2019\/02\/Mokos_Pinceszet_borcsomagok_2000x645-e1742643557518-300x300.jpg 300w, https:\/\/mokos.hu\/wp-content\/uploads\/2019\/02\/Mokos_Pinceszet_borcsomagok_2000x645-e1742643557518-150x150.jpg 150w, https:\/\/mokos.hu\/wp-content\/uploads\/2019\/02\/Mokos_Pinceszet_borcsomagok_2000x645-e1742643557518-250x250.jpg 250w, https:\/\/mokos.hu\/wp-content\/uploads\/2019\/02\/Mokos_Pinceszet_borcsomagok_2000x645-e1742643557518-12x12.jpg 12w\" sizes=\"(max-width: 388px) 100vw, 388px\" \/>\t\t<h2 class=\"woocommerce-loop-category__title\">\n\t\t\tWein-Pakete<span class=\"count\">1 product<\/span>\t\t<\/h2>\n\t\t<\/a><\/li>\n<li class=\"product-category product first\">\n\t<a aria-label=\"Produktkategorie Rendezv\u00e9nyek besuchen\" href=\"https:\/\/mokos.hu\/de\/termekkategoria\/rendezvenyek\/\" data-no-translation-aria-label=\"\"><img decoding=\"async\" src=\"https:\/\/mokos.hu\/wp-content\/uploads\/2019\/02\/Mokos_Pinceszet_borkostolo_2000x645-e1742643789334.jpg\" alt=\"Veranstaltungen\" width=\"1000\" height=\"\" srcset=\"https:\/\/mokos.hu\/wp-content\/uploads\/2019\/02\/Mokos_Pinceszet_borkostolo_2000x645-e1742643789334.jpg 388w, https:\/\/mokos.hu\/wp-content\/uploads\/2019\/02\/Mokos_Pinceszet_borkostolo_2000x645-e1742643789334-300x300.jpg 300w, https:\/\/mokos.hu\/wp-content\/uploads\/2019\/02\/Mokos_Pinceszet_borkostolo_2000x645-e1742643789334-150x150.jpg 150w, https:\/\/mokos.hu\/wp-content\/uploads\/2019\/02\/Mokos_Pinceszet_borkostolo_2000x645-e1742643789334-250x250.jpg 250w, https:\/\/mokos.hu\/wp-content\/uploads\/2019\/02\/Mokos_Pinceszet_borkostolo_2000x645-e1742643789334-12x12.jpg 12w\" sizes=\"(max-width: 388px) 100vw, 388px\" \/>\t\t<h2 class=\"woocommerce-loop-category__title\">\n\t\t\tVeranstaltungen\t\t<\/h2>\n\t\t<\/a><\/li>\n<li class=\"product-category product\">\n\t<a aria-label=\"Produktkategorie Boros Kieg\u00e9sz\u00edt\u0151k besuchen\" href=\"https:\/\/mokos.hu\/de\/termekkategoria\/boros-kiegeszitok\/\" data-no-translation-aria-label=\"\"><img decoding=\"async\" src=\"https:\/\/mokos.hu\/wp-content\/uploads\/2019\/02\/Mokos_Pinceszet_egyeb_2000x645-e1742642877683.jpg\" alt=\"Wein-Accessoires\" width=\"1000\" height=\"\" srcset=\"https:\/\/mokos.hu\/wp-content\/uploads\/2019\/02\/Mokos_Pinceszet_egyeb_2000x645-e1742642877683.jpg 388w, https:\/\/mokos.hu\/wp-content\/uploads\/2019\/02\/Mokos_Pinceszet_egyeb_2000x645-e1742642877683-300x300.jpg 300w, https:\/\/mokos.hu\/wp-content\/uploads\/2019\/02\/Mokos_Pinceszet_egyeb_2000x645-e1742642877683-150x150.jpg 150w, https:\/\/mokos.hu\/wp-content\/uploads\/2019\/02\/Mokos_Pinceszet_egyeb_2000x645-e1742642877683-250x250.jpg 250w, https:\/\/mokos.hu\/wp-content\/uploads\/2019\/02\/Mokos_Pinceszet_egyeb_2000x645-e1742642877683-12x12.jpg 12w\" sizes=\"(max-width: 388px) 100vw, 388px\" \/>\t\t<h2 class=\"woocommerce-loop-category__title\">\n\t\t\tWein-Accessoires<span class=\"count\">7 products<\/span>\t\t<\/h2>\n\t\t<\/a><\/li>\n<li class=\"product-category product last\">\n\t<a aria-label=\"Produktkategorie Aj\u00e1nd\u00e9kutalv\u00e1nyok besuchen\" href=\"https:\/\/mokos.hu\/de\/termekkategoria\/ajandekutalvanyok\/\" data-no-translation-aria-label=\"\"><img decoding=\"async\" src=\"https:\/\/mokos.hu\/wp-content\/uploads\/2019\/11\/Mokos_Pinceszet_Ajandekutalvany_-2000x645-e1742642674723.jpg\" alt=\"Geschenkgutscheine\" width=\"1000\" height=\"\" srcset=\"https:\/\/mokos.hu\/wp-content\/uploads\/2019\/11\/Mokos_Pinceszet_Ajandekutalvany_-2000x645-e1742642674723.jpg 323w, https:\/\/mokos.hu\/wp-content\/uploads\/2019\/11\/Mokos_Pinceszet_Ajandekutalvany_-2000x645-e1742642674723-150x150.jpg 150w, https:\/\/mokos.hu\/wp-content\/uploads\/2019\/11\/Mokos_Pinceszet_Ajandekutalvany_-2000x645-e1742642674723-300x300.jpg 300w, https:\/\/mokos.hu\/wp-content\/uploads\/2019\/11\/Mokos_Pinceszet_Ajandekutalvany_-2000x645-e1742642674723-250x250.jpg 250w, https:\/\/mokos.hu\/wp-content\/uploads\/2019\/11\/Mokos_Pinceszet_Ajandekutalvany_-2000x645-e1742642674723-12x12.jpg 12w\" sizes=\"(max-width: 323px) 100vw, 323px\" \/>\t\t<h2 class=\"woocommerce-loop-category__title\">\n\t\t\tGeschenkgutscheine<span class=\"count\">8 products<\/span>\t\t<\/h2>\n\t\t<\/a><\/li>\n<\/ul>\n<\/div><div class=\"vc_empty_space\"   style=\"height: 32px\"><span class=\"vc_empty_space_inner\"><\/span><\/div>\n\t<div class=\"wpb_text_column wpb_content_element\" >\n\t\t<div class=\"wpb_wrapper\">\n\t\t\t<p style=\"text-align: center;\"><strong>SIE HABEN EINE FRAGE ZU BESTELLUNG UND LIEFERUNG?<\/strong><\/p>\n<p style=\"text-align: center;\"><strong>KONTAKTIEREN SIE UNS!<\/strong><\/p>\n<p style=\"text-align: center;\"><strong>Webshop und Weinbestellung<br \/>\n<\/strong><em>Frau Kov\u00e1cs Vir\u00e1g Pet\u0151<br \/>\n<\/em><a href=\"mailto:rendeles@mokos.hu\">rendeles@mokos.hu<\/a><br \/>\n+36 70\/450-8563<\/p>\n\n\t\t<\/div>\n\t<\/div>\n<\/div><\/div><\/div><\/div>\n<\/div>","protected":false},"excerpt":{"rendered":"K\u00f6nnyed, classicus roz\u00e9 vagy testes, pr\u00e9mium v\u00f6r\u00f6sborok a Vill\u00e1nyi borvid\u00e9k lank\u00e1ir\u00f3l? Esetleg Meggybor vagy Eperbor a term\u00e9szet minden mag\u00e1val ragad\u00f3 zamat\u00e1val? Tekintsd meg\u00a0vill\u00e1nyi bork\u00edn\u00e1latunkat,\u00a0valamint\u00a0gy\u00fcm\u00f6lcsbor k\u00fcl\u00f6nlegess\u00e9geinket, majd v\u00e1laszd ki kedvenceidet \u00e9s&hellip;","protected":false},"author":6,"featured_media":0,"parent":0,"menu_order":0,"comment_status":"closed","ping_status":"closed","template":"","meta":{"_acf_changed":false,"footnotes":""},"class_list":["post-4980","page","type-page","status-publish","hentry"],"acf":[],"yoast_head":"<!-- This site is optimized with the Yoast SEO plugin v27.1.1 - https:\/\/yoast.com\/product\/yoast-seo-wordpress\/ -->\n<title>Webshop - Rendelj online, h\u00e1zhozsz\u00e1ll\u00edt\u00e1ssal! - Mokos Pinc\u00e9szet<\/title>\n<meta name=\"description\" content=\"Rendelje meg online kedvenc Mokos vill\u00e1nyi bor vagy gy\u00fcm\u00f6lcsbor k\u00fcl\u00f6nlegess\u00e9geit! | H\u00e1zhozsz\u00e1ll\u00edt\u00e1s | Gy\u00fcm\u00f6lcsbor | Vill\u00e1nyi borok\" \/>\n<meta name=\"robots\" content=\"index, follow, max-snippet:-1, max-image-preview:large, max-video-preview:-1\" \/>\n<link rel=\"canonical\" href=\"https:\/\/mokos.hu\/de\/uzlet\/\" \/>\n<meta property=\"og:locale\" content=\"de_DE\" \/>\n<meta property=\"og:type\" content=\"article\" \/>\n<meta property=\"og:title\" content=\"Webshop - Rendelj online, h\u00e1zhozsz\u00e1ll\u00edt\u00e1ssal! - Mokos Pinc\u00e9szet\" \/>\n<meta property=\"og:description\" content=\"Rendelje meg online kedvenc Mokos vill\u00e1nyi bor vagy gy\u00fcm\u00f6lcsbor k\u00fcl\u00f6nlegess\u00e9geit! | H\u00e1zhozsz\u00e1ll\u00edt\u00e1s | Gy\u00fcm\u00f6lcsbor | Vill\u00e1nyi borok\" \/>\n<meta property=\"og:url\" content=\"https:\/\/mokos.hu\/de\/uzlet\/\" \/>\n<meta property=\"og:site_name\" content=\"MOKOS\" \/>\n<meta property=\"article:modified_time\" content=\"2025-03-25T13:56:45+00:00\" \/>\n<meta name=\"twitter:card\" content=\"summary_large_image\" \/>\n<meta name=\"twitter:label1\" content=\"Gesch\u00e4tzte Lesezeit\" \/>\n\t<meta name=\"twitter:data1\" content=\"1\u00a0Minute\" \/>\n<script type=\"application\/ld+json\" class=\"yoast-schema-graph\">{\"@context\":\"https:\/\/schema.org\",\"@graph\":[{\"@type\":\"WebPage\",\"@id\":\"https:\/\/mokos.hu\/uzlet\/\",\"url\":\"https:\/\/mokos.hu\/uzlet\/\",\"name\":\"Webshop - Rendelj online, h\u00e1zhozsz\u00e1ll\u00edt\u00e1ssal! - Mokos Pinc\u00e9szet\",\"isPartOf\":{\"@id\":\"https:\/\/mokos.hu\/#website\"},\"datePublished\":\"2017-02-24T12:44:46+00:00\",\"dateModified\":\"2025-03-25T13:56:45+00:00\",\"description\":\"Rendelje meg online kedvenc Mokos vill\u00e1nyi bor vagy gy\u00fcm\u00f6lcsbor k\u00fcl\u00f6nlegess\u00e9geit! | H\u00e1zhozsz\u00e1ll\u00edt\u00e1s | Gy\u00fcm\u00f6lcsbor | Vill\u00e1nyi borok\",\"breadcrumb\":{\"@id\":\"https:\/\/mokos.hu\/uzlet\/#breadcrumb\"},\"inLanguage\":\"de\",\"potentialAction\":[{\"@type\":\"ReadAction\",\"target\":[\"https:\/\/mokos.hu\/uzlet\/\"]}]},{\"@type\":\"BreadcrumbList\",\"@id\":\"https:\/\/mokos.hu\/uzlet\/#breadcrumb\",\"itemListElement\":[{\"@type\":\"ListItem\",\"position\":1,\"name\":\"Home\",\"item\":\"https:\/\/mokos.hu\/\"},{\"@type\":\"ListItem\",\"position\":2,\"name\":\"Webshop\"}]},{\"@type\":\"WebSite\",\"@id\":\"https:\/\/mokos.hu\/#website\",\"url\":\"https:\/\/mokos.hu\/\",\"name\":\"MOKOS\",\"description\":\"Csal\u00e1di Pinc\u00e9szet, Palkonya\",\"publisher\":{\"@id\":\"https:\/\/mokos.hu\/#organization\"},\"potentialAction\":[{\"@type\":\"SearchAction\",\"target\":{\"@type\":\"EntryPoint\",\"urlTemplate\":\"https:\/\/mokos.hu\/?s={search_term_string}\"},\"query-input\":{\"@type\":\"PropertyValueSpecification\",\"valueRequired\":true,\"valueName\":\"search_term_string\"}}],\"inLanguage\":\"de\"},{\"@type\":\"Organization\",\"@id\":\"https:\/\/mokos.hu\/#organization\",\"name\":\"MOKOS\",\"url\":\"https:\/\/mokos.hu\/\",\"logo\":{\"@type\":\"ImageObject\",\"inLanguage\":\"de\",\"@id\":\"https:\/\/mokos.hu\/#\/schema\/logo\/image\/\",\"url\":\"https:\/\/mokos.hu\/wp-content\/uploads\/2018\/11\/cropped-Mokos_Villanyi-Borvidek-Palkonya-1.png\",\"contentUrl\":\"https:\/\/mokos.hu\/wp-content\/uploads\/2018\/11\/cropped-Mokos_Villanyi-Borvidek-Palkonya-1.png\",\"width\":1000,\"height\":245,\"caption\":\"MOKOS\"},\"image\":{\"@id\":\"https:\/\/mokos.hu\/#\/schema\/logo\/image\/\"}}]}<\/script>\n<!-- \/ Yoast SEO plugin. -->","yoast_head_json":{"title":"Webshop - Online bestellen mit Lieferung nach Hause - Mokos Winery","description":"Bestellen Sie online Ihren Lieblingswein oder Obstweinspezialit\u00e4ten von Mokos Vill\u00e1ny! | Lieferung nach Hause | Obstwein | Vill\u00e1ny-Weine","robots":{"index":"index","follow":"follow","max-snippet":"max-snippet:-1","max-image-preview":"max-image-preview:large","max-video-preview":"max-video-preview:-1"},"canonical":"https:\/\/mokos.hu\/de\/uzlet\/","og_locale":"de_DE","og_type":"article","og_title":"Webshop - Rendelj online, h\u00e1zhozsz\u00e1ll\u00edt\u00e1ssal! - Mokos Pinc\u00e9szet","og_description":"Rendelje meg online kedvenc Mokos vill\u00e1nyi bor vagy gy\u00fcm\u00f6lcsbor k\u00fcl\u00f6nlegess\u00e9geit! | H\u00e1zhozsz\u00e1ll\u00edt\u00e1s | Gy\u00fcm\u00f6lcsbor | Vill\u00e1nyi borok","og_url":"https:\/\/mokos.hu\/de\/uzlet\/","og_site_name":"MOKOS","article_modified_time":"2025-03-25T13:56:45+00:00","twitter_card":"summary_large_image","twitter_misc":{"Gesch\u00e4tzte Lesezeit":"1\u00a0Minute"},"schema":{"@context":"https:\/\/schema.org","@graph":[{"@type":"WebPage","@id":"https:\/\/mokos.hu\/uzlet\/","url":"https:\/\/mokos.hu\/uzlet\/","name":"Webshop - Online bestellen mit Lieferung nach Hause - Mokos Winery","isPartOf":{"@id":"https:\/\/mokos.hu\/#website"},"datePublished":"2017-02-24T12:44:46+00:00","dateModified":"2025-03-25T13:56:45+00:00","description":"Bestellen Sie online Ihren Lieblingswein oder Obstweinspezialit\u00e4ten von Mokos Vill\u00e1ny! | Lieferung nach Hause | Obstwein | Vill\u00e1ny-Weine","breadcrumb":{"@id":"https:\/\/mokos.hu\/uzlet\/#breadcrumb"},"inLanguage":"de","potentialAction":[{"@type":"ReadAction","target":["https:\/\/mokos.hu\/uzlet\/"]}]},{"@type":"BreadcrumbList","@id":"https:\/\/mokos.hu\/uzlet\/#breadcrumb","itemListElement":[{"@type":"ListItem","position":1,"name":"Home","item":"https:\/\/mokos.hu\/"},{"@type":"ListItem","position":2,"name":"Webshop"}]},{"@type":"WebSite","@id":"https:\/\/mokos.hu\/#website","url":"https:\/\/mokos.hu\/","name":"MOKOS","description":"Familienweingut, Palkonya","publisher":{"@id":"https:\/\/mokos.hu\/#organization"},"potentialAction":[{"@type":"SearchAction","target":{"@type":"EntryPoint","urlTemplate":"https:\/\/mokos.hu\/?s={search_term_string}"},"query-input":{"@type":"PropertyValueSpecification","valueRequired":true,"valueName":"search_term_string"}}],"inLanguage":"de"},{"@type":"Organization","@id":"https:\/\/mokos.hu\/#organization","name":"MOKOS","url":"https:\/\/mokos.hu\/","logo":{"@type":"ImageObject","inLanguage":"de","@id":"https:\/\/mokos.hu\/#\/schema\/logo\/image\/","url":"https:\/\/mokos.hu\/wp-content\/uploads\/2018\/11\/cropped-Mokos_Villanyi-Borvidek-Palkonya-1.png","contentUrl":"https:\/\/mokos.hu\/wp-content\/uploads\/2018\/11\/cropped-Mokos_Villanyi-Borvidek-Palkonya-1.png","width":1000,"height":245,"caption":"MOKOS"},"image":{"@id":"https:\/\/mokos.hu\/#\/schema\/logo\/image\/"}}]}},"_links":{"self":[{"href":"https:\/\/mokos.hu\/de\/wp-json\/wp\/v2\/pages\/4980","targetHints":{"allow":["GET"]}}],"collection":[{"href":"https:\/\/mokos.hu\/de\/wp-json\/wp\/v2\/pages"}],"about":[{"href":"https:\/\/mokos.hu\/de\/wp-json\/wp\/v2\/types\/page"}],"author":[{"embeddable":true,"href":"https:\/\/mokos.hu\/de\/wp-json\/wp\/v2\/users\/6"}],"replies":[{"embeddable":true,"href":"https:\/\/mokos.hu\/de\/wp-json\/wp\/v2\/comments?post=4980"}],"version-history":[{"count":0,"href":"https:\/\/mokos.hu\/de\/wp-json\/wp\/v2\/pages\/4980\/revisions"}],"wp:attachment":[{"href":"https:\/\/mokos.hu\/de\/wp-json\/wp\/v2\/media?parent=4980"}],"curies":[{"name":"wp","href":"https:\/\/api.w.org\/{rel}","templated":true}]}}