{"id":2948,"date":"2016-08-30T12:55:03","date_gmt":"2016-08-30T11:55:03","guid":{"rendered":"http:\/\/dev.vinolin.hu\/?page_id=2948"},"modified":"2026-02-06T10:29:29","modified_gmt":"2026-02-06T08:29:29","slug":"programme","status":"publish","type":"page","link":"https:\/\/mokos.hu\/de\/programok\/","title":{"rendered":"Programok &#8211; 2026"},"content":{"rendered":"<div class=\"wpb-content-wrapper\"><div class=\"vc_row wpb_row vc_row-fluid\"><div class=\"wpb_column vc_column_container vc_col-sm-12\"><div class=\"vc_column-inner\"><div class=\"wpb_wrapper\">\n\t<div class=\"wpb_text_column wpb_content_element\" >\n\t\t<div class=\"wpb_wrapper\">\n\t\t\t<h3>Kommen Sie zu uns und erleben Sie das wahre Weinland!<\/h3>\n<p><strong>A 2026-os \u00e9vben ism\u00e9t sz\u00e1mtalan sz\u00ednes, kultur\u00e1lis \u00e9s gasztron\u00f3miai programmal v\u00e1rjuk vend\u00e9geinket!<\/strong> Die beliebtesten Veranstaltungen der Weinregion Vill\u00e1ny und Palkonya auf einen Blick: Entdecken Sie unsere spannendsten Veranstaltungen und notieren Sie sich die Termine Ihrer Lieblingsveranstaltungen, auf die Sie nat\u00fcrlich mit den Weinen der Mokos Winery ansto\u00dfen k\u00f6nnen!<\/p>\n\n\t\t<\/div>\n\t<\/div>\n<div class=\"vc_row wpb_row vc_inner vc_row-fluid\"><div class=\"wpb_column vc_column_container vc_col-sm-12\"><div class=\"vc_column-inner\"><div class=\"wpb_wrapper\">\n\t<div  class=\"wpb_single_image wpb_content_element vc_align_center wpb_content_element\">\n\t\t\n\t\t<figure class=\"wpb_wrapper vc_figure\">\n\t\t\t<a href=\"https:\/\/mokos.hu\/wp-content\/uploads\/2026\/02\/Mokos-Programok-2026-A3-1-724x1024.png\" target=\"_self\" class=\"vc_single_image-wrapper   vc_box_border_grey\"><img fetchpriority=\"high\" decoding=\"async\" width=\"724\" height=\"1024\" src=\"https:\/\/mokos.hu\/wp-content\/uploads\/2026\/02\/Mokos-Programok-2026-A3-1-724x1024.png\" class=\"vc_single_image-img attachment-large\" alt=\"\" title=\"Mokos Programok 2026 (A3) (1)\" srcset=\"https:\/\/mokos.hu\/wp-content\/uploads\/2026\/02\/Mokos-Programok-2026-A3-1-724x1024.png 724w, https:\/\/mokos.hu\/wp-content\/uploads\/2026\/02\/Mokos-Programok-2026-A3-1-212x300.png 212w, https:\/\/mokos.hu\/wp-content\/uploads\/2026\/02\/Mokos-Programok-2026-A3-1-1086x1536.png 1086w, https:\/\/mokos.hu\/wp-content\/uploads\/2026\/02\/Mokos-Programok-2026-A3-1-1448x2048.png 1448w, https:\/\/mokos.hu\/wp-content\/uploads\/2026\/02\/Mokos-Programok-2026-A3-1-8x12.png 8w, https:\/\/mokos.hu\/wp-content\/uploads\/2026\/02\/Mokos-Programok-2026-A3-1-1000x1414.png 1000w, https:\/\/mokos.hu\/wp-content\/uploads\/2026\/02\/Mokos-Programok-2026-A3-1-1200x1697.png 1200w, https:\/\/mokos.hu\/wp-content\/uploads\/2026\/02\/Mokos-Programok-2026-A3-1-scaled.png 1811w\" sizes=\"(max-width: 724px) 100vw, 724px\" \/><\/a>\n\t\t<\/figure>\n\t<\/div>\n<\/div><\/div><\/div><\/div><div class=\"vc_empty_space\"   style=\"height: 32px\"><span class=\"vc_empty_space_inner\"><\/span><\/div><div class=\"vc_row wpb_row vc_inner vc_row-fluid\"><div class=\"wpb_column vc_column_container vc_col-sm-12\"><div class=\"vc_column-inner\"><div class=\"wpb_wrapper\">\n\t<div class=\"wpb_text_column wpb_content_element\" >\n\t\t<div class=\"wpb_wrapper\">\n\t\t\t<h4 style=\"text-align: center;\"><em><a href=\"https:\/\/mokos.hu\/de\/veranstaltungen\/\">Gehen Sie zur detaillierten Beschreibung der Veranstaltungen &gt;&gt;<\/a><\/em><\/h4>\n<p>&nbsp;<\/p>\n<p>Friss\u00edtve: 2026.02.06.<\/p>\n<p><em>Wir behalten uns das Recht vor, das Programm zu \u00e4ndern!<\/em><\/p>\n\n\t\t<\/div>\n\t<\/div>\n<\/div><\/div><\/div><\/div><\/div><\/div><\/div><\/div><div class=\"vc_row wpb_row vc_row-fluid\"><div class=\"wpb_column vc_column_container vc_col-sm-12\"><div class=\"vc_column-inner\"><div class=\"wpb_wrapper\"><\/div><\/div><\/div><\/div>\n<\/div>","protected":false},"excerpt":{"rendered":"Tarts vel\u00fcnk \u00e9s l\u00e9gy r\u00e9szese az igazi borvid\u00e9ki \u00e9let\u00e9rz\u00e9snek! A 2026-os \u00e9vben ism\u00e9t sz\u00e1mtalan sz\u00ednes, kultur\u00e1lis \u00e9s gasztron\u00f3miai programmal v\u00e1rjuk vend\u00e9geinket! A Vill\u00e1nyi borvid\u00e9k \u00e9s Palkonya legn\u00e9pszer\u0171bb rendezv\u00e9nyei egy csokorban:&hellip;","protected":false},"author":1,"featured_media":11441,"parent":0,"menu_order":0,"comment_status":"closed","ping_status":"closed","template":"","meta":{"_acf_changed":false,"footnotes":""},"class_list":["post-2948","page","type-page","status-publish","has-post-thumbnail","hentry"],"acf":[],"yoast_head":"<!-- This site is optimized with the Yoast SEO plugin v27.1.1 - https:\/\/yoast.com\/product\/yoast-seo-wordpress\/ -->\n<title>Programok - 2026 - MOKOS Pinc\u00e9szet - Vill\u00e1nyi borvid\u00e9k - Palkonya<\/title>\n<meta name=\"description\" content=\"Az idei esztend\u0151ben is sz\u00e1mtalan sz\u00ednes, kultur\u00e1lis \u00e9s gasztron\u00f3miai program v\u00e1rja vend\u00e9geinket a Mokos Pinc\u00e9szetben \u00e9s Palkony\u00e1n egyar\u00e1nt.\" \/>\n<meta name=\"robots\" content=\"index, follow, max-snippet:-1, max-image-preview:large, max-video-preview:-1\" \/>\n<link rel=\"canonical\" href=\"https:\/\/mokos.hu\/de\/programme\/\" \/>\n<meta property=\"og:locale\" content=\"de_DE\" \/>\n<meta property=\"og:type\" content=\"article\" \/>\n<meta property=\"og:title\" content=\"Programok - 2026 - MOKOS Pinc\u00e9szet - Vill\u00e1nyi borvid\u00e9k - Palkonya\" \/>\n<meta property=\"og:description\" content=\"Az idei esztend\u0151ben is sz\u00e1mtalan sz\u00ednes, kultur\u00e1lis \u00e9s gasztron\u00f3miai program v\u00e1rja vend\u00e9geinket a Mokos Pinc\u00e9szetben \u00e9s Palkony\u00e1n egyar\u00e1nt.\" \/>\n<meta property=\"og:url\" content=\"https:\/\/mokos.hu\/de\/programme\/\" \/>\n<meta property=\"og:site_name\" content=\"MOKOS\" \/>\n<meta property=\"article:modified_time\" content=\"2026-02-06T08:29:29+00:00\" \/>\n<meta property=\"og:image\" content=\"https:\/\/mokos.hu\/wp-content\/uploads\/2021\/01\/IMG_4448-scaled.jpg\" \/>\n\t<meta property=\"og:image:width\" content=\"2560\" \/>\n\t<meta property=\"og:image:height\" content=\"1707\" \/>\n\t<meta property=\"og:image:type\" content=\"image\/jpeg\" \/>\n<meta name=\"twitter:card\" content=\"summary_large_image\" \/>\n<meta name=\"twitter:label1\" content=\"Gesch\u00e4tzte Lesezeit\" \/>\n\t<meta name=\"twitter:data1\" content=\"1\u00a0Minute\" \/>\n<script type=\"application\/ld+json\" class=\"yoast-schema-graph\">{\"@context\":\"https:\/\/schema.org\",\"@graph\":[{\"@type\":\"WebPage\",\"@id\":\"https:\/\/mokos.hu\/programok\/\",\"url\":\"https:\/\/mokos.hu\/programok\/\",\"name\":\"Programok - 2026 - MOKOS Pinc\u00e9szet - Vill\u00e1nyi borvid\u00e9k - Palkonya\",\"isPartOf\":{\"@id\":\"https:\/\/mokos.hu\/#website\"},\"primaryImageOfPage\":{\"@id\":\"https:\/\/mokos.hu\/programok\/#primaryimage\"},\"image\":{\"@id\":\"https:\/\/mokos.hu\/programok\/#primaryimage\"},\"thumbnailUrl\":\"https:\/\/mokos.hu\/wp-content\/uploads\/2021\/01\/IMG_4448-scaled.jpg\",\"datePublished\":\"2016-08-30T11:55:03+00:00\",\"dateModified\":\"2026-02-06T08:29:29+00:00\",\"description\":\"Az idei esztend\u0151ben is sz\u00e1mtalan sz\u00ednes, kultur\u00e1lis \u00e9s gasztron\u00f3miai program v\u00e1rja vend\u00e9geinket a Mokos Pinc\u00e9szetben \u00e9s Palkony\u00e1n egyar\u00e1nt.\",\"breadcrumb\":{\"@id\":\"https:\/\/mokos.hu\/programok\/#breadcrumb\"},\"inLanguage\":\"de\",\"potentialAction\":[{\"@type\":\"ReadAction\",\"target\":[\"https:\/\/mokos.hu\/programok\/\"]}]},{\"@type\":\"ImageObject\",\"inLanguage\":\"de\",\"@id\":\"https:\/\/mokos.hu\/programok\/#primaryimage\",\"url\":\"https:\/\/mokos.hu\/wp-content\/uploads\/2021\/01\/IMG_4448-scaled.jpg\",\"contentUrl\":\"https:\/\/mokos.hu\/wp-content\/uploads\/2021\/01\/IMG_4448-scaled.jpg\",\"width\":2560,\"height\":1707,\"caption\":\"Mokos_Pinceszet_villanyi_borvidek_palkonya_programok_programnaptar_esemenyek_rendezvenyek_villany_boros_bor\"},{\"@type\":\"BreadcrumbList\",\"@id\":\"https:\/\/mokos.hu\/programok\/#breadcrumb\",\"itemListElement\":[{\"@type\":\"ListItem\",\"position\":1,\"name\":\"Home\",\"item\":\"https:\/\/mokos.hu\/\"},{\"@type\":\"ListItem\",\"position\":2,\"name\":\"Programok &#8211; 2026\"}]},{\"@type\":\"WebSite\",\"@id\":\"https:\/\/mokos.hu\/#website\",\"url\":\"https:\/\/mokos.hu\/\",\"name\":\"MOKOS\",\"description\":\"Csal\u00e1di Pinc\u00e9szet, Palkonya\",\"publisher\":{\"@id\":\"https:\/\/mokos.hu\/#organization\"},\"potentialAction\":[{\"@type\":\"SearchAction\",\"target\":{\"@type\":\"EntryPoint\",\"urlTemplate\":\"https:\/\/mokos.hu\/?s={search_term_string}\"},\"query-input\":{\"@type\":\"PropertyValueSpecification\",\"valueRequired\":true,\"valueName\":\"search_term_string\"}}],\"inLanguage\":\"de\"},{\"@type\":\"Organization\",\"@id\":\"https:\/\/mokos.hu\/#organization\",\"name\":\"MOKOS\",\"url\":\"https:\/\/mokos.hu\/\",\"logo\":{\"@type\":\"ImageObject\",\"inLanguage\":\"de\",\"@id\":\"https:\/\/mokos.hu\/#\/schema\/logo\/image\/\",\"url\":\"https:\/\/mokos.hu\/wp-content\/uploads\/2018\/11\/cropped-Mokos_Villanyi-Borvidek-Palkonya-1.png\",\"contentUrl\":\"https:\/\/mokos.hu\/wp-content\/uploads\/2018\/11\/cropped-Mokos_Villanyi-Borvidek-Palkonya-1.png\",\"width\":1000,\"height\":245,\"caption\":\"MOKOS\"},\"image\":{\"@id\":\"https:\/\/mokos.hu\/#\/schema\/logo\/image\/\"}}]}<\/script>\n<!-- \/ Yoast SEO plugin. -->","yoast_head_json":{"title":"Programok - 2026 - MOKOS Pinc\u00e9szet - Vill\u00e1nyi borvid\u00e9k - Palkonya","description":"Auch in diesem Jahr gibt es wieder zahlreiche bunte, kulturelle und gastronomische Programme f\u00fcr unsere G\u00e4ste auf Mokos Winery und Palkonya.","robots":{"index":"index","follow":"follow","max-snippet":"max-snippet:-1","max-image-preview":"max-image-preview:large","max-video-preview":"max-video-preview:-1"},"canonical":"https:\/\/mokos.hu\/de\/programme\/","og_locale":"de_DE","og_type":"article","og_title":"Programok - 2026 - MOKOS Pinc\u00e9szet - Vill\u00e1nyi borvid\u00e9k - Palkonya","og_description":"Az idei esztend\u0151ben is sz\u00e1mtalan sz\u00ednes, kultur\u00e1lis \u00e9s gasztron\u00f3miai program v\u00e1rja vend\u00e9geinket a Mokos Pinc\u00e9szetben \u00e9s Palkony\u00e1n egyar\u00e1nt.","og_url":"https:\/\/mokos.hu\/de\/programme\/","og_site_name":"MOKOS","article_modified_time":"2026-02-06T08:29:29+00:00","og_image":[{"width":2560,"height":1707,"url":"https:\/\/mokos.hu\/wp-content\/uploads\/2021\/01\/IMG_4448-scaled.jpg","type":"image\/jpeg"}],"twitter_card":"summary_large_image","twitter_misc":{"Gesch\u00e4tzte Lesezeit":"1\u00a0Minute"},"schema":{"@context":"https:\/\/schema.org","@graph":[{"@type":"WebPage","@id":"https:\/\/mokos.hu\/programok\/","url":"https:\/\/mokos.hu\/programok\/","name":"Programok - 2026 - MOKOS Pinc\u00e9szet - Vill\u00e1nyi borvid\u00e9k - Palkonya","isPartOf":{"@id":"https:\/\/mokos.hu\/#website"},"primaryImageOfPage":{"@id":"https:\/\/mokos.hu\/programok\/#primaryimage"},"image":{"@id":"https:\/\/mokos.hu\/programok\/#primaryimage"},"thumbnailUrl":"https:\/\/mokos.hu\/wp-content\/uploads\/2021\/01\/IMG_4448-scaled.jpg","datePublished":"2016-08-30T11:55:03+00:00","dateModified":"2026-02-06T08:29:29+00:00","description":"Auch in diesem Jahr gibt es wieder zahlreiche bunte, kulturelle und gastronomische Programme f\u00fcr unsere G\u00e4ste auf Mokos Winery und Palkonya.","breadcrumb":{"@id":"https:\/\/mokos.hu\/programok\/#breadcrumb"},"inLanguage":"de","potentialAction":[{"@type":"ReadAction","target":["https:\/\/mokos.hu\/programok\/"]}]},{"@type":"ImageObject","inLanguage":"de","@id":"https:\/\/mokos.hu\/programok\/#primaryimage","url":"https:\/\/mokos.hu\/wp-content\/uploads\/2021\/01\/IMG_4448-scaled.jpg","contentUrl":"https:\/\/mokos.hu\/wp-content\/uploads\/2021\/01\/IMG_4448-scaled.jpg","width":2560,"height":1707,"caption":"Mokos_Pinceszet_villanyi_borvidek_palkonya_programok_programnaptar_esemenyek_rendezvenyek_villany_boros_bor"},{"@type":"BreadcrumbList","@id":"https:\/\/mokos.hu\/programok\/#breadcrumb","itemListElement":[{"@type":"ListItem","position":1,"name":"Home","item":"https:\/\/mokos.hu\/"},{"@type":"ListItem","position":2,"name":"Programok &#8211; 2026"}]},{"@type":"WebSite","@id":"https:\/\/mokos.hu\/#website","url":"https:\/\/mokos.hu\/","name":"MOKOS","description":"Familienweingut, Palkonya","publisher":{"@id":"https:\/\/mokos.hu\/#organization"},"potentialAction":[{"@type":"SearchAction","target":{"@type":"EntryPoint","urlTemplate":"https:\/\/mokos.hu\/?s={search_term_string}"},"query-input":{"@type":"PropertyValueSpecification","valueRequired":true,"valueName":"search_term_string"}}],"inLanguage":"de"},{"@type":"Organization","@id":"https:\/\/mokos.hu\/#organization","name":"MOKOS","url":"https:\/\/mokos.hu\/","logo":{"@type":"ImageObject","inLanguage":"de","@id":"https:\/\/mokos.hu\/#\/schema\/logo\/image\/","url":"https:\/\/mokos.hu\/wp-content\/uploads\/2018\/11\/cropped-Mokos_Villanyi-Borvidek-Palkonya-1.png","contentUrl":"https:\/\/mokos.hu\/wp-content\/uploads\/2018\/11\/cropped-Mokos_Villanyi-Borvidek-Palkonya-1.png","width":1000,"height":245,"caption":"MOKOS"},"image":{"@id":"https:\/\/mokos.hu\/#\/schema\/logo\/image\/"}}]}},"_links":{"self":[{"href":"https:\/\/mokos.hu\/de\/wp-json\/wp\/v2\/pages\/2948","targetHints":{"allow":["GET"]}}],"collection":[{"href":"https:\/\/mokos.hu\/de\/wp-json\/wp\/v2\/pages"}],"about":[{"href":"https:\/\/mokos.hu\/de\/wp-json\/wp\/v2\/types\/page"}],"author":[{"embeddable":true,"href":"https:\/\/mokos.hu\/de\/wp-json\/wp\/v2\/users\/1"}],"replies":[{"embeddable":true,"href":"https:\/\/mokos.hu\/de\/wp-json\/wp\/v2\/comments?post=2948"}],"version-history":[{"count":2,"href":"https:\/\/mokos.hu\/de\/wp-json\/wp\/v2\/pages\/2948\/revisions"}],"predecessor-version":[{"id":29703,"href":"https:\/\/mokos.hu\/de\/wp-json\/wp\/v2\/pages\/2948\/revisions\/29703"}],"wp:featuredmedia":[{"embeddable":true,"href":"https:\/\/mokos.hu\/de\/wp-json\/wp\/v2\/media\/11441"}],"wp:attachment":[{"href":"https:\/\/mokos.hu\/de\/wp-json\/wp\/v2\/media?parent=2948"}],"curies":[{"name":"wp","href":"https:\/\/api.w.org\/{rel}","templated":true}]}}