{"id":2463,"date":"2016-07-31T22:30:24","date_gmt":"2016-07-31T21:30:24","guid":{"rendered":"http:\/\/dev.vinolin.hu\/?page_id=2463&#038;lang=de"},"modified":"2025-01-21T14:25:12","modified_gmt":"2025-01-21T12:25:12","slug":"training-schauplatz-villany-wineregion","status":"publish","type":"page","link":"https:\/\/mokos.hu\/de\/hotel\/training-schauplatz-villany-wineregion\/","title":{"rendered":"Training- Schauplatz"},"content":{"rendered":"<div class=\"wpb-content-wrapper\"><div class=\"vc_row wpb_row vc_row-fluid\"><div class=\"wpb_column vc_column_container vc_col-sm-12\"><div class=\"vc_column-inner\"><div class=\"wpb_wrapper\">\n\t<div class=\"wpb_text_column wpb_content_element\" >\n\t\t<div class=\"wpb_wrapper\">\n\t\t\t<p>Sei es eine Konferenz, Team Bau, Erlebnistraining, Mitarbeiter- oder Kundenparty, Partnertreffen, Gesch\u00e4ftsmittagessen, Jubil\u00e4ums- oder Jahresabschlussfest, das Hotel Cabernet in Vill\u00e1nyk\u00f6vesd ist ein idealer Schauplatz f\u00fcr die Abwicklung von Unternehmensveranstaltungen, Teambautrainings f\u00fcr kleinere Firmen und Klassen.<\/p>\n<p><strong>Unser Besprechungszimmer<\/strong> ist ausgezeichnet f\u00fcr die Abwicklung von Fachveranstaltungen, Konferenzen, Verhandlungen, Besprechungen, Trainings. Der f\u00fcr 60-70 Personen geeignete Raum ist \u00e4u\u00dferst hell (nach Bedarf kann er verdunkelt werden), freundlich, ist klimatisierbar und seine Ausr\u00fcstung entspricht in allen den modernen technischen Erwartungen (Projektor, Flip Chart, Leinwand, Notebook).<\/p>\n<p>Unser zum Restaurant geh\u00f6render <strong>Extraraum<\/strong> (ebenfalls f\u00fcr 60-70 Personen) kann auch als Training Raum funktionieren, oder sogar als Schauplatz der abendlichen Firmenparty mit Musik.<\/p>\n\n<p>Die Verpflegung unserer G\u00e4ste, die an einer Firmenveranstaltung teilnehmen, geschieht in unserem stimmungsvollen <strong><a href=\"http:\/\/dev.vinolin.hu\/boretterem\/?lang=de\">Kellerrestaurant<\/a><\/strong>, das f\u00fcr 80-100 Personen geeignet ist. Das Kellerrestaurant wartet auf seine Teilnehmer mit die hiesigen Geschm\u00e4cke bewahrenden ungarischen Gerichten und mit dem zum Restaurant geh\u00f6renden Weintresor. Im Rahmen eines Abendessens mit Weinverkostung haben unsere G\u00e4ste die M\u00f6glichkeit, die Vill\u00e1nyer Rotweine, die Rebfl\u00e4chen und die Kellerei, die der aus Vill\u00e1nyk\u00f6vesd stammenden und das Hotel f\u00fchrenden Familie Mokos geh\u00f6ren, kennenzulernen.<\/p>\n<p>F\u00fcr die bequeme Unterkunft der G\u00e4ste sorgen die 25 niveauvoll eingerichteten <strong><a href=\"http:\/\/dev.vinolin.hu\/hotel-cabernet\/zimmer\/?lang=de\">Zimmer<\/a><\/strong> des Hotel Cabernets. Alle Zimmer verf\u00fcgen \u00fcber ein eigenes Badezimmer (mit Dusche oder mit Badewanne), 10 Zimmer sind klimatisiert.<\/p>\n<p style=\"text-align: justify;\">In der unmittelbaren Umgebung des Hotels bietet sich eine gute M\u00f6glichkeit f\u00fcr die Veranstaltung von <a href=\"http:\/\/dev.vinolin.hu\/programme\/?lang=de\"><strong>Outdoor-Programmen<\/strong><\/a>, beziehungsweise f\u00fcr Entspannung auch. Zum Erfolg der Veranstaltung kann auch die <a href=\"http:\/\/dev.vinolin.hu\/program\/weinverkostung-mokos-kellerei-palkonya-villany-weingegend-ungarn\/?lang=de\"><strong>Weinverkostung<\/strong><\/a>, das <a href=\"http:\/\/dev.vinolin.hu\/program\/weinabendessen-mokos-kellerei-villany-ungarn\/?lang=de\"><strong>Weinabendessen<\/strong><\/a>, wo die aus der\u00a0Kellerei der Familie Mokos stammenden Weine vorgestellt werden, <strong><a href=\"http:\/\/dev.vinolin.hu\/program\/pferdekutsche-villany\/?lang=de\">Fahren mit Pferdekutsche<\/a><\/strong>\u00a0(mit Schnapsverkostung), der Besuch sonstiger in der N\u00e4he liegenden namhaften Kellereien <a href=\"http:\/\/dev.vinolin.hu\/program\/kellergangtour-villany-weingegend-weintour-ungarn\/?lang=de\">(<strong>Kellergangtour in Vill\u00e1nyk\u00f6vesd<\/strong>)<\/a>, <strong><a href=\"http:\/\/dev.vinolin.hu\/de\/programme\/touren\/\">Ausfl\u00fcge<\/a><\/strong>, sonstige Programme im Wald (z.B.: geocaching), <a href=\"http:\/\/dev.vinolin.hu\/program\/schiffsausflug-an-der-drau-ungarn\/?lang=de\"><strong>Schiffausflug an der Drau<\/strong><\/a>, oder der Besuch der einige km entfernten <a href=\"http:\/\/dev.vinolin.hu\/de\/programme\/sehenswuerdigkeiten\/\"><strong>Sehensw\u00fcrdigkeiten<\/strong><\/a> (Vill\u00e1nyer Statuen Park, Sikl\u00f3ser Burg, Hark\u00e1ny, Palkonyaer Fischerteiche) beitragen.<\/p>\n\n\t\t<\/div>\n\t<\/div>\n<\/div><\/div><\/div><\/div>\n<\/div>","protected":false},"excerpt":{"rendered":"Sei es eine Konferenz, Team Bau, Erlebnistraining, Mitarbeiter- oder Kundenparty, Partnertreffen, Gesch\u00e4ftsmittagessen, Jubil\u00e4ums- oder Jahresabschlussfest, das Hotel Cabernet in Vill\u00e1nyk\u00f6vesd ist ein idealer Schauplatz f\u00fcr die Abwicklung von Unternehmensveranstaltungen, Teambautrainings&hellip;","protected":false},"author":2,"featured_media":0,"parent":2433,"menu_order":0,"comment_status":"closed","ping_status":"closed","template":"","meta":{"_acf_changed":false,"footnotes":""},"class_list":["post-2463","page","type-page","status-publish","hentry"],"acf":[],"yoast_head":"<!-- This site is optimized with the Yoast SEO plugin v27.1.1 - https:\/\/yoast.com\/product\/yoast-seo-wordpress\/ -->\n<title>Training- Schauplatz - MOKOS<\/title>\n<meta name=\"robots\" content=\"index, follow, max-snippet:-1, max-image-preview:large, max-video-preview:-1\" \/>\n<link rel=\"canonical\" href=\"https:\/\/mokos.hu\/de\/hotel\/training-schauplatz-villany-wineregion\/\" \/>\n<meta property=\"og:locale\" content=\"de_DE\" \/>\n<meta property=\"og:type\" content=\"article\" \/>\n<meta property=\"og:title\" content=\"Training- Schauplatz - MOKOS\" \/>\n<meta property=\"og:url\" content=\"https:\/\/mokos.hu\/de\/hotel\/training-schauplatz-villany-wineregion\/\" \/>\n<meta property=\"og:site_name\" content=\"MOKOS\" \/>\n<meta property=\"article:modified_time\" content=\"2025-01-21T12:25:12+00:00\" \/>\n<meta name=\"twitter:card\" content=\"summary_large_image\" \/>\n<meta name=\"twitter:label1\" content=\"Gesch\u00e4tzte Lesezeit\" \/>\n\t<meta name=\"twitter:data1\" content=\"2\u00a0Minuten\" \/>\n<script type=\"application\/ld+json\" class=\"yoast-schema-graph\">{\"@context\":\"https:\/\/schema.org\",\"@graph\":[{\"@type\":\"WebPage\",\"@id\":\"https:\/\/mokos.hu\/hotel\/training-schauplatz-villany-wineregion\/\",\"url\":\"https:\/\/mokos.hu\/hotel\/training-schauplatz-villany-wineregion\/\",\"name\":\"Training- Schauplatz - MOKOS\",\"isPartOf\":{\"@id\":\"https:\/\/mokos.hu\/#website\"},\"datePublished\":\"2016-07-31T21:30:24+00:00\",\"dateModified\":\"2025-01-21T12:25:12+00:00\",\"breadcrumb\":{\"@id\":\"https:\/\/mokos.hu\/hotel\/training-schauplatz-villany-wineregion\/#breadcrumb\"},\"inLanguage\":\"de\",\"potentialAction\":[{\"@type\":\"ReadAction\",\"target\":[\"https:\/\/mokos.hu\/hotel\/training-schauplatz-villany-wineregion\/\"]}]},{\"@type\":\"BreadcrumbList\",\"@id\":\"https:\/\/mokos.hu\/hotel\/training-schauplatz-villany-wineregion\/#breadcrumb\",\"itemListElement\":[{\"@type\":\"ListItem\",\"position\":1,\"name\":\"Home\",\"item\":\"https:\/\/mokos.hu\/\"},{\"@type\":\"ListItem\",\"position\":2,\"name\":\"Hotel Cabernet\",\"item\":\"https:\/\/mokos.hu\/hotel\/\"},{\"@type\":\"ListItem\",\"position\":3,\"name\":\"Training- Schauplatz\"}]},{\"@type\":\"WebSite\",\"@id\":\"https:\/\/mokos.hu\/#website\",\"url\":\"https:\/\/mokos.hu\/\",\"name\":\"MOKOS\",\"description\":\"Csal\u00e1di Pinc\u00e9szet, Palkonya\",\"publisher\":{\"@id\":\"https:\/\/mokos.hu\/#organization\"},\"potentialAction\":[{\"@type\":\"SearchAction\",\"target\":{\"@type\":\"EntryPoint\",\"urlTemplate\":\"https:\/\/mokos.hu\/?s={search_term_string}\"},\"query-input\":{\"@type\":\"PropertyValueSpecification\",\"valueRequired\":true,\"valueName\":\"search_term_string\"}}],\"inLanguage\":\"de\"},{\"@type\":\"Organization\",\"@id\":\"https:\/\/mokos.hu\/#organization\",\"name\":\"MOKOS\",\"url\":\"https:\/\/mokos.hu\/\",\"logo\":{\"@type\":\"ImageObject\",\"inLanguage\":\"de\",\"@id\":\"https:\/\/mokos.hu\/#\/schema\/logo\/image\/\",\"url\":\"https:\/\/mokos.hu\/wp-content\/uploads\/2018\/11\/cropped-Mokos_Villanyi-Borvidek-Palkonya-1.png\",\"contentUrl\":\"https:\/\/mokos.hu\/wp-content\/uploads\/2018\/11\/cropped-Mokos_Villanyi-Borvidek-Palkonya-1.png\",\"width\":1000,\"height\":245,\"caption\":\"MOKOS\"},\"image\":{\"@id\":\"https:\/\/mokos.hu\/#\/schema\/logo\/image\/\"}}]}<\/script>\n<!-- \/ Yoast SEO plugin. -->","yoast_head_json":{"title":"Training- Schauplatz - MOKOS","robots":{"index":"index","follow":"follow","max-snippet":"max-snippet:-1","max-image-preview":"max-image-preview:large","max-video-preview":"max-video-preview:-1"},"canonical":"https:\/\/mokos.hu\/de\/hotel\/training-schauplatz-villany-wineregion\/","og_locale":"de_DE","og_type":"article","og_title":"Training- Schauplatz - MOKOS","og_url":"https:\/\/mokos.hu\/de\/hotel\/training-schauplatz-villany-wineregion\/","og_site_name":"MOKOS","article_modified_time":"2025-01-21T12:25:12+00:00","twitter_card":"summary_large_image","twitter_misc":{"Gesch\u00e4tzte Lesezeit":"2\u00a0Minuten"},"schema":{"@context":"https:\/\/schema.org","@graph":[{"@type":"WebPage","@id":"https:\/\/mokos.hu\/hotel\/training-schauplatz-villany-wineregion\/","url":"https:\/\/mokos.hu\/hotel\/training-schauplatz-villany-wineregion\/","name":"Training- Schauplatz - MOKOS","isPartOf":{"@id":"https:\/\/mokos.hu\/#website"},"datePublished":"2016-07-31T21:30:24+00:00","dateModified":"2025-01-21T12:25:12+00:00","breadcrumb":{"@id":"https:\/\/mokos.hu\/hotel\/training-schauplatz-villany-wineregion\/#breadcrumb"},"inLanguage":"de","potentialAction":[{"@type":"ReadAction","target":["https:\/\/mokos.hu\/hotel\/training-schauplatz-villany-wineregion\/"]}]},{"@type":"BreadcrumbList","@id":"https:\/\/mokos.hu\/hotel\/training-schauplatz-villany-wineregion\/#breadcrumb","itemListElement":[{"@type":"ListItem","position":1,"name":"Home","item":"https:\/\/mokos.hu\/"},{"@type":"ListItem","position":2,"name":"Hotel Cabernet","item":"https:\/\/mokos.hu\/hotel\/"},{"@type":"ListItem","position":3,"name":"Training- Schauplatz"}]},{"@type":"WebSite","@id":"https:\/\/mokos.hu\/#website","url":"https:\/\/mokos.hu\/","name":"MOKOS","description":"Familienweingut, Palkonya","publisher":{"@id":"https:\/\/mokos.hu\/#organization"},"potentialAction":[{"@type":"SearchAction","target":{"@type":"EntryPoint","urlTemplate":"https:\/\/mokos.hu\/?s={search_term_string}"},"query-input":{"@type":"PropertyValueSpecification","valueRequired":true,"valueName":"search_term_string"}}],"inLanguage":"de"},{"@type":"Organization","@id":"https:\/\/mokos.hu\/#organization","name":"MOKOS","url":"https:\/\/mokos.hu\/","logo":{"@type":"ImageObject","inLanguage":"de","@id":"https:\/\/mokos.hu\/#\/schema\/logo\/image\/","url":"https:\/\/mokos.hu\/wp-content\/uploads\/2018\/11\/cropped-Mokos_Villanyi-Borvidek-Palkonya-1.png","contentUrl":"https:\/\/mokos.hu\/wp-content\/uploads\/2018\/11\/cropped-Mokos_Villanyi-Borvidek-Palkonya-1.png","width":1000,"height":245,"caption":"MOKOS"},"image":{"@id":"https:\/\/mokos.hu\/#\/schema\/logo\/image\/"}}]}},"_links":{"self":[{"href":"https:\/\/mokos.hu\/de\/wp-json\/wp\/v2\/pages\/2463","targetHints":{"allow":["GET"]}}],"collection":[{"href":"https:\/\/mokos.hu\/de\/wp-json\/wp\/v2\/pages"}],"about":[{"href":"https:\/\/mokos.hu\/de\/wp-json\/wp\/v2\/types\/page"}],"author":[{"embeddable":true,"href":"https:\/\/mokos.hu\/de\/wp-json\/wp\/v2\/users\/2"}],"replies":[{"embeddable":true,"href":"https:\/\/mokos.hu\/de\/wp-json\/wp\/v2\/comments?post=2463"}],"version-history":[{"count":0,"href":"https:\/\/mokos.hu\/de\/wp-json\/wp\/v2\/pages\/2463\/revisions"}],"up":[{"embeddable":true,"href":"https:\/\/mokos.hu\/de\/wp-json\/wp\/v2\/pages\/2433"}],"wp:attachment":[{"href":"https:\/\/mokos.hu\/de\/wp-json\/wp\/v2\/media?parent=2463"}],"curies":[{"name":"wp","href":"https:\/\/api.w.org\/{rel}","templated":true}]}}