{"id":2433,"date":"2016-07-29T22:59:37","date_gmt":"2016-07-29T21:59:37","guid":{"rendered":"http:\/\/dev.vinolin.hu\/?page_id=2433&#038;lang=de"},"modified":"2025-01-21T14:25:12","modified_gmt":"2025-01-21T12:25:12","slug":"hotel","status":"publish","type":"page","link":"https:\/\/mokos.hu\/de\/hotel\/","title":{"rendered":"Hotel Cabernet"},"content":{"rendered":"<div class=\"wpb-content-wrapper\"><div class=\"vc_row wpb_row vc_row-fluid\"><div class=\"wpb_column vc_column_container vc_col-sm-12\"><div class=\"vc_column-inner\"><div class=\"wpb_wrapper\">\n\t<div class=\"wpb_text_column wpb_content_element\" >\n\t\t<div class=\"wpb_wrapper\">\n\t\t\t<p>Das Hotel Cabernet er\u00f6ffnete seine Pforten 1998 in Vill\u00e1nyk\u00f6vesd, die eine der sch\u00f6nsten Ortschaften der Villanyer Weinregion und des Deutschtums in Branau ist. Die malerische, friedliche Landschaft bietet eine einzigartige Umgebung f\u00fcr G\u00e4ste, die die wimmelnde Gro\u00dfstadt verlassen m\u00f6chten, auf der Suche nach Entspannung sind und nat\u00fcrlich f\u00fcr alle Weinliebhaber. Die Siedlung Vill\u00e1nyk\u00f6vesd, im nord\u00f6stlichen Zipfel der Vill\u00e1nyer Berglandschaft gelegen, geh\u00f6rt zu den geschichtstr\u00e4chtigen D\u00f6rfern entlang der Weinstra\u00dfe Sikl\u00f3s-Vill\u00e1ny. Das Hotel Cabernet befindet sich in unmittelbarer Nachbarschaft der weltber\u00fchmten, denkmalgesch\u00fctzten Weinkeller-Reihen von Vill\u00e1nyk\u00f6vesd.<\/p>\n<p>Unser Hotel erhielt seine heutige Form als Ergebnis der Renovierung einer alten adeligen Kurie, so daneben, dass es den Anspr\u00fcchen der modernen Zeit in allen Hinsichten entspricht, passt es\u00a0 perfekt ins Dorfleben und bewahrt auch die Eleganz der vergangenen Zeiten.<\/p>\n\n\t\t<\/div>\n\t<\/div>\n\n\t<div class=\"wpb_text_column wpb_content_element\" >\n\t\t<div class=\"wpb_wrapper\">\n\t\t\t<p style=\"text-align: justify;\"><strong><a href=\"http:\/\/dev.vinolin.hu\/hotel-cabernet\/zimmer\/?lang=de\">Bequeme Zimmer<\/a><\/strong><\/p>\n\n\t\t<\/div>\n\t<\/div>\n<div class=\"vc_row wpb_row vc_inner vc_row-fluid\"><div class=\"wpb_column vc_column_container vc_col-sm-4\"><div class=\"vc_column-inner\"><div class=\"wpb_wrapper\">\n\t<div  class=\"wpb_single_image wpb_content_element vc_align_left wpb_content_element\">\n\t\t\n\t\t<figure class=\"wpb_wrapper vc_figure\">\n\t\t\t<div class=\"vc_single_image-wrapper   vc_box_border_grey\"><\/div>\n\t\t<\/figure>\n\t<\/div>\n<\/div><\/div><\/div><div class=\"wpb_column vc_column_container vc_col-sm-8\"><div class=\"vc_column-inner\"><div class=\"wpb_wrapper\">\n\t<div class=\"wpb_text_column wpb_content_element\" >\n\t\t<div class=\"wpb_wrapper\">\n\t\t\t<p>Das Hotel Cabernet verf\u00fcgt \u00fcber 21 Doppelzimmer sowie 4 Dreibett-Zimmer. Zu allen Zimmern des Hotels geh\u00f6ren ein Badezimmer, Fernsehapparat, Telefon, Internetanschlussm\u00f6glichkeit, fallweise Balkon, beziehungsweise ein Ausgang, der auf die Terrasse geht. Mit seinen gro\u00dfz\u00fcgigen \u00f6ffentlichen R\u00e4umlichkeiten (Lobby, Terrasse, Keller-Restaurant, Konferenzraum) ist unser Haus optimal f\u00fcr einen Aufenthalt gr\u00f6\u00dferer Gesellschaften und Gruppen geeignet.<\/p>\n<p><a href=\"http:\/\/dev.vinolin.hu\/hotel-cabernet\/zimmer\/?lang=de\"><strong>\u00dcber\u00a0 die Zimmer ausf\u00fchrlicher &gt;&gt;<\/strong><\/a><\/p>\n\n\t\t<\/div>\n\t<\/div>\n<\/div><\/div><\/div><\/div><div class=\"vc_empty_space\"   style=\"height: 20px\"><span class=\"vc_empty_space_inner\"><\/span><\/div>\n\t<div class=\"wpb_text_column wpb_content_element\" >\n\t\t<div class=\"wpb_wrapper\">\n\t\t\t<p style=\"text-align: justify;\"><strong><a href=\"http:\/\/dev.vinolin.hu\/boretterem\/?lang=de\">Stimmungsvolles Kellerrestaurant<\/a><\/strong><\/p>\n\n\t\t<\/div>\n\t<\/div>\n<div class=\"vc_row wpb_row vc_inner vc_row-fluid\"><div class=\"wpb_column vc_column_container vc_col-sm-4\"><div class=\"vc_column-inner\"><div class=\"wpb_wrapper\">\n\t<div  class=\"wpb_single_image wpb_content_element vc_align_left wpb_content_element\">\n\t\t\n\t\t<figure class=\"wpb_wrapper vc_figure\">\n\t\t\t<div class=\"vc_single_image-wrapper   vc_box_border_grey\"><\/div>\n\t\t<\/figure>\n\t<\/div>\n<\/div><\/div><\/div><div class=\"wpb_column vc_column_container vc_col-sm-8\"><div class=\"vc_column-inner\"><div class=\"wpb_wrapper\">\n\t<div class=\"wpb_text_column wpb_content_element\" >\n\t\t<div class=\"wpb_wrapper\">\n\t\t\t<p>Das sich innerhalb des Hotels befindliche stimmungsvolle Kellerrestaurant dient als ein ausgezeichneter Platz f\u00fcr die Veranstaltung von Weinverkostungen und Weinabendessen mit gr\u00f6\u00dferem Volumen, f\u00fcr Weinlesevergn\u00fcgungen oder sogar zur Verzehrung eines romantischen Abendessens. Zum Restaurant geh\u00f6ren ein Weintresor und ein kleinerer Weinkeller, wo wir die ausgezeichneten Weine unserer eigenen Familienkellerbetrieb bewahren und die G\u00e4ste, die unser Hotel besuchen, haben auch die M\u00f6glichkeit, diese Weine zu verkosten. Dieser Weinkeller ist \u00fcbrigens auch der erste Keller der Villanyk\u00f6vesder Kellerreihe!<br \/>\n<strong><a href=\"http:\/\/dev.vinolin.hu\/boretterem\/?lang=de\">Ausf\u00fchrlicher \u00fcber das Restaurant&gt;&gt;<\/a><\/strong><\/p>\n\n\t\t<\/div>\n\t<\/div>\n<\/div><\/div><\/div><\/div><div class=\"vc_empty_space\"   style=\"height: 20px\"><span class=\"vc_empty_space_inner\"><\/span><\/div>\n\t<div class=\"wpb_text_column wpb_content_element\" >\n\t\t<div class=\"wpb_wrapper\">\n\t\t\t<p style=\"text-align: justify;\"><a href=\"http:\/\/dev.vinolin.hu\/programme\/?lang=de\"><span style=\"color: #a1254c;\"><strong>Bunte Programm M\u00f6glichkeiten<\/strong><\/span><\/a><\/p>\n\n\t\t<\/div>\n\t<\/div>\n<div class=\"vc_row wpb_row vc_inner vc_row-fluid\"><div class=\"wpb_column vc_column_container vc_col-sm-4\"><div class=\"vc_column-inner\"><div class=\"wpb_wrapper\">\n\t<div  class=\"wpb_single_image wpb_content_element vc_align_left wpb_content_element\">\n\t\t\n\t\t<figure class=\"wpb_wrapper vc_figure\">\n\t\t\t<div class=\"vc_single_image-wrapper   vc_box_border_grey\"><\/div>\n\t\t<\/figure>\n\t<\/div>\n<\/div><\/div><\/div><div class=\"wpb_column vc_column_container vc_col-sm-8\"><div class=\"vc_column-inner\"><div class=\"wpb_wrapper\">\n\t<div class=\"wpb_text_column wpb_content_element\" >\n\t\t<div class=\"wpb_wrapper\">\n\t\t\t<p>Wenn Sie Ihre Freizeit gern vielf\u00e4ltig verbringen, dann sind Sie bei uns richtig. Die Umgebung bietet zahlreiche Sport- und Freizeitm\u00f6glichkeiten, wie zum Beispiel Angeln auf den Palkonyaer Fischerteichen, Bootfahrt, Ausflug im Villanyer Gebirge (Schwarzer Berg- Tour), Reiten, Pferdekutschenfahrt, Weinverkostung und Weinabendessen im Cabernet Weinrestaurant, Kellergang durch die Kellerreihe in Villanyk\u00f6vesd, Baden in Harkany, Ausflug nach Sikl\u00f3s (Besuch der Burg und\/oder Erlebnisbad), Schiffausflug an der Drau, Stadtrundfahrt in P\u00e9cs. Weitere Details \u00fcber die Freizeitm\u00f6glichkeiten finden Sie unter dem Querverweis Programme. <a href=\"http:\/\/dev.vinolin.hu\/programme\/?lang=de\"><strong>Ausf\u00fchrlicher \u00fcber Freizeitprogrammm\u00f6glichkeiten&gt;&gt;<\/strong><\/a><\/p>\n\n\t\t<\/div>\n\t<\/div>\n<\/div><\/div><\/div><\/div><\/div><\/div><\/div><\/div>\n<\/div>","protected":false},"excerpt":{"rendered":"Das Hotel Cabernet er\u00f6ffnete seine Pforten 1998 in Vill\u00e1nyk\u00f6vesd, die eine der sch\u00f6nsten Ortschaften der Villanyer Weinregion und des Deutschtums in Branau ist. Die malerische, friedliche Landschaft bietet eine einzigartige&hellip;","protected":false},"author":2,"featured_media":0,"parent":0,"menu_order":0,"comment_status":"closed","ping_status":"closed","template":"","meta":{"_acf_changed":false,"footnotes":""},"class_list":["post-2433","page","type-page","status-publish","hentry"],"acf":[],"yoast_head":"<!-- This site is optimized with the Yoast SEO plugin v27.1.1 - https:\/\/yoast.com\/product\/yoast-seo-wordpress\/ -->\n<title>Hotel Cabernet - MOKOS<\/title>\n<meta name=\"robots\" content=\"index, follow, max-snippet:-1, max-image-preview:large, max-video-preview:-1\" \/>\n<link rel=\"canonical\" href=\"https:\/\/mokos.hu\/de\/hotel\/\" \/>\n<meta property=\"og:locale\" content=\"de_DE\" \/>\n<meta property=\"og:type\" content=\"article\" \/>\n<meta property=\"og:title\" content=\"Hotel Cabernet - MOKOS\" \/>\n<meta property=\"og:url\" content=\"https:\/\/mokos.hu\/de\/hotel\/\" \/>\n<meta property=\"og:site_name\" content=\"MOKOS\" \/>\n<meta property=\"article:modified_time\" content=\"2025-01-21T12:25:12+00:00\" \/>\n<meta name=\"twitter:card\" content=\"summary_large_image\" \/>\n<meta name=\"twitter:label1\" content=\"Gesch\u00e4tzte Lesezeit\" \/>\n\t<meta name=\"twitter:data1\" content=\"3\u00a0Minuten\" \/>\n<script type=\"application\/ld+json\" class=\"yoast-schema-graph\">{\"@context\":\"https:\/\/schema.org\",\"@graph\":[{\"@type\":\"WebPage\",\"@id\":\"https:\/\/mokos.hu\/hotel\/\",\"url\":\"https:\/\/mokos.hu\/hotel\/\",\"name\":\"Hotel Cabernet - MOKOS\",\"isPartOf\":{\"@id\":\"https:\/\/mokos.hu\/#website\"},\"datePublished\":\"2016-07-29T21:59:37+00:00\",\"dateModified\":\"2025-01-21T12:25:12+00:00\",\"breadcrumb\":{\"@id\":\"https:\/\/mokos.hu\/hotel\/#breadcrumb\"},\"inLanguage\":\"de\",\"potentialAction\":[{\"@type\":\"ReadAction\",\"target\":[\"https:\/\/mokos.hu\/hotel\/\"]}]},{\"@type\":\"BreadcrumbList\",\"@id\":\"https:\/\/mokos.hu\/hotel\/#breadcrumb\",\"itemListElement\":[{\"@type\":\"ListItem\",\"position\":1,\"name\":\"Home\",\"item\":\"https:\/\/mokos.hu\/\"},{\"@type\":\"ListItem\",\"position\":2,\"name\":\"Hotel Cabernet\"}]},{\"@type\":\"WebSite\",\"@id\":\"https:\/\/mokos.hu\/#website\",\"url\":\"https:\/\/mokos.hu\/\",\"name\":\"MOKOS\",\"description\":\"Csal\u00e1di Pinc\u00e9szet, Palkonya\",\"publisher\":{\"@id\":\"https:\/\/mokos.hu\/#organization\"},\"potentialAction\":[{\"@type\":\"SearchAction\",\"target\":{\"@type\":\"EntryPoint\",\"urlTemplate\":\"https:\/\/mokos.hu\/?s={search_term_string}\"},\"query-input\":{\"@type\":\"PropertyValueSpecification\",\"valueRequired\":true,\"valueName\":\"search_term_string\"}}],\"inLanguage\":\"de\"},{\"@type\":\"Organization\",\"@id\":\"https:\/\/mokos.hu\/#organization\",\"name\":\"MOKOS\",\"url\":\"https:\/\/mokos.hu\/\",\"logo\":{\"@type\":\"ImageObject\",\"inLanguage\":\"de\",\"@id\":\"https:\/\/mokos.hu\/#\/schema\/logo\/image\/\",\"url\":\"https:\/\/mokos.hu\/wp-content\/uploads\/2018\/11\/cropped-Mokos_Villanyi-Borvidek-Palkonya-1.png\",\"contentUrl\":\"https:\/\/mokos.hu\/wp-content\/uploads\/2018\/11\/cropped-Mokos_Villanyi-Borvidek-Palkonya-1.png\",\"width\":1000,\"height\":245,\"caption\":\"MOKOS\"},\"image\":{\"@id\":\"https:\/\/mokos.hu\/#\/schema\/logo\/image\/\"}}]}<\/script>\n<!-- \/ Yoast SEO plugin. -->","yoast_head_json":{"title":"Hotel Cabernet - MOKOS","robots":{"index":"index","follow":"follow","max-snippet":"max-snippet:-1","max-image-preview":"max-image-preview:large","max-video-preview":"max-video-preview:-1"},"canonical":"https:\/\/mokos.hu\/de\/hotel\/","og_locale":"de_DE","og_type":"article","og_title":"Hotel Cabernet - MOKOS","og_url":"https:\/\/mokos.hu\/de\/hotel\/","og_site_name":"MOKOS","article_modified_time":"2025-01-21T12:25:12+00:00","twitter_card":"summary_large_image","twitter_misc":{"Gesch\u00e4tzte Lesezeit":"3\u00a0Minuten"},"schema":{"@context":"https:\/\/schema.org","@graph":[{"@type":"WebPage","@id":"https:\/\/mokos.hu\/hotel\/","url":"https:\/\/mokos.hu\/hotel\/","name":"Hotel Cabernet - MOKOS","isPartOf":{"@id":"https:\/\/mokos.hu\/#website"},"datePublished":"2016-07-29T21:59:37+00:00","dateModified":"2025-01-21T12:25:12+00:00","breadcrumb":{"@id":"https:\/\/mokos.hu\/hotel\/#breadcrumb"},"inLanguage":"de","potentialAction":[{"@type":"ReadAction","target":["https:\/\/mokos.hu\/hotel\/"]}]},{"@type":"BreadcrumbList","@id":"https:\/\/mokos.hu\/hotel\/#breadcrumb","itemListElement":[{"@type":"ListItem","position":1,"name":"Home","item":"https:\/\/mokos.hu\/"},{"@type":"ListItem","position":2,"name":"Hotel Cabernet"}]},{"@type":"WebSite","@id":"https:\/\/mokos.hu\/#website","url":"https:\/\/mokos.hu\/","name":"MOKOS","description":"Familienweingut, Palkonya","publisher":{"@id":"https:\/\/mokos.hu\/#organization"},"potentialAction":[{"@type":"SearchAction","target":{"@type":"EntryPoint","urlTemplate":"https:\/\/mokos.hu\/?s={search_term_string}"},"query-input":{"@type":"PropertyValueSpecification","valueRequired":true,"valueName":"search_term_string"}}],"inLanguage":"de"},{"@type":"Organization","@id":"https:\/\/mokos.hu\/#organization","name":"MOKOS","url":"https:\/\/mokos.hu\/","logo":{"@type":"ImageObject","inLanguage":"de","@id":"https:\/\/mokos.hu\/#\/schema\/logo\/image\/","url":"https:\/\/mokos.hu\/wp-content\/uploads\/2018\/11\/cropped-Mokos_Villanyi-Borvidek-Palkonya-1.png","contentUrl":"https:\/\/mokos.hu\/wp-content\/uploads\/2018\/11\/cropped-Mokos_Villanyi-Borvidek-Palkonya-1.png","width":1000,"height":245,"caption":"MOKOS"},"image":{"@id":"https:\/\/mokos.hu\/#\/schema\/logo\/image\/"}}]}},"_links":{"self":[{"href":"https:\/\/mokos.hu\/de\/wp-json\/wp\/v2\/pages\/2433","targetHints":{"allow":["GET"]}}],"collection":[{"href":"https:\/\/mokos.hu\/de\/wp-json\/wp\/v2\/pages"}],"about":[{"href":"https:\/\/mokos.hu\/de\/wp-json\/wp\/v2\/types\/page"}],"author":[{"embeddable":true,"href":"https:\/\/mokos.hu\/de\/wp-json\/wp\/v2\/users\/2"}],"replies":[{"embeddable":true,"href":"https:\/\/mokos.hu\/de\/wp-json\/wp\/v2\/comments?post=2433"}],"version-history":[{"count":0,"href":"https:\/\/mokos.hu\/de\/wp-json\/wp\/v2\/pages\/2433\/revisions"}],"wp:attachment":[{"href":"https:\/\/mokos.hu\/de\/wp-json\/wp\/v2\/media?parent=2433"}],"curies":[{"name":"wp","href":"https:\/\/api.w.org\/{rel}","templated":true}]}}