{"id":21,"date":"2016-02-09T21:55:08","date_gmt":"2016-02-09T20:55:08","guid":{"rendered":"http:\/\/dev.vinolin.hu\/?page_id=21"},"modified":"2025-03-28T10:27:38","modified_gmt":"2025-03-28T08:27:38","slug":"teamforderungsprogramme","status":"publish","type":"page","link":"https:\/\/mokos.hu\/de\/rendezvenyek\/csapatepito-programok\/","title":{"rendered":"Team Builders"},"content":{"rendered":"<h3 class=\"wp-block-heading\">Teambuilding, Spannung und Erlebnisse in der Weinregion Vill\u00e1ny!<\/h3>\r\n\r\n\r\n\r\n<p>Suchen Sie ein Teambuilding-Programm oder einen Schulungsort?<strong> Teambuilding-Events im Weingut Mokos und im Hotel Cabernet sind nicht nur Dienstleistungen, sondern auch Erlebnisse!<\/strong> Sie brauchen keine teuren Eventplaner oder Trainer, denn dank unserer kreativen Teambuilding-Aktivit\u00e4ten (wie z. B. das Ernteerlebnis, das Weindetektivspiel...) werden wir Ihre gemeinsame Zeit f\u00fcr Ihre Kollegen unvergesslich machen!<\/p>\r\n\r\n\r\n\r\n<p>Zusammen mit den Programmveranstaltern unseres Weingutes und unseres Hotels haben wir speziell f\u00fcr Firmen komplexe Programmpakete entwickelt, die sich sowohl f\u00fcr Teambuilding als auch f\u00fcr andere Firmenveranstaltungen (z.B. Partnertreffen) hervorragend eignen!<\/p>\r\n\r\n\r\n\r\n<h4 class=\"wp-block-heading\"><strong>T<\/strong><strong>Entdecken Sie unsere bunte Palette an Teambuilding-Angeboten:<\/strong><\/h4>\r\n\r\n\r\n\r\n<h4 class=\"wp-block-heading\"><a href=\"https:\/\/mokos.hu\/de\/froccstura\/\"><strong>Splash hike - Outdoor-Abenteuerspiel<\/strong><\/a><\/h4>\r\n\r\n\r\n\r\n<p>Nimm Palkonya auf deinen R\u00fccken! Erleben Sie die unvergessliche #mokos-Erfahrung und entdecken Sie die verborgenen Sch\u00e4tze von Palkonya in unserem neuen Teambuilding-Spiel! W\u00e4hrend des Programms <strong>Lernen Sie #palkonyagastrofalju und seine Attraktionen kennen und nehmen Sie nicht zuletzt an einer spannenden Entdeckungstour teil, und das alles an der frischen Luft und in der freien Natur<\/strong>. Abenteuer mit uns, die Natur ruft Sie, das Juwel der Vill\u00e1nyer Weinregion ruft Sie: die Palkonya!<em><strong> <a href=\"https:\/\/mokos.hu\/de\/froccstura\/\">Tov\u00e1bb>><\/a><\/strong><\/em><\/p>\r\n\r\n\r\n\r\n<h4 class=\"wp-block-heading\"><a href=\"https:\/\/mokos.hu\/de\/veranstaltungen\/teamforderungsprogramme\/kultdetektiv-mit-wein\/\"><strong>DETEKTIV-DETEKTIV-SPIEL<\/strong><\/a><\/h4>\r\n\r\n\r\n\r\n<p>Es gibt nichts Besseres gegen die grauen Tage als eine kleine<strong> adrenalingetriebenes Hirnstammtraining<\/strong>! Unser Teambuilding-Programm Mokos Detectives - Wine Makers bietet krimi\u00e4hnliche Abenteuer, bei denen jeder ein echter Superdetektiv werden kann! Suchen Sie nach Hinweisen, interpretieren Sie R\u00e4tsel und Gedichte, k\u00e4mpfen Sie gegen die Zeit und finden Sie den Schuldigen!<strong>\u00a0<\/strong>L\u00f6se das Geheimnis von Palkonya als Team von professionellen Detektiven! <strong><em><a href=\"https:\/\/mokos.hu\/de\/veranstaltungen\/teamforderungsprogramme\/kultdetektiv-mit-wein\/\">Mehr lesen &gt;&gt;<\/a><\/em><\/strong><\/p>\r\n\r\n\r\n\r\n<h4 class=\"wp-block-heading\"><strong><a href=\"https:\/\/mokos.hu\/de\/veranstaltungen\/teamforderungsprogramme\/borastusa\/\">BOR\u00c1SZTUSA<\/a><\/strong><\/h4>\r\n\r\n\r\n\r\n<p>W\u00fcrden Sie Ihr Weinwissen in einem <strong>Geschicklichkeits- und Logikspiel<\/strong> Rahmen? Unser Teambildungstraining WinemakerTusa beinhaltet kreative \u00dcbungen, viel Spannung und eine Weinverkostung! Fordern Sie sich selbst heraus und finden Sie heraus, wer der beste Winzer ist! <em><a href=\"https:\/\/mokos.hu\/de\/veranstaltungen\/teamforderungsprogramme\/borastusa\/\"><strong>Mehr lesen &gt;&gt;<\/strong><\/a><\/em><\/p>\r\n\r\n\r\n\r\n<h4 class=\"wp-block-heading\"><a href=\"https:\/\/mokos.hu\/de\/veranstaltungen\/teamforderungsprogramme\/borvegas\/\"><strong>BORVEGAS<\/strong><\/a><\/h4>\r\n\r\n\r\n\r\n<p>Suchen Sie nach einem spannenden und unterhaltsamen Programm? Unser BorVegas-Teambuilding-Angebot ist die perfekte L\u00f6sung! Zus\u00e4tzlich zum Gl\u00fcck brauchen Sie Teammitglieder<strong> ausgezeichnete Kenntnisse \u00fcber Wein und Branntwein<\/strong>Wohlf\u00fchlen!\u00a0<em><a href=\"https:\/\/mokos.hu\/de\/veranstaltungen\/teamforderungsprogramme\/borvegas\/\"><strong>Mehr lesen &gt;&gt;<\/strong><\/a><\/em><\/p>\r\n\r\n\r\n\r\n<h4 class=\"wp-block-heading\"><a href=\"https:\/\/mokos.hu\/de\/veranstaltungen\/teamforderungsprogramme\/elmenyszuret\/\"><strong>\u00a0LIVESHARE<\/strong><\/a><\/h4>\r\n\r\n\r\n\r\n<p>Erleben Sie die Weinlese mit uns und Ihrem Team! Gehen Sie mit Ihren Kollegen raus, ernten Sie in den Weinbergen von Vill\u00e1ny und sehen Sie, wo die Trauben wachsen, aus denen die wunderbaren Weine entstehen! <strong>Unbegrenzter Ros\u00e9genuss, lustige Ernteaktivit\u00e4ten<\/strong> ...und du hast gute Laune.\u00a0<em><a href=\"https:\/\/mokos.hu\/de\/veranstaltungen\/teamforderungsprogramme\/elmenyszuret\/\"><strong>Mehr lesen &gt;&gt;<\/strong><\/a><\/em><\/p>\r\n\r\n\r\n\r\n<figure class=\"wp-block-image alignfull size-large\"><img decoding=\"async\" src=\"https:\/\/mokos.hu\/wp-content\/uploads\/2019\/02\/Mokos_Pinceszet_borkostolo_2000x645-1024x330.jpg\" alt=\"\" \/><\/figure>\r\n\r\n\r\n\r\n<h4 class=\"wp-block-heading\"><strong><a href=\"https:\/\/mokos.hu\/de\/veranstaltungen\/borkostolo-programme\/\">Thematische Weinverkostungen<\/a><\/strong><\/h4>\r\n\r\n\r\n\r\n<p>Lernen Sie die Weinregion Vill\u00e1ny mit einer besonderen Weinverkostung kennen! Dank des bunten Angebots unseres Weinguts haben wir verschiedene Weinverkostungspakete entwickelt, die mit einer Keller- und Gutsbesichtigung oder einem Weindinner kombiniert werden k\u00f6nnen. Erlebnis, Gastronomie und ein unvergessliches Teambuilding-Erlebnis in einem! <em><a href=\"https:\/\/mokos.hu\/de\/veranstaltungen\/borkostolo-programme\/\"><strong>Mehr lesen &gt;&gt;<\/strong><\/a><\/em><\/p>\r\n\r\n\r\n\r\n<h4 class=\"wp-block-heading\">\u00a0<\/h4>\r\n\r\n\r\n\r\n<h4 class=\"wp-block-heading\"><strong>Sie k\u00f6nnen uns kontaktieren unter<\/strong><strong>unsere Einrichtungen!<\/strong><\/h4>\r\n\r\n\r\n\r\n<p><strong>Vikt\u00f3ria Mokos <\/strong>|\u00a0+36 70 425 0334<\/p>\r\n\r\n\r\n\r\n<p><strong>Dalma Menr\u00e1th <\/strong>| +36 70 509 8779<\/p>\r\n\r\n\r\n\r\n<p>E-Mail:\u00a0 <a href=\"mailto:szervezes@mokos.hu\">szervezes@mokos.hu<br \/><\/a>7771 Palkonya, Hegyalja u. 1.<\/p>\r\n\r\n\r\n\r\n<p>Bestell- und Buchungsrichtlinien <a href=\"https:\/\/mokos.hu\/de\/uzlet\/regeln\/\">HIER<\/a> reicht.<\/p>","protected":false},"excerpt":{"rendered":"<p>Csapat\u00e9p\u00edt\u00e9s, izgalmak \u00e9s \u00e9lm\u00e9nyek a Vill\u00e1nyi borvid\u00e9ken! Csapat\u00e9p\u00edt\u0151 programot vagy tr\u00e9ning helysz\u00ednt keresel? A Mokos Pinc\u00e9szet \u00e9s a Hotel Cabernet csapat\u00e9p\u00edt\u0151 rendezv\u00e9nyei nem csak szolg\u00e1ltat\u00e1sokat, hanem egyben \u00e9lm\u00e9nyeket is adnak!&hellip;<\/p>","protected":false},"author":1,"featured_media":27572,"parent":50,"menu_order":0,"comment_status":"closed","ping_status":"closed","template":"","meta":{"_acf_changed":false,"footnotes":""},"class_list":["post-21","page","type-page","status-publish","has-post-thumbnail","hentry"],"acf":[],"yoast_head":"<!-- This site is optimized with the Yoast SEO plugin v27.5 - https:\/\/yoast.com\/product\/yoast-seo-wordpress\/ -->\n<title>Csapat\u00e9p\u00edt\u0151 J\u00e1t\u00e9kok - MOKOS Pinc\u00e9szet - Vill\u00e1nyi borvid\u00e9k - Palkonya<\/title>\n<meta name=\"description\" content=\"Izgalmak \u00e9s \u00e9lm\u00e9nyek a Vill\u00e1nyi borvid\u00e9ken! Csapat\u00e9p\u00edt\u0151 j\u00e1t\u00e9kok c\u00e9geknek \u00e9s bar\u00e1ti t\u00e1rsas\u00e1goknak, komplex programcsomagokban bork\u00f3stol\u00f3val egybek\u00f6tve.\" \/>\n<meta name=\"robots\" content=\"index, follow, max-snippet:-1, max-image-preview:large, max-video-preview:-1\" \/>\n<link rel=\"canonical\" href=\"https:\/\/mokos.hu\/de\/veranstaltungen\/teamforderungsprogramme\/\" \/>\n<meta property=\"og:locale\" content=\"de_DE\" \/>\n<meta property=\"og:type\" content=\"article\" \/>\n<meta property=\"og:title\" content=\"Csapat\u00e9p\u00edt\u0151 J\u00e1t\u00e9kok - MOKOS Pinc\u00e9szet - Vill\u00e1nyi borvid\u00e9k - Palkonya\" \/>\n<meta property=\"og:description\" content=\"Izgalmak \u00e9s \u00e9lm\u00e9nyek a Vill\u00e1nyi borvid\u00e9ken! Csapat\u00e9p\u00edt\u0151 j\u00e1t\u00e9kok c\u00e9geknek \u00e9s bar\u00e1ti t\u00e1rsas\u00e1goknak, komplex programcsomagokban bork\u00f3stol\u00f3val egybek\u00f6tve.\" \/>\n<meta property=\"og:url\" content=\"https:\/\/mokos.hu\/de\/veranstaltungen\/teamforderungsprogramme\/\" \/>\n<meta property=\"og:site_name\" content=\"MOKOS\" \/>\n<meta property=\"article:modified_time\" content=\"2025-03-28T08:27:38+00:00\" \/>\n<meta property=\"og:image\" content=\"https:\/\/mokos.hu\/wp-content\/uploads\/2025\/03\/247A0769-2-e1743063892365.jpg\" \/>\n\t<meta property=\"og:image:width\" content=\"2000\" \/>\n\t<meta property=\"og:image:height\" content=\"720\" \/>\n\t<meta property=\"og:image:type\" content=\"image\/jpeg\" \/>\n<meta name=\"twitter:card\" content=\"summary_large_image\" \/>\n<meta name=\"twitter:label1\" content=\"Gesch\u00e4tzte Lesezeit\" \/>\n\t<meta name=\"twitter:data1\" content=\"3\u00a0Minuten\" \/>\n<script type=\"application\/ld+json\" class=\"yoast-schema-graph\">{\"@context\":\"https:\\\/\\\/schema.org\",\"@graph\":[{\"@type\":\"WebPage\",\"@id\":\"https:\\\/\\\/mokos.hu\\\/rendezvenyek\\\/csapatepito-programok\\\/\",\"url\":\"https:\\\/\\\/mokos.hu\\\/rendezvenyek\\\/csapatepito-programok\\\/\",\"name\":\"Csapat\u00e9p\u00edt\u0151 J\u00e1t\u00e9kok - MOKOS Pinc\u00e9szet - Vill\u00e1nyi borvid\u00e9k - Palkonya\",\"isPartOf\":{\"@id\":\"https:\\\/\\\/mokos.hu\\\/#website\"},\"primaryImageOfPage\":{\"@id\":\"https:\\\/\\\/mokos.hu\\\/rendezvenyek\\\/csapatepito-programok\\\/#primaryimage\"},\"image\":{\"@id\":\"https:\\\/\\\/mokos.hu\\\/rendezvenyek\\\/csapatepito-programok\\\/#primaryimage\"},\"thumbnailUrl\":\"https:\\\/\\\/mokos.hu\\\/wp-content\\\/uploads\\\/2025\\\/03\\\/247A0769-2-e1743063892365.jpg\",\"datePublished\":\"2016-02-09T20:55:08+00:00\",\"dateModified\":\"2025-03-28T08:27:38+00:00\",\"description\":\"Izgalmak \u00e9s \u00e9lm\u00e9nyek a Vill\u00e1nyi borvid\u00e9ken! Csapat\u00e9p\u00edt\u0151 j\u00e1t\u00e9kok c\u00e9geknek \u00e9s bar\u00e1ti t\u00e1rsas\u00e1goknak, komplex programcsomagokban bork\u00f3stol\u00f3val egybek\u00f6tve.\",\"breadcrumb\":{\"@id\":\"https:\\\/\\\/mokos.hu\\\/rendezvenyek\\\/csapatepito-programok\\\/#breadcrumb\"},\"inLanguage\":\"de\",\"potentialAction\":[{\"@type\":\"ReadAction\",\"target\":[\"https:\\\/\\\/mokos.hu\\\/rendezvenyek\\\/csapatepito-programok\\\/\"]}]},{\"@type\":\"ImageObject\",\"inLanguage\":\"de\",\"@id\":\"https:\\\/\\\/mokos.hu\\\/rendezvenyek\\\/csapatepito-programok\\\/#primaryimage\",\"url\":\"https:\\\/\\\/mokos.hu\\\/wp-content\\\/uploads\\\/2025\\\/03\\\/247A0769-2-e1743063892365.jpg\",\"contentUrl\":\"https:\\\/\\\/mokos.hu\\\/wp-content\\\/uploads\\\/2025\\\/03\\\/247A0769-2-e1743063892365.jpg\",\"width\":2000,\"height\":720},{\"@type\":\"BreadcrumbList\",\"@id\":\"https:\\\/\\\/mokos.hu\\\/rendezvenyek\\\/csapatepito-programok\\\/#breadcrumb\",\"itemListElement\":[{\"@type\":\"ListItem\",\"position\":1,\"name\":\"Home\",\"item\":\"https:\\\/\\\/mokos.hu\\\/\"},{\"@type\":\"ListItem\",\"position\":2,\"name\":\"Rendezv\u00e9nyek\",\"item\":\"https:\\\/\\\/mokos.hu\\\/rendezvenyek\\\/\"},{\"@type\":\"ListItem\",\"position\":3,\"name\":\"Csapat\u00e9p\u00edt\u0151k\"}]},{\"@type\":\"WebSite\",\"@id\":\"https:\\\/\\\/mokos.hu\\\/#website\",\"url\":\"https:\\\/\\\/mokos.hu\\\/\",\"name\":\"MOKOS\",\"description\":\"Csal\u00e1di Pinc\u00e9szet, Palkonya\",\"publisher\":{\"@id\":\"https:\\\/\\\/mokos.hu\\\/#organization\"},\"potentialAction\":[{\"@type\":\"SearchAction\",\"target\":{\"@type\":\"EntryPoint\",\"urlTemplate\":\"https:\\\/\\\/mokos.hu\\\/?s={search_term_string}\"},\"query-input\":{\"@type\":\"PropertyValueSpecification\",\"valueRequired\":true,\"valueName\":\"search_term_string\"}}],\"inLanguage\":\"de\"},{\"@type\":\"Organization\",\"@id\":\"https:\\\/\\\/mokos.hu\\\/#organization\",\"name\":\"MOKOS\",\"url\":\"https:\\\/\\\/mokos.hu\\\/\",\"logo\":{\"@type\":\"ImageObject\",\"inLanguage\":\"de\",\"@id\":\"https:\\\/\\\/mokos.hu\\\/#\\\/schema\\\/logo\\\/image\\\/\",\"url\":\"https:\\\/\\\/mokos.hu\\\/wp-content\\\/uploads\\\/2018\\\/11\\\/cropped-Mokos_Villanyi-Borvidek-Palkonya-1.png\",\"contentUrl\":\"https:\\\/\\\/mokos.hu\\\/wp-content\\\/uploads\\\/2018\\\/11\\\/cropped-Mokos_Villanyi-Borvidek-Palkonya-1.png\",\"width\":1000,\"height\":245,\"caption\":\"MOKOS\"},\"image\":{\"@id\":\"https:\\\/\\\/mokos.hu\\\/#\\\/schema\\\/logo\\\/image\\\/\"}}]}<\/script>\n<!-- \/ Yoast SEO plugin. -->","yoast_head_json":{"title":"Teambuilding-Spiele - MOKOS Weinkellerei - Weinregion Vill\u00e1ny - Palkonya","description":"Spannung und Erlebnisse in der Weinregion Vill\u00e1ny! Teambuilding-Spiele f\u00fcr Firmen und Gruppen von Freunden, in komplexen Programmpaketen mit Weinverkostung.","robots":{"index":"index","follow":"follow","max-snippet":"max-snippet:-1","max-image-preview":"max-image-preview:large","max-video-preview":"max-video-preview:-1"},"canonical":"https:\/\/mokos.hu\/de\/veranstaltungen\/teamforderungsprogramme\/","og_locale":"de_DE","og_type":"article","og_title":"Csapat\u00e9p\u00edt\u0151 J\u00e1t\u00e9kok - MOKOS Pinc\u00e9szet - Vill\u00e1nyi borvid\u00e9k - Palkonya","og_description":"Izgalmak \u00e9s \u00e9lm\u00e9nyek a Vill\u00e1nyi borvid\u00e9ken! Csapat\u00e9p\u00edt\u0151 j\u00e1t\u00e9kok c\u00e9geknek \u00e9s bar\u00e1ti t\u00e1rsas\u00e1goknak, komplex programcsomagokban bork\u00f3stol\u00f3val egybek\u00f6tve.","og_url":"https:\/\/mokos.hu\/de\/veranstaltungen\/teamforderungsprogramme\/","og_site_name":"MOKOS","article_modified_time":"2025-03-28T08:27:38+00:00","og_image":[{"width":2000,"height":720,"url":"https:\/\/mokos.hu\/wp-content\/uploads\/2025\/03\/247A0769-2-e1743063892365.jpg","type":"image\/jpeg"}],"twitter_card":"summary_large_image","twitter_misc":{"Gesch\u00e4tzte Lesezeit":"3\u00a0Minuten"},"schema":{"@context":"https:\/\/schema.org","@graph":[{"@type":"WebPage","@id":"https:\/\/mokos.hu\/rendezvenyek\/csapatepito-programok\/","url":"https:\/\/mokos.hu\/rendezvenyek\/csapatepito-programok\/","name":"Teambuilding-Spiele - MOKOS Weinkellerei - Weinregion Vill\u00e1ny - Palkonya","isPartOf":{"@id":"https:\/\/mokos.hu\/#website"},"primaryImageOfPage":{"@id":"https:\/\/mokos.hu\/rendezvenyek\/csapatepito-programok\/#primaryimage"},"image":{"@id":"https:\/\/mokos.hu\/rendezvenyek\/csapatepito-programok\/#primaryimage"},"thumbnailUrl":"https:\/\/mokos.hu\/wp-content\/uploads\/2025\/03\/247A0769-2-e1743063892365.jpg","datePublished":"2016-02-09T20:55:08+00:00","dateModified":"2025-03-28T08:27:38+00:00","description":"Spannung und Erlebnisse in der Weinregion Vill\u00e1ny! Teambuilding-Spiele f\u00fcr Firmen und Gruppen von Freunden, in komplexen Programmpaketen mit Weinverkostung.","breadcrumb":{"@id":"https:\/\/mokos.hu\/rendezvenyek\/csapatepito-programok\/#breadcrumb"},"inLanguage":"de","potentialAction":[{"@type":"ReadAction","target":["https:\/\/mokos.hu\/rendezvenyek\/csapatepito-programok\/"]}]},{"@type":"ImageObject","inLanguage":"de","@id":"https:\/\/mokos.hu\/rendezvenyek\/csapatepito-programok\/#primaryimage","url":"https:\/\/mokos.hu\/wp-content\/uploads\/2025\/03\/247A0769-2-e1743063892365.jpg","contentUrl":"https:\/\/mokos.hu\/wp-content\/uploads\/2025\/03\/247A0769-2-e1743063892365.jpg","width":2000,"height":720},{"@type":"BreadcrumbList","@id":"https:\/\/mokos.hu\/rendezvenyek\/csapatepito-programok\/#breadcrumb","itemListElement":[{"@type":"ListItem","position":1,"name":"Home","item":"https:\/\/mokos.hu\/"},{"@type":"ListItem","position":2,"name":"Rendezv\u00e9nyek","item":"https:\/\/mokos.hu\/rendezvenyek\/"},{"@type":"ListItem","position":3,"name":"Csapat\u00e9p\u00edt\u0151k"}]},{"@type":"WebSite","@id":"https:\/\/mokos.hu\/#website","url":"https:\/\/mokos.hu\/","name":"MOKOS","description":"Familienweingut, Palkonya","publisher":{"@id":"https:\/\/mokos.hu\/#organization"},"potentialAction":[{"@type":"SearchAction","target":{"@type":"EntryPoint","urlTemplate":"https:\/\/mokos.hu\/?s={search_term_string}"},"query-input":{"@type":"PropertyValueSpecification","valueRequired":true,"valueName":"search_term_string"}}],"inLanguage":"de"},{"@type":"Organization","@id":"https:\/\/mokos.hu\/#organization","name":"MOKOS","url":"https:\/\/mokos.hu\/","logo":{"@type":"ImageObject","inLanguage":"de","@id":"https:\/\/mokos.hu\/#\/schema\/logo\/image\/","url":"https:\/\/mokos.hu\/wp-content\/uploads\/2018\/11\/cropped-Mokos_Villanyi-Borvidek-Palkonya-1.png","contentUrl":"https:\/\/mokos.hu\/wp-content\/uploads\/2018\/11\/cropped-Mokos_Villanyi-Borvidek-Palkonya-1.png","width":1000,"height":245,"caption":"MOKOS"},"image":{"@id":"https:\/\/mokos.hu\/#\/schema\/logo\/image\/"}}]}},"_links":{"self":[{"href":"https:\/\/mokos.hu\/de\/wp-json\/wp\/v2\/pages\/21","targetHints":{"allow":["GET"]}}],"collection":[{"href":"https:\/\/mokos.hu\/de\/wp-json\/wp\/v2\/pages"}],"about":[{"href":"https:\/\/mokos.hu\/de\/wp-json\/wp\/v2\/types\/page"}],"author":[{"embeddable":true,"href":"https:\/\/mokos.hu\/de\/wp-json\/wp\/v2\/users\/1"}],"replies":[{"embeddable":true,"href":"https:\/\/mokos.hu\/de\/wp-json\/wp\/v2\/comments?post=21"}],"version-history":[{"count":0,"href":"https:\/\/mokos.hu\/de\/wp-json\/wp\/v2\/pages\/21\/revisions"}],"up":[{"embeddable":true,"href":"https:\/\/mokos.hu\/de\/wp-json\/wp\/v2\/pages\/50"}],"wp:featuredmedia":[{"embeddable":true,"href":"https:\/\/mokos.hu\/de\/wp-json\/wp\/v2\/media\/27572"}],"wp:attachment":[{"href":"https:\/\/mokos.hu\/de\/wp-json\/wp\/v2\/media?parent=21"}],"curies":[{"name":"wp","href":"https:\/\/api.w.org\/{rel}","templated":true}]}}