{"id":16070,"date":"2023-05-17T20:34:50","date_gmt":"2023-05-17T18:34:50","guid":{"rendered":"https:\/\/mokos.hu\/?page_id=16070\/"},"modified":"2025-04-03T16:03:11","modified_gmt":"2025-04-03T14:03:11","slug":"palyazatok-tamogatasok","status":"publish","type":"page","link":"https:\/\/mokos.hu\/de\/palyazatok-tamogatasok\/","title":{"rendered":"Antr\u00e4ge, Zusch\u00fcsse, Subventionen"},"content":{"rendered":"<div class=\"wpb-content-wrapper\"><div class=\"vc_row wpb_row vc_row-fluid\"><div class=\"wpb_column vc_column_container vc_col-sm-12\"><div class=\"vc_column-inner\"><div class=\"wpb_wrapper\">\n\t<div class=\"wpb_text_column wpb_content_element\" >\n\t\t<div class=\"wpb_wrapper\">\n\t\t\t<h3>Antr\u00e4ge, Zusch\u00fcsse<\/h3>\n<p>&nbsp;<\/p>\n\n\t\t<\/div>\n\t<\/div>\n\n\t<div  class=\"wpb_single_image wpb_content_element vc_align_center wpb_content_element\">\n\t\t\n\t\t<figure class=\"wpb_wrapper vc_figure\">\n\t\t\t<div class=\"vc_single_image-wrapper   vc_box_border_grey\"><img fetchpriority=\"high\" decoding=\"async\" width=\"1024\" height=\"751\" src=\"https:\/\/mokos.hu\/wp-content\/uploads\/2023\/05\/MOKOS_SZECHENYI_500-web-1024x751.jpg\" class=\"vc_single_image-img attachment-large\" alt=\"\" title=\"MOKOS_SZECHENYI_500-web\" srcset=\"https:\/\/mokos.hu\/wp-content\/uploads\/2023\/05\/MOKOS_SZECHENYI_500-web-1024x751.jpg 1024w, https:\/\/mokos.hu\/wp-content\/uploads\/2023\/05\/MOKOS_SZECHENYI_500-web-300x220.jpg 300w, https:\/\/mokos.hu\/wp-content\/uploads\/2023\/05\/MOKOS_SZECHENYI_500-web-600x440.jpg 600w, https:\/\/mokos.hu\/wp-content\/uploads\/2023\/05\/MOKOS_SZECHENYI_500-web-1536x1126.jpg 1536w, https:\/\/mokos.hu\/wp-content\/uploads\/2023\/05\/MOKOS_SZECHENYI_500-web-2048x1502.jpg 2048w\" sizes=\"(max-width: 1024px) 100vw, 1024px\" \/><\/div>\n\t\t<\/figure>\n\t<\/div>\n\n\t<div class=\"wpb_text_column wpb_content_element\" >\n\t\t<div class=\"wpb_wrapper\">\n\t\t\t<h4><strong>Zusammenfassung der Entwicklung<\/strong><\/h4>\n<p>Name des Beg\u00fcnstigten: K\u00f6rpince Winery, Trade and Service Ltd.<\/p>\n<p>Projekttitel: Errichtung einer Obstweinproduktionsanlage in Palkonya<\/p>\n<p>Eine kurze Pr\u00e4sentation des Projektinhalts:<\/p>\n<p>Im Rahmen des Projekts wurde die Weinkellerei um einen neuen Weinkeller erweitert, der nun \u00fcber einen eigenen Raum f\u00fcr Obstweine verf\u00fcgt.<br \/>\nDie Investition umfasst auch die Installation einer 500-kW-Solaranlage und den Kauf von Maschinen und Ger\u00e4ten f\u00fcr die Weinherstellung.<\/p>\n<p>Vertraglich vereinbarter Beihilfebetrag: HUF 500.000.000<\/p>\n<p>Projekt-ID-Nummer: 1772704840<\/p>\n<p>Tats\u00e4chliches Datum der Projektfertigstellung: 31.12.2022.<\/p>\n\n\t\t<\/div>\n\t<\/div>\n<\/div><\/div><\/div><\/div><div class=\"vc_row wpb_row vc_row-fluid\"><div class=\"wpb_column vc_column_container vc_col-sm-12\"><div class=\"vc_column-inner\"><div class=\"wpb_wrapper\">\n\t<div  class=\"wpb_single_image wpb_content_element vc_align_center wpb_content_element\">\n\t\t\n\t\t<figure class=\"wpb_wrapper vc_figure\">\n\t\t\t<div class=\"vc_single_image-wrapper   vc_box_border_grey\"><img decoding=\"async\" width=\"1024\" height=\"736\" src=\"https:\/\/mokos.hu\/wp-content\/uploads\/2023\/05\/MOKOS_SZECHENYI_107-web-1024x736.jpg\" class=\"vc_single_image-img attachment-large\" alt=\"\" title=\"MOKOS_SZECHENYI_107-web\" srcset=\"https:\/\/mokos.hu\/wp-content\/uploads\/2023\/05\/MOKOS_SZECHENYI_107-web-1024x736.jpg 1024w, https:\/\/mokos.hu\/wp-content\/uploads\/2023\/05\/MOKOS_SZECHENYI_107-web-300x216.jpg 300w, https:\/\/mokos.hu\/wp-content\/uploads\/2023\/05\/MOKOS_SZECHENYI_107-web-600x431.jpg 600w, https:\/\/mokos.hu\/wp-content\/uploads\/2023\/05\/MOKOS_SZECHENYI_107-web-1536x1104.jpg 1536w, https:\/\/mokos.hu\/wp-content\/uploads\/2023\/05\/MOKOS_SZECHENYI_107-web-2048x1472.jpg 2048w\" sizes=\"(max-width: 1024px) 100vw, 1024px\" \/><\/div>\n\t\t<\/figure>\n\t<\/div>\n\n\t<div class=\"wpb_text_column wpb_content_element\" >\n\t\t<div class=\"wpb_wrapper\">\n\t\t\t<h4><strong>Zusammenfassung der Entwicklung<\/strong><\/h4>\n<p>Name des Beg\u00fcnstigten: K\u00f6rpince Winery, Trade and Service Ltd.<\/p>\n<p>Projekttitel: Technologische Modernisierung der Weinkellerei<\/p>\n<p>Eine kurze Pr\u00e4sentation des Projektinhalts:<\/p>\n<p>Das Projekt umfasste den Kauf von Weinverarbeitungs- und -lagerungsanlagen sowie von Fahrzeugen f\u00fcr den Materialtransport.<\/p>\n<p>Vertraglich vereinbarter Betrag der Beihilfe: 107.390.000 HUF<\/p>\n<p>Projekt-ID-Nummer: 3316370416<\/p>\n<p>Datum des effektiven Projektabschlusses: 2023.10.25<\/p>\n\n\t\t<\/div>\n\t<\/div>\n<\/div><\/div><\/div><\/div><div class=\"vc_row wpb_row vc_row-fluid\"><div class=\"wpb_column vc_column_container vc_col-sm-12\"><div class=\"vc_column-inner\"><div class=\"wpb_wrapper\">\n\t<div  class=\"wpb_single_image wpb_content_element vc_align_center wpb_content_element\">\n\t\t\n\t\t<figure class=\"wpb_wrapper vc_figure\">\n\t\t\t<div class=\"vc_single_image-wrapper   vc_box_border_grey\"><img decoding=\"async\" width=\"1024\" height=\"727\" src=\"https:\/\/mokos.hu\/wp-content\/uploads\/2023\/05\/MOKOS_ginop-1024x727.jpg\" class=\"vc_single_image-img attachment-large\" alt=\"\" title=\"MOKOS_ginop\" srcset=\"https:\/\/mokos.hu\/wp-content\/uploads\/2023\/05\/MOKOS_ginop-1024x727.jpg 1024w, https:\/\/mokos.hu\/wp-content\/uploads\/2023\/05\/MOKOS_ginop-300x213.jpg 300w, https:\/\/mokos.hu\/wp-content\/uploads\/2023\/05\/MOKOS_ginop-600x426.jpg 600w, https:\/\/mokos.hu\/wp-content\/uploads\/2023\/05\/MOKOS_ginop-1536x1091.jpg 1536w, https:\/\/mokos.hu\/wp-content\/uploads\/2023\/05\/MOKOS_ginop-2048x1455.jpg 2048w\" sizes=\"(max-width: 1024px) 100vw, 1024px\" \/><\/div>\n\t\t<\/figure>\n\t<\/div>\n\n\t<div class=\"wpb_text_column wpb_content_element\" >\n\t\t<div class=\"wpb_wrapper\">\n\t\t\t<h4><strong>Zusammenfassung der Entwicklung<\/strong><\/h4>\n<p>Name des Beg\u00fcnstigten: K\u00f6rpince Winery, Trade and Service Ltd.<\/p>\n<p>Projekttitel: GINOP-8.3.5-18\/B Darlehensprogramm f\u00fcr die technologische Modernisierung von Kleinst-, Klein- und Mittelbetrieben<\/p>\n<p>Eine kurze Pr\u00e4sentation des Projektinhalts:<\/p>\n<p>Das Projekt hat unseren Verpackungsbestand erh\u00f6ht, was zu gr\u00f6\u00dferer Flexibilit\u00e4t, effizienteren Abl\u00e4ufen und h\u00f6herer Versorgungssicherheit f\u00fchrt.<br \/>\nEin Teil der Betriebskosten, wie z. B. die Geh\u00e4lter, wird ebenfalls durch das Projekt finanziert.<\/p>\n<p>H\u00f6he des zur\u00fcckzuzahlenden Darlehens: 24.980.000 HUF<\/p>\n<p>Kennnummer des Projekts: 0681305\/4188\/22\/G30H2<\/p>\n<p>Tats\u00e4chliches Datum der Projektfertigstellung: 31. Dezember 2023.<\/p>\n\n\t\t<\/div>\n\t<\/div>\n<\/div><\/div><\/div><\/div>\n<\/div>","protected":false},"excerpt":{"rendered":"P\u00e1ly\u00e1zatok, t\u00e1mogat\u00e1sok &nbsp; Fejleszt\u00e9s \u00f6sszegz\u00e9se Kedvezm\u00e9nyezett neve: K\u00f6rpince Bor\u00e1szati, Kereskedelmi \u00e9s Szolg\u00e1ltat\u00f3 Kft Projekt c\u00edme: Gy\u00fcm\u00f6lcsbor El\u0151\u00e1ll\u00edt\u00f3 \u00dczem L\u00e9tes\u00edt\u00e9se Palkony\u00e1n A projekt tartalm\u00e1nak r\u00f6vid bemutat\u00e1sa: A projekt keret\u00e9ben egy \u00faj&hellip;","protected":false},"author":6,"featured_media":0,"parent":0,"menu_order":0,"comment_status":"closed","ping_status":"closed","template":"","meta":{"_acf_changed":false,"footnotes":""},"class_list":["post-16070","page","type-page","status-publish","hentry"],"acf":[],"yoast_head":"<!-- This site is optimized with the Yoast SEO plugin v27.1.1 - https:\/\/yoast.com\/product\/yoast-seo-wordpress\/ -->\n<title>P\u00e1ly\u00e1zatok, T\u00e1mogat\u00e1sok - MOKOS<\/title>\n<meta name=\"robots\" content=\"index, follow, max-snippet:-1, max-image-preview:large, max-video-preview:-1\" \/>\n<link rel=\"canonical\" href=\"https:\/\/mokos.hu\/de\/palyazatok-tamogatasok\/\" \/>\n<meta property=\"og:locale\" content=\"de_DE\" \/>\n<meta property=\"og:type\" content=\"article\" \/>\n<meta property=\"og:title\" content=\"P\u00e1ly\u00e1zatok, T\u00e1mogat\u00e1sok - MOKOS\" \/>\n<meta property=\"og:url\" content=\"https:\/\/mokos.hu\/de\/palyazatok-tamogatasok\/\" \/>\n<meta property=\"og:site_name\" content=\"MOKOS\" \/>\n<meta property=\"article:modified_time\" content=\"2025-04-03T14:03:11+00:00\" \/>\n<meta name=\"twitter:card\" content=\"summary_large_image\" \/>\n<meta name=\"twitter:label1\" content=\"Gesch\u00e4tzte Lesezeit\" \/>\n\t<meta name=\"twitter:data1\" content=\"2\u00a0Minuten\" \/>\n<script type=\"application\/ld+json\" class=\"yoast-schema-graph\">{\"@context\":\"https:\/\/schema.org\",\"@graph\":[{\"@type\":\"WebPage\",\"@id\":\"https:\/\/mokos.hu\/palyazatok-tamogatasok\/\",\"url\":\"https:\/\/mokos.hu\/palyazatok-tamogatasok\/\",\"name\":\"P\u00e1ly\u00e1zatok, T\u00e1mogat\u00e1sok - MOKOS\",\"isPartOf\":{\"@id\":\"https:\/\/mokos.hu\/#website\"},\"datePublished\":\"2023-05-17T18:34:50+00:00\",\"dateModified\":\"2025-04-03T14:03:11+00:00\",\"breadcrumb\":{\"@id\":\"https:\/\/mokos.hu\/palyazatok-tamogatasok\/#breadcrumb\"},\"inLanguage\":\"de\",\"potentialAction\":[{\"@type\":\"ReadAction\",\"target\":[\"https:\/\/mokos.hu\/palyazatok-tamogatasok\/\"]}]},{\"@type\":\"BreadcrumbList\",\"@id\":\"https:\/\/mokos.hu\/palyazatok-tamogatasok\/#breadcrumb\",\"itemListElement\":[{\"@type\":\"ListItem\",\"position\":1,\"name\":\"Home\",\"item\":\"https:\/\/mokos.hu\/\"},{\"@type\":\"ListItem\",\"position\":2,\"name\":\"P\u00e1ly\u00e1zatok, T\u00e1mogat\u00e1sok\"}]},{\"@type\":\"WebSite\",\"@id\":\"https:\/\/mokos.hu\/#website\",\"url\":\"https:\/\/mokos.hu\/\",\"name\":\"MOKOS\",\"description\":\"Csal\u00e1di Pinc\u00e9szet, Palkonya\",\"publisher\":{\"@id\":\"https:\/\/mokos.hu\/#organization\"},\"potentialAction\":[{\"@type\":\"SearchAction\",\"target\":{\"@type\":\"EntryPoint\",\"urlTemplate\":\"https:\/\/mokos.hu\/?s={search_term_string}\"},\"query-input\":{\"@type\":\"PropertyValueSpecification\",\"valueRequired\":true,\"valueName\":\"search_term_string\"}}],\"inLanguage\":\"de\"},{\"@type\":\"Organization\",\"@id\":\"https:\/\/mokos.hu\/#organization\",\"name\":\"MOKOS\",\"url\":\"https:\/\/mokos.hu\/\",\"logo\":{\"@type\":\"ImageObject\",\"inLanguage\":\"de\",\"@id\":\"https:\/\/mokos.hu\/#\/schema\/logo\/image\/\",\"url\":\"https:\/\/mokos.hu\/wp-content\/uploads\/2018\/11\/cropped-Mokos_Villanyi-Borvidek-Palkonya-1.png\",\"contentUrl\":\"https:\/\/mokos.hu\/wp-content\/uploads\/2018\/11\/cropped-Mokos_Villanyi-Borvidek-Palkonya-1.png\",\"width\":1000,\"height\":245,\"caption\":\"MOKOS\"},\"image\":{\"@id\":\"https:\/\/mokos.hu\/#\/schema\/logo\/image\/\"}}]}<\/script>\n<!-- \/ Yoast SEO plugin. -->","yoast_head_json":{"title":"Antr\u00e4ge, Zusch\u00fcsse - MOKOS","robots":{"index":"index","follow":"follow","max-snippet":"max-snippet:-1","max-image-preview":"max-image-preview:large","max-video-preview":"max-video-preview:-1"},"canonical":"https:\/\/mokos.hu\/de\/palyazatok-tamogatasok\/","og_locale":"de_DE","og_type":"article","og_title":"P\u00e1ly\u00e1zatok, T\u00e1mogat\u00e1sok - MOKOS","og_url":"https:\/\/mokos.hu\/de\/palyazatok-tamogatasok\/","og_site_name":"MOKOS","article_modified_time":"2025-04-03T14:03:11+00:00","twitter_card":"summary_large_image","twitter_misc":{"Gesch\u00e4tzte Lesezeit":"2\u00a0Minuten"},"schema":{"@context":"https:\/\/schema.org","@graph":[{"@type":"WebPage","@id":"https:\/\/mokos.hu\/palyazatok-tamogatasok\/","url":"https:\/\/mokos.hu\/palyazatok-tamogatasok\/","name":"Antr\u00e4ge, Zusch\u00fcsse - MOKOS","isPartOf":{"@id":"https:\/\/mokos.hu\/#website"},"datePublished":"2023-05-17T18:34:50+00:00","dateModified":"2025-04-03T14:03:11+00:00","breadcrumb":{"@id":"https:\/\/mokos.hu\/palyazatok-tamogatasok\/#breadcrumb"},"inLanguage":"de","potentialAction":[{"@type":"ReadAction","target":["https:\/\/mokos.hu\/palyazatok-tamogatasok\/"]}]},{"@type":"BreadcrumbList","@id":"https:\/\/mokos.hu\/palyazatok-tamogatasok\/#breadcrumb","itemListElement":[{"@type":"ListItem","position":1,"name":"Home","item":"https:\/\/mokos.hu\/"},{"@type":"ListItem","position":2,"name":"P\u00e1ly\u00e1zatok, T\u00e1mogat\u00e1sok"}]},{"@type":"WebSite","@id":"https:\/\/mokos.hu\/#website","url":"https:\/\/mokos.hu\/","name":"MOKOS","description":"Familienweingut, Palkonya","publisher":{"@id":"https:\/\/mokos.hu\/#organization"},"potentialAction":[{"@type":"SearchAction","target":{"@type":"EntryPoint","urlTemplate":"https:\/\/mokos.hu\/?s={search_term_string}"},"query-input":{"@type":"PropertyValueSpecification","valueRequired":true,"valueName":"search_term_string"}}],"inLanguage":"de"},{"@type":"Organization","@id":"https:\/\/mokos.hu\/#organization","name":"MOKOS","url":"https:\/\/mokos.hu\/","logo":{"@type":"ImageObject","inLanguage":"de","@id":"https:\/\/mokos.hu\/#\/schema\/logo\/image\/","url":"https:\/\/mokos.hu\/wp-content\/uploads\/2018\/11\/cropped-Mokos_Villanyi-Borvidek-Palkonya-1.png","contentUrl":"https:\/\/mokos.hu\/wp-content\/uploads\/2018\/11\/cropped-Mokos_Villanyi-Borvidek-Palkonya-1.png","width":1000,"height":245,"caption":"MOKOS"},"image":{"@id":"https:\/\/mokos.hu\/#\/schema\/logo\/image\/"}}]}},"_links":{"self":[{"href":"https:\/\/mokos.hu\/de\/wp-json\/wp\/v2\/pages\/16070","targetHints":{"allow":["GET"]}}],"collection":[{"href":"https:\/\/mokos.hu\/de\/wp-json\/wp\/v2\/pages"}],"about":[{"href":"https:\/\/mokos.hu\/de\/wp-json\/wp\/v2\/types\/page"}],"author":[{"embeddable":true,"href":"https:\/\/mokos.hu\/de\/wp-json\/wp\/v2\/users\/6"}],"replies":[{"embeddable":true,"href":"https:\/\/mokos.hu\/de\/wp-json\/wp\/v2\/comments?post=16070"}],"version-history":[{"count":2,"href":"https:\/\/mokos.hu\/de\/wp-json\/wp\/v2\/pages\/16070\/revisions"}],"predecessor-version":[{"id":28156,"href":"https:\/\/mokos.hu\/de\/wp-json\/wp\/v2\/pages\/16070\/revisions\/28156"}],"wp:attachment":[{"href":"https:\/\/mokos.hu\/de\/wp-json\/wp\/v2\/media?parent=16070"}],"curies":[{"name":"wp","href":"https:\/\/api.w.org\/{rel}","templated":true}]}}