{"id":15719,"date":"2023-01-28T17:22:29","date_gmt":"2023-01-28T15:22:29","guid":{"rendered":"https:\/\/mokos.hu\/?page_id=15719\/"},"modified":"2025-01-21T14:25:12","modified_gmt":"2025-01-21T12:25:12","slug":"kirschwein-brownie-rezept-premium-kirschwein","status":"publish","type":"page","link":"https:\/\/mokos.hu\/de\/meggyboros-brownie-recept-meggybor-premium-gyumolcsbor\/","title":{"rendered":"Meggyboros Brownie-Rezept"},"content":{"rendered":"<div class=\"wpb-content-wrapper\"><div class=\"vc_row wpb_row vc_row-fluid\"><div class=\"wpb_column vc_column_container vc_col-sm-12\"><div class=\"vc_column-inner\"><div class=\"wpb_wrapper\">\n\t<div  class=\"wpb_single_image wpb_content_element vc_align_center wpb_content_element\">\n\t\t\n\t\t<figure class=\"wpb_wrapper vc_figure\">\n\t\t\t<div class=\"vc_single_image-wrapper   vc_box_border_grey\"><img fetchpriority=\"high\" decoding=\"async\" width=\"1024\" height=\"467\" src=\"https:\/\/mokos.hu\/wp-content\/uploads\/2023\/01\/mm3-1-e1674921095833-1024x467.jpg\" class=\"vc_single_image-img attachment-large\" alt=\"mokos_pinceszet_premium_meggy_wine_gum_wine_meggy_recipe_brownie_mohr_mira_sutemeny_desszert_dessert_wine\" title=\"mokos_pinceszet_premium_meggy_wine_gum_wine_meggy_recipe_brownie_mohr_mira_sutemeny_desszert_dessert_wine\" srcset=\"https:\/\/mokos.hu\/wp-content\/uploads\/2023\/01\/mm3-1-e1674921095833-1024x467.jpg 1024w, https:\/\/mokos.hu\/wp-content\/uploads\/2023\/01\/mm3-1-e1674921095833-300x137.jpg 300w, https:\/\/mokos.hu\/wp-content\/uploads\/2023\/01\/mm3-1-e1674921095833-600x274.jpg 600w, https:\/\/mokos.hu\/wp-content\/uploads\/2023\/01\/mm3-1-e1674921095833-1536x701.jpg 1536w, https:\/\/mokos.hu\/wp-content\/uploads\/2023\/01\/mm3-1-e1674921095833.jpg 1605w\" sizes=\"(max-width: 1024px) 100vw, 1024px\" \/><\/div>\n\t\t<\/figure>\n\t<\/div>\n\n\t<div class=\"wpb_text_column wpb_content_element\" >\n\t\t<div class=\"wpb_wrapper\">\n\t\t\t<h1 class=\"entry-title entry-title-large\">Mokos Meggyboros Brownie<\/h1>\n<h4 class=\"entry-title entry-title-large\"><em>ein besonderes Rezept von MOHR M\u00cdR\u00c1TO - SOUTH CARBOHORN<\/em><\/h4>\n<p><strong>Sie m\u00f6chten ein besonderes Dessert f\u00fcr einen bevorstehenden festlichen Anlass zubereiten oder einfach eine leckere Leckerei f\u00fcr einen spontanen Wochentag kreieren?<\/strong> Probieren Sie M\u00edras himmlisches Meggyboros-Brownie-Rezept, bei dem nat\u00fcrlich unsere Premium-Fruchtweinspezialit\u00e4t Mokos eine wesentliche Zutat ist, nicht nur f\u00fcr den Teig, sondern auch f\u00fcr den Geschmack des Endergebnisses!<\/p>\n\n\t\t<\/div>\n\t<\/div>\n\n\t<div class=\"wpb_text_column wpb_content_element\" >\n\t\t<div class=\"wpb_wrapper\">\n\t\t\t<h1><strong>Zutaten f\u00fcr das Gurken-Brownie-Rezept<\/strong><\/h1>\n\n\t\t<\/div>\n\t<\/div>\n<\/div><\/div><\/div><\/div><div class=\"vc_row wpb_row vc_row-fluid\"><div class=\"wpb_column vc_column_container vc_col-sm-6\"><div class=\"vc_column-inner\"><div class=\"wpb_wrapper\">\n\t<div  class=\"wpb_single_image wpb_content_element vc_align_center wpb_content_element\">\n\t\t\n\t\t<figure class=\"wpb_wrapper vc_figure\">\n\t\t\t<div class=\"vc_single_image-wrapper   vc_box_border_grey\"><img decoding=\"async\" width=\"194\" height=\"300\" src=\"https:\/\/mokos.hu\/wp-content\/uploads\/2023\/01\/mm2-194x300.jpg\" class=\"vc_single_image-img attachment-medium\" alt=\"mokos_pinceszet_premium_meggy_wine_gum_wine_meggy_recipe_brownie_mohr_mira_sutemeny_desszert_dessert_wine\" title=\"mokos_pinceszet_premium_meggy_wine_gum_wine_meggy_recipe_brownie_mohr_mira_sutemeny_desszert_dessert_wine\" srcset=\"https:\/\/mokos.hu\/wp-content\/uploads\/2023\/01\/mm2-194x300.jpg 194w, https:\/\/mokos.hu\/wp-content\/uploads\/2023\/01\/mm2-300x464.jpg 300w, https:\/\/mokos.hu\/wp-content\/uploads\/2023\/01\/mm2-600x928.jpg 600w, https:\/\/mokos.hu\/wp-content\/uploads\/2023\/01\/mm2-662x1024.jpg 662w, https:\/\/mokos.hu\/wp-content\/uploads\/2023\/01\/mm2-993x1536.jpg 993w, https:\/\/mokos.hu\/wp-content\/uploads\/2023\/01\/mm2-1324x2048.jpg 1324w, https:\/\/mokos.hu\/wp-content\/uploads\/2023\/01\/mm2.jpg 1615w\" sizes=\"(max-width: 194px) 100vw, 194px\" \/><\/div>\n\t\t<\/figure>\n\t<\/div>\n<\/div><\/div><\/div><div class=\"wpb_column vc_column_container vc_col-sm-6\"><div class=\"vc_column-inner\"><div class=\"wpb_wrapper\">\n\t<div class=\"wpb_text_column wpb_content_element\" >\n\t\t<div class=\"wpb_wrapper\">\n\t\t\t<ul>\n<li>25 dkg Mehl<\/li>\n<li>20 dkg Zucker<\/li>\n<li>20 dkg Butter<\/li>\n<li>1 Teel\u00f6ffel Backpulver<\/li>\n<li>2 Eier<\/li>\n<li>100g 90% dunkle Schokolade<\/li>\n<li>200 ml\u00a0<a href=\"https:\/\/mokos.hu\/de\/produkt\/kirschwein-obstwein\/\">MOKOS Meggybor<\/a><\/li>\n<li>1 Essl\u00f6ffel Vanillepaste<\/li>\n<\/ul>\n<h4>Nach oben<\/h4>\n<ul>\n<li>200 ml gezuckerte, pflanzliche Schlagsahne<\/li>\n<li>100 g Cocktail-Kirschen<\/li>\n<\/ul>\n\n\t\t<\/div>\n\t<\/div>\n<\/div><\/div><\/div><\/div><div class=\"vc_row wpb_row vc_row-fluid\"><div class=\"wpb_column vc_column_container vc_col-sm-12\"><div class=\"vc_column-inner\"><div class=\"wpb_wrapper\">\n\t<div class=\"wpb_text_column wpb_content_element\" >\n\t\t<div class=\"wpb_wrapper\">\n\t\t\t<h3><strong>Das Meggyboros-Brownie-Rezept\u00a0<\/strong>Vorbereitung<\/h3>\n<ol>\n<li>Die Zartbitterschokolade und die Butter zusammen schmelzen.<\/li>\n<li>Mehl, Zucker und Backpulver in einer gro\u00dfen Sch\u00fcssel mischen.<\/li>\n<li>Die Schokoladenmischung zur Mehlmischung geben, dann den Sauerkirschwein.<\/li>\n<li>Zum Schluss die Eier und die Vanille hinzuf\u00fcgen und gut verr\u00fchren.<\/li>\n<li>Die Masse in eine mit Silikonbackpapier ausgelegte Backform f\u00fcllen und bei 180 \u00b0C 20 Minuten lang backen, bis sie fertig ist (ein guter Brownie-Kuchen ist au\u00dfen fest, aber innen noch sehr cremig).<\/li>\n<li>Die Brownies in der Form vollst\u00e4ndig abk\u00fchlen lassen und dann aus der Form nehmen, wenn sie abgek\u00fchlt sind. Mit Schlagsahne und Cocktailkirschen garnieren.<\/li>\n<\/ol>\n\n\t\t<\/div>\n\t<\/div>\n<\/div><\/div><\/div><\/div><div class=\"vc_row wpb_row vc_row-fluid\"><div class=\"wpb_column vc_column_container vc_col-sm-8\"><div class=\"vc_column-inner\"><div class=\"wpb_wrapper\">\n\t<div class=\"wpb_text_column wpb_content_element\" >\n\t\t<div class=\"wpb_wrapper\">\n\t\t\t<h4><a href=\"https:\/\/mokos.hu\/de\/produkt\/kirschwein-obstwein\/\"><strong>S\u00dcSSER OBSTWEIN AUS FRISCHEN SAUERKIRSCHEN AUS PALKONYA IM JAHR 100%<\/strong><\/a><\/h4>\n<ul>\n<li>Meggybor ist eine Spezialit\u00e4t: Die sonnige, saftige Sauerkirsche dominiert sowohl im Aroma als auch im Geschmack.<\/li>\n<li>Hervorragend zu Strudel, Mohngeb\u00e4ck und Kirschen.<\/li>\n<li>Empfohlene Verbrauchstemperatur: 7-10\u00b0C<\/li>\n<li>Fassungsverm\u00f6gen: 500 ml<\/li>\n<\/ul>\n\n\t\t<\/div>\n\t<\/div>\n\n\t<div class=\"wpb_text_column wpb_content_element vc_custom_1675019728847\" >\n\t\t<div class=\"wpb_wrapper\">\n\t\t\t<p style=\"text-align: center;\"><a href=\"https:\/\/mokos.hu\/de\/produkt\/kirschwein-obstwein\/\"><span style=\"color: #ffffff;\"><strong>Geh zu Mokos Meggybor!<\/strong><\/span><\/a><\/p>\n\n\t\t<\/div>\n\t<\/div>\n<\/div><\/div><\/div><div class=\"wpb_column vc_column_container vc_col-sm-4\"><div class=\"vc_column-inner\"><div class=\"wpb_wrapper\">\n\t<div  class=\"wpb_single_image wpb_content_element vc_align_center wpb_content_element\">\n\t\t\n\t\t<figure class=\"wpb_wrapper vc_figure\">\n\t\t\t<div class=\"vc_single_image-wrapper   vc_box_border_grey\"><img decoding=\"async\" width=\"666\" height=\"1024\" src=\"https:\/\/mokos.hu\/wp-content\/uploads\/2023\/01\/mm1-666x1024.jpg\" class=\"vc_single_image-img attachment-large\" alt=\"mokos_pinceszet_premium_meggy_wine_gum_wine_meggy_recipe_brownie_mohr_mira_sutemeny_desszert_dessert_wine\" title=\"mokos_pinceszet_premium_meggy_wine_gum_wine_meggy_recipe_brownie_mohr_mira_sutemeny_desszert_dessert_wine\" srcset=\"https:\/\/mokos.hu\/wp-content\/uploads\/2023\/01\/mm1-666x1024.jpg 666w, https:\/\/mokos.hu\/wp-content\/uploads\/2023\/01\/mm1-300x462.jpg 300w, https:\/\/mokos.hu\/wp-content\/uploads\/2023\/01\/mm1-600x923.jpg 600w, https:\/\/mokos.hu\/wp-content\/uploads\/2023\/01\/mm1-195x300.jpg 195w, https:\/\/mokos.hu\/wp-content\/uploads\/2023\/01\/mm1-998x1536.jpg 998w, https:\/\/mokos.hu\/wp-content\/uploads\/2023\/01\/mm1-1331x2048.jpg 1331w, https:\/\/mokos.hu\/wp-content\/uploads\/2023\/01\/mm1-scaled.jpg 1664w\" sizes=\"(max-width: 666px) 100vw, 666px\" \/><\/div>\n\t\t<\/figure>\n\t<\/div>\n<\/div><\/div><\/div><\/div><div class=\"vc_row wpb_row vc_row-fluid\"><div class=\"wpb_column vc_column_container vc_col-sm-12\"><div class=\"vc_column-inner\"><div class=\"wpb_wrapper\">\n\t<div class=\"wpb_text_column wpb_content_element\" >\n\t\t<div class=\"wpb_wrapper\">\n\t\t\t<h3>Darf ich vorstellen: Myra und der Cookie Munch!<\/h3>\n<p>&nbsp;<\/p>\n\n\t\t<\/div>\n\t<\/div>\n<div class=\"vc_row wpb_row vc_inner vc_row-fluid\"><div class=\"wpb_column vc_column_container vc_col-sm-6\"><div class=\"vc_column-inner\"><div class=\"wpb_wrapper\">\n\t<div class=\"wpb_text_column wpb_content_element\" >\n\t\t<div class=\"wpb_wrapper\">\n\t\t\t<p><em>\"Ich liebe S\u00fc\u00dfigkeiten, seit ich klein bin, und so wurde das Backen bald zu einem gro\u00dfen Hobby. 2016 startete ich meinen damals noch winzigen Gastronomie-Blog S\u00fcti M\u00e1Mohr, um meine Liebe zur Gastronomie und meine Ideen mit Menschen zu teilen, die ebenfalls die Gastronomie lieben.<\/em><\/p>\n<p><em>W\u00e4hrend meiner Studienzeit besch\u00e4ftigte ich mich mehr und mehr mit der Entwicklung von Rezepten, dann mit Food-Styling und schlie\u00dflich mit Food-Fotografie. Diese sind mir so ans Herz gewachsen, dass ich sie aus meinem Alltag nicht mehr wegdenken kann.<\/em><\/p>\n<p><em>Und w\u00e4hrend meines Studiums der Betriebs- und Volkswirtschaftslehre habe ich begonnen, die Gastronomie aus vielen verschiedenen Blickwinkeln zu betrachten, zu analysieren und zu erforschen, und zwar interdisziplin\u00e4r. Zuerst untersuchte ich die aktuellen Trends in der ungarischen Gastronomie, dann den Einfluss der sozialen Medien auf die Gastronomie, und jetzt forsche ich im Bereich Lebensmittelmarketing.\" - M\u00edra Mohr<\/em><\/p>\n<p><em>Quelle: <a href=\"http:\/\/www.sutimamohr.hu\" target=\"_blank\" rel=\"noopener\">www.sutimamohr.hu<\/a>\u00a0<\/em><\/p>\n\n\t\t<\/div>\n\t<\/div>\n<\/div><\/div><\/div><div class=\"wpb_column vc_column_container vc_col-sm-6\"><div class=\"vc_column-inner\"><div class=\"wpb_wrapper\">\n\t<div  class=\"wpb_single_image wpb_content_element vc_align_center wpb_content_element\">\n\t\t\n\t\t<figure class=\"wpb_wrapper vc_figure\">\n\t\t\t<div class=\"vc_single_image-wrapper   vc_box_border_grey\"><img loading=\"lazy\" decoding=\"async\" width=\"768\" height=\"1021\" src=\"https:\/\/mokos.hu\/wp-content\/uploads\/2023\/01\/IMG_3558-1-scaled-e1674736993416-768x1021-1.jpeg\" class=\"vc_single_image-img attachment-large\" alt=\"mokos_pinceszet_premium_meggy_wine_gum_wine_meggy_recipe_brownie_mohr_mira_sutemeny_desszert_dessert_wine\" title=\"mokos_pinceszet_premium_meggy_wine_gum_wine_meggy_recipe_brownie_mohr_mira_sutemeny_desszert_dessert_wine\" srcset=\"https:\/\/mokos.hu\/wp-content\/uploads\/2023\/01\/IMG_3558-1-scaled-e1674736993416-768x1021-1.jpeg 768w, https:\/\/mokos.hu\/wp-content\/uploads\/2023\/01\/IMG_3558-1-scaled-e1674736993416-768x1021-1-300x399.jpeg 300w, https:\/\/mokos.hu\/wp-content\/uploads\/2023\/01\/IMG_3558-1-scaled-e1674736993416-768x1021-1-600x798.jpeg 600w, https:\/\/mokos.hu\/wp-content\/uploads\/2023\/01\/IMG_3558-1-scaled-e1674736993416-768x1021-1-226x300.jpeg 226w\" sizes=\"(max-width: 768px) 100vw, 768px\" \/><\/div>\n\t\t<\/figure>\n\t<\/div>\n<\/div><\/div><\/div><\/div><\/div><\/div><\/div><\/div><div class=\"vc_row wpb_row vc_row-fluid\"><div class=\"wpb_column vc_column_container vc_col-sm-12\"><div class=\"vc_column-inner\"><div class=\"wpb_wrapper\">\n\t<div class=\"wpb_text_column wpb_content_element\" >\n\t\t<div class=\"wpb_wrapper\">\n\t\t\t<h3>Probieren Sie mehr Rezepte aus!<\/h3>\n<p><strong>Haben Sie Lust zu backen? M\u00f6chten Sie neue Rezepte ausprobieren?<\/strong> Besuchen Sie die Website von M\u00edra und entdecken Sie weitere Leckereien, mit denen Sie Ihre Familie und Freunde beeindrucken k\u00f6nnen!<\/p>\n\n\t\t<\/div>\n\t<\/div>\n<div class=\"vc_row wpb_row vc_inner vc_row-fluid\"><div class=\"wpb_column vc_column_container vc_col-sm-6\"><div class=\"vc_column-inner\"><div class=\"wpb_wrapper\">\n\t<div class=\"wpb_text_column wpb_content_element vc_custom_1674920524328\" >\n\t\t<div class=\"wpb_wrapper\">\n\t\t\t<p style=\"text-align: center;\"><a href=\"https:\/\/www.sutimamohr.hu\/\" target=\"_blank\" rel=\"noopener\"><span style=\"color: #ffffff;\"><strong>Besuchen Sie M\u00edras Website!<\/strong><\/span><\/a><\/p>\n\n\t\t<\/div>\n\t<\/div>\n<\/div><\/div><\/div><div class=\"wpb_column vc_column_container vc_col-sm-6\"><div class=\"vc_column-inner\"><div class=\"wpb_wrapper\">\n\t<div class=\"wpb_text_column wpb_content_element vc_custom_1674920783714\" >\n\t\t<div class=\"wpb_wrapper\">\n\t\t\t<p style=\"text-align: center;\"><a href=\"https:\/\/www.instagram.com\/sutimamohr.mira\/\" target=\"_blank\" rel=\"noopener\"><span style=\"color: #ffffff;\"><strong>Zur Instagram-Seite von M\u00edra gehen!<\/strong><\/span><\/a><\/p>\n\n\t\t<\/div>\n\t<\/div>\n<\/div><\/div><\/div><\/div><\/div><\/div><\/div><\/div>\n<\/div>","protected":false},"excerpt":{"rendered":"Mokos Meggyboros Brownie k\u00fcl\u00f6nleges recept MOHR M\u00cdR\u00c1T\u00d3L \u2022 S\u00dcTI M\u00c1MOHR K\u00e9sz\u00edten\u00e9l valami k\u00fcl\u00f6nleges desszertet egy k\u00f6zelg\u0151 \u00fcnnepi alkalomra vagy csak egy spont\u00e1n h\u00e9tk\u00f6znapra szeretn\u00e9l \u00ednycsikland\u00f3 finoms\u00e1got var\u00e1zsolni az asztalra? Pr\u00f3b\u00e1ld&hellip;","protected":false},"author":6,"featured_media":0,"parent":0,"menu_order":0,"comment_status":"closed","ping_status":"closed","template":"","meta":{"_acf_changed":false,"footnotes":""},"class_list":["post-15719","page","type-page","status-publish","hentry"],"acf":[],"yoast_head":"<!-- This site is optimized with the Yoast SEO plugin v27.1.1 - https:\/\/yoast.com\/product\/yoast-seo-wordpress\/ -->\n<title>Meggyboros Brownie Recept - MOKOS<\/title>\n<meta name=\"robots\" content=\"index, follow, max-snippet:-1, max-image-preview:large, max-video-preview:-1\" \/>\n<link rel=\"canonical\" href=\"https:\/\/mokos.hu\/de\/kirschwein-brownie-rezept-premium-kirschwein\/\" \/>\n<meta property=\"og:locale\" content=\"de_DE\" \/>\n<meta property=\"og:type\" content=\"article\" \/>\n<meta property=\"og:title\" content=\"Meggyboros Brownie Recept - MOKOS\" \/>\n<meta property=\"og:url\" content=\"https:\/\/mokos.hu\/de\/kirschwein-brownie-rezept-premium-kirschwein\/\" \/>\n<meta property=\"og:site_name\" content=\"MOKOS\" \/>\n<meta property=\"article:modified_time\" content=\"2025-01-21T12:25:12+00:00\" \/>\n<meta name=\"twitter:card\" content=\"summary_large_image\" \/>\n<meta name=\"twitter:label1\" content=\"Gesch\u00e4tzte Lesezeit\" \/>\n\t<meta name=\"twitter:data1\" content=\"4\u00a0Minuten\" \/>\n<script type=\"application\/ld+json\" class=\"yoast-schema-graph\">{\"@context\":\"https:\/\/schema.org\",\"@graph\":[{\"@type\":\"WebPage\",\"@id\":\"https:\/\/mokos.hu\/meggyboros-brownie-recept-meggybor-premium-gyumolcsbor\/\",\"url\":\"https:\/\/mokos.hu\/meggyboros-brownie-recept-meggybor-premium-gyumolcsbor\/\",\"name\":\"Meggyboros Brownie Recept - MOKOS\",\"isPartOf\":{\"@id\":\"https:\/\/mokos.hu\/#website\"},\"datePublished\":\"2023-01-28T15:22:29+00:00\",\"dateModified\":\"2025-01-21T12:25:12+00:00\",\"breadcrumb\":{\"@id\":\"https:\/\/mokos.hu\/meggyboros-brownie-recept-meggybor-premium-gyumolcsbor\/#breadcrumb\"},\"inLanguage\":\"de\",\"potentialAction\":[{\"@type\":\"ReadAction\",\"target\":[\"https:\/\/mokos.hu\/meggyboros-brownie-recept-meggybor-premium-gyumolcsbor\/\"]}]},{\"@type\":\"BreadcrumbList\",\"@id\":\"https:\/\/mokos.hu\/meggyboros-brownie-recept-meggybor-premium-gyumolcsbor\/#breadcrumb\",\"itemListElement\":[{\"@type\":\"ListItem\",\"position\":1,\"name\":\"Home\",\"item\":\"https:\/\/mokos.hu\/\"},{\"@type\":\"ListItem\",\"position\":2,\"name\":\"Meggyboros Brownie Recept\"}]},{\"@type\":\"WebSite\",\"@id\":\"https:\/\/mokos.hu\/#website\",\"url\":\"https:\/\/mokos.hu\/\",\"name\":\"MOKOS\",\"description\":\"Csal\u00e1di Pinc\u00e9szet, Palkonya\",\"publisher\":{\"@id\":\"https:\/\/mokos.hu\/#organization\"},\"potentialAction\":[{\"@type\":\"SearchAction\",\"target\":{\"@type\":\"EntryPoint\",\"urlTemplate\":\"https:\/\/mokos.hu\/?s={search_term_string}\"},\"query-input\":{\"@type\":\"PropertyValueSpecification\",\"valueRequired\":true,\"valueName\":\"search_term_string\"}}],\"inLanguage\":\"de\"},{\"@type\":\"Organization\",\"@id\":\"https:\/\/mokos.hu\/#organization\",\"name\":\"MOKOS\",\"url\":\"https:\/\/mokos.hu\/\",\"logo\":{\"@type\":\"ImageObject\",\"inLanguage\":\"de\",\"@id\":\"https:\/\/mokos.hu\/#\/schema\/logo\/image\/\",\"url\":\"https:\/\/mokos.hu\/wp-content\/uploads\/2018\/11\/cropped-Mokos_Villanyi-Borvidek-Palkonya-1.png\",\"contentUrl\":\"https:\/\/mokos.hu\/wp-content\/uploads\/2018\/11\/cropped-Mokos_Villanyi-Borvidek-Palkonya-1.png\",\"width\":1000,\"height\":245,\"caption\":\"MOKOS\"},\"image\":{\"@id\":\"https:\/\/mokos.hu\/#\/schema\/logo\/image\/\"}}]}<\/script>\n<!-- \/ Yoast SEO plugin. -->","yoast_head_json":{"title":"Meggyboros Brownie-Rezept - MOKOS","robots":{"index":"index","follow":"follow","max-snippet":"max-snippet:-1","max-image-preview":"max-image-preview:large","max-video-preview":"max-video-preview:-1"},"canonical":"https:\/\/mokos.hu\/de\/kirschwein-brownie-rezept-premium-kirschwein\/","og_locale":"de_DE","og_type":"article","og_title":"Meggyboros Brownie Recept - MOKOS","og_url":"https:\/\/mokos.hu\/de\/kirschwein-brownie-rezept-premium-kirschwein\/","og_site_name":"MOKOS","article_modified_time":"2025-01-21T12:25:12+00:00","twitter_card":"summary_large_image","twitter_misc":{"Gesch\u00e4tzte Lesezeit":"4\u00a0Minuten"},"schema":{"@context":"https:\/\/schema.org","@graph":[{"@type":"WebPage","@id":"https:\/\/mokos.hu\/meggyboros-brownie-recept-meggybor-premium-gyumolcsbor\/","url":"https:\/\/mokos.hu\/meggyboros-brownie-recept-meggybor-premium-gyumolcsbor\/","name":"Meggyboros Brownie-Rezept - MOKOS","isPartOf":{"@id":"https:\/\/mokos.hu\/#website"},"datePublished":"2023-01-28T15:22:29+00:00","dateModified":"2025-01-21T12:25:12+00:00","breadcrumb":{"@id":"https:\/\/mokos.hu\/meggyboros-brownie-recept-meggybor-premium-gyumolcsbor\/#breadcrumb"},"inLanguage":"de","potentialAction":[{"@type":"ReadAction","target":["https:\/\/mokos.hu\/meggyboros-brownie-recept-meggybor-premium-gyumolcsbor\/"]}]},{"@type":"BreadcrumbList","@id":"https:\/\/mokos.hu\/meggyboros-brownie-recept-meggybor-premium-gyumolcsbor\/#breadcrumb","itemListElement":[{"@type":"ListItem","position":1,"name":"Home","item":"https:\/\/mokos.hu\/"},{"@type":"ListItem","position":2,"name":"Meggyboros Brownie Recept"}]},{"@type":"WebSite","@id":"https:\/\/mokos.hu\/#website","url":"https:\/\/mokos.hu\/","name":"MOKOS","description":"Familienweingut, Palkonya","publisher":{"@id":"https:\/\/mokos.hu\/#organization"},"potentialAction":[{"@type":"SearchAction","target":{"@type":"EntryPoint","urlTemplate":"https:\/\/mokos.hu\/?s={search_term_string}"},"query-input":{"@type":"PropertyValueSpecification","valueRequired":true,"valueName":"search_term_string"}}],"inLanguage":"de"},{"@type":"Organization","@id":"https:\/\/mokos.hu\/#organization","name":"MOKOS","url":"https:\/\/mokos.hu\/","logo":{"@type":"ImageObject","inLanguage":"de","@id":"https:\/\/mokos.hu\/#\/schema\/logo\/image\/","url":"https:\/\/mokos.hu\/wp-content\/uploads\/2018\/11\/cropped-Mokos_Villanyi-Borvidek-Palkonya-1.png","contentUrl":"https:\/\/mokos.hu\/wp-content\/uploads\/2018\/11\/cropped-Mokos_Villanyi-Borvidek-Palkonya-1.png","width":1000,"height":245,"caption":"MOKOS"},"image":{"@id":"https:\/\/mokos.hu\/#\/schema\/logo\/image\/"}}]}},"_links":{"self":[{"href":"https:\/\/mokos.hu\/de\/wp-json\/wp\/v2\/pages\/15719","targetHints":{"allow":["GET"]}}],"collection":[{"href":"https:\/\/mokos.hu\/de\/wp-json\/wp\/v2\/pages"}],"about":[{"href":"https:\/\/mokos.hu\/de\/wp-json\/wp\/v2\/types\/page"}],"author":[{"embeddable":true,"href":"https:\/\/mokos.hu\/de\/wp-json\/wp\/v2\/users\/6"}],"replies":[{"embeddable":true,"href":"https:\/\/mokos.hu\/de\/wp-json\/wp\/v2\/comments?post=15719"}],"version-history":[{"count":0,"href":"https:\/\/mokos.hu\/de\/wp-json\/wp\/v2\/pages\/15719\/revisions"}],"wp:attachment":[{"href":"https:\/\/mokos.hu\/de\/wp-json\/wp\/v2\/media?parent=15719"}],"curies":[{"name":"wp","href":"https:\/\/api.w.org\/{rel}","templated":true}]}}