{"id":15,"date":"2016-02-09T21:54:32","date_gmt":"2016-02-09T20:54:32","guid":{"rendered":"http:\/\/dev.vinolin.hu\/?page_id=15"},"modified":"2025-03-28T10:21:52","modified_gmt":"2025-03-28T08:21:52","slug":"borkostolo-programme","status":"publish","type":"page","link":"https:\/\/mokos.hu\/de\/borkostolo-programok\/","title":{"rendered":"Weinverkostungen"},"content":{"rendered":"<div class=\"wpb-content-wrapper\"><div class=\"vc_row wpb_row vc_row-fluid\"><div class=\"wpb_column vc_column_container vc_col-sm-12\"><div class=\"vc_column-inner\"><div class=\"wpb_wrapper\">\n\t<div class=\"wpb_text_column wpb_content_element\" >\n\t\t<div class=\"wpb_wrapper\">\n\t\t\t<div class=\"entry-content\">\n<h4><strong><img fetchpriority=\"high\" decoding=\"async\" class=\"aligncenter wp-image-6835 size-full\" src=\"https:\/\/mokos.hu\/wp-content\/uploads\/2017\/04\/Mokos_Pinceszet_MP_2000x645-e1600693620648.jpg\" alt=\"\" width=\"1200\" height=\"387\" srcset=\"https:\/\/mokos.hu\/wp-content\/uploads\/2017\/04\/Mokos_Pinceszet_MP_2000x645-e1600693620648.jpg 1200w, https:\/\/mokos.hu\/wp-content\/uploads\/2017\/04\/Mokos_Pinceszet_MP_2000x645-e1600693620648-300x97.jpg 300w, https:\/\/mokos.hu\/wp-content\/uploads\/2017\/04\/Mokos_Pinceszet_MP_2000x645-e1600693620648-600x194.jpg 600w\" sizes=\"(max-width: 1200px) 100vw, 1200px\" \/><\/strong><\/h4>\n<h4><\/h4>\n<h3><strong>VERKOSTEN SIE UNSERE WEINE IN UNSEREM WEINGUT UND ERLEBEN SIE DAS AUTHENTISCHE VILL\u00c1NYER WEINBAUGEBIET!<\/strong><\/h3>\n<p><strong>Der beeindruckende Verkostungsraum, die Panoramaterrasse oder das elegante Theater unseres Weinguts<\/strong> ist der perfekte Ort f\u00fcr kleine und gro\u00dfe Weinverkostungen, Abendessen, Versammlungen und besondere Feierlichkeiten. Wir k\u00f6nnen 70-80 Personen in unserem Verkostungsraum, 60-70 Personen auf unserer Terrasse und bis zu 180 Personen in unserem Theater und Veranstaltungssaal unterbringen. Informieren Sie sich \u00fcber unsere Angebote zur Weinverkostung:<\/p>\n<h4><strong>WEINVERKOSTUNGSPAKETE\u00a0<\/strong><\/h4>\n<p>Die Weinverkostung umfasst Weine mit gesch\u00fctzter Herkunft aus Vill\u00e1ny und hochwertige Palkonyai-Obstweine.<\/p>\n<ul>\n<li><strong>Mini 3 Partien Verkostung:<\/strong> 2.450 Fu\u00df <em>(beinhaltet: 2 klassische Vill\u00e1nyi-Weine und 1 Premium-Obstwein)<\/em><\/li>\n<li><strong>Palkonya 5 Partien Verkostung:<\/strong> 4.250 Fu\u00df <em>(enth\u00e4lt 4 klassische Vill\u00e1nyi-Weine und 1 Premium-Obstwein)<\/em><\/li>\n<li><strong>Riesige Verkostung mit 7 Partien:<\/strong> 6.250 Fu\u00df <em>(darunter 3 Classicus, 2 Premium-Vill\u00e1ny-Weine und 2 Premium-Obstweine)<\/em><\/li>\n<li><strong>Extra 9 Partien Verkostung:<\/strong> 8.450 Fu\u00df <em>(umfasst 3 Classicus-, 2 Premium- und 1 Super-Premium-Vill\u00e1ny-Weine und 3 Premium-Obstweine)<\/em><\/li>\n<li><strong>Obstweinverkostung 5 Lose:<\/strong> 5.250 Fu\u00df <em>(enth\u00e4lt 5 hochwertige Fruchtweine)<\/em><\/li>\n<\/ul>\n<p><strong>Unbegrenzt Wein ist auch verf\u00fcgbar, bitte kontaktieren Sie uns f\u00fcr Details.<\/strong><\/p>\n<p><span style=\"color: #000000;\">Probieren Sie die Aromen der Weinregion mit unseren Vill\u00e1nyer Weinen oder erleben Sie ein echtes gastronomisches Erlebnis mit unseren hochwertigen Obstweinspezialit\u00e4ten. Auf Wunsch bieten wir zu unseren Weinverkostungen Scones an. <\/span><span style=\"color: #000000;\">Pog\u00e1csa: 3.000 Ft\/kg.<\/span><\/p>\n<h4><strong>ERLEBNIS KELLERBESUCH<\/strong><\/h4>\n<p>Werfen Sie einen Blick hinter die Kulissen und lernen Sie die Geschichte unseres Weinguts kennen! Nehmen Sie an unserem gef\u00fchrten Kellerbesichtigungsprogramm teil, bei dem Sie unser Familiengut in den H\u00e4ngen des Vill\u00e1nyi-Gebirges und unseren \u00fcber 4.000 m2 gro\u00dfen Weinkeller kennenlernen und einen Einblick in den Weinherstellungsprozess erhalten. Um das Kundenerlebnis zu maximieren, ist f\u00fcr unser Programm eine Voranmeldung erforderlich <a href=\"https:\/\/mokos.hu\/de\/elmeny-pincelatogatas-podonya-villany-cellarszet\/\">HIER<\/a> k\u00f6nnen Sie tun.<\/p>\n<h4><strong>OBSTWEINVERKOSTUNG IM WEINGUT MOKOS\u00a0<\/strong><\/h4>\n<p>Gute Weine k\u00f6nnen nicht nur aus Trauben, sondern auch aus anderen Fr\u00fcchten hergestellt werden. Wenn Sie unsere Kirsch-, Erdbeer-, Aprikosen- und Pflaumenweinspezialit\u00e4ten noch nicht probiert haben, haben Sie jetzt die Gelegenheit dazu! Probieren Sie alle Fruchtweine aus unserem Weingut! Sie werden ein nicht allt\u00e4gliches Erlebnis haben, denn unsere Weine werden aus 100 % Fr\u00fcchten hergestellt, und dank eines modernen, schonenden Verfahrens k\u00f6nnen Sie die frischen Fr\u00fcchte im Wein deutlich schmecken und riechen.<br \/>\nDer Preis f\u00fcr die Obstweinverkostung betr\u00e4gt 5.250 HUF\/Person aus 5 verschiedenen Weinen.<\/p>\n<h4><strong>SCHNAPSVERKOSTUNG IN DER WEINKELLEREI MOKOS\u00a0<\/strong><\/h4>\n<p>In unserem Obstgarten in Palkonya werden aus den Fr\u00fcchten unserer Obstg\u00e4rten auch saftige Schn\u00e4pse hergestellt. Probieren Sie die Schn\u00e4pse der Mokos Winery bei einer Schnapsverkostung. Wir empfehlen das Programm f\u00fcr k\u00fchlere Winterabende oder als Grundlage f\u00fcr eine teambildende Feier. In unserem Weingut k\u00f6nnen Sie aus drei verschiedenen Verkostungen w\u00e4hlen:<\/p>\n<ul>\n<li>Atmosph\u00e4re (3 Punkte Verkostung) - 3.250 Ft\/Person<\/li>\n<li>Abenteurer (5 Punkte Verkostung)- 5.250 HUF\/Person<\/li>\n<li>Experte (7 Punkte Verkostung)- 7.250 Ft\/Person<\/li>\n<\/ul>\n<h4>FORDERN SIE UNSER PERS\u00d6NLICHES ANGEBOT AN UND ERKUNDIGEN SIE SICH NACH GRUPPENRABATTEN!<\/h4>\n<p><strong>Vikt\u00f3ria Mokos<em><br \/>\n<\/em><\/strong>Telefon: +36 70\/ 425-0334<\/p>\n<p><strong>Dalma Menr\u00e1th<em><br \/>\n<\/em><\/strong>Telefon: +36 70\/ 509-8779<\/p>\n<p>E-Mail:\u00a0<a href=\"mailto:szervezes@mokos.hu\">szervezes@mokos.hu<\/a><br \/>\n7771 Palkonya, Hegyalja u. 1.<\/p>\n<p><strong>Bitte kontaktieren Sie uns im Voraus f\u00fcr gef\u00fchrte Verkostungen und Kellerbesichtigungen!<\/strong><\/p>\n<p>Bestell- und Buchungsrichtlinien <a href=\"https:\/\/mokos.hu\/de\/uzlet\/regeln\/\">HIER<\/a> reicht.<\/p>\n<\/div>\n\n\t\t<\/div>\n\t<\/div>\n<\/div><\/div><\/div><\/div>\n<\/div>","protected":false},"excerpt":{"rendered":"K\u00d3STOLD MEG BORAINKAT PINC\u00c9SZET\u00dcNKBEN \u00c9S \u00c9LD \u00c1T A HAMIS\u00cdTATLAN VILL\u00c1NYI BORVID\u00c9KI \u00c9LM\u00c9NYT! Pinc\u00e9szet\u00fcnk impoz\u00e1ns k\u00f3stol\u00f3terme, panor\u00e1m\u00e1s terasza vagy eleg\u00e1ns sz\u00ednh\u00e1zterme t\u00f6k\u00e9letes helysz\u00ednt biztos\u00edt kis- \u00e9s nagy l\u00e9tsz\u00e1m\u00fa bork\u00f3stol\u00f3k, vacsor\u00e1k, \u00f6sszej\u00f6vetelek,&hellip;","protected":false},"author":1,"featured_media":9934,"parent":0,"menu_order":0,"comment_status":"closed","ping_status":"closed","template":"","meta":{"_acf_changed":false,"footnotes":""},"class_list":["post-15","page","type-page","status-publish","has-post-thumbnail","hentry"],"acf":[],"yoast_head":"<!-- This site is optimized with the Yoast SEO plugin v27.5 - https:\/\/yoast.com\/product\/yoast-seo-wordpress\/ -->\n<title>Bork\u00f3stol\u00f3k - MOKOS Pinc\u00e9szet - Vill\u00e1nyi borvid\u00e9k - Palkonya<\/title>\n<meta name=\"description\" content=\"Bork\u00f3stol\u00f3: vill\u00e1nyi v\u00e9dett eredet\u0171 borok, pr\u00e9mium gy\u00fcm\u00f6lcsborok. K\u00f3stoljon bele a Vill\u00e1nyi borvid\u00e9k \u00e9s Palkonya term\u00e9szet adta zamataiba!\" \/>\n<meta name=\"robots\" content=\"index, follow, max-snippet:-1, max-image-preview:large, max-video-preview:-1\" \/>\n<link rel=\"canonical\" href=\"https:\/\/mokos.hu\/de\/borkostolo-programme\/\" \/>\n<meta property=\"og:locale\" content=\"de_DE\" \/>\n<meta property=\"og:type\" content=\"article\" \/>\n<meta property=\"og:title\" content=\"Bork\u00f3stol\u00f3k - MOKOS Pinc\u00e9szet - Vill\u00e1nyi borvid\u00e9k - Palkonya\" \/>\n<meta property=\"og:description\" content=\"Bork\u00f3stol\u00f3: vill\u00e1nyi v\u00e9dett eredet\u0171 borok, pr\u00e9mium gy\u00fcm\u00f6lcsborok. K\u00f3stoljon bele a Vill\u00e1nyi borvid\u00e9k \u00e9s Palkonya term\u00e9szet adta zamataiba!\" \/>\n<meta property=\"og:url\" content=\"https:\/\/mokos.hu\/de\/borkostolo-programme\/\" \/>\n<meta property=\"og:site_name\" content=\"MOKOS\" \/>\n<meta property=\"article:modified_time\" content=\"2025-03-28T08:21:52+00:00\" \/>\n<meta property=\"og:image\" content=\"https:\/\/mokos.hu\/wp-content\/uploads\/2020\/06\/Mokos_Pinceszet_pinceszet_galeria_12-e1600679071818.jpg\" \/>\n\t<meta property=\"og:image:width\" content=\"800\" \/>\n\t<meta property=\"og:image:height\" content=\"533\" \/>\n\t<meta property=\"og:image:type\" content=\"image\/jpeg\" \/>\n<meta name=\"twitter:card\" content=\"summary_large_image\" \/>\n<meta name=\"twitter:label1\" content=\"Gesch\u00e4tzte Lesezeit\" \/>\n\t<meta name=\"twitter:data1\" content=\"3\u00a0Minuten\" \/>\n<script type=\"application\/ld+json\" class=\"yoast-schema-graph\">{\"@context\":\"https:\\\/\\\/schema.org\",\"@graph\":[{\"@type\":\"WebPage\",\"@id\":\"https:\\\/\\\/mokos.hu\\\/borkostolo-programok\\\/\",\"url\":\"https:\\\/\\\/mokos.hu\\\/borkostolo-programok\\\/\",\"name\":\"Bork\u00f3stol\u00f3k - MOKOS Pinc\u00e9szet - Vill\u00e1nyi borvid\u00e9k - Palkonya\",\"isPartOf\":{\"@id\":\"https:\\\/\\\/mokos.hu\\\/#website\"},\"primaryImageOfPage\":{\"@id\":\"https:\\\/\\\/mokos.hu\\\/borkostolo-programok\\\/#primaryimage\"},\"image\":{\"@id\":\"https:\\\/\\\/mokos.hu\\\/borkostolo-programok\\\/#primaryimage\"},\"thumbnailUrl\":\"https:\\\/\\\/mokos.hu\\\/wp-content\\\/uploads\\\/2020\\\/06\\\/Mokos_Pinceszet_pinceszet_galeria_12-e1600679071818.jpg\",\"datePublished\":\"2016-02-09T20:54:32+00:00\",\"dateModified\":\"2025-03-28T08:21:52+00:00\",\"description\":\"Bork\u00f3stol\u00f3: vill\u00e1nyi v\u00e9dett eredet\u0171 borok, pr\u00e9mium gy\u00fcm\u00f6lcsborok. K\u00f3stoljon bele a Vill\u00e1nyi borvid\u00e9k \u00e9s Palkonya term\u00e9szet adta zamataiba!\",\"breadcrumb\":{\"@id\":\"https:\\\/\\\/mokos.hu\\\/borkostolo-programok\\\/#breadcrumb\"},\"inLanguage\":\"de\",\"potentialAction\":[{\"@type\":\"ReadAction\",\"target\":[\"https:\\\/\\\/mokos.hu\\\/borkostolo-programok\\\/\"]}]},{\"@type\":\"ImageObject\",\"inLanguage\":\"de\",\"@id\":\"https:\\\/\\\/mokos.hu\\\/borkostolo-programok\\\/#primaryimage\",\"url\":\"https:\\\/\\\/mokos.hu\\\/wp-content\\\/uploads\\\/2020\\\/06\\\/Mokos_Pinceszet_pinceszet_galeria_12-e1600679071818.jpg\",\"contentUrl\":\"https:\\\/\\\/mokos.hu\\\/wp-content\\\/uploads\\\/2020\\\/06\\\/Mokos_Pinceszet_pinceszet_galeria_12-e1600679071818.jpg\",\"width\":800,\"height\":533,\"caption\":\"Mokos_Pinceszet_villanyi_borvidek_palkonya_vorosbor_villanyibor\"},{\"@type\":\"BreadcrumbList\",\"@id\":\"https:\\\/\\\/mokos.hu\\\/borkostolo-programok\\\/#breadcrumb\",\"itemListElement\":[{\"@type\":\"ListItem\",\"position\":1,\"name\":\"Home\",\"item\":\"https:\\\/\\\/mokos.hu\\\/\"},{\"@type\":\"ListItem\",\"position\":2,\"name\":\"Bork\u00f3stol\u00f3k\"}]},{\"@type\":\"WebSite\",\"@id\":\"https:\\\/\\\/mokos.hu\\\/#website\",\"url\":\"https:\\\/\\\/mokos.hu\\\/\",\"name\":\"MOKOS\",\"description\":\"Csal\u00e1di Pinc\u00e9szet, Palkonya\",\"publisher\":{\"@id\":\"https:\\\/\\\/mokos.hu\\\/#organization\"},\"potentialAction\":[{\"@type\":\"SearchAction\",\"target\":{\"@type\":\"EntryPoint\",\"urlTemplate\":\"https:\\\/\\\/mokos.hu\\\/?s={search_term_string}\"},\"query-input\":{\"@type\":\"PropertyValueSpecification\",\"valueRequired\":true,\"valueName\":\"search_term_string\"}}],\"inLanguage\":\"de\"},{\"@type\":\"Organization\",\"@id\":\"https:\\\/\\\/mokos.hu\\\/#organization\",\"name\":\"MOKOS\",\"url\":\"https:\\\/\\\/mokos.hu\\\/\",\"logo\":{\"@type\":\"ImageObject\",\"inLanguage\":\"de\",\"@id\":\"https:\\\/\\\/mokos.hu\\\/#\\\/schema\\\/logo\\\/image\\\/\",\"url\":\"https:\\\/\\\/mokos.hu\\\/wp-content\\\/uploads\\\/2018\\\/11\\\/cropped-Mokos_Villanyi-Borvidek-Palkonya-1.png\",\"contentUrl\":\"https:\\\/\\\/mokos.hu\\\/wp-content\\\/uploads\\\/2018\\\/11\\\/cropped-Mokos_Villanyi-Borvidek-Palkonya-1.png\",\"width\":1000,\"height\":245,\"caption\":\"MOKOS\"},\"image\":{\"@id\":\"https:\\\/\\\/mokos.hu\\\/#\\\/schema\\\/logo\\\/image\\\/\"}}]}<\/script>\n<!-- \/ Yoast SEO plugin. -->","yoast_head_json":{"title":"Weinverkostungen - Weinkellerei MOKOS - Weinregion Vill\u00e1ny - Palkonya","description":"Weinverkostung: Weine mit gesch\u00fctzter Herkunft aus Vill\u00e1ny, hochwertige Obstweine. Probieren Sie die nat\u00fcrlichen Aromen der Weinregion Vill\u00e1ny und Palkonya!","robots":{"index":"index","follow":"follow","max-snippet":"max-snippet:-1","max-image-preview":"max-image-preview:large","max-video-preview":"max-video-preview:-1"},"canonical":"https:\/\/mokos.hu\/de\/borkostolo-programme\/","og_locale":"de_DE","og_type":"article","og_title":"Bork\u00f3stol\u00f3k - MOKOS Pinc\u00e9szet - Vill\u00e1nyi borvid\u00e9k - Palkonya","og_description":"Bork\u00f3stol\u00f3: vill\u00e1nyi v\u00e9dett eredet\u0171 borok, pr\u00e9mium gy\u00fcm\u00f6lcsborok. K\u00f3stoljon bele a Vill\u00e1nyi borvid\u00e9k \u00e9s Palkonya term\u00e9szet adta zamataiba!","og_url":"https:\/\/mokos.hu\/de\/borkostolo-programme\/","og_site_name":"MOKOS","article_modified_time":"2025-03-28T08:21:52+00:00","og_image":[{"width":800,"height":533,"url":"https:\/\/mokos.hu\/wp-content\/uploads\/2020\/06\/Mokos_Pinceszet_pinceszet_galeria_12-e1600679071818.jpg","type":"image\/jpeg"}],"twitter_card":"summary_large_image","twitter_misc":{"Gesch\u00e4tzte Lesezeit":"3\u00a0Minuten"},"schema":{"@context":"https:\/\/schema.org","@graph":[{"@type":"WebPage","@id":"https:\/\/mokos.hu\/borkostolo-programok\/","url":"https:\/\/mokos.hu\/borkostolo-programok\/","name":"Weinverkostungen - Weinkellerei MOKOS - Weinregion Vill\u00e1ny - Palkonya","isPartOf":{"@id":"https:\/\/mokos.hu\/#website"},"primaryImageOfPage":{"@id":"https:\/\/mokos.hu\/borkostolo-programok\/#primaryimage"},"image":{"@id":"https:\/\/mokos.hu\/borkostolo-programok\/#primaryimage"},"thumbnailUrl":"https:\/\/mokos.hu\/wp-content\/uploads\/2020\/06\/Mokos_Pinceszet_pinceszet_galeria_12-e1600679071818.jpg","datePublished":"2016-02-09T20:54:32+00:00","dateModified":"2025-03-28T08:21:52+00:00","description":"Weinverkostung: Weine mit gesch\u00fctzter Herkunft aus Vill\u00e1ny, hochwertige Obstweine. Probieren Sie die nat\u00fcrlichen Aromen der Weinregion Vill\u00e1ny und Palkonya!","breadcrumb":{"@id":"https:\/\/mokos.hu\/borkostolo-programok\/#breadcrumb"},"inLanguage":"de","potentialAction":[{"@type":"ReadAction","target":["https:\/\/mokos.hu\/borkostolo-programok\/"]}]},{"@type":"ImageObject","inLanguage":"de","@id":"https:\/\/mokos.hu\/borkostolo-programok\/#primaryimage","url":"https:\/\/mokos.hu\/wp-content\/uploads\/2020\/06\/Mokos_Pinceszet_pinceszet_galeria_12-e1600679071818.jpg","contentUrl":"https:\/\/mokos.hu\/wp-content\/uploads\/2020\/06\/Mokos_Pinceszet_pinceszet_galeria_12-e1600679071818.jpg","width":800,"height":533,"caption":"Mokos_Pinceszet_villanyi_borvidek_palkonya_vorosbor_villanyibor"},{"@type":"BreadcrumbList","@id":"https:\/\/mokos.hu\/borkostolo-programok\/#breadcrumb","itemListElement":[{"@type":"ListItem","position":1,"name":"Home","item":"https:\/\/mokos.hu\/"},{"@type":"ListItem","position":2,"name":"Bork\u00f3stol\u00f3k"}]},{"@type":"WebSite","@id":"https:\/\/mokos.hu\/#website","url":"https:\/\/mokos.hu\/","name":"MOKOS","description":"Familienweingut, Palkonya","publisher":{"@id":"https:\/\/mokos.hu\/#organization"},"potentialAction":[{"@type":"SearchAction","target":{"@type":"EntryPoint","urlTemplate":"https:\/\/mokos.hu\/?s={search_term_string}"},"query-input":{"@type":"PropertyValueSpecification","valueRequired":true,"valueName":"search_term_string"}}],"inLanguage":"de"},{"@type":"Organization","@id":"https:\/\/mokos.hu\/#organization","name":"MOKOS","url":"https:\/\/mokos.hu\/","logo":{"@type":"ImageObject","inLanguage":"de","@id":"https:\/\/mokos.hu\/#\/schema\/logo\/image\/","url":"https:\/\/mokos.hu\/wp-content\/uploads\/2018\/11\/cropped-Mokos_Villanyi-Borvidek-Palkonya-1.png","contentUrl":"https:\/\/mokos.hu\/wp-content\/uploads\/2018\/11\/cropped-Mokos_Villanyi-Borvidek-Palkonya-1.png","width":1000,"height":245,"caption":"MOKOS"},"image":{"@id":"https:\/\/mokos.hu\/#\/schema\/logo\/image\/"}}]}},"_links":{"self":[{"href":"https:\/\/mokos.hu\/de\/wp-json\/wp\/v2\/pages\/15","targetHints":{"allow":["GET"]}}],"collection":[{"href":"https:\/\/mokos.hu\/de\/wp-json\/wp\/v2\/pages"}],"about":[{"href":"https:\/\/mokos.hu\/de\/wp-json\/wp\/v2\/types\/page"}],"author":[{"embeddable":true,"href":"https:\/\/mokos.hu\/de\/wp-json\/wp\/v2\/users\/1"}],"replies":[{"embeddable":true,"href":"https:\/\/mokos.hu\/de\/wp-json\/wp\/v2\/comments?post=15"}],"version-history":[{"count":0,"href":"https:\/\/mokos.hu\/de\/wp-json\/wp\/v2\/pages\/15\/revisions"}],"wp:featuredmedia":[{"embeddable":true,"href":"https:\/\/mokos.hu\/de\/wp-json\/wp\/v2\/media\/9934"}],"wp:attachment":[{"href":"https:\/\/mokos.hu\/de\/wp-json\/wp\/v2\/media?parent=15"}],"curies":[{"name":"wp","href":"https:\/\/api.w.org\/{rel}","templated":true}]}}