{"id":13642,"date":"2021-12-20T15:06:34","date_gmt":"2021-12-20T13:06:34","guid":{"rendered":"https:\/\/mokos.hu\/?page_id=13642\/"},"modified":"2025-01-21T14:25:13","modified_gmt":"2025-01-21T12:25:13","slug":"pincerol-pincere-variaciok-vincere-2022","status":"publish","type":"page","link":"https:\/\/mokos.hu\/de\/pincerol-pincere-variaciok-vincere-2022\/","title":{"rendered":"\u00dcber den Weinkeller Weinkeller Variationen Vinc\u00e9re 2022"},"content":{"rendered":"<div class=\"wpb-content-wrapper\"><div class=\"vc_row wpb_row vc_row-fluid\"><div class=\"wpb_column vc_column_container vc_col-sm-12\"><div class=\"vc_column-inner\"><div class=\"wpb_wrapper\">\n\t<div class=\"wpb_text_column wpb_content_element\" >\n\t\t<div class=\"wpb_wrapper\">\n\t\t\t<p><strong><img fetchpriority=\"high\" decoding=\"async\" class=\"aligncenter wp-image-13643 size-large\" src=\"https:\/\/mokos.hu\/wp-content\/uploads\/2021\/12\/264784172_2123462301150344_6435266134587135849_n-1024x577.jpg\" alt=\"\" width=\"750\" height=\"423\" srcset=\"https:\/\/mokos.hu\/wp-content\/uploads\/2021\/12\/264784172_2123462301150344_6435266134587135849_n-1024x577.jpg 1024w, https:\/\/mokos.hu\/wp-content\/uploads\/2021\/12\/264784172_2123462301150344_6435266134587135849_n-300x169.jpg 300w, https:\/\/mokos.hu\/wp-content\/uploads\/2021\/12\/264784172_2123462301150344_6435266134587135849_n-600x338.jpg 600w, https:\/\/mokos.hu\/wp-content\/uploads\/2021\/12\/264784172_2123462301150344_6435266134587135849_n-1536x865.jpg 1536w, https:\/\/mokos.hu\/wp-content\/uploads\/2021\/12\/264784172_2123462301150344_6435266134587135849_n.jpg 1640w\" sizes=\"(max-width: 750px) 100vw, 750px\" \/><\/strong><\/p>\n<h3 class=\"kvgmc6g5 cxmmr5t8 oygrvhab hcukyx3x c1et5uql\">VINCE NAP in der Weinregion Vill\u00e1ny!<\/h3>\n<p><strong>22. Januar 2022.<\/strong><\/p>\n<div><\/div>\n<div><em>Der Tag des Heiligen Vinzenz ist f\u00fcr Winzer und Weinliebhaber ein ganz besonderer Tag, denn an diesem Tag wird die Qualit\u00e4t der Herbsternte vorhergesagt. Die Br\u00e4uche und Traditionen des Vinzenztages spielen auch im Leben der Vill\u00e1nyer Winzer eine wichtige Rolle: Sie gehen von einem Keller zum anderen, verkosten die Weine der anderen, bitten um den Segen Gottes f\u00fcr die Reben und wenden sogar abergl\u00e4ubische Tricks an, um eine gute Ernte zu erzielen.<\/em><\/div>\n<div><\/div>\n<div class=\"cxmmr5t8 oygrvhab hcukyx3x c1et5uql o9v6fnle\"><strong>Der Tradition der letzten Jahre folgend, erwarten wir unsere G\u00e4ste mit einem bunten Vince Day Programm!<\/strong><\/div>\n<div class=\"cxmmr5t8 oygrvhab hcukyx3x c1et5uql o9v6fnle\"><strong>HORDOS am Morgen und 3 VINCE SUNSHOWS am Tag!<\/strong><\/div>\n<div class=\"cxmmr5t8 oygrvhab hcukyx3x c1et5uql o9v6fnle\"><\/div>\n<h3 class=\"cxmmr5t8 oygrvhab hcukyx3x c1et5uql o9v6fnle\">PROGRAMME<\/h3>\n<div class=\"cxmmr5t8 oygrvhab hcukyx3x c1et5uql o9v6fnle\"><\/div>\n<h2 class=\"cxmmr5t8 oygrvhab hcukyx3x c1et5uql o9v6fnle\">VINCE DER VINCE K\u00c4MPFER<\/h2>\n<div class=\"cxmmr5t8 oygrvhab hcukyx3x c1et5uql o9v6fnle\">Im Rahmen des Programms VINCE VINCE FIREFIGHTER werden wir mit dem Bus die Weinregion Vill\u00e1ny erkunden und das traditionelle Vince's Day Festmahl genie\u00dfen. F\u00fcr die D\u0171l\u0151j\u00e1r\u00f3-Variante stehen 3 Routen zur Verf\u00fcgung. Die Teilnehmer werden ein unvergessliches Erlebnis der Winterlandschaft, spannende Spiele, k\u00f6stliche Weine und leckere Snacks genie\u00dfen.<\/div>\n<div class=\"cxmmr5t8 oygrvhab hcukyx3x c1et5uql o9v6fnle\">Der Preis f\u00fcr die D\u0171l\u0151j\u00e1r\u00f3 Vince-Pakete betr\u00e4gt 18 000 HUF\/Person. Vince Day Erlebnisse in drei Weing\u00fctern auf einer Route, plus einen Shuttle-Bus-Service von Vill\u00e1ny nach Vill\u00e1ny.<\/div>\n<div><strong>Sie k\u00f6nnen die Mokos Winery an der 2. Haltestelle der Route 1 treffen!<\/strong><\/div>\n<div>Playful Wines - Weinspiele<br \/>\nEiner alten Tradition im Weinbau folgend, graben wir im Weingarten gegen\u00fcber von Palkonya Wein aus dem Boden, waschen die Reben und bew\u00e4ssern den Boden. Wir verw\u00f6hnen unsere G\u00e4ste mit Gl\u00fchwein und hausgemachten K\u00f6stlichkeiten. Auf dem Weingut der Familie Mokos k\u00f6nnen Sie 3 Weine verkosten und Ihr Wissen beim Vince-Day-Quiz und den Geschicklichkeitsspielen zur Weinverkostung testen. Unser Mundharmonikaspieler sorgt f\u00fcr die musikalische Untermalung der garantiert guten Stimmung im Weinberg und im Keller.<\/div>\n<div>Weitere Informationen: +36 70 509 8779<\/div>\n<div class=\"cxmmr5t8 oygrvhab hcukyx3x c1et5uql o9v6fnle\"><strong><a href=\"https:\/\/villanyiborvidek.hu\/...\/1851_dulojaro-vince-2022\">Ausf\u00fchrliches Programm &gt;&gt;<\/a><\/strong><\/div>\n<div><\/div>\n<div class=\"cxmmr5t8 oygrvhab hcukyx3x c1et5uql o9v6fnle\">Kartenvorverkauf und weitere Informationen: <a href=\"mailto:vsborut@gmail.com\">vsborut@gmail.com<\/a><\/div>\n<div class=\"cxmmr5t8 oygrvhab hcukyx3x c1et5uql o9v6fnle\"><\/div>\n<h2 class=\"cxmmr5t8 oygrvhab hcukyx3x c1et5uql o9v6fnle\">VINCE HORD\u00d3S<\/h2>\n<div class=\"cxmmr5t8 oygrvhab hcukyx3x c1et5uql o9v6fnle\">Im Programm HORDOS VINCE k\u00f6nnen Sie in F\u00e4ssern gereifte Weine entdecken, die noch nicht auf dem Markt sind.<\/div>\n<div>Programm im Weingut Mokos:<\/div>\n<div>Fassverkostung und Kellerbesichtigung mit P\u00e9ter Mokos.<br \/>\nVerkostung von besonderen, noch nicht erh\u00e4ltlichen Weinen mit dem Winzer des Weinguts. W\u00e4hrend der Kellerbesichtigung werden drei Weine verkostet, begleitet von hausgemachten Torten und Scones. Voranmeldung erforderlich!<br \/>\nTeilnahmegeb\u00fchr: 3500 HUF\/Person<br \/>\nH\u00f6chstzahl der Teilnehmer: 60<br \/>\nWeitere Informationen: +36 70\/509-8779;\u00a0<a href=\"mailto:szervezes@mokos.hu\">szervezes@mokos.hu<\/a><\/div>\n<div class=\"cxmmr5t8 oygrvhab hcukyx3x c1et5uql o9v6fnle\"><strong><a href=\"https:\/\/villanyiborvidek.hu\/...\/1852_hordos-vince-2022\">Ausf\u00fchrliches Programm &gt;&gt;<\/a><\/strong><\/div>\n<div><\/div>\n<div class=\"cxmmr5t8 oygrvhab hcukyx3x c1et5uql o9v6fnle\"><\/div>\n<div class=\"cxmmr5t8 oygrvhab hcukyx3x c1et5uql o9v6fnle\"><strong><span class=\"pq6dq46d tbxw36s4 knj5qynh kvgmc6g5 ditlmg2l oygrvhab nvdbi5me sf5mxxl7 gl3lb2sf hhz5lgdu\"><img decoding=\"async\" src=\"https:\/\/static.xx.fbcdn.net\/images\/emoji.php\/v9\/t77\/1\/16\/203c.png\" alt=\"\u203c\ufe0f\" width=\"16\" height=\"16\" \/><\/span> Die Anmeldung f\u00fcr das Programm HORDOS VINCE erfolgt in den Weinkellereien.<\/strong><\/div>\n<div class=\"cxmmr5t8 oygrvhab hcukyx3x c1et5uql o9v6fnle\"><\/div>\n<div class=\"cxmmr5t8 oygrvhab hcukyx3x c1et5uql o9v6fnle\"><\/div>\n<div class=\"cxmmr5t8 oygrvhab hcukyx3x c1et5uql o9v6fnle\">Veranstalter: Vill\u00e1ny-Sikl\u00f3s Weinstra\u00dfenverein<\/div>\n<div class=\"cxmmr5t8 oygrvhab hcukyx3x c1et5uql o9v6fnle\">Die Veranstaltung richtet sich nach den geltenden Vorschriften zur Seuchenlage!<\/div>\n<div class=\"cxmmr5t8 oygrvhab hcukyx3x c1et5uql o9v6fnle\">Wir behalten uns das Recht vor, das Programm zu \u00e4ndern!<\/div>\n\n\t\t<\/div>\n\t<\/div>\n<div class=\"vc_empty_space\"   style=\"height: 32px\"><span class=\"vc_empty_space_inner\"><\/span><\/div>\n\t<div class=\"wpb_text_column wpb_content_element\" >\n\t\t<div class=\"wpb_wrapper\">\n\t\t\t<p>Bestell- und Buchungsrichtlinien <a href=\"https:\/\/mokos.hu\/de\/uzlet\/regeln\/\">HIER<\/a> reicht.<\/p>\n<h4><strong>F\u00dcR WEITERE INFORMATIONEN WENDEN SIE SICH BITTE AN DIE FOLGENDEN KONTAKTADRESSEN:<\/strong><\/h4>\n<p><strong>Vikt\u00f3ria Mokos<em><br \/>\n<\/em>Telefon: +36 70\/ 425-0334<\/strong><\/p>\n<p><strong>Dalma Menr\u00e1th<em><br \/>\n<\/em>Telefon: +36 70\/ 509-8779<\/strong><\/p>\n<p><strong>E-Mail:\u00a0\u00a0<a href=\"mailto:szervezes@mokos.hu\">szervezes@mokos.hu<br \/>\n<\/a>7771 Palkonya, Hegyalja u. 1.<\/strong><\/p>\n\n\t\t<\/div>\n\t<\/div>\n<\/div><\/div><\/div><\/div><div class=\"vc_row wpb_row vc_row-fluid\"><div class=\"wpb_column vc_column_container vc_col-sm-12\"><div class=\"vc_column-inner\"><div class=\"wpb_wrapper\"><\/div><\/div><\/div><\/div>\n<\/div>","protected":false},"excerpt":{"rendered":"VINCE NAP a Vill\u00e1nyi borvid\u00e9ken! 2022. janu\u00e1r 22. Vince napja rendk\u00edv\u00fcl jeles nap a bor\u00e1szok \u00e9s borkedvel\u0151k sz\u00e1m\u00e1ra, ugyanis ezen a napon j\u00f3solj\u00e1k meg az \u0151szi term\u00e9s min\u0151s\u00e9g\u00e9t.\u00a0A vill\u00e1nyi sz\u0151l\u0151sgazd\u00e1k&hellip;","protected":false},"author":412,"featured_media":13643,"parent":0,"menu_order":0,"comment_status":"closed","ping_status":"closed","template":"","meta":{"_acf_changed":false,"footnotes":""},"class_list":["post-13642","page","type-page","status-publish","has-post-thumbnail","hentry"],"acf":[],"yoast_head":"<!-- This site is optimized with the Yoast SEO plugin v27.5 - https:\/\/yoast.com\/product\/yoast-seo-wordpress\/ -->\n<title>Pinc\u00e9r\u0151l Pinc\u00e9re Vari\u00e1ci\u00f3k Vinc\u00e9re 2022 - MOKOS<\/title>\n<meta name=\"description\" content=\"Az elm\u00falt \u00e9vek hagyom\u00e1nyait k\u00f6vetve ez alkalommal is sz\u00ednes Vince napi programokkal v\u00e1rjuk kedves vend\u00e9geinket! Reggel HORD\u00d3S-, napk\u00f6zben 3 D\u0170L\u0150J\u00c1R\u00d3-, este pedig VACSOR\u00c1Z\u00d3 VINCE programok!\" \/>\n<meta name=\"robots\" content=\"index, follow, max-snippet:-1, max-image-preview:large, max-video-preview:-1\" \/>\n<link rel=\"canonical\" href=\"https:\/\/mokos.hu\/de\/pincerol-pincere-variaciok-vincere-2022\/\" \/>\n<meta property=\"og:locale\" content=\"de_DE\" \/>\n<meta property=\"og:type\" content=\"article\" \/>\n<meta property=\"og:title\" content=\"Pinc\u00e9r\u0151l Pinc\u00e9re Vari\u00e1ci\u00f3k Vinc\u00e9re 2022 - MOKOS\" \/>\n<meta property=\"og:description\" content=\"Az elm\u00falt \u00e9vek hagyom\u00e1nyait k\u00f6vetve ez alkalommal is sz\u00ednes Vince napi programokkal v\u00e1rjuk kedves vend\u00e9geinket! Reggel HORD\u00d3S-, napk\u00f6zben 3 D\u0170L\u0150J\u00c1R\u00d3-, este pedig VACSOR\u00c1Z\u00d3 VINCE programok!\" \/>\n<meta property=\"og:url\" content=\"https:\/\/mokos.hu\/de\/pincerol-pincere-variaciok-vincere-2022\/\" \/>\n<meta property=\"og:site_name\" content=\"MOKOS\" \/>\n<meta property=\"article:modified_time\" content=\"2025-01-21T12:25:13+00:00\" \/>\n<meta property=\"og:image\" content=\"https:\/\/mokos.hu\/wp-content\/uploads\/2021\/12\/264784172_2123462301150344_6435266134587135849_n.jpg\" \/>\n\t<meta property=\"og:image:width\" content=\"1640\" \/>\n\t<meta property=\"og:image:height\" content=\"924\" \/>\n\t<meta property=\"og:image:type\" content=\"image\/jpeg\" \/>\n<meta name=\"twitter:card\" content=\"summary_large_image\" \/>\n<meta name=\"twitter:label1\" content=\"Gesch\u00e4tzte Lesezeit\" \/>\n\t<meta name=\"twitter:data1\" content=\"3\u00a0Minuten\" \/>\n<script type=\"application\/ld+json\" class=\"yoast-schema-graph\">{\"@context\":\"https:\\\/\\\/schema.org\",\"@graph\":[{\"@type\":\"WebPage\",\"@id\":\"https:\\\/\\\/mokos.hu\\\/pincerol-pincere-variaciok-vincere-2022\\\/\",\"url\":\"https:\\\/\\\/mokos.hu\\\/pincerol-pincere-variaciok-vincere-2022\\\/\",\"name\":\"Pinc\u00e9r\u0151l Pinc\u00e9re Vari\u00e1ci\u00f3k Vinc\u00e9re 2022 - MOKOS\",\"isPartOf\":{\"@id\":\"https:\\\/\\\/mokos.hu\\\/#website\"},\"primaryImageOfPage\":{\"@id\":\"https:\\\/\\\/mokos.hu\\\/pincerol-pincere-variaciok-vincere-2022\\\/#primaryimage\"},\"image\":{\"@id\":\"https:\\\/\\\/mokos.hu\\\/pincerol-pincere-variaciok-vincere-2022\\\/#primaryimage\"},\"thumbnailUrl\":\"https:\\\/\\\/mokos.hu\\\/wp-content\\\/uploads\\\/2021\\\/12\\\/264784172_2123462301150344_6435266134587135849_n.jpg\",\"datePublished\":\"2021-12-20T13:06:34+00:00\",\"dateModified\":\"2025-01-21T12:25:13+00:00\",\"description\":\"Az elm\u00falt \u00e9vek hagyom\u00e1nyait k\u00f6vetve ez alkalommal is sz\u00ednes Vince napi programokkal v\u00e1rjuk kedves vend\u00e9geinket! Reggel HORD\u00d3S-, napk\u00f6zben 3 D\u0170L\u0150J\u00c1R\u00d3-, este pedig VACSOR\u00c1Z\u00d3 VINCE programok!\",\"breadcrumb\":{\"@id\":\"https:\\\/\\\/mokos.hu\\\/pincerol-pincere-variaciok-vincere-2022\\\/#breadcrumb\"},\"inLanguage\":\"de\",\"potentialAction\":[{\"@type\":\"ReadAction\",\"target\":[\"https:\\\/\\\/mokos.hu\\\/pincerol-pincere-variaciok-vincere-2022\\\/\"]}]},{\"@type\":\"ImageObject\",\"inLanguage\":\"de\",\"@id\":\"https:\\\/\\\/mokos.hu\\\/pincerol-pincere-variaciok-vincere-2022\\\/#primaryimage\",\"url\":\"https:\\\/\\\/mokos.hu\\\/wp-content\\\/uploads\\\/2021\\\/12\\\/264784172_2123462301150344_6435266134587135849_n.jpg\",\"contentUrl\":\"https:\\\/\\\/mokos.hu\\\/wp-content\\\/uploads\\\/2021\\\/12\\\/264784172_2123462301150344_6435266134587135849_n.jpg\",\"width\":1640,\"height\":924},{\"@type\":\"BreadcrumbList\",\"@id\":\"https:\\\/\\\/mokos.hu\\\/pincerol-pincere-variaciok-vincere-2022\\\/#breadcrumb\",\"itemListElement\":[{\"@type\":\"ListItem\",\"position\":1,\"name\":\"Home\",\"item\":\"https:\\\/\\\/mokos.hu\\\/\"},{\"@type\":\"ListItem\",\"position\":2,\"name\":\"Pinc\u00e9r\u0151l Pinc\u00e9re Vari\u00e1ci\u00f3k Vinc\u00e9re 2022\"}]},{\"@type\":\"WebSite\",\"@id\":\"https:\\\/\\\/mokos.hu\\\/#website\",\"url\":\"https:\\\/\\\/mokos.hu\\\/\",\"name\":\"MOKOS\",\"description\":\"Csal\u00e1di Pinc\u00e9szet, Palkonya\",\"publisher\":{\"@id\":\"https:\\\/\\\/mokos.hu\\\/#organization\"},\"potentialAction\":[{\"@type\":\"SearchAction\",\"target\":{\"@type\":\"EntryPoint\",\"urlTemplate\":\"https:\\\/\\\/mokos.hu\\\/?s={search_term_string}\"},\"query-input\":{\"@type\":\"PropertyValueSpecification\",\"valueRequired\":true,\"valueName\":\"search_term_string\"}}],\"inLanguage\":\"de\"},{\"@type\":\"Organization\",\"@id\":\"https:\\\/\\\/mokos.hu\\\/#organization\",\"name\":\"MOKOS\",\"url\":\"https:\\\/\\\/mokos.hu\\\/\",\"logo\":{\"@type\":\"ImageObject\",\"inLanguage\":\"de\",\"@id\":\"https:\\\/\\\/mokos.hu\\\/#\\\/schema\\\/logo\\\/image\\\/\",\"url\":\"https:\\\/\\\/mokos.hu\\\/wp-content\\\/uploads\\\/2018\\\/11\\\/cropped-Mokos_Villanyi-Borvidek-Palkonya-1.png\",\"contentUrl\":\"https:\\\/\\\/mokos.hu\\\/wp-content\\\/uploads\\\/2018\\\/11\\\/cropped-Mokos_Villanyi-Borvidek-Palkonya-1.png\",\"width\":1000,\"height\":245,\"caption\":\"MOKOS\"},\"image\":{\"@id\":\"https:\\\/\\\/mokos.hu\\\/#\\\/schema\\\/logo\\\/image\\\/\"}}]}<\/script>\n<!-- \/ Yoast SEO plugin. -->","yoast_head_json":{"title":"Von Weinkeller zu Weinkeller Variationen \u00fcber Vinc\u00e9 2022 - MOKOS","description":"In Anlehnung an die Traditionen der vergangenen Jahre erwarten wir unsere G\u00e4ste mit einem bunten Vince Day Programm! Morgens HORDOS-, tags\u00fcber 3 VINCE-Programme, und abends VINCE-Programme!","robots":{"index":"index","follow":"follow","max-snippet":"max-snippet:-1","max-image-preview":"max-image-preview:large","max-video-preview":"max-video-preview:-1"},"canonical":"https:\/\/mokos.hu\/de\/pincerol-pincere-variaciok-vincere-2022\/","og_locale":"de_DE","og_type":"article","og_title":"Pinc\u00e9r\u0151l Pinc\u00e9re Vari\u00e1ci\u00f3k Vinc\u00e9re 2022 - MOKOS","og_description":"Az elm\u00falt \u00e9vek hagyom\u00e1nyait k\u00f6vetve ez alkalommal is sz\u00ednes Vince napi programokkal v\u00e1rjuk kedves vend\u00e9geinket! Reggel HORD\u00d3S-, napk\u00f6zben 3 D\u0170L\u0150J\u00c1R\u00d3-, este pedig VACSOR\u00c1Z\u00d3 VINCE programok!","og_url":"https:\/\/mokos.hu\/de\/pincerol-pincere-variaciok-vincere-2022\/","og_site_name":"MOKOS","article_modified_time":"2025-01-21T12:25:13+00:00","og_image":[{"width":1640,"height":924,"url":"https:\/\/mokos.hu\/wp-content\/uploads\/2021\/12\/264784172_2123462301150344_6435266134587135849_n.jpg","type":"image\/jpeg"}],"twitter_card":"summary_large_image","twitter_misc":{"Gesch\u00e4tzte Lesezeit":"3\u00a0Minuten"},"schema":{"@context":"https:\/\/schema.org","@graph":[{"@type":"WebPage","@id":"https:\/\/mokos.hu\/pincerol-pincere-variaciok-vincere-2022\/","url":"https:\/\/mokos.hu\/pincerol-pincere-variaciok-vincere-2022\/","name":"Von Weinkeller zu Weinkeller Variationen \u00fcber Vinc\u00e9 2022 - MOKOS","isPartOf":{"@id":"https:\/\/mokos.hu\/#website"},"primaryImageOfPage":{"@id":"https:\/\/mokos.hu\/pincerol-pincere-variaciok-vincere-2022\/#primaryimage"},"image":{"@id":"https:\/\/mokos.hu\/pincerol-pincere-variaciok-vincere-2022\/#primaryimage"},"thumbnailUrl":"https:\/\/mokos.hu\/wp-content\/uploads\/2021\/12\/264784172_2123462301150344_6435266134587135849_n.jpg","datePublished":"2021-12-20T13:06:34+00:00","dateModified":"2025-01-21T12:25:13+00:00","description":"In Anlehnung an die Traditionen der vergangenen Jahre erwarten wir unsere G\u00e4ste mit einem bunten Vince Day Programm! Morgens HORDOS-, tags\u00fcber 3 VINCE-Programme, und abends VINCE-Programme!","breadcrumb":{"@id":"https:\/\/mokos.hu\/pincerol-pincere-variaciok-vincere-2022\/#breadcrumb"},"inLanguage":"de","potentialAction":[{"@type":"ReadAction","target":["https:\/\/mokos.hu\/pincerol-pincere-variaciok-vincere-2022\/"]}]},{"@type":"ImageObject","inLanguage":"de","@id":"https:\/\/mokos.hu\/pincerol-pincere-variaciok-vincere-2022\/#primaryimage","url":"https:\/\/mokos.hu\/wp-content\/uploads\/2021\/12\/264784172_2123462301150344_6435266134587135849_n.jpg","contentUrl":"https:\/\/mokos.hu\/wp-content\/uploads\/2021\/12\/264784172_2123462301150344_6435266134587135849_n.jpg","width":1640,"height":924},{"@type":"BreadcrumbList","@id":"https:\/\/mokos.hu\/pincerol-pincere-variaciok-vincere-2022\/#breadcrumb","itemListElement":[{"@type":"ListItem","position":1,"name":"Home","item":"https:\/\/mokos.hu\/"},{"@type":"ListItem","position":2,"name":"Pinc\u00e9r\u0151l Pinc\u00e9re Vari\u00e1ci\u00f3k Vinc\u00e9re 2022"}]},{"@type":"WebSite","@id":"https:\/\/mokos.hu\/#website","url":"https:\/\/mokos.hu\/","name":"MOKOS","description":"Familienweingut, Palkonya","publisher":{"@id":"https:\/\/mokos.hu\/#organization"},"potentialAction":[{"@type":"SearchAction","target":{"@type":"EntryPoint","urlTemplate":"https:\/\/mokos.hu\/?s={search_term_string}"},"query-input":{"@type":"PropertyValueSpecification","valueRequired":true,"valueName":"search_term_string"}}],"inLanguage":"de"},{"@type":"Organization","@id":"https:\/\/mokos.hu\/#organization","name":"MOKOS","url":"https:\/\/mokos.hu\/","logo":{"@type":"ImageObject","inLanguage":"de","@id":"https:\/\/mokos.hu\/#\/schema\/logo\/image\/","url":"https:\/\/mokos.hu\/wp-content\/uploads\/2018\/11\/cropped-Mokos_Villanyi-Borvidek-Palkonya-1.png","contentUrl":"https:\/\/mokos.hu\/wp-content\/uploads\/2018\/11\/cropped-Mokos_Villanyi-Borvidek-Palkonya-1.png","width":1000,"height":245,"caption":"MOKOS"},"image":{"@id":"https:\/\/mokos.hu\/#\/schema\/logo\/image\/"}}]}},"_links":{"self":[{"href":"https:\/\/mokos.hu\/de\/wp-json\/wp\/v2\/pages\/13642","targetHints":{"allow":["GET"]}}],"collection":[{"href":"https:\/\/mokos.hu\/de\/wp-json\/wp\/v2\/pages"}],"about":[{"href":"https:\/\/mokos.hu\/de\/wp-json\/wp\/v2\/types\/page"}],"author":[{"embeddable":true,"href":"https:\/\/mokos.hu\/de\/wp-json\/wp\/v2\/users\/412"}],"replies":[{"embeddable":true,"href":"https:\/\/mokos.hu\/de\/wp-json\/wp\/v2\/comments?post=13642"}],"version-history":[{"count":0,"href":"https:\/\/mokos.hu\/de\/wp-json\/wp\/v2\/pages\/13642\/revisions"}],"wp:featuredmedia":[{"embeddable":true,"href":"https:\/\/mokos.hu\/de\/wp-json\/wp\/v2\/media\/13643"}],"wp:attachment":[{"href":"https:\/\/mokos.hu\/de\/wp-json\/wp\/v2\/media?parent=13642"}],"curies":[{"name":"wp","href":"https:\/\/api.w.org\/{rel}","templated":true}]}}