{"id":11326,"date":"2020-12-22T13:52:54","date_gmt":"2020-12-22T11:52:54","guid":{"rendered":"https:\/\/mokos.hu\/?page_id=11326\/"},"modified":"2025-01-21T14:25:11","modified_gmt":"2025-01-21T12:25:11","slug":"hirlevel-feliratkozas","status":"publish","type":"page","link":"https:\/\/mokos.hu\/de\/hirlevel-feliratkozas\/","title":{"rendered":"H\u00edrlev\u00e9l Feliratkoz\u00e1s"},"content":{"rendered":"<div class=\"wpb-content-wrapper\"><div class=\"vc_row wpb_row vc_row-fluid\"><div class=\"wpb_column vc_column_container vc_col-sm-12\"><div class=\"vc_column-inner\"><div class=\"wpb_wrapper\">\n\t<div class=\"wpb_text_column wpb_content_element\" >\n\t\t<div class=\"wpb_wrapper\">\n\t\t\t<h3>H\u00edrlev\u00e9l<\/h3>\n<p><strong>Iratkozz fel H\u00edrlevel\u00fcnkre \u00e9s \u00e9rtes\u00fclj els\u0151 k\u00e9zb\u0151l a Mokos Pinc\u00e9szet h\u00edreir\u0151l, esem\u00e9nyeir\u0151l, \u00fajdons\u00e1gair\u00f3l \u00e9s leg\u00fajabb akci\u00f3ir\u00f3l!\u00a0<\/strong><\/p>\n<p>K\u00f6sz\u00f6nj\u00fck, hogy vel\u00fcnk kalandozol az \u00edzek vil\u00e1g\u00e1ban!<\/p>\n\n\t\t<\/div>\n\t<\/div>\n<noscript class=\"ninja-forms-noscript-message\">\n\tHinweis: F\u00fcr diesen Inhalt ist JavaScript erforderlich.<\/noscript>\nKeine Felder gefunden.<div id=\"nf-form-5-cont\" class=\"nf-form-cont\" aria-live=\"polite\" aria-labelledby=\"nf-form-title-5\" aria-describedby=\"nf-form-errors-5\" role=\"form\">\n\n    <div class=\"nf-loading-spinner\"><\/div>\n\n<\/div>\n        <!-- That data is being printed as a workaround to page builders reordering the order of the scripts loaded-->\n        <script>var formDisplay=1;var nfForms=nfForms||[];var form=[];form.id='5';form.settings={\"ninjaForms\":\"Ninja Forms\",\"changeEmailErrorMsg\":\"Bitte gib eine g\\u00fcltige E-Mail-Adresse ein.\",\"changeDateErrorMsg\":\"Bitte gib ein g\\u00fcltiges Datum ein!\",\"confirmFieldErrorMsg\":\"Diese Felder m\\u00fcssen \\u00fcbereinstimmen!\",\"fieldNumberNumMinError\":\"Die eingegebene Zahl ist zu klein.\",\"fieldNumberNumMaxError\":\"Die eingegebene Zahl ist zu gross.\",\"fieldNumberIncrementBy\":\"Bitte erh\\u00f6hen in Schritten von\",\"fieldTextareaRTEInsertLink\":\"Link einf\\u00fcgen\",\"fieldTextareaRTEInsertMedia\":\"Medien einf\\u00fcgen\",\"fieldTextareaRTESelectAFile\":\"Eine Datei ausw\\u00e4hlen\",\"formErrorsCorrectErrors\":\"Bitte korrigiere die Fehler, bevor du das Formular sendest.\",\"formHoneypot\":\"Falls du ein Mensch bist und dieses Feld siehst, dann lasse es bitte leer.\",\"validateRequiredField\":\"Dies ist ein Pflichtfeld.\",\"honeypotHoneypotError\":\"Honeypot-Fehler\",\"fileUploadOldCodeFileUploadInProgress\":\"Datei-Upload l\\u00e4uft.\",\"fileUploadOldCodeFileUpload\":\"DATEI-UPLOAD\",\"currencySymbol\":\"Ft\",\"fieldsMarkedRequired\":\"Felder mit einem <span class=\\\"ninja-forms-req-symbol\\\">*<\\\/span> sind Pflichtfelder\",\"thousands_sep\":\".\",\"decimal_point\":\",\",\"siteLocale\":\"de_DE\",\"dateFormat\":\"Y. m. d.\",\"startOfWeek\":\"1\",\"of\":\"von\",\"previousMonth\":\"Vorheriger Monat\",\"nextMonth\":\"N\\u00e4chster Monat\",\"months\":[\"Januar\",\"Februar\",\"M\\u00e4rz\",\"April\",\"Mai\",\"Juni\",\"Juli\",\"August\",\"September\",\"Oktober\",\"November\",\"Dezember\"],\"monthsShort\":[\"Jan.\",\"Feb.\",\"M\\u00e4rz\",\"Apr.\",\"Mai\",\"Juni\",\"Juli\",\"Aug\",\"Sep.\",\"Okt.\",\"Nov.\",\"Dez.\"],\"weekdays\":[\"Sonntag\",\"Montag\",\"Dienstag\",\"Mittwoch\",\"Donnerstag\",\"Freitag\",\"Samstag\"],\"weekdaysShort\":[\"So.\",\"Mo.\",\"Di.\",\"Mi.\",\"Do.\",\"Fr.\",\"Sa.\"],\"weekdaysMin\":[\"So.\",\"Mo.\",\"Di.\",\"Mi.\",\"Do.\",\"Fr.\",\"Sa.\"],\"recaptchaConsentMissing\":\"reCaptcha validation couldn&#039;t load.\",\"recaptchaMissingCookie\":\"reCaptcha v3 validation couldn&#039;t load the cookie needed to submit the form.\",\"recaptchaConsentEvent\":\"Accept reCaptcha cookies before sending the form.\",\"embed_form\":\"\",\"currency_symbol\":\"\",\"title\":\"\",\"beforeForm\":\"\",\"beforeFields\":\"\",\"afterFields\":\"\",\"afterForm\":\"\"};form.fields=[];nfForms.push(form);<\/script>\n        <div class=\"vc_empty_space\"   style=\"height: 32px\"><span class=\"vc_empty_space_inner\"><\/span><\/div>\n\t<div  class=\"wpb_single_image wpb_content_element vc_align_center wpb_content_element\">\n\t\t\n\t\t<figure class=\"wpb_wrapper vc_figure\">\n\t\t\t<div class=\"vc_single_image-wrapper   vc_box_border_grey\"><img fetchpriority=\"high\" decoding=\"async\" width=\"1024\" height=\"330\" src=\"https:\/\/mokos.hu\/wp-content\/uploads\/2020\/12\/Mokos_Pinceszet_cspat_borozos_2_2000x645-1024x330.jpg\" class=\"vc_single_image-img attachment-large\" alt=\"Mokos_Pinceszet_cspat_borozos_2_2000x645\" title=\"Mokos_Pinceszet_cspat_borozos_2_2000x645\" srcset=\"https:\/\/mokos.hu\/wp-content\/uploads\/2020\/12\/Mokos_Pinceszet_cspat_borozos_2_2000x645-1024x330.jpg 1024w, https:\/\/mokos.hu\/wp-content\/uploads\/2020\/12\/Mokos_Pinceszet_cspat_borozos_2_2000x645-300x97.jpg 300w, https:\/\/mokos.hu\/wp-content\/uploads\/2020\/12\/Mokos_Pinceszet_cspat_borozos_2_2000x645-600x194.jpg 600w, https:\/\/mokos.hu\/wp-content\/uploads\/2020\/12\/Mokos_Pinceszet_cspat_borozos_2_2000x645-1536x495.jpg 1536w, https:\/\/mokos.hu\/wp-content\/uploads\/2020\/12\/Mokos_Pinceszet_cspat_borozos_2_2000x645.jpg 2000w\" sizes=\"(max-width: 1024px) 100vw, 1024px\" \/><\/div>\n\t\t<\/figure>\n\t<\/div>\n<div class=\"vc_empty_space\"   style=\"height: 32px\"><span class=\"vc_empty_space_inner\"><\/span><\/div>\n\t<div class=\"wpb_text_column wpb_content_element\" >\n\t\t<div class=\"wpb_wrapper\">\n\t\t\t<h4>K\u00f6vesd Pinc\u00e9szet\u00fcnk mindennapjait a k\u00f6z\u00f6ss\u00e9gi oldalakon is:<\/h4>\n\n\t\t<\/div>\n\t<\/div>\n<div class=\"vc_row wpb_row vc_inner vc_row-fluid\"><div class=\"wpb_column vc_column_container vc_col-sm-2\"><div class=\"vc_column-inner\"><div class=\"wpb_wrapper\"><\/div><\/div><\/div><div class=\"wpb_column vc_column_container vc_col-sm-2\"><div class=\"vc_column-inner\"><div class=\"wpb_wrapper\">\n\t<div  class=\"wpb_single_image wpb_content_element vc_align_center wpb_content_element\">\n\t\t\n\t\t<figure class=\"wpb_wrapper vc_figure\">\n\t\t\t<a href=\"https:\/\/www.facebook.com\/mokospince\" target=\"_blank\" class=\"vc_single_image-wrapper   vc_box_border_grey\"><img loading=\"lazy\" decoding=\"async\" class=\"vc_single_image-img \" src=\"https:\/\/mokos.hu\/wp-content\/uploads\/2019\/01\/mokos_facebook-e1600696135352-50x50.png\" width=\"50\" height=\"50\" alt=\"mokos_facebook\" title=\"\" loading=\"lazy\" \/><\/a>\n\t\t<\/figure>\n\t<\/div>\n<\/div><\/div><\/div><div class=\"wpb_column vc_column_container vc_col-sm-2\"><div class=\"vc_column-inner\"><div class=\"wpb_wrapper\">\n\t<div  class=\"wpb_single_image wpb_content_element vc_align_center wpb_content_element\">\n\t\t\n\t\t<figure class=\"wpb_wrapper vc_figure\">\n\t\t\t<a href=\"https:\/\/www.instagram.com\/mokospinceszet\" target=\"_blank\" class=\"vc_single_image-wrapper   vc_box_border_grey\"><img loading=\"lazy\" decoding=\"async\" class=\"vc_single_image-img \" src=\"https:\/\/mokos.hu\/wp-content\/uploads\/2019\/01\/mokos_instagram-e1600696068735-50x50.png\" width=\"50\" height=\"50\" alt=\"mokos_instagram\" title=\"\" loading=\"lazy\" \/><\/a>\n\t\t<\/figure>\n\t<\/div>\n<\/div><\/div><\/div><div class=\"wpb_column vc_column_container vc_col-sm-2\"><div class=\"vc_column-inner\"><div class=\"wpb_wrapper\">\n\t<div  class=\"wpb_single_image wpb_content_element vc_align_center wpb_content_element\">\n\t\t\n\t\t<figure class=\"wpb_wrapper vc_figure\">\n\t\t\t<a href=\"https:\/\/hu.pinterest.com\/mokospinceszet\/\" target=\"_blank\" class=\"vc_single_image-wrapper   vc_box_border_grey\"><img loading=\"lazy\" decoding=\"async\" class=\"vc_single_image-img \" src=\"https:\/\/mokos.hu\/wp-content\/uploads\/2019\/01\/mokos_pinterest-e1600695890939-50x50.png\" width=\"50\" height=\"50\" alt=\"mokos_pinterest\" title=\"\" loading=\"lazy\" \/><\/a>\n\t\t<\/figure>\n\t<\/div>\n<\/div><\/div><\/div><div class=\"wpb_column vc_column_container vc_col-sm-2\"><div class=\"vc_column-inner\"><div class=\"wpb_wrapper\">\n\t<div  class=\"wpb_single_image wpb_content_element vc_align_center wpb_content_element\">\n\t\t\n\t\t<figure class=\"wpb_wrapper vc_figure\">\n\t\t\t<a href=\"https:\/\/www.youtube.com\/channel\/UC09HlsfPpQgSmHoM68pXEgg\" target=\"_blank\" class=\"vc_single_image-wrapper   vc_box_border_grey\"><img loading=\"lazy\" decoding=\"async\" class=\"vc_single_image-img \" src=\"https:\/\/mokos.hu\/wp-content\/uploads\/2019\/01\/mokos_youtube-e1600695793262-50x50.png\" width=\"50\" height=\"50\" alt=\"mokos_youtube\" title=\"\" loading=\"lazy\" \/><\/a>\n\t\t<\/figure>\n\t<\/div>\n<\/div><\/div><\/div><div class=\"wpb_column vc_column_container vc_col-sm-2\"><div class=\"vc_column-inner\"><div class=\"wpb_wrapper\"><\/div><\/div><\/div><\/div><\/div><\/div><\/div><\/div><div class=\"vc_row wpb_row vc_row-fluid\"><div class=\"wpb_column vc_column_container vc_col-sm-12\"><div class=\"vc_column-inner\"><div class=\"wpb_wrapper\"><\/div><\/div><\/div><\/div>\n<\/div>","protected":false},"excerpt":{"rendered":"H\u00edrlev\u00e9l Iratkozz fel H\u00edrlevel\u00fcnkre \u00e9s \u00e9rtes\u00fclj els\u0151 k\u00e9zb\u0151l a Mokos Pinc\u00e9szet h\u00edreir\u0151l, esem\u00e9nyeir\u0151l, \u00fajdons\u00e1gair\u00f3l \u00e9s leg\u00fajabb akci\u00f3ir\u00f3l!\u00a0 K\u00f6sz\u00f6nj\u00fck, hogy vel\u00fcnk kalandozol az \u00edzek vil\u00e1g\u00e1ban! Hinweis: F\u00fcr diesen Inhalt ist JavaScript&hellip;","protected":false},"author":6,"featured_media":11332,"parent":0,"menu_order":0,"comment_status":"closed","ping_status":"closed","template":"","meta":{"_acf_changed":false,"footnotes":""},"class_list":["post-11326","page","type-page","status-publish","has-post-thumbnail","hentry"],"acf":[],"yoast_head":"<!-- This site is optimized with the Yoast SEO plugin v27.5 - https:\/\/yoast.com\/product\/yoast-seo-wordpress\/ -->\n<title>H\u00edrlev\u00e9l Feliratkoz\u00e1s - MOKOS<\/title>\n<meta name=\"description\" content=\"Iratkozz fel H\u00edrlevel\u00fcnkre \u00e9s \u00e9rtes\u00fclj els\u0151 k\u00e9zb\u0151l a Mokos Pinc\u00e9szet h\u00edreir\u0151l, esem\u00e9nyeir\u0151l, \u00fajdons\u00e1gair\u00f3l \u00e9s leg\u00fajabb akci\u00f3ir\u00f3l!\" \/>\n<meta name=\"robots\" content=\"index, follow, max-snippet:-1, max-image-preview:large, max-video-preview:-1\" \/>\n<link rel=\"canonical\" href=\"https:\/\/mokos.hu\/de\/hirlevel-feliratkozas\/\" \/>\n<meta property=\"og:locale\" content=\"de_DE\" \/>\n<meta property=\"og:type\" content=\"article\" \/>\n<meta property=\"og:title\" content=\"H\u00edrlev\u00e9l Feliratkoz\u00e1s - MOKOS\" \/>\n<meta property=\"og:description\" content=\"Iratkozz fel H\u00edrlevel\u00fcnkre \u00e9s \u00e9rtes\u00fclj els\u0151 k\u00e9zb\u0151l a Mokos Pinc\u00e9szet h\u00edreir\u0151l, esem\u00e9nyeir\u0151l, \u00fajdons\u00e1gair\u00f3l \u00e9s leg\u00fajabb akci\u00f3ir\u00f3l!\" \/>\n<meta property=\"og:url\" content=\"https:\/\/mokos.hu\/de\/hirlevel-feliratkozas\/\" \/>\n<meta property=\"og:site_name\" content=\"MOKOS\" \/>\n<meta property=\"article:modified_time\" content=\"2025-01-21T12:25:11+00:00\" \/>\n<meta property=\"og:image\" content=\"https:\/\/mokos.hu\/wp-content\/uploads\/2020\/12\/Mokos_Pinceszet_cspat_borozos_2_2000x645.jpg\" \/>\n\t<meta property=\"og:image:width\" content=\"2000\" \/>\n\t<meta property=\"og:image:height\" content=\"645\" \/>\n\t<meta property=\"og:image:type\" content=\"image\/jpeg\" \/>\n<meta name=\"twitter:card\" content=\"summary_large_image\" \/>\n<meta name=\"twitter:label1\" content=\"Gesch\u00e4tzte Lesezeit\" \/>\n\t<meta name=\"twitter:data1\" content=\"1\u00a0Minute\" \/>\n<script type=\"application\/ld+json\" class=\"yoast-schema-graph\">{\"@context\":\"https:\\\/\\\/schema.org\",\"@graph\":[{\"@type\":\"WebPage\",\"@id\":\"https:\\\/\\\/mokos.hu\\\/hirlevel-feliratkozas\\\/\",\"url\":\"https:\\\/\\\/mokos.hu\\\/hirlevel-feliratkozas\\\/\",\"name\":\"H\u00edrlev\u00e9l Feliratkoz\u00e1s - MOKOS\",\"isPartOf\":{\"@id\":\"https:\\\/\\\/mokos.hu\\\/#website\"},\"primaryImageOfPage\":{\"@id\":\"https:\\\/\\\/mokos.hu\\\/hirlevel-feliratkozas\\\/#primaryimage\"},\"image\":{\"@id\":\"https:\\\/\\\/mokos.hu\\\/hirlevel-feliratkozas\\\/#primaryimage\"},\"thumbnailUrl\":\"https:\\\/\\\/mokos.hu\\\/wp-content\\\/uploads\\\/2020\\\/12\\\/Mokos_Pinceszet_cspat_borozos_2_2000x645.jpg\",\"datePublished\":\"2020-12-22T11:52:54+00:00\",\"dateModified\":\"2025-01-21T12:25:11+00:00\",\"description\":\"Iratkozz fel H\u00edrlevel\u00fcnkre \u00e9s \u00e9rtes\u00fclj els\u0151 k\u00e9zb\u0151l a Mokos Pinc\u00e9szet h\u00edreir\u0151l, esem\u00e9nyeir\u0151l, \u00fajdons\u00e1gair\u00f3l \u00e9s leg\u00fajabb akci\u00f3ir\u00f3l!\",\"breadcrumb\":{\"@id\":\"https:\\\/\\\/mokos.hu\\\/hirlevel-feliratkozas\\\/#breadcrumb\"},\"inLanguage\":\"de\",\"potentialAction\":[{\"@type\":\"ReadAction\",\"target\":[\"https:\\\/\\\/mokos.hu\\\/hirlevel-feliratkozas\\\/\"]}]},{\"@type\":\"ImageObject\",\"inLanguage\":\"de\",\"@id\":\"https:\\\/\\\/mokos.hu\\\/hirlevel-feliratkozas\\\/#primaryimage\",\"url\":\"https:\\\/\\\/mokos.hu\\\/wp-content\\\/uploads\\\/2020\\\/12\\\/Mokos_Pinceszet_cspat_borozos_2_2000x645.jpg\",\"contentUrl\":\"https:\\\/\\\/mokos.hu\\\/wp-content\\\/uploads\\\/2020\\\/12\\\/Mokos_Pinceszet_cspat_borozos_2_2000x645.jpg\",\"width\":2000,\"height\":645,\"caption\":\"Mokos_Pinceszet_cspat_borozos_2_2000x645\"},{\"@type\":\"BreadcrumbList\",\"@id\":\"https:\\\/\\\/mokos.hu\\\/hirlevel-feliratkozas\\\/#breadcrumb\",\"itemListElement\":[{\"@type\":\"ListItem\",\"position\":1,\"name\":\"Home\",\"item\":\"https:\\\/\\\/mokos.hu\\\/\"},{\"@type\":\"ListItem\",\"position\":2,\"name\":\"H\u00edrlev\u00e9l Feliratkoz\u00e1s\"}]},{\"@type\":\"WebSite\",\"@id\":\"https:\\\/\\\/mokos.hu\\\/#website\",\"url\":\"https:\\\/\\\/mokos.hu\\\/\",\"name\":\"MOKOS\",\"description\":\"Csal\u00e1di Pinc\u00e9szet, Palkonya\",\"publisher\":{\"@id\":\"https:\\\/\\\/mokos.hu\\\/#organization\"},\"potentialAction\":[{\"@type\":\"SearchAction\",\"target\":{\"@type\":\"EntryPoint\",\"urlTemplate\":\"https:\\\/\\\/mokos.hu\\\/?s={search_term_string}\"},\"query-input\":{\"@type\":\"PropertyValueSpecification\",\"valueRequired\":true,\"valueName\":\"search_term_string\"}}],\"inLanguage\":\"de\"},{\"@type\":\"Organization\",\"@id\":\"https:\\\/\\\/mokos.hu\\\/#organization\",\"name\":\"MOKOS\",\"url\":\"https:\\\/\\\/mokos.hu\\\/\",\"logo\":{\"@type\":\"ImageObject\",\"inLanguage\":\"de\",\"@id\":\"https:\\\/\\\/mokos.hu\\\/#\\\/schema\\\/logo\\\/image\\\/\",\"url\":\"https:\\\/\\\/mokos.hu\\\/wp-content\\\/uploads\\\/2018\\\/11\\\/cropped-Mokos_Villanyi-Borvidek-Palkonya-1.png\",\"contentUrl\":\"https:\\\/\\\/mokos.hu\\\/wp-content\\\/uploads\\\/2018\\\/11\\\/cropped-Mokos_Villanyi-Borvidek-Palkonya-1.png\",\"width\":1000,\"height\":245,\"caption\":\"MOKOS\"},\"image\":{\"@id\":\"https:\\\/\\\/mokos.hu\\\/#\\\/schema\\\/logo\\\/image\\\/\"}}]}<\/script>\n<!-- \/ Yoast SEO plugin. -->","yoast_head_json":{"title":"H\u00edrlev\u00e9l Feliratkoz\u00e1s - MOKOS","description":"Iratkozz fel H\u00edrlevel\u00fcnkre \u00e9s \u00e9rtes\u00fclj els\u0151 k\u00e9zb\u0151l a Mokos Pinc\u00e9szet h\u00edreir\u0151l, esem\u00e9nyeir\u0151l, \u00fajdons\u00e1gair\u00f3l \u00e9s leg\u00fajabb akci\u00f3ir\u00f3l!","robots":{"index":"index","follow":"follow","max-snippet":"max-snippet:-1","max-image-preview":"max-image-preview:large","max-video-preview":"max-video-preview:-1"},"canonical":"https:\/\/mokos.hu\/de\/hirlevel-feliratkozas\/","og_locale":"de_DE","og_type":"article","og_title":"H\u00edrlev\u00e9l Feliratkoz\u00e1s - MOKOS","og_description":"Iratkozz fel H\u00edrlevel\u00fcnkre \u00e9s \u00e9rtes\u00fclj els\u0151 k\u00e9zb\u0151l a Mokos Pinc\u00e9szet h\u00edreir\u0151l, esem\u00e9nyeir\u0151l, \u00fajdons\u00e1gair\u00f3l \u00e9s leg\u00fajabb akci\u00f3ir\u00f3l!","og_url":"https:\/\/mokos.hu\/de\/hirlevel-feliratkozas\/","og_site_name":"MOKOS","article_modified_time":"2025-01-21T12:25:11+00:00","og_image":[{"width":2000,"height":645,"url":"https:\/\/mokos.hu\/wp-content\/uploads\/2020\/12\/Mokos_Pinceszet_cspat_borozos_2_2000x645.jpg","type":"image\/jpeg"}],"twitter_card":"summary_large_image","twitter_misc":{"Gesch\u00e4tzte Lesezeit":"1\u00a0Minute"},"schema":{"@context":"https:\/\/schema.org","@graph":[{"@type":"WebPage","@id":"https:\/\/mokos.hu\/hirlevel-feliratkozas\/","url":"https:\/\/mokos.hu\/hirlevel-feliratkozas\/","name":"H\u00edrlev\u00e9l Feliratkoz\u00e1s - MOKOS","isPartOf":{"@id":"https:\/\/mokos.hu\/#website"},"primaryImageOfPage":{"@id":"https:\/\/mokos.hu\/hirlevel-feliratkozas\/#primaryimage"},"image":{"@id":"https:\/\/mokos.hu\/hirlevel-feliratkozas\/#primaryimage"},"thumbnailUrl":"https:\/\/mokos.hu\/wp-content\/uploads\/2020\/12\/Mokos_Pinceszet_cspat_borozos_2_2000x645.jpg","datePublished":"2020-12-22T11:52:54+00:00","dateModified":"2025-01-21T12:25:11+00:00","description":"Iratkozz fel H\u00edrlevel\u00fcnkre \u00e9s \u00e9rtes\u00fclj els\u0151 k\u00e9zb\u0151l a Mokos Pinc\u00e9szet h\u00edreir\u0151l, esem\u00e9nyeir\u0151l, \u00fajdons\u00e1gair\u00f3l \u00e9s leg\u00fajabb akci\u00f3ir\u00f3l!","breadcrumb":{"@id":"https:\/\/mokos.hu\/hirlevel-feliratkozas\/#breadcrumb"},"inLanguage":"de","potentialAction":[{"@type":"ReadAction","target":["https:\/\/mokos.hu\/hirlevel-feliratkozas\/"]}]},{"@type":"ImageObject","inLanguage":"de","@id":"https:\/\/mokos.hu\/hirlevel-feliratkozas\/#primaryimage","url":"https:\/\/mokos.hu\/wp-content\/uploads\/2020\/12\/Mokos_Pinceszet_cspat_borozos_2_2000x645.jpg","contentUrl":"https:\/\/mokos.hu\/wp-content\/uploads\/2020\/12\/Mokos_Pinceszet_cspat_borozos_2_2000x645.jpg","width":2000,"height":645,"caption":"Mokos_Pinceszet_cspat_borozos_2_2000x645"},{"@type":"BreadcrumbList","@id":"https:\/\/mokos.hu\/hirlevel-feliratkozas\/#breadcrumb","itemListElement":[{"@type":"ListItem","position":1,"name":"Home","item":"https:\/\/mokos.hu\/"},{"@type":"ListItem","position":2,"name":"H\u00edrlev\u00e9l Feliratkoz\u00e1s"}]},{"@type":"WebSite","@id":"https:\/\/mokos.hu\/#website","url":"https:\/\/mokos.hu\/","name":"MOKOS","description":"Familienweingut, Palkonya","publisher":{"@id":"https:\/\/mokos.hu\/#organization"},"potentialAction":[{"@type":"SearchAction","target":{"@type":"EntryPoint","urlTemplate":"https:\/\/mokos.hu\/?s={search_term_string}"},"query-input":{"@type":"PropertyValueSpecification","valueRequired":true,"valueName":"search_term_string"}}],"inLanguage":"de"},{"@type":"Organization","@id":"https:\/\/mokos.hu\/#organization","name":"MOKOS","url":"https:\/\/mokos.hu\/","logo":{"@type":"ImageObject","inLanguage":"de","@id":"https:\/\/mokos.hu\/#\/schema\/logo\/image\/","url":"https:\/\/mokos.hu\/wp-content\/uploads\/2018\/11\/cropped-Mokos_Villanyi-Borvidek-Palkonya-1.png","contentUrl":"https:\/\/mokos.hu\/wp-content\/uploads\/2018\/11\/cropped-Mokos_Villanyi-Borvidek-Palkonya-1.png","width":1000,"height":245,"caption":"MOKOS"},"image":{"@id":"https:\/\/mokos.hu\/#\/schema\/logo\/image\/"}}]}},"_links":{"self":[{"href":"https:\/\/mokos.hu\/de\/wp-json\/wp\/v2\/pages\/11326","targetHints":{"allow":["GET"]}}],"collection":[{"href":"https:\/\/mokos.hu\/de\/wp-json\/wp\/v2\/pages"}],"about":[{"href":"https:\/\/mokos.hu\/de\/wp-json\/wp\/v2\/types\/page"}],"author":[{"embeddable":true,"href":"https:\/\/mokos.hu\/de\/wp-json\/wp\/v2\/users\/6"}],"replies":[{"embeddable":true,"href":"https:\/\/mokos.hu\/de\/wp-json\/wp\/v2\/comments?post=11326"}],"version-history":[{"count":0,"href":"https:\/\/mokos.hu\/de\/wp-json\/wp\/v2\/pages\/11326\/revisions"}],"wp:featuredmedia":[{"embeddable":true,"href":"https:\/\/mokos.hu\/de\/wp-json\/wp\/v2\/media\/11332"}],"wp:attachment":[{"href":"https:\/\/mokos.hu\/de\/wp-json\/wp\/v2\/media?parent=11326"}],"curies":[{"name":"wp","href":"https:\/\/api.w.org\/{rel}","templated":true}]}}